{"id":8365,"date":"2023-02-09T11:35:29","date_gmt":"2023-02-09T14:35:29","guid":{"rendered":"https:\/\/oimpresso.com\/ajuda\/?page_id=8365"},"modified":"2023-02-22T13:53:42","modified_gmt":"2023-02-22T16:53:42","slug":"conciliacao-bancaria","status":"publish","type":"page","link":"https:\/\/oimpresso.com\/ajuda\/conciliacao-bancaria\/","title":{"rendered":"Concilia\u00e7\u00e3o Banc\u00e1ria"},"content":{"rendered":"<p>[vc_row full_width=&#8221;stretch_row_content&#8221; css=&#8221;.vc_custom_1677077575660{margin-top: -70px !important;padding-bottom: 50px !important;background-position: center !important;background-repeat: no-repeat !important;background-size: cover !important;}&#8221;][vc_column css=&#8221;.vc_custom_1677077683085{background-image: url(https:\/\/oimpresso.com\/ajuda\/wp-content\/uploads\/2023\/02\/banner-site-conciliacao-bancaria.png?id=8766) !important;background-position: center !important;background-repeat: no-repeat !important;background-size: cover !important;}&#8221; offset=&#8221;vc_hidden-md vc_hidden-sm vc_hidden-xs&#8221;][vc_column_text css=&#8221;.vc_custom_1676495867609{padding-left: 50px !important;}&#8221;]<\/p>\n<h1 id=\"conciliacao-bancaria\" >Concilia\u00e7\u00e3o Banc\u00e1ria<\/h1>\n<p>[\/vc_column_text][vc_column_text css=&#8221;.vc_custom_1677077713840{padding-right: 630px !important;padding-left: 50px !important;}&#8221;]<\/p>\n<h3 id=\"compare-a-conta-bancaria-da-empresa-com-os-lancamentos-feitos-no-sistema-e-garanta-todas-as-entradas-e-saidas-de-dinheiro\" >Compare a conta banc\u00e1ria da empresa com os lan\u00e7amentos feitos no sistema e garanta todas as entradas e sa\u00eddas de dinheiro.<\/h3>\n<p>[\/vc_column_text][vc_column_text css=&#8221;.vc_custom_1676549526166{padding-left: 50px !important;}&#8221;]O <strong>Office Impresso<\/strong> permite voc\u00ea fazer essa compara\u00e7\u00e3o de forma f\u00e1cil.[\/vc_column_text][\/vc_column][\/vc_row][vc_row full_width=&#8221;stretch_row_content&#8221; css=&#8221;.vc_custom_1677077773165{margin-top: -20px !important;padding-bottom: 50px !important;background-position: center !important;background-repeat: no-repeat !important;background-size: cover !important;}&#8221;][vc_column css=&#8221;.vc_custom_1677077792218{background-image: url(https:\/\/oimpresso.com\/ajuda\/wp-content\/uploads\/2023\/02\/banner-site-conciliacao-bancaria.png?id=8766) !important;background-position: center !important;background-repeat: no-repeat !important;background-size: cover !important;}&#8221; offset=&#8221;vc_hidden-lg vc_hidden-sm vc_hidden-xs&#8221;][vc_column_text css=&#8221;.vc_custom_1676495867609{padding-left: 50px !important;}&#8221;]<\/p>\n<h1 id=\"conciliacao-bancaria\" >Concilia\u00e7\u00e3o Banc\u00e1ria<\/h1>\n<p>[\/vc_column_text][vc_column_text css=&#8221;.vc_custom_1677077843567{padding-right: 550px !important;padding-left: 50px !important;}&#8221;]<\/p>\n<h3 id=\"compare-a-conta-bancaria-da-empresa-com-os-lancamentos-feitos-no-sistema-e-garanta-todas-as-entradas-e-saidas-de-dinheiro\" >Compare a conta banc\u00e1ria da empresa com os lan\u00e7amentos feitos no sistema e garanta todas as entradas e sa\u00eddas de dinheiro.<\/h3>\n<p>[\/vc_column_text][vc_column_text css=&#8221;.vc_custom_1677077817253{padding-right: 500px !important;padding-left: 50px !important;}&#8221;]O <strong>Office Impresso<\/strong> permite voc\u00ea fazer essa compara\u00e7\u00e3o de forma f\u00e1cil.[\/vc_column_text][\/vc_column][\/vc_row][vc_row full_width=&#8221;stretch_row_content&#8221; css=&#8221;.vc_custom_1677077940576{margin-top: -65px !important;padding-bottom: 50px !important;background-position: center !important;background-repeat: no-repeat !important;background-size: cover !important;}&#8221;][vc_column css=&#8221;.vc_custom_1677077953355{background-position: center !important;background-repeat: no-repeat !important;background-size: cover !important;}&#8221; offset=&#8221;vc_hidden-lg vc_hidden-md vc_col-xs-12&#8243;][vc_column_text css=&#8221;.vc_custom_1677083576926{padding-right: 10px !important;padding-left: 10px !important;}&#8221;]<\/p>\n<h1 style=\"text-align: center;\" id=\"conciliacao-bancaria\" >Concilia\u00e7\u00e3o Banc\u00e1ria<\/h1>\n<p>[\/vc_column_text][vc_column_text css=&#8221;.vc_custom_1677083549080{padding-right: 10px !important;padding-left: 10px !important;}&#8221;]<\/p>\n<h3 style=\"text-align: center;\" id=\"compare-a-conta-bancaria-da-empresa-com-os-lancamentos-feitos-no-sistema-e-garanta-todas-as-entradas-e-saidas-de-dinheiro\" >Compare a conta banc\u00e1ria da empresa com os lan\u00e7amentos feitos no sistema e garanta todas as entradas e sa\u00eddas de dinheiro.<\/h3>\n<p>[\/vc_column_text][vc_column_text css=&#8221;.vc_custom_1677083562260{padding-right: 10px !important;padding-left: 10px !important;}&#8221;]<\/p>\n<p style=\"text-align: center;\">O <strong>Office Impresso<\/strong> permite voc\u00ea fazer essa compara\u00e7\u00e3o de forma f\u00e1cil.<\/p>\n<p>[\/vc_column_text][\/vc_column][vc_column css=&#8221;.vc_custom_1677083522397{background-image: url(https:\/\/oimpresso.com\/ajuda\/wp-content\/uploads\/2023\/02\/banner-site-conciliacao-bancaria-mobile.png?id=8773) !important;background-position: center !important;background-repeat: no-repeat !important;background-size: cover !important;}&#8221; offset=&#8221;vc_hidden-lg vc_hidden-md vc_col-xs-12&#8243;][vc_empty_space height=&#8221;250px&#8221;][\/vc_column][\/vc_row][vc_row full_width=&#8221;stretch_row_content&#8221; content_placement=&#8221;middle&#8221;][vc_column offset=&#8221;vc_hidden-sm vc_hidden-xs&#8221;][vc_column_text css=&#8221;.vc_custom_1676549652325{padding-right: 50px !important;padding-left: 50px !important;}&#8221;]<\/p>\n<p style=\"font-size: 35px; text-align: center; line-height: 45px;\">Mantenha suas financias em ordem e detecte erros e fraudes com a <strong>Concilia\u00e7\u00e3o Banc\u00e1ria<\/strong>.<\/p>\n<p>[\/vc_column_text][vc_separator][vc_column_text css=&#8221;.vc_custom_1676549733802{padding-top: 25px !important;padding-right: 50px !important;padding-left: 50px !important;}&#8221;]<\/p>\n<p style=\"font-size: 25px; text-align: center; line-height: 35px;\"><strong>Por que fazer a Concilia\u00e7\u00e3o Banc\u00e1ria?<\/strong><\/p>\n<p>[\/vc_column_text][vc_column_text css=&#8221;.vc_custom_1676549762604{padding-right: 50px !important;padding-bottom: 25px !important;padding-left: 50px !important;}&#8221;]<\/p>\n<p style=\"font-size: 25px; text-align: center; line-height: 35px;\"><span data-offset-key=\"17u4l-16-0\">A<\/span><span data-offset-key=\"17u4l-17-0\"> conc<\/span><span data-offset-key=\"17u4l-18-0\">ilia<\/span><span data-offset-key=\"17u4l-19-0\">\u00e7<\/span><span data-offset-key=\"17u4l-20-0\">\u00e3o<\/span><span data-offset-key=\"17u4l-21-0\"> b<\/span><span data-offset-key=\"17u4l-22-0\">anc<\/span><span data-offset-key=\"17u4l-23-0\">\u00e1<\/span><span data-offset-key=\"17u4l-24-0\">ria<\/span><span data-offset-key=\"17u4l-25-0\"> \u00e9<\/span><span data-offset-key=\"17u4l-26-0\"> um<\/span><span data-offset-key=\"17u4l-27-0\"> process<\/span><span data-offset-key=\"17u4l-28-0\">o<\/span><span data-offset-key=\"17u4l-29-0\"> ess<\/span><span data-offset-key=\"17u4l-30-0\">en<\/span><span data-offset-key=\"17u4l-31-0\">cial<\/span><span data-offset-key=\"17u4l-32-0\"> que<\/span><span data-offset-key=\"17u4l-33-0\"> a<\/span><span data-offset-key=\"17u4l-34-0\">jud<\/span><span data-offset-key=\"17u4l-35-0\">a<\/span><span data-offset-key=\"17u4l-36-0\"> a<\/span><span data-offset-key=\"17u4l-37-0\"> man<\/span><span data-offset-key=\"17u4l-38-0\">ter<\/span><span data-offset-key=\"17u4l-39-0\"> a<\/span><span data-offset-key=\"17u4l-40-0\"> integ<\/span><span data-offset-key=\"17u4l-41-0\">rid<\/span><span data-offset-key=\"17u4l-42-0\">ade<\/span><span data-offset-key=\"17u4l-43-0\"> dos<\/span><span data-offset-key=\"17u4l-44-0\"> regist<\/span><span data-offset-key=\"17u4l-45-0\">ros<\/span><span data-offset-key=\"17u4l-46-0\"> finance<\/span><span data-offset-key=\"17u4l-47-0\">i<\/span><span data-offset-key=\"17u4l-48-0\">ros<\/span><span data-offset-key=\"17u4l-49-0\"> de<\/span><span data-offset-key=\"17u4l-50-0\"> u<\/span><span data-offset-key=\"17u4l-51-0\">ma<\/span><span data-offset-key=\"17u4l-52-0\"> em<\/span><span data-offset-key=\"17u4l-53-0\">p<\/span><span data-offset-key=\"17u4l-54-0\">resa<\/span>.<\/p>\n<p>[\/vc_column_text][\/vc_column][\/vc_row][vc_row full_width=&#8221;stretch_row_content&#8221; css=&#8221;.vc_custom_1676379957246{background-color: #ffffff !important;}&#8221;][vc_column width=&#8221;1\/2&#8243; offset=&#8221;vc_hidden-sm vc_hidden-xs&#8221;][vc_column_text css=&#8221;.vc_custom_1676551967231{padding-right: 50px !important;padding-bottom: 25px !important;padding-left: 50px !important;}&#8221;]<\/p>\n<p style=\"font-size: 25px; text-align: center; line-height: 35px;\"><strong>An\u00e1lise confi\u00e1vel<\/strong><\/p>\n<p style=\"text-align: center;\">Com a concilia\u00e7\u00e3o banc\u00e1ria feita voc\u00ea consegue fazer uma analise segura do desempenho financeiro da sua empresa.<\/p>\n<p>[\/vc_column_text][\/vc_column][vc_column width=&#8221;1\/2&#8243; offset=&#8221;vc_hidden-sm vc_hidden-xs&#8221;][vc_column_text css=&#8221;.vc_custom_1677084048983{padding-right: 50px !important;padding-bottom: 25px !important;padding-left: 50px !important;}&#8221;]<\/p>\n<p style=\"font-size: 25px; text-align: center; line-height: 35px;\"><strong>Detectar discrep\u00e2ncias<\/strong><\/p>\n<p style=\"text-align: center;\">A concilia\u00e7\u00e3o banc\u00e1ria permite identificar discrep\u00e2ncias entre os registros financeiros da empresa e as transa\u00e7\u00f5es registradas pelo banco, o que pode ajudar a detectar erros, fraude ou atividades suspeitas.<\/p>\n<p>[\/vc_column_text][\/vc_column][\/vc_row][vc_row full_width=&#8221;stretch_row_content&#8221; css=&#8221;.vc_custom_1677084492447{background-color: #f4f4f4 !important;}&#8221;][vc_column width=&#8221;1\/2&#8243; offset=&#8221;vc_hidden-xs&#8221;][vc_column_text css=&#8221;.vc_custom_1677084204593{padding-right: 50px !important;padding-bottom: 25px !important;padding-left: 50px !important;}&#8221;]<\/p>\n<p style=\"font-size: 25px; text-align: center; line-height: 35px;\"><strong>Garantir a integridade dos registros financeiros<\/strong><\/p>\n<p style=\"text-align: center;\">Evite problemas cont\u00e1beis, como despesas duplicadas, transa\u00e7\u00f5es que n\u00e3o foram registradas ou n\u00e3o foram autorizadas.<\/p>\n<p>[\/vc_column_text][\/vc_column][vc_column width=&#8221;1\/2&#8243; offset=&#8221;vc_hidden-sm vc_hidden-xs&#8221;][vc_column_text css=&#8221;.vc_custom_1677084474428{padding-right: 50px !important;padding-bottom: 25px !important;padding-left: 50px !important;}&#8221;]<\/p>\n<p style=\"font-size: 25px; text-align: center; line-height: 35px;\"><strong>Gerenciamento de fluxo de caixa<\/strong><\/p>\n<p style=\"text-align: center;\">Ao monitorar os saldos banc\u00e1rios, as empresas podem ter uma ideia clara de quanto dinheiro est\u00e1 dispon\u00edvel para pagamentos e investimentos.<\/p>\n<p>[\/vc_column_text][\/vc_column][\/vc_row][vc_row full_width=&#8221;stretch_row_content&#8221; content_placement=&#8221;middle&#8221;][vc_column offset=&#8221;vc_hidden-lg vc_hidden-md&#8221;][vc_column_text css=&#8221;.vc_custom_1677083748916{padding-right: 10px !important;padding-left: 10px !important;}&#8221;]<\/p>\n<p style=\"font-size: 30px; text-align: center; line-height: 45px;\">Mantenha suas financias em ordem e detecte erros e fraudes com a <strong>Concilia\u00e7\u00e3o Banc\u00e1ria<\/strong>.<\/p>\n<p>[\/vc_column_text][vc_separator][vc_column_text css=&#8221;.vc_custom_1677083759650{padding-top: 25px !important;padding-right: 10px !important;padding-left: 10px !important;}&#8221;]<\/p>\n<p style=\"font-size: 25px; text-align: center; line-height: 35px;\"><strong>Por que fazer a Concilia\u00e7\u00e3o Banc\u00e1ria?<\/strong><\/p>\n<p>[\/vc_column_text][vc_column_text css=&#8221;.vc_custom_1677083779070{padding-right: 10px !important;padding-bottom: 25px !important;padding-left: 10px !important;}&#8221;]<\/p>\n<p style=\"font-size: 25px; text-align: center; line-height: 35px;\"><span data-offset-key=\"17u4l-16-0\">A<\/span><span data-offset-key=\"17u4l-17-0\"> conc<\/span><span data-offset-key=\"17u4l-18-0\">ilia<\/span><span data-offset-key=\"17u4l-19-0\">\u00e7<\/span><span data-offset-key=\"17u4l-20-0\">\u00e3o<\/span><span data-offset-key=\"17u4l-21-0\"> b<\/span><span data-offset-key=\"17u4l-22-0\">anc<\/span><span data-offset-key=\"17u4l-23-0\">\u00e1<\/span><span data-offset-key=\"17u4l-24-0\">ria<\/span><span data-offset-key=\"17u4l-25-0\"> \u00e9<\/span><span data-offset-key=\"17u4l-26-0\"> um<\/span><span data-offset-key=\"17u4l-27-0\"> process<\/span><span data-offset-key=\"17u4l-28-0\">o<\/span><span data-offset-key=\"17u4l-29-0\"> ess<\/span><span data-offset-key=\"17u4l-30-0\">en<\/span><span data-offset-key=\"17u4l-31-0\">cial<\/span><span data-offset-key=\"17u4l-32-0\"> que<\/span><span data-offset-key=\"17u4l-33-0\"> a<\/span><span data-offset-key=\"17u4l-34-0\">jud<\/span><span data-offset-key=\"17u4l-35-0\">a<\/span><span data-offset-key=\"17u4l-36-0\"> a<\/span><span data-offset-key=\"17u4l-37-0\"> man<\/span><span data-offset-key=\"17u4l-38-0\">ter<\/span><span data-offset-key=\"17u4l-39-0\"> a<\/span><span data-offset-key=\"17u4l-40-0\"> integ<\/span><span data-offset-key=\"17u4l-41-0\">rid<\/span><span data-offset-key=\"17u4l-42-0\">ade<\/span><span data-offset-key=\"17u4l-43-0\"> dos<\/span><span data-offset-key=\"17u4l-44-0\"> regist<\/span><span data-offset-key=\"17u4l-45-0\">ros<\/span><span data-offset-key=\"17u4l-46-0\"> finance<\/span><span data-offset-key=\"17u4l-47-0\">i<\/span><span data-offset-key=\"17u4l-48-0\">ros<\/span><span data-offset-key=\"17u4l-49-0\"> de<\/span><span data-offset-key=\"17u4l-50-0\"> u<\/span><span data-offset-key=\"17u4l-51-0\">ma<\/span><span data-offset-key=\"17u4l-52-0\"> em<\/span><span data-offset-key=\"17u4l-53-0\">p<\/span><span data-offset-key=\"17u4l-54-0\">resa<\/span>.<\/p>\n<p>[\/vc_column_text][\/vc_column][\/vc_row][vc_row full_width=&#8221;stretch_row_content&#8221; css=&#8221;.vc_custom_1676379957246{background-color: #ffffff !important;}&#8221;][vc_column offset=&#8221;vc_hidden-lg vc_hidden-md vc_col-xs-12&#8243;][vc_column_text css=&#8221;.vc_custom_1677084598383{padding-right: 10px !important;padding-bottom: 25px !important;padding-left: 10px !important;}&#8221;]<\/p>\n<p style=\"font-size: 25px; text-align: center; line-height: 35px;\"><strong>An\u00e1lise confi\u00e1vel<\/strong><\/p>\n<p style=\"text-align: center;\">Com a concilia\u00e7\u00e3o banc\u00e1ria feita voc\u00ea consegue fazer uma analise segura do desempenho financeiro da sua empresa.<\/p>\n<p>[\/vc_column_text][\/vc_column][vc_column offset=&#8221;vc_hidden-lg vc_hidden-md vc_col-xs-12&#8243;][vc_column_text css=&#8221;.vc_custom_1677084780070{padding-right: 10px !important;padding-bottom: 25px !important;padding-left: 10px !important;background-color: #f4f4f4 !important;}&#8221;]<\/p>\n<p style=\"font-size: 25px; text-align: center; line-height: 35px;\"><strong>Detectar discrep\u00e2ncias<\/strong><\/p>\n<p style=\"text-align: center;\">A concilia\u00e7\u00e3o banc\u00e1ria permite identificar discrep\u00e2ncias entre os registros financeiros da empresa e as transa\u00e7\u00f5es registradas pelo banco, o que pode ajudar a detectar erros, fraude ou atividades suspeitas.<\/p>\n<p>[\/vc_column_text][\/vc_column][\/vc_row][vc_row full_width=&#8221;stretch_row_content&#8221;][vc_column offset=&#8221;vc_hidden-lg vc_hidden-md&#8221;][vc_column_text css=&#8221;.vc_custom_1677084712572{padding-right: 10px !important;padding-bottom: 25px !important;padding-left: 10px !important;}&#8221;]<\/p>\n<p style=\"font-size: 25px; text-align: center; line-height: 35px;\"><strong>Garantir a integridade dos registros financeiros<\/strong><\/p>\n<p style=\"text-align: center;\">Evite problemas cont\u00e1beis, como despesas duplicadas, transa\u00e7\u00f5es que n\u00e3o foram registradas ou n\u00e3o foram autorizadas.<\/p>\n<p>[\/vc_column_text][\/vc_column][vc_column offset=&#8221;vc_hidden-lg vc_hidden-md vc_col-xs-12&#8243; css=&#8221;.vc_custom_1677084737484{background-color: #f4f4f4 !important;}&#8221;][vc_column_text css=&#8221;.vc_custom_1677084754203{padding-right: 10px !important;padding-bottom: 25px !important;padding-left: 10px !important;}&#8221;]<\/p>\n<p style=\"font-size: 25px; text-align: center; line-height: 35px;\"><strong>Gerenciamento de fluxo de caixa<\/strong><\/p>\n<p style=\"text-align: center;\">Ao monitorar os saldos banc\u00e1rios, as empresas podem ter uma ideia clara de quanto dinheiro est\u00e1 dispon\u00edvel para pagamentos e investimentos.<\/p>\n<p>[\/vc_column_text][\/vc_column][\/vc_row]<\/p>\n","protected":false},"excerpt":{"rendered":"<p>[vc_row full_width=&#8221;stretch_row_content&#8221; css=&#8221;.vc_custom_1677077575660{margin-top: -70px !important;padding-bottom: 50px !important;background-position: center !important;background-repeat: no-repeat !important;background-size: cover !important;}&#8221;][vc_column css=&#8221;.vc_custom_1677077683085{background-image: url(https:\/\/oimpresso.com\/ajuda\/wp-content\/uploads\/2023\/02\/banner-site-conciliacao-bancaria.png?id=8766) !important;background-position: center !important;background-repeat: no-repeat !important;background-size: cover !important;}&#8221; offset=&#8221;vc_hidden-md vc_hidden-sm vc_hidden-xs&#8221;][vc_column_text css=&#8221;.vc_custom_1676495867609{padding-left: 50px !important;}&#8221;] Concilia\u00e7\u00e3o Banc\u00e1ria [\/vc_column_text][vc_column_text css=&#8221;.vc_custom_1677077713840{padding-right: 630px !important;padding-left: 50px !important;}&#8221;] Compare a conta banc\u00e1ria da empresa com os lan\u00e7amentos feitos no sistema e garanta todas as entradas e sa\u00eddas &hellip; <a href=\"https:\/\/oimpresso.com\/ajuda\/conciliacao-bancaria\/\">Continued<\/a><\/p>\n","protected":false},"author":2,"featured_media":0,"parent":0,"menu_order":0,"comment_status":"closed","ping_status":"closed","template":"","meta":{"_bbp_topic_count":0,"_bbp_reply_count":0,"_bbp_total_topic_count":0,"_bbp_total_reply_count":0,"_bbp_voice_count":0,"_bbp_anonymous_reply_count":0,"_bbp_topic_count_hidden":0,"_bbp_reply_count_hidden":0,"_bbp_forum_subforum_count":0,"om_disable_all_campaigns":false,"_mi_skip_tracking":false},"yoast_head":"<!-- This site is optimized with the Yoast SEO plugin v20.5 - https:\/\/yoast.com\/wordpress\/plugins\/seo\/ -->\n<title>Concilia\u00e7\u00e3o Banc\u00e1ria<\/title>\n<meta name=\"robots\" content=\"index, follow, max-snippet:-1, max-image-preview:large, max-video-preview:-1\" \/>\n<link rel=\"canonical\" href=\"https:\/\/oimpresso.com\/ajuda\/conciliacao-bancaria\/\" \/>\n<meta property=\"og:locale\" content=\"pt_BR\" \/>\n<meta property=\"og:type\" content=\"article\" \/>\n<meta property=\"og:title\" content=\"Concilia\u00e7\u00e3o Banc\u00e1ria\" \/>\n<meta property=\"og:description\" content=\"[vc_row full_width=&#8221;stretch_row_content&#8221; css=&#8221;.vc_custom_1677077575660{margin-top: -70px !important;padding-bottom: 50px !important;background-position: center !important;background-repeat: no-repeat !important;background-size: cover !important;}&#8221;][vc_column css=&#8221;.vc_custom_1677077683085{background-image: url(https:\/\/oimpresso.com\/ajuda\/wp-content\/uploads\/2023\/02\/banner-site-conciliacao-bancaria.png?id=8766) !important;background-position: center !important;background-repeat: no-repeat !important;background-size: cover !important;}&#8221; offset=&#8221;vc_hidden-md vc_hidden-sm vc_hidden-xs&#8221;][vc_column_text css=&#8221;.vc_custom_1676495867609{padding-left: 50px !important;}&#8221;] Concilia\u00e7\u00e3o Banc\u00e1ria [\/vc_column_text][vc_column_text css=&#8221;.vc_custom_1677077713840{padding-right: 630px !important;padding-left: 50px !important;}&#8221;] Compare a conta banc\u00e1ria da empresa com os lan\u00e7amentos feitos no sistema e garanta todas as entradas e sa\u00eddas &hellip; Continued\" \/>\n<meta property=\"og:url\" content=\"https:\/\/oimpresso.com\/ajuda\/conciliacao-bancaria\/\" \/>\n<meta property=\"og:site_name\" content=\"Office Impresso\" \/>\n<meta property=\"article:modified_time\" content=\"2023-02-22T16:53:42+00:00\" \/>\n<meta name=\"twitter:card\" content=\"summary_large_image\" \/>\n<meta name=\"twitter:label1\" content=\"Est. tempo de leitura\" \/>\n\t<meta name=\"twitter:data1\" content=\"6 minutos\" \/>\n<script type=\"application\/ld+json\" class=\"yoast-schema-graph\">{\"@context\":\"https:\/\/schema.org\",\"@graph\":[{\"@type\":\"WebPage\",\"@id\":\"https:\/\/oimpresso.com\/ajuda\/conciliacao-bancaria\/\",\"url\":\"https:\/\/oimpresso.com\/ajuda\/conciliacao-bancaria\/\",\"name\":\"Concilia\u00e7\u00e3o Banc\u00e1ria\",\"isPartOf\":{\"@id\":\"https:\/\/oimpresso.com\/ajuda\/#website\"},\"datePublished\":\"2023-02-09T14:35:29+00:00\",\"dateModified\":\"2023-02-22T16:53:42+00:00\",\"breadcrumb\":{\"@id\":\"https:\/\/oimpresso.com\/ajuda\/conciliacao-bancaria\/#breadcrumb\"},\"inLanguage\":\"pt-BR\",\"potentialAction\":[{\"@type\":\"ReadAction\",\"target\":[\"https:\/\/oimpresso.com\/ajuda\/conciliacao-bancaria\/\"]}]},{\"@type\":\"BreadcrumbList\",\"@id\":\"https:\/\/oimpresso.com\/ajuda\/conciliacao-bancaria\/#breadcrumb\",\"itemListElement\":[{\"@type\":\"ListItem\",\"position\":1,\"name\":\"In\u00edcio\",\"item\":\"https:\/\/oimpresso.com\/ajuda\/\"},{\"@type\":\"ListItem\",\"position\":2,\"name\":\"Concilia\u00e7\u00e3o Banc\u00e1ria\"}]},{\"@type\":\"WebSite\",\"@id\":\"https:\/\/oimpresso.com\/ajuda\/#website\",\"url\":\"https:\/\/oimpresso.com\/ajuda\/\",\"name\":\"Office Impresso\",\"description\":\"Portal de Ajuda\",\"publisher\":{\"@id\":\"https:\/\/oimpresso.com\/ajuda\/#organization\"},\"potentialAction\":[{\"@type\":\"SearchAction\",\"target\":{\"@type\":\"EntryPoint\",\"urlTemplate\":\"https:\/\/oimpresso.com\/ajuda\/?s={search_term_string}\"},\"query-input\":\"required name=search_term_string\"}],\"inLanguage\":\"pt-BR\"},{\"@type\":\"Organization\",\"@id\":\"https:\/\/oimpresso.com\/ajuda\/#organization\",\"name\":\"Office Impresso\",\"url\":\"https:\/\/oimpresso.com\/ajuda\/\",\"logo\":{\"@type\":\"ImageObject\",\"inLanguage\":\"pt-BR\",\"@id\":\"https:\/\/oimpresso.com\/ajuda\/#\/schema\/logo\/image\/\",\"url\":\"https:\/\/oimpresso.com\/ajuda\/wp-content\/uploads\/2023\/04\/LOGO-PRETA-Office-Impresso-e1680706829226.png\",\"contentUrl\":\"https:\/\/oimpresso.com\/ajuda\/wp-content\/uploads\/2023\/04\/LOGO-PRETA-Office-Impresso-e1680706829226.png\",\"width\":275,\"height\":77,\"caption\":\"Office Impresso\"},\"image\":{\"@id\":\"https:\/\/oimpresso.com\/ajuda\/#\/schema\/logo\/image\/\"}}]}<\/script>\n<!-- \/ Yoast SEO plugin. -->","yoast_head_json":{"title":"Concilia\u00e7\u00e3o Banc\u00e1ria","robots":{"index":"index","follow":"follow","max-snippet":"max-snippet:-1","max-image-preview":"max-image-preview:large","max-video-preview":"max-video-preview:-1"},"canonical":"https:\/\/oimpresso.com\/ajuda\/conciliacao-bancaria\/","og_locale":"pt_BR","og_type":"article","og_title":"Concilia\u00e7\u00e3o Banc\u00e1ria","og_description":"[vc_row full_width=&#8221;stretch_row_content&#8221; css=&#8221;.vc_custom_1677077575660{margin-top: -70px !important;padding-bottom: 50px !important;background-position: center !important;background-repeat: no-repeat !important;background-size: cover !important;}&#8221;][vc_column css=&#8221;.vc_custom_1677077683085{background-image: url(https:\/\/oimpresso.com\/ajuda\/wp-content\/uploads\/2023\/02\/banner-site-conciliacao-bancaria.png?id=8766) !important;background-position: center !important;background-repeat: no-repeat !important;background-size: cover !important;}&#8221; offset=&#8221;vc_hidden-md vc_hidden-sm vc_hidden-xs&#8221;][vc_column_text css=&#8221;.vc_custom_1676495867609{padding-left: 50px !important;}&#8221;] Concilia\u00e7\u00e3o Banc\u00e1ria [\/vc_column_text][vc_column_text css=&#8221;.vc_custom_1677077713840{padding-right: 630px !important;padding-left: 50px !important;}&#8221;] Compare a conta banc\u00e1ria da empresa com os lan\u00e7amentos feitos no sistema e garanta todas as entradas e sa\u00eddas &hellip; Continued","og_url":"https:\/\/oimpresso.com\/ajuda\/conciliacao-bancaria\/","og_site_name":"Office Impresso","article_modified_time":"2023-02-22T16:53:42+00:00","twitter_card":"summary_large_image","twitter_misc":{"Est. tempo de leitura":"6 minutos"},"schema":{"@context":"https:\/\/schema.org","@graph":[{"@type":"WebPage","@id":"https:\/\/oimpresso.com\/ajuda\/conciliacao-bancaria\/","url":"https:\/\/oimpresso.com\/ajuda\/conciliacao-bancaria\/","name":"Concilia\u00e7\u00e3o Banc\u00e1ria","isPartOf":{"@id":"https:\/\/oimpresso.com\/ajuda\/#website"},"datePublished":"2023-02-09T14:35:29+00:00","dateModified":"2023-02-22T16:53:42+00:00","breadcrumb":{"@id":"https:\/\/oimpresso.com\/ajuda\/conciliacao-bancaria\/#breadcrumb"},"inLanguage":"pt-BR","potentialAction":[{"@type":"ReadAction","target":["https:\/\/oimpresso.com\/ajuda\/conciliacao-bancaria\/"]}]},{"@type":"BreadcrumbList","@id":"https:\/\/oimpresso.com\/ajuda\/conciliacao-bancaria\/#breadcrumb","itemListElement":[{"@type":"ListItem","position":1,"name":"In\u00edcio","item":"https:\/\/oimpresso.com\/ajuda\/"},{"@type":"ListItem","position":2,"name":"Concilia\u00e7\u00e3o Banc\u00e1ria"}]},{"@type":"WebSite","@id":"https:\/\/oimpresso.com\/ajuda\/#website","url":"https:\/\/oimpresso.com\/ajuda\/","name":"Office Impresso","description":"Portal de Ajuda","publisher":{"@id":"https:\/\/oimpresso.com\/ajuda\/#organization"},"potentialAction":[{"@type":"SearchAction","target":{"@type":"EntryPoint","urlTemplate":"https:\/\/oimpresso.com\/ajuda\/?s={search_term_string}"},"query-input":"required name=search_term_string"}],"inLanguage":"pt-BR"},{"@type":"Organization","@id":"https:\/\/oimpresso.com\/ajuda\/#organization","name":"Office Impresso","url":"https:\/\/oimpresso.com\/ajuda\/","logo":{"@type":"ImageObject","inLanguage":"pt-BR","@id":"https:\/\/oimpresso.com\/ajuda\/#\/schema\/logo\/image\/","url":"https:\/\/oimpresso.com\/ajuda\/wp-content\/uploads\/2023\/04\/LOGO-PRETA-Office-Impresso-e1680706829226.png","contentUrl":"https:\/\/oimpresso.com\/ajuda\/wp-content\/uploads\/2023\/04\/LOGO-PRETA-Office-Impresso-e1680706829226.png","width":275,"height":77,"caption":"Office Impresso"},"image":{"@id":"https:\/\/oimpresso.com\/ajuda\/#\/schema\/logo\/image\/"}}]}},"_links":{"self":[{"href":"https:\/\/oimpresso.com\/ajuda\/wp-json\/wp\/v2\/pages\/8365"}],"collection":[{"href":"https:\/\/oimpresso.com\/ajuda\/wp-json\/wp\/v2\/pages"}],"about":[{"href":"https:\/\/oimpresso.com\/ajuda\/wp-json\/wp\/v2\/types\/page"}],"author":[{"embeddable":true,"href":"https:\/\/oimpresso.com\/ajuda\/wp-json\/wp\/v2\/users\/2"}],"replies":[{"embeddable":true,"href":"https:\/\/oimpresso.com\/ajuda\/wp-json\/wp\/v2\/comments?post=8365"}],"version-history":[{"count":19,"href":"https:\/\/oimpresso.com\/ajuda\/wp-json\/wp\/v2\/pages\/8365\/revisions"}],"predecessor-version":[{"id":8779,"href":"https:\/\/oimpresso.com\/ajuda\/wp-json\/wp\/v2\/pages\/8365\/revisions\/8779"}],"wp:attachment":[{"href":"https:\/\/oimpresso.com\/ajuda\/wp-json\/wp\/v2\/media?parent=8365"}],"curies":[{"name":"wp","href":"https:\/\/api.w.org\/{rel}","templated":true}]}}