{"id":7800,"date":"2023-01-16T16:51:19","date_gmt":"2023-01-16T19:51:19","guid":{"rendered":"https:\/\/oimpresso.com\/ajuda\/?page_id=7800"},"modified":"2023-04-04T15:20:21","modified_gmt":"2023-04-04T18:20:21","slug":"nfc-e","status":"publish","type":"page","link":"https:\/\/oimpresso.com\/ajuda\/nfc-e\/","title":{"rendered":"NFC-e"},"content":{"rendered":"<p>[vc_row full_width=&#8221;stretch_row_content&#8221; css=&#8221;.vc_custom_1676920898231{margin-top: -70px !important;padding-bottom: 50px !important;background-position: center !important;background-repeat: no-repeat !important;background-size: cover !important;}&#8221;][vc_column css=&#8221;.vc_custom_1678731783814{background-image: url(https:\/\/oimpresso.com\/ajuda\/wp-content\/uploads\/2023\/03\/NFC-e.jpg?id=9761) !important;background-position: center !important;background-repeat: no-repeat !important;background-size: cover !important;}&#8221; offset=&#8221;vc_hidden-md vc_hidden-sm vc_hidden-xs&#8221;][vc_column_text css=&#8221;.vc_custom_1678731907742{padding-left: 50px !important;}&#8221;]<\/p>\n<h1 style=\"color: #474747;\" id=\"nfc-e\" >NFC-e<\/h1>\n<p>[\/vc_column_text][vc_column_text css=&#8221;.vc_custom_1680632401081{padding-right: 600px !important;padding-left: 50px !important;}&#8221;]<\/p>\n<p style=\"font-size: 25px; color: #676767;\">Aprenda a realizar suas vendas e emitir notas fiscais de<br \/>\nconsumidor atrav\u00e9s do Office Impresso!<\/p>\n<p>[\/vc_column_text][vc_column_text css=&#8221;.vc_custom_1678731671578{padding-right: 630px !important;padding-left: 50px !important;}&#8221;][\/vc_column_text][vc_column_text css=&#8221;.vc_custom_1680117162990{padding-left: 50px !important;}&#8221;]<a class=\"fancybox-iframe\" style=\"display: flex; align-items: center; justify-content: center; width: 100%; max-width: 200px; height: 45px; border-radius: 25px; background: #80387B; background-image: linear-gradient(to bottom, #80387B, #CF61CA); border: none; color: #ffffff; font-size: 16px; cursor: pointer; text-align: center; text-decoration: none;\" href=\"https:\/\/oimpresso.com\/ajuda\/solicitar-proposta\/\">Entramos em Contato<\/a>[\/vc_column_text][vc_empty_space height=&#8221;150&#8243;][\/vc_column][\/vc_row][vc_row full_width=&#8221;stretch_row_content&#8221; css=&#8221;.vc_custom_1678731963972{margin-top: -20px !important;padding-bottom: 50px !important;background-position: center !important;background-repeat: no-repeat !important;background-size: cover !important;}&#8221;][vc_column css=&#8221;.vc_custom_1678731976288{background-image: url(https:\/\/oimpresso.com\/ajuda\/wp-content\/uploads\/2023\/03\/NFC-e.jpg?id=9761) !important;background-position: center !important;background-repeat: no-repeat !important;background-size: cover !important;}&#8221; offset=&#8221;vc_hidden-lg vc_hidden-sm vc_hidden-xs&#8221;][vc_column_text css=&#8221;.vc_custom_1678731907742{padding-left: 50px !important;}&#8221;]<\/p>\n<h1 style=\"color: #474747;\" id=\"nfc-e\" >NFC-e<\/h1>\n<p>[\/vc_column_text][vc_column_text css=&#8221;.vc_custom_1680632412896{padding-right: 600px !important;padding-left: 50px !important;}&#8221;]<\/p>\n<p style=\"font-size: 25px; color: #676767;\">Aprenda a realizar suas vendas e emitir notas fiscais de<br \/>\nconsumidor atrav\u00e9s do Office Impresso!<\/p>\n<p>[\/vc_column_text][vc_column_text css=&#8221;.vc_custom_1678731671578{padding-right: 630px !important;padding-left: 50px !important;}&#8221;][\/vc_column_text][vc_column_text css=&#8221;.vc_custom_1680117196885{padding-left: 50px !important;}&#8221;]<a class=\"fancybox-iframe\" style=\"display: flex; align-items: center; justify-content: center; width: 100%; max-width: 200px; height: 45px; border-radius: 25px; background: #80387B; background-image: linear-gradient(to bottom, #80387B, #CF61CA); border: none; color: #ffffff; font-size: 16px; cursor: pointer; text-align: center; text-decoration: none;\" href=\"https:\/\/oimpresso.com\/ajuda\/solicitar-proposta\/\">Entramos em Contato<\/a>[\/vc_column_text][vc_empty_space height=&#8221;150&#8243;][\/vc_column][\/vc_row][vc_row full_width=&#8221;stretch_row_content&#8221; css=&#8221;.vc_custom_1676921326147{margin-top: -65px !important;padding-bottom: 50px !important;background-position: center !important;background-repeat: no-repeat !important;background-size: cover !important;}&#8221;][vc_column css=&#8221;.vc_custom_1676921921382{background-position: center !important;background-repeat: no-repeat !important;background-size: cover !important;}&#8221; offset=&#8221;vc_hidden-lg vc_hidden-md vc_col-xs-12&#8243;][vc_column_text css=&#8221;.vc_custom_1678732079235{padding-right: 50px !important;padding-left: 50px !important;}&#8221;]<\/p>\n<h1 style=\"text-align: center;color: #474747;\" id=\"nfc-e\" >NFC-e<\/h1>\n<p>[\/vc_column_text][vc_column_text css=&#8221;.vc_custom_1680632419831{padding-right: 10px !important;padding-left: 10px !important;}&#8221;]<\/p>\n<p style=\"font-size: 25px; text-align: center; color: #676767;\">Aprenda a realizar suas vendas e emitir notas fiscais de consumidor atrav\u00e9s do Office Impresso!<\/p>\n<p>[\/vc_column_text][vc_column_text css=&#8221;.vc_custom_1680117244694{margin-top: 20px !important;}&#8221;]<a style=\"width: 190px; height: 45px; border-radius: 25px; background: #80387B; background-image: linear-gradient(to bottom, #80387B, #CF61CA); border: none; color: #ffffff; font-size: 16px; cursor: pointer; display: flex; justify-content: center; align-items: center; margin: 0 auto; text-decoration: none;\" href=\"https:\/\/oimpresso.com\/ajuda\/solicitar-proposta\/;\">Entramos em Contato<\/a>[\/vc_column_text][\/vc_column][vc_column offset=&#8221;vc_hidden-lg vc_hidden-md vc_col-xs-12&#8243; css=&#8221;.vc_custom_1678732018421{background-image: url(https:\/\/oimpresso.com\/ajuda\/wp-content\/uploads\/2023\/03\/NFC-e-Mobile.jpg?id=9760) !important;background-position: center !important;background-repeat: no-repeat !important;background-size: cover !important;}&#8221;][vc_empty_space height=&#8221;250&#8243;][\/vc_column][\/vc_row][vc_row full_width=&#8221;stretch_row_content&#8221; content_placement=&#8221;middle&#8221;][vc_column offset=&#8221;vc_hidden-sm vc_col-xs-12 vc_hidden-xs&#8221;][vc_column_text css=&#8221;.vc_custom_1680544327985{padding-right: 50px !important;padding-left: 50px !important;}&#8221;]<\/p>\n<h2 style=\"text-align: center; color: #474747;\" id=\"gere-nota-fiscal-para-o-consumidor-de-forma-facil-com-o-office-impresso\" >Gere nota fiscal para o consumidor de forma f\u00e1cil com o Office Impresso<\/h2>\n<p>[\/vc_column_text][\/vc_column][vc_column offset=&#8221;vc_hidden-lg vc_hidden-md vc_col-xs-12&#8243;][vc_column_text css=&#8221;.vc_custom_1680544339960{padding-right: 10px !important;padding-left: 10px !important;}&#8221;]<\/p>\n<h2 style=\"text-align: center; color: #474747;\" id=\"gere-nota-fiscal-para-o-consumidor-de-forma-facil-com-o-office-impresso\" >Gere nota fiscal para o consumidor de forma f\u00e1cil com o Office Impresso<\/h2>\n<p>[\/vc_column_text][vc_separator][\/vc_column][\/vc_row][vc_row full_width=&#8221;stretch_row_content&#8221; equal_height=&#8221;yes&#8221; css=&#8221;.vc_custom_1676919941898{background-color: #ffffff !important;}&#8221;][vc_column width=&#8221;1\/2&#8243; offset=&#8221;vc_col-lg-6 vc_col-md-6 vc_hidden-sm vc_hidden-xs&#8221;][vc_single_image image=&#8221;9763&#8243; img_size=&#8221;200&#215;200&#8243; alignment=&#8221;center&#8221; css=&#8221;.vc_custom_1678733012853{margin-bottom: -35px !important;padding-right: 50px !important;padding-left: 50px !important;}&#8221;][vc_column_text css=&#8221;.vc_custom_1680544495142{padding-top: 25px !important;padding-right: 50px !important;padding-bottom: 25px !important;padding-left: 50px !important;}&#8221;]<\/p>\n<h1 style=\"font-size: 25px; text-align: center; line-height: 35px; color: #474747;\" id=\"facilidade-de-emissao\" >Facilidade de emiss\u00e3o<\/h1>\n<p style=\"text-align: center; color: #676767;\">Procura agilidade na hora de emitir a <strong>Nota Fiscal do Consumidor<\/strong>? Com o <strong>Office<\/strong> voc\u00ea emite seu cupom fiscal em segundos. Com a mesma transpar\u00eancia fiscal, a <strong>NFC-e<\/strong> n\u00e3o exige que voc\u00ea tenha obrigatoriamente o cliente cadastrado em seu sistema.<\/p>\n<p>[\/vc_column_text][\/vc_column][vc_column width=&#8221;1\/2&#8243; offset=&#8221;vc_col-lg-6 vc_col-md-6 vc_hidden-sm vc_hidden-xs&#8221;][vc_single_image image=&#8221;9764&#8243; img_size=&#8221;200&#215;200&#8243; alignment=&#8221;center&#8221; css=&#8221;.vc_custom_1678735576005{margin-bottom: -35px !important;padding-right: 50px !important;padding-left: 50px !important;}&#8221;][vc_column_text css=&#8221;.vc_custom_1678731014561{padding-top: 25px !important;padding-right: 50px !important;padding-bottom: 25px !important;padding-left: 50px !important;}&#8221;]<\/p>\n<h1 style=\"font-size: 25px; text-align: center; line-height: 35px; color: #474747;\" id=\"dentro-das-exigencias-fiscais\" >Dentro das exig\u00eancias fiscais<\/h1>\n<p style=\"text-align: center; color: #676767;\">A <strong>NFC-e<\/strong> faz parte do <strong>Sistema P\u00fablico de Escritura\u00e7\u00e3o Digital<\/strong>, o SPED, que nada mais \u00e9 que um ambiente digital, onde o Governo Federal recebe as informa\u00e7\u00f5es de vendas de produtos que t\u00eam incid\u00eancia de IPI e de ICMS<\/p>\n<p>[\/vc_column_text][\/vc_column][\/vc_row][vc_row full_width=&#8221;stretch_row_content&#8221; equal_height=&#8221;yes&#8221; css=&#8221;.vc_custom_1676920017047{background-color: #ffffff !important;}&#8221;][vc_column offset=&#8221;vc_hidden-lg vc_hidden-md vc_col-xs-12&#8243;][vc_single_image image=&#8221;9763&#8243; img_size=&#8221;200&#215;200&#8243; alignment=&#8221;center&#8221; css=&#8221;.vc_custom_1678733012853{margin-bottom: -35px !important;padding-right: 50px !important;padding-left: 50px !important;}&#8221;][vc_column_text css=&#8221;.vc_custom_1680544515886{padding-top: 25px !important;padding-right: 10px !important;padding-bottom: 25px !important;padding-left: 10px !important;}&#8221;]<\/p>\n<h1 style=\"font-size: 25px; text-align: center; line-height: 35px; color: #474747;\" id=\"facilidade-de-emissao\" >Facilidade de emiss\u00e3o<\/h1>\n<p style=\"text-align: center; color: #676767;\">Procura agilidade na hora de emitir a <strong>Nota Fiscal do Consumidor<\/strong>? Com o <strong>Office<\/strong> voc\u00ea emite seu cupom fiscal em segundos. Com a mesma transpar\u00eancia fiscal, a <strong>NFC-e<\/strong> n\u00e3o exige que voc\u00ea tenha obrigatoriamente o cliente cadastrado em seu sistema.<\/p>\n<p>[\/vc_column_text][\/vc_column][vc_column offset=&#8221;vc_hidden-lg vc_hidden-md vc_col-xs-12&#8243; css=&#8221;.vc_custom_1676920219749{background-color: #f4f4f4 !important;}&#8221;][vc_single_image image=&#8221;9764&#8243; img_size=&#8221;200&#215;200&#8243; alignment=&#8221;center&#8221; css=&#8221;.vc_custom_1678735576005{margin-bottom: -35px !important;padding-right: 50px !important;padding-left: 50px !important;}&#8221;][vc_column_text css=&#8221;.vc_custom_1680544525701{padding-top: 25px !important;padding-right: 10px !important;padding-bottom: 25px !important;padding-left: 10px !important;}&#8221;]<\/p>\n<h1 style=\"font-size: 25px; text-align: center; line-height: 35px; color: #474747;\" id=\"dentro-das-exigencias-fiscais\" >Dentro das exig\u00eancias fiscais<\/h1>\n<p style=\"text-align: center; color: #676767;\">A <strong>NFC-e<\/strong> faz parte do <strong>Sistema P\u00fablico de Escritura\u00e7\u00e3o Digital<\/strong>, o SPED, que nada mais \u00e9 que um ambiente digital, onde o Governo Federal recebe as informa\u00e7\u00f5es de vendas de produtos que t\u00eam incid\u00eancia de IPI e de ICMS<\/p>\n<p>[\/vc_column_text][\/vc_column][\/vc_row][vc_row full_width=&#8221;stretch_row_content&#8221; css=&#8221;.vc_custom_1676061727840{background-color: #f4f4f4 !important;}&#8221;][vc_column width=&#8221;1\/2&#8243; css=&#8221;.vc_custom_1676920472882{background-color: #f4f4f4 !important;}&#8221; offset=&#8221;vc_hidden-sm vc_hidden-xs&#8221;][vc_single_image image=&#8221;9774&#8243; img_size=&#8221;200X200&#8243; alignment=&#8221;center&#8221; css=&#8221;.vc_custom_1678740732946{margin-bottom: -35px !important;padding-right: 50px !important;padding-left: 50px !important;}&#8221;][vc_column_text css=&#8221;.vc_custom_1680544371263{padding-top: 25px !important;padding-right: 50px !important;padding-bottom: 25px !important;padding-left: 50px !important;}&#8221;]<\/p>\n<h1 style=\"font-size: 25px; text-align: center; line-height: 35px; color: #474747;\" id=\"interface-intuitiva\" >Interface intuitiva<\/h1>\n<p style=\"text-align: center;color: #676767;\">Adicione produtos, determine condi\u00e7\u00f5es de pagamento e lance dados de tributa\u00e7\u00e3o de forma r\u00e1pida e descomplicada com o <strong>Office Impresso<\/strong>.<\/p>\n<p>[\/vc_column_text][\/vc_column][vc_column width=&#8221;1\/2&#8243; offset=&#8221;vc_hidden-sm vc_hidden-xs&#8221;][vc_single_image image=&#8221;9772&#8243; img_size=&#8221;200&#215;200&#8243; alignment=&#8221;center&#8221; css=&#8221;.vc_custom_1678740260389{margin-bottom: -35px !important;padding-right: 50px !important;padding-left: 50px !important;}&#8221;][vc_column_text css=&#8221;.vc_custom_1680544466742{padding-top: 25px !important;padding-right: 50px !important;padding-bottom: 25px !important;padding-left: 50px !important;}&#8221;]<\/p>\n<h1 style=\"font-size: 25px; text-align: center; line-height: 35px; color: #474747;\" id=\"automaticidade\" >Automaticidade<\/h1>\n<p style=\"text-align: center; color: #676767;\">Garanta boas vendas com uma nota fiscal gerada de forma autom\u00e1tica e r\u00e1pida com o\u00a0<strong>Office Impresso.<\/strong><\/p>\n<p>[\/vc_column_text][\/vc_column][\/vc_row][vc_row full_width=&#8221;stretch_row_content&#8221;][vc_column offset=&#8221;vc_hidden-lg vc_hidden-md vc_col-xs-12&#8243;][vc_single_image image=&#8221;9774&#8243; img_size=&#8221;200X200&#8243; alignment=&#8221;center&#8221; css=&#8221;.vc_custom_1678740732946{margin-bottom: -35px !important;padding-right: 50px !important;padding-left: 50px !important;}&#8221;][vc_column_text css=&#8221;.vc_custom_1680544429072{padding-top: 25px !important;padding-right: 10px !important;padding-bottom: 25px !important;padding-left: 10px !important;}&#8221;]<\/p>\n<h1 style=\"font-size: 25px; text-align: center; line-height: 35px; color: #474747;\" id=\"interface-intuitiva\" >Interface intuitiva<\/h1>\n<p style=\"text-align: center; color: #676767;\">Adicione produtos, determine condi\u00e7\u00f5es de pagamento e lance dados de tributa\u00e7\u00e3o de forma r\u00e1pida e descomplicada com o <strong>Office Impresso<\/strong>.<\/p>\n<p>[\/vc_column_text][\/vc_column][vc_column css=&#8221;.vc_custom_1676920397004{background-color: #f4f4f4 !important;}&#8221; offset=&#8221;vc_hidden-lg vc_hidden-md vc_col-xs-12&#8243;][vc_single_image image=&#8221;9772&#8243; img_size=&#8221;200&#215;200&#8243; alignment=&#8221;center&#8221; css=&#8221;.vc_custom_1678740260389{margin-bottom: -35px !important;padding-right: 50px !important;padding-left: 50px !important;}&#8221;][vc_column_text css=&#8221;.vc_custom_1680544447039{padding-top: 25px !important;padding-right: 10px !important;padding-bottom: 25px !important;padding-left: 10px !important;}&#8221;]<\/p>\n<h1 style=\"font-size: 25px; text-align: center; line-height: 35px; color: #474747;\" id=\"automaticidade\" >Automaticidade<\/h1>\n<p style=\"text-align: center; color: #676767;\">Garanta boas vendas com uma nota fiscal gerada de forma autom\u00e1tica e r\u00e1pida com o\u00a0<strong>Office Impresso.<\/strong><\/p>\n<p>[\/vc_column_text][\/vc_column][\/vc_row]<\/p>\n","protected":false},"excerpt":{"rendered":"<p>[vc_row full_width=&#8221;stretch_row_content&#8221; css=&#8221;.vc_custom_1676920898231{margin-top: -70px !important;padding-bottom: 50px !important;background-position: center !important;background-repeat: no-repeat !important;background-size: cover !important;}&#8221;][vc_column css=&#8221;.vc_custom_1678731783814{background-image: url(https:\/\/oimpresso.com\/ajuda\/wp-content\/uploads\/2023\/03\/NFC-e.jpg?id=9761) !important;background-position: center !important;background-repeat: no-repeat !important;background-size: cover !important;}&#8221; offset=&#8221;vc_hidden-md vc_hidden-sm vc_hidden-xs&#8221;][vc_column_text css=&#8221;.vc_custom_1678731907742{padding-left: 50px !important;}&#8221;] NFC-e [\/vc_column_text][vc_column_text css=&#8221;.vc_custom_1680632401081{padding-right: 600px !important;padding-left: 50px !important;}&#8221;] Aprenda a realizar suas vendas e emitir notas fiscais de consumidor atrav\u00e9s do Office Impresso! [\/vc_column_text][vc_column_text css=&#8221;.vc_custom_1678731671578{padding-right: 630px !important;padding-left: 50px &hellip; <a href=\"https:\/\/oimpresso.com\/ajuda\/nfc-e\/\">Continued<\/a><\/p>\n","protected":false},"author":8,"featured_media":0,"parent":0,"menu_order":0,"comment_status":"closed","ping_status":"closed","template":"","meta":{"_bbp_topic_count":0,"_bbp_reply_count":0,"_bbp_total_topic_count":0,"_bbp_total_reply_count":0,"_bbp_voice_count":0,"_bbp_anonymous_reply_count":0,"_bbp_topic_count_hidden":0,"_bbp_reply_count_hidden":0,"_bbp_forum_subforum_count":0,"om_disable_all_campaigns":false,"_mi_skip_tracking":false},"yoast_head":"<!-- This site is optimized with the Yoast SEO plugin v20.5 - https:\/\/yoast.com\/wordpress\/plugins\/seo\/ -->\n<title>NFC-e<\/title>\n<meta name=\"robots\" content=\"index, follow, max-snippet:-1, max-image-preview:large, max-video-preview:-1\" \/>\n<link rel=\"canonical\" href=\"https:\/\/oimpresso.com\/ajuda\/nfc-e\/\" \/>\n<meta property=\"og:locale\" content=\"pt_BR\" \/>\n<meta property=\"og:type\" content=\"article\" \/>\n<meta property=\"og:title\" content=\"NFC-e\" \/>\n<meta property=\"og:description\" content=\"[vc_row full_width=&#8221;stretch_row_content&#8221; css=&#8221;.vc_custom_1676920898231{margin-top: -70px !important;padding-bottom: 50px !important;background-position: center !important;background-repeat: no-repeat !important;background-size: cover !important;}&#8221;][vc_column css=&#8221;.vc_custom_1678731783814{background-image: url(https:\/\/oimpresso.com\/ajuda\/wp-content\/uploads\/2023\/03\/NFC-e.jpg?id=9761) !important;background-position: center !important;background-repeat: no-repeat !important;background-size: cover !important;}&#8221; offset=&#8221;vc_hidden-md vc_hidden-sm vc_hidden-xs&#8221;][vc_column_text css=&#8221;.vc_custom_1678731907742{padding-left: 50px !important;}&#8221;] NFC-e [\/vc_column_text][vc_column_text css=&#8221;.vc_custom_1680632401081{padding-right: 600px !important;padding-left: 50px !important;}&#8221;] Aprenda a realizar suas vendas e emitir notas fiscais de consumidor atrav\u00e9s do Office Impresso! [\/vc_column_text][vc_column_text css=&#8221;.vc_custom_1678731671578{padding-right: 630px !important;padding-left: 50px &hellip; Continued\" \/>\n<meta property=\"og:url\" content=\"https:\/\/oimpresso.com\/ajuda\/nfc-e\/\" \/>\n<meta property=\"og:site_name\" content=\"Office Impresso\" \/>\n<meta property=\"article:modified_time\" content=\"2023-04-04T18:20:21+00:00\" \/>\n<meta name=\"twitter:card\" content=\"summary_large_image\" \/>\n<meta name=\"twitter:label1\" content=\"Est. tempo de leitura\" \/>\n\t<meta name=\"twitter:data1\" content=\"7 minutos\" \/>\n<script type=\"application\/ld+json\" class=\"yoast-schema-graph\">{\"@context\":\"https:\/\/schema.org\",\"@graph\":[{\"@type\":\"WebPage\",\"@id\":\"https:\/\/oimpresso.com\/ajuda\/nfc-e\/\",\"url\":\"https:\/\/oimpresso.com\/ajuda\/nfc-e\/\",\"name\":\"NFC-e\",\"isPartOf\":{\"@id\":\"https:\/\/oimpresso.com\/ajuda\/#website\"},\"datePublished\":\"2023-01-16T19:51:19+00:00\",\"dateModified\":\"2023-04-04T18:20:21+00:00\",\"breadcrumb\":{\"@id\":\"https:\/\/oimpresso.com\/ajuda\/nfc-e\/#breadcrumb\"},\"inLanguage\":\"pt-BR\",\"potentialAction\":[{\"@type\":\"ReadAction\",\"target\":[\"https:\/\/oimpresso.com\/ajuda\/nfc-e\/\"]}]},{\"@type\":\"BreadcrumbList\",\"@id\":\"https:\/\/oimpresso.com\/ajuda\/nfc-e\/#breadcrumb\",\"itemListElement\":[{\"@type\":\"ListItem\",\"position\":1,\"name\":\"In\u00edcio\",\"item\":\"https:\/\/oimpresso.com\/ajuda\/\"},{\"@type\":\"ListItem\",\"position\":2,\"name\":\"NFC-e\"}]},{\"@type\":\"WebSite\",\"@id\":\"https:\/\/oimpresso.com\/ajuda\/#website\",\"url\":\"https:\/\/oimpresso.com\/ajuda\/\",\"name\":\"Office Impresso\",\"description\":\"Portal de Ajuda\",\"publisher\":{\"@id\":\"https:\/\/oimpresso.com\/ajuda\/#organization\"},\"potentialAction\":[{\"@type\":\"SearchAction\",\"target\":{\"@type\":\"EntryPoint\",\"urlTemplate\":\"https:\/\/oimpresso.com\/ajuda\/?s={search_term_string}\"},\"query-input\":\"required name=search_term_string\"}],\"inLanguage\":\"pt-BR\"},{\"@type\":\"Organization\",\"@id\":\"https:\/\/oimpresso.com\/ajuda\/#organization\",\"name\":\"Office Impresso\",\"url\":\"https:\/\/oimpresso.com\/ajuda\/\",\"logo\":{\"@type\":\"ImageObject\",\"inLanguage\":\"pt-BR\",\"@id\":\"https:\/\/oimpresso.com\/ajuda\/#\/schema\/logo\/image\/\",\"url\":\"https:\/\/oimpresso.com\/ajuda\/wp-content\/uploads\/2023\/04\/LOGO-PRETA-Office-Impresso-e1680706829226.png\",\"contentUrl\":\"https:\/\/oimpresso.com\/ajuda\/wp-content\/uploads\/2023\/04\/LOGO-PRETA-Office-Impresso-e1680706829226.png\",\"width\":275,\"height\":77,\"caption\":\"Office Impresso\"},\"image\":{\"@id\":\"https:\/\/oimpresso.com\/ajuda\/#\/schema\/logo\/image\/\"}}]}<\/script>\n<!-- \/ Yoast SEO plugin. -->","yoast_head_json":{"title":"NFC-e","robots":{"index":"index","follow":"follow","max-snippet":"max-snippet:-1","max-image-preview":"max-image-preview:large","max-video-preview":"max-video-preview:-1"},"canonical":"https:\/\/oimpresso.com\/ajuda\/nfc-e\/","og_locale":"pt_BR","og_type":"article","og_title":"NFC-e","og_description":"[vc_row full_width=&#8221;stretch_row_content&#8221; css=&#8221;.vc_custom_1676920898231{margin-top: -70px !important;padding-bottom: 50px !important;background-position: center !important;background-repeat: no-repeat !important;background-size: cover !important;}&#8221;][vc_column css=&#8221;.vc_custom_1678731783814{background-image: url(https:\/\/oimpresso.com\/ajuda\/wp-content\/uploads\/2023\/03\/NFC-e.jpg?id=9761) !important;background-position: center !important;background-repeat: no-repeat !important;background-size: cover !important;}&#8221; offset=&#8221;vc_hidden-md vc_hidden-sm vc_hidden-xs&#8221;][vc_column_text css=&#8221;.vc_custom_1678731907742{padding-left: 50px !important;}&#8221;] NFC-e [\/vc_column_text][vc_column_text css=&#8221;.vc_custom_1680632401081{padding-right: 600px !important;padding-left: 50px !important;}&#8221;] Aprenda a realizar suas vendas e emitir notas fiscais de consumidor atrav\u00e9s do Office Impresso! [\/vc_column_text][vc_column_text css=&#8221;.vc_custom_1678731671578{padding-right: 630px !important;padding-left: 50px &hellip; Continued","og_url":"https:\/\/oimpresso.com\/ajuda\/nfc-e\/","og_site_name":"Office Impresso","article_modified_time":"2023-04-04T18:20:21+00:00","twitter_card":"summary_large_image","twitter_misc":{"Est. tempo de leitura":"7 minutos"},"schema":{"@context":"https:\/\/schema.org","@graph":[{"@type":"WebPage","@id":"https:\/\/oimpresso.com\/ajuda\/nfc-e\/","url":"https:\/\/oimpresso.com\/ajuda\/nfc-e\/","name":"NFC-e","isPartOf":{"@id":"https:\/\/oimpresso.com\/ajuda\/#website"},"datePublished":"2023-01-16T19:51:19+00:00","dateModified":"2023-04-04T18:20:21+00:00","breadcrumb":{"@id":"https:\/\/oimpresso.com\/ajuda\/nfc-e\/#breadcrumb"},"inLanguage":"pt-BR","potentialAction":[{"@type":"ReadAction","target":["https:\/\/oimpresso.com\/ajuda\/nfc-e\/"]}]},{"@type":"BreadcrumbList","@id":"https:\/\/oimpresso.com\/ajuda\/nfc-e\/#breadcrumb","itemListElement":[{"@type":"ListItem","position":1,"name":"In\u00edcio","item":"https:\/\/oimpresso.com\/ajuda\/"},{"@type":"ListItem","position":2,"name":"NFC-e"}]},{"@type":"WebSite","@id":"https:\/\/oimpresso.com\/ajuda\/#website","url":"https:\/\/oimpresso.com\/ajuda\/","name":"Office Impresso","description":"Portal de Ajuda","publisher":{"@id":"https:\/\/oimpresso.com\/ajuda\/#organization"},"potentialAction":[{"@type":"SearchAction","target":{"@type":"EntryPoint","urlTemplate":"https:\/\/oimpresso.com\/ajuda\/?s={search_term_string}"},"query-input":"required name=search_term_string"}],"inLanguage":"pt-BR"},{"@type":"Organization","@id":"https:\/\/oimpresso.com\/ajuda\/#organization","name":"Office Impresso","url":"https:\/\/oimpresso.com\/ajuda\/","logo":{"@type":"ImageObject","inLanguage":"pt-BR","@id":"https:\/\/oimpresso.com\/ajuda\/#\/schema\/logo\/image\/","url":"https:\/\/oimpresso.com\/ajuda\/wp-content\/uploads\/2023\/04\/LOGO-PRETA-Office-Impresso-e1680706829226.png","contentUrl":"https:\/\/oimpresso.com\/ajuda\/wp-content\/uploads\/2023\/04\/LOGO-PRETA-Office-Impresso-e1680706829226.png","width":275,"height":77,"caption":"Office Impresso"},"image":{"@id":"https:\/\/oimpresso.com\/ajuda\/#\/schema\/logo\/image\/"}}]}},"_links":{"self":[{"href":"https:\/\/oimpresso.com\/ajuda\/wp-json\/wp\/v2\/pages\/7800"}],"collection":[{"href":"https:\/\/oimpresso.com\/ajuda\/wp-json\/wp\/v2\/pages"}],"about":[{"href":"https:\/\/oimpresso.com\/ajuda\/wp-json\/wp\/v2\/types\/page"}],"author":[{"embeddable":true,"href":"https:\/\/oimpresso.com\/ajuda\/wp-json\/wp\/v2\/users\/8"}],"replies":[{"embeddable":true,"href":"https:\/\/oimpresso.com\/ajuda\/wp-json\/wp\/v2\/comments?post=7800"}],"version-history":[{"count":17,"href":"https:\/\/oimpresso.com\/ajuda\/wp-json\/wp\/v2\/pages\/7800\/revisions"}],"predecessor-version":[{"id":10940,"href":"https:\/\/oimpresso.com\/ajuda\/wp-json\/wp\/v2\/pages\/7800\/revisions\/10940"}],"wp:attachment":[{"href":"https:\/\/oimpresso.com\/ajuda\/wp-json\/wp\/v2\/media?parent=7800"}],"curies":[{"name":"wp","href":"https:\/\/api.w.org\/{rel}","templated":true}]}}