{"id":7794,"date":"2023-01-16T16:50:12","date_gmt":"2023-01-16T19:50:12","guid":{"rendered":"https:\/\/oimpresso.com\/ajuda\/?page_id=7794"},"modified":"2023-04-04T14:13:42","modified_gmt":"2023-04-04T17:13:42","slug":"ocorrencias","status":"publish","type":"page","link":"https:\/\/oimpresso.com\/ajuda\/ocorrencias\/","title":{"rendered":"Ocorr\u00eancias"},"content":{"rendered":"<p>[vc_row full_width=&#8221;stretch_row_content&#8221; css=&#8221;.vc_custom_1676920898231{margin-top: -70px !important;padding-bottom: 50px !important;background-position: center !important;background-repeat: no-repeat !important;background-size: cover !important;}&#8221;][vc_column css=&#8221;.vc_custom_1680627435498{background-image: url(https:\/\/oimpresso.com\/ajuda\/wp-content\/uploads\/2023\/04\/Ocorrencias.png?id=10926) !important;background-position: center !important;background-repeat: no-repeat !important;background-size: cover !important;}&#8221; offset=&#8221;vc_hidden-md vc_hidden-sm vc_hidden-xs&#8221;][vc_column_text css=&#8221;.vc_custom_1680627467097{padding-left: 50px !important;}&#8221;]<\/p>\n<h1 style=\"color: #474747;\" id=\"ocorrencias\" >Ocorr\u00eancias<\/h1>\n<p>[\/vc_column_text][vc_column_text css=&#8221;.vc_custom_1680627708269{padding-right: 600px !important;padding-left: 50px !important;}&#8221;]<\/p>\n<p style=\"font-size: 25px; color: #575757;\">Cadastre as ocorr\u00eancias podendo anexar arquivos referentes ao sinistro e realize os respectivos lan\u00e7amentos financeiros, acompanhando os valores j\u00e1 vinculados.<\/p>\n<p>[\/vc_column_text][vc_column_text css=&#8221;.vc_custom_1680627510807{padding-right: 630px !important;padding-left: 50px !important;}&#8221;]<\/p>\n<p style=\"color: #676767;\">Conte com a op\u00e7\u00e3o de duplicar o registro da ocorr\u00eancia em casos de gastos extras ap\u00f3s o primeiro rateio, e visualize a quantidade de associados cadastrados assim como o n\u00famero de equipamentos vinculados a cada um.<\/p>\n<p>[\/vc_column_text][vc_empty_space height=&#8221;100&#8243;][\/vc_column][\/vc_row][vc_row full_width=&#8221;stretch_row_content&#8221; css=&#8221;.vc_custom_1676921146248{margin-top: -20px !important;padding-bottom: 50px !important;background-position: center !important;background-repeat: no-repeat !important;background-size: cover !important;}&#8221;][vc_column css=&#8221;.vc_custom_1680628215113{background-image: url(https:\/\/oimpresso.com\/ajuda\/wp-content\/uploads\/2023\/04\/Ocorrencias.png?id=10926) !important;background-position: center !important;background-repeat: no-repeat !important;background-size: cover !important;}&#8221; offset=&#8221;vc_hidden-lg vc_hidden-sm vc_hidden-xs&#8221;][vc_column_text css=&#8221;.vc_custom_1680627572255{padding-left: 50px !important;}&#8221;]<\/p>\n<h1 style=\"color: #474747;\" id=\"ocorrencias\" >Ocorr\u00eancias<\/h1>\n<p>[\/vc_column_text][vc_column_text css=&#8221;.vc_custom_1680627627085{padding-right: 600px !important;padding-left: 50px !important;}&#8221;]<\/p>\n<p style=\"font-size: 25px; color: #575757;\">Cadastre as ocorr\u00eancias podendo anexar arquivos referentes ao sinistro e realize os respectivos lan\u00e7amentos financeiros, acompanhando os valores j\u00e1 vinculados.<\/p>\n<p>[\/vc_column_text][vc_column_text css=&#8221;.vc_custom_1680627732046{padding-right: 600px !important;padding-left: 50px !important;}&#8221;]<\/p>\n<p style=\"color: #676767;\">Conte com a op\u00e7\u00e3o de duplicar o registro da ocorr\u00eancia em casos de gastos extras ap\u00f3s o primeiro rateio, e visualize a quantidade de associados cadastrados assim como o n\u00famero de equipamentos vinculados a cada um.<\/p>\n<p>[\/vc_column_text][vc_empty_space height=&#8221;100&#8243;][\/vc_column][\/vc_row][vc_row full_width=&#8221;stretch_row_content&#8221; css=&#8221;.vc_custom_1676921326147{margin-top: -65px !important;padding-bottom: 50px !important;background-position: center !important;background-repeat: no-repeat !important;background-size: cover !important;}&#8221;][vc_column css=&#8221;.vc_custom_1680628288125{background-position: center !important;background-repeat: no-repeat !important;background-size: cover !important;}&#8221; offset=&#8221;vc_hidden-lg vc_hidden-md vc_col-xs-12&#8243;][vc_column_text css=&#8221;.vc_custom_1680627760124{padding-right: 50px !important;padding-left: 50px !important;}&#8221;]<\/p>\n<h1 style=\"text-align: center; color: #474747;\" id=\"ocorrencias\" >Ocorr\u00eancias<\/h1>\n<p>[\/vc_column_text][vc_column_text css=&#8221;.vc_custom_1680627783155{padding-right: 10px !important;padding-left: 10px !important;}&#8221;]<\/p>\n<p style=\"font-size: 25px; text-align: center; color: #575757;\">Cadastre as ocorr\u00eancias podendo anexar arquivos referentes ao sinistro e realize os respectivos lan\u00e7amentos financeiros, acompanhando os valores j\u00e1 vinculados.<\/p>\n<p>[\/vc_column_text][vc_column_text css=&#8221;.vc_custom_1680627852787{padding-right: 10px !important;padding-left: 10px !important;}&#8221;]<\/p>\n<p style=\"color: #676767; text-align: center;\">Conte com a op\u00e7\u00e3o de duplicar o registro da ocorr\u00eancia em casos de gastos extras ap\u00f3s o primeiro rateio, e visualize a quantidade de associados cadastrados assim como o n\u00famero de equipamentos vinculados a cada um.<\/p>\n<p>[\/vc_column_text][\/vc_column][vc_column offset=&#8221;vc_hidden-lg vc_hidden-md vc_col-xs-12&#8243; css=&#8221;.vc_custom_1680628374120{background-image: url(https:\/\/oimpresso.com\/ajuda\/wp-content\/uploads\/2023\/04\/Ocorrencias-MOBILE.png?id=10925) !important;background-position: center !important;background-repeat: no-repeat !important;background-size: cover !important;}&#8221;][vc_empty_space height=&#8221;300&#8243;][\/vc_column][\/vc_row][vc_row full_width=&#8221;stretch_row_content&#8221; content_placement=&#8221;middle&#8221;][vc_column offset=&#8221;vc_hidden-sm vc_col-xs-12 vc_hidden-xs&#8221;][vc_column_text css=&#8221;.vc_custom_1680627898482{padding-right: 50px !important;padding-left: 50px !important;}&#8221;]<\/p>\n<h2 style=\"text-align: center; color: #474747;\" id=\"gerencie-suas-ocorrencias-de-forma-facil-e-simples-com-o-office-impresso\" >Gerencie suas ocorr\u00eancias de forma f\u00e1cil e simples com o Office Impresso<\/h2>\n<p>[\/vc_column_text][\/vc_column][vc_column offset=&#8221;vc_hidden-lg vc_hidden-md vc_col-xs-12&#8243;][vc_column_text css=&#8221;.vc_custom_1680627907898{padding-right: 10px !important;padding-left: 10px !important;}&#8221;]<\/p>\n<h2 style=\"text-align: center; color: #474747;\" id=\"gerencie-suas-ocorrencias-de-forma-facil-e-simples-com-o-office-impresso\" >Gerencie suas ocorr\u00eancias de forma f\u00e1cil e simples com o Office Impresso<\/h2>\n<p>[\/vc_column_text][vc_column_text css=&#8221;.vc_custom_1680628001858{padding-right: 10px !important;padding-left: 10px !important;}&#8221;]<\/p>\n<ul style=\"color: #676767;\">\n<li>Possibilidade de cadastrar ocorr\u00eancias na plataforma do Office Impresso<\/li>\n<li>Anexa\u00e7\u00e3o de arquivos referentes ao sinistro<\/li>\n<li>Lan\u00e7amentos financeiros relacionados \u00e0s ocorr\u00eancias<\/li>\n<li>Op\u00e7\u00e3o de duplicar o registro da ocorr\u00eancia em casos de gastos extras ap\u00f3s o primeiro rateio<\/li>\n<li>Visualiza\u00e7\u00e3o da quantidade de associados cadastrados e n\u00famero de equipamentos vinculados a cada um<\/li>\n<li>Agilidade e efici\u00eancia na gest\u00e3o de ocorr\u00eancias com o Office Impresso<\/li>\n<li>Centraliza\u00e7\u00e3o das informa\u00e7\u00f5es de ocorr\u00eancias em uma \u00fanica plataforma, evitando perda de dados ou informa\u00e7\u00f5es desencontradas<\/li>\n<li>Maior seguran\u00e7a e organiza\u00e7\u00e3o nas informa\u00e7\u00f5es, com a possibilidade de anexar arquivos referentes ao sinistro e ter tudo registrado em um s\u00f3 lugar<\/li>\n<li>Facilidade na realiza\u00e7\u00e3o de lan\u00e7amentos financeiros relacionados \u00e0s ocorr\u00eancias, evitando erros ou atrasos no processo<\/li>\n<li>Op\u00e7\u00e3o de duplicar o registro da ocorr\u00eancia em casos de gastos extras ap\u00f3s o primeiro rateio, proporcionando maior flexibilidade e agilidade no gerenciamento dos recursos<\/li>\n<li>Visualiza\u00e7\u00e3o da quantidade de associados cadastrados e n\u00famero de equipamentos vinculados a cada um, o que pode ajudar na tomada de decis\u00f5es estrat\u00e9gicas<\/li>\n<li>O Office Impresso permite uma gest\u00e3o de ocorr\u00eancias \u00e1gil e eficiente, garantindo que o neg\u00f3cio esteja sempre preparado para lidar com eventuais problemas e sinistros.<\/li>\n<\/ul>\n<\/div>\n<\/div>\n<p>[\/vc_column_text][\/vc_column][\/vc_row][vc_row][vc_column offset=&#8221;vc_hidden-sm vc_hidden-xs&#8221;][vc_column_text]<\/p>\n<ul style=\"color: #676767;\">\n<li>Possibilidade de cadastrar ocorr\u00eancias na plataforma do Office Impresso<\/li>\n<li>Anexa\u00e7\u00e3o de arquivos referentes ao sinistro<\/li>\n<li>Lan\u00e7amentos financeiros relacionados \u00e0s ocorr\u00eancias<\/li>\n<li>Op\u00e7\u00e3o de duplicar o registro da ocorr\u00eancia em casos de gastos extras ap\u00f3s o primeiro rateio<\/li>\n<li>Visualiza\u00e7\u00e3o da quantidade de associados cadastrados e n\u00famero de equipamentos vinculados a cada um<\/li>\n<li>Agilidade e efici\u00eancia na gest\u00e3o de ocorr\u00eancias com o Office Impresso<\/li>\n<li>Centraliza\u00e7\u00e3o das informa\u00e7\u00f5es de ocorr\u00eancias em uma \u00fanica plataforma, evitando perda de dados ou informa\u00e7\u00f5es desencontradas<\/li>\n<li>Maior seguran\u00e7a e organiza\u00e7\u00e3o nas informa\u00e7\u00f5es, com a possibilidade de anexar arquivos referentes ao sinistro e ter tudo registrado em um s\u00f3 lugar<\/li>\n<li>Facilidade na realiza\u00e7\u00e3o de lan\u00e7amentos financeiros relacionados \u00e0s ocorr\u00eancias, evitando erros ou atrasos no processo<\/li>\n<li>Op\u00e7\u00e3o de duplicar o registro da ocorr\u00eancia em casos de gastos extras ap\u00f3s o primeiro rateio, proporcionando maior flexibilidade e agilidade no gerenciamento dos recursos<\/li>\n<li>Visualiza\u00e7\u00e3o da quantidade de associados cadastrados e n\u00famero de equipamentos vinculados a cada um, o que pode ajudar na tomada de decis\u00f5es estrat\u00e9gicas<\/li>\n<li>O Office Impresso permite uma gest\u00e3o de ocorr\u00eancias \u00e1gil e eficiente, garantindo que o neg\u00f3cio esteja sempre preparado para lidar com eventuais problemas e sinistros.<\/li>\n<\/ul>\n<p>[\/vc_column_text][\/vc_column][\/vc_row]<\/p>\n","protected":false},"excerpt":{"rendered":"<p>[vc_row full_width=&#8221;stretch_row_content&#8221; css=&#8221;.vc_custom_1676920898231{margin-top: -70px !important;padding-bottom: 50px !important;background-position: center !important;background-repeat: no-repeat !important;background-size: cover !important;}&#8221;][vc_column css=&#8221;.vc_custom_1680627435498{background-image: url(https:\/\/oimpresso.com\/ajuda\/wp-content\/uploads\/2023\/04\/Ocorrencias.png?id=10926) !important;background-position: center !important;background-repeat: no-repeat !important;background-size: cover !important;}&#8221; offset=&#8221;vc_hidden-md vc_hidden-sm vc_hidden-xs&#8221;][vc_column_text css=&#8221;.vc_custom_1680627467097{padding-left: 50px !important;}&#8221;] Ocorr\u00eancias [\/vc_column_text][vc_column_text css=&#8221;.vc_custom_1680627708269{padding-right: 600px !important;padding-left: 50px !important;}&#8221;] Cadastre as ocorr\u00eancias podendo anexar arquivos referentes ao sinistro e realize os respectivos lan\u00e7amentos financeiros, acompanhando os valores j\u00e1 vinculados. &hellip; <a href=\"https:\/\/oimpresso.com\/ajuda\/ocorrencias\/\">Continued<\/a><\/p>\n","protected":false},"author":8,"featured_media":0,"parent":0,"menu_order":0,"comment_status":"closed","ping_status":"closed","template":"","meta":{"_bbp_topic_count":0,"_bbp_reply_count":0,"_bbp_total_topic_count":0,"_bbp_total_reply_count":0,"_bbp_voice_count":0,"_bbp_anonymous_reply_count":0,"_bbp_topic_count_hidden":0,"_bbp_reply_count_hidden":0,"_bbp_forum_subforum_count":0,"om_disable_all_campaigns":false,"_mi_skip_tracking":false},"yoast_head":"<!-- This site is optimized with the Yoast SEO plugin v20.5 - https:\/\/yoast.com\/wordpress\/plugins\/seo\/ -->\n<title>Ocorr\u00eancias<\/title>\n<meta name=\"robots\" content=\"index, follow, max-snippet:-1, max-image-preview:large, max-video-preview:-1\" \/>\n<link rel=\"canonical\" href=\"https:\/\/oimpresso.com\/ajuda\/ocorrencias\/\" \/>\n<meta property=\"og:locale\" content=\"pt_BR\" \/>\n<meta property=\"og:type\" content=\"article\" \/>\n<meta property=\"og:title\" content=\"Ocorr\u00eancias\" \/>\n<meta property=\"og:description\" content=\"[vc_row full_width=&#8221;stretch_row_content&#8221; css=&#8221;.vc_custom_1676920898231{margin-top: -70px !important;padding-bottom: 50px !important;background-position: center !important;background-repeat: no-repeat !important;background-size: cover !important;}&#8221;][vc_column css=&#8221;.vc_custom_1680627435498{background-image: url(https:\/\/oimpresso.com\/ajuda\/wp-content\/uploads\/2023\/04\/Ocorrencias.png?id=10926) !important;background-position: center !important;background-repeat: no-repeat !important;background-size: cover !important;}&#8221; offset=&#8221;vc_hidden-md vc_hidden-sm vc_hidden-xs&#8221;][vc_column_text css=&#8221;.vc_custom_1680627467097{padding-left: 50px !important;}&#8221;] Ocorr\u00eancias [\/vc_column_text][vc_column_text css=&#8221;.vc_custom_1680627708269{padding-right: 600px !important;padding-left: 50px !important;}&#8221;] Cadastre as ocorr\u00eancias podendo anexar arquivos referentes ao sinistro e realize os respectivos lan\u00e7amentos financeiros, acompanhando os valores j\u00e1 vinculados. &hellip; Continued\" \/>\n<meta property=\"og:url\" content=\"https:\/\/oimpresso.com\/ajuda\/ocorrencias\/\" \/>\n<meta property=\"og:site_name\" content=\"Office Impresso\" \/>\n<meta property=\"article:modified_time\" content=\"2023-04-04T17:13:42+00:00\" \/>\n<meta name=\"twitter:card\" content=\"summary_large_image\" \/>\n<meta name=\"twitter:label1\" content=\"Est. tempo de leitura\" \/>\n\t<meta name=\"twitter:data1\" content=\"6 minutos\" \/>\n<script type=\"application\/ld+json\" class=\"yoast-schema-graph\">{\"@context\":\"https:\/\/schema.org\",\"@graph\":[{\"@type\":\"WebPage\",\"@id\":\"https:\/\/oimpresso.com\/ajuda\/ocorrencias\/\",\"url\":\"https:\/\/oimpresso.com\/ajuda\/ocorrencias\/\",\"name\":\"Ocorr\u00eancias\",\"isPartOf\":{\"@id\":\"https:\/\/oimpresso.com\/ajuda\/#website\"},\"datePublished\":\"2023-01-16T19:50:12+00:00\",\"dateModified\":\"2023-04-04T17:13:42+00:00\",\"breadcrumb\":{\"@id\":\"https:\/\/oimpresso.com\/ajuda\/ocorrencias\/#breadcrumb\"},\"inLanguage\":\"pt-BR\",\"potentialAction\":[{\"@type\":\"ReadAction\",\"target\":[\"https:\/\/oimpresso.com\/ajuda\/ocorrencias\/\"]}]},{\"@type\":\"BreadcrumbList\",\"@id\":\"https:\/\/oimpresso.com\/ajuda\/ocorrencias\/#breadcrumb\",\"itemListElement\":[{\"@type\":\"ListItem\",\"position\":1,\"name\":\"In\u00edcio\",\"item\":\"https:\/\/oimpresso.com\/ajuda\/\"},{\"@type\":\"ListItem\",\"position\":2,\"name\":\"Ocorr\u00eancias\"}]},{\"@type\":\"WebSite\",\"@id\":\"https:\/\/oimpresso.com\/ajuda\/#website\",\"url\":\"https:\/\/oimpresso.com\/ajuda\/\",\"name\":\"Office Impresso\",\"description\":\"Portal de Ajuda\",\"publisher\":{\"@id\":\"https:\/\/oimpresso.com\/ajuda\/#organization\"},\"potentialAction\":[{\"@type\":\"SearchAction\",\"target\":{\"@type\":\"EntryPoint\",\"urlTemplate\":\"https:\/\/oimpresso.com\/ajuda\/?s={search_term_string}\"},\"query-input\":\"required name=search_term_string\"}],\"inLanguage\":\"pt-BR\"},{\"@type\":\"Organization\",\"@id\":\"https:\/\/oimpresso.com\/ajuda\/#organization\",\"name\":\"Office Impresso\",\"url\":\"https:\/\/oimpresso.com\/ajuda\/\",\"logo\":{\"@type\":\"ImageObject\",\"inLanguage\":\"pt-BR\",\"@id\":\"https:\/\/oimpresso.com\/ajuda\/#\/schema\/logo\/image\/\",\"url\":\"https:\/\/oimpresso.com\/ajuda\/wp-content\/uploads\/2023\/04\/LOGO-PRETA-Office-Impresso-e1680706829226.png\",\"contentUrl\":\"https:\/\/oimpresso.com\/ajuda\/wp-content\/uploads\/2023\/04\/LOGO-PRETA-Office-Impresso-e1680706829226.png\",\"width\":275,\"height\":77,\"caption\":\"Office Impresso\"},\"image\":{\"@id\":\"https:\/\/oimpresso.com\/ajuda\/#\/schema\/logo\/image\/\"}}]}<\/script>\n<!-- \/ Yoast SEO plugin. -->","yoast_head_json":{"title":"Ocorr\u00eancias","robots":{"index":"index","follow":"follow","max-snippet":"max-snippet:-1","max-image-preview":"max-image-preview:large","max-video-preview":"max-video-preview:-1"},"canonical":"https:\/\/oimpresso.com\/ajuda\/ocorrencias\/","og_locale":"pt_BR","og_type":"article","og_title":"Ocorr\u00eancias","og_description":"[vc_row full_width=&#8221;stretch_row_content&#8221; css=&#8221;.vc_custom_1676920898231{margin-top: -70px !important;padding-bottom: 50px !important;background-position: center !important;background-repeat: no-repeat !important;background-size: cover !important;}&#8221;][vc_column css=&#8221;.vc_custom_1680627435498{background-image: url(https:\/\/oimpresso.com\/ajuda\/wp-content\/uploads\/2023\/04\/Ocorrencias.png?id=10926) !important;background-position: center !important;background-repeat: no-repeat !important;background-size: cover !important;}&#8221; offset=&#8221;vc_hidden-md vc_hidden-sm vc_hidden-xs&#8221;][vc_column_text css=&#8221;.vc_custom_1680627467097{padding-left: 50px !important;}&#8221;] Ocorr\u00eancias [\/vc_column_text][vc_column_text css=&#8221;.vc_custom_1680627708269{padding-right: 600px !important;padding-left: 50px !important;}&#8221;] Cadastre as ocorr\u00eancias podendo anexar arquivos referentes ao sinistro e realize os respectivos lan\u00e7amentos financeiros, acompanhando os valores j\u00e1 vinculados. &hellip; Continued","og_url":"https:\/\/oimpresso.com\/ajuda\/ocorrencias\/","og_site_name":"Office Impresso","article_modified_time":"2023-04-04T17:13:42+00:00","twitter_card":"summary_large_image","twitter_misc":{"Est. tempo de leitura":"6 minutos"},"schema":{"@context":"https:\/\/schema.org","@graph":[{"@type":"WebPage","@id":"https:\/\/oimpresso.com\/ajuda\/ocorrencias\/","url":"https:\/\/oimpresso.com\/ajuda\/ocorrencias\/","name":"Ocorr\u00eancias","isPartOf":{"@id":"https:\/\/oimpresso.com\/ajuda\/#website"},"datePublished":"2023-01-16T19:50:12+00:00","dateModified":"2023-04-04T17:13:42+00:00","breadcrumb":{"@id":"https:\/\/oimpresso.com\/ajuda\/ocorrencias\/#breadcrumb"},"inLanguage":"pt-BR","potentialAction":[{"@type":"ReadAction","target":["https:\/\/oimpresso.com\/ajuda\/ocorrencias\/"]}]},{"@type":"BreadcrumbList","@id":"https:\/\/oimpresso.com\/ajuda\/ocorrencias\/#breadcrumb","itemListElement":[{"@type":"ListItem","position":1,"name":"In\u00edcio","item":"https:\/\/oimpresso.com\/ajuda\/"},{"@type":"ListItem","position":2,"name":"Ocorr\u00eancias"}]},{"@type":"WebSite","@id":"https:\/\/oimpresso.com\/ajuda\/#website","url":"https:\/\/oimpresso.com\/ajuda\/","name":"Office Impresso","description":"Portal de Ajuda","publisher":{"@id":"https:\/\/oimpresso.com\/ajuda\/#organization"},"potentialAction":[{"@type":"SearchAction","target":{"@type":"EntryPoint","urlTemplate":"https:\/\/oimpresso.com\/ajuda\/?s={search_term_string}"},"query-input":"required name=search_term_string"}],"inLanguage":"pt-BR"},{"@type":"Organization","@id":"https:\/\/oimpresso.com\/ajuda\/#organization","name":"Office Impresso","url":"https:\/\/oimpresso.com\/ajuda\/","logo":{"@type":"ImageObject","inLanguage":"pt-BR","@id":"https:\/\/oimpresso.com\/ajuda\/#\/schema\/logo\/image\/","url":"https:\/\/oimpresso.com\/ajuda\/wp-content\/uploads\/2023\/04\/LOGO-PRETA-Office-Impresso-e1680706829226.png","contentUrl":"https:\/\/oimpresso.com\/ajuda\/wp-content\/uploads\/2023\/04\/LOGO-PRETA-Office-Impresso-e1680706829226.png","width":275,"height":77,"caption":"Office Impresso"},"image":{"@id":"https:\/\/oimpresso.com\/ajuda\/#\/schema\/logo\/image\/"}}]}},"_links":{"self":[{"href":"https:\/\/oimpresso.com\/ajuda\/wp-json\/wp\/v2\/pages\/7794"}],"collection":[{"href":"https:\/\/oimpresso.com\/ajuda\/wp-json\/wp\/v2\/pages"}],"about":[{"href":"https:\/\/oimpresso.com\/ajuda\/wp-json\/wp\/v2\/types\/page"}],"author":[{"embeddable":true,"href":"https:\/\/oimpresso.com\/ajuda\/wp-json\/wp\/v2\/users\/8"}],"replies":[{"embeddable":true,"href":"https:\/\/oimpresso.com\/ajuda\/wp-json\/wp\/v2\/comments?post=7794"}],"version-history":[{"count":13,"href":"https:\/\/oimpresso.com\/ajuda\/wp-json\/wp\/v2\/pages\/7794\/revisions"}],"predecessor-version":[{"id":10928,"href":"https:\/\/oimpresso.com\/ajuda\/wp-json\/wp\/v2\/pages\/7794\/revisions\/10928"}],"wp:attachment":[{"href":"https:\/\/oimpresso.com\/ajuda\/wp-json\/wp\/v2\/media?parent=7794"}],"curies":[{"name":"wp","href":"https:\/\/api.w.org\/{rel}","templated":true}]}}