{"id":7786,"date":"2023-01-16T16:48:41","date_gmt":"2023-01-16T19:48:41","guid":{"rendered":"https:\/\/oimpresso.com\/ajuda\/?page_id=7786"},"modified":"2023-04-04T08:52:55","modified_gmt":"2023-04-04T11:52:55","slug":"folha-de-pagamento","status":"publish","type":"page","link":"https:\/\/oimpresso.com\/ajuda\/folha-de-pagamento\/","title":{"rendered":"Folha de Pagamento"},"content":{"rendered":"<p>[vc_row full_width=&#8221;stretch_row_content&#8221; css=&#8221;.vc_custom_1676920898231{margin-top: -70px !important;padding-bottom: 50px !important;background-position: center !important;background-repeat: no-repeat !important;background-size: cover !important;}&#8221;][vc_column css=&#8221;.vc_custom_1679579887907{background-image: url(https:\/\/oimpresso.com\/ajuda\/wp-content\/uploads\/2023\/03\/Folha-de-Pagamento.png?id=10243) !important;background-position: center !important;background-repeat: no-repeat !important;background-size: cover !important;}&#8221; offset=&#8221;vc_hidden-md vc_hidden-sm vc_hidden-xs&#8221;][vc_column_text css=&#8221;.vc_custom_1680608803460{padding-left: 50px !important;}&#8221;]<\/p>\n<h1 style=\"color: #474747;\" id=\"folha-de-pagamento\" >Folha de Pagamento<\/h1>\n<p>[\/vc_column_text][vc_column_text css=&#8221;.vc_custom_1680608845942{padding-right: 600px !important;padding-left: 50px !important;}&#8221;]<\/p>\n<p style=\"color: #575757; font-size: 25px;\">Elabore as folhas de pagamento detalhando informa\u00e7\u00f5es como o n\u00famero de horas extras, sal\u00e1rio, 13\u00ba sal\u00e1rio, adiantamento, FGTS e INSS.<\/p>\n<p>[\/vc_column_text][vc_column_text css=&#8221;.vc_custom_1680608891414{padding-right: 630px !important;padding-left: 50px !important;}&#8221;]<\/p>\n<p style=\"color: #676767;\">O Office Impresso te auxilia a realizar o processo vinculando o plano de contas e a conta banc\u00e1ria que ser\u00e3o utilizadas para um melhor controle do financeiro da empresa.<\/p>\n<p>[\/vc_column_text][vc_column_text css=&#8221;.vc_custom_1680207583710{padding-left: 50px !important;}&#8221;]<a class=\"fancybox-iframe\" style=\"display: flex; align-items: center; justify-content: center; width: 100%; max-width: 200px; height: 45px; border-radius: 25px; background: #80387B; background-image: linear-gradient(to bottom, #80387B, #CF61CA); border: none; color: #ffffff; font-size: 16px; cursor: pointer; text-align: center; text-decoration: none;\" href=\"https:\/\/oimpresso.com\/ajuda\/solicitar-proposta\/\">Conhe\u00e7a um Especialista<\/a>[\/vc_column_text][vc_empty_space height=&#8221;100&#8243;][\/vc_column][\/vc_row][vc_row full_width=&#8221;stretch_row_content&#8221; css=&#8221;.vc_custom_1676921146248{margin-top: -20px !important;padding-bottom: 50px !important;background-position: center !important;background-repeat: no-repeat !important;background-size: cover !important;}&#8221;][vc_column css=&#8221;.vc_custom_1679579863982{background-image: url(https:\/\/oimpresso.com\/ajuda\/wp-content\/uploads\/2023\/03\/Folha-de-Pagamento.png?id=10243) !important;background-position: center !important;background-repeat: no-repeat !important;background-size: cover !important;}&#8221; offset=&#8221;vc_hidden-lg vc_hidden-sm vc_hidden-xs&#8221;][vc_column_text css=&#8221;.vc_custom_1680608929430{padding-left: 50px !important;}&#8221;]<\/p>\n<h1 style=\"color: #474747;\" id=\"folha-de-pagamento\" >Folha de Pagamento<\/h1>\n<p>[\/vc_column_text][vc_column_text css=&#8221;.vc_custom_1680608968812{padding-right: 600px !important;padding-left: 50px !important;}&#8221;]<\/p>\n<p style=\"color: #575757; font-size: 25px;\">Elabore as folhas de pagamento detalhando informa\u00e7\u00f5es como o n\u00famero de horas extras, sal\u00e1rio, 13\u00ba sal\u00e1rio, adiantamento, FGTS e INSS.<\/p>\n<p>[\/vc_column_text][vc_column_text css=&#8221;.vc_custom_1680609002700{padding-right: 600px !important;padding-left: 50px !important;}&#8221;]<\/p>\n<p style=\"color: #676767;\">O Office Impresso te auxilia a realizar o processo vinculando o plano de contas e a conta banc\u00e1ria que ser\u00e3o utilizadas para um melhor controle do financeiro da empresa.<\/p>\n<p>[\/vc_column_text][vc_column_text css=&#8221;.vc_custom_1680207608441{padding-left: 50px !important;}&#8221;]<a class=\"fancybox-iframe\" style=\"display: flex; align-items: center; justify-content: center; width: 100%; max-width: 200px; height: 45px; border-radius: 25px; background: #80387B; background-image: linear-gradient(to bottom, #80387B, #CF61CA); border: none; color: #ffffff; font-size: 16px; cursor: pointer; text-align: center; text-decoration: none;\" href=\"https:\/\/oimpresso.com\/ajuda\/solicitar-proposta\/\">Conhe\u00e7a um Especialista<\/a>[\/vc_column_text][vc_empty_space height=&#8221;100&#8243;][\/vc_column][\/vc_row][vc_row full_width=&#8221;stretch_row_content&#8221; css=&#8221;.vc_custom_1676921326147{margin-top: -65px !important;padding-bottom: 50px !important;background-position: center !important;background-repeat: no-repeat !important;background-size: cover !important;}&#8221;][vc_column css=&#8221;.vc_custom_1676921921382{background-position: center !important;background-repeat: no-repeat !important;background-size: cover !important;}&#8221; offset=&#8221;vc_hidden-lg vc_hidden-md vc_col-xs-12&#8243;][vc_column_text css=&#8221;.vc_custom_1680609015510{padding-right: 50px !important;padding-left: 50px !important;}&#8221;]<\/p>\n<h1 style=\"text-align: center; color: #474747;\" id=\"folha-de-pagamento\" >Folha de Pagamento<\/h1>\n<p>[\/vc_column_text][vc_column_text css=&#8221;.vc_custom_1680609073884{padding-right: 10px !important;padding-left: 10px !important;}&#8221;]<\/p>\n<p style=\"text-align: center; color: #575757; font-size: 25px;\">Elabore as folhas de pagamento detalhando informa\u00e7\u00f5es como o n\u00famero de horas extras, sal\u00e1rio, 13\u00ba sal\u00e1rio, adiantamento, FGTS e INSS.<\/p>\n<p>[\/vc_column_text][vc_column_text css=&#8221;.vc_custom_1680609084900{padding-right: 10px !important;padding-left: 10px !important;}&#8221;]<\/p>\n<p style=\"text-align: center; color: #676767;\">O Office Impresso te auxilia a realizar o processo vinculando o plano de contas e a conta banc\u00e1ria que ser\u00e3o utilizadas para um melhor controle do financeiro da empresa.<\/p>\n<p>[\/vc_column_text][vc_column_text css=&#8221;.vc_custom_1680207635985{margin-top: 20px !important;}&#8221;]<a style=\"width: 190px; height: 45px; border-radius: 25px; background: #80387B; background-image: linear-gradient(to bottom, #80387B, #CF61CA); border: none; color: #FFFFFF; font-size: 16px; cursor: pointer; display: flex; justify-content: center; align-items: center; margin: 0 auto; text-decoration: none;\" href=\"https:\/\/oimpresso.com\/ajuda\/solicitar-proposta\/;\">Conhe\u00e7a um Especialista<\/a>[\/vc_column_text][vc_row_inner][vc_column_inner css=&#8221;.vc_custom_1679579981583{background-image: url(https:\/\/oimpresso.com\/ajuda\/wp-content\/uploads\/2023\/03\/Folha-de-Pagamento-MOBILE.png?id=10244) !important;background-position: center !important;background-repeat: no-repeat !important;background-size: cover !important;}&#8221;][vc_empty_space height=&#8221;300&#8243;][\/vc_column_inner][\/vc_row_inner][\/vc_column][\/vc_row][vc_row full_width=&#8221;stretch_row_content&#8221; content_placement=&#8221;middle&#8221;][vc_column offset=&#8221;vc_hidden-sm vc_col-xs-12 vc_hidden-xs&#8221;][vc_column_text css=&#8221;.vc_custom_1680609103740{padding-right: 50px !important;padding-left: 50px !important;}&#8221;]<\/p>\n<h2 style=\"text-align: center; color: #474747;\" id=\"elabore-suas-folhas-de-pagamento-de-forma-simples-e-eficiente-com-o-office-impresso\" >Elabore suas folhas de pagamento de forma simples e eficiente com o Office Impresso<\/h2>\n<p>[\/vc_column_text][\/vc_column][vc_column offset=&#8221;vc_hidden-lg vc_hidden-md vc_col-xs-12&#8243;][vc_column_text css=&#8221;.vc_custom_1680609119331{padding-right: 10px !important;padding-left: 10px !important;}&#8221;]<\/p>\n<h2 style=\"text-align: center; color: #474747;\" id=\"elabore-suas-folhas-de-pagamento-de-forma-simples-e-eficiente-com-o-office-impresso\" >Elabore suas folhas de pagamento de forma simples e eficiente com o Office Impresso<\/h2>\n<p>[\/vc_column_text][vc_separator][\/vc_column][\/vc_row][vc_row][vc_column offset=&#8221;vc_hidden-sm vc_hidden-xs&#8221;][vc_column_text]<\/p>\n<ul style=\"color: #676767;\">\n<li>O Office Impresso permite a elabora\u00e7\u00e3o de folhas de pagamento detalhadas, incluindo informa\u00e7\u00f5es como horas extras, sal\u00e1rio, 13\u00ba sal\u00e1rio, adiantamento, FGTS e INSS.<\/li>\n<li>O processo de elabora\u00e7\u00e3o da folha de pagamento \u00e9 vinculado ao plano de contas e conta banc\u00e1ria, o que garante um melhor controle financeiro para a empresa.<\/li>\n<li>Com o uso do Office Impresso, \u00e9 poss\u00edvel automatizar a elabora\u00e7\u00e3o da folha de pagamento, o que aumenta a efici\u00eancia e reduz erros manuais.<\/li>\n<li>Al\u00e9m disso, a plataforma permite a emiss\u00e3o de comprovantes de pagamento de forma r\u00e1pida e f\u00e1cil, facilitando o processo para o departamento de Recursos Humanos e para os funcion\u00e1rios<\/li>\n<li>O Office Impresso oferece uma solu\u00e7\u00e3o para elabora\u00e7\u00e3o de folhas de pagamento<\/li>\n<\/ul>\n<p>[\/vc_column_text][\/vc_column][\/vc_row][vc_row][vc_column offset=&#8221;vc_hidden-lg vc_hidden-md&#8221;][vc_column_text]<\/p>\n<ul style=\"color: #474747;\">\n<li>O Office Impresso permite a elabora\u00e7\u00e3o de folhas de pagamento detalhadas, incluindo informa\u00e7\u00f5es como horas extras, sal\u00e1rio, 13\u00ba sal\u00e1rio, adiantamento, FGTS e INSS.<\/li>\n<li>O processo de elabora\u00e7\u00e3o da folha de pagamento \u00e9 vinculado ao plano de contas e conta banc\u00e1ria, o que garante um melhor controle financeiro para a empresa.<\/li>\n<li>Com o uso do Office Impresso, \u00e9 poss\u00edvel automatizar a elabora\u00e7\u00e3o da folha de pagamento, o que aumenta a efici\u00eancia e reduz erros manuais.<\/li>\n<li>Al\u00e9m disso, a plataforma permite a emiss\u00e3o de comprovantes de pagamento de forma r\u00e1pida e f\u00e1cil, facilitando o processo para o departamento de Recursos Humanos e para os funcion\u00e1rios<\/li>\n<li>O Office Impresso oferece uma solu\u00e7\u00e3o para elabora\u00e7\u00e3o de folhas de pagamento<\/li>\n<\/ul>\n<p>[\/vc_column_text][\/vc_column][\/vc_row]<\/p>\n","protected":false},"excerpt":{"rendered":"<p>[vc_row full_width=&#8221;stretch_row_content&#8221; css=&#8221;.vc_custom_1676920898231{margin-top: -70px !important;padding-bottom: 50px !important;background-position: center !important;background-repeat: no-repeat !important;background-size: cover !important;}&#8221;][vc_column css=&#8221;.vc_custom_1679579887907{background-image: url(https:\/\/oimpresso.com\/ajuda\/wp-content\/uploads\/2023\/03\/Folha-de-Pagamento.png?id=10243) !important;background-position: center !important;background-repeat: no-repeat !important;background-size: cover !important;}&#8221; offset=&#8221;vc_hidden-md vc_hidden-sm vc_hidden-xs&#8221;][vc_column_text css=&#8221;.vc_custom_1680608803460{padding-left: 50px !important;}&#8221;] Folha de Pagamento [\/vc_column_text][vc_column_text css=&#8221;.vc_custom_1680608845942{padding-right: 600px !important;padding-left: 50px !important;}&#8221;] Elabore as folhas de pagamento detalhando informa\u00e7\u00f5es como o n\u00famero de horas extras, sal\u00e1rio, 13\u00ba sal\u00e1rio, adiantamento, FGTS &hellip; <a href=\"https:\/\/oimpresso.com\/ajuda\/folha-de-pagamento\/\">Continued<\/a><\/p>\n","protected":false},"author":8,"featured_media":0,"parent":0,"menu_order":0,"comment_status":"closed","ping_status":"closed","template":"","meta":{"_bbp_topic_count":0,"_bbp_reply_count":0,"_bbp_total_topic_count":0,"_bbp_total_reply_count":0,"_bbp_voice_count":0,"_bbp_anonymous_reply_count":0,"_bbp_topic_count_hidden":0,"_bbp_reply_count_hidden":0,"_bbp_forum_subforum_count":0,"om_disable_all_campaigns":false,"_mi_skip_tracking":false},"yoast_head":"<!-- This site is optimized with the Yoast SEO plugin v20.5 - https:\/\/yoast.com\/wordpress\/plugins\/seo\/ -->\n<title>Folha de Pagamento<\/title>\n<meta name=\"robots\" content=\"index, follow, max-snippet:-1, max-image-preview:large, max-video-preview:-1\" \/>\n<link rel=\"canonical\" href=\"https:\/\/oimpresso.com\/ajuda\/folha-de-pagamento\/\" \/>\n<meta property=\"og:locale\" content=\"pt_BR\" \/>\n<meta property=\"og:type\" content=\"article\" \/>\n<meta property=\"og:title\" content=\"Folha de Pagamento\" \/>\n<meta property=\"og:description\" content=\"[vc_row full_width=&#8221;stretch_row_content&#8221; css=&#8221;.vc_custom_1676920898231{margin-top: -70px !important;padding-bottom: 50px !important;background-position: center !important;background-repeat: no-repeat !important;background-size: cover !important;}&#8221;][vc_column css=&#8221;.vc_custom_1679579887907{background-image: url(https:\/\/oimpresso.com\/ajuda\/wp-content\/uploads\/2023\/03\/Folha-de-Pagamento.png?id=10243) !important;background-position: center !important;background-repeat: no-repeat !important;background-size: cover !important;}&#8221; offset=&#8221;vc_hidden-md vc_hidden-sm vc_hidden-xs&#8221;][vc_column_text css=&#8221;.vc_custom_1680608803460{padding-left: 50px !important;}&#8221;] Folha de Pagamento [\/vc_column_text][vc_column_text css=&#8221;.vc_custom_1680608845942{padding-right: 600px !important;padding-left: 50px !important;}&#8221;] Elabore as folhas de pagamento detalhando informa\u00e7\u00f5es como o n\u00famero de horas extras, sal\u00e1rio, 13\u00ba sal\u00e1rio, adiantamento, FGTS &hellip; Continued\" \/>\n<meta property=\"og:url\" content=\"https:\/\/oimpresso.com\/ajuda\/folha-de-pagamento\/\" \/>\n<meta property=\"og:site_name\" content=\"Office Impresso\" \/>\n<meta property=\"article:modified_time\" content=\"2023-04-04T11:52:55+00:00\" \/>\n<meta name=\"twitter:card\" content=\"summary_large_image\" \/>\n<meta name=\"twitter:label1\" content=\"Est. tempo de leitura\" \/>\n\t<meta name=\"twitter:data1\" content=\"5 minutos\" \/>\n<script type=\"application\/ld+json\" class=\"yoast-schema-graph\">{\"@context\":\"https:\/\/schema.org\",\"@graph\":[{\"@type\":\"WebPage\",\"@id\":\"https:\/\/oimpresso.com\/ajuda\/folha-de-pagamento\/\",\"url\":\"https:\/\/oimpresso.com\/ajuda\/folha-de-pagamento\/\",\"name\":\"Folha de Pagamento\",\"isPartOf\":{\"@id\":\"https:\/\/oimpresso.com\/ajuda\/#website\"},\"datePublished\":\"2023-01-16T19:48:41+00:00\",\"dateModified\":\"2023-04-04T11:52:55+00:00\",\"breadcrumb\":{\"@id\":\"https:\/\/oimpresso.com\/ajuda\/folha-de-pagamento\/#breadcrumb\"},\"inLanguage\":\"pt-BR\",\"potentialAction\":[{\"@type\":\"ReadAction\",\"target\":[\"https:\/\/oimpresso.com\/ajuda\/folha-de-pagamento\/\"]}]},{\"@type\":\"BreadcrumbList\",\"@id\":\"https:\/\/oimpresso.com\/ajuda\/folha-de-pagamento\/#breadcrumb\",\"itemListElement\":[{\"@type\":\"ListItem\",\"position\":1,\"name\":\"In\u00edcio\",\"item\":\"https:\/\/oimpresso.com\/ajuda\/\"},{\"@type\":\"ListItem\",\"position\":2,\"name\":\"Folha de Pagamento\"}]},{\"@type\":\"WebSite\",\"@id\":\"https:\/\/oimpresso.com\/ajuda\/#website\",\"url\":\"https:\/\/oimpresso.com\/ajuda\/\",\"name\":\"Office Impresso\",\"description\":\"Portal de Ajuda\",\"publisher\":{\"@id\":\"https:\/\/oimpresso.com\/ajuda\/#organization\"},\"potentialAction\":[{\"@type\":\"SearchAction\",\"target\":{\"@type\":\"EntryPoint\",\"urlTemplate\":\"https:\/\/oimpresso.com\/ajuda\/?s={search_term_string}\"},\"query-input\":\"required name=search_term_string\"}],\"inLanguage\":\"pt-BR\"},{\"@type\":\"Organization\",\"@id\":\"https:\/\/oimpresso.com\/ajuda\/#organization\",\"name\":\"Office Impresso\",\"url\":\"https:\/\/oimpresso.com\/ajuda\/\",\"logo\":{\"@type\":\"ImageObject\",\"inLanguage\":\"pt-BR\",\"@id\":\"https:\/\/oimpresso.com\/ajuda\/#\/schema\/logo\/image\/\",\"url\":\"https:\/\/oimpresso.com\/ajuda\/wp-content\/uploads\/2023\/04\/LOGO-PRETA-Office-Impresso-e1680706829226.png\",\"contentUrl\":\"https:\/\/oimpresso.com\/ajuda\/wp-content\/uploads\/2023\/04\/LOGO-PRETA-Office-Impresso-e1680706829226.png\",\"width\":275,\"height\":77,\"caption\":\"Office Impresso\"},\"image\":{\"@id\":\"https:\/\/oimpresso.com\/ajuda\/#\/schema\/logo\/image\/\"}}]}<\/script>\n<!-- \/ Yoast SEO plugin. -->","yoast_head_json":{"title":"Folha de Pagamento","robots":{"index":"index","follow":"follow","max-snippet":"max-snippet:-1","max-image-preview":"max-image-preview:large","max-video-preview":"max-video-preview:-1"},"canonical":"https:\/\/oimpresso.com\/ajuda\/folha-de-pagamento\/","og_locale":"pt_BR","og_type":"article","og_title":"Folha de Pagamento","og_description":"[vc_row full_width=&#8221;stretch_row_content&#8221; css=&#8221;.vc_custom_1676920898231{margin-top: -70px !important;padding-bottom: 50px !important;background-position: center !important;background-repeat: no-repeat !important;background-size: cover !important;}&#8221;][vc_column css=&#8221;.vc_custom_1679579887907{background-image: url(https:\/\/oimpresso.com\/ajuda\/wp-content\/uploads\/2023\/03\/Folha-de-Pagamento.png?id=10243) !important;background-position: center !important;background-repeat: no-repeat !important;background-size: cover !important;}&#8221; offset=&#8221;vc_hidden-md vc_hidden-sm vc_hidden-xs&#8221;][vc_column_text css=&#8221;.vc_custom_1680608803460{padding-left: 50px !important;}&#8221;] Folha de Pagamento [\/vc_column_text][vc_column_text css=&#8221;.vc_custom_1680608845942{padding-right: 600px !important;padding-left: 50px !important;}&#8221;] Elabore as folhas de pagamento detalhando informa\u00e7\u00f5es como o n\u00famero de horas extras, sal\u00e1rio, 13\u00ba sal\u00e1rio, adiantamento, FGTS &hellip; Continued","og_url":"https:\/\/oimpresso.com\/ajuda\/folha-de-pagamento\/","og_site_name":"Office Impresso","article_modified_time":"2023-04-04T11:52:55+00:00","twitter_card":"summary_large_image","twitter_misc":{"Est. tempo de leitura":"5 minutos"},"schema":{"@context":"https:\/\/schema.org","@graph":[{"@type":"WebPage","@id":"https:\/\/oimpresso.com\/ajuda\/folha-de-pagamento\/","url":"https:\/\/oimpresso.com\/ajuda\/folha-de-pagamento\/","name":"Folha de Pagamento","isPartOf":{"@id":"https:\/\/oimpresso.com\/ajuda\/#website"},"datePublished":"2023-01-16T19:48:41+00:00","dateModified":"2023-04-04T11:52:55+00:00","breadcrumb":{"@id":"https:\/\/oimpresso.com\/ajuda\/folha-de-pagamento\/#breadcrumb"},"inLanguage":"pt-BR","potentialAction":[{"@type":"ReadAction","target":["https:\/\/oimpresso.com\/ajuda\/folha-de-pagamento\/"]}]},{"@type":"BreadcrumbList","@id":"https:\/\/oimpresso.com\/ajuda\/folha-de-pagamento\/#breadcrumb","itemListElement":[{"@type":"ListItem","position":1,"name":"In\u00edcio","item":"https:\/\/oimpresso.com\/ajuda\/"},{"@type":"ListItem","position":2,"name":"Folha de Pagamento"}]},{"@type":"WebSite","@id":"https:\/\/oimpresso.com\/ajuda\/#website","url":"https:\/\/oimpresso.com\/ajuda\/","name":"Office Impresso","description":"Portal de Ajuda","publisher":{"@id":"https:\/\/oimpresso.com\/ajuda\/#organization"},"potentialAction":[{"@type":"SearchAction","target":{"@type":"EntryPoint","urlTemplate":"https:\/\/oimpresso.com\/ajuda\/?s={search_term_string}"},"query-input":"required name=search_term_string"}],"inLanguage":"pt-BR"},{"@type":"Organization","@id":"https:\/\/oimpresso.com\/ajuda\/#organization","name":"Office Impresso","url":"https:\/\/oimpresso.com\/ajuda\/","logo":{"@type":"ImageObject","inLanguage":"pt-BR","@id":"https:\/\/oimpresso.com\/ajuda\/#\/schema\/logo\/image\/","url":"https:\/\/oimpresso.com\/ajuda\/wp-content\/uploads\/2023\/04\/LOGO-PRETA-Office-Impresso-e1680706829226.png","contentUrl":"https:\/\/oimpresso.com\/ajuda\/wp-content\/uploads\/2023\/04\/LOGO-PRETA-Office-Impresso-e1680706829226.png","width":275,"height":77,"caption":"Office Impresso"},"image":{"@id":"https:\/\/oimpresso.com\/ajuda\/#\/schema\/logo\/image\/"}}]}},"_links":{"self":[{"href":"https:\/\/oimpresso.com\/ajuda\/wp-json\/wp\/v2\/pages\/7786"}],"collection":[{"href":"https:\/\/oimpresso.com\/ajuda\/wp-json\/wp\/v2\/pages"}],"about":[{"href":"https:\/\/oimpresso.com\/ajuda\/wp-json\/wp\/v2\/types\/page"}],"author":[{"embeddable":true,"href":"https:\/\/oimpresso.com\/ajuda\/wp-json\/wp\/v2\/users\/8"}],"replies":[{"embeddable":true,"href":"https:\/\/oimpresso.com\/ajuda\/wp-json\/wp\/v2\/comments?post=7786"}],"version-history":[{"count":12,"href":"https:\/\/oimpresso.com\/ajuda\/wp-json\/wp\/v2\/pages\/7786\/revisions"}],"predecessor-version":[{"id":10900,"href":"https:\/\/oimpresso.com\/ajuda\/wp-json\/wp\/v2\/pages\/7786\/revisions\/10900"}],"wp:attachment":[{"href":"https:\/\/oimpresso.com\/ajuda\/wp-json\/wp\/v2\/media?parent=7786"}],"curies":[{"name":"wp","href":"https:\/\/api.w.org\/{rel}","templated":true}]}}