{"id":7782,"date":"2023-01-16T16:47:58","date_gmt":"2023-01-16T19:47:58","guid":{"rendered":"https:\/\/oimpresso.com\/ajuda\/?page_id=7782"},"modified":"2023-04-04T10:42:51","modified_gmt":"2023-04-04T13:42:51","slug":"contabil","status":"publish","type":"page","link":"https:\/\/oimpresso.com\/ajuda\/contabil\/","title":{"rendered":"Cont\u00e1bil"},"content":{"rendered":"<p>[vc_row full_width=&#8221;stretch_row_content&#8221; css=&#8221;.vc_custom_1676920898231{margin-top: -70px !important;padding-bottom: 50px !important;background-position: center !important;background-repeat: no-repeat !important;background-size: cover !important;}&#8221;][vc_column css=&#8221;.vc_custom_1680615287957{background-image: url(https:\/\/oimpresso.com\/ajuda\/wp-content\/uploads\/2023\/04\/Contabil.png?id=10916) !important;background-position: center !important;background-repeat: no-repeat !important;background-size: cover !important;}&#8221; offset=&#8221;vc_hidden-md vc_hidden-sm vc_hidden-xs&#8221;][vc_column_text css=&#8221;.vc_custom_1680615416283{padding-right: 600px !important;padding-left: 50px !important;}&#8221;]<\/p>\n<h1 style=\"color: #474747;\" id=\"contabil\" >Cont\u00e1bil<\/h1>\n<p>[\/vc_column_text][vc_column_text css=&#8221;.vc_custom_1680615354178{padding-right: 600px !important;padding-left: 50px !important;}&#8221;]<\/p>\n<p style=\"color: #575757; font-size: 25px; line-height: 1.25;\">Para facilitar as quest\u00f5es fiscais o <strong>Office Impresso<\/strong> apresenta aplicativos eficientes para o cumprimento das obriga\u00e7\u00f5es, garantindo a legalidade de seus neg\u00f3cios!<\/p>\n<p>[\/vc_column_text][vc_column_text css=&#8221;.vc_custom_1680615383082{padding-right: 630px !important;padding-left: 50px !important;}&#8221;]<\/p>\n<p style=\"color: #676767;\">A integra\u00e7\u00e3o com o <strong>PAF<\/strong> permite a gera\u00e7\u00e3o do <strong>Ato Cotepe.<\/strong> Contribuinte do <strong>ICMS<\/strong>? Conte com a integra\u00e7\u00e3o que garante a emiss\u00e3o do arquivo SINTEGRA e com o <strong>SPED<\/strong>, que entrega os arquivos das escritura\u00e7\u00f5es fiscais e cont\u00e1beis padronizados, poupando voc\u00ea do trabalho manual e evitando poss\u00edveis falhas.<\/p>\n<p>[\/vc_column_text][vc_column_text css=&#8221;.vc_custom_1680282637911{padding-left: 50px !important;}&#8221;]<a class=\"fancybox-iframe\" style=\"display: flex; align-items: center; justify-content: center; width: 100%; max-width: 200px; height: 45px; border-radius: 25px; background: #80387B; background-image: linear-gradient(to bottom, #80387B, #CF61CA); border: none; color: #ffffff; font-size: 16px; cursor: pointer; text-align: center; text-decoration: none;\" href=\"https:\/\/oimpresso.com\/ajuda\/solicitar-proposta\/\">Acesse e Conhe\u00e7a<\/a>[\/vc_column_text][vc_empty_space height=&#8221;100&#8243;][\/vc_column][\/vc_row][vc_row full_width=&#8221;stretch_row_content&#8221; css=&#8221;.vc_custom_1676921146248{margin-top: -20px !important;padding-bottom: 50px !important;background-position: center !important;background-repeat: no-repeat !important;background-size: cover !important;}&#8221;][vc_column css=&#8221;.vc_custom_1680615557753{background-image: url(https:\/\/oimpresso.com\/ajuda\/wp-content\/uploads\/2023\/04\/Contabil.png?id=10916) !important;background-position: center !important;background-repeat: no-repeat !important;background-size: cover !important;}&#8221; offset=&#8221;vc_hidden-lg vc_hidden-sm vc_hidden-xs&#8221;][vc_column_text css=&#8221;.vc_custom_1680615416283{padding-right: 600px !important;padding-left: 50px !important;}&#8221;]<\/p>\n<h1 style=\"color: #474747;\" id=\"contabil\" >Cont\u00e1bil<\/h1>\n<p>[\/vc_column_text][vc_column_text css=&#8221;.vc_custom_1680615354178{padding-right: 600px !important;padding-left: 50px !important;}&#8221;]<\/p>\n<p style=\"color: #575757; font-size: 25px; line-height: 1.25;\">Para facilitar as quest\u00f5es fiscais o <strong>Office Impresso<\/strong> apresenta aplicativos eficientes para o cumprimento das obriga\u00e7\u00f5es, garantindo a legalidade de seus neg\u00f3cios!<\/p>\n<p>[\/vc_column_text][vc_column_text css=&#8221;.vc_custom_1680615383082{padding-right: 630px !important;padding-left: 50px !important;}&#8221;]<\/p>\n<p style=\"color: #676767;\">A integra\u00e7\u00e3o com o <strong>PAF<\/strong> permite a gera\u00e7\u00e3o do <strong>Ato Cotepe.<\/strong> Contribuinte do <strong>ICMS<\/strong>? Conte com a integra\u00e7\u00e3o que garante a emiss\u00e3o do arquivo SINTEGRA e com o <strong>SPED<\/strong>, que entrega os arquivos das escritura\u00e7\u00f5es fiscais e cont\u00e1beis padronizados, poupando voc\u00ea do trabalho manual e evitando poss\u00edveis falhas.<\/p>\n<p>[\/vc_column_text][vc_column_text css=&#8221;.vc_custom_1680282712458{padding-left: 50px !important;}&#8221;]<a class=\"fancybox-iframe\" style=\"display: flex; align-items: center; justify-content: center; width: 100%; max-width: 200px; height: 45px; border-radius: 25px; background: #80387B; background-image: linear-gradient(to bottom, #80387B, #CF61CA); border: none; color: #ffffff; font-size: 16px; cursor: pointer; text-align: center; text-decoration: none;\" href=\"https:\/\/oimpresso.com\/ajuda\/solicitar-proposta\/\">Acesse e Conhe\u00e7a<\/a>[\/vc_column_text][vc_empty_space height=&#8221;100&#8243;][\/vc_column][\/vc_row][vc_row full_width=&#8221;stretch_row_content&#8221; css=&#8221;.vc_custom_1676921326147{margin-top: -65px !important;padding-bottom: 50px !important;background-position: center !important;background-repeat: no-repeat !important;background-size: cover !important;}&#8221;][vc_column css=&#8221;.vc_custom_1676921921382{background-position: center !important;background-repeat: no-repeat !important;background-size: cover !important;}&#8221; offset=&#8221;vc_hidden-lg vc_hidden-md vc_col-xs-12&#8243;][vc_column_text css=&#8221;.vc_custom_1680615471656{padding-right: 10px !important;padding-left: 10px !important;}&#8221;]<\/p>\n<h1 style=\"text-align: center; color: #474747;\" id=\"contabil\" >Cont\u00e1bil<\/h1>\n<p>[\/vc_column_text][vc_column_text css=&#8221;.vc_custom_1680615489992{padding-right: 10px !important;padding-left: 10px !important;}&#8221;]<\/p>\n<p style=\"color: #575757; font-size: 25px; line-height: 1.25; text-align: center;\">Para facilitar as quest\u00f5es fiscais o <strong>Office Impresso<\/strong> apresenta aplicativos eficientes para o cumprimento das obriga\u00e7\u00f5es, garantindo a legalidade de seus neg\u00f3cios!<\/p>\n<p>[\/vc_column_text][vc_column_text css=&#8221;.vc_custom_1680615518416{padding-right: 10px !important;padding-left: 10px !important;}&#8221;]<\/p>\n<p style=\"text-align: center; color: #676767;\">A integra\u00e7\u00e3o com o <strong>PAF<\/strong> permite a gera\u00e7\u00e3o do <strong>Ato Cotepe.<\/strong> Contribuinte do <strong>ICMS<\/strong>? Conte com a integra\u00e7\u00e3o que garante a emiss\u00e3o do arquivo SINTEGRA e com o <strong>SPED<\/strong>, que entrega os arquivos das escritura\u00e7\u00f5es fiscais e cont\u00e1beis padronizados, poupando voc\u00ea do trabalho manual e evitando poss\u00edveis falhas.<\/p>\n<p>[\/vc_column_text][vc_column_text css=&#8221;.vc_custom_1680282757600{margin-top: 20px !important;}&#8221;]<a style=\"width: 190px; height: 45px; border-radius: 25px; background: #80387B; background-image: linear-gradient(to bottom, #80387B, #CF61CA); border: none; color: #FFFFFF; font-size: 16px; cursor: pointer; display: flex; justify-content: center; align-items: center; margin: 0 auto; text-decoration: none;\" href=\"https:\/\/oimpresso.com\/ajuda\/solicitar-proposta\/;\">Acesse e Conhe\u00e7a<\/a>[\/vc_column_text][\/vc_column][vc_column offset=&#8221;vc_hidden-lg vc_hidden-md vc_col-xs-12&#8243; css=&#8221;.vc_custom_1680615576098{background-image: url(https:\/\/oimpresso.com\/ajuda\/wp-content\/uploads\/2023\/04\/Contabil-MOBILE.png?id=10915) !important;background-position: center !important;background-repeat: no-repeat !important;background-size: cover !important;}&#8221;][vc_empty_space height=&#8221;300&#8243;][\/vc_column][\/vc_row][vc_row full_width=&#8221;stretch_row_content&#8221; content_placement=&#8221;middle&#8221;][vc_column offset=&#8221;vc_hidden-sm vc_col-xs-12 vc_hidden-xs&#8221;][vc_column_text css=&#8221;.vc_custom_1680615592798{padding-right: 50px !important;padding-left: 50px !important;}&#8221;]<\/p>\n<h1 style=\"text-align: center; color: #474747;\" id=\"nao-se-preocupe-mais-com-as-questoes-fiscais-de-sua-empresa\" >N\u00e3o se preocupe mais com as quest\u00f5es fiscais de sua empresa!<\/h1>\n<p>[\/vc_column_text][\/vc_column][vc_column offset=&#8221;vc_hidden-lg vc_hidden-md vc_col-xs-12&#8243;][vc_column_text css=&#8221;.vc_custom_1680615612054{padding-right: 10px !important;padding-left: 10px !important;}&#8221;]<\/p>\n<h1 style=\"text-align: center; color: #474747;\" id=\"nao-se-preocupe-mais-com-as-questoes-fiscais-de-sua-empresa\" >N\u00e3o se preocupe mais com as quest\u00f5es fiscais de sua empresa!<\/h1>\n<p>[\/vc_column_text][vc_separator][\/vc_column][\/vc_row][vc_row][vc_column offset=&#8221;vc_hidden-sm vc_hidden-xs&#8221;][vc_column_text]<span style=\"color: #676767; font-size: 20px;\">O <strong>Office Impresso<\/strong> oferece solu\u00e7\u00f5es eficientes para o cumprimento das obriga\u00e7\u00f5es cont\u00e1beis e fiscais, garantindo a legalidade de seus neg\u00f3cios. Com a integra\u00e7\u00e3o do <strong>PAF<\/strong>, voc\u00ea pode gerar o <strong>Ato Cotepe<\/strong> de forma simples e pr\u00e1tica. Al\u00e9m disso, se voc\u00ea \u00e9 contribuinte do <strong>ICMS<\/strong>, a integra\u00e7\u00e3o do arquivo <strong>SINTEGRA<\/strong> garante a emiss\u00e3o de arquivos fiscais padronizados.<\/span><\/p>\n<p>&nbsp;<\/p>\n<p><span style=\"color: #676767; font-size: 20px;\">E para facilitar ainda mais, o <strong>SPED<\/strong> entrega automaticamente os arquivos das escritura\u00e7\u00f5es fiscais e cont\u00e1beis, evitando poss\u00edveis falhas e economizando tempo e esfor\u00e7o. Com o <strong>Office Impresso<\/strong>, sua contabilidade nunca foi t\u00e3o f\u00e1cil e segura!<\/span>[\/vc_column_text][\/vc_column][\/vc_row][vc_row full_width=&#8221;stretch_row_content&#8221;][vc_column offset=&#8221;vc_hidden-lg vc_hidden-md&#8221;][vc_column_text css=&#8221;.vc_custom_1680615727814{padding-right: 10px !important;padding-left: 10px !important;}&#8221;]<span style=\"color: #676767; font-size: 20px;\">O <strong>Office Impresso<\/strong> oferece solu\u00e7\u00f5es eficientes para o cumprimento das obriga\u00e7\u00f5es cont\u00e1beis e fiscais, garantindo a legalidade de seus neg\u00f3cios. Com a integra\u00e7\u00e3o do <strong>PAF<\/strong>, voc\u00ea pode gerar o <strong>Ato Cotepe<\/strong> de forma simples e pr\u00e1tica. Al\u00e9m disso, se voc\u00ea \u00e9 contribuinte do <strong>ICMS<\/strong>, a integra\u00e7\u00e3o do arquivo <strong>SINTEGRA<\/strong> garante a emiss\u00e3o de arquivos fiscais padronizados.<\/span><\/p>\n<p>&nbsp;<\/p>\n<p><span style=\"color: #676767; font-size: 20px;\">E para facilitar ainda mais, o <strong>SPED<\/strong> entrega automaticamente os arquivos das escritura\u00e7\u00f5es fiscais e cont\u00e1beis, evitando poss\u00edveis falhas e economizando tempo e esfor\u00e7o. Com o <strong>Office Impresso<\/strong>, sua contabilidade nunca foi t\u00e3o f\u00e1cil e segura!<\/span>[\/vc_column_text][\/vc_column][\/vc_row]<\/p>\n","protected":false},"excerpt":{"rendered":"<p>[vc_row full_width=&#8221;stretch_row_content&#8221; css=&#8221;.vc_custom_1676920898231{margin-top: -70px !important;padding-bottom: 50px !important;background-position: center !important;background-repeat: no-repeat !important;background-size: cover !important;}&#8221;][vc_column css=&#8221;.vc_custom_1680615287957{background-image: url(https:\/\/oimpresso.com\/ajuda\/wp-content\/uploads\/2023\/04\/Contabil.png?id=10916) !important;background-position: center !important;background-repeat: no-repeat !important;background-size: cover !important;}&#8221; offset=&#8221;vc_hidden-md vc_hidden-sm vc_hidden-xs&#8221;][vc_column_text css=&#8221;.vc_custom_1680615416283{padding-right: 600px !important;padding-left: 50px !important;}&#8221;] Cont\u00e1bil [\/vc_column_text][vc_column_text css=&#8221;.vc_custom_1680615354178{padding-right: 600px !important;padding-left: 50px !important;}&#8221;] Para facilitar as quest\u00f5es fiscais o Office Impresso apresenta aplicativos eficientes para o cumprimento das obriga\u00e7\u00f5es, garantindo a &hellip; <a href=\"https:\/\/oimpresso.com\/ajuda\/contabil\/\">Continued<\/a><\/p>\n","protected":false},"author":8,"featured_media":0,"parent":0,"menu_order":0,"comment_status":"closed","ping_status":"closed","template":"","meta":{"_bbp_topic_count":0,"_bbp_reply_count":0,"_bbp_total_topic_count":0,"_bbp_total_reply_count":0,"_bbp_voice_count":0,"_bbp_anonymous_reply_count":0,"_bbp_topic_count_hidden":0,"_bbp_reply_count_hidden":0,"_bbp_forum_subforum_count":0,"om_disable_all_campaigns":false,"_mi_skip_tracking":false},"yoast_head":"<!-- This site is optimized with the Yoast SEO plugin v20.5 - https:\/\/yoast.com\/wordpress\/plugins\/seo\/ -->\n<title>Cont\u00e1bil<\/title>\n<meta name=\"robots\" content=\"index, follow, max-snippet:-1, max-image-preview:large, max-video-preview:-1\" \/>\n<link rel=\"canonical\" href=\"https:\/\/oimpresso.com\/ajuda\/contabil\/\" \/>\n<meta property=\"og:locale\" content=\"pt_BR\" \/>\n<meta property=\"og:type\" content=\"article\" \/>\n<meta property=\"og:title\" content=\"Cont\u00e1bil\" \/>\n<meta property=\"og:description\" content=\"[vc_row full_width=&#8221;stretch_row_content&#8221; css=&#8221;.vc_custom_1676920898231{margin-top: -70px !important;padding-bottom: 50px !important;background-position: center !important;background-repeat: no-repeat !important;background-size: cover !important;}&#8221;][vc_column css=&#8221;.vc_custom_1680615287957{background-image: url(https:\/\/oimpresso.com\/ajuda\/wp-content\/uploads\/2023\/04\/Contabil.png?id=10916) !important;background-position: center !important;background-repeat: no-repeat !important;background-size: cover !important;}&#8221; offset=&#8221;vc_hidden-md vc_hidden-sm vc_hidden-xs&#8221;][vc_column_text css=&#8221;.vc_custom_1680615416283{padding-right: 600px !important;padding-left: 50px !important;}&#8221;] Cont\u00e1bil [\/vc_column_text][vc_column_text css=&#8221;.vc_custom_1680615354178{padding-right: 600px !important;padding-left: 50px !important;}&#8221;] Para facilitar as quest\u00f5es fiscais o Office Impresso apresenta aplicativos eficientes para o cumprimento das obriga\u00e7\u00f5es, garantindo a &hellip; Continued\" \/>\n<meta property=\"og:url\" content=\"https:\/\/oimpresso.com\/ajuda\/contabil\/\" \/>\n<meta property=\"og:site_name\" content=\"Office Impresso\" \/>\n<meta property=\"article:modified_time\" content=\"2023-04-04T13:42:51+00:00\" \/>\n<meta name=\"twitter:card\" content=\"summary_large_image\" \/>\n<meta name=\"twitter:label1\" content=\"Est. tempo de leitura\" \/>\n\t<meta name=\"twitter:data1\" content=\"5 minutos\" \/>\n<script type=\"application\/ld+json\" class=\"yoast-schema-graph\">{\"@context\":\"https:\/\/schema.org\",\"@graph\":[{\"@type\":\"WebPage\",\"@id\":\"https:\/\/oimpresso.com\/ajuda\/contabil\/\",\"url\":\"https:\/\/oimpresso.com\/ajuda\/contabil\/\",\"name\":\"Cont\u00e1bil\",\"isPartOf\":{\"@id\":\"https:\/\/oimpresso.com\/ajuda\/#website\"},\"datePublished\":\"2023-01-16T19:47:58+00:00\",\"dateModified\":\"2023-04-04T13:42:51+00:00\",\"breadcrumb\":{\"@id\":\"https:\/\/oimpresso.com\/ajuda\/contabil\/#breadcrumb\"},\"inLanguage\":\"pt-BR\",\"potentialAction\":[{\"@type\":\"ReadAction\",\"target\":[\"https:\/\/oimpresso.com\/ajuda\/contabil\/\"]}]},{\"@type\":\"BreadcrumbList\",\"@id\":\"https:\/\/oimpresso.com\/ajuda\/contabil\/#breadcrumb\",\"itemListElement\":[{\"@type\":\"ListItem\",\"position\":1,\"name\":\"In\u00edcio\",\"item\":\"https:\/\/oimpresso.com\/ajuda\/\"},{\"@type\":\"ListItem\",\"position\":2,\"name\":\"Cont\u00e1bil\"}]},{\"@type\":\"WebSite\",\"@id\":\"https:\/\/oimpresso.com\/ajuda\/#website\",\"url\":\"https:\/\/oimpresso.com\/ajuda\/\",\"name\":\"Office Impresso\",\"description\":\"Portal de Ajuda\",\"publisher\":{\"@id\":\"https:\/\/oimpresso.com\/ajuda\/#organization\"},\"potentialAction\":[{\"@type\":\"SearchAction\",\"target\":{\"@type\":\"EntryPoint\",\"urlTemplate\":\"https:\/\/oimpresso.com\/ajuda\/?s={search_term_string}\"},\"query-input\":\"required name=search_term_string\"}],\"inLanguage\":\"pt-BR\"},{\"@type\":\"Organization\",\"@id\":\"https:\/\/oimpresso.com\/ajuda\/#organization\",\"name\":\"Office Impresso\",\"url\":\"https:\/\/oimpresso.com\/ajuda\/\",\"logo\":{\"@type\":\"ImageObject\",\"inLanguage\":\"pt-BR\",\"@id\":\"https:\/\/oimpresso.com\/ajuda\/#\/schema\/logo\/image\/\",\"url\":\"https:\/\/oimpresso.com\/ajuda\/wp-content\/uploads\/2023\/04\/LOGO-PRETA-Office-Impresso-e1680706829226.png\",\"contentUrl\":\"https:\/\/oimpresso.com\/ajuda\/wp-content\/uploads\/2023\/04\/LOGO-PRETA-Office-Impresso-e1680706829226.png\",\"width\":275,\"height\":77,\"caption\":\"Office Impresso\"},\"image\":{\"@id\":\"https:\/\/oimpresso.com\/ajuda\/#\/schema\/logo\/image\/\"}}]}<\/script>\n<!-- \/ Yoast SEO plugin. -->","yoast_head_json":{"title":"Cont\u00e1bil","robots":{"index":"index","follow":"follow","max-snippet":"max-snippet:-1","max-image-preview":"max-image-preview:large","max-video-preview":"max-video-preview:-1"},"canonical":"https:\/\/oimpresso.com\/ajuda\/contabil\/","og_locale":"pt_BR","og_type":"article","og_title":"Cont\u00e1bil","og_description":"[vc_row full_width=&#8221;stretch_row_content&#8221; css=&#8221;.vc_custom_1676920898231{margin-top: -70px !important;padding-bottom: 50px !important;background-position: center !important;background-repeat: no-repeat !important;background-size: cover !important;}&#8221;][vc_column css=&#8221;.vc_custom_1680615287957{background-image: url(https:\/\/oimpresso.com\/ajuda\/wp-content\/uploads\/2023\/04\/Contabil.png?id=10916) !important;background-position: center !important;background-repeat: no-repeat !important;background-size: cover !important;}&#8221; offset=&#8221;vc_hidden-md vc_hidden-sm vc_hidden-xs&#8221;][vc_column_text css=&#8221;.vc_custom_1680615416283{padding-right: 600px !important;padding-left: 50px !important;}&#8221;] Cont\u00e1bil [\/vc_column_text][vc_column_text css=&#8221;.vc_custom_1680615354178{padding-right: 600px !important;padding-left: 50px !important;}&#8221;] Para facilitar as quest\u00f5es fiscais o Office Impresso apresenta aplicativos eficientes para o cumprimento das obriga\u00e7\u00f5es, garantindo a &hellip; Continued","og_url":"https:\/\/oimpresso.com\/ajuda\/contabil\/","og_site_name":"Office Impresso","article_modified_time":"2023-04-04T13:42:51+00:00","twitter_card":"summary_large_image","twitter_misc":{"Est. tempo de leitura":"5 minutos"},"schema":{"@context":"https:\/\/schema.org","@graph":[{"@type":"WebPage","@id":"https:\/\/oimpresso.com\/ajuda\/contabil\/","url":"https:\/\/oimpresso.com\/ajuda\/contabil\/","name":"Cont\u00e1bil","isPartOf":{"@id":"https:\/\/oimpresso.com\/ajuda\/#website"},"datePublished":"2023-01-16T19:47:58+00:00","dateModified":"2023-04-04T13:42:51+00:00","breadcrumb":{"@id":"https:\/\/oimpresso.com\/ajuda\/contabil\/#breadcrumb"},"inLanguage":"pt-BR","potentialAction":[{"@type":"ReadAction","target":["https:\/\/oimpresso.com\/ajuda\/contabil\/"]}]},{"@type":"BreadcrumbList","@id":"https:\/\/oimpresso.com\/ajuda\/contabil\/#breadcrumb","itemListElement":[{"@type":"ListItem","position":1,"name":"In\u00edcio","item":"https:\/\/oimpresso.com\/ajuda\/"},{"@type":"ListItem","position":2,"name":"Cont\u00e1bil"}]},{"@type":"WebSite","@id":"https:\/\/oimpresso.com\/ajuda\/#website","url":"https:\/\/oimpresso.com\/ajuda\/","name":"Office Impresso","description":"Portal de Ajuda","publisher":{"@id":"https:\/\/oimpresso.com\/ajuda\/#organization"},"potentialAction":[{"@type":"SearchAction","target":{"@type":"EntryPoint","urlTemplate":"https:\/\/oimpresso.com\/ajuda\/?s={search_term_string}"},"query-input":"required name=search_term_string"}],"inLanguage":"pt-BR"},{"@type":"Organization","@id":"https:\/\/oimpresso.com\/ajuda\/#organization","name":"Office Impresso","url":"https:\/\/oimpresso.com\/ajuda\/","logo":{"@type":"ImageObject","inLanguage":"pt-BR","@id":"https:\/\/oimpresso.com\/ajuda\/#\/schema\/logo\/image\/","url":"https:\/\/oimpresso.com\/ajuda\/wp-content\/uploads\/2023\/04\/LOGO-PRETA-Office-Impresso-e1680706829226.png","contentUrl":"https:\/\/oimpresso.com\/ajuda\/wp-content\/uploads\/2023\/04\/LOGO-PRETA-Office-Impresso-e1680706829226.png","width":275,"height":77,"caption":"Office Impresso"},"image":{"@id":"https:\/\/oimpresso.com\/ajuda\/#\/schema\/logo\/image\/"}}]}},"_links":{"self":[{"href":"https:\/\/oimpresso.com\/ajuda\/wp-json\/wp\/v2\/pages\/7782"}],"collection":[{"href":"https:\/\/oimpresso.com\/ajuda\/wp-json\/wp\/v2\/pages"}],"about":[{"href":"https:\/\/oimpresso.com\/ajuda\/wp-json\/wp\/v2\/types\/page"}],"author":[{"embeddable":true,"href":"https:\/\/oimpresso.com\/ajuda\/wp-json\/wp\/v2\/users\/8"}],"replies":[{"embeddable":true,"href":"https:\/\/oimpresso.com\/ajuda\/wp-json\/wp\/v2\/comments?post=7782"}],"version-history":[{"count":11,"href":"https:\/\/oimpresso.com\/ajuda\/wp-json\/wp\/v2\/pages\/7782\/revisions"}],"predecessor-version":[{"id":10917,"href":"https:\/\/oimpresso.com\/ajuda\/wp-json\/wp\/v2\/pages\/7782\/revisions\/10917"}],"wp:attachment":[{"href":"https:\/\/oimpresso.com\/ajuda\/wp-json\/wp\/v2\/media?parent=7782"}],"curies":[{"name":"wp","href":"https:\/\/api.w.org\/{rel}","templated":true}]}}