{"id":7778,"date":"2023-01-16T16:47:08","date_gmt":"2023-01-16T19:47:08","guid":{"rendered":"https:\/\/oimpresso.com\/ajuda\/?page_id=7778"},"modified":"2023-04-04T10:22:04","modified_gmt":"2023-04-04T13:22:04","slug":"sintegra","status":"publish","type":"page","link":"https:\/\/oimpresso.com\/ajuda\/sintegra\/","title":{"rendered":"SINTEGRA"},"content":{"rendered":"<p>[vc_row full_width=&#8221;stretch_row_content&#8221; css=&#8221;.vc_custom_1676920898231{margin-top: -70px !important;padding-bottom: 50px !important;background-position: center !important;background-repeat: no-repeat !important;background-size: cover !important;}&#8221;][vc_column css=&#8221;.vc_custom_1680614261649{background-image: url(https:\/\/oimpresso.com\/ajuda\/wp-content\/uploads\/2023\/04\/SINTEGRA.png?id=10913) !important;background-position: center !important;background-repeat: no-repeat !important;background-size: cover !important;}&#8221; offset=&#8221;vc_hidden-md vc_hidden-sm vc_hidden-xs&#8221;][vc_column_text css=&#8221;.vc_custom_1680614303214{padding-left: 50px !important;}&#8221;]<\/p>\n<h1 style=\"color: #474747;\" id=\"sintegra\" >SINTEGRA<\/h1>\n<p>[\/vc_column_text][vc_column_text css=&#8221;.vc_custom_1680614330183{padding-right: 600px !important;padding-left: 50px !important;}&#8221;]<\/p>\n<p style=\"font-size: 25px; color: #575757;\">Com o <strong>Office Impresso<\/strong> voc\u00ea garante a emiss\u00e3o do arquivo SINTEGRA para ficar em dia com o Fisco!<\/p>\n<p>[\/vc_column_text][vc_column_text css=&#8221;.vc_custom_1680614352087{padding-right: 630px !important;padding-left: 50px !important;}&#8221;]<\/p>\n<p style=\"color: #676767;\">Com poucos cliques os dados relacionados as transa\u00e7\u00f5es de entrada e sa\u00edda de mercadorias ou presta\u00e7\u00f5es de servi\u00e7o s\u00e3o reunidos com as notas fiscais emitidas para serem transmitidas ao fisco. Vale lembrar que a emiss\u00e3o deste arquivo \u00e9 obrigat\u00f3ria para todos os contribuintes do <strong>ICMS<\/strong>!<\/p>\n<p>[\/vc_column_text][vc_column_text css=&#8221;.vc_custom_1680282295252{padding-left: 50px !important;}&#8221;]<a class=\"fancybox-iframe\" style=\"display: flex; align-items: center; justify-content: center; width: 100%; max-width: 200px; height: 45px; border-radius: 25px; background: #80387B; background-image: linear-gradient(to bottom, #80387B, #CF61CA); border: none; color: #ffffff; font-size: 16px; cursor: pointer; text-align: center; text-decoration: none;\" href=\"https:\/\/oimpresso.com\/ajuda\/solicitar-proposta\/\">Entramos em Contato<\/a>[\/vc_column_text][\/vc_column][\/vc_row][vc_row full_width=&#8221;stretch_row_content&#8221; css=&#8221;.vc_custom_1676921146248{margin-top: -20px !important;padding-bottom: 50px !important;background-position: center !important;background-repeat: no-repeat !important;background-size: cover !important;}&#8221;][vc_column css=&#8221;.vc_custom_1677675184749{background-position: center !important;background-repeat: no-repeat !important;background-size: cover !important;}&#8221; offset=&#8221;vc_hidden-lg vc_hidden-sm vc_hidden-xs&#8221;][vc_column_text css=&#8221;.vc_custom_1680614303214{padding-left: 50px !important;}&#8221;]<\/p>\n<h1 style=\"color: #474747;\" id=\"sintegra\" >SINTEGRA<\/h1>\n<p>[\/vc_column_text][vc_column_text css=&#8221;.vc_custom_1680614330183{padding-right: 600px !important;padding-left: 50px !important;}&#8221;]<\/p>\n<p style=\"font-size: 25px; color: #575757;\">Com o <strong>Office Impresso<\/strong> voc\u00ea garante a emiss\u00e3o do arquivo SINTEGRA para ficar em dia com o Fisco!<\/p>\n<p>[\/vc_column_text][vc_column_text css=&#8221;.vc_custom_1680614352087{padding-right: 630px !important;padding-left: 50px !important;}&#8221;]<\/p>\n<p style=\"color: #676767;\">Com poucos cliques os dados relacionados as transa\u00e7\u00f5es de entrada e sa\u00edda de mercadorias ou presta\u00e7\u00f5es de servi\u00e7o s\u00e3o reunidos com as notas fiscais emitidas para serem transmitidas ao fisco. Vale lembrar que a emiss\u00e3o deste arquivo \u00e9 obrigat\u00f3ria para todos os contribuintes do <strong>ICMS<\/strong>!<\/p>\n<p>[\/vc_column_text][vc_column_text css=&#8221;.vc_custom_1680282342903{padding-left: 50px !important;}&#8221;]<a class=\"fancybox-iframe\" style=\"display: flex; align-items: center; justify-content: center; width: 100%; max-width: 200px; height: 45px; border-radius: 25px; background: #80387B; background-image: linear-gradient(to bottom, #80387B, #CF61CA); border: none; color: #ffffff; font-size: 16px; cursor: pointer; text-align: center; text-decoration: none;\" href=\"https:\/\/oimpresso.com\/ajuda\/solicitar-proposta\/\">Entramos em Contato<\/a>[\/vc_column_text][\/vc_column][\/vc_row][vc_row full_width=&#8221;stretch_row_content&#8221; css=&#8221;.vc_custom_1676921326147{margin-top: -65px !important;padding-bottom: 50px !important;background-position: center !important;background-repeat: no-repeat !important;background-size: cover !important;}&#8221;][vc_column css=&#8221;.vc_custom_1676921921382{background-position: center !important;background-repeat: no-repeat !important;background-size: cover !important;}&#8221; offset=&#8221;vc_hidden-lg vc_hidden-md vc_col-xs-12&#8243;][vc_column_text css=&#8221;.vc_custom_1680614423062{padding-right: 50px !important;padding-left: 50px !important;}&#8221;]<\/p>\n<h1 style=\"text-align: center; color: #474747;\" id=\"sintegra\" >SINTEGRA<\/h1>\n<p>[\/vc_column_text][vc_column_text css=&#8221;.vc_custom_1680614443356{padding-right: 10px !important;padding-left: 10px !important;}&#8221;]<\/p>\n<p style=\"font-size: 25px; text-align: center; color: #575757;\">Com o <strong>Office Impresso<\/strong> voc\u00ea garante a emiss\u00e3o do arquivo SINTEGRA para ficar em dia com o Fisco!<\/p>\n<p>[\/vc_column_text][vc_column_text css=&#8221;.vc_custom_1680614457372{padding-right: 10px !important;padding-left: 10px !important;}&#8221;]<\/p>\n<p style=\"color: #676767; text-align: center;\">Com poucos cliques os dados relacionados as transa\u00e7\u00f5es de entrada e sa\u00edda de mercadorias ou presta\u00e7\u00f5es de servi\u00e7o s\u00e3o reunidos com as notas fiscais emitidas para serem transmitidas ao fisco. Vale lembrar que a emiss\u00e3o deste arquivo \u00e9 obrigat\u00f3ria para todos os contribuintes do <strong>ICMS<\/strong>!<\/p>\n<p>[\/vc_column_text][vc_column_text css=&#8221;.vc_custom_1680282389437{margin-top: 20px !important;}&#8221;]<a style=\"width: 190px; height: 45px; border-radius: 25px; background: #80387B; background-image: linear-gradient(to bottom, #80387B, #CF61CA); border: none; color: #FFFFFF; font-size: 16px; cursor: pointer; display: flex; justify-content: center; align-items: center; margin: 0 auto; text-decoration: none;\" href=\"https:\/\/oimpresso.com\/ajuda\/solicitar-proposta\/;\">Entramos em Contato<\/a>[\/vc_column_text][\/vc_column][\/vc_row][vc_row full_width=&#8221;stretch_row_content&#8221; css=&#8221;.vc_custom_1676921326147{margin-top: -65px !important;padding-bottom: 50px !important;background-position: center !important;background-repeat: no-repeat !important;background-size: cover !important;}&#8221;][vc_column offset=&#8221;vc_hidden-lg vc_hidden-md vc_col-xs-12&#8243; css=&#8221;.vc_custom_1677675306580{background-position: center !important;background-repeat: no-repeat !important;background-size: cover !important;}&#8221;][vc_row_inner][vc_column_inner][\/vc_column_inner][\/vc_row_inner][\/vc_column][\/vc_row][vc_row full_width=&#8221;stretch_row_content&#8221; content_placement=&#8221;middle&#8221;][vc_column offset=&#8221;vc_hidden-lg vc_hidden-md vc_col-xs-12&#8243;][vc_column_text css=&#8221;.vc_custom_1680614481885{padding-right: 10px !important;padding-left: 10px !important;}&#8221;]<\/p>\n<h2 style=\"text-align: center; color: #474747;\" id=\"armazenar-informacoes-fiscais-das-empresas-incluindo-as-transacoes-de-entrada-e-saida-de-mercadorias-e-prestacao-de-servicos-com-o-office-impresso\" >Armazenar informa\u00e7\u00f5es fiscais das empresas, incluindo as transa\u00e7\u00f5es de entrada e sa\u00edda de mercadorias e presta\u00e7\u00e3o de servi\u00e7os com o Office Impresso<\/h2>\n<p>[\/vc_column_text][vc_separator][\/vc_column][\/vc_row][vc_row full_width=&#8221;stretch_row_content&#8221; content_placement=&#8221;middle&#8221;][vc_column offset=&#8221;vc_hidden-sm vc_col-xs-12 vc_hidden-xs&#8221;][vc_column_text css=&#8221;.vc_custom_1680614493365{padding-right: 10px !important;padding-left: 10px !important;}&#8221;]<\/p>\n<h2 style=\"text-align: center; color: #474747;\" id=\"armazenar-informacoes-fiscais-das-empresas-incluindo-as-transacoes-de-entrada-e-saida-de-mercadorias-e-prestacao-de-servicos-com-o-office-impresso\" >Armazenar informa\u00e7\u00f5es fiscais das empresas, incluindo as transa\u00e7\u00f5es de entrada e sa\u00edda de mercadorias e presta\u00e7\u00e3o de servi\u00e7os com o Office Impresso<\/h2>\n<p>[\/vc_column_text][vc_separator][\/vc_column][\/vc_row][vc_row full_width=&#8221;stretch_row_content&#8221; equal_height=&#8221;yes&#8221; css=&#8221;.vc_custom_1676920017047{background-color: #ffffff !important;}&#8221;][vc_column offset=&#8221;vc_hidden-lg vc_hidden-md vc_col-xs-12&#8243; css=&#8221;.vc_custom_1676920219749{background-color: #f4f4f4 !important;}&#8221;][vc_column_text css=&#8221;.vc_custom_1680614516059{padding-top: 25px !important;padding-right: 10px !important;padding-bottom: 25px !important;padding-left: 10px !important;}&#8221;]<\/p>\n<ul style=\"color: #676767;\">\n<li>O <strong>Office Impresso<\/strong> oferece a emiss\u00e3o do arquivo <strong>SINTEGRA<\/strong>, que \u00e9 obrigat\u00f3rio para todos os contribuintes do ICMS.<\/li>\n<li>Com o uso da plataforma, \u00e9 poss\u00edvel reunir os dados relacionados \u00e0s transa\u00e7\u00f5es de entrada e sa\u00edda de mercadorias ou presta\u00e7\u00f5es de servi\u00e7o com as notas fiscais emitidas, facilitando a emiss\u00e3o do arquivo.<\/li>\n<li>A emiss\u00e3o do arquivo <strong>SINTEGRA<\/strong> pode ser realizada com poucos cliques na plataforma do <strong>Office Impresso<\/strong>, garantindo a conformidade fiscal da empresa.<\/li>\n<li>A automatiza\u00e7\u00e3o do processo de emiss\u00e3o do arquivo <strong>SINTEGRA<\/strong> atrav\u00e9s do <strong>Office Impresso<\/strong> permite que a empresa evite erros manuais e economize tempo na realiza\u00e7\u00e3o dessa obriga\u00e7\u00e3o fiscal.<\/li>\n<\/ul>\n<p>[\/vc_column_text][\/vc_column][\/vc_row][vc_row][vc_column offset=&#8221;vc_hidden-sm vc_hidden-xs&#8221;][vc_column_text css=&#8221;.vc_custom_1680614540372{padding-top: 25px !important;padding-right: 50px !important;padding-bottom: 25px !important;padding-left: 50px !important;}&#8221;]<\/p>\n<ul style=\"color: #676767;\">\n<li>O <strong>Office Impresso<\/strong> oferece a emiss\u00e3o do arquivo <strong>SINTEGRA<\/strong>, que \u00e9 obrigat\u00f3rio para todos os contribuintes do ICMS.<\/li>\n<li>Com o uso da plataforma, \u00e9 poss\u00edvel reunir os dados relacionados \u00e0s transa\u00e7\u00f5es de entrada e sa\u00edda de mercadorias ou presta\u00e7\u00f5es de servi\u00e7o com as notas fiscais emitidas, facilitando a emiss\u00e3o do arquivo.<\/li>\n<li>A emiss\u00e3o do arquivo <strong>SINTEGRA<\/strong> pode ser realizada com poucos cliques na plataforma do <strong>Office Impresso<\/strong>, garantindo a conformidade fiscal da empresa.<\/li>\n<li>A automatiza\u00e7\u00e3o do processo de emiss\u00e3o do arquivo <strong>SINTEGRA<\/strong> atrav\u00e9s do <strong>Office Impresso<\/strong> permite que a empresa evite erros manuais e economize tempo na realiza\u00e7\u00e3o dessa obriga\u00e7\u00e3o fiscal.<\/li>\n<\/ul>\n<p>[\/vc_column_text][\/vc_column][\/vc_row]<\/p>\n","protected":false},"excerpt":{"rendered":"<p>[vc_row full_width=&#8221;stretch_row_content&#8221; css=&#8221;.vc_custom_1676920898231{margin-top: -70px !important;padding-bottom: 50px !important;background-position: center !important;background-repeat: no-repeat !important;background-size: cover !important;}&#8221;][vc_column css=&#8221;.vc_custom_1680614261649{background-image: url(https:\/\/oimpresso.com\/ajuda\/wp-content\/uploads\/2023\/04\/SINTEGRA.png?id=10913) !important;background-position: center !important;background-repeat: no-repeat !important;background-size: cover !important;}&#8221; offset=&#8221;vc_hidden-md vc_hidden-sm vc_hidden-xs&#8221;][vc_column_text css=&#8221;.vc_custom_1680614303214{padding-left: 50px !important;}&#8221;] SINTEGRA [\/vc_column_text][vc_column_text css=&#8221;.vc_custom_1680614330183{padding-right: 600px !important;padding-left: 50px !important;}&#8221;] Com o Office Impresso voc\u00ea garante a emiss\u00e3o do arquivo SINTEGRA para ficar em dia com o Fisco! [\/vc_column_text][vc_column_text css=&#8221;.vc_custom_1680614352087{padding-right: &hellip; <a href=\"https:\/\/oimpresso.com\/ajuda\/sintegra\/\">Continued<\/a><\/p>\n","protected":false},"author":8,"featured_media":0,"parent":0,"menu_order":0,"comment_status":"closed","ping_status":"closed","template":"","meta":{"_bbp_topic_count":0,"_bbp_reply_count":0,"_bbp_total_topic_count":0,"_bbp_total_reply_count":0,"_bbp_voice_count":0,"_bbp_anonymous_reply_count":0,"_bbp_topic_count_hidden":0,"_bbp_reply_count_hidden":0,"_bbp_forum_subforum_count":0,"om_disable_all_campaigns":false,"_mi_skip_tracking":false},"yoast_head":"<!-- This site is optimized with the Yoast SEO plugin v20.5 - https:\/\/yoast.com\/wordpress\/plugins\/seo\/ -->\n<title>SINTEGRA<\/title>\n<meta name=\"robots\" content=\"index, follow, max-snippet:-1, max-image-preview:large, max-video-preview:-1\" \/>\n<link rel=\"canonical\" href=\"https:\/\/oimpresso.com\/ajuda\/sintegra\/\" \/>\n<meta property=\"og:locale\" content=\"pt_BR\" \/>\n<meta property=\"og:type\" content=\"article\" \/>\n<meta property=\"og:title\" content=\"SINTEGRA\" \/>\n<meta property=\"og:description\" content=\"[vc_row full_width=&#8221;stretch_row_content&#8221; css=&#8221;.vc_custom_1676920898231{margin-top: -70px !important;padding-bottom: 50px !important;background-position: center !important;background-repeat: no-repeat !important;background-size: cover !important;}&#8221;][vc_column css=&#8221;.vc_custom_1680614261649{background-image: url(https:\/\/oimpresso.com\/ajuda\/wp-content\/uploads\/2023\/04\/SINTEGRA.png?id=10913) !important;background-position: center !important;background-repeat: no-repeat !important;background-size: cover !important;}&#8221; offset=&#8221;vc_hidden-md vc_hidden-sm vc_hidden-xs&#8221;][vc_column_text css=&#8221;.vc_custom_1680614303214{padding-left: 50px !important;}&#8221;] SINTEGRA [\/vc_column_text][vc_column_text css=&#8221;.vc_custom_1680614330183{padding-right: 600px !important;padding-left: 50px !important;}&#8221;] Com o Office Impresso voc\u00ea garante a emiss\u00e3o do arquivo SINTEGRA para ficar em dia com o Fisco! [\/vc_column_text][vc_column_text css=&#8221;.vc_custom_1680614352087{padding-right: &hellip; Continued\" \/>\n<meta property=\"og:url\" content=\"https:\/\/oimpresso.com\/ajuda\/sintegra\/\" \/>\n<meta property=\"og:site_name\" content=\"Office Impresso\" \/>\n<meta property=\"article:modified_time\" content=\"2023-04-04T13:22:04+00:00\" \/>\n<meta name=\"twitter:card\" content=\"summary_large_image\" \/>\n<meta name=\"twitter:label1\" content=\"Est. tempo de leitura\" \/>\n\t<meta name=\"twitter:data1\" content=\"5 minutos\" \/>\n<script type=\"application\/ld+json\" class=\"yoast-schema-graph\">{\"@context\":\"https:\/\/schema.org\",\"@graph\":[{\"@type\":\"WebPage\",\"@id\":\"https:\/\/oimpresso.com\/ajuda\/sintegra\/\",\"url\":\"https:\/\/oimpresso.com\/ajuda\/sintegra\/\",\"name\":\"SINTEGRA\",\"isPartOf\":{\"@id\":\"https:\/\/oimpresso.com\/ajuda\/#website\"},\"datePublished\":\"2023-01-16T19:47:08+00:00\",\"dateModified\":\"2023-04-04T13:22:04+00:00\",\"breadcrumb\":{\"@id\":\"https:\/\/oimpresso.com\/ajuda\/sintegra\/#breadcrumb\"},\"inLanguage\":\"pt-BR\",\"potentialAction\":[{\"@type\":\"ReadAction\",\"target\":[\"https:\/\/oimpresso.com\/ajuda\/sintegra\/\"]}]},{\"@type\":\"BreadcrumbList\",\"@id\":\"https:\/\/oimpresso.com\/ajuda\/sintegra\/#breadcrumb\",\"itemListElement\":[{\"@type\":\"ListItem\",\"position\":1,\"name\":\"In\u00edcio\",\"item\":\"https:\/\/oimpresso.com\/ajuda\/\"},{\"@type\":\"ListItem\",\"position\":2,\"name\":\"SINTEGRA\"}]},{\"@type\":\"WebSite\",\"@id\":\"https:\/\/oimpresso.com\/ajuda\/#website\",\"url\":\"https:\/\/oimpresso.com\/ajuda\/\",\"name\":\"Office Impresso\",\"description\":\"Portal de Ajuda\",\"publisher\":{\"@id\":\"https:\/\/oimpresso.com\/ajuda\/#organization\"},\"potentialAction\":[{\"@type\":\"SearchAction\",\"target\":{\"@type\":\"EntryPoint\",\"urlTemplate\":\"https:\/\/oimpresso.com\/ajuda\/?s={search_term_string}\"},\"query-input\":\"required name=search_term_string\"}],\"inLanguage\":\"pt-BR\"},{\"@type\":\"Organization\",\"@id\":\"https:\/\/oimpresso.com\/ajuda\/#organization\",\"name\":\"Office Impresso\",\"url\":\"https:\/\/oimpresso.com\/ajuda\/\",\"logo\":{\"@type\":\"ImageObject\",\"inLanguage\":\"pt-BR\",\"@id\":\"https:\/\/oimpresso.com\/ajuda\/#\/schema\/logo\/image\/\",\"url\":\"https:\/\/oimpresso.com\/ajuda\/wp-content\/uploads\/2023\/04\/LOGO-PRETA-Office-Impresso-e1680706829226.png\",\"contentUrl\":\"https:\/\/oimpresso.com\/ajuda\/wp-content\/uploads\/2023\/04\/LOGO-PRETA-Office-Impresso-e1680706829226.png\",\"width\":275,\"height\":77,\"caption\":\"Office Impresso\"},\"image\":{\"@id\":\"https:\/\/oimpresso.com\/ajuda\/#\/schema\/logo\/image\/\"}}]}<\/script>\n<!-- \/ Yoast SEO plugin. -->","yoast_head_json":{"title":"SINTEGRA","robots":{"index":"index","follow":"follow","max-snippet":"max-snippet:-1","max-image-preview":"max-image-preview:large","max-video-preview":"max-video-preview:-1"},"canonical":"https:\/\/oimpresso.com\/ajuda\/sintegra\/","og_locale":"pt_BR","og_type":"article","og_title":"SINTEGRA","og_description":"[vc_row full_width=&#8221;stretch_row_content&#8221; css=&#8221;.vc_custom_1676920898231{margin-top: -70px !important;padding-bottom: 50px !important;background-position: center !important;background-repeat: no-repeat !important;background-size: cover !important;}&#8221;][vc_column css=&#8221;.vc_custom_1680614261649{background-image: url(https:\/\/oimpresso.com\/ajuda\/wp-content\/uploads\/2023\/04\/SINTEGRA.png?id=10913) !important;background-position: center !important;background-repeat: no-repeat !important;background-size: cover !important;}&#8221; offset=&#8221;vc_hidden-md vc_hidden-sm vc_hidden-xs&#8221;][vc_column_text css=&#8221;.vc_custom_1680614303214{padding-left: 50px !important;}&#8221;] SINTEGRA [\/vc_column_text][vc_column_text css=&#8221;.vc_custom_1680614330183{padding-right: 600px !important;padding-left: 50px !important;}&#8221;] Com o Office Impresso voc\u00ea garante a emiss\u00e3o do arquivo SINTEGRA para ficar em dia com o Fisco! [\/vc_column_text][vc_column_text css=&#8221;.vc_custom_1680614352087{padding-right: &hellip; Continued","og_url":"https:\/\/oimpresso.com\/ajuda\/sintegra\/","og_site_name":"Office Impresso","article_modified_time":"2023-04-04T13:22:04+00:00","twitter_card":"summary_large_image","twitter_misc":{"Est. tempo de leitura":"5 minutos"},"schema":{"@context":"https:\/\/schema.org","@graph":[{"@type":"WebPage","@id":"https:\/\/oimpresso.com\/ajuda\/sintegra\/","url":"https:\/\/oimpresso.com\/ajuda\/sintegra\/","name":"SINTEGRA","isPartOf":{"@id":"https:\/\/oimpresso.com\/ajuda\/#website"},"datePublished":"2023-01-16T19:47:08+00:00","dateModified":"2023-04-04T13:22:04+00:00","breadcrumb":{"@id":"https:\/\/oimpresso.com\/ajuda\/sintegra\/#breadcrumb"},"inLanguage":"pt-BR","potentialAction":[{"@type":"ReadAction","target":["https:\/\/oimpresso.com\/ajuda\/sintegra\/"]}]},{"@type":"BreadcrumbList","@id":"https:\/\/oimpresso.com\/ajuda\/sintegra\/#breadcrumb","itemListElement":[{"@type":"ListItem","position":1,"name":"In\u00edcio","item":"https:\/\/oimpresso.com\/ajuda\/"},{"@type":"ListItem","position":2,"name":"SINTEGRA"}]},{"@type":"WebSite","@id":"https:\/\/oimpresso.com\/ajuda\/#website","url":"https:\/\/oimpresso.com\/ajuda\/","name":"Office Impresso","description":"Portal de Ajuda","publisher":{"@id":"https:\/\/oimpresso.com\/ajuda\/#organization"},"potentialAction":[{"@type":"SearchAction","target":{"@type":"EntryPoint","urlTemplate":"https:\/\/oimpresso.com\/ajuda\/?s={search_term_string}"},"query-input":"required name=search_term_string"}],"inLanguage":"pt-BR"},{"@type":"Organization","@id":"https:\/\/oimpresso.com\/ajuda\/#organization","name":"Office Impresso","url":"https:\/\/oimpresso.com\/ajuda\/","logo":{"@type":"ImageObject","inLanguage":"pt-BR","@id":"https:\/\/oimpresso.com\/ajuda\/#\/schema\/logo\/image\/","url":"https:\/\/oimpresso.com\/ajuda\/wp-content\/uploads\/2023\/04\/LOGO-PRETA-Office-Impresso-e1680706829226.png","contentUrl":"https:\/\/oimpresso.com\/ajuda\/wp-content\/uploads\/2023\/04\/LOGO-PRETA-Office-Impresso-e1680706829226.png","width":275,"height":77,"caption":"Office Impresso"},"image":{"@id":"https:\/\/oimpresso.com\/ajuda\/#\/schema\/logo\/image\/"}}]}},"_links":{"self":[{"href":"https:\/\/oimpresso.com\/ajuda\/wp-json\/wp\/v2\/pages\/7778"}],"collection":[{"href":"https:\/\/oimpresso.com\/ajuda\/wp-json\/wp\/v2\/pages"}],"about":[{"href":"https:\/\/oimpresso.com\/ajuda\/wp-json\/wp\/v2\/types\/page"}],"author":[{"embeddable":true,"href":"https:\/\/oimpresso.com\/ajuda\/wp-json\/wp\/v2\/users\/8"}],"replies":[{"embeddable":true,"href":"https:\/\/oimpresso.com\/ajuda\/wp-json\/wp\/v2\/comments?post=7778"}],"version-history":[{"count":14,"href":"https:\/\/oimpresso.com\/ajuda\/wp-json\/wp\/v2\/pages\/7778\/revisions"}],"predecessor-version":[{"id":10914,"href":"https:\/\/oimpresso.com\/ajuda\/wp-json\/wp\/v2\/pages\/7778\/revisions\/10914"}],"wp:attachment":[{"href":"https:\/\/oimpresso.com\/ajuda\/wp-json\/wp\/v2\/media?parent=7778"}],"curies":[{"name":"wp","href":"https:\/\/api.w.org\/{rel}","templated":true}]}}