{"id":7774,"date":"2023-01-16T16:46:12","date_gmt":"2023-01-16T19:46:12","guid":{"rendered":"https:\/\/oimpresso.com\/ajuda\/?page_id=7774"},"modified":"2023-04-03T14:21:10","modified_gmt":"2023-04-03T17:21:10","slug":"fluxo-de-produto","status":"publish","type":"page","link":"https:\/\/oimpresso.com\/ajuda\/fluxo-de-produto\/","title":{"rendered":"Fluxo de Produto"},"content":{"rendered":"<p>[vc_row full_width=&#8221;stretch_row_content&#8221; css=&#8221;.vc_custom_1676920898231{margin-top: -70px !important;padding-bottom: 50px !important;background-position: center !important;background-repeat: no-repeat !important;background-size: cover !important;}&#8221;][vc_column css=&#8221;.vc_custom_1679331241009{background-image: url(https:\/\/oimpresso.com\/ajuda\/wp-content\/uploads\/2023\/03\/Fluxo-de-Produto.png?id=10076) !important;background-position: center !important;background-repeat: no-repeat !important;background-size: cover !important;}&#8221; offset=&#8221;vc_hidden-md vc_hidden-sm vc_hidden-xs&#8221;][vc_column_text css=&#8221;.vc_custom_1680541651360{padding-left: 50px !important;}&#8221;]<\/p>\n<h1 style=\"color: #474747;\" id=\"fluxo-de-produto\" >Fluxo de produto<\/h1>\n<p>[\/vc_column_text][vc_column_text css=&#8221;.vc_custom_1680541925054{padding-right: 650px !important;padding-left: 50px !important;}&#8221;]<\/p>\n<p style=\"color: #575757; font-size: 25px;\">J\u00e1 iniciou o planejamento de suas produ\u00e7\u00f5es?<\/p>\n<p style=\"color: #676767; font-size: 20px;\">Atrav\u00e9s do Office Impresso \u00e9 poss\u00edvel criar est\u00e1gios para estabelecer qual ser\u00e1 o fluxo do produto, auxiliando no gerenciamento do tempo e recursos dispon\u00edveis ao vincular a equipe respons\u00e1vel.<\/p>\n<p style=\"color: #676767; font-size: 20px;\">Desta forma \u00e9 poss\u00edvel evitar atrasos e garantir o aumento de sua produ\u00e7\u00e3o!<\/p>\n<p>[\/vc_column_text][vc_column_text css=&#8221;.vc_custom_1680200747912{padding-left: 50px !important;}&#8221;]<a class=\"fancybox-iframe\" style=\"display: flex; align-items: center; justify-content: center; width: 100%; max-width: 200px; height: 45px; border-radius: 25px; background: #80387B; background-image: linear-gradient(to bottom, #80387B, #CF61CA); border: none; color: #ffffff; font-size: 16px; cursor: pointer; text-align: center; text-decoration: none;\" href=\"https:\/\/oimpresso.com\/ajuda\/solicitar-proposta\/\">Conhe\u00e7a um Especialista<\/a>[\/vc_column_text][\/vc_column][\/vc_row][vc_row full_width=&#8221;stretch_row_content&#8221; css=&#8221;.vc_custom_1676921146248{margin-top: -20px !important;padding-bottom: 50px !important;background-position: center !important;background-repeat: no-repeat !important;background-size: cover !important;}&#8221;][vc_column css=&#8221;.vc_custom_1679331370233{background-image: url(https:\/\/oimpresso.com\/ajuda\/wp-content\/uploads\/2023\/03\/Fluxo-de-Produto.png?id=10076) !important;background-position: center !important;background-repeat: no-repeat !important;background-size: cover !important;}&#8221; offset=&#8221;vc_hidden-lg vc_hidden-sm vc_hidden-xs&#8221;][vc_column_text css=&#8221;.vc_custom_1680541651360{padding-left: 50px !important;}&#8221;]<\/p>\n<h1 style=\"color: #474747;\" id=\"fluxo-de-produto\" >Fluxo de produto<\/h1>\n<p>[\/vc_column_text][vc_column_text css=&#8221;.vc_custom_1680541925054{padding-right: 650px !important;padding-left: 50px !important;}&#8221;]<\/p>\n<p style=\"color: #575757; font-size: 25px;\">J\u00e1 iniciou o planejamento de suas produ\u00e7\u00f5es?<\/p>\n<p style=\"color: #676767; font-size: 20px;\">Atrav\u00e9s do Office Impresso \u00e9 poss\u00edvel criar est\u00e1gios para estabelecer qual ser\u00e1 o fluxo do produto, auxiliando no gerenciamento do tempo e recursos dispon\u00edveis ao vincular a equipe respons\u00e1vel.<\/p>\n<p style=\"color: #676767; font-size: 20px;\">Desta forma \u00e9 poss\u00edvel evitar atrasos e garantir o aumento de sua produ\u00e7\u00e3o!<\/p>\n<p>[\/vc_column_text][vc_column_text css=&#8221;.vc_custom_1680200783526{padding-left: 50px !important;}&#8221;]<a class=\"fancybox-iframe\" style=\"display: flex; align-items: center; justify-content: center; width: 100%; max-width: 200px; height: 45px; border-radius: 25px; background: #80387B; background-image: linear-gradient(to bottom, #80387B, #CF61CA); border: none; color: #ffffff; font-size: 16px; cursor: pointer; text-align: center; text-decoration: none;\" href=\"https:\/\/oimpresso.com\/ajuda\/solicitar-proposta\/\">Conhe\u00e7a um Especialista<\/a>[\/vc_column_text][\/vc_column][\/vc_row][vc_row full_width=&#8221;stretch_row_content&#8221; css=&#8221;.vc_custom_1676921326147{margin-top: -65px !important;padding-bottom: 50px !important;background-position: center !important;background-repeat: no-repeat !important;background-size: cover !important;}&#8221;][vc_column css=&#8221;.vc_custom_1676921921382{background-position: center !important;background-repeat: no-repeat !important;background-size: cover !important;}&#8221; offset=&#8221;vc_hidden-lg vc_hidden-md vc_col-xs-12&#8243;][vc_column_text css=&#8221;.vc_custom_1680542069165{padding-right: 50px !important;padding-left: 50px !important;}&#8221;]<\/p>\n<h1 style=\"color: #474747; text-align: center;\" id=\"fluxo-de-produto\" >Fluxo de produto<\/h1>\n<p>[\/vc_column_text][vc_column_text css=&#8221;.vc_custom_1680542084668{padding-right: 10px !important;padding-left: 10px !important;}&#8221;]<\/p>\n<p style=\"color: #575757; font-size: 25px; text-align: center;\">J\u00e1 iniciou o planejamento de suas produ\u00e7\u00f5es?<\/p>\n<p style=\"color: #676767; font-size: 20px; text-align: center;\">Atrav\u00e9s do Office Impresso \u00e9 poss\u00edvel criar est\u00e1gios para estabelecer qual ser\u00e1 o fluxo do produto, auxiliando no gerenciamento do tempo e recursos dispon\u00edveis ao vincular a equipe respons\u00e1vel.<\/p>\n<p style=\"color: #676767; font-size: 20px; text-align: center;\">Desta forma \u00e9 poss\u00edvel evitar atrasos e garantir o aumento de sua produ\u00e7\u00e3o!<\/p>\n<p>[\/vc_column_text][vc_column_text css=&#8221;.vc_custom_1680200813407{margin-top: 20px !important;}&#8221;]<a style=\"width: 190px; height: 45px; border-radius: 25px; background: #80387B; background-image: linear-gradient(to bottom, #80387B, #CF61CA); border: none; color: #FFFFFF; font-size: 16px; cursor: pointer; display: flex; justify-content: center; align-items: center; margin: 0 auto; text-decoration: none;\" href=\"https:\/\/oimpresso.com\/ajuda\/solicitar-proposta\/;\">Conhe\u00e7a um Especialista<\/a>[\/vc_column_text][\/vc_column][vc_column offset=&#8221;vc_hidden-lg vc_hidden-md vc_col-xs-12&#8243; css=&#8221;.vc_custom_1679331807163{background-image: url(https:\/\/oimpresso.com\/ajuda\/wp-content\/uploads\/2023\/03\/Fluxo-de-Produto-MOBILE.png?id=10077) !important;background-position: center !important;background-repeat: no-repeat !important;background-size: cover !important;}&#8221;][vc_empty_space height=&#8221;250px&#8221;][\/vc_column][\/vc_row][vc_row full_width=&#8221;stretch_row_content&#8221; content_placement=&#8221;middle&#8221;][vc_column offset=&#8221;vc_hidden-sm vc_col-xs-12 vc_hidden-xs&#8221;][vc_column_text css=&#8221;.vc_custom_1680542105146{padding-right: 50px !important;padding-left: 50px !important;}&#8221;]<\/p>\n<h2 style=\"text-align: center; color: #474747;\" id=\"um-bom-planejamento-de-producao-comeca-com-um-fluxo-de-produto-bem-definido-e-isso-se-torna-facil-com-o-office-impresso\" >Um bom planejamento de produ\u00e7\u00e3o come\u00e7a com um fluxo de produto bem definido e isso se torna f\u00e1cil com o Office Impresso<\/h2>\n<p>[\/vc_column_text][\/vc_column][vc_column offset=&#8221;vc_hidden-lg vc_hidden-md vc_col-xs-12&#8243;][vc_column_text css=&#8221;.vc_custom_1680542128754{padding-right: 10px !important;padding-left: 10px !important;}&#8221;]<\/p>\n<h2 style=\"text-align: center; color: #474747;\" id=\"um-bom-planejamento-de-producao-comeca-com-um-fluxo-de-produto-bem-definido-e-isso-se-torna-facil-com-o-office-impresso\" >Um bom planejamento de produ\u00e7\u00e3o come\u00e7a com um fluxo de produto bem definido e isso se torna f\u00e1cil com o Office Impresso<\/h2>\n<p>[\/vc_column_text][vc_separator][\/vc_column][\/vc_row][vc_row full_width=&#8221;stretch_row_content&#8221; equal_height=&#8221;yes&#8221; css=&#8221;.vc_custom_1676919941898{background-color: #ffffff !important;}&#8221;][vc_column width=&#8221;1\/2&#8243; offset=&#8221;vc_col-lg-6 vc_col-md-6 vc_hidden-sm vc_hidden-xs&#8221;][vc_single_image image=&#8221;9835&#8243; img_size=&#8221;200&#215;200&#8243; alignment=&#8221;center&#8221; css=&#8221;.vc_custom_1679484252752{margin-bottom: -35px !important;padding-right: 50px !important;padding-left: 50px !important;}&#8221;][vc_column_text css=&#8221;.vc_custom_1680542321735{padding-top: 25px !important;padding-right: 50px !important;padding-bottom: 25px !important;padding-left: 50px !important;}&#8221;]<\/p>\n<h1 style=\"font-size: 25px; text-align: center; line-height: 35px; color: #474747;\" id=\"execucao-eficiente-e-eficaz\" >Execu\u00e7\u00e3o eficiente e eficaz<\/h1>\n<p style=\"text-align: center; color: #676767;\">O <strong>Office Impresso<\/strong> pode ser usado para criar um fluxo de produto. Ao criar um fluxo de produto usando o <strong>Office Impresso<\/strong>, voc\u00ea estabelece quais ser\u00e3o as etapas do processo de produ\u00e7\u00e3o, definir quem ser\u00e1 respons\u00e1vel por cada etapa e vincular a equipe respons\u00e1vel para garantir que o fluxo do produto seja executado de forma eficiente e eficaz<\/p>\n<p>[\/vc_column_text][\/vc_column][vc_column width=&#8221;1\/2&#8243; offset=&#8221;vc_col-lg-6 vc_col-md-6 vc_hidden-sm vc_hidden-xs&#8221;][vc_single_image image=&#8221;9893&#8243; img_size=&#8221;200&#215;200&#8243; alignment=&#8221;center&#8221; css=&#8221;.vc_custom_1679484316752{margin-bottom: -35px !important;padding-right: 50px !important;padding-left: 50px !important;}&#8221;][vc_column_text css=&#8221;.vc_custom_1680542387750{padding-top: 25px !important;padding-right: 50px !important;padding-bottom: 25px !important;padding-left: 50px !important;}&#8221;]<\/p>\n<h1 style=\"font-size: 25px; text-align: center; line-height: 35px; color: #474747;\" id=\"producao-com-fluxo-de-produto\" >Produ\u00e7\u00e3o com fluxo de produto<\/h1>\n<p style=\"text-align: center; color: #676767;\">Ao planejar suas produ\u00e7\u00f5es com o <strong>Office Impresso<\/strong> usando um fluxo de produto, voc\u00ea pode garantir que cada etapa do processo seja realizada de maneira correta e no momento certo, evitando atrasos e retrabalho<\/p>\n<p>[\/vc_column_text][\/vc_column][\/vc_row][vc_row full_width=&#8221;stretch_row_content&#8221; equal_height=&#8221;yes&#8221; css=&#8221;.vc_custom_1676920017047{background-color: #ffffff !important;}&#8221;][vc_column offset=&#8221;vc_hidden-lg vc_hidden-md vc_col-xs-12&#8243; css=&#8221;.vc_custom_1676920219749{background-color: #f4f4f4 !important;}&#8221;][vc_single_image image=&#8221;9835&#8243; img_size=&#8221;200&#215;200&#8243; alignment=&#8221;center&#8221; css=&#8221;.vc_custom_1679484252752{margin-bottom: -35px !important;padding-right: 50px !important;padding-left: 50px !important;}&#8221;][vc_column_text css=&#8221;.vc_custom_1680542472325{padding-top: 25px !important;padding-right: 10px !important;padding-bottom: 25px !important;padding-left: 10px !important;}&#8221;]<\/p>\n<h1 style=\"font-size: 25px; text-align: center; line-height: 35px; color: #474747;\" id=\"execucao-eficiente-e-eficaz\" >Execu\u00e7\u00e3o eficiente e eficaz<\/h1>\n<p style=\"text-align: center; color: #676767;\">O <strong>Office Impresso<\/strong> pode ser usado para criar um fluxo de produto. Ao criar um fluxo de produto usando o <strong>Office Impresso<\/strong>, voc\u00ea estabelece quais ser\u00e3o as etapas do processo de produ\u00e7\u00e3o, definir quem ser\u00e1 respons\u00e1vel por cada etapa e vincular a equipe respons\u00e1vel para garantir que o fluxo do produto seja executado de forma eficiente e eficaz<\/p>\n<p>[\/vc_column_text][\/vc_column][\/vc_row][vc_row full_width=&#8221;stretch_row_content&#8221; equal_height=&#8221;yes&#8221; css=&#8221;.vc_custom_1676920017047{background-color: #ffffff !important;}&#8221;][vc_column offset=&#8221;vc_hidden-lg vc_hidden-md vc_col-xs-12&#8243; css=&#8221;.vc_custom_1679483560672{background-color: #ffffff !important;}&#8221;][vc_single_image image=&#8221;9893&#8243; img_size=&#8221;200&#215;200&#8243; alignment=&#8221;center&#8221; css=&#8221;.vc_custom_1679484316752{margin-bottom: -35px !important;padding-right: 50px !important;padding-left: 50px !important;}&#8221;][vc_column_text css=&#8221;.vc_custom_1679483381300{padding-top: 25px !important;padding-right: 50px !important;padding-bottom: 25px !important;padding-left: 50px !important;}&#8221;]<\/p>\n<h1 style=\"font-size: 25px; text-align: center; line-height: 35px;\" id=\"producao-com-fluxo-de-produto\" >Produ\u00e7\u00e3o com fluxo de produto<\/h1>\n<p style=\"text-align: center;\">Ao planejar suas produ\u00e7\u00f5es com o <strong>Office Impresso<\/strong> usando um fluxo de produto, voc\u00ea pode garantir que cada etapa do processo seja realizada de maneira correta e no momento certo, evitando atrasos e retrabalho<\/p>\n<p>[\/vc_column_text][\/vc_column][\/vc_row]<\/p>\n","protected":false},"excerpt":{"rendered":"<p>[vc_row full_width=&#8221;stretch_row_content&#8221; css=&#8221;.vc_custom_1676920898231{margin-top: -70px !important;padding-bottom: 50px !important;background-position: center !important;background-repeat: no-repeat !important;background-size: cover !important;}&#8221;][vc_column css=&#8221;.vc_custom_1679331241009{background-image: url(https:\/\/oimpresso.com\/ajuda\/wp-content\/uploads\/2023\/03\/Fluxo-de-Produto.png?id=10076) !important;background-position: center !important;background-repeat: no-repeat !important;background-size: cover !important;}&#8221; offset=&#8221;vc_hidden-md vc_hidden-sm vc_hidden-xs&#8221;][vc_column_text css=&#8221;.vc_custom_1680541651360{padding-left: 50px !important;}&#8221;] Fluxo de produto [\/vc_column_text][vc_column_text css=&#8221;.vc_custom_1680541925054{padding-right: 650px !important;padding-left: 50px !important;}&#8221;] J\u00e1 iniciou o planejamento de suas produ\u00e7\u00f5es? Atrav\u00e9s do Office Impresso \u00e9 poss\u00edvel criar est\u00e1gios para estabelecer qual &hellip; <a href=\"https:\/\/oimpresso.com\/ajuda\/fluxo-de-produto\/\">Continued<\/a><\/p>\n","protected":false},"author":8,"featured_media":0,"parent":0,"menu_order":0,"comment_status":"closed","ping_status":"closed","template":"","meta":{"_bbp_topic_count":0,"_bbp_reply_count":0,"_bbp_total_topic_count":0,"_bbp_total_reply_count":0,"_bbp_voice_count":0,"_bbp_anonymous_reply_count":0,"_bbp_topic_count_hidden":0,"_bbp_reply_count_hidden":0,"_bbp_forum_subforum_count":0,"om_disable_all_campaigns":false,"_mi_skip_tracking":false},"yoast_head":"<!-- This site is optimized with the Yoast SEO plugin v20.5 - https:\/\/yoast.com\/wordpress\/plugins\/seo\/ -->\n<title>Fluxo de Produto<\/title>\n<meta name=\"robots\" content=\"index, follow, max-snippet:-1, max-image-preview:large, max-video-preview:-1\" \/>\n<link rel=\"canonical\" href=\"https:\/\/oimpresso.com\/ajuda\/fluxo-de-produto\/\" \/>\n<meta property=\"og:locale\" content=\"pt_BR\" \/>\n<meta property=\"og:type\" content=\"article\" \/>\n<meta property=\"og:title\" content=\"Fluxo de Produto\" \/>\n<meta property=\"og:description\" content=\"[vc_row full_width=&#8221;stretch_row_content&#8221; css=&#8221;.vc_custom_1676920898231{margin-top: -70px !important;padding-bottom: 50px !important;background-position: center !important;background-repeat: no-repeat !important;background-size: cover !important;}&#8221;][vc_column css=&#8221;.vc_custom_1679331241009{background-image: url(https:\/\/oimpresso.com\/ajuda\/wp-content\/uploads\/2023\/03\/Fluxo-de-Produto.png?id=10076) !important;background-position: center !important;background-repeat: no-repeat !important;background-size: cover !important;}&#8221; offset=&#8221;vc_hidden-md vc_hidden-sm vc_hidden-xs&#8221;][vc_column_text css=&#8221;.vc_custom_1680541651360{padding-left: 50px !important;}&#8221;] Fluxo de produto [\/vc_column_text][vc_column_text css=&#8221;.vc_custom_1680541925054{padding-right: 650px !important;padding-left: 50px !important;}&#8221;] J\u00e1 iniciou o planejamento de suas produ\u00e7\u00f5es? Atrav\u00e9s do Office Impresso \u00e9 poss\u00edvel criar est\u00e1gios para estabelecer qual &hellip; Continued\" \/>\n<meta property=\"og:url\" content=\"https:\/\/oimpresso.com\/ajuda\/fluxo-de-produto\/\" \/>\n<meta property=\"og:site_name\" content=\"Office Impresso\" \/>\n<meta property=\"article:modified_time\" content=\"2023-04-03T17:21:10+00:00\" \/>\n<meta name=\"twitter:card\" content=\"summary_large_image\" \/>\n<meta name=\"twitter:label1\" content=\"Est. tempo de leitura\" \/>\n\t<meta name=\"twitter:data1\" content=\"6 minutos\" \/>\n<script type=\"application\/ld+json\" class=\"yoast-schema-graph\">{\"@context\":\"https:\/\/schema.org\",\"@graph\":[{\"@type\":\"WebPage\",\"@id\":\"https:\/\/oimpresso.com\/ajuda\/fluxo-de-produto\/\",\"url\":\"https:\/\/oimpresso.com\/ajuda\/fluxo-de-produto\/\",\"name\":\"Fluxo de Produto\",\"isPartOf\":{\"@id\":\"https:\/\/oimpresso.com\/ajuda\/#website\"},\"datePublished\":\"2023-01-16T19:46:12+00:00\",\"dateModified\":\"2023-04-03T17:21:10+00:00\",\"breadcrumb\":{\"@id\":\"https:\/\/oimpresso.com\/ajuda\/fluxo-de-produto\/#breadcrumb\"},\"inLanguage\":\"pt-BR\",\"potentialAction\":[{\"@type\":\"ReadAction\",\"target\":[\"https:\/\/oimpresso.com\/ajuda\/fluxo-de-produto\/\"]}]},{\"@type\":\"BreadcrumbList\",\"@id\":\"https:\/\/oimpresso.com\/ajuda\/fluxo-de-produto\/#breadcrumb\",\"itemListElement\":[{\"@type\":\"ListItem\",\"position\":1,\"name\":\"In\u00edcio\",\"item\":\"https:\/\/oimpresso.com\/ajuda\/\"},{\"@type\":\"ListItem\",\"position\":2,\"name\":\"Fluxo de Produto\"}]},{\"@type\":\"WebSite\",\"@id\":\"https:\/\/oimpresso.com\/ajuda\/#website\",\"url\":\"https:\/\/oimpresso.com\/ajuda\/\",\"name\":\"Office Impresso\",\"description\":\"Portal de Ajuda\",\"publisher\":{\"@id\":\"https:\/\/oimpresso.com\/ajuda\/#organization\"},\"potentialAction\":[{\"@type\":\"SearchAction\",\"target\":{\"@type\":\"EntryPoint\",\"urlTemplate\":\"https:\/\/oimpresso.com\/ajuda\/?s={search_term_string}\"},\"query-input\":\"required name=search_term_string\"}],\"inLanguage\":\"pt-BR\"},{\"@type\":\"Organization\",\"@id\":\"https:\/\/oimpresso.com\/ajuda\/#organization\",\"name\":\"Office Impresso\",\"url\":\"https:\/\/oimpresso.com\/ajuda\/\",\"logo\":{\"@type\":\"ImageObject\",\"inLanguage\":\"pt-BR\",\"@id\":\"https:\/\/oimpresso.com\/ajuda\/#\/schema\/logo\/image\/\",\"url\":\"https:\/\/oimpresso.com\/ajuda\/wp-content\/uploads\/2023\/04\/LOGO-PRETA-Office-Impresso-e1680706829226.png\",\"contentUrl\":\"https:\/\/oimpresso.com\/ajuda\/wp-content\/uploads\/2023\/04\/LOGO-PRETA-Office-Impresso-e1680706829226.png\",\"width\":275,\"height\":77,\"caption\":\"Office Impresso\"},\"image\":{\"@id\":\"https:\/\/oimpresso.com\/ajuda\/#\/schema\/logo\/image\/\"}}]}<\/script>\n<!-- \/ Yoast SEO plugin. -->","yoast_head_json":{"title":"Fluxo de Produto","robots":{"index":"index","follow":"follow","max-snippet":"max-snippet:-1","max-image-preview":"max-image-preview:large","max-video-preview":"max-video-preview:-1"},"canonical":"https:\/\/oimpresso.com\/ajuda\/fluxo-de-produto\/","og_locale":"pt_BR","og_type":"article","og_title":"Fluxo de Produto","og_description":"[vc_row full_width=&#8221;stretch_row_content&#8221; css=&#8221;.vc_custom_1676920898231{margin-top: -70px !important;padding-bottom: 50px !important;background-position: center !important;background-repeat: no-repeat !important;background-size: cover !important;}&#8221;][vc_column css=&#8221;.vc_custom_1679331241009{background-image: url(https:\/\/oimpresso.com\/ajuda\/wp-content\/uploads\/2023\/03\/Fluxo-de-Produto.png?id=10076) !important;background-position: center !important;background-repeat: no-repeat !important;background-size: cover !important;}&#8221; offset=&#8221;vc_hidden-md vc_hidden-sm vc_hidden-xs&#8221;][vc_column_text css=&#8221;.vc_custom_1680541651360{padding-left: 50px !important;}&#8221;] Fluxo de produto [\/vc_column_text][vc_column_text css=&#8221;.vc_custom_1680541925054{padding-right: 650px !important;padding-left: 50px !important;}&#8221;] J\u00e1 iniciou o planejamento de suas produ\u00e7\u00f5es? Atrav\u00e9s do Office Impresso \u00e9 poss\u00edvel criar est\u00e1gios para estabelecer qual &hellip; Continued","og_url":"https:\/\/oimpresso.com\/ajuda\/fluxo-de-produto\/","og_site_name":"Office Impresso","article_modified_time":"2023-04-03T17:21:10+00:00","twitter_card":"summary_large_image","twitter_misc":{"Est. tempo de leitura":"6 minutos"},"schema":{"@context":"https:\/\/schema.org","@graph":[{"@type":"WebPage","@id":"https:\/\/oimpresso.com\/ajuda\/fluxo-de-produto\/","url":"https:\/\/oimpresso.com\/ajuda\/fluxo-de-produto\/","name":"Fluxo de Produto","isPartOf":{"@id":"https:\/\/oimpresso.com\/ajuda\/#website"},"datePublished":"2023-01-16T19:46:12+00:00","dateModified":"2023-04-03T17:21:10+00:00","breadcrumb":{"@id":"https:\/\/oimpresso.com\/ajuda\/fluxo-de-produto\/#breadcrumb"},"inLanguage":"pt-BR","potentialAction":[{"@type":"ReadAction","target":["https:\/\/oimpresso.com\/ajuda\/fluxo-de-produto\/"]}]},{"@type":"BreadcrumbList","@id":"https:\/\/oimpresso.com\/ajuda\/fluxo-de-produto\/#breadcrumb","itemListElement":[{"@type":"ListItem","position":1,"name":"In\u00edcio","item":"https:\/\/oimpresso.com\/ajuda\/"},{"@type":"ListItem","position":2,"name":"Fluxo de Produto"}]},{"@type":"WebSite","@id":"https:\/\/oimpresso.com\/ajuda\/#website","url":"https:\/\/oimpresso.com\/ajuda\/","name":"Office Impresso","description":"Portal de Ajuda","publisher":{"@id":"https:\/\/oimpresso.com\/ajuda\/#organization"},"potentialAction":[{"@type":"SearchAction","target":{"@type":"EntryPoint","urlTemplate":"https:\/\/oimpresso.com\/ajuda\/?s={search_term_string}"},"query-input":"required name=search_term_string"}],"inLanguage":"pt-BR"},{"@type":"Organization","@id":"https:\/\/oimpresso.com\/ajuda\/#organization","name":"Office Impresso","url":"https:\/\/oimpresso.com\/ajuda\/","logo":{"@type":"ImageObject","inLanguage":"pt-BR","@id":"https:\/\/oimpresso.com\/ajuda\/#\/schema\/logo\/image\/","url":"https:\/\/oimpresso.com\/ajuda\/wp-content\/uploads\/2023\/04\/LOGO-PRETA-Office-Impresso-e1680706829226.png","contentUrl":"https:\/\/oimpresso.com\/ajuda\/wp-content\/uploads\/2023\/04\/LOGO-PRETA-Office-Impresso-e1680706829226.png","width":275,"height":77,"caption":"Office Impresso"},"image":{"@id":"https:\/\/oimpresso.com\/ajuda\/#\/schema\/logo\/image\/"}}]}},"_links":{"self":[{"href":"https:\/\/oimpresso.com\/ajuda\/wp-json\/wp\/v2\/pages\/7774"}],"collection":[{"href":"https:\/\/oimpresso.com\/ajuda\/wp-json\/wp\/v2\/pages"}],"about":[{"href":"https:\/\/oimpresso.com\/ajuda\/wp-json\/wp\/v2\/types\/page"}],"author":[{"embeddable":true,"href":"https:\/\/oimpresso.com\/ajuda\/wp-json\/wp\/v2\/users\/8"}],"replies":[{"embeddable":true,"href":"https:\/\/oimpresso.com\/ajuda\/wp-json\/wp\/v2\/comments?post=7774"}],"version-history":[{"count":16,"href":"https:\/\/oimpresso.com\/ajuda\/wp-json\/wp\/v2\/pages\/7774\/revisions"}],"predecessor-version":[{"id":10864,"href":"https:\/\/oimpresso.com\/ajuda\/wp-json\/wp\/v2\/pages\/7774\/revisions\/10864"}],"wp:attachment":[{"href":"https:\/\/oimpresso.com\/ajuda\/wp-json\/wp\/v2\/media?parent=7774"}],"curies":[{"name":"wp","href":"https:\/\/api.w.org\/{rel}","templated":true}]}}