{"id":7766,"date":"2023-01-16T16:44:41","date_gmt":"2023-01-16T19:44:41","guid":{"rendered":"https:\/\/oimpresso.com\/ajuda\/?page_id=7766"},"modified":"2023-03-30T15:06:38","modified_gmt":"2023-03-30T18:06:38","slug":"producao","status":"publish","type":"page","link":"https:\/\/oimpresso.com\/ajuda\/producao\/","title":{"rendered":"Produ\u00e7\u00e3o"},"content":{"rendered":"<p>[vc_row full_width=&#8221;stretch_row_content&#8221; css=&#8221;.vc_custom_1676920898231{margin-top: -70px !important;padding-bottom: 50px !important;background-position: center !important;background-repeat: no-repeat !important;background-size: cover !important;}&#8221;][vc_column css=&#8221;.vc_custom_1678901955721{background-image: url(https:\/\/oimpresso.com\/ajuda\/wp-content\/uploads\/2023\/03\/Producao.jpg?id=9827) !important;background-position: center !important;background-repeat: no-repeat !important;background-size: cover !important;}&#8221; offset=&#8221;vc_hidden-md vc_hidden-sm vc_hidden-xs&#8221;][vc_column_text css=&#8221;.vc_custom_1677759453464{padding-left: 50px !important;}&#8221;]<\/p>\n<h1 style=\"text-align: left;\" id=\"producao\" >Produ\u00e7\u00e3o<\/h1>\n<p>[\/vc_column_text][vc_column_text css=&#8221;.vc_custom_1678303036403{padding-right: 600px !important;padding-left: 50px !important;}&#8221;]<\/p>\n<p style=\"font-size: 25px;\"><strong>Gerencie toda a produ\u00e7\u00e3o atrav\u00e9s de uma \u00fanica tela!<\/strong><\/p>\n<p>[\/vc_column_text][vc_column_text css=&#8221;.vc_custom_1678302304107{padding-right: 630px !important;padding-left: 50px !important;}&#8221;]<\/p>\n<p style=\"text-align: left; font-size: 20px; color: #808080;\">Com o <strong>Office Impresso<\/strong> voc\u00ea pode executar as fun\u00e7\u00f5es essenciais como iniciar, pausar, encaminhar, duplicar, concluir, finalizar, cancelar, arquivar e obter os detalhes da ordem de servi\u00e7o atrav\u00e9s de poucos cliques.<\/p>\n<p>[\/vc_column_text][vc_column_text css=&#8221;.vc_custom_1680199590988{padding-left: 50px !important;}&#8221;]<a class=\"fancybox-iframe\" style=\"display: flex; align-items: center; justify-content: center; width: 100%; max-width: 200px; height: 45px; border-radius: 25px; background: #80387B; background-image: linear-gradient(to bottom, #80387B, #CF61CA); border: none; color: #ffffff; font-size: 16px; cursor: pointer; text-align: center; text-decoration: none;\" href=\"https:\/\/oimpresso.com\/ajuda\/solicitar-proposta\/\">Entramos em Contato<\/a><br \/>\n[\/vc_column_text][\/vc_column][\/vc_row][vc_row full_width=&#8221;stretch_row_content&#8221; css=&#8221;.vc_custom_1676921146248{margin-top: -20px !important;padding-bottom: 50px !important;background-position: center !important;background-repeat: no-repeat !important;background-size: cover !important;}&#8221;][vc_column css=&#8221;.vc_custom_1678902011727{background-image: url(https:\/\/oimpresso.com\/ajuda\/wp-content\/uploads\/2023\/03\/Producao.jpg?id=9827) !important;background-position: center !important;background-repeat: no-repeat !important;background-size: cover !important;}&#8221; offset=&#8221;vc_hidden-lg vc_hidden-sm vc_hidden-xs&#8221;][vc_column_text css=&#8221;.vc_custom_1677759403512{padding-left: 50px !important;}&#8221;]<\/p>\n<h1 id=\"producao\" >Produ\u00e7\u00e3o<\/h1>\n<p>[\/vc_column_text][vc_column_text css=&#8221;.vc_custom_1678303045027{padding-right: 600px !important;padding-left: 50px !important;}&#8221;]<\/p>\n<p style=\"font-size: 25px;\"><strong>Gerencie toda a produ\u00e7\u00e3o atrav\u00e9s de uma \u00fanica tela!<\/strong><\/p>\n<p>[\/vc_column_text][vc_column_text css=&#8221;.vc_custom_1678302314434{padding-right: 600px !important;padding-left: 50px !important;}&#8221;]<\/p>\n<p style=\"text-align: left; font-size: 20px; color: #808080;\">Com o <strong>Office Impresso<\/strong> voc\u00ea pode executar as fun\u00e7\u00f5es essenciais como iniciar, pausar, encaminhar, duplicar, concluir, finalizar, cancelar, arquivar e obter os detalhes da ordem de servi\u00e7o atrav\u00e9s de poucos cliques.<\/p>\n<p>[\/vc_column_text][vc_column_text css=&#8221;.vc_custom_1680199510489{padding-left: 50px !important;}&#8221;]<a class=\"fancybox-iframe\" style=\"display: flex; align-items: center; justify-content: center; width: 100%; max-width: 200px; height: 45px; border-radius: 25px; background: #80387B; background-image: linear-gradient(to bottom, #80387B, #CF61CA); border: none; color: #ffffff; font-size: 16px; cursor: pointer; text-align: center; text-decoration: none;\" href=\"https:\/\/oimpresso.com\/ajuda\/solicitar-proposta\/\">Entramos em Contato<\/a>[\/vc_column_text][\/vc_column][\/vc_row][vc_row full_width=&#8221;stretch_row_content&#8221; css=&#8221;.vc_custom_1676921326147{margin-top: -65px !important;padding-bottom: 50px !important;background-position: center !important;background-repeat: no-repeat !important;background-size: cover !important;}&#8221;][vc_column css=&#8221;.vc_custom_1676921921382{background-position: center !important;background-repeat: no-repeat !important;background-size: cover !important;}&#8221; offset=&#8221;vc_hidden-lg vc_hidden-md vc_col-xs-12&#8243;][vc_column_text css=&#8221;.vc_custom_1677759410824{padding-right: 50px !important;padding-left: 50px !important;}&#8221;]<\/p>\n<h1 style=\"text-align: center;\" id=\"producao\" >Produ\u00e7\u00e3o<\/h1>\n<p>[\/vc_column_text][vc_column_text css=&#8221;.vc_custom_1678303049131{padding-right: 10px !important;padding-left: 10px !important;}&#8221;]<\/p>\n<p style=\"text-align: center; font-size: 25px;\"><strong>Gerencie toda a produ\u00e7\u00e3o atrav\u00e9s de uma \u00fanica tela!<\/strong><\/p>\n<p>[\/vc_column_text][vc_column_text css=&#8221;.vc_custom_1678302353150{padding-right: 10px !important;padding-left: 10px !important;}&#8221;]<\/p>\n<p style=\"font-size: 20px; color: #808080; text-align: center;\">Com o <strong>Office Impresso<\/strong> voc\u00ea pode executar as fun\u00e7\u00f5es essenciais como iniciar, pausar, encaminhar, duplicar, concluir, finalizar, cancelar, arquivar e obter os detalhes da ordem de servi\u00e7o atrav\u00e9s de poucos cliques.<\/p>\n<p>[\/vc_column_text][vc_column_text css=&#8221;.vc_custom_1680199406783{margin-top: 20px !important;}&#8221;]<a style=\"width: 190px; height: 45px; border-radius: 25px; background: #80387B; background-image: linear-gradient(to bottom, #80387B, #CF61CA); border: none; color: #FFFFFF; font-size: 16px; cursor: pointer; display: flex; justify-content: center; align-items: center; margin: 0 auto; text-decoration: none;\" href=\"https:\/\/oimpresso.com\/ajuda\/solicitar-proposta\/;\">Entramos em Contato<\/a><br \/>\n[\/vc_column_text][\/vc_column][vc_column offset=&#8221;vc_hidden-lg vc_hidden-md vc_col-xs-12&#8243; css=&#8221;.vc_custom_1678902031122{background-image: url(https:\/\/oimpresso.com\/ajuda\/wp-content\/uploads\/2023\/03\/Producao-Mobile.jpg?id=9828) !important;background-position: center !important;background-repeat: no-repeat !important;background-size: cover !important;}&#8221;][vc_empty_space height=&#8221;250&#8243;][\/vc_column][\/vc_row][vc_row full_width=&#8221;stretch_row_content&#8221; content_placement=&#8221;middle&#8221;][vc_column offset=&#8221;vc_hidden-sm vc_col-xs-12 vc_hidden-xs&#8221;][vc_column_text css=&#8221;.vc_custom_1677759747213{padding-right: 50px !important;padding-left: 50px !important;}&#8221;]<\/p>\n<h2 style=\"text-align: center;\" id=\"o-office-impresso-auxilia-na-gestao-de-producao-tornando-esse-processo-muito-mais-pratico\" >O Office Impresso auxilia na gest\u00e3o de produ\u00e7\u00e3o, tornando esse processo muito mais pr\u00e1tico<\/h2>\n<p>[\/vc_column_text][\/vc_column][vc_column offset=&#8221;vc_hidden-lg vc_hidden-md vc_col-xs-12&#8243;][vc_column_text css_animation=&#8221;none&#8221; css=&#8221;.vc_custom_1677759821245{padding-right: 10px !important;padding-left: 10px !important;}&#8221;]<\/p>\n<h2 style=\"text-align: center;\" id=\"o-office-impresso-auxilia-na-gestao-de-producao-tornando-esse-processo-muito-mais-pratico\" >O Office Impresso auxilia na gest\u00e3o de produ\u00e7\u00e3o, tornando esse processo muito mais pr\u00e1tico<\/h2>\n<p>[\/vc_column_text][vc_separator][\/vc_column][\/vc_row][vc_row full_width=&#8221;stretch_row_content&#8221; equal_height=&#8221;yes&#8221; css=&#8221;.vc_custom_1676919941898{background-color: #ffffff !important;}&#8221;][vc_column width=&#8221;1\/2&#8243; offset=&#8221;vc_col-lg-6 vc_col-md-6 vc_hidden-sm vc_hidden-xs&#8221;][vc_single_image image=&#8221;9854&#8243; img_size=&#8221;200&#215;200&#8243; alignment=&#8221;center&#8221; css=&#8221;.vc_custom_1678902732459{margin-bottom: -35px !important;padding-right: 50px !important;padding-left: 50px !important;}&#8221;][vc_column_text css=&#8221;.vc_custom_1678302725318{padding-top: 25px !important;padding-right: 50px !important;padding-bottom: 25px !important;padding-left: 50px !important;}&#8221;]<\/p>\n<h1 style=\"font-size: 25px; text-align: center; line-height: 35px;\" id=\"controle-de-producao\" >Controle de produ\u00e7\u00e3o<\/h1>\n<p style=\"text-align: center;\">O <strong>Office Impresso <\/strong>auxilia na gest\u00e3o da produ\u00e7\u00e3o, permitindo o gerenciamento de todas as etapas do processo atrav\u00e9s de uma \u00fanica tela.<\/p>\n<p>&nbsp;<\/p>\n<ul>\n<li><strong>Facilidade de uso:<\/strong> Com poucos cliques, \u00e9 poss\u00edvel executar as fun\u00e7\u00f5es essenciais da produ\u00e7\u00e3o, o que simplifica a rotina de trabalho e reduz o tempo gasto com tarefas administrativas.<\/li>\n<li><strong>Aumento da efici\u00eancia:<\/strong> Ao simplificar e agilizar a gest\u00e3o da produ\u00e7\u00e3o, o <strong>Office Impresso<\/strong> contribui para o aumento da efici\u00eancia dos processos produtivos, o que pode resultar em uma redu\u00e7\u00e3o de custos e um aumento da produtividade.<\/li>\n<\/ul>\n<p>[\/vc_column_text][\/vc_column][vc_column width=&#8221;1\/2&#8243; offset=&#8221;vc_col-lg-6 vc_col-md-6 vc_hidden-sm vc_hidden-xs&#8221;][vc_single_image image=&#8221;9738&#8243; img_size=&#8221;200&#215;200&#8243; alignment=&#8221;center&#8221; css=&#8221;.vc_custom_1678903065459{margin-bottom: -35px !important;padding-right: 50px !important;padding-left: 50px !important;}&#8221;][vc_single_image image=&#8221;9754&#8243; img_size=&#8221;200&#215;200&#8243; alignment=&#8221;center&#8221; css=&#8221;.vc_custom_1679431295240{margin-bottom: -35px !important;padding-right: 50px !important;padding-left: 50px !important;}&#8221;][vc_column_text css=&#8221;.vc_custom_1678302690648{padding-top: 25px !important;padding-right: 50px !important;padding-bottom: 25px !important;padding-left: 50px !important;}&#8221;]<\/p>\n<h1 style=\"font-size: 25px; text-align: center; line-height: 35px;\" id=\"qualidade-e-eficiencia\" >Qualidade e efici\u00eancia<\/h1>\n<p style=\"text-align: center;\">A gest\u00e3o eficiente da produ\u00e7\u00e3o que o\u00a0<strong>Office Impresso <\/strong>contribui para da melhoria da qualidade e efici\u00eancia da produ\u00e7\u00e3o.<\/p>\n<p>&nbsp;<\/p>\n<div class=\"w-full border-b border-black\/10 dark:border-gray-900\/50 text-gray-800 dark:text-gray-100 group bg-gray-50 dark:bg-[#444654]\">\n<div class=\"text-base gap-4 md:gap-6 m-auto md:max-w-2xl lg:max-w-2xl xl:max-w-3xl p-4 md:py-6 flex lg:px-0\">\n<div class=\"relative flex w-[calc(100%-50px)] flex-col gap-1 md:gap-3 lg:w-[calc(100%-115px)]\">\n<div class=\"flex flex-grow flex-col gap-3\">\n<div class=\"min-h-[20px] flex flex-col items-start gap-4 whitespace-pre-wrap\">\n<div class=\"markdown prose w-full break-words dark:prose-invert dark\">\n<ul>\n<li><strong>Maior qualidade:<\/strong> Com o controle mais efetivo da produ\u00e7\u00e3o, \u00e9 poss\u00edvel identificar e corrigir eventuais problemas ou erros, o que contribui para a melhoria da qualidade dos produtos e servi\u00e7os oferecidos pela empresa.<\/li>\n<li><strong>Mais flexibilidade:<\/strong> O <strong>Office Impresso<\/strong> permite a cria\u00e7\u00e3o de diferentes tipos de ordens de servi\u00e7o e a personaliza\u00e7\u00e3o de diversos aspectos do processo produtivo, o que aumenta a flexibilidade da empresa para atender \u00e0s necessidades espec\u00edficas de seus clientes.<\/li>\n<\/ul>\n<\/div>\n<\/div>\n<\/div>\n<\/div>\n<\/div>\n<\/div>\n<div class=\"w-full border-b border-black\/10 dark:border-gray-900\/50 text-gray-800 dark:text-gray-100 group dark:bg-gray-800\">\n<div class=\"text-base gap-4 md:gap-6 m-auto md:max-w-2xl lg:max-w-2xl xl:max-w-3xl p-4 md:py-6 flex lg:px-0\">\n<div class=\"w-[30px] flex flex-col relative items-end\">\n<div class=\"relative flex\"><\/div>\n<\/div>\n<\/div>\n<\/div>\n<p>[\/vc_column_text][\/vc_column][\/vc_row][vc_row full_width=&#8221;stretch_row_content&#8221; equal_height=&#8221;yes&#8221; css=&#8221;.vc_custom_1676920017047{background-color: #ffffff !important;}&#8221;][vc_column offset=&#8221;vc_hidden-lg vc_hidden-md vc_col-xs-12&#8243;][vc_single_image image=&#8221;9854&#8243; img_size=&#8221;200&#215;200&#8243; alignment=&#8221;center&#8221; css=&#8221;.vc_custom_1678902732459{margin-bottom: -35px !important;padding-right: 50px !important;padding-left: 50px !important;}&#8221;][vc_column_text css=&#8221;.vc_custom_1678218296073{padding-top: 25px !important;padding-right: 10px !important;padding-bottom: 25px !important;padding-left: 10px !important;}&#8221;]<\/p>\n<h1 style=\"font-size: 25px; text-align: center; line-height: 35px;\" id=\"controle-de-producao\" >Controle de produ\u00e7\u00e3o<\/h1>\n<p style=\"text-align: center;\">O <strong>Office Impresso <\/strong>auxilia na gest\u00e3o da produ\u00e7\u00e3o, permitindo o gerenciamento de todas as etapas do processo atrav\u00e9s de uma \u00fanica tela.<\/p>\n<p>&nbsp;<\/p>\n<ul>\n<li>Facilidade de uso: Com poucos cliques, \u00e9 poss\u00edvel executar as fun\u00e7\u00f5es essenciais da produ\u00e7\u00e3o, o que simplifica a rotina de trabalho e reduz o tempo gasto com tarefas administrativas.<\/li>\n<li>Aumento da efici\u00eancia: Ao simplificar e agilizar a gest\u00e3o da produ\u00e7\u00e3o, o Office Impresso contribui para o aumento da efici\u00eancia dos processos produtivos, o que pode resultar em uma redu\u00e7\u00e3o de custos e um aumento da produtividade.<\/li>\n<\/ul>\n<p>[\/vc_column_text][\/vc_column][vc_column offset=&#8221;vc_hidden-lg vc_hidden-md vc_col-xs-12&#8243; css=&#8221;.vc_custom_1676920219749{background-color: #f4f4f4 !important;}&#8221;][vc_single_image image=&#8221;9738&#8243; img_size=&#8221;200&#215;200&#8243; alignment=&#8221;center&#8221; css=&#8221;.vc_custom_1678903065459{margin-bottom: -35px !important;padding-right: 50px !important;padding-left: 50px !important;}&#8221;][vc_single_image image=&#8221;9754&#8243; img_size=&#8221;200&#215;200&#8243; alignment=&#8221;center&#8221; css=&#8221;.vc_custom_1679431295240{margin-bottom: -35px !important;padding-right: 50px !important;padding-left: 50px !important;}&#8221;][vc_column_text css=&#8221;.vc_custom_1678218313383{padding-top: 25px !important;padding-right: 10px !important;padding-bottom: 25px !important;padding-left: 10px !important;}&#8221;]<\/p>\n<h1 style=\"font-size: 25px; text-align: center; line-height: 35px;\" id=\"qualidade-e-eficiencia\" >Qualidade e efici\u00eancia<\/h1>\n<p style=\"text-align: center;\">A gest\u00e3o eficiente da produ\u00e7\u00e3o que o\u00a0<strong>Office Impresso <\/strong>contribui para da melhoria da qualidade e efici\u00eancia da produ\u00e7\u00e3o.<\/p>\n<p>&nbsp;<\/p>\n<div class=\"w-full border-b border-black\/10 dark:border-gray-900\/50 text-gray-800 dark:text-gray-100 group bg-gray-50 dark:bg-[#444654]\">\n<div class=\"text-base gap-4 md:gap-6 m-auto md:max-w-2xl lg:max-w-2xl xl:max-w-3xl p-4 md:py-6 flex lg:px-0\">\n<div class=\"relative flex w-[calc(100%-50px)] flex-col gap-1 md:gap-3 lg:w-[calc(100%-115px)]\">\n<div class=\"flex flex-grow flex-col gap-3\">\n<div class=\"min-h-[20px] flex flex-col items-start gap-4 whitespace-pre-wrap\">\n<div class=\"markdown prose w-full break-words dark:prose-invert dark\">\n<ul>\n<li>Maior qualidade: Com o controle mais efetivo da produ\u00e7\u00e3o, \u00e9 poss\u00edvel identificar e corrigir eventuais problemas ou erros, o que contribui para a melhoria da qualidade dos produtos e servi\u00e7os oferecidos pela empresa.<\/li>\n<li>Mais flexibilidade: O Office Impresso permite a cria\u00e7\u00e3o de diferentes tipos de ordens de servi\u00e7o e a personaliza\u00e7\u00e3o de diversos aspectos do processo produtivo, o que aumenta a flexibilidade da empresa para atender \u00e0s necessidades espec\u00edficas de seus clientes.<\/li>\n<\/ul>\n<\/div>\n<\/div>\n<\/div>\n<\/div>\n<\/div>\n<\/div>\n<div class=\"w-full border-b border-black\/10 dark:border-gray-900\/50 text-gray-800 dark:text-gray-100 group dark:bg-gray-800\">\n<div class=\"text-base gap-4 md:gap-6 m-auto md:max-w-2xl lg:max-w-2xl xl:max-w-3xl p-4 md:py-6 flex lg:px-0\">\n<div class=\"w-[30px] flex flex-col relative items-end\">\n<div class=\"relative flex\"><\/div>\n<\/div>\n<\/div>\n<\/div>\n<p>[\/vc_column_text][\/vc_column][\/vc_row]<\/p>\n","protected":false},"excerpt":{"rendered":"<p>[vc_row full_width=&#8221;stretch_row_content&#8221; css=&#8221;.vc_custom_1676920898231{margin-top: -70px !important;padding-bottom: 50px !important;background-position: center !important;background-repeat: no-repeat !important;background-size: cover !important;}&#8221;][vc_column css=&#8221;.vc_custom_1678901955721{background-image: url(https:\/\/oimpresso.com\/ajuda\/wp-content\/uploads\/2023\/03\/Producao.jpg?id=9827) !important;background-position: center !important;background-repeat: no-repeat !important;background-size: cover !important;}&#8221; offset=&#8221;vc_hidden-md vc_hidden-sm vc_hidden-xs&#8221;][vc_column_text css=&#8221;.vc_custom_1677759453464{padding-left: 50px !important;}&#8221;] Produ\u00e7\u00e3o [\/vc_column_text][vc_column_text css=&#8221;.vc_custom_1678303036403{padding-right: 600px !important;padding-left: 50px !important;}&#8221;] Gerencie toda a produ\u00e7\u00e3o atrav\u00e9s de uma \u00fanica tela! [\/vc_column_text][vc_column_text css=&#8221;.vc_custom_1678302304107{padding-right: 630px !important;padding-left: 50px !important;}&#8221;] Com o Office Impresso voc\u00ea &hellip; <a href=\"https:\/\/oimpresso.com\/ajuda\/producao\/\">Continued<\/a><\/p>\n","protected":false},"author":8,"featured_media":0,"parent":0,"menu_order":0,"comment_status":"closed","ping_status":"closed","template":"","meta":{"_bbp_topic_count":0,"_bbp_reply_count":0,"_bbp_total_topic_count":0,"_bbp_total_reply_count":0,"_bbp_voice_count":0,"_bbp_anonymous_reply_count":0,"_bbp_topic_count_hidden":0,"_bbp_reply_count_hidden":0,"_bbp_forum_subforum_count":0,"om_disable_all_campaigns":false,"_mi_skip_tracking":false},"yoast_head":"<!-- This site is optimized with the Yoast SEO plugin v20.5 - https:\/\/yoast.com\/wordpress\/plugins\/seo\/ -->\n<title>Produ\u00e7\u00e3o<\/title>\n<meta name=\"robots\" content=\"index, follow, max-snippet:-1, max-image-preview:large, max-video-preview:-1\" \/>\n<link rel=\"canonical\" href=\"https:\/\/oimpresso.com\/ajuda\/producao\/\" \/>\n<meta property=\"og:locale\" content=\"pt_BR\" \/>\n<meta property=\"og:type\" content=\"article\" \/>\n<meta property=\"og:title\" content=\"Produ\u00e7\u00e3o\" \/>\n<meta property=\"og:description\" content=\"[vc_row full_width=&#8221;stretch_row_content&#8221; css=&#8221;.vc_custom_1676920898231{margin-top: -70px !important;padding-bottom: 50px !important;background-position: center !important;background-repeat: no-repeat !important;background-size: cover !important;}&#8221;][vc_column css=&#8221;.vc_custom_1678901955721{background-image: url(https:\/\/oimpresso.com\/ajuda\/wp-content\/uploads\/2023\/03\/Producao.jpg?id=9827) !important;background-position: center !important;background-repeat: no-repeat !important;background-size: cover !important;}&#8221; offset=&#8221;vc_hidden-md vc_hidden-sm vc_hidden-xs&#8221;][vc_column_text css=&#8221;.vc_custom_1677759453464{padding-left: 50px !important;}&#8221;] Produ\u00e7\u00e3o [\/vc_column_text][vc_column_text css=&#8221;.vc_custom_1678303036403{padding-right: 600px !important;padding-left: 50px !important;}&#8221;] Gerencie toda a produ\u00e7\u00e3o atrav\u00e9s de uma \u00fanica tela! [\/vc_column_text][vc_column_text css=&#8221;.vc_custom_1678302304107{padding-right: 630px !important;padding-left: 50px !important;}&#8221;] Com o Office Impresso voc\u00ea &hellip; Continued\" \/>\n<meta property=\"og:url\" content=\"https:\/\/oimpresso.com\/ajuda\/producao\/\" \/>\n<meta property=\"og:site_name\" content=\"Office Impresso\" \/>\n<meta property=\"article:modified_time\" content=\"2023-03-30T18:06:38+00:00\" \/>\n<meta name=\"twitter:card\" content=\"summary_large_image\" \/>\n<meta name=\"twitter:label1\" content=\"Est. tempo de leitura\" \/>\n\t<meta name=\"twitter:data1\" content=\"7 minutos\" \/>\n<script type=\"application\/ld+json\" class=\"yoast-schema-graph\">{\"@context\":\"https:\/\/schema.org\",\"@graph\":[{\"@type\":\"WebPage\",\"@id\":\"https:\/\/oimpresso.com\/ajuda\/producao\/\",\"url\":\"https:\/\/oimpresso.com\/ajuda\/producao\/\",\"name\":\"Produ\u00e7\u00e3o\",\"isPartOf\":{\"@id\":\"https:\/\/oimpresso.com\/ajuda\/#website\"},\"datePublished\":\"2023-01-16T19:44:41+00:00\",\"dateModified\":\"2023-03-30T18:06:38+00:00\",\"breadcrumb\":{\"@id\":\"https:\/\/oimpresso.com\/ajuda\/producao\/#breadcrumb\"},\"inLanguage\":\"pt-BR\",\"potentialAction\":[{\"@type\":\"ReadAction\",\"target\":[\"https:\/\/oimpresso.com\/ajuda\/producao\/\"]}]},{\"@type\":\"BreadcrumbList\",\"@id\":\"https:\/\/oimpresso.com\/ajuda\/producao\/#breadcrumb\",\"itemListElement\":[{\"@type\":\"ListItem\",\"position\":1,\"name\":\"In\u00edcio\",\"item\":\"https:\/\/oimpresso.com\/ajuda\/\"},{\"@type\":\"ListItem\",\"position\":2,\"name\":\"Produ\u00e7\u00e3o\"}]},{\"@type\":\"WebSite\",\"@id\":\"https:\/\/oimpresso.com\/ajuda\/#website\",\"url\":\"https:\/\/oimpresso.com\/ajuda\/\",\"name\":\"Office Impresso\",\"description\":\"Portal de Ajuda\",\"publisher\":{\"@id\":\"https:\/\/oimpresso.com\/ajuda\/#organization\"},\"potentialAction\":[{\"@type\":\"SearchAction\",\"target\":{\"@type\":\"EntryPoint\",\"urlTemplate\":\"https:\/\/oimpresso.com\/ajuda\/?s={search_term_string}\"},\"query-input\":\"required name=search_term_string\"}],\"inLanguage\":\"pt-BR\"},{\"@type\":\"Organization\",\"@id\":\"https:\/\/oimpresso.com\/ajuda\/#organization\",\"name\":\"Office Impresso\",\"url\":\"https:\/\/oimpresso.com\/ajuda\/\",\"logo\":{\"@type\":\"ImageObject\",\"inLanguage\":\"pt-BR\",\"@id\":\"https:\/\/oimpresso.com\/ajuda\/#\/schema\/logo\/image\/\",\"url\":\"https:\/\/oimpresso.com\/ajuda\/wp-content\/uploads\/2023\/04\/LOGO-PRETA-Office-Impresso-e1680706829226.png\",\"contentUrl\":\"https:\/\/oimpresso.com\/ajuda\/wp-content\/uploads\/2023\/04\/LOGO-PRETA-Office-Impresso-e1680706829226.png\",\"width\":275,\"height\":77,\"caption\":\"Office Impresso\"},\"image\":{\"@id\":\"https:\/\/oimpresso.com\/ajuda\/#\/schema\/logo\/image\/\"}}]}<\/script>\n<!-- \/ Yoast SEO plugin. -->","yoast_head_json":{"title":"Produ\u00e7\u00e3o","robots":{"index":"index","follow":"follow","max-snippet":"max-snippet:-1","max-image-preview":"max-image-preview:large","max-video-preview":"max-video-preview:-1"},"canonical":"https:\/\/oimpresso.com\/ajuda\/producao\/","og_locale":"pt_BR","og_type":"article","og_title":"Produ\u00e7\u00e3o","og_description":"[vc_row full_width=&#8221;stretch_row_content&#8221; css=&#8221;.vc_custom_1676920898231{margin-top: -70px !important;padding-bottom: 50px !important;background-position: center !important;background-repeat: no-repeat !important;background-size: cover !important;}&#8221;][vc_column css=&#8221;.vc_custom_1678901955721{background-image: url(https:\/\/oimpresso.com\/ajuda\/wp-content\/uploads\/2023\/03\/Producao.jpg?id=9827) !important;background-position: center !important;background-repeat: no-repeat !important;background-size: cover !important;}&#8221; offset=&#8221;vc_hidden-md vc_hidden-sm vc_hidden-xs&#8221;][vc_column_text css=&#8221;.vc_custom_1677759453464{padding-left: 50px !important;}&#8221;] Produ\u00e7\u00e3o [\/vc_column_text][vc_column_text css=&#8221;.vc_custom_1678303036403{padding-right: 600px !important;padding-left: 50px !important;}&#8221;] Gerencie toda a produ\u00e7\u00e3o atrav\u00e9s de uma \u00fanica tela! [\/vc_column_text][vc_column_text css=&#8221;.vc_custom_1678302304107{padding-right: 630px !important;padding-left: 50px !important;}&#8221;] Com o Office Impresso voc\u00ea &hellip; Continued","og_url":"https:\/\/oimpresso.com\/ajuda\/producao\/","og_site_name":"Office Impresso","article_modified_time":"2023-03-30T18:06:38+00:00","twitter_card":"summary_large_image","twitter_misc":{"Est. tempo de leitura":"7 minutos"},"schema":{"@context":"https:\/\/schema.org","@graph":[{"@type":"WebPage","@id":"https:\/\/oimpresso.com\/ajuda\/producao\/","url":"https:\/\/oimpresso.com\/ajuda\/producao\/","name":"Produ\u00e7\u00e3o","isPartOf":{"@id":"https:\/\/oimpresso.com\/ajuda\/#website"},"datePublished":"2023-01-16T19:44:41+00:00","dateModified":"2023-03-30T18:06:38+00:00","breadcrumb":{"@id":"https:\/\/oimpresso.com\/ajuda\/producao\/#breadcrumb"},"inLanguage":"pt-BR","potentialAction":[{"@type":"ReadAction","target":["https:\/\/oimpresso.com\/ajuda\/producao\/"]}]},{"@type":"BreadcrumbList","@id":"https:\/\/oimpresso.com\/ajuda\/producao\/#breadcrumb","itemListElement":[{"@type":"ListItem","position":1,"name":"In\u00edcio","item":"https:\/\/oimpresso.com\/ajuda\/"},{"@type":"ListItem","position":2,"name":"Produ\u00e7\u00e3o"}]},{"@type":"WebSite","@id":"https:\/\/oimpresso.com\/ajuda\/#website","url":"https:\/\/oimpresso.com\/ajuda\/","name":"Office Impresso","description":"Portal de Ajuda","publisher":{"@id":"https:\/\/oimpresso.com\/ajuda\/#organization"},"potentialAction":[{"@type":"SearchAction","target":{"@type":"EntryPoint","urlTemplate":"https:\/\/oimpresso.com\/ajuda\/?s={search_term_string}"},"query-input":"required name=search_term_string"}],"inLanguage":"pt-BR"},{"@type":"Organization","@id":"https:\/\/oimpresso.com\/ajuda\/#organization","name":"Office Impresso","url":"https:\/\/oimpresso.com\/ajuda\/","logo":{"@type":"ImageObject","inLanguage":"pt-BR","@id":"https:\/\/oimpresso.com\/ajuda\/#\/schema\/logo\/image\/","url":"https:\/\/oimpresso.com\/ajuda\/wp-content\/uploads\/2023\/04\/LOGO-PRETA-Office-Impresso-e1680706829226.png","contentUrl":"https:\/\/oimpresso.com\/ajuda\/wp-content\/uploads\/2023\/04\/LOGO-PRETA-Office-Impresso-e1680706829226.png","width":275,"height":77,"caption":"Office Impresso"},"image":{"@id":"https:\/\/oimpresso.com\/ajuda\/#\/schema\/logo\/image\/"}}]}},"_links":{"self":[{"href":"https:\/\/oimpresso.com\/ajuda\/wp-json\/wp\/v2\/pages\/7766"}],"collection":[{"href":"https:\/\/oimpresso.com\/ajuda\/wp-json\/wp\/v2\/pages"}],"about":[{"href":"https:\/\/oimpresso.com\/ajuda\/wp-json\/wp\/v2\/types\/page"}],"author":[{"embeddable":true,"href":"https:\/\/oimpresso.com\/ajuda\/wp-json\/wp\/v2\/users\/8"}],"replies":[{"embeddable":true,"href":"https:\/\/oimpresso.com\/ajuda\/wp-json\/wp\/v2\/comments?post=7766"}],"version-history":[{"count":13,"href":"https:\/\/oimpresso.com\/ajuda\/wp-json\/wp\/v2\/pages\/7766\/revisions"}],"predecessor-version":[{"id":10746,"href":"https:\/\/oimpresso.com\/ajuda\/wp-json\/wp\/v2\/pages\/7766\/revisions\/10746"}],"wp:attachment":[{"href":"https:\/\/oimpresso.com\/ajuda\/wp-json\/wp\/v2\/media?parent=7766"}],"curies":[{"name":"wp","href":"https:\/\/api.w.org\/{rel}","templated":true}]}}