{"id":7764,"date":"2023-01-16T16:44:16","date_gmt":"2023-01-16T19:44:16","guid":{"rendered":"https:\/\/oimpresso.com\/ajuda\/?page_id=7764"},"modified":"2023-04-04T09:25:29","modified_gmt":"2023-04-04T12:25:29","slug":"agendamentos","status":"publish","type":"page","link":"https:\/\/oimpresso.com\/ajuda\/agendamentos\/","title":{"rendered":"Agendamentos"},"content":{"rendered":"<p>[vc_row full_width=&#8221;stretch_row_content&#8221; css=&#8221;.vc_custom_1676920898231{margin-top: -70px !important;padding-bottom: 50px !important;background-position: center !important;background-repeat: no-repeat !important;background-size: cover !important;}&#8221;][vc_column css=&#8221;.vc_custom_1679596426673{background-image: url(https:\/\/oimpresso.com\/ajuda\/wp-content\/uploads\/2023\/03\/Agendamentos.png?id=10268) !important;background-position: center !important;background-repeat: no-repeat !important;background-size: cover !important;}&#8221; offset=&#8221;vc_hidden-md vc_hidden-sm vc_hidden-xs&#8221;][vc_column_text css=&#8221;.vc_custom_1680610533076{padding-left: 50px !important;}&#8221;]<\/p>\n<h1 style=\"color: #474747;\" id=\"agendamentos\" >Agendamentos<\/h1>\n<p>[\/vc_column_text][vc_column_text css=&#8221;.vc_custom_1680610548004{padding-right: 600px !important;padding-left: 50px !important;}&#8221;]<\/p>\n<p style=\"font-size: 25px; color: #575757;\">Que tal acompanhar a entrega dos materiais e o tempo de suas produ\u00e7\u00f5es para melhorar seu planejamento e aumentar a produtividade da empresa?<\/p>\n<p>[\/vc_column_text][vc_column_text css=&#8221;.vc_custom_1680610556722{padding-right: 630px !important;padding-left: 50px !important;}&#8221;]<\/p>\n<p style=\"font-size: 17px; color: #676767;\">Atrav\u00e9s deste aplicativo o <strong>Office Impresso<\/strong> permite a visualiza\u00e7\u00e3o do tempo estimado dos processos em andamento, assim como o status e setor respons\u00e1vel, auxiliando a monitorar o desempenho dos setores e prever poss\u00edveis atrasos.<\/p>\n<p>[\/vc_column_text][vc_column_text css=&#8221;.vc_custom_1680208165825{padding-left: 50px !important;}&#8221;]<a class=\"fancybox-iframe\" style=\"display: flex; align-items: center; justify-content: center; width: 100%; max-width: 200px; height: 45px; border-radius: 25px; background: #80387B; background-image: linear-gradient(to bottom, #80387B, #CF61CA); border: none; color: #ffffff; font-size: 16px; cursor: pointer; text-align: center; text-decoration: none;\" href=\"https:\/\/oimpresso.com\/ajuda\/solicitar-proposta\/\">Conhe\u00e7a um Especialista<\/a>[\/vc_column_text][vc_empty_space height=&#8221;100&#8243;][\/vc_column][\/vc_row][vc_row full_width=&#8221;stretch_row_content&#8221; css=&#8221;.vc_custom_1676921146248{margin-top: -20px !important;padding-bottom: 50px !important;background-position: center !important;background-repeat: no-repeat !important;background-size: cover !important;}&#8221;][vc_column css=&#8221;.vc_custom_1679596449651{background-image: url(https:\/\/oimpresso.com\/ajuda\/wp-content\/uploads\/2023\/03\/Agendamentos.png?id=10268) !important;background-position: center !important;background-repeat: no-repeat !important;background-size: cover !important;}&#8221; offset=&#8221;vc_hidden-lg vc_hidden-sm vc_hidden-xs&#8221;][vc_column_text css=&#8221;.vc_custom_1680610533076{padding-left: 50px !important;}&#8221;]<\/p>\n<h1 style=\"color: #474747;\" id=\"agendamentos\" >Agendamentos<\/h1>\n<p>[\/vc_column_text][vc_column_text css=&#8221;.vc_custom_1680610548004{padding-right: 600px !important;padding-left: 50px !important;}&#8221;]<\/p>\n<p style=\"font-size: 25px; color: #575757;\">Que tal acompanhar a entrega dos materiais e o tempo de suas produ\u00e7\u00f5es para melhorar seu planejamento e aumentar a produtividade da empresa?<\/p>\n<p>[\/vc_column_text][vc_column_text css=&#8221;.vc_custom_1680610556722{padding-right: 630px !important;padding-left: 50px !important;}&#8221;]<\/p>\n<p style=\"font-size: 17px; color: #676767;\">Atrav\u00e9s deste aplicativo o <strong>Office Impresso<\/strong> permite a visualiza\u00e7\u00e3o do tempo estimado dos processos em andamento, assim como o status e setor respons\u00e1vel, auxiliando a monitorar o desempenho dos setores e prever poss\u00edveis atrasos.<\/p>\n<p>[\/vc_column_text][vc_column_text css=&#8221;.vc_custom_1680208201848{padding-left: 50px !important;}&#8221;]<a class=\"fancybox-iframe\" style=\"display: flex; align-items: center; justify-content: center; width: 100%; max-width: 200px; height: 45px; border-radius: 25px; background: #80387B; background-image: linear-gradient(to bottom, #80387B, #CF61CA); border: none; color: #ffffff; font-size: 16px; cursor: pointer; text-align: center; text-decoration: none;\" href=\"https:\/\/oimpresso.com\/ajuda\/solicitar-proposta\/\">Conhe\u00e7a um Especialista<\/a>[\/vc_column_text][vc_empty_space height=&#8221;100&#8243;][\/vc_column][\/vc_row][vc_row full_width=&#8221;stretch_row_content&#8221; css=&#8221;.vc_custom_1676921326147{margin-top: -65px !important;padding-bottom: 50px !important;background-position: center !important;background-repeat: no-repeat !important;background-size: cover !important;}&#8221;][vc_column css=&#8221;.vc_custom_1676921921382{background-position: center !important;background-repeat: no-repeat !important;background-size: cover !important;}&#8221; offset=&#8221;vc_hidden-lg vc_hidden-md vc_col-xs-12&#8243;][vc_column_text css=&#8221;.vc_custom_1680610619665{padding-right: 50px !important;padding-left: 50px !important;}&#8221;]<\/p>\n<h1 style=\"text-align: center; color: #474747;\" id=\"agendamentos\" >Agendamentos<\/h1>\n<p>[\/vc_column_text][vc_column_text css=&#8221;.vc_custom_1680610629114{padding-right: 10px !important;padding-left: 10px !important;}&#8221;]<\/p>\n<p style=\"font-size: 25px; text-align: center; color: #575757;\">Que tal acompanhar a entrega dos materiais e o tempo de suas produ\u00e7\u00f5es para melhorar seu planejamento e aumentar a produtividade da empresa?<\/p>\n<p>[\/vc_column_text][vc_column_text css=&#8221;.vc_custom_1680610665409{padding-right: 10px !important;padding-left: 10px !important;}&#8221;]<\/p>\n<p style=\"font-size: 17px; color: #676767; text-align: center;\">Atrav\u00e9s deste aplicativo o <strong>Office Impresso<\/strong> permite a visualiza\u00e7\u00e3o do tempo estimado dos processos em andamento, assim como o status e setor respons\u00e1vel, auxiliando a monitorar o desempenho dos setores e prever poss\u00edveis atrasos.<\/p>\n<p>[\/vc_column_text][vc_column_text css=&#8221;.vc_custom_1680208229270{margin-top: 20px !important;}&#8221;]<a style=\"width: 190px; height: 45px; border-radius: 25px; background: #80387B; background-image: linear-gradient(to bottom, #80387B, #CF61CA); border: none; color: #FFFFFF; font-size: 16px; cursor: pointer; display: flex; justify-content: center; align-items: center; margin: 0 auto; text-decoration: none;\" href=\"https:\/\/oimpresso.com\/ajuda\/solicitar-proposta\/;\">Conhe\u00e7a um Especialista<\/a>[\/vc_column_text][\/vc_column][\/vc_row][vc_row full_width=&#8221;stretch_row_content&#8221; css=&#8221;.vc_custom_1676921326147{margin-top: -65px !important;padding-bottom: 50px !important;background-position: center !important;background-repeat: no-repeat !important;background-size: cover !important;}&#8221;][vc_column offset=&#8221;vc_hidden-lg vc_hidden-md vc_col-xs-12&#8243; css=&#8221;.vc_custom_1679596491586{background-image: url(https:\/\/oimpresso.com\/ajuda\/wp-content\/uploads\/2023\/03\/Agendamentos-MOBILE.png?id=10269) !important;background-position: center !important;background-repeat: no-repeat !important;background-size: cover !important;}&#8221;][vc_empty_space height=&#8221;300&#8243;][\/vc_column][\/vc_row][vc_row full_width=&#8221;stretch_row_content&#8221; content_placement=&#8221;middle&#8221;][vc_column offset=&#8221;vc_hidden-sm vc_col-xs-12 vc_hidden-xs&#8221;][vc_column_text css=&#8221;.vc_custom_1677876842759{padding-right: 50px !important;padding-left: 50px !important;}&#8221;]<\/p>\n<h2 style=\"text-align: center;\" id=\"gerencie-diversas-areas-desde-servicos-de-atendimento-ao-cliente-ate-processos-de-producao-industrial\" >Gerencie diversas \u00e1reas, desde servi\u00e7os de atendimento ao cliente at\u00e9 processos de produ\u00e7\u00e3o industrial.<\/h2>\n<p>[\/vc_column_text][\/vc_column][vc_column offset=&#8221;vc_hidden-lg vc_hidden-md vc_col-xs-12&#8243;][vc_column_text css=&#8221;.vc_custom_1677876848443{padding-right: 10px !important;padding-left: 10px !important;}&#8221;]<\/p>\n<h2 style=\"text-align: center;\" id=\"gerencie-diversas-areas-desde-servicos-de-atendimento-ao-cliente-ate-processos-de-producao-industrial\" >Gerencie diversas \u00e1reas, desde servi\u00e7os de atendimento ao cliente at\u00e9 processos de produ\u00e7\u00e3o industrial.<\/h2>\n<p>[\/vc_column_text][vc_separator][\/vc_column][\/vc_row][vc_row full_width=&#8221;stretch_row_content&#8221;][vc_column css=&#8221;.vc_custom_1680610889935{background-color: #80387b !important;}&#8221; offset=&#8221;vc_hidden-lg vc_hidden-md vc_col-xs-12&#8243;][vc_column_text css=&#8221;.vc_custom_1680610905871{padding-right: 10px !important;padding-left: 10px !important;}&#8221;]<\/p>\n<p style=\"font-size: 25px; color: #575757;\"><span style=\"color: #ffffff;\">O <strong>Office Impresso<\/strong> permite visualizar o tempo estimado dos processos em andamento, o status e o setor respons\u00e1vel, auxiliando a monitorar o desempenho dos setores e prever poss\u00edveis atrasos.<\/span><\/p>\n<p style=\"font-size: 25px; color: #575757;\"><span style=\"color: #ffffff;\">Al\u00e9m de gerenciar diversas \u00e1reas, desde servi\u00e7os de atendimento ao cliente at\u00e9 processos de produ\u00e7\u00e3o industrial.<\/span><\/p>\n<p>[\/vc_column_text][vc_column_text css=&#8221;.vc_custom_1680611150309{padding-top: 25px !important;padding-right: 10px !important;padding-bottom: 25px !important;padding-left: 10px !important;}&#8221;]<span style=\"color: #ffffff;\"><strong>\u00a0Flexibilidade:<\/strong> o sistema permiti a cria\u00e7\u00e3o de agendamentos personalizados e ajust\u00e1veis, que possam ser modificados facilmente conforme a demanda do cliente ou a necessidade da empresa.<\/span><\/p>\n<p><span style=\"color: #ffffff;\"><strong>Acessibilidade:<\/strong> o sistema \u00e9 f\u00e1cil de usar e acess\u00edvel a todos os envolvidos, desde os funcion\u00e1rios at\u00e9 os clientes, garantindo que todos possam agendar seus compromissos com facilidade.<\/span><\/p>\n<p><span style=\"color: #ffffff;\"><strong>Integra\u00e7\u00e3o:<\/strong> o sistema integra-se com outros processos da empresa, como a produ\u00e7\u00e3o, o estoque e o faturamento, permitindo que todas as informa\u00e7\u00f5es necess\u00e1rias estejam centralizadas em um s\u00f3 lugar.<\/span><\/p>\n<p><span style=\"color: #ffffff;\"><strong>Monitoramento:<\/strong> o sistema permite o monitoramento em tempo real da utiliza\u00e7\u00e3o dos recursos e do desempenho dos funcion\u00e1rios, permitindo a identifica\u00e7\u00e3o de gargalos e a implementa\u00e7\u00e3o de melhorias.<\/span>[\/vc_column_text][vc_row_inner][vc_column_inner][\/vc_column_inner][\/vc_row_inner][\/vc_column][\/vc_row][vc_row full_width=&#8221;stretch_row_content&#8221;][vc_column width=&#8221;1\/2&#8243; css=&#8221;.vc_custom_1680610941312{background-color: #80387b !important;}&#8221; offset=&#8221;vc_hidden-sm vc_hidden-xs&#8221;][vc_column_text css=&#8221;.vc_custom_1680610953351{padding-top: 25px !important;padding-right: 50px !important;padding-bottom: 25px !important;padding-left: 50px !important;}&#8221;]<\/p>\n<p style=\"font-size: 25px; color: #575757;\"><span style=\"color: #ffffff;\">Com o <strong>Office Impresso<\/strong> voc\u00ea pode visualizar o tempo estimado dos processos em andamento, o status e o setor respons\u00e1vel, auxiliando a monitorar o desempenho dos setores e prever poss\u00edveis atrasos.<\/span><\/p>\n<p style=\"font-size: 25px; color: #575757;\"><span style=\"color: #ffffff;\">Al\u00e9m de gerenciar diversas \u00e1reas, desde servi\u00e7os de atendimento ao cliente at\u00e9 processos de produ\u00e7\u00e3o industrial.<\/span><\/p>\n<p>[\/vc_column_text][vc_empty_space height=&#8221;92&#8243;][\/vc_column][vc_column width=&#8221;1\/2&#8243; css=&#8221;.vc_custom_1680610964917{background-color: #80387b !important;}&#8221;][vc_column_text css=&#8221;.vc_custom_1680611106288{padding-top: 25px !important;padding-right: 50px !important;padding-bottom: 25px !important;padding-left: 50px !important;}&#8221;]<span style=\"color: #ffffff;\"><strong>\u00a0Flexibilidade:<\/strong> o sistema permiti a cria\u00e7\u00e3o de agendamentos personalizados e ajust\u00e1veis, que possam ser modificados facilmente conforme a demanda do cliente ou a necessidade da empresa.<\/span><\/p>\n<p><span style=\"color: #ffffff;\"><strong>Integra\u00e7\u00e3o:<\/strong> o sistema integra-se com outros processos da empresa, como a produ\u00e7\u00e3o, o estoque e o faturamento, permitindo que todas as informa\u00e7\u00f5es necess\u00e1rias estejam centralizadas em um s\u00f3 lugar.<\/span><\/p>\n<p><span style=\"color: #ffffff;\"><strong>Monitoramento:<\/strong> o sistema permite o monitoramento em tempo real da utiliza\u00e7\u00e3o dos recursos e do desempenho dos funcion\u00e1rios, permitindo a identifica\u00e7\u00e3o de gargalos e a implementa\u00e7\u00e3o de melhorias.<\/span>[\/vc_column_text][vc_empty_space height=&#8221;44&#8243;][\/vc_column][\/vc_row]<\/p>\n","protected":false},"excerpt":{"rendered":"<p>[vc_row full_width=&#8221;stretch_row_content&#8221; css=&#8221;.vc_custom_1676920898231{margin-top: -70px !important;padding-bottom: 50px !important;background-position: center !important;background-repeat: no-repeat !important;background-size: cover !important;}&#8221;][vc_column css=&#8221;.vc_custom_1679596426673{background-image: url(https:\/\/oimpresso.com\/ajuda\/wp-content\/uploads\/2023\/03\/Agendamentos.png?id=10268) !important;background-position: center !important;background-repeat: no-repeat !important;background-size: cover !important;}&#8221; offset=&#8221;vc_hidden-md vc_hidden-sm vc_hidden-xs&#8221;][vc_column_text css=&#8221;.vc_custom_1680610533076{padding-left: 50px !important;}&#8221;] Agendamentos [\/vc_column_text][vc_column_text css=&#8221;.vc_custom_1680610548004{padding-right: 600px !important;padding-left: 50px !important;}&#8221;] Que tal acompanhar a entrega dos materiais e o tempo de suas produ\u00e7\u00f5es para melhorar seu planejamento e aumentar a &hellip; <a href=\"https:\/\/oimpresso.com\/ajuda\/agendamentos\/\">Continued<\/a><\/p>\n","protected":false},"author":8,"featured_media":0,"parent":0,"menu_order":0,"comment_status":"closed","ping_status":"closed","template":"","meta":{"_bbp_topic_count":0,"_bbp_reply_count":0,"_bbp_total_topic_count":0,"_bbp_total_reply_count":0,"_bbp_voice_count":0,"_bbp_anonymous_reply_count":0,"_bbp_topic_count_hidden":0,"_bbp_reply_count_hidden":0,"_bbp_forum_subforum_count":0,"om_disable_all_campaigns":false,"_mi_skip_tracking":false},"yoast_head":"<!-- This site is optimized with the Yoast SEO plugin v20.5 - https:\/\/yoast.com\/wordpress\/plugins\/seo\/ -->\n<title>Agendamentos<\/title>\n<meta name=\"robots\" content=\"index, follow, max-snippet:-1, max-image-preview:large, max-video-preview:-1\" \/>\n<link rel=\"canonical\" href=\"https:\/\/oimpresso.com\/ajuda\/agendamentos\/\" \/>\n<meta property=\"og:locale\" content=\"pt_BR\" \/>\n<meta property=\"og:type\" content=\"article\" \/>\n<meta property=\"og:title\" content=\"Agendamentos\" \/>\n<meta property=\"og:description\" content=\"[vc_row full_width=&#8221;stretch_row_content&#8221; css=&#8221;.vc_custom_1676920898231{margin-top: -70px !important;padding-bottom: 50px !important;background-position: center !important;background-repeat: no-repeat !important;background-size: cover !important;}&#8221;][vc_column css=&#8221;.vc_custom_1679596426673{background-image: url(https:\/\/oimpresso.com\/ajuda\/wp-content\/uploads\/2023\/03\/Agendamentos.png?id=10268) !important;background-position: center !important;background-repeat: no-repeat !important;background-size: cover !important;}&#8221; offset=&#8221;vc_hidden-md vc_hidden-sm vc_hidden-xs&#8221;][vc_column_text css=&#8221;.vc_custom_1680610533076{padding-left: 50px !important;}&#8221;] Agendamentos [\/vc_column_text][vc_column_text css=&#8221;.vc_custom_1680610548004{padding-right: 600px !important;padding-left: 50px !important;}&#8221;] Que tal acompanhar a entrega dos materiais e o tempo de suas produ\u00e7\u00f5es para melhorar seu planejamento e aumentar a &hellip; Continued\" \/>\n<meta property=\"og:url\" content=\"https:\/\/oimpresso.com\/ajuda\/agendamentos\/\" \/>\n<meta property=\"og:site_name\" content=\"Office Impresso\" \/>\n<meta property=\"article:modified_time\" content=\"2023-04-04T12:25:29+00:00\" \/>\n<meta name=\"twitter:card\" content=\"summary_large_image\" \/>\n<meta name=\"twitter:label1\" content=\"Est. tempo de leitura\" \/>\n\t<meta name=\"twitter:data1\" content=\"6 minutos\" \/>\n<script type=\"application\/ld+json\" class=\"yoast-schema-graph\">{\"@context\":\"https:\/\/schema.org\",\"@graph\":[{\"@type\":\"WebPage\",\"@id\":\"https:\/\/oimpresso.com\/ajuda\/agendamentos\/\",\"url\":\"https:\/\/oimpresso.com\/ajuda\/agendamentos\/\",\"name\":\"Agendamentos\",\"isPartOf\":{\"@id\":\"https:\/\/oimpresso.com\/ajuda\/#website\"},\"datePublished\":\"2023-01-16T19:44:16+00:00\",\"dateModified\":\"2023-04-04T12:25:29+00:00\",\"breadcrumb\":{\"@id\":\"https:\/\/oimpresso.com\/ajuda\/agendamentos\/#breadcrumb\"},\"inLanguage\":\"pt-BR\",\"potentialAction\":[{\"@type\":\"ReadAction\",\"target\":[\"https:\/\/oimpresso.com\/ajuda\/agendamentos\/\"]}]},{\"@type\":\"BreadcrumbList\",\"@id\":\"https:\/\/oimpresso.com\/ajuda\/agendamentos\/#breadcrumb\",\"itemListElement\":[{\"@type\":\"ListItem\",\"position\":1,\"name\":\"In\u00edcio\",\"item\":\"https:\/\/oimpresso.com\/ajuda\/\"},{\"@type\":\"ListItem\",\"position\":2,\"name\":\"Agendamentos\"}]},{\"@type\":\"WebSite\",\"@id\":\"https:\/\/oimpresso.com\/ajuda\/#website\",\"url\":\"https:\/\/oimpresso.com\/ajuda\/\",\"name\":\"Office Impresso\",\"description\":\"Portal de Ajuda\",\"publisher\":{\"@id\":\"https:\/\/oimpresso.com\/ajuda\/#organization\"},\"potentialAction\":[{\"@type\":\"SearchAction\",\"target\":{\"@type\":\"EntryPoint\",\"urlTemplate\":\"https:\/\/oimpresso.com\/ajuda\/?s={search_term_string}\"},\"query-input\":\"required name=search_term_string\"}],\"inLanguage\":\"pt-BR\"},{\"@type\":\"Organization\",\"@id\":\"https:\/\/oimpresso.com\/ajuda\/#organization\",\"name\":\"Office Impresso\",\"url\":\"https:\/\/oimpresso.com\/ajuda\/\",\"logo\":{\"@type\":\"ImageObject\",\"inLanguage\":\"pt-BR\",\"@id\":\"https:\/\/oimpresso.com\/ajuda\/#\/schema\/logo\/image\/\",\"url\":\"https:\/\/oimpresso.com\/ajuda\/wp-content\/uploads\/2023\/04\/LOGO-PRETA-Office-Impresso-e1680706829226.png\",\"contentUrl\":\"https:\/\/oimpresso.com\/ajuda\/wp-content\/uploads\/2023\/04\/LOGO-PRETA-Office-Impresso-e1680706829226.png\",\"width\":275,\"height\":77,\"caption\":\"Office Impresso\"},\"image\":{\"@id\":\"https:\/\/oimpresso.com\/ajuda\/#\/schema\/logo\/image\/\"}}]}<\/script>\n<!-- \/ Yoast SEO plugin. -->","yoast_head_json":{"title":"Agendamentos","robots":{"index":"index","follow":"follow","max-snippet":"max-snippet:-1","max-image-preview":"max-image-preview:large","max-video-preview":"max-video-preview:-1"},"canonical":"https:\/\/oimpresso.com\/ajuda\/agendamentos\/","og_locale":"pt_BR","og_type":"article","og_title":"Agendamentos","og_description":"[vc_row full_width=&#8221;stretch_row_content&#8221; css=&#8221;.vc_custom_1676920898231{margin-top: -70px !important;padding-bottom: 50px !important;background-position: center !important;background-repeat: no-repeat !important;background-size: cover !important;}&#8221;][vc_column css=&#8221;.vc_custom_1679596426673{background-image: url(https:\/\/oimpresso.com\/ajuda\/wp-content\/uploads\/2023\/03\/Agendamentos.png?id=10268) !important;background-position: center !important;background-repeat: no-repeat !important;background-size: cover !important;}&#8221; offset=&#8221;vc_hidden-md vc_hidden-sm vc_hidden-xs&#8221;][vc_column_text css=&#8221;.vc_custom_1680610533076{padding-left: 50px !important;}&#8221;] Agendamentos [\/vc_column_text][vc_column_text css=&#8221;.vc_custom_1680610548004{padding-right: 600px !important;padding-left: 50px !important;}&#8221;] Que tal acompanhar a entrega dos materiais e o tempo de suas produ\u00e7\u00f5es para melhorar seu planejamento e aumentar a &hellip; Continued","og_url":"https:\/\/oimpresso.com\/ajuda\/agendamentos\/","og_site_name":"Office Impresso","article_modified_time":"2023-04-04T12:25:29+00:00","twitter_card":"summary_large_image","twitter_misc":{"Est. tempo de leitura":"6 minutos"},"schema":{"@context":"https:\/\/schema.org","@graph":[{"@type":"WebPage","@id":"https:\/\/oimpresso.com\/ajuda\/agendamentos\/","url":"https:\/\/oimpresso.com\/ajuda\/agendamentos\/","name":"Agendamentos","isPartOf":{"@id":"https:\/\/oimpresso.com\/ajuda\/#website"},"datePublished":"2023-01-16T19:44:16+00:00","dateModified":"2023-04-04T12:25:29+00:00","breadcrumb":{"@id":"https:\/\/oimpresso.com\/ajuda\/agendamentos\/#breadcrumb"},"inLanguage":"pt-BR","potentialAction":[{"@type":"ReadAction","target":["https:\/\/oimpresso.com\/ajuda\/agendamentos\/"]}]},{"@type":"BreadcrumbList","@id":"https:\/\/oimpresso.com\/ajuda\/agendamentos\/#breadcrumb","itemListElement":[{"@type":"ListItem","position":1,"name":"In\u00edcio","item":"https:\/\/oimpresso.com\/ajuda\/"},{"@type":"ListItem","position":2,"name":"Agendamentos"}]},{"@type":"WebSite","@id":"https:\/\/oimpresso.com\/ajuda\/#website","url":"https:\/\/oimpresso.com\/ajuda\/","name":"Office Impresso","description":"Portal de Ajuda","publisher":{"@id":"https:\/\/oimpresso.com\/ajuda\/#organization"},"potentialAction":[{"@type":"SearchAction","target":{"@type":"EntryPoint","urlTemplate":"https:\/\/oimpresso.com\/ajuda\/?s={search_term_string}"},"query-input":"required name=search_term_string"}],"inLanguage":"pt-BR"},{"@type":"Organization","@id":"https:\/\/oimpresso.com\/ajuda\/#organization","name":"Office Impresso","url":"https:\/\/oimpresso.com\/ajuda\/","logo":{"@type":"ImageObject","inLanguage":"pt-BR","@id":"https:\/\/oimpresso.com\/ajuda\/#\/schema\/logo\/image\/","url":"https:\/\/oimpresso.com\/ajuda\/wp-content\/uploads\/2023\/04\/LOGO-PRETA-Office-Impresso-e1680706829226.png","contentUrl":"https:\/\/oimpresso.com\/ajuda\/wp-content\/uploads\/2023\/04\/LOGO-PRETA-Office-Impresso-e1680706829226.png","width":275,"height":77,"caption":"Office Impresso"},"image":{"@id":"https:\/\/oimpresso.com\/ajuda\/#\/schema\/logo\/image\/"}}]}},"_links":{"self":[{"href":"https:\/\/oimpresso.com\/ajuda\/wp-json\/wp\/v2\/pages\/7764"}],"collection":[{"href":"https:\/\/oimpresso.com\/ajuda\/wp-json\/wp\/v2\/pages"}],"about":[{"href":"https:\/\/oimpresso.com\/ajuda\/wp-json\/wp\/v2\/types\/page"}],"author":[{"embeddable":true,"href":"https:\/\/oimpresso.com\/ajuda\/wp-json\/wp\/v2\/users\/8"}],"replies":[{"embeddable":true,"href":"https:\/\/oimpresso.com\/ajuda\/wp-json\/wp\/v2\/comments?post=7764"}],"version-history":[{"count":19,"href":"https:\/\/oimpresso.com\/ajuda\/wp-json\/wp\/v2\/pages\/7764\/revisions"}],"predecessor-version":[{"id":10909,"href":"https:\/\/oimpresso.com\/ajuda\/wp-json\/wp\/v2\/pages\/7764\/revisions\/10909"}],"wp:attachment":[{"href":"https:\/\/oimpresso.com\/ajuda\/wp-json\/wp\/v2\/media?parent=7764"}],"curies":[{"name":"wp","href":"https:\/\/api.w.org\/{rel}","templated":true}]}}