{"id":7762,"date":"2023-01-16T16:43:43","date_gmt":"2023-01-16T19:43:43","guid":{"rendered":"https:\/\/oimpresso.com\/ajuda\/?page_id=7762"},"modified":"2023-04-04T09:14:13","modified_gmt":"2023-04-04T12:14:13","slug":"aprovacoes","status":"publish","type":"page","link":"https:\/\/oimpresso.com\/ajuda\/aprovacoes\/","title":{"rendered":"Aprova\u00e7\u00f5es"},"content":{"rendered":"<p>[vc_row full_width=&#8221;stretch_row_content&#8221; css=&#8221;.vc_custom_1676920898231{margin-top: -70px !important;padding-bottom: 50px !important;background-position: center !important;background-repeat: no-repeat !important;background-size: cover !important;}&#8221;][vc_column css=&#8221;.vc_custom_1679594174997{background-image: url(https:\/\/oimpresso.com\/ajuda\/wp-content\/uploads\/2023\/03\/Aprovacoes.png?id=10265) !important;background-position: center !important;background-repeat: no-repeat !important;background-size: cover !important;}&#8221; offset=&#8221;vc_hidden-md vc_hidden-sm vc_hidden-xs&#8221;][vc_column_text css=&#8221;.vc_custom_1680610292265{padding-left: 50px !important;}&#8221;]<\/p>\n<h1 style=\"color: #474747;\" id=\"aprovacoes\" >Aprova\u00e7\u00f5es<\/h1>\n<p>[\/vc_column_text][vc_column_text css=&#8221;.vc_custom_1680610312733{padding-right: 600px !important;padding-left: 50px !important;}&#8221;]<\/p>\n<p style=\"font-size: 25px; color: #575757;\">Com o <strong>Office Impresso<\/strong> \u00e9 poss\u00edvel administrar todas as solicita\u00e7\u00f5es de seus funcion\u00e1rios de um modo pr\u00e1tico e objetivo, integrando todos os aplicativos do sistema!<\/p>\n<p>[\/vc_column_text][vc_column_text css=&#8221;.vc_custom_1680610323726{padding-right: 630px !important;padding-left: 50px !important;}&#8221;]<\/p>\n<p style=\"font-size: 17px; color: #676767;\">Estabele\u00e7a respons\u00e1veis para aprovar as solicita\u00e7\u00f5es, conte com notifica\u00e7\u00f5es para visualizar os novos pedidos e um painel para checar o status de todas as solicita\u00e7\u00f5es realizadas at\u00e9 o momento.<\/p>\n<p>[\/vc_column_text][vc_column_text css=&#8221;.vc_custom_1680208079033{padding-left: 50px !important;}&#8221;]<a class=\"fancybox-iframe\" style=\"display: flex; align-items: center; justify-content: center; width: 100%; max-width: 200px; height: 45px; border-radius: 25px; background: #80387B; background-image: linear-gradient(to bottom, #80387B, #CF61CA); border: none; color: #ffffff; font-size: 16px; cursor: pointer; text-align: center; text-decoration: none;\" href=\"https:\/\/oimpresso.com\/ajuda\/solicitar-proposta\/\">Experimente Agora<\/a>[\/vc_column_text][vc_empty_space height=&#8221;100&#8243;][\/vc_column][\/vc_row][vc_row full_width=&#8221;stretch_row_content&#8221; css=&#8221;.vc_custom_1676921146248{margin-top: -20px !important;padding-bottom: 50px !important;background-position: center !important;background-repeat: no-repeat !important;background-size: cover !important;}&#8221;][vc_column css=&#8221;.vc_custom_1679594187069{background-image: url(https:\/\/oimpresso.com\/ajuda\/wp-content\/uploads\/2023\/03\/Aprovacoes.png?id=10265) !important;background-position: center !important;background-repeat: no-repeat !important;background-size: cover !important;}&#8221; offset=&#8221;vc_hidden-lg vc_hidden-sm vc_hidden-xs&#8221;][vc_column_text css=&#8221;.vc_custom_1680610292265{padding-left: 50px !important;}&#8221;]<\/p>\n<h1 style=\"color: #474747;\" id=\"aprovacoes\" >Aprova\u00e7\u00f5es<\/h1>\n<p>[\/vc_column_text][vc_column_text css=&#8221;.vc_custom_1680610312733{padding-right: 600px !important;padding-left: 50px !important;}&#8221;]<\/p>\n<p style=\"font-size: 25px; color: #575757;\">Com o <strong>Office Impresso<\/strong> \u00e9 poss\u00edvel administrar todas as solicita\u00e7\u00f5es de seus funcion\u00e1rios de um modo pr\u00e1tico e objetivo, integrando todos os aplicativos do sistema!<\/p>\n<p>[\/vc_column_text][vc_column_text css=&#8221;.vc_custom_1680610323726{padding-right: 630px !important;padding-left: 50px !important;}&#8221;]<\/p>\n<p style=\"font-size: 17px; color: #676767;\">Estabele\u00e7a respons\u00e1veis para aprovar as solicita\u00e7\u00f5es, conte com notifica\u00e7\u00f5es para visualizar os novos pedidos e um painel para checar o status de todas as solicita\u00e7\u00f5es realizadas at\u00e9 o momento.<\/p>\n<p>[\/vc_column_text][vc_column_text css=&#8221;.vc_custom_1680208055747{padding-left: 50px !important;}&#8221;]<a class=\"fancybox-iframe\" style=\"display: flex; align-items: center; justify-content: center; width: 100%; max-width: 200px; height: 45px; border-radius: 25px; background: #80387B; background-image: linear-gradient(to bottom, #80387B, #CF61CA); border: none; color: #ffffff; font-size: 16px; cursor: pointer; text-align: center; text-decoration: none;\" href=\"https:\/\/oimpresso.com\/ajuda\/solicitar-proposta\/\">Experimente Agora<\/a>[\/vc_column_text][vc_empty_space height=&#8221;100&#8243;][\/vc_column][\/vc_row][vc_row full_width=&#8221;stretch_row_content&#8221; css=&#8221;.vc_custom_1676921326147{margin-top: -65px !important;padding-bottom: 50px !important;background-position: center !important;background-repeat: no-repeat !important;background-size: cover !important;}&#8221;][vc_column css=&#8221;.vc_custom_1676921921382{background-position: center !important;background-repeat: no-repeat !important;background-size: cover !important;}&#8221; offset=&#8221;vc_hidden-lg vc_hidden-md vc_col-xs-12&#8243;][vc_column_text css=&#8221;.vc_custom_1680610382404{padding-right: 50px !important;padding-left: 50px !important;}&#8221;]<\/p>\n<h1 style=\"text-align: center; color: #474747;\" id=\"aprovacoes\" >Aprova\u00e7\u00f5es<\/h1>\n<p>[\/vc_column_text][vc_column_text css=&#8221;.vc_custom_1680610392491{padding-right: 10px !important;padding-left: 10px !important;}&#8221;]<\/p>\n<p style=\"font-size: 25px; text-align: center; color: #575757;\">Com o <strong>Office Impresso<\/strong> \u00e9 poss\u00edvel administrar todas as solicita\u00e7\u00f5es de seus funcion\u00e1rios de um modo pr\u00e1tico e objetivo, integrando todos os aplicativos do sistema!<\/p>\n<p>[\/vc_column_text][vc_column_text css=&#8221;.vc_custom_1680610404693{padding-right: 10px !important;padding-left: 10px !important;}&#8221;]<\/p>\n<p style=\"font-size: 17px; color: #676767; text-align: center;\">Estabele\u00e7a respons\u00e1veis para aprovar as solicita\u00e7\u00f5es, conte com notifica\u00e7\u00f5es para visualizar os novos pedidos e um painel para checar o status de todas as solicita\u00e7\u00f5es realizadas at\u00e9 o momento.<\/p>\n<p>[\/vc_column_text][vc_column_text css=&#8221;.vc_custom_1680208017510{margin-top: 20px !important;}&#8221;]<a style=\"width: 190px; height: 45px; border-radius: 25px; background: #80387B; background-image: linear-gradient(to bottom, #80387B, #CF61CA); border: none; color: #FFFFFF; font-size: 16px; cursor: pointer; display: flex; justify-content: center; align-items: center; margin: 0 auto; text-decoration: none;\" href=\"https:\/\/oimpresso.com\/ajuda\/solicitar-proposta\/;\">Experimente Agora<\/a>[\/vc_column_text][\/vc_column][\/vc_row][vc_row full_width=&#8221;stretch_row_content&#8221; css=&#8221;.vc_custom_1676921326147{margin-top: -65px !important;padding-bottom: 50px !important;background-position: center !important;background-repeat: no-repeat !important;background-size: cover !important;}&#8221;][vc_column offset=&#8221;vc_hidden-lg vc_hidden-md vc_col-xs-12&#8243; css=&#8221;.vc_custom_1679594200386{background-image: url(https:\/\/oimpresso.com\/ajuda\/wp-content\/uploads\/2023\/03\/Aprovacoes-MOBILE.png?id=10264) !important;background-position: center !important;background-repeat: no-repeat !important;background-size: cover !important;}&#8221;][vc_empty_space height=&#8221;250&#8243;][\/vc_column][\/vc_row][vc_row full_width=&#8221;stretch_row_content&#8221; content_placement=&#8221;middle&#8221;][vc_column offset=&#8221;vc_hidden-sm vc_col-xs-12 vc_hidden-xs&#8221;][vc_column_text css=&#8221;.vc_custom_1680610426987{padding-right: 50px !important;padding-left: 50px !important;}&#8221;]<\/p>\n<h2 style=\"text-align: center; color: #474747;\" id=\"gerencie-e-controle-as-aprovacoes-de-forma-mais-eficiente-e-organizada\" >Gerencie e controle as aprova\u00e7\u00f5es de forma mais eficiente e organizada<\/h2>\n<p>[\/vc_column_text][\/vc_column][vc_column offset=&#8221;vc_hidden-lg vc_hidden-md vc_col-xs-12&#8243;][vc_column_text css=&#8221;.vc_custom_1680610438147{padding-right: 10px !important;padding-left: 10px !important;}&#8221;]<\/p>\n<h2 style=\"text-align: center; color: #474747;\" id=\"gerencie-e-controle-as-aprovacoes-de-forma-mais-eficiente-e-organizada\" >Gerencie e controle as aprova\u00e7\u00f5es de forma mais eficiente e organizada<\/h2>\n<p>[\/vc_column_text][vc_separator][\/vc_column][\/vc_row][vc_row full_width=&#8221;stretch_row_content&#8221;][vc_column css=&#8221;.vc_custom_1676920397004{background-color: #f4f4f4 !important;}&#8221; offset=&#8221;vc_hidden-lg vc_hidden-md vc_col-xs-12&#8243;][vc_column_text css=&#8221;.vc_custom_1680610457491{padding-top: 25px !important;padding-right: 10px !important;padding-bottom: 25px !important;padding-left: 10px !important;}&#8221;]<\/p>\n<ul style=\"color: #676767;\">\n<li><strong>Import\u00e2ncia da aprova\u00e7\u00e3o:<\/strong> A aprova\u00e7\u00e3o \u00e9 um processo fundamental em qualquer empresa ou organiza\u00e7\u00e3o, pois garante que as decis\u00f5es tomadas estejam alinhadas com as pol\u00edticas, diretrizes e objetivos da empresa, bem como para assegurar a qualidade e a conformidade dos produtos e servi\u00e7os oferecidos.<\/li>\n<li><strong>Gerenciamento e controle eficiente:<\/strong> Com o <strong>Office Impresso<\/strong>, \u00e9 poss\u00edvel gerenciar e controlar as aprova\u00e7\u00f5es de forma mais eficiente e organizada. O sistema permite que as solicita\u00e7\u00f5es sejam criadas e enviadas de forma r\u00e1pida e f\u00e1cil pelos funcion\u00e1rios, e que as mesmas sejam encaminhadas para os respons\u00e1veis pela aprova\u00e7\u00e3o.<\/li>\n<li><strong>Notifica\u00e7\u00f5es autom\u00e1ticas:<\/strong> O sistema tamb\u00e9m fornece notifica\u00e7\u00f5es autom\u00e1ticas para os respons\u00e1veis sobre as novas solicita\u00e7\u00f5es recebidas, permitindo que eles possam analis\u00e1-las e tomar decis\u00f5es de forma mais \u00e1gil.<\/li>\n<li><strong>Painel de controle:<\/strong> O painel de controle integrado ao <strong>Office Impresso<\/strong> permite que os usu\u00e1rios possam acompanhar o status das solicita\u00e7\u00f5es, identificar aquelas que ainda est\u00e3o pendentes de aprova\u00e7\u00e3o e aquelas que j\u00e1 foram aprovadas ou rejeitadas.<\/li>\n<li><strong>Controle efetivo das solicita\u00e7\u00f5es:<\/strong> Com isso, \u00e9 poss\u00edvel manter um controle mais efetivo das solicita\u00e7\u00f5es, garantindo a transpar\u00eancia e a agilidade no processo de aprova\u00e7\u00e3o.<\/li>\n<li><strong>Benef\u00edcios para a empresa:<\/strong> A utiliza\u00e7\u00e3o do <strong>Office Impresso<\/strong> para gerenciar as aprova\u00e7\u00f5es traz diversos benef\u00edcios para a empresa, tais como a redu\u00e7\u00e3o do tempo e dos custos envolvidos no processo, o aumento da efici\u00eancia e da produtividade, e a garantia da conformidade e qualidade dos produtos e servi\u00e7os oferecidos.<\/li>\n<\/ul>\n<p>[\/vc_column_text][\/vc_column][\/vc_row][vc_row][vc_column offset=&#8221;vc_hidden-sm vc_hidden-xs&#8221;][vc_column_text]<\/p>\n<ul style=\"color: #676767;\">\n<li><strong>Import\u00e2ncia da aprova\u00e7\u00e3o:<\/strong> A aprova\u00e7\u00e3o \u00e9 um processo fundamental em qualquer empresa ou organiza\u00e7\u00e3o, pois garante que as decis\u00f5es tomadas estejam alinhadas com as pol\u00edticas, diretrizes e objetivos da empresa, bem como para assegurar a qualidade e a conformidade dos produtos e servi\u00e7os oferecidos.<\/li>\n<li><strong>Gerenciamento e controle eficiente:<\/strong> Com o <strong>Office Impresso<\/strong>, \u00e9 poss\u00edvel gerenciar e controlar as aprova\u00e7\u00f5es de forma mais eficiente e organizada. O sistema permite que as solicita\u00e7\u00f5es sejam criadas e enviadas de forma r\u00e1pida e f\u00e1cil pelos funcion\u00e1rios, e que as mesmas sejam encaminhadas para os respons\u00e1veis pela aprova\u00e7\u00e3o.<\/li>\n<li><strong>Notifica\u00e7\u00f5es autom\u00e1ticas:<\/strong> O sistema tamb\u00e9m fornece notifica\u00e7\u00f5es autom\u00e1ticas para os respons\u00e1veis sobre as novas solicita\u00e7\u00f5es recebidas, permitindo que eles possam analis\u00e1-las e tomar decis\u00f5es de forma mais \u00e1gil.<\/li>\n<li><strong>Painel de controle:<\/strong> O painel de controle integrado ao <strong>Office Impresso<\/strong> permite que os usu\u00e1rios possam acompanhar o status das solicita\u00e7\u00f5es, identificar aquelas que ainda est\u00e3o pendentes de aprova\u00e7\u00e3o e aquelas que j\u00e1 foram aprovadas ou rejeitadas.<\/li>\n<li><strong>Controle efetivo das solicita\u00e7\u00f5es:<\/strong> Com isso, \u00e9 poss\u00edvel manter um controle mais efetivo das solicita\u00e7\u00f5es, garantindo a transpar\u00eancia e a agilidade no processo de aprova\u00e7\u00e3o.<\/li>\n<li><strong>Benef\u00edcios para a empresa:<\/strong> A utiliza\u00e7\u00e3o do <strong>Office Impresso<\/strong> para gerenciar as aprova\u00e7\u00f5es traz diversos benef\u00edcios para a empresa, tais como a redu\u00e7\u00e3o do tempo e dos custos envolvidos no processo, o aumento da efici\u00eancia e da produtividade, e a garantia da conformidade e qualidade dos produtos e servi\u00e7os oferecidos.<\/li>\n<\/ul>\n<p>[\/vc_column_text][\/vc_column][\/vc_row]<\/p>\n","protected":false},"excerpt":{"rendered":"<p>[vc_row full_width=&#8221;stretch_row_content&#8221; css=&#8221;.vc_custom_1676920898231{margin-top: -70px !important;padding-bottom: 50px !important;background-position: center !important;background-repeat: no-repeat !important;background-size: cover !important;}&#8221;][vc_column css=&#8221;.vc_custom_1679594174997{background-image: url(https:\/\/oimpresso.com\/ajuda\/wp-content\/uploads\/2023\/03\/Aprovacoes.png?id=10265) !important;background-position: center !important;background-repeat: no-repeat !important;background-size: cover !important;}&#8221; offset=&#8221;vc_hidden-md vc_hidden-sm vc_hidden-xs&#8221;][vc_column_text css=&#8221;.vc_custom_1680610292265{padding-left: 50px !important;}&#8221;] Aprova\u00e7\u00f5es [\/vc_column_text][vc_column_text css=&#8221;.vc_custom_1680610312733{padding-right: 600px !important;padding-left: 50px !important;}&#8221;] Com o Office Impresso \u00e9 poss\u00edvel administrar todas as solicita\u00e7\u00f5es de seus funcion\u00e1rios de um modo pr\u00e1tico e objetivo, integrando &hellip; <a href=\"https:\/\/oimpresso.com\/ajuda\/aprovacoes\/\">Continued<\/a><\/p>\n","protected":false},"author":8,"featured_media":0,"parent":0,"menu_order":0,"comment_status":"closed","ping_status":"closed","template":"","meta":{"_bbp_topic_count":0,"_bbp_reply_count":0,"_bbp_total_topic_count":0,"_bbp_total_reply_count":0,"_bbp_voice_count":0,"_bbp_anonymous_reply_count":0,"_bbp_topic_count_hidden":0,"_bbp_reply_count_hidden":0,"_bbp_forum_subforum_count":0,"om_disable_all_campaigns":false,"_mi_skip_tracking":false},"yoast_head":"<!-- This site is optimized with the Yoast SEO plugin v20.5 - https:\/\/yoast.com\/wordpress\/plugins\/seo\/ -->\n<title>Aprova\u00e7\u00f5es<\/title>\n<meta name=\"robots\" content=\"index, follow, max-snippet:-1, max-image-preview:large, max-video-preview:-1\" \/>\n<link rel=\"canonical\" href=\"https:\/\/oimpresso.com\/ajuda\/aprovacoes\/\" \/>\n<meta property=\"og:locale\" content=\"pt_BR\" \/>\n<meta property=\"og:type\" content=\"article\" \/>\n<meta property=\"og:title\" content=\"Aprova\u00e7\u00f5es\" \/>\n<meta property=\"og:description\" content=\"[vc_row full_width=&#8221;stretch_row_content&#8221; css=&#8221;.vc_custom_1676920898231{margin-top: -70px !important;padding-bottom: 50px !important;background-position: center !important;background-repeat: no-repeat !important;background-size: cover !important;}&#8221;][vc_column css=&#8221;.vc_custom_1679594174997{background-image: url(https:\/\/oimpresso.com\/ajuda\/wp-content\/uploads\/2023\/03\/Aprovacoes.png?id=10265) !important;background-position: center !important;background-repeat: no-repeat !important;background-size: cover !important;}&#8221; offset=&#8221;vc_hidden-md vc_hidden-sm vc_hidden-xs&#8221;][vc_column_text css=&#8221;.vc_custom_1680610292265{padding-left: 50px !important;}&#8221;] Aprova\u00e7\u00f5es [\/vc_column_text][vc_column_text css=&#8221;.vc_custom_1680610312733{padding-right: 600px !important;padding-left: 50px !important;}&#8221;] Com o Office Impresso \u00e9 poss\u00edvel administrar todas as solicita\u00e7\u00f5es de seus funcion\u00e1rios de um modo pr\u00e1tico e objetivo, integrando &hellip; Continued\" \/>\n<meta property=\"og:url\" content=\"https:\/\/oimpresso.com\/ajuda\/aprovacoes\/\" \/>\n<meta property=\"og:site_name\" content=\"Office Impresso\" \/>\n<meta property=\"article:modified_time\" content=\"2023-04-04T12:14:13+00:00\" \/>\n<meta name=\"twitter:card\" content=\"summary_large_image\" \/>\n<meta name=\"twitter:label1\" content=\"Est. tempo de leitura\" \/>\n\t<meta name=\"twitter:data1\" content=\"7 minutos\" \/>\n<script type=\"application\/ld+json\" class=\"yoast-schema-graph\">{\"@context\":\"https:\/\/schema.org\",\"@graph\":[{\"@type\":\"WebPage\",\"@id\":\"https:\/\/oimpresso.com\/ajuda\/aprovacoes\/\",\"url\":\"https:\/\/oimpresso.com\/ajuda\/aprovacoes\/\",\"name\":\"Aprova\u00e7\u00f5es\",\"isPartOf\":{\"@id\":\"https:\/\/oimpresso.com\/ajuda\/#website\"},\"datePublished\":\"2023-01-16T19:43:43+00:00\",\"dateModified\":\"2023-04-04T12:14:13+00:00\",\"breadcrumb\":{\"@id\":\"https:\/\/oimpresso.com\/ajuda\/aprovacoes\/#breadcrumb\"},\"inLanguage\":\"pt-BR\",\"potentialAction\":[{\"@type\":\"ReadAction\",\"target\":[\"https:\/\/oimpresso.com\/ajuda\/aprovacoes\/\"]}]},{\"@type\":\"BreadcrumbList\",\"@id\":\"https:\/\/oimpresso.com\/ajuda\/aprovacoes\/#breadcrumb\",\"itemListElement\":[{\"@type\":\"ListItem\",\"position\":1,\"name\":\"In\u00edcio\",\"item\":\"https:\/\/oimpresso.com\/ajuda\/\"},{\"@type\":\"ListItem\",\"position\":2,\"name\":\"Aprova\u00e7\u00f5es\"}]},{\"@type\":\"WebSite\",\"@id\":\"https:\/\/oimpresso.com\/ajuda\/#website\",\"url\":\"https:\/\/oimpresso.com\/ajuda\/\",\"name\":\"Office Impresso\",\"description\":\"Portal de Ajuda\",\"publisher\":{\"@id\":\"https:\/\/oimpresso.com\/ajuda\/#organization\"},\"potentialAction\":[{\"@type\":\"SearchAction\",\"target\":{\"@type\":\"EntryPoint\",\"urlTemplate\":\"https:\/\/oimpresso.com\/ajuda\/?s={search_term_string}\"},\"query-input\":\"required name=search_term_string\"}],\"inLanguage\":\"pt-BR\"},{\"@type\":\"Organization\",\"@id\":\"https:\/\/oimpresso.com\/ajuda\/#organization\",\"name\":\"Office Impresso\",\"url\":\"https:\/\/oimpresso.com\/ajuda\/\",\"logo\":{\"@type\":\"ImageObject\",\"inLanguage\":\"pt-BR\",\"@id\":\"https:\/\/oimpresso.com\/ajuda\/#\/schema\/logo\/image\/\",\"url\":\"https:\/\/oimpresso.com\/ajuda\/wp-content\/uploads\/2023\/04\/LOGO-PRETA-Office-Impresso-e1680706829226.png\",\"contentUrl\":\"https:\/\/oimpresso.com\/ajuda\/wp-content\/uploads\/2023\/04\/LOGO-PRETA-Office-Impresso-e1680706829226.png\",\"width\":275,\"height\":77,\"caption\":\"Office Impresso\"},\"image\":{\"@id\":\"https:\/\/oimpresso.com\/ajuda\/#\/schema\/logo\/image\/\"}}]}<\/script>\n<!-- \/ Yoast SEO plugin. -->","yoast_head_json":{"title":"Aprova\u00e7\u00f5es","robots":{"index":"index","follow":"follow","max-snippet":"max-snippet:-1","max-image-preview":"max-image-preview:large","max-video-preview":"max-video-preview:-1"},"canonical":"https:\/\/oimpresso.com\/ajuda\/aprovacoes\/","og_locale":"pt_BR","og_type":"article","og_title":"Aprova\u00e7\u00f5es","og_description":"[vc_row full_width=&#8221;stretch_row_content&#8221; css=&#8221;.vc_custom_1676920898231{margin-top: -70px !important;padding-bottom: 50px !important;background-position: center !important;background-repeat: no-repeat !important;background-size: cover !important;}&#8221;][vc_column css=&#8221;.vc_custom_1679594174997{background-image: url(https:\/\/oimpresso.com\/ajuda\/wp-content\/uploads\/2023\/03\/Aprovacoes.png?id=10265) !important;background-position: center !important;background-repeat: no-repeat !important;background-size: cover !important;}&#8221; offset=&#8221;vc_hidden-md vc_hidden-sm vc_hidden-xs&#8221;][vc_column_text css=&#8221;.vc_custom_1680610292265{padding-left: 50px !important;}&#8221;] Aprova\u00e7\u00f5es [\/vc_column_text][vc_column_text css=&#8221;.vc_custom_1680610312733{padding-right: 600px !important;padding-left: 50px !important;}&#8221;] Com o Office Impresso \u00e9 poss\u00edvel administrar todas as solicita\u00e7\u00f5es de seus funcion\u00e1rios de um modo pr\u00e1tico e objetivo, integrando &hellip; Continued","og_url":"https:\/\/oimpresso.com\/ajuda\/aprovacoes\/","og_site_name":"Office Impresso","article_modified_time":"2023-04-04T12:14:13+00:00","twitter_card":"summary_large_image","twitter_misc":{"Est. tempo de leitura":"7 minutos"},"schema":{"@context":"https:\/\/schema.org","@graph":[{"@type":"WebPage","@id":"https:\/\/oimpresso.com\/ajuda\/aprovacoes\/","url":"https:\/\/oimpresso.com\/ajuda\/aprovacoes\/","name":"Aprova\u00e7\u00f5es","isPartOf":{"@id":"https:\/\/oimpresso.com\/ajuda\/#website"},"datePublished":"2023-01-16T19:43:43+00:00","dateModified":"2023-04-04T12:14:13+00:00","breadcrumb":{"@id":"https:\/\/oimpresso.com\/ajuda\/aprovacoes\/#breadcrumb"},"inLanguage":"pt-BR","potentialAction":[{"@type":"ReadAction","target":["https:\/\/oimpresso.com\/ajuda\/aprovacoes\/"]}]},{"@type":"BreadcrumbList","@id":"https:\/\/oimpresso.com\/ajuda\/aprovacoes\/#breadcrumb","itemListElement":[{"@type":"ListItem","position":1,"name":"In\u00edcio","item":"https:\/\/oimpresso.com\/ajuda\/"},{"@type":"ListItem","position":2,"name":"Aprova\u00e7\u00f5es"}]},{"@type":"WebSite","@id":"https:\/\/oimpresso.com\/ajuda\/#website","url":"https:\/\/oimpresso.com\/ajuda\/","name":"Office Impresso","description":"Portal de Ajuda","publisher":{"@id":"https:\/\/oimpresso.com\/ajuda\/#organization"},"potentialAction":[{"@type":"SearchAction","target":{"@type":"EntryPoint","urlTemplate":"https:\/\/oimpresso.com\/ajuda\/?s={search_term_string}"},"query-input":"required name=search_term_string"}],"inLanguage":"pt-BR"},{"@type":"Organization","@id":"https:\/\/oimpresso.com\/ajuda\/#organization","name":"Office Impresso","url":"https:\/\/oimpresso.com\/ajuda\/","logo":{"@type":"ImageObject","inLanguage":"pt-BR","@id":"https:\/\/oimpresso.com\/ajuda\/#\/schema\/logo\/image\/","url":"https:\/\/oimpresso.com\/ajuda\/wp-content\/uploads\/2023\/04\/LOGO-PRETA-Office-Impresso-e1680706829226.png","contentUrl":"https:\/\/oimpresso.com\/ajuda\/wp-content\/uploads\/2023\/04\/LOGO-PRETA-Office-Impresso-e1680706829226.png","width":275,"height":77,"caption":"Office Impresso"},"image":{"@id":"https:\/\/oimpresso.com\/ajuda\/#\/schema\/logo\/image\/"}}]}},"_links":{"self":[{"href":"https:\/\/oimpresso.com\/ajuda\/wp-json\/wp\/v2\/pages\/7762"}],"collection":[{"href":"https:\/\/oimpresso.com\/ajuda\/wp-json\/wp\/v2\/pages"}],"about":[{"href":"https:\/\/oimpresso.com\/ajuda\/wp-json\/wp\/v2\/types\/page"}],"author":[{"embeddable":true,"href":"https:\/\/oimpresso.com\/ajuda\/wp-json\/wp\/v2\/users\/8"}],"replies":[{"embeddable":true,"href":"https:\/\/oimpresso.com\/ajuda\/wp-json\/wp\/v2\/comments?post=7762"}],"version-history":[{"count":10,"href":"https:\/\/oimpresso.com\/ajuda\/wp-json\/wp\/v2\/pages\/7762\/revisions"}],"predecessor-version":[{"id":10905,"href":"https:\/\/oimpresso.com\/ajuda\/wp-json\/wp\/v2\/pages\/7762\/revisions\/10905"}],"wp:attachment":[{"href":"https:\/\/oimpresso.com\/ajuda\/wp-json\/wp\/v2\/media?parent=7762"}],"curies":[{"name":"wp","href":"https:\/\/api.w.org\/{rel}","templated":true}]}}