{"id":7744,"date":"2023-01-16T16:40:31","date_gmt":"2023-01-16T19:40:31","guid":{"rendered":"https:\/\/oimpresso.com\/ajuda\/?page_id=7744"},"modified":"2023-04-03T16:48:47","modified_gmt":"2023-04-03T19:48:47","slug":"movimento-de-estoque","status":"publish","type":"page","link":"https:\/\/oimpresso.com\/ajuda\/movimento-de-estoque\/","title":{"rendered":"Movimento de Estoque"},"content":{"rendered":"<p>[vc_row full_width=&#8221;stretch_row_content&#8221; css=&#8221;.vc_custom_1676920898231{margin-top: -70px !important;padding-bottom: 50px !important;background-position: center !important;background-repeat: no-repeat !important;background-size: cover !important;}&#8221;][vc_column css=&#8221;.vc_custom_1679514502088{background-image: url(https:\/\/oimpresso.com\/ajuda\/wp-content\/uploads\/2023\/03\/Movimento-de-estoque.png?id=10222) !important;background-position: center !important;background-repeat: no-repeat !important;background-size: cover !important;}&#8221; offset=&#8221;vc_hidden-md vc_hidden-sm vc_hidden-xs&#8221;][vc_column_text css=&#8221;.vc_custom_1680551078228{padding-left: 50px !important;}&#8221;]<\/p>\n<h1 style=\"color: #474747;\" id=\"movimento-de-estoque\" >Movimento de estoque<\/h1>\n<p>[\/vc_column_text][vc_column_text css=&#8221;.vc_custom_1680551155738{padding-right: 600px !important;padding-left: 50px !important;}&#8221;]<\/p>\n<p style=\"color: #575757; font-size: 20px;\">Analise a movimenta\u00e7\u00e3o de seus produtos de uma maneira simples e clara para um controle efetivo de seu estoque, evitando atrasos e falhas em suas vendas e compras que acarretam em preju\u00edzos para a empresa.<\/p>\n<p>[\/vc_column_text][vc_column_text css=&#8221;.vc_custom_1680205080053{padding-left: 50px !important;}&#8221;]<a class=\"fancybox-iframe\" style=\"display: flex; align-items: center; justify-content: center; width: 100%; max-width: 200px; height: 45px; border-radius: 25px; background: #80387B; background-image: linear-gradient(to bottom, #80387B, #CF61CA); border: none; color: #ffffff; font-size: 16px; cursor: pointer; text-align: center; text-decoration: none;\" href=\"https:\/\/oimpresso.com\/ajuda\/solicitar-proposta\/\">Acesse e Conhe\u00e7a<\/a>[\/vc_column_text][vc_empty_space height=&#8221;100&#8243;][\/vc_column][\/vc_row][vc_row full_width=&#8221;stretch_row_content&#8221; css=&#8221;.vc_custom_1676921146248{margin-top: -20px !important;padding-bottom: 50px !important;background-position: center !important;background-repeat: no-repeat !important;background-size: cover !important;}&#8221;][vc_column css=&#8221;.vc_custom_1679514529774{background-image: url(https:\/\/oimpresso.com\/ajuda\/wp-content\/uploads\/2023\/03\/Movimento-de-estoque.png?id=10222) !important;background-position: center !important;background-repeat: no-repeat !important;background-size: cover !important;}&#8221; offset=&#8221;vc_hidden-lg vc_hidden-sm vc_hidden-xs&#8221;][vc_column_text css=&#8221;.vc_custom_1680551078228{padding-left: 50px !important;}&#8221;]<\/p>\n<h1 style=\"color: #474747;\" id=\"movimento-de-estoque\" >Movimento de estoque<\/h1>\n<p>[\/vc_column_text][vc_column_text css=&#8221;.vc_custom_1680551155738{padding-right: 600px !important;padding-left: 50px !important;}&#8221;]<\/p>\n<p style=\"color: #575757; font-size: 20px;\">Analise a movimenta\u00e7\u00e3o de seus produtos de uma maneira simples e clara para um controle efetivo de seu estoque, evitando atrasos e falhas em suas vendas e compras que acarretam em preju\u00edzos para a empresa.<\/p>\n<p>[\/vc_column_text][vc_column_text css=&#8221;.vc_custom_1680204889614{padding-left: 50px !important;}&#8221;]<a class=\"fancybox-iframe\" style=\"display: flex; align-items: center; justify-content: center; width: 100%; max-width: 200px; height: 45px; border-radius: 25px; background: #80387B; background-image: linear-gradient(to bottom, #80387B, #CF61CA); border: none; color: #ffffff; font-size: 16px; cursor: pointer; text-align: center; text-decoration: none;\" href=\"https:\/\/oimpresso.com\/ajuda\/solicitar-proposta\/\">Acesse e Conhe\u00e7a<\/a>[\/vc_column_text][vc_empty_space height=&#8221;100&#8243;][\/vc_column][\/vc_row][vc_row full_width=&#8221;stretch_row_content&#8221; css=&#8221;.vc_custom_1676921326147{margin-top: -65px !important;padding-bottom: 50px !important;background-position: center !important;background-repeat: no-repeat !important;background-size: cover !important;}&#8221;][vc_column css=&#8221;.vc_custom_1676921921382{background-position: center !important;background-repeat: no-repeat !important;background-size: cover !important;}&#8221; offset=&#8221;vc_hidden-lg vc_hidden-md vc_col-xs-12&#8243;][vc_column_text css=&#8221;.vc_custom_1680551213416{padding-right: 50px !important;padding-left: 50px !important;}&#8221;]<\/p>\n<h1 style=\"text-align: center; color: #474747;\" id=\"movimento-de-estoque\" >Movimento de estoque<\/h1>\n<p>[\/vc_column_text][vc_column_text css=&#8221;.vc_custom_1680551269421{padding-right: 10px !important;padding-left: 10px !important;}&#8221;]<\/p>\n<p style=\"color: #575757; font-size: 20px; text-align: center;\">Analise a movimenta\u00e7\u00e3o de seus produtos de uma maneira simples e clara para um controle efetivo de seu estoque, evitando atrasos e falhas em suas vendas e compras que acarretam em preju\u00edzos para a empresa.<\/p>\n<p>[\/vc_column_text][vc_column_text css=&#8221;.vc_custom_1680204773278{margin-top: 20px !important;}&#8221;]<a style=\"width: 190px; height: 45px; border-radius: 25px; background: #80387B; background-image: linear-gradient(to bottom, #80387B, #CF61CA); border: none; color: #FFFFFF; font-size: 16px; cursor: pointer; display: flex; justify-content: center; align-items: center; margin: 0 auto; text-decoration: none;\" href=\"https:\/\/oimpresso.com\/ajuda\/solicitar-proposta\/;\">Acesse e Conhe\u00e7a<\/a>[\/vc_column_text][\/vc_column][vc_column offset=&#8221;vc_hidden-lg vc_hidden-md vc_col-xs-12&#8243; css=&#8221;.vc_custom_1679514546184{background-image: url(https:\/\/oimpresso.com\/ajuda\/wp-content\/uploads\/2023\/03\/Movimento-de-estoque-MOBILE.png?id=10221) !important;background-position: center !important;background-repeat: no-repeat !important;background-size: cover !important;}&#8221;][vc_empty_space height=&#8221;300&#8243;][\/vc_column][\/vc_row][vc_row full_width=&#8221;stretch_row_content&#8221; content_placement=&#8221;middle&#8221;][vc_column offset=&#8221;vc_hidden-sm vc_col-xs-12 vc_hidden-xs&#8221;][vc_column_text css=&#8221;.vc_custom_1680551288006{padding-right: 50px !important;padding-left: 50px !important;}&#8221;]<\/p>\n<h2 style=\"text-align: center; color: #474747;\" id=\"alem-de-evitar-atrasos-e-falhas-nas-vendas-e-compras-a-analise-da-movimentacao-de-estoque-pode-trazer-diversos-beneficios-para-a-empresa-como\" >Al\u00e9m de evitar atrasos e falhas nas vendas e compras, a an\u00e1lise da movimenta\u00e7\u00e3o de estoque pode trazer diversos benef\u00edcios para a empresa, como:<\/h2>\n<p>[\/vc_column_text][\/vc_column][vc_column offset=&#8221;vc_hidden-lg vc_hidden-md vc_col-xs-12&#8243;][vc_column_text css=&#8221;.vc_custom_1680551302381{padding-right: 10px !important;padding-left: 10px !important;}&#8221;]<\/p>\n<h2 style=\"text-align: center; color: #474747;\" id=\"alem-de-evitar-atrasos-e-falhas-nas-vendas-e-compras-a-analise-da-movimentacao-de-estoque-pode-trazer-diversos-beneficios-para-a-empresa-como\" >Al\u00e9m de evitar atrasos e falhas nas vendas e compras, a an\u00e1lise da movimenta\u00e7\u00e3o de estoque pode trazer diversos benef\u00edcios para a empresa, como:<\/h2>\n<p>[\/vc_column_text][vc_separator][\/vc_column][\/vc_row][vc_row][vc_column offset=&#8221;vc_hidden-sm vc_hidden-xs&#8221;][vc_column_text]<\/p>\n<ul style=\"color: #676767;\">\n<li>Identificar quais produtos t\u00eam maior sa\u00edda e quais t\u00eam menor sa\u00edda, permitindo que a empresa tome decis\u00f5es mais informadas sobre como gerenciar seu estoque e quais produtos deve investir mais ou menos recursos.<\/li>\n<li>Detectar poss\u00edveis erros de contagem ou roubos, j\u00e1 que a an\u00e1lise da movimenta\u00e7\u00e3o pode ajudar a identificar discrep\u00e2ncias entre o estoque f\u00edsico e o estoque registrado.<\/li>\n<li>Auxiliar na previs\u00e3o de demanda futura, j\u00e1 que a an\u00e1lise da movimenta\u00e7\u00e3o do estoque pode fornecer insights sobre o comportamento dos clientes e as tend\u00eancias do mercado.<\/li>\n<li>Reduzir custos de armazenamento, j\u00e1 que a an\u00e1lise da movimenta\u00e7\u00e3o do estoque pode ajudar a identificar produtos obsoletos ou com baixa demanda que podem ser retirados do estoque ou vendidos com desconto.<\/li>\n<\/ul>\n<p>[\/vc_column_text][vc_row_inner][vc_column_inner offset=&#8221;vc_hidden-lg vc_hidden-md&#8221;][vc_column_text]<\/p>\n<ul style=\"color: #676767;\">\n<li>Identificar quais produtos t\u00eam maior sa\u00edda e quais t\u00eam menor sa\u00edda, permitindo que a empresa tome decis\u00f5es mais informadas sobre como gerenciar seu estoque e quais produtos deve investir mais ou menos recursos.<\/li>\n<li>Detectar poss\u00edveis erros de contagem ou roubos, j\u00e1 que a an\u00e1lise da movimenta\u00e7\u00e3o pode ajudar a identificar discrep\u00e2ncias entre o estoque f\u00edsico e o estoque registrado.<\/li>\n<li>Auxiliar na previs\u00e3o de demanda futura, j\u00e1 que a an\u00e1lise da movimenta\u00e7\u00e3o do estoque pode fornecer insights sobre o comportamento dos clientes e as tend\u00eancias do mercado.<\/li>\n<li>Reduzir custos de armazenamento, j\u00e1 que a an\u00e1lise da movimenta\u00e7\u00e3o do estoque pode ajudar a identificar produtos obsoletos ou com baixa demanda que podem ser retirados do estoque ou vendidos com desconto.<\/li>\n<\/ul>\n<p>[\/vc_column_text][\/vc_column_inner][\/vc_row_inner][\/vc_column][\/vc_row]<\/p>\n","protected":false},"excerpt":{"rendered":"<p>[vc_row full_width=&#8221;stretch_row_content&#8221; css=&#8221;.vc_custom_1676920898231{margin-top: -70px !important;padding-bottom: 50px !important;background-position: center !important;background-repeat: no-repeat !important;background-size: cover !important;}&#8221;][vc_column css=&#8221;.vc_custom_1679514502088{background-image: url(https:\/\/oimpresso.com\/ajuda\/wp-content\/uploads\/2023\/03\/Movimento-de-estoque.png?id=10222) !important;background-position: center !important;background-repeat: no-repeat !important;background-size: cover !important;}&#8221; offset=&#8221;vc_hidden-md vc_hidden-sm vc_hidden-xs&#8221;][vc_column_text css=&#8221;.vc_custom_1680551078228{padding-left: 50px !important;}&#8221;] Movimento de estoque [\/vc_column_text][vc_column_text css=&#8221;.vc_custom_1680551155738{padding-right: 600px !important;padding-left: 50px !important;}&#8221;] Analise a movimenta\u00e7\u00e3o de seus produtos de uma maneira simples e clara para um controle efetivo de seu &hellip; <a href=\"https:\/\/oimpresso.com\/ajuda\/movimento-de-estoque\/\">Continued<\/a><\/p>\n","protected":false},"author":8,"featured_media":0,"parent":0,"menu_order":0,"comment_status":"closed","ping_status":"closed","template":"","meta":{"_bbp_topic_count":0,"_bbp_reply_count":0,"_bbp_total_topic_count":0,"_bbp_total_reply_count":0,"_bbp_voice_count":0,"_bbp_anonymous_reply_count":0,"_bbp_topic_count_hidden":0,"_bbp_reply_count_hidden":0,"_bbp_forum_subforum_count":0,"om_disable_all_campaigns":false,"_mi_skip_tracking":false},"yoast_head":"<!-- This site is optimized with the Yoast SEO plugin v20.5 - https:\/\/yoast.com\/wordpress\/plugins\/seo\/ -->\n<title>Movimento de Estoque<\/title>\n<meta name=\"robots\" content=\"index, follow, max-snippet:-1, max-image-preview:large, max-video-preview:-1\" \/>\n<link rel=\"canonical\" href=\"https:\/\/oimpresso.com\/ajuda\/movimento-de-estoque\/\" \/>\n<meta property=\"og:locale\" content=\"pt_BR\" \/>\n<meta property=\"og:type\" content=\"article\" \/>\n<meta property=\"og:title\" content=\"Movimento de Estoque\" \/>\n<meta property=\"og:description\" content=\"[vc_row full_width=&#8221;stretch_row_content&#8221; css=&#8221;.vc_custom_1676920898231{margin-top: -70px !important;padding-bottom: 50px !important;background-position: center !important;background-repeat: no-repeat !important;background-size: cover !important;}&#8221;][vc_column css=&#8221;.vc_custom_1679514502088{background-image: url(https:\/\/oimpresso.com\/ajuda\/wp-content\/uploads\/2023\/03\/Movimento-de-estoque.png?id=10222) !important;background-position: center !important;background-repeat: no-repeat !important;background-size: cover !important;}&#8221; offset=&#8221;vc_hidden-md vc_hidden-sm vc_hidden-xs&#8221;][vc_column_text css=&#8221;.vc_custom_1680551078228{padding-left: 50px !important;}&#8221;] Movimento de estoque [\/vc_column_text][vc_column_text css=&#8221;.vc_custom_1680551155738{padding-right: 600px !important;padding-left: 50px !important;}&#8221;] Analise a movimenta\u00e7\u00e3o de seus produtos de uma maneira simples e clara para um controle efetivo de seu &hellip; Continued\" \/>\n<meta property=\"og:url\" content=\"https:\/\/oimpresso.com\/ajuda\/movimento-de-estoque\/\" \/>\n<meta property=\"og:site_name\" content=\"Office Impresso\" \/>\n<meta property=\"article:modified_time\" content=\"2023-04-03T19:48:47+00:00\" \/>\n<meta name=\"twitter:card\" content=\"summary_large_image\" \/>\n<meta name=\"twitter:label1\" content=\"Est. tempo de leitura\" \/>\n\t<meta name=\"twitter:data1\" content=\"5 minutos\" \/>\n<script type=\"application\/ld+json\" class=\"yoast-schema-graph\">{\"@context\":\"https:\/\/schema.org\",\"@graph\":[{\"@type\":\"WebPage\",\"@id\":\"https:\/\/oimpresso.com\/ajuda\/movimento-de-estoque\/\",\"url\":\"https:\/\/oimpresso.com\/ajuda\/movimento-de-estoque\/\",\"name\":\"Movimento de Estoque\",\"isPartOf\":{\"@id\":\"https:\/\/oimpresso.com\/ajuda\/#website\"},\"datePublished\":\"2023-01-16T19:40:31+00:00\",\"dateModified\":\"2023-04-03T19:48:47+00:00\",\"breadcrumb\":{\"@id\":\"https:\/\/oimpresso.com\/ajuda\/movimento-de-estoque\/#breadcrumb\"},\"inLanguage\":\"pt-BR\",\"potentialAction\":[{\"@type\":\"ReadAction\",\"target\":[\"https:\/\/oimpresso.com\/ajuda\/movimento-de-estoque\/\"]}]},{\"@type\":\"BreadcrumbList\",\"@id\":\"https:\/\/oimpresso.com\/ajuda\/movimento-de-estoque\/#breadcrumb\",\"itemListElement\":[{\"@type\":\"ListItem\",\"position\":1,\"name\":\"In\u00edcio\",\"item\":\"https:\/\/oimpresso.com\/ajuda\/\"},{\"@type\":\"ListItem\",\"position\":2,\"name\":\"Movimento de Estoque\"}]},{\"@type\":\"WebSite\",\"@id\":\"https:\/\/oimpresso.com\/ajuda\/#website\",\"url\":\"https:\/\/oimpresso.com\/ajuda\/\",\"name\":\"Office Impresso\",\"description\":\"Portal de Ajuda\",\"publisher\":{\"@id\":\"https:\/\/oimpresso.com\/ajuda\/#organization\"},\"potentialAction\":[{\"@type\":\"SearchAction\",\"target\":{\"@type\":\"EntryPoint\",\"urlTemplate\":\"https:\/\/oimpresso.com\/ajuda\/?s={search_term_string}\"},\"query-input\":\"required name=search_term_string\"}],\"inLanguage\":\"pt-BR\"},{\"@type\":\"Organization\",\"@id\":\"https:\/\/oimpresso.com\/ajuda\/#organization\",\"name\":\"Office Impresso\",\"url\":\"https:\/\/oimpresso.com\/ajuda\/\",\"logo\":{\"@type\":\"ImageObject\",\"inLanguage\":\"pt-BR\",\"@id\":\"https:\/\/oimpresso.com\/ajuda\/#\/schema\/logo\/image\/\",\"url\":\"https:\/\/oimpresso.com\/ajuda\/wp-content\/uploads\/2023\/04\/LOGO-PRETA-Office-Impresso-e1680706829226.png\",\"contentUrl\":\"https:\/\/oimpresso.com\/ajuda\/wp-content\/uploads\/2023\/04\/LOGO-PRETA-Office-Impresso-e1680706829226.png\",\"width\":275,\"height\":77,\"caption\":\"Office Impresso\"},\"image\":{\"@id\":\"https:\/\/oimpresso.com\/ajuda\/#\/schema\/logo\/image\/\"}}]}<\/script>\n<!-- \/ Yoast SEO plugin. -->","yoast_head_json":{"title":"Movimento de Estoque","robots":{"index":"index","follow":"follow","max-snippet":"max-snippet:-1","max-image-preview":"max-image-preview:large","max-video-preview":"max-video-preview:-1"},"canonical":"https:\/\/oimpresso.com\/ajuda\/movimento-de-estoque\/","og_locale":"pt_BR","og_type":"article","og_title":"Movimento de Estoque","og_description":"[vc_row full_width=&#8221;stretch_row_content&#8221; css=&#8221;.vc_custom_1676920898231{margin-top: -70px !important;padding-bottom: 50px !important;background-position: center !important;background-repeat: no-repeat !important;background-size: cover !important;}&#8221;][vc_column css=&#8221;.vc_custom_1679514502088{background-image: url(https:\/\/oimpresso.com\/ajuda\/wp-content\/uploads\/2023\/03\/Movimento-de-estoque.png?id=10222) !important;background-position: center !important;background-repeat: no-repeat !important;background-size: cover !important;}&#8221; offset=&#8221;vc_hidden-md vc_hidden-sm vc_hidden-xs&#8221;][vc_column_text css=&#8221;.vc_custom_1680551078228{padding-left: 50px !important;}&#8221;] Movimento de estoque [\/vc_column_text][vc_column_text css=&#8221;.vc_custom_1680551155738{padding-right: 600px !important;padding-left: 50px !important;}&#8221;] Analise a movimenta\u00e7\u00e3o de seus produtos de uma maneira simples e clara para um controle efetivo de seu &hellip; Continued","og_url":"https:\/\/oimpresso.com\/ajuda\/movimento-de-estoque\/","og_site_name":"Office Impresso","article_modified_time":"2023-04-03T19:48:47+00:00","twitter_card":"summary_large_image","twitter_misc":{"Est. tempo de leitura":"5 minutos"},"schema":{"@context":"https:\/\/schema.org","@graph":[{"@type":"WebPage","@id":"https:\/\/oimpresso.com\/ajuda\/movimento-de-estoque\/","url":"https:\/\/oimpresso.com\/ajuda\/movimento-de-estoque\/","name":"Movimento de Estoque","isPartOf":{"@id":"https:\/\/oimpresso.com\/ajuda\/#website"},"datePublished":"2023-01-16T19:40:31+00:00","dateModified":"2023-04-03T19:48:47+00:00","breadcrumb":{"@id":"https:\/\/oimpresso.com\/ajuda\/movimento-de-estoque\/#breadcrumb"},"inLanguage":"pt-BR","potentialAction":[{"@type":"ReadAction","target":["https:\/\/oimpresso.com\/ajuda\/movimento-de-estoque\/"]}]},{"@type":"BreadcrumbList","@id":"https:\/\/oimpresso.com\/ajuda\/movimento-de-estoque\/#breadcrumb","itemListElement":[{"@type":"ListItem","position":1,"name":"In\u00edcio","item":"https:\/\/oimpresso.com\/ajuda\/"},{"@type":"ListItem","position":2,"name":"Movimento de Estoque"}]},{"@type":"WebSite","@id":"https:\/\/oimpresso.com\/ajuda\/#website","url":"https:\/\/oimpresso.com\/ajuda\/","name":"Office Impresso","description":"Portal de Ajuda","publisher":{"@id":"https:\/\/oimpresso.com\/ajuda\/#organization"},"potentialAction":[{"@type":"SearchAction","target":{"@type":"EntryPoint","urlTemplate":"https:\/\/oimpresso.com\/ajuda\/?s={search_term_string}"},"query-input":"required name=search_term_string"}],"inLanguage":"pt-BR"},{"@type":"Organization","@id":"https:\/\/oimpresso.com\/ajuda\/#organization","name":"Office Impresso","url":"https:\/\/oimpresso.com\/ajuda\/","logo":{"@type":"ImageObject","inLanguage":"pt-BR","@id":"https:\/\/oimpresso.com\/ajuda\/#\/schema\/logo\/image\/","url":"https:\/\/oimpresso.com\/ajuda\/wp-content\/uploads\/2023\/04\/LOGO-PRETA-Office-Impresso-e1680706829226.png","contentUrl":"https:\/\/oimpresso.com\/ajuda\/wp-content\/uploads\/2023\/04\/LOGO-PRETA-Office-Impresso-e1680706829226.png","width":275,"height":77,"caption":"Office Impresso"},"image":{"@id":"https:\/\/oimpresso.com\/ajuda\/#\/schema\/logo\/image\/"}}]}},"_links":{"self":[{"href":"https:\/\/oimpresso.com\/ajuda\/wp-json\/wp\/v2\/pages\/7744"}],"collection":[{"href":"https:\/\/oimpresso.com\/ajuda\/wp-json\/wp\/v2\/pages"}],"about":[{"href":"https:\/\/oimpresso.com\/ajuda\/wp-json\/wp\/v2\/types\/page"}],"author":[{"embeddable":true,"href":"https:\/\/oimpresso.com\/ajuda\/wp-json\/wp\/v2\/users\/8"}],"replies":[{"embeddable":true,"href":"https:\/\/oimpresso.com\/ajuda\/wp-json\/wp\/v2\/comments?post=7744"}],"version-history":[{"count":7,"href":"https:\/\/oimpresso.com\/ajuda\/wp-json\/wp\/v2\/pages\/7744\/revisions"}],"predecessor-version":[{"id":10886,"href":"https:\/\/oimpresso.com\/ajuda\/wp-json\/wp\/v2\/pages\/7744\/revisions\/10886"}],"wp:attachment":[{"href":"https:\/\/oimpresso.com\/ajuda\/wp-json\/wp\/v2\/media?parent=7744"}],"curies":[{"name":"wp","href":"https:\/\/api.w.org\/{rel}","templated":true}]}}