{"id":7740,"date":"2023-01-16T16:39:36","date_gmt":"2023-01-16T19:39:36","guid":{"rendered":"https:\/\/oimpresso.com\/ajuda\/?page_id=7740"},"modified":"2023-04-03T16:10:20","modified_gmt":"2023-04-03T19:10:20","slug":"codigo-de-barras","status":"publish","type":"page","link":"https:\/\/oimpresso.com\/ajuda\/codigo-de-barras\/","title":{"rendered":"C\u00f3digo de barras"},"content":{"rendered":"<p>[vc_row full_width=&#8221;stretch_row_content&#8221; css=&#8221;.vc_custom_1676920898231{margin-top: -70px !important;padding-bottom: 50px !important;background-position: center !important;background-repeat: no-repeat !important;background-size: cover !important;}&#8221;][vc_column css=&#8221;.vc_custom_1678905898125{background-image: url(https:\/\/oimpresso.com\/ajuda\/wp-content\/uploads\/2023\/03\/Codigo-de-barras.png?id=9867) !important;background-position: center !important;background-repeat: no-repeat !important;background-size: cover !important;}&#8221; offset=&#8221;vc_hidden-md vc_hidden-sm vc_hidden-xs&#8221;][vc_column_text css=&#8221;.vc_custom_1680548851395{padding-left: 50px !important;}&#8221;]<\/p>\n<h1 style=\"text-align: left; color: #474747;\" id=\"codigo-de-barras\" >C\u00f3digo de barras<\/h1>\n<p>[\/vc_column_text][vc_column_text css=&#8221;.vc_custom_1680548836651{padding-right: 600px !important;padding-left: 50px !important;}&#8221;]<\/p>\n<p style=\"color: #676767; font-size: 20px;\">Monte o c\u00f3digo de barras de seu produto ou deixe o Office Impresso fazer isso por voc\u00ea, com a tranquilidade de poder realizar a impress\u00e3o dos c\u00f3digos desejados sempre que precisar!<\/p>\n<p>[\/vc_column_text][vc_column_text css=&#8221;.vc_custom_1680203754999{padding-left: 50px !important;}&#8221;]<a class=\"fancybox-iframe\" style=\"display: flex; align-items: center; justify-content: center; width: 100%; max-width: 200px; height: 45px; border-radius: 25px; background: #80387B; background-image: linear-gradient(to bottom, #80387B, #CF61CA); border: none; color: #ffffff; font-size: 16px; cursor: pointer; text-align: center; text-decoration: none;\" href=\"https:\/\/oimpresso.com\/ajuda\/solicitar-proposta\/\">Acesse e Conhe\u00e7a<\/a>[\/vc_column_text][vc_empty_space height=&#8221;150&#8243;][\/vc_column][\/vc_row][vc_row full_width=&#8221;stretch_row_content&#8221; css=&#8221;.vc_custom_1676921146248{margin-top: -20px !important;padding-bottom: 50px !important;background-position: center !important;background-repeat: no-repeat !important;background-size: cover !important;}&#8221;][vc_column css=&#8221;.vc_custom_1678905913434{background-image: url(https:\/\/oimpresso.com\/ajuda\/wp-content\/uploads\/2023\/03\/Codigo-de-barras.png?id=9867) !important;background-position: center !important;background-repeat: no-repeat !important;background-size: cover !important;}&#8221; offset=&#8221;vc_hidden-lg vc_hidden-sm vc_hidden-xs&#8221;][vc_column_text css=&#8221;.vc_custom_1680548851395{padding-left: 50px !important;}&#8221;]<\/p>\n<h1 style=\"text-align: left; color: #474747;\" id=\"codigo-de-barras\" >C\u00f3digo de barras<\/h1>\n<p>[\/vc_column_text][vc_column_text css=&#8221;.vc_custom_1680548836651{padding-right: 600px !important;padding-left: 50px !important;}&#8221;]<\/p>\n<p style=\"color: #676767; font-size: 20px;\">Monte o c\u00f3digo de barras de seu produto ou deixe o Office Impresso fazer isso por voc\u00ea, com a tranquilidade de poder realizar a impress\u00e3o dos c\u00f3digos desejados sempre que precisar!<\/p>\n<p>[\/vc_column_text][vc_column_text css=&#8221;.vc_custom_1680203795372{padding-left: 50px !important;}&#8221;]<a class=\"fancybox-iframe\" style=\"display: flex; align-items: center; justify-content: center; width: 100%; max-width: 200px; height: 45px; border-radius: 25px; background: #80387B; background-image: linear-gradient(to bottom, #80387B, #CF61CA); border: none; color: #ffffff; font-size: 16px; cursor: pointer; text-align: center; text-decoration: none;\" href=\"https:\/\/oimpresso.com\/ajuda\/solicitar-proposta\/\">Acesse e Conhe\u00e7a<\/a>[\/vc_column_text][vc_empty_space height=&#8221;150&#8243;][\/vc_column][\/vc_row][vc_row full_width=&#8221;stretch_row_content&#8221; css=&#8221;.vc_custom_1676921326147{margin-top: -65px !important;padding-bottom: 50px !important;background-position: center !important;background-repeat: no-repeat !important;background-size: cover !important;}&#8221;][vc_column css=&#8221;.vc_custom_1676921921382{background-position: center !important;background-repeat: no-repeat !important;background-size: cover !important;}&#8221; offset=&#8221;vc_hidden-lg vc_hidden-md vc_col-xs-12&#8243;][vc_column_text css=&#8221;.vc_custom_1680548947146{padding-right: 10px !important;padding-left: 10px !important;}&#8221;]<\/p>\n<h1 style=\"color: #474747; text-align: center;\" id=\"codigo-de-barras\" >C\u00f3digo de barras<\/h1>\n<p>[\/vc_column_text][vc_column_text css=&#8221;.vc_custom_1680548961466{padding-right: 10px !important;padding-left: 10px !important;}&#8221;]<\/p>\n<p style=\"color: #676767; font-size: 20px; text-align: center;\">Monte o c\u00f3digo de barras de seu produto ou deixe o Office Impresso fazer isso por voc\u00ea, com a tranquilidade de poder realizar a impress\u00e3o dos c\u00f3digos desejados sempre que precisar!<\/p>\n<p>[\/vc_column_text][vc_column_text css=&#8221;.vc_custom_1680203832836{margin-top: 20px !important;}&#8221;]<a style=\"width: 190px; height: 45px; border-radius: 25px; background: #80387B; background-image: linear-gradient(to bottom, #80387B, #CF61CA); border: none; color: #FFFFFF; font-size: 16px; cursor: pointer; display: flex; justify-content: center; align-items: center; margin: 0 auto; text-decoration: none;\" href=\"https:\/\/oimpresso.com\/ajuda\/solicitar-proposta\/;\">Acesse e Conhe\u00e7a<\/a>[\/vc_column_text][vc_row_inner][vc_column_inner css=&#8221;.vc_custom_1678905966847{background-image: url(https:\/\/oimpresso.com\/ajuda\/wp-content\/uploads\/2023\/03\/Codigo-de-barras-Mobile.png?id=9866) !important;background-position: center !important;background-repeat: no-repeat !important;background-size: cover !important;}&#8221;][vc_empty_space height=&#8221;300px&#8221;][\/vc_column_inner][\/vc_row_inner][\/vc_column][\/vc_row][vc_row full_width=&#8221;stretch_row_content&#8221;][vc_column offset=&#8221;vc_hidden-sm vc_hidden-xs&#8221;][vc_column_text]<\/p>\n<h2 style=\"text-align: center; color: #474747;\" id=\"coloque-codigo-de-barras-facil-e-rapido-com-o-office-impresso\" >Coloque c\u00f3digo de barras f\u00e1cil e r\u00e1pido com o Office Impresso<\/h2>\n<p>[\/vc_column_text][\/vc_column][\/vc_row][vc_row full_width=&#8221;stretch_row_content&#8221;][vc_column offset=&#8221;vc_hidden-lg vc_hidden-md&#8221;][vc_column_text]<\/p>\n<h2 style=\"text-align: center; color: #474747;\" id=\"coloque-codigo-de-barras-facil-e-rapido-com-o-office-impresso\" >Coloque c\u00f3digo de barras f\u00e1cil e r\u00e1pido com o Office Impresso<\/h2>\n<p>[\/vc_column_text][vc_row_inner][vc_column_inner][\/vc_column_inner][\/vc_row_inner][\/vc_column][\/vc_row][vc_row][vc_column][vc_column_text]<\/p>\n<ul style=\"color: #676767;\">\n<li style=\"text-align: left;\">C\u00f3digo de barras \u00e9 um recurso importante para identifica\u00e7\u00e3o e controle de produtos;<\/li>\n<li style=\"text-align: left;\">O Office Impresso oferece a possibilidade de criar c\u00f3digos de barras para produtos de forma automatizada;<\/li>\n<li style=\"text-align: left;\">Com a op\u00e7\u00e3o de imprimir c\u00f3digos de barras sempre que necess\u00e1rio, a gest\u00e3o de estoque e venda de produtos se torna mais \u00e1gil e eficiente;<\/li>\n<li style=\"text-align: left;\">O uso de c\u00f3digos de barras tamb\u00e9m pode ajudar na redu\u00e7\u00e3o de erros em processos de identifica\u00e7\u00e3o de produtos e agilizar o atendimento ao cliente.<\/li>\n<li style=\"text-align: left;\">A utiliza\u00e7\u00e3o do c\u00f3digo de barras \u00e9 bastante difundida em diversos setores, desde o varejo at\u00e9 a ind\u00fastria.<\/li>\n<li>Com a utiliza\u00e7\u00e3o do c\u00f3digo de barras, \u00e9 poss\u00edvel facilitar processos de controle de estoque, vendas e gest\u00e3o de produtos.<\/li>\n<\/ul>\n<p>[\/vc_column_text][\/vc_column][\/vc_row]<\/p>\n","protected":false},"excerpt":{"rendered":"<p>[vc_row full_width=&#8221;stretch_row_content&#8221; css=&#8221;.vc_custom_1676920898231{margin-top: -70px !important;padding-bottom: 50px !important;background-position: center !important;background-repeat: no-repeat !important;background-size: cover !important;}&#8221;][vc_column css=&#8221;.vc_custom_1678905898125{background-image: url(https:\/\/oimpresso.com\/ajuda\/wp-content\/uploads\/2023\/03\/Codigo-de-barras.png?id=9867) !important;background-position: center !important;background-repeat: no-repeat !important;background-size: cover !important;}&#8221; offset=&#8221;vc_hidden-md vc_hidden-sm vc_hidden-xs&#8221;][vc_column_text css=&#8221;.vc_custom_1680548851395{padding-left: 50px !important;}&#8221;] C\u00f3digo de barras [\/vc_column_text][vc_column_text css=&#8221;.vc_custom_1680548836651{padding-right: 600px !important;padding-left: 50px !important;}&#8221;] Monte o c\u00f3digo de barras de seu produto ou deixe o Office Impresso fazer isso por voc\u00ea, com &hellip; <a href=\"https:\/\/oimpresso.com\/ajuda\/codigo-de-barras\/\">Continued<\/a><\/p>\n","protected":false},"author":8,"featured_media":0,"parent":0,"menu_order":0,"comment_status":"closed","ping_status":"closed","template":"","meta":{"_bbp_topic_count":0,"_bbp_reply_count":0,"_bbp_total_topic_count":0,"_bbp_total_reply_count":0,"_bbp_voice_count":0,"_bbp_anonymous_reply_count":0,"_bbp_topic_count_hidden":0,"_bbp_reply_count_hidden":0,"_bbp_forum_subforum_count":0,"om_disable_all_campaigns":false,"_mi_skip_tracking":false},"yoast_head":"<!-- This site is optimized with the Yoast SEO plugin v20.5 - https:\/\/yoast.com\/wordpress\/plugins\/seo\/ -->\n<title>C\u00f3digo de barras<\/title>\n<meta name=\"robots\" content=\"index, follow, max-snippet:-1, max-image-preview:large, max-video-preview:-1\" \/>\n<link rel=\"canonical\" href=\"https:\/\/oimpresso.com\/ajuda\/codigo-de-barras\/\" \/>\n<meta property=\"og:locale\" content=\"pt_BR\" \/>\n<meta property=\"og:type\" content=\"article\" \/>\n<meta property=\"og:title\" content=\"C\u00f3digo de barras\" \/>\n<meta property=\"og:description\" content=\"[vc_row full_width=&#8221;stretch_row_content&#8221; css=&#8221;.vc_custom_1676920898231{margin-top: -70px !important;padding-bottom: 50px !important;background-position: center !important;background-repeat: no-repeat !important;background-size: cover !important;}&#8221;][vc_column css=&#8221;.vc_custom_1678905898125{background-image: url(https:\/\/oimpresso.com\/ajuda\/wp-content\/uploads\/2023\/03\/Codigo-de-barras.png?id=9867) !important;background-position: center !important;background-repeat: no-repeat !important;background-size: cover !important;}&#8221; offset=&#8221;vc_hidden-md vc_hidden-sm vc_hidden-xs&#8221;][vc_column_text css=&#8221;.vc_custom_1680548851395{padding-left: 50px !important;}&#8221;] C\u00f3digo de barras [\/vc_column_text][vc_column_text css=&#8221;.vc_custom_1680548836651{padding-right: 600px !important;padding-left: 50px !important;}&#8221;] Monte o c\u00f3digo de barras de seu produto ou deixe o Office Impresso fazer isso por voc\u00ea, com &hellip; Continued\" \/>\n<meta property=\"og:url\" content=\"https:\/\/oimpresso.com\/ajuda\/codigo-de-barras\/\" \/>\n<meta property=\"og:site_name\" content=\"Office Impresso\" \/>\n<meta property=\"article:modified_time\" content=\"2023-04-03T19:10:20+00:00\" \/>\n<meta name=\"twitter:card\" content=\"summary_large_image\" \/>\n<meta name=\"twitter:label1\" content=\"Est. tempo de leitura\" \/>\n\t<meta name=\"twitter:data1\" content=\"4 minutos\" \/>\n<script type=\"application\/ld+json\" class=\"yoast-schema-graph\">{\"@context\":\"https:\/\/schema.org\",\"@graph\":[{\"@type\":\"WebPage\",\"@id\":\"https:\/\/oimpresso.com\/ajuda\/codigo-de-barras\/\",\"url\":\"https:\/\/oimpresso.com\/ajuda\/codigo-de-barras\/\",\"name\":\"C\u00f3digo de barras\",\"isPartOf\":{\"@id\":\"https:\/\/oimpresso.com\/ajuda\/#website\"},\"datePublished\":\"2023-01-16T19:39:36+00:00\",\"dateModified\":\"2023-04-03T19:10:20+00:00\",\"breadcrumb\":{\"@id\":\"https:\/\/oimpresso.com\/ajuda\/codigo-de-barras\/#breadcrumb\"},\"inLanguage\":\"pt-BR\",\"potentialAction\":[{\"@type\":\"ReadAction\",\"target\":[\"https:\/\/oimpresso.com\/ajuda\/codigo-de-barras\/\"]}]},{\"@type\":\"BreadcrumbList\",\"@id\":\"https:\/\/oimpresso.com\/ajuda\/codigo-de-barras\/#breadcrumb\",\"itemListElement\":[{\"@type\":\"ListItem\",\"position\":1,\"name\":\"In\u00edcio\",\"item\":\"https:\/\/oimpresso.com\/ajuda\/\"},{\"@type\":\"ListItem\",\"position\":2,\"name\":\"C\u00f3digo de barras\"}]},{\"@type\":\"WebSite\",\"@id\":\"https:\/\/oimpresso.com\/ajuda\/#website\",\"url\":\"https:\/\/oimpresso.com\/ajuda\/\",\"name\":\"Office Impresso\",\"description\":\"Portal de Ajuda\",\"publisher\":{\"@id\":\"https:\/\/oimpresso.com\/ajuda\/#organization\"},\"potentialAction\":[{\"@type\":\"SearchAction\",\"target\":{\"@type\":\"EntryPoint\",\"urlTemplate\":\"https:\/\/oimpresso.com\/ajuda\/?s={search_term_string}\"},\"query-input\":\"required name=search_term_string\"}],\"inLanguage\":\"pt-BR\"},{\"@type\":\"Organization\",\"@id\":\"https:\/\/oimpresso.com\/ajuda\/#organization\",\"name\":\"Office Impresso\",\"url\":\"https:\/\/oimpresso.com\/ajuda\/\",\"logo\":{\"@type\":\"ImageObject\",\"inLanguage\":\"pt-BR\",\"@id\":\"https:\/\/oimpresso.com\/ajuda\/#\/schema\/logo\/image\/\",\"url\":\"https:\/\/oimpresso.com\/ajuda\/wp-content\/uploads\/2023\/04\/LOGO-PRETA-Office-Impresso-e1680706829226.png\",\"contentUrl\":\"https:\/\/oimpresso.com\/ajuda\/wp-content\/uploads\/2023\/04\/LOGO-PRETA-Office-Impresso-e1680706829226.png\",\"width\":275,\"height\":77,\"caption\":\"Office Impresso\"},\"image\":{\"@id\":\"https:\/\/oimpresso.com\/ajuda\/#\/schema\/logo\/image\/\"}}]}<\/script>\n<!-- \/ Yoast SEO plugin. -->","yoast_head_json":{"title":"C\u00f3digo de barras","robots":{"index":"index","follow":"follow","max-snippet":"max-snippet:-1","max-image-preview":"max-image-preview:large","max-video-preview":"max-video-preview:-1"},"canonical":"https:\/\/oimpresso.com\/ajuda\/codigo-de-barras\/","og_locale":"pt_BR","og_type":"article","og_title":"C\u00f3digo de barras","og_description":"[vc_row full_width=&#8221;stretch_row_content&#8221; css=&#8221;.vc_custom_1676920898231{margin-top: -70px !important;padding-bottom: 50px !important;background-position: center !important;background-repeat: no-repeat !important;background-size: cover !important;}&#8221;][vc_column css=&#8221;.vc_custom_1678905898125{background-image: url(https:\/\/oimpresso.com\/ajuda\/wp-content\/uploads\/2023\/03\/Codigo-de-barras.png?id=9867) !important;background-position: center !important;background-repeat: no-repeat !important;background-size: cover !important;}&#8221; offset=&#8221;vc_hidden-md vc_hidden-sm vc_hidden-xs&#8221;][vc_column_text css=&#8221;.vc_custom_1680548851395{padding-left: 50px !important;}&#8221;] C\u00f3digo de barras [\/vc_column_text][vc_column_text css=&#8221;.vc_custom_1680548836651{padding-right: 600px !important;padding-left: 50px !important;}&#8221;] Monte o c\u00f3digo de barras de seu produto ou deixe o Office Impresso fazer isso por voc\u00ea, com &hellip; Continued","og_url":"https:\/\/oimpresso.com\/ajuda\/codigo-de-barras\/","og_site_name":"Office Impresso","article_modified_time":"2023-04-03T19:10:20+00:00","twitter_card":"summary_large_image","twitter_misc":{"Est. tempo de leitura":"4 minutos"},"schema":{"@context":"https:\/\/schema.org","@graph":[{"@type":"WebPage","@id":"https:\/\/oimpresso.com\/ajuda\/codigo-de-barras\/","url":"https:\/\/oimpresso.com\/ajuda\/codigo-de-barras\/","name":"C\u00f3digo de barras","isPartOf":{"@id":"https:\/\/oimpresso.com\/ajuda\/#website"},"datePublished":"2023-01-16T19:39:36+00:00","dateModified":"2023-04-03T19:10:20+00:00","breadcrumb":{"@id":"https:\/\/oimpresso.com\/ajuda\/codigo-de-barras\/#breadcrumb"},"inLanguage":"pt-BR","potentialAction":[{"@type":"ReadAction","target":["https:\/\/oimpresso.com\/ajuda\/codigo-de-barras\/"]}]},{"@type":"BreadcrumbList","@id":"https:\/\/oimpresso.com\/ajuda\/codigo-de-barras\/#breadcrumb","itemListElement":[{"@type":"ListItem","position":1,"name":"In\u00edcio","item":"https:\/\/oimpresso.com\/ajuda\/"},{"@type":"ListItem","position":2,"name":"C\u00f3digo de barras"}]},{"@type":"WebSite","@id":"https:\/\/oimpresso.com\/ajuda\/#website","url":"https:\/\/oimpresso.com\/ajuda\/","name":"Office Impresso","description":"Portal de Ajuda","publisher":{"@id":"https:\/\/oimpresso.com\/ajuda\/#organization"},"potentialAction":[{"@type":"SearchAction","target":{"@type":"EntryPoint","urlTemplate":"https:\/\/oimpresso.com\/ajuda\/?s={search_term_string}"},"query-input":"required name=search_term_string"}],"inLanguage":"pt-BR"},{"@type":"Organization","@id":"https:\/\/oimpresso.com\/ajuda\/#organization","name":"Office Impresso","url":"https:\/\/oimpresso.com\/ajuda\/","logo":{"@type":"ImageObject","inLanguage":"pt-BR","@id":"https:\/\/oimpresso.com\/ajuda\/#\/schema\/logo\/image\/","url":"https:\/\/oimpresso.com\/ajuda\/wp-content\/uploads\/2023\/04\/LOGO-PRETA-Office-Impresso-e1680706829226.png","contentUrl":"https:\/\/oimpresso.com\/ajuda\/wp-content\/uploads\/2023\/04\/LOGO-PRETA-Office-Impresso-e1680706829226.png","width":275,"height":77,"caption":"Office Impresso"},"image":{"@id":"https:\/\/oimpresso.com\/ajuda\/#\/schema\/logo\/image\/"}}]}},"_links":{"self":[{"href":"https:\/\/oimpresso.com\/ajuda\/wp-json\/wp\/v2\/pages\/7740"}],"collection":[{"href":"https:\/\/oimpresso.com\/ajuda\/wp-json\/wp\/v2\/pages"}],"about":[{"href":"https:\/\/oimpresso.com\/ajuda\/wp-json\/wp\/v2\/types\/page"}],"author":[{"embeddable":true,"href":"https:\/\/oimpresso.com\/ajuda\/wp-json\/wp\/v2\/users\/8"}],"replies":[{"embeddable":true,"href":"https:\/\/oimpresso.com\/ajuda\/wp-json\/wp\/v2\/comments?post=7740"}],"version-history":[{"count":10,"href":"https:\/\/oimpresso.com\/ajuda\/wp-json\/wp\/v2\/pages\/7740\/revisions"}],"predecessor-version":[{"id":10881,"href":"https:\/\/oimpresso.com\/ajuda\/wp-json\/wp\/v2\/pages\/7740\/revisions\/10881"}],"wp:attachment":[{"href":"https:\/\/oimpresso.com\/ajuda\/wp-json\/wp\/v2\/media?parent=7740"}],"curies":[{"name":"wp","href":"https:\/\/api.w.org\/{rel}","templated":true}]}}