{"id":7738,"date":"2023-01-16T16:39:18","date_gmt":"2023-01-16T19:39:18","guid":{"rendered":"https:\/\/oimpresso.com\/ajuda\/?page_id=7738"},"modified":"2023-04-03T17:15:05","modified_gmt":"2023-04-03T20:15:05","slug":"sub-unidade","status":"publish","type":"page","link":"https:\/\/oimpresso.com\/ajuda\/sub-unidade\/","title":{"rendered":"Sub-Unidade"},"content":{"rendered":"<p>[vc_row full_width=&#8221;stretch_row_content&#8221; css=&#8221;.vc_custom_1676920898231{margin-top: -70px !important;padding-bottom: 50px !important;background-position: center !important;background-repeat: no-repeat !important;background-size: cover !important;}&#8221;][vc_column css=&#8221;.vc_custom_1680014758805{background-image: url(https:\/\/oimpresso.com\/ajuda\/wp-content\/uploads\/2023\/03\/Sub-unidade.png?id=10377) !important;background-position: center !important;background-repeat: no-repeat !important;background-size: cover !important;}&#8221; offset=&#8221;vc_hidden-md vc_hidden-sm vc_hidden-xs&#8221;][vc_column_text css=&#8221;.vc_custom_1680552195279{padding-left: 50px !important;}&#8221;]<\/p>\n<h1 style=\"color: #474747;\" id=\"sub-unidade\" >Sub-Unidade<\/h1>\n<p>[\/vc_column_text][vc_column_text css=&#8221;.vc_custom_1680552222572{padding-right: 600px !important;padding-left: 50px !important;}&#8221;]<\/p>\n<p style=\"font-size: 20px; color: #575757;\">Para auxiliar no controle de estoque e precifica\u00e7\u00e3o do produto, o <strong>Office Impresso<\/strong> permite a convers\u00e3o da unidade em que o produto foi comprado para a unidade em que ser\u00e1 vendido.<\/p>\n<p style=\"font-size: 20px; color: #676767;\">Desta forma \u00e9 poss\u00edvel calcular o pre\u00e7o correto de sua mercadoria, evitando futuros preju\u00edzos!<\/p>\n<p>[\/vc_column_text][vc_column_text css=&#8221;.vc_custom_1680205855824{padding-left: 50px !important;}&#8221;]<a class=\"fancybox-iframe\" style=\"display: flex; align-items: center; justify-content: center; width: 100%; max-width: 200px; height: 45px; border-radius: 25px; background: #80387B; background-image: linear-gradient(to bottom, #80387B, #CF61CA); border: none; color: #ffffff; font-size: 16px; cursor: pointer; text-align: center; text-decoration: none;\" href=\"https:\/\/oimpresso.com\/ajuda\/solicitar-proposta\/\"> Conhe\u00e7a um Especialista<\/a>[\/vc_column_text][vc_empty_space height=&#8221;100&#8243;][\/vc_column][\/vc_row][vc_row full_width=&#8221;stretch_row_content&#8221; css=&#8221;.vc_custom_1676921146248{margin-top: -20px !important;padding-bottom: 50px !important;background-position: center !important;background-repeat: no-repeat !important;background-size: cover !important;}&#8221;][vc_column css=&#8221;.vc_custom_1680014889504{background-image: url(https:\/\/oimpresso.com\/ajuda\/wp-content\/uploads\/2023\/03\/Sub-unidade.png?id=10377) !important;background-position: center !important;background-repeat: no-repeat !important;background-size: cover !important;}&#8221; offset=&#8221;vc_hidden-lg vc_hidden-sm vc_hidden-xs&#8221;][vc_column_text css=&#8221;.vc_custom_1680552195279{padding-left: 50px !important;}&#8221;]<\/p>\n<h1 style=\"color: #474747;\" id=\"sub-unidade\" >Sub-Unidade<\/h1>\n<p>[\/vc_column_text][vc_column_text css=&#8221;.vc_custom_1680552222572{padding-right: 600px !important;padding-left: 50px !important;}&#8221;]<\/p>\n<p style=\"font-size: 20px; color: #575757;\">Para auxiliar no controle de estoque e precifica\u00e7\u00e3o do produto, o <strong>Office Impresso<\/strong> permite a convers\u00e3o da unidade em que o produto foi comprado para a unidade em que ser\u00e1 vendido.<\/p>\n<p style=\"font-size: 20px; color: #676767;\">Desta forma \u00e9 poss\u00edvel calcular o pre\u00e7o correto de sua mercadoria, evitando futuros preju\u00edzos!<\/p>\n<p>[\/vc_column_text][vc_column_text css=&#8221;.vc_custom_1680205788297{padding-left: 50px !important;}&#8221;]<a class=\"fancybox-iframe\" style=\"display: flex; align-items: center; justify-content: center; width: 100%; max-width: 200px; height: 45px; border-radius: 25px; background: #80387B; background-image: linear-gradient(to bottom, #80387B, #CF61CA); border: none; color: #ffffff; font-size: 16px; cursor: pointer; text-align: center; text-decoration: none;\" href=\"https:\/\/oimpresso.com\/ajuda\/solicitar-proposta\/\">Conhe\u00e7a um Especialista<\/a>[\/vc_column_text][vc_empty_space height=&#8221;100&#8243;][\/vc_column][\/vc_row][vc_row full_width=&#8221;stretch_row_content&#8221; css=&#8221;.vc_custom_1676921326147{margin-top: -65px !important;padding-bottom: 50px !important;background-position: center !important;background-repeat: no-repeat !important;background-size: cover !important;}&#8221;][vc_column css=&#8221;.vc_custom_1676921921382{background-position: center !important;background-repeat: no-repeat !important;background-size: cover !important;}&#8221; offset=&#8221;vc_hidden-lg vc_hidden-md vc_col-xs-12&#8243;][vc_column_text css=&#8221;.vc_custom_1680552262010{padding-right: 50px !important;padding-left: 50px !important;}&#8221;]<\/p>\n<h1 style=\"text-align: center; color: #474747;\" id=\"sub-unidade\" >Sub-Unidade<\/h1>\n<p>[\/vc_column_text][vc_column_text css=&#8221;.vc_custom_1680552288450{padding-right: 10px !important;padding-left: 10px !important;}&#8221;]<\/p>\n<p style=\"font-size: 20px; text-align: center; color: #575757;\">Para auxiliar no controle de estoque e precifica\u00e7\u00e3o do produto, o <strong>Office Impresso<\/strong> permite a convers\u00e3o da unidade em que o produto foi comprado para a unidade em que ser\u00e1 vendido.<\/p>\n<p style=\"font-size: 20px; text-align: center; color: #676767;\">Desta forma \u00e9 poss\u00edvel calcular o pre\u00e7o correto de sua mercadoria, evitando futuros preju\u00edzos!<\/p>\n<p>[\/vc_column_text][vc_column_text css=&#8221;.vc_custom_1680205754407{margin-top: 20px !important;}&#8221;]<a style=\"width: 190px; height: 45px; border-radius: 25px; background: #80387B; background-image: linear-gradient(to bottom, #80387B, #CF61CA); border: none; color: #FFFFFF; font-size: 16px; cursor: pointer; display: flex; justify-content: center; align-items: center; margin: 0 auto; text-decoration: none;\" href=\"https:\/\/oimpresso.com\/ajuda\/solicitar-proposta\/;\">Conhe\u00e7a um Especialista<\/a>[\/vc_column_text][\/vc_column][vc_column offset=&#8221;vc_hidden-lg vc_hidden-md vc_col-xs-12&#8243; css=&#8221;.vc_custom_1680014924647{background-image: url(https:\/\/oimpresso.com\/ajuda\/wp-content\/uploads\/2023\/03\/Sub-unidade-MOBILE.png?id=10378) !important;background-position: center !important;background-repeat: no-repeat !important;background-size: cover !important;}&#8221;][vc_empty_space height=&#8221;300&#8243;][\/vc_column][\/vc_row][vc_row full_width=&#8221;stretch_row_content&#8221; content_placement=&#8221;middle&#8221;][vc_column offset=&#8221;vc_hidden-sm vc_col-xs-12 vc_hidden-xs&#8221;][vc_column_text css=&#8221;.vc_custom_1680552306460{padding-right: 50px !important;padding-left: 50px !important;}&#8221;]<\/p>\n<h2 style=\"text-align: center; color: #474747;\" id=\"precifique-seus-produtos-de-forma-precisa-com-o-office-impresso\" >Precifique seus produtos de forma precisa com o Office Impresso<\/h2>\n<p>[\/vc_column_text][\/vc_column][vc_column offset=&#8221;vc_hidden-lg vc_hidden-md vc_col-xs-12&#8243;][vc_column_text css=&#8221;.vc_custom_1680552320114{padding-right: 10px !important;padding-left: 10px !important;}&#8221;]<\/p>\n<h2 style=\"text-align: center; color: #474747;\" id=\"precifique-seus-produtos-de-forma-precisa-com-o-office-impresso\" >Precifique seus produtos de forma precisa com o Office Impresso<\/h2>\n<p>[\/vc_column_text][vc_separator][\/vc_column][\/vc_row][vc_row full_width=&#8221;stretch_row_content&#8221; equal_height=&#8221;yes&#8221; css=&#8221;.vc_custom_1676919941898{background-color: #ffffff !important;}&#8221;][vc_column width=&#8221;1\/2&#8243; offset=&#8221;vc_col-lg-6 vc_col-md-6 vc_hidden-sm vc_hidden-xs&#8221;][vc_single_image image=&#8221;9903&#8243; img_size=&#8221;180&#215;180&#8243; alignment=&#8221;center&#8221; css=&#8221;.vc_custom_1680015841371{margin-top: 15px !important;margin-right: 50px !important;margin-bottom: -35px !important;margin-left: 50px !important;}&#8221;][vc_column_text css=&#8221;.vc_custom_1680552356234{padding-top: 25px !important;padding-right: 50px !important;padding-bottom: 25px !important;padding-left: 50px !important;}&#8221;]<\/p>\n<h1 style=\"font-size: 25px; text-align: center; line-height: 35px; color: #474747;\" id=\"use-a-forma-mais-adequada-para-seu-produto\" >Use a forma mais adequada para seu produto<\/h1>\n<p style=\"text-align: center; color: #676767;\">O <strong>Office Impresso<\/strong> oferece uma ampla variedade de unidades de medida para que voc\u00ea possa escolher a mais adequada para seu produto. Al\u00e9m disso, a convers\u00e3o de unidades \u00e9 feita de forma simples e r\u00e1pida.<\/p>\n<p>[\/vc_column_text][\/vc_column][vc_column width=&#8221;1\/2&#8243; offset=&#8221;vc_col-lg-6 vc_col-md-6 vc_hidden-sm vc_hidden-xs&#8221;][vc_single_image image=&#8221;9689&#8243; img_size=&#8221;200&#215;200&#8243; alignment=&#8221;center&#8221; css=&#8221;.vc_custom_1680015274927{margin-right: 50px !important;margin-bottom: -35px !important;margin-left: 50px !important;}&#8221;][vc_column_text css=&#8221;.vc_custom_1680552379640{padding-top: 25px !important;padding-right: 50px !important;padding-bottom: 25px !important;padding-left: 50px !important;}&#8221;]<\/p>\n<h1 style=\"font-size: 25px; text-align: center; color: #474747;\" id=\"facilite-o-calculo-de-precos\" >Facilite o c\u00e1lculo de pre\u00e7os<\/h1>\n<p style=\"text-align: center; color: #676767;\">A convers\u00e3o de unidades de medida pode ser um c\u00e1lculo complicado e trabalhoso. No entanto, com o <strong>Office Impresso,<\/strong> esse processo \u00e9 automatizado, permitindo que voc\u00ea calcule os pre\u00e7os de forma mais r\u00e1pida e eficiente<\/p>\n<p>[\/vc_column_text][\/vc_column][\/vc_row][vc_row full_width=&#8221;stretch_row_content&#8221;][vc_column width=&#8221;1\/2&#8243; offset=&#8221;vc_hidden-sm vc_hidden-xs&#8221;][vc_single_image image=&#8221;10231&#8243; img_size=&#8221;200&#215;200&#8243; alignment=&#8221;center&#8221; css=&#8221;.vc_custom_1680021736321{margin-right: 50px !important;margin-bottom: -40px !important;margin-left: 50px !important;}&#8221;][vc_column_text css=&#8221;.vc_custom_1680552411610{padding-top: 25px !important;padding-right: 50px !important;padding-bottom: 25px !important;padding-left: 50px !important;}&#8221;]<\/p>\n<h1 style=\"font-size: 25px; text-align: center; line-height: 35px; color: #474747;\" id=\"multiplas-unidades-de-medida\" >M\u00faltiplas unidades de medida<\/h1>\n<p style=\"text-align: center; color: #676767;\">Com o <strong>Office Impresso<\/strong>, voc\u00ea pode escolher entre diversas unidades de medida, como quilogramas, litros, metros, entre outros, para utilizar na venda de seus produtos. Isso oferece mais flexibilidade para adaptar a medida correta para cada tipo de produto<\/p>\n<p>[\/vc_column_text][\/vc_column][vc_column width=&#8221;1\/2&#8243; offset=&#8221;vc_hidden-sm vc_hidden-xs&#8221;][vc_single_image image=&#8221;9779&#8243; img_size=&#8221;200&#215;200&#8243; alignment=&#8221;center&#8221; css=&#8221;.vc_custom_1680015407732{margin-right: 50px !important;margin-bottom: -35px !important;margin-left: 50px !important;}&#8221;][vc_column_text css=&#8221;.vc_custom_1680552433425{padding-top: 25px !important;padding-right: 50px !important;padding-bottom: 25px !important;padding-left: 50px !important;}&#8221;]<\/p>\n<h1 style=\"font-size: 25px; text-align: center; color: #474747;\" id=\"obtenha-uma-visao-clara-do-estoque\" >Obtenha uma vis\u00e3o clara do estoque<\/h1>\n<p style=\"text-align: center; color: #676767;\">Com o controle preciso das unidades de medida, o <strong>Office Impresso<\/strong> permite que voc\u00ea tenha uma vis\u00e3o clara do seu estoque em diferentes unidades, facilitando a tomada de decis\u00e3o em rela\u00e7\u00e3o \u00e0 compra e venda de produtos.<\/p>\n<p>[\/vc_column_text][\/vc_column][\/vc_row][vc_row full_width=&#8221;stretch_row_content&#8221; equal_height=&#8221;yes&#8221; css=&#8221;.vc_custom_1676920017047{background-color: #ffffff !important;}&#8221;][vc_column offset=&#8221;vc_hidden-lg vc_hidden-md vc_col-xs-12&#8243;][vc_single_image image=&#8221;9903&#8243; img_size=&#8221;180&#215;180&#8243; alignment=&#8221;center&#8221; css=&#8221;.vc_custom_1680015841371{margin-top: 15px !important;margin-right: 50px !important;margin-bottom: -35px !important;margin-left: 50px !important;}&#8221;][vc_column_text css=&#8221;.vc_custom_1680552471771{padding-top: 25px !important;padding-right: 10px !important;padding-bottom: 25px !important;padding-left: 10px !important;}&#8221;]<\/p>\n<h1 style=\"font-size: 25px; text-align: center; line-height: 35px; color: #474747;\" id=\"use-a-forma-mais-adequada-para-seu-produto\" >Use a forma mais adequada para seu produto<\/h1>\n<p style=\"text-align: center; color: #676767;\">O <strong>Office Impresso<\/strong> oferece uma ampla variedade de unidades de medida para que voc\u00ea possa escolher a mais adequada para seu produto. Al\u00e9m disso, a convers\u00e3o de unidades \u00e9 feita de forma simples e r\u00e1pida.<\/p>\n<p>[\/vc_column_text][\/vc_column][\/vc_row][vc_row full_width=&#8221;stretch_row_content&#8221; equal_height=&#8221;yes&#8221; css=&#8221;.vc_custom_1676920017047{background-color: #ffffff !important;}&#8221;][vc_column offset=&#8221;vc_hidden-lg vc_hidden-md vc_col-xs-12&#8243;][vc_single_image image=&#8221;10231&#8243; img_size=&#8221;200&#215;200&#8243; alignment=&#8221;center&#8221; css=&#8221;.vc_custom_1680021736321{margin-right: 50px !important;margin-bottom: -40px !important;margin-left: 50px !important;}&#8221;][vc_column_text css=&#8221;.vc_custom_1680552501480{padding-top: 25px !important;padding-right: 10px !important;padding-bottom: 25px !important;padding-left: 10px !important;}&#8221;]<\/p>\n<h1 style=\"font-size: 25px; text-align: center; color: #474747;\" id=\"multiplas-unidades-de-medida\" >M\u00faltiplas unidades de medida<\/h1>\n<p style=\"text-align: center; color: #676767;\">Com o <strong>Office Impresso,<\/strong> voc\u00ea pode escolher entre diversas unidades de medida, como quilogramas, litros, metros, entre outros, para utilizar na venda de seus produtos. Isso oferece mais flexibilidade para adaptar a medida correta para cada tipo de produto.<\/p>\n<p>[\/vc_column_text][\/vc_column][vc_column offset=&#8221;vc_hidden-lg vc_hidden-md vc_col-xs-12&#8243; css=&#8221;.vc_custom_1676920219749{background-color: #f4f4f4 !important;}&#8221;][vc_single_image image=&#8221;9689&#8243; img_size=&#8221;200&#215;200&#8243; alignment=&#8221;center&#8221; css=&#8221;.vc_custom_1680015274927{margin-right: 50px !important;margin-bottom: -35px !important;margin-left: 50px !important;}&#8221;][vc_column_text css=&#8221;.vc_custom_1680552537785{padding-top: 25px !important;padding-right: 10px !important;padding-bottom: 25px !important;padding-left: 10px !important;}&#8221;]<\/p>\n<h1 style=\"text-align: center; font-size: 25px; color: #474747;\" id=\"facilite-o-calculo-de-precos\" >Facilite o c\u00e1lculo de pre\u00e7os<\/h1>\n<p style=\"text-align: center; color: #676767;\">A convers\u00e3o de unidades de medida pode ser um c\u00e1lculo complicado e trabalhoso. No entanto, com o <strong>Office Impresso<\/strong>,\u00a0esse processo \u00e9 automatizado, permitindo que voc\u00ea calcule os pre\u00e7os de forma mais r\u00e1pida e eficiente.<\/p>\n<p>[\/vc_column_text][\/vc_column][\/vc_row][vc_row full_width=&#8221;stretch_row_content&#8221; equal_height=&#8221;yes&#8221; css=&#8221;.vc_custom_1676920017047{background-color: #ffffff !important;}&#8221;][vc_column offset=&#8221;vc_hidden-lg vc_hidden-md vc_col-xs-12&#8243;][vc_single_image image=&#8221;9779&#8243; img_size=&#8221;200&#215;200&#8243; alignment=&#8221;center&#8221; css=&#8221;.vc_custom_1680015407732{margin-right: 50px !important;margin-bottom: -35px !important;margin-left: 50px !important;}&#8221;][vc_column_text css=&#8221;.vc_custom_1680552919728{padding-top: 25px !important;padding-right: 10px !important;padding-bottom: 25px !important;padding-left: 10px !important;}&#8221;]<\/p>\n<h1 style=\"text-align: center; font-size: 25px; color: #474747;\" id=\"obtenha-uma-visao-clara-do-estoque\" >Obtenha uma vis\u00e3o clara do estoque<\/h1>\n<p style=\"text-align: center; color: #676767;\">Com o controle preciso das unidades de medida, o <strong>Office Impresso<\/strong> permite que voc\u00ea tenha uma vis\u00e3o clara do seu estoque em diferentes unidades, facilitando a tomada de decis\u00e3o em rela\u00e7\u00e3o \u00e0 compra e venda de produtos.<\/p>\n<p>[\/vc_column_text][\/vc_column][\/vc_row]<\/p>\n","protected":false},"excerpt":{"rendered":"<p>[vc_row full_width=&#8221;stretch_row_content&#8221; css=&#8221;.vc_custom_1676920898231{margin-top: -70px !important;padding-bottom: 50px !important;background-position: center !important;background-repeat: no-repeat !important;background-size: cover !important;}&#8221;][vc_column css=&#8221;.vc_custom_1680014758805{background-image: url(https:\/\/oimpresso.com\/ajuda\/wp-content\/uploads\/2023\/03\/Sub-unidade.png?id=10377) !important;background-position: center !important;background-repeat: no-repeat !important;background-size: cover !important;}&#8221; offset=&#8221;vc_hidden-md vc_hidden-sm vc_hidden-xs&#8221;][vc_column_text css=&#8221;.vc_custom_1680552195279{padding-left: 50px !important;}&#8221;] Sub-Unidade [\/vc_column_text][vc_column_text css=&#8221;.vc_custom_1680552222572{padding-right: 600px !important;padding-left: 50px !important;}&#8221;] Para auxiliar no controle de estoque e precifica\u00e7\u00e3o do produto, o Office Impresso permite a convers\u00e3o da unidade em que &hellip; <a href=\"https:\/\/oimpresso.com\/ajuda\/sub-unidade\/\">Continued<\/a><\/p>\n","protected":false},"author":8,"featured_media":0,"parent":0,"menu_order":0,"comment_status":"closed","ping_status":"closed","template":"","meta":{"_bbp_topic_count":0,"_bbp_reply_count":0,"_bbp_total_topic_count":0,"_bbp_total_reply_count":0,"_bbp_voice_count":0,"_bbp_anonymous_reply_count":0,"_bbp_topic_count_hidden":0,"_bbp_reply_count_hidden":0,"_bbp_forum_subforum_count":0,"om_disable_all_campaigns":false,"_mi_skip_tracking":false},"yoast_head":"<!-- This site is optimized with the Yoast SEO plugin v20.5 - https:\/\/yoast.com\/wordpress\/plugins\/seo\/ -->\n<title>Sub-Unidade<\/title>\n<meta name=\"robots\" content=\"index, follow, max-snippet:-1, max-image-preview:large, max-video-preview:-1\" \/>\n<link rel=\"canonical\" href=\"https:\/\/oimpresso.com\/ajuda\/sub-unidade\/\" \/>\n<meta property=\"og:locale\" content=\"pt_BR\" \/>\n<meta property=\"og:type\" content=\"article\" \/>\n<meta property=\"og:title\" content=\"Sub-Unidade\" \/>\n<meta property=\"og:description\" content=\"[vc_row full_width=&#8221;stretch_row_content&#8221; css=&#8221;.vc_custom_1676920898231{margin-top: -70px !important;padding-bottom: 50px !important;background-position: center !important;background-repeat: no-repeat !important;background-size: cover !important;}&#8221;][vc_column css=&#8221;.vc_custom_1680014758805{background-image: url(https:\/\/oimpresso.com\/ajuda\/wp-content\/uploads\/2023\/03\/Sub-unidade.png?id=10377) !important;background-position: center !important;background-repeat: no-repeat !important;background-size: cover !important;}&#8221; offset=&#8221;vc_hidden-md vc_hidden-sm vc_hidden-xs&#8221;][vc_column_text css=&#8221;.vc_custom_1680552195279{padding-left: 50px !important;}&#8221;] Sub-Unidade [\/vc_column_text][vc_column_text css=&#8221;.vc_custom_1680552222572{padding-right: 600px !important;padding-left: 50px !important;}&#8221;] Para auxiliar no controle de estoque e precifica\u00e7\u00e3o do produto, o Office Impresso permite a convers\u00e3o da unidade em que &hellip; Continued\" \/>\n<meta property=\"og:url\" content=\"https:\/\/oimpresso.com\/ajuda\/sub-unidade\/\" \/>\n<meta property=\"og:site_name\" content=\"Office Impresso\" \/>\n<meta property=\"article:modified_time\" content=\"2023-04-03T20:15:05+00:00\" \/>\n<meta name=\"twitter:card\" content=\"summary_large_image\" \/>\n<meta name=\"twitter:label1\" content=\"Est. tempo de leitura\" \/>\n\t<meta name=\"twitter:data1\" content=\"7 minutos\" \/>\n<script type=\"application\/ld+json\" class=\"yoast-schema-graph\">{\"@context\":\"https:\/\/schema.org\",\"@graph\":[{\"@type\":\"WebPage\",\"@id\":\"https:\/\/oimpresso.com\/ajuda\/sub-unidade\/\",\"url\":\"https:\/\/oimpresso.com\/ajuda\/sub-unidade\/\",\"name\":\"Sub-Unidade\",\"isPartOf\":{\"@id\":\"https:\/\/oimpresso.com\/ajuda\/#website\"},\"datePublished\":\"2023-01-16T19:39:18+00:00\",\"dateModified\":\"2023-04-03T20:15:05+00:00\",\"breadcrumb\":{\"@id\":\"https:\/\/oimpresso.com\/ajuda\/sub-unidade\/#breadcrumb\"},\"inLanguage\":\"pt-BR\",\"potentialAction\":[{\"@type\":\"ReadAction\",\"target\":[\"https:\/\/oimpresso.com\/ajuda\/sub-unidade\/\"]}]},{\"@type\":\"BreadcrumbList\",\"@id\":\"https:\/\/oimpresso.com\/ajuda\/sub-unidade\/#breadcrumb\",\"itemListElement\":[{\"@type\":\"ListItem\",\"position\":1,\"name\":\"In\u00edcio\",\"item\":\"https:\/\/oimpresso.com\/ajuda\/\"},{\"@type\":\"ListItem\",\"position\":2,\"name\":\"Sub-Unidade\"}]},{\"@type\":\"WebSite\",\"@id\":\"https:\/\/oimpresso.com\/ajuda\/#website\",\"url\":\"https:\/\/oimpresso.com\/ajuda\/\",\"name\":\"Office Impresso\",\"description\":\"Portal de Ajuda\",\"publisher\":{\"@id\":\"https:\/\/oimpresso.com\/ajuda\/#organization\"},\"potentialAction\":[{\"@type\":\"SearchAction\",\"target\":{\"@type\":\"EntryPoint\",\"urlTemplate\":\"https:\/\/oimpresso.com\/ajuda\/?s={search_term_string}\"},\"query-input\":\"required name=search_term_string\"}],\"inLanguage\":\"pt-BR\"},{\"@type\":\"Organization\",\"@id\":\"https:\/\/oimpresso.com\/ajuda\/#organization\",\"name\":\"Office Impresso\",\"url\":\"https:\/\/oimpresso.com\/ajuda\/\",\"logo\":{\"@type\":\"ImageObject\",\"inLanguage\":\"pt-BR\",\"@id\":\"https:\/\/oimpresso.com\/ajuda\/#\/schema\/logo\/image\/\",\"url\":\"https:\/\/oimpresso.com\/ajuda\/wp-content\/uploads\/2023\/04\/LOGO-PRETA-Office-Impresso-e1680706829226.png\",\"contentUrl\":\"https:\/\/oimpresso.com\/ajuda\/wp-content\/uploads\/2023\/04\/LOGO-PRETA-Office-Impresso-e1680706829226.png\",\"width\":275,\"height\":77,\"caption\":\"Office Impresso\"},\"image\":{\"@id\":\"https:\/\/oimpresso.com\/ajuda\/#\/schema\/logo\/image\/\"}}]}<\/script>\n<!-- \/ Yoast SEO plugin. -->","yoast_head_json":{"title":"Sub-Unidade","robots":{"index":"index","follow":"follow","max-snippet":"max-snippet:-1","max-image-preview":"max-image-preview:large","max-video-preview":"max-video-preview:-1"},"canonical":"https:\/\/oimpresso.com\/ajuda\/sub-unidade\/","og_locale":"pt_BR","og_type":"article","og_title":"Sub-Unidade","og_description":"[vc_row full_width=&#8221;stretch_row_content&#8221; css=&#8221;.vc_custom_1676920898231{margin-top: -70px !important;padding-bottom: 50px !important;background-position: center !important;background-repeat: no-repeat !important;background-size: cover !important;}&#8221;][vc_column css=&#8221;.vc_custom_1680014758805{background-image: url(https:\/\/oimpresso.com\/ajuda\/wp-content\/uploads\/2023\/03\/Sub-unidade.png?id=10377) !important;background-position: center !important;background-repeat: no-repeat !important;background-size: cover !important;}&#8221; offset=&#8221;vc_hidden-md vc_hidden-sm vc_hidden-xs&#8221;][vc_column_text css=&#8221;.vc_custom_1680552195279{padding-left: 50px !important;}&#8221;] Sub-Unidade [\/vc_column_text][vc_column_text css=&#8221;.vc_custom_1680552222572{padding-right: 600px !important;padding-left: 50px !important;}&#8221;] Para auxiliar no controle de estoque e precifica\u00e7\u00e3o do produto, o Office Impresso permite a convers\u00e3o da unidade em que &hellip; Continued","og_url":"https:\/\/oimpresso.com\/ajuda\/sub-unidade\/","og_site_name":"Office Impresso","article_modified_time":"2023-04-03T20:15:05+00:00","twitter_card":"summary_large_image","twitter_misc":{"Est. tempo de leitura":"7 minutos"},"schema":{"@context":"https:\/\/schema.org","@graph":[{"@type":"WebPage","@id":"https:\/\/oimpresso.com\/ajuda\/sub-unidade\/","url":"https:\/\/oimpresso.com\/ajuda\/sub-unidade\/","name":"Sub-Unidade","isPartOf":{"@id":"https:\/\/oimpresso.com\/ajuda\/#website"},"datePublished":"2023-01-16T19:39:18+00:00","dateModified":"2023-04-03T20:15:05+00:00","breadcrumb":{"@id":"https:\/\/oimpresso.com\/ajuda\/sub-unidade\/#breadcrumb"},"inLanguage":"pt-BR","potentialAction":[{"@type":"ReadAction","target":["https:\/\/oimpresso.com\/ajuda\/sub-unidade\/"]}]},{"@type":"BreadcrumbList","@id":"https:\/\/oimpresso.com\/ajuda\/sub-unidade\/#breadcrumb","itemListElement":[{"@type":"ListItem","position":1,"name":"In\u00edcio","item":"https:\/\/oimpresso.com\/ajuda\/"},{"@type":"ListItem","position":2,"name":"Sub-Unidade"}]},{"@type":"WebSite","@id":"https:\/\/oimpresso.com\/ajuda\/#website","url":"https:\/\/oimpresso.com\/ajuda\/","name":"Office Impresso","description":"Portal de Ajuda","publisher":{"@id":"https:\/\/oimpresso.com\/ajuda\/#organization"},"potentialAction":[{"@type":"SearchAction","target":{"@type":"EntryPoint","urlTemplate":"https:\/\/oimpresso.com\/ajuda\/?s={search_term_string}"},"query-input":"required name=search_term_string"}],"inLanguage":"pt-BR"},{"@type":"Organization","@id":"https:\/\/oimpresso.com\/ajuda\/#organization","name":"Office Impresso","url":"https:\/\/oimpresso.com\/ajuda\/","logo":{"@type":"ImageObject","inLanguage":"pt-BR","@id":"https:\/\/oimpresso.com\/ajuda\/#\/schema\/logo\/image\/","url":"https:\/\/oimpresso.com\/ajuda\/wp-content\/uploads\/2023\/04\/LOGO-PRETA-Office-Impresso-e1680706829226.png","contentUrl":"https:\/\/oimpresso.com\/ajuda\/wp-content\/uploads\/2023\/04\/LOGO-PRETA-Office-Impresso-e1680706829226.png","width":275,"height":77,"caption":"Office Impresso"},"image":{"@id":"https:\/\/oimpresso.com\/ajuda\/#\/schema\/logo\/image\/"}}]}},"_links":{"self":[{"href":"https:\/\/oimpresso.com\/ajuda\/wp-json\/wp\/v2\/pages\/7738"}],"collection":[{"href":"https:\/\/oimpresso.com\/ajuda\/wp-json\/wp\/v2\/pages"}],"about":[{"href":"https:\/\/oimpresso.com\/ajuda\/wp-json\/wp\/v2\/types\/page"}],"author":[{"embeddable":true,"href":"https:\/\/oimpresso.com\/ajuda\/wp-json\/wp\/v2\/users\/8"}],"replies":[{"embeddable":true,"href":"https:\/\/oimpresso.com\/ajuda\/wp-json\/wp\/v2\/comments?post=7738"}],"version-history":[{"count":16,"href":"https:\/\/oimpresso.com\/ajuda\/wp-json\/wp\/v2\/pages\/7738\/revisions"}],"predecessor-version":[{"id":10888,"href":"https:\/\/oimpresso.com\/ajuda\/wp-json\/wp\/v2\/pages\/7738\/revisions\/10888"}],"wp:attachment":[{"href":"https:\/\/oimpresso.com\/ajuda\/wp-json\/wp\/v2\/media?parent=7738"}],"curies":[{"name":"wp","href":"https:\/\/api.w.org\/{rel}","templated":true}]}}