{"id":7736,"date":"2023-01-16T16:38:58","date_gmt":"2023-01-16T19:38:58","guid":{"rendered":"https:\/\/oimpresso.com\/ajuda\/?page_id=7736"},"modified":"2023-04-03T16:20:07","modified_gmt":"2023-04-03T19:20:07","slug":"composicao","status":"publish","type":"page","link":"https:\/\/oimpresso.com\/ajuda\/composicao\/","title":{"rendered":"Composi\u00e7\u00e3o"},"content":{"rendered":"<p>[vc_row full_width=&#8221;stretch_row_content&#8221; css=&#8221;.vc_custom_1676920898231{margin-top: -70px !important;padding-bottom: 50px !important;background-position: center !important;background-repeat: no-repeat !important;background-size: cover !important;}&#8221;][vc_column css=&#8221;.vc_custom_1678907412921{background-image: url(https:\/\/oimpresso.com\/ajuda\/wp-content\/uploads\/2023\/03\/Composicao.png?id=9871) !important;background-position: center !important;background-repeat: no-repeat !important;background-size: cover !important;}&#8221; offset=&#8221;vc_hidden-md vc_hidden-sm vc_hidden-xs&#8221;][vc_column_text css=&#8221;.vc_custom_1680549141724{padding-left: 50px !important;}&#8221;]<\/p>\n<h1 style=\"color: #474747;\" id=\"composicao\" >Composi\u00e7\u00e3o<\/h1>\n<p>[\/vc_column_text][vc_column_text css=&#8221;.vc_custom_1680549208524{padding-right: 600px !important;padding-left: 50px !important;}&#8221;]<\/p>\n<p style=\"color: #575757; font-size: 20px;\">Com o Office Impresso voc\u00ea consegue montar seus pr\u00f3prios produtos! Atrav\u00e9s da Composi\u00e7\u00e3o \u00e9 poss\u00edvel elaborar o pre\u00e7o final do produto adicionando as mat\u00e9rias primas e servi\u00e7os j\u00e1 cadastrados que ir\u00e3o compor a mercadoria.<\/p>\n<p>[\/vc_column_text][vc_column_text css=&#8221;.vc_custom_1680549244606{padding-right: 630px !important;padding-left: 50px !important;}&#8221;]<\/p>\n<p style=\"color: #676767;\">Fazendo bom uso desse aplicativo \u00e9 poss\u00edvel agilizar os processos de or\u00e7amento e venda e manter a organiza\u00e7\u00e3o do estoque.<\/p>\n<p>[\/vc_column_text][vc_column_text css=&#8221;.vc_custom_1680204185239{padding-left: 50px !important;}&#8221;]<a class=\"fancybox-iframe\" style=\"display: flex; align-items: center; justify-content: center; width: 100%; max-width: 200px; height: 45px; border-radius: 25px; background: #80387B; background-image: linear-gradient(to bottom, #80387B, #CF61CA); border: none; color: #ffffff; font-size: 16px; cursor: pointer; text-align: center; text-decoration: none;\" href=\"https:\/\/oimpresso.com\/ajuda\/solicitar-proposta\/\">Experimente Agora<\/a>[\/vc_column_text][\/vc_column][\/vc_row][vc_row full_width=&#8221;stretch_row_content&#8221; css=&#8221;.vc_custom_1676921146248{margin-top: -20px !important;padding-bottom: 50px !important;background-position: center !important;background-repeat: no-repeat !important;background-size: cover !important;}&#8221;][vc_column css=&#8221;.vc_custom_1678907432586{background-image: url(https:\/\/oimpresso.com\/ajuda\/wp-content\/uploads\/2023\/03\/Composicao.png?id=9871) !important;background-position: center !important;background-repeat: no-repeat !important;background-size: cover !important;}&#8221; offset=&#8221;vc_hidden-lg vc_hidden-sm vc_hidden-xs&#8221;][vc_column_text css=&#8221;.vc_custom_1680549141724{padding-left: 50px !important;}&#8221;]<\/p>\n<h1 style=\"color: #474747;\" id=\"composicao\" >Composi\u00e7\u00e3o<\/h1>\n<p>[\/vc_column_text][vc_column_text css=&#8221;.vc_custom_1680549208524{padding-right: 600px !important;padding-left: 50px !important;}&#8221;]<\/p>\n<p style=\"color: #575757; font-size: 20px;\">Com o Office Impresso voc\u00ea consegue montar seus pr\u00f3prios produtos! Atrav\u00e9s da Composi\u00e7\u00e3o \u00e9 poss\u00edvel elaborar o pre\u00e7o final do produto adicionando as mat\u00e9rias primas e servi\u00e7os j\u00e1 cadastrados que ir\u00e3o compor a mercadoria.<\/p>\n<p>[\/vc_column_text][vc_column_text css=&#8221;.vc_custom_1680549244606{padding-right: 630px !important;padding-left: 50px !important;}&#8221;]<\/p>\n<p style=\"color: #676767;\">Fazendo bom uso desse aplicativo \u00e9 poss\u00edvel agilizar os processos de or\u00e7amento e venda e manter a organiza\u00e7\u00e3o do estoque.<\/p>\n<p>[\/vc_column_text][vc_column_text css=&#8221;.vc_custom_1680204150496{padding-left: 50px !important;}&#8221;]<a class=\"fancybox-iframe\" style=\"display: flex; align-items: center; justify-content: center; width: 100%; max-width: 200px; height: 45px; border-radius: 25px; background: #80387B; background-image: linear-gradient(to bottom, #80387B, #CF61CA); border: none; color: #ffffff; font-size: 16px; cursor: pointer; text-align: center; text-decoration: none;\" href=\"https:\/\/oimpresso.com\/ajuda\/solicitar-proposta\/\">Experimente Agora<\/a>[\/vc_column_text][\/vc_column][\/vc_row][vc_row full_width=&#8221;stretch_row_content&#8221; css=&#8221;.vc_custom_1676921326147{margin-top: -65px !important;padding-bottom: 50px !important;background-position: center !important;background-repeat: no-repeat !important;background-size: cover !important;}&#8221;][vc_column css=&#8221;.vc_custom_1676921921382{background-position: center !important;background-repeat: no-repeat !important;background-size: cover !important;}&#8221; offset=&#8221;vc_hidden-lg vc_hidden-md vc_col-xs-12&#8243;][vc_column_text css=&#8221;.vc_custom_1680549332653{padding-right: 10px !important;padding-left: 10px !important;}&#8221;]<\/p>\n<h1 style=\"color: #474747; text-align: center;\" id=\"composicao\" >Composi\u00e7\u00e3o<\/h1>\n<p>[\/vc_column_text][vc_column_text css=&#8221;.vc_custom_1680549341101{padding-right: 10px !important;padding-left: 10px !important;}&#8221;]<\/p>\n<p style=\"color: #575757; font-size: 20px; text-align: center;\">Com o Office Impresso voc\u00ea consegue montar seus pr\u00f3prios produtos! Atrav\u00e9s da Composi\u00e7\u00e3o \u00e9 poss\u00edvel elaborar o pre\u00e7o final do produto adicionando as mat\u00e9rias primas e servi\u00e7os j\u00e1 cadastrados que ir\u00e3o compor a mercadoria.<\/p>\n<p>[\/vc_column_text][vc_column_text css=&#8221;.vc_custom_1680549351597{padding-right: 10px !important;padding-left: 10px !important;}&#8221;]<\/p>\n<p style=\"color: #676767; text-align: center;\">Fazendo bom uso desse aplicativo \u00e9 poss\u00edvel agilizar os processos de or\u00e7amento e venda e manter a organiza\u00e7\u00e3o do estoque.<\/p>\n<p>[\/vc_column_text][vc_column_text css=&#8221;.vc_custom_1680203952417{margin-top: 20px !important;}&#8221;]<a style=\"width: 190px; height: 45px; border-radius: 25px; background: #80387B; background-image: linear-gradient(to bottom, #80387B, #CF61CA); border: none; color: #FFFFFF; font-size: 16px; cursor: pointer; display: flex; justify-content: center; align-items: center; margin: 0 auto; text-decoration: none;\" href=\"https:\/\/oimpresso.com\/ajuda\/solicitar-proposta\/;\">Experimente Agora<\/a>[\/vc_column_text][\/vc_column][vc_column offset=&#8221;vc_hidden-lg vc_hidden-md vc_col-xs-12&#8243; css=&#8221;.vc_custom_1678907452514{background-image: url(https:\/\/oimpresso.com\/ajuda\/wp-content\/uploads\/2023\/03\/Composicao-Mobile.png?id=9870) !important;background-position: center !important;background-repeat: no-repeat !important;background-size: cover !important;}&#8221;][vc_empty_space height=&#8221;300&#8243;][\/vc_column][\/vc_row][vc_row full_width=&#8221;stretch_row_content&#8221; content_placement=&#8221;middle&#8221;][vc_column offset=&#8221;vc_hidden-sm vc_col-xs-12 vc_hidden-xs&#8221;][vc_column_text css=&#8221;.vc_custom_1680549398182{padding-right: 50px !important;padding-left: 50px !important;}&#8221;]<\/p>\n<h2 style=\"text-align: center; color: #474747;\" id=\"crie-produtos-variados-com-o-office-impresso-com-facilidade\" >Crie produtos variados com o Office Impresso com facilidade<\/h2>\n<p>[\/vc_column_text][\/vc_column][vc_column offset=&#8221;vc_hidden-lg vc_hidden-md vc_col-xs-12&#8243;][vc_column_text css=&#8221;.vc_custom_1680549413780{padding-right: 10px !important;padding-left: 10px !important;}&#8221;]<\/p>\n<h2 style=\"text-align: center; color: #474747;\" id=\"crie-produtos-variados-com-o-office-impresso-com-facilidade\" >Crie produtos variados com o Office Impresso com facilidade<\/h2>\n<p>[\/vc_column_text][vc_separator][\/vc_column][\/vc_row][vc_row full_width=&#8221;stretch_row_content&#8221; equal_height=&#8221;yes&#8221; css=&#8221;.vc_custom_1676919941898{background-color: #ffffff !important;}&#8221;][vc_column width=&#8221;1\/2&#8243; offset=&#8221;vc_col-lg-6 vc_col-md-6 vc_hidden-sm vc_hidden-xs&#8221;][vc_single_image image=&#8221;10207&#8243; img_size=&#8221;200&#215;200&#8243; alignment=&#8221;center&#8221; css=&#8221;.vc_custom_1679492182444{margin-bottom: -35px !important;padding-right: 50px !important;padding-left: 50px !important;}&#8221;][vc_column_text css=&#8221;.vc_custom_1680549463780{padding-top: 25px !important;padding-right: 50px !important;padding-bottom: 25px !important;padding-left: 50px !important;}&#8221;]<\/p>\n<h1 style=\"font-size: 25px; text-align: center; line-height: 35px; color: #474747;\" id=\"gerencie-as-materias-primas-de-forma-simples-e-rapida\" >Gerencie as mat\u00e9rias-primas de forma simples e r\u00e1pida<\/h1>\n<p style=\"text-align: center; color: #676767;\">O recurso de Composi\u00e7\u00e3o permite que voc\u00ea adicione e gerencie as mat\u00e9rias-primas e servi\u00e7os j\u00e1 cadastrados, para que voc\u00ea possa elaborar o pre\u00e7o final do produto de forma simples e r\u00e1pida.<\/p>\n<p>[\/vc_column_text][\/vc_column][vc_column width=&#8221;1\/2&#8243; offset=&#8221;vc_col-lg-6 vc_col-md-6 vc_hidden-sm vc_hidden-xs&#8221;][vc_single_image image=&#8221;10209&#8243; img_size=&#8221;200&#215;200&#8243; alignment=&#8221;center&#8221; css=&#8221;.vc_custom_1679495126040{margin-bottom: -35px !important;padding-right: 50px !important;padding-left: 50px !important;}&#8221;][vc_column_text css=&#8221;.vc_custom_1680549504543{padding-top: 25px !important;padding-right: 50px !important;padding-bottom: 25px !important;padding-left: 50px !important;}&#8221;]<\/p>\n<h1 style=\"font-size: 25px; text-align: center; line-height: 35px; color: #474747;\" id=\"variedade-de-materiais-e-servicos\" >Variedade de materiais e servi\u00e7os<\/h1>\n<p style=\"text-align: center; color: #676767;\">Com o <strong>Office Impresso<\/strong>, voc\u00ea pode criar uma ampla variedade de materiais e servi\u00e7os para compor o seu produto.<\/p>\n<p>[\/vc_column_text][\/vc_column][\/vc_row][vc_row full_width=&#8221;stretch_row_content&#8221; equal_height=&#8221;yes&#8221; css=&#8221;.vc_custom_1676920017047{background-color: #ffffff !important;}&#8221;][vc_column offset=&#8221;vc_hidden-lg vc_hidden-md vc_col-xs-12&#8243;][vc_single_image image=&#8221;10207&#8243; img_size=&#8221;200&#215;200&#8243; alignment=&#8221;center&#8221; css=&#8221;.vc_custom_1679492182444{margin-bottom: -35px !important;padding-right: 50px !important;padding-left: 50px !important;}&#8221;][vc_column_text css=&#8221;.vc_custom_1680549531611{padding-top: 25px !important;padding-right: 10px !important;padding-bottom: 25px !important;padding-left: 10px !important;}&#8221;]<\/p>\n<h1 style=\"font-size: 25px; text-align: center; line-height: 35px; color: #474747;\" id=\"gerencie-as-materias-primas-de-forma-simples-e-rapida\" >Gerencie as mat\u00e9rias-primas de forma simples e r\u00e1pida<\/h1>\n<p style=\"text-align: center; color: #676767;\">O recurso de Composi\u00e7\u00e3o permite que voc\u00ea adicione e gerencie as mat\u00e9rias-primas e servi\u00e7os j\u00e1 cadastrados, para que voc\u00ea possa elaborar o pre\u00e7o final do produto de forma simples e r\u00e1pida.<\/p>\n<p>[\/vc_column_text][\/vc_column][vc_column offset=&#8221;vc_hidden-lg vc_hidden-md vc_col-xs-12&#8243; css=&#8221;.vc_custom_1676920219749{background-color: #f4f4f4 !important;}&#8221;][vc_single_image image=&#8221;10209&#8243; img_size=&#8221;200&#215;200&#8243; alignment=&#8221;center&#8221; css=&#8221;.vc_custom_1679495126040{margin-bottom: -35px !important;padding-right: 50px !important;padding-left: 50px !important;}&#8221;][vc_column_text css=&#8221;.vc_custom_1680549550163{padding-top: 25px !important;padding-right: 10px !important;padding-bottom: 25px !important;padding-left: 10px !important;}&#8221;]<\/p>\n<h1 style=\"font-size: 25px; text-align: center; line-height: 35px; color: #474747;\" id=\"variedade-de-materiais-e-servicos\" >Variedade de materiais e servi\u00e7os<\/h1>\n<p style=\"text-align: center; color: #676767;\">Com o <strong>Office Impresso<\/strong>, voc\u00ea pode criar uma ampla variedade de materiais e servi\u00e7os para compor o seu produto.<\/p>\n<p>[\/vc_column_text][\/vc_column][\/vc_row][vc_row][vc_column][vc_column_text css=&#8221;.vc_custom_1680549627706{padding-right: 50px !important;padding-left: 50px !important;}&#8221;]<\/p>\n<p style=\"color: #474747;\"><strong>As mat\u00e9rias-primas da comunica\u00e7\u00e3o visual s\u00e3o os materiais utilizados para produzir e transmitir mensagens visuais aos espectadores. Alguns exemplos incluem:<\/strong><\/p>\n<ul style=\"color: #676767;\">\n<li>Papel: o papel \u00e9 um dos materiais mais comuns na comunica\u00e7\u00e3o visual, sendo utilizado para imprimir cartazes, folhetos, folders, convites, entre outros.<\/li>\n<li>Tinta: a tinta \u00e9 utilizada para imprimir textos e imagens em diversos tipos de materiais, incluindo papel, tecido, pl\u00e1stico, metal, entre outros.<\/li>\n<li>Tela: a tela \u00e9 um suporte para a exibi\u00e7\u00e3o de imagens, sendo amplamente utilizada em televisores, monitores de computador, projetores, entre outros.<\/li>\n<li>Vinil: o vinil \u00e9 um material pl\u00e1stico utilizado na produ\u00e7\u00e3o de adesivos, placas e banners, sendo muito utilizado na comunica\u00e7\u00e3o visual externa.<\/li>\n<li>Madeira: a madeira \u00e9 um material utilizado para a produ\u00e7\u00e3o de placas, displays, suportes para banners, entre outros.<\/li>\n<li>Metal: o metal \u00e9 um material utilizado para a produ\u00e7\u00e3o de placas, letras, logotipos e outros elementos da comunica\u00e7\u00e3o visual, sendo muito utilizado em ambientes corporativos.<\/li>\n<li>Vidro: o vidro \u00e9 um material utilizado para a produ\u00e7\u00e3o de displays, placas e pain\u00e9is, sendo muito utilizado em fachadas de lojas e pr\u00e9dios comerciais.<\/li>\n<li>Tecido: o tecido \u00e9 um material utilizado na produ\u00e7\u00e3o de banners, displays, bandeiras, entre outros elementos da comunica\u00e7\u00e3o visual.<\/li>\n<\/ul>\n<p>[\/vc_column_text][\/vc_column][\/vc_row]<\/p>\n","protected":false},"excerpt":{"rendered":"<p>[vc_row full_width=&#8221;stretch_row_content&#8221; css=&#8221;.vc_custom_1676920898231{margin-top: -70px !important;padding-bottom: 50px !important;background-position: center !important;background-repeat: no-repeat !important;background-size: cover !important;}&#8221;][vc_column css=&#8221;.vc_custom_1678907412921{background-image: url(https:\/\/oimpresso.com\/ajuda\/wp-content\/uploads\/2023\/03\/Composicao.png?id=9871) !important;background-position: center !important;background-repeat: no-repeat !important;background-size: cover !important;}&#8221; offset=&#8221;vc_hidden-md vc_hidden-sm vc_hidden-xs&#8221;][vc_column_text css=&#8221;.vc_custom_1680549141724{padding-left: 50px !important;}&#8221;] Composi\u00e7\u00e3o [\/vc_column_text][vc_column_text css=&#8221;.vc_custom_1680549208524{padding-right: 600px !important;padding-left: 50px !important;}&#8221;] Com o Office Impresso voc\u00ea consegue montar seus pr\u00f3prios produtos! Atrav\u00e9s da Composi\u00e7\u00e3o \u00e9 poss\u00edvel elaborar o pre\u00e7o final do &hellip; <a href=\"https:\/\/oimpresso.com\/ajuda\/composicao\/\">Continued<\/a><\/p>\n","protected":false},"author":8,"featured_media":0,"parent":0,"menu_order":0,"comment_status":"closed","ping_status":"closed","template":"","meta":{"_bbp_topic_count":0,"_bbp_reply_count":0,"_bbp_total_topic_count":0,"_bbp_total_reply_count":0,"_bbp_voice_count":0,"_bbp_anonymous_reply_count":0,"_bbp_topic_count_hidden":0,"_bbp_reply_count_hidden":0,"_bbp_forum_subforum_count":0,"om_disable_all_campaigns":false,"_mi_skip_tracking":false},"yoast_head":"<!-- This site is optimized with the Yoast SEO plugin v20.5 - https:\/\/yoast.com\/wordpress\/plugins\/seo\/ -->\n<title>Composi\u00e7\u00e3o<\/title>\n<meta name=\"robots\" content=\"index, follow, max-snippet:-1, max-image-preview:large, max-video-preview:-1\" \/>\n<link rel=\"canonical\" href=\"https:\/\/oimpresso.com\/ajuda\/composicao\/\" \/>\n<meta property=\"og:locale\" content=\"pt_BR\" \/>\n<meta property=\"og:type\" content=\"article\" \/>\n<meta property=\"og:title\" content=\"Composi\u00e7\u00e3o\" \/>\n<meta property=\"og:description\" content=\"[vc_row full_width=&#8221;stretch_row_content&#8221; css=&#8221;.vc_custom_1676920898231{margin-top: -70px !important;padding-bottom: 50px !important;background-position: center !important;background-repeat: no-repeat !important;background-size: cover !important;}&#8221;][vc_column css=&#8221;.vc_custom_1678907412921{background-image: url(https:\/\/oimpresso.com\/ajuda\/wp-content\/uploads\/2023\/03\/Composicao.png?id=9871) !important;background-position: center !important;background-repeat: no-repeat !important;background-size: cover !important;}&#8221; offset=&#8221;vc_hidden-md vc_hidden-sm vc_hidden-xs&#8221;][vc_column_text css=&#8221;.vc_custom_1680549141724{padding-left: 50px !important;}&#8221;] Composi\u00e7\u00e3o [\/vc_column_text][vc_column_text css=&#8221;.vc_custom_1680549208524{padding-right: 600px !important;padding-left: 50px !important;}&#8221;] Com o Office Impresso voc\u00ea consegue montar seus pr\u00f3prios produtos! Atrav\u00e9s da Composi\u00e7\u00e3o \u00e9 poss\u00edvel elaborar o pre\u00e7o final do &hellip; Continued\" \/>\n<meta property=\"og:url\" content=\"https:\/\/oimpresso.com\/ajuda\/composicao\/\" \/>\n<meta property=\"og:site_name\" content=\"Office Impresso\" \/>\n<meta property=\"article:modified_time\" content=\"2023-04-03T19:20:07+00:00\" \/>\n<meta name=\"twitter:card\" content=\"summary_large_image\" \/>\n<meta name=\"twitter:label1\" content=\"Est. tempo de leitura\" \/>\n\t<meta name=\"twitter:data1\" content=\"7 minutos\" \/>\n<script type=\"application\/ld+json\" class=\"yoast-schema-graph\">{\"@context\":\"https:\/\/schema.org\",\"@graph\":[{\"@type\":\"WebPage\",\"@id\":\"https:\/\/oimpresso.com\/ajuda\/composicao\/\",\"url\":\"https:\/\/oimpresso.com\/ajuda\/composicao\/\",\"name\":\"Composi\u00e7\u00e3o\",\"isPartOf\":{\"@id\":\"https:\/\/oimpresso.com\/ajuda\/#website\"},\"datePublished\":\"2023-01-16T19:38:58+00:00\",\"dateModified\":\"2023-04-03T19:20:07+00:00\",\"breadcrumb\":{\"@id\":\"https:\/\/oimpresso.com\/ajuda\/composicao\/#breadcrumb\"},\"inLanguage\":\"pt-BR\",\"potentialAction\":[{\"@type\":\"ReadAction\",\"target\":[\"https:\/\/oimpresso.com\/ajuda\/composicao\/\"]}]},{\"@type\":\"BreadcrumbList\",\"@id\":\"https:\/\/oimpresso.com\/ajuda\/composicao\/#breadcrumb\",\"itemListElement\":[{\"@type\":\"ListItem\",\"position\":1,\"name\":\"In\u00edcio\",\"item\":\"https:\/\/oimpresso.com\/ajuda\/\"},{\"@type\":\"ListItem\",\"position\":2,\"name\":\"Composi\u00e7\u00e3o\"}]},{\"@type\":\"WebSite\",\"@id\":\"https:\/\/oimpresso.com\/ajuda\/#website\",\"url\":\"https:\/\/oimpresso.com\/ajuda\/\",\"name\":\"Office Impresso\",\"description\":\"Portal de Ajuda\",\"publisher\":{\"@id\":\"https:\/\/oimpresso.com\/ajuda\/#organization\"},\"potentialAction\":[{\"@type\":\"SearchAction\",\"target\":{\"@type\":\"EntryPoint\",\"urlTemplate\":\"https:\/\/oimpresso.com\/ajuda\/?s={search_term_string}\"},\"query-input\":\"required name=search_term_string\"}],\"inLanguage\":\"pt-BR\"},{\"@type\":\"Organization\",\"@id\":\"https:\/\/oimpresso.com\/ajuda\/#organization\",\"name\":\"Office Impresso\",\"url\":\"https:\/\/oimpresso.com\/ajuda\/\",\"logo\":{\"@type\":\"ImageObject\",\"inLanguage\":\"pt-BR\",\"@id\":\"https:\/\/oimpresso.com\/ajuda\/#\/schema\/logo\/image\/\",\"url\":\"https:\/\/oimpresso.com\/ajuda\/wp-content\/uploads\/2023\/04\/LOGO-PRETA-Office-Impresso-e1680706829226.png\",\"contentUrl\":\"https:\/\/oimpresso.com\/ajuda\/wp-content\/uploads\/2023\/04\/LOGO-PRETA-Office-Impresso-e1680706829226.png\",\"width\":275,\"height\":77,\"caption\":\"Office Impresso\"},\"image\":{\"@id\":\"https:\/\/oimpresso.com\/ajuda\/#\/schema\/logo\/image\/\"}}]}<\/script>\n<!-- \/ Yoast SEO plugin. -->","yoast_head_json":{"title":"Composi\u00e7\u00e3o","robots":{"index":"index","follow":"follow","max-snippet":"max-snippet:-1","max-image-preview":"max-image-preview:large","max-video-preview":"max-video-preview:-1"},"canonical":"https:\/\/oimpresso.com\/ajuda\/composicao\/","og_locale":"pt_BR","og_type":"article","og_title":"Composi\u00e7\u00e3o","og_description":"[vc_row full_width=&#8221;stretch_row_content&#8221; css=&#8221;.vc_custom_1676920898231{margin-top: -70px !important;padding-bottom: 50px !important;background-position: center !important;background-repeat: no-repeat !important;background-size: cover !important;}&#8221;][vc_column css=&#8221;.vc_custom_1678907412921{background-image: url(https:\/\/oimpresso.com\/ajuda\/wp-content\/uploads\/2023\/03\/Composicao.png?id=9871) !important;background-position: center !important;background-repeat: no-repeat !important;background-size: cover !important;}&#8221; offset=&#8221;vc_hidden-md vc_hidden-sm vc_hidden-xs&#8221;][vc_column_text css=&#8221;.vc_custom_1680549141724{padding-left: 50px !important;}&#8221;] Composi\u00e7\u00e3o [\/vc_column_text][vc_column_text css=&#8221;.vc_custom_1680549208524{padding-right: 600px !important;padding-left: 50px !important;}&#8221;] Com o Office Impresso voc\u00ea consegue montar seus pr\u00f3prios produtos! Atrav\u00e9s da Composi\u00e7\u00e3o \u00e9 poss\u00edvel elaborar o pre\u00e7o final do &hellip; Continued","og_url":"https:\/\/oimpresso.com\/ajuda\/composicao\/","og_site_name":"Office Impresso","article_modified_time":"2023-04-03T19:20:07+00:00","twitter_card":"summary_large_image","twitter_misc":{"Est. tempo de leitura":"7 minutos"},"schema":{"@context":"https:\/\/schema.org","@graph":[{"@type":"WebPage","@id":"https:\/\/oimpresso.com\/ajuda\/composicao\/","url":"https:\/\/oimpresso.com\/ajuda\/composicao\/","name":"Composi\u00e7\u00e3o","isPartOf":{"@id":"https:\/\/oimpresso.com\/ajuda\/#website"},"datePublished":"2023-01-16T19:38:58+00:00","dateModified":"2023-04-03T19:20:07+00:00","breadcrumb":{"@id":"https:\/\/oimpresso.com\/ajuda\/composicao\/#breadcrumb"},"inLanguage":"pt-BR","potentialAction":[{"@type":"ReadAction","target":["https:\/\/oimpresso.com\/ajuda\/composicao\/"]}]},{"@type":"BreadcrumbList","@id":"https:\/\/oimpresso.com\/ajuda\/composicao\/#breadcrumb","itemListElement":[{"@type":"ListItem","position":1,"name":"In\u00edcio","item":"https:\/\/oimpresso.com\/ajuda\/"},{"@type":"ListItem","position":2,"name":"Composi\u00e7\u00e3o"}]},{"@type":"WebSite","@id":"https:\/\/oimpresso.com\/ajuda\/#website","url":"https:\/\/oimpresso.com\/ajuda\/","name":"Office Impresso","description":"Portal de Ajuda","publisher":{"@id":"https:\/\/oimpresso.com\/ajuda\/#organization"},"potentialAction":[{"@type":"SearchAction","target":{"@type":"EntryPoint","urlTemplate":"https:\/\/oimpresso.com\/ajuda\/?s={search_term_string}"},"query-input":"required name=search_term_string"}],"inLanguage":"pt-BR"},{"@type":"Organization","@id":"https:\/\/oimpresso.com\/ajuda\/#organization","name":"Office Impresso","url":"https:\/\/oimpresso.com\/ajuda\/","logo":{"@type":"ImageObject","inLanguage":"pt-BR","@id":"https:\/\/oimpresso.com\/ajuda\/#\/schema\/logo\/image\/","url":"https:\/\/oimpresso.com\/ajuda\/wp-content\/uploads\/2023\/04\/LOGO-PRETA-Office-Impresso-e1680706829226.png","contentUrl":"https:\/\/oimpresso.com\/ajuda\/wp-content\/uploads\/2023\/04\/LOGO-PRETA-Office-Impresso-e1680706829226.png","width":275,"height":77,"caption":"Office Impresso"},"image":{"@id":"https:\/\/oimpresso.com\/ajuda\/#\/schema\/logo\/image\/"}}]}},"_links":{"self":[{"href":"https:\/\/oimpresso.com\/ajuda\/wp-json\/wp\/v2\/pages\/7736"}],"collection":[{"href":"https:\/\/oimpresso.com\/ajuda\/wp-json\/wp\/v2\/pages"}],"about":[{"href":"https:\/\/oimpresso.com\/ajuda\/wp-json\/wp\/v2\/types\/page"}],"author":[{"embeddable":true,"href":"https:\/\/oimpresso.com\/ajuda\/wp-json\/wp\/v2\/users\/8"}],"replies":[{"embeddable":true,"href":"https:\/\/oimpresso.com\/ajuda\/wp-json\/wp\/v2\/comments?post=7736"}],"version-history":[{"count":10,"href":"https:\/\/oimpresso.com\/ajuda\/wp-json\/wp\/v2\/pages\/7736\/revisions"}],"predecessor-version":[{"id":10882,"href":"https:\/\/oimpresso.com\/ajuda\/wp-json\/wp\/v2\/pages\/7736\/revisions\/10882"}],"wp:attachment":[{"href":"https:\/\/oimpresso.com\/ajuda\/wp-json\/wp\/v2\/media?parent=7736"}],"curies":[{"name":"wp","href":"https:\/\/api.w.org\/{rel}","templated":true}]}}