{"id":7734,"date":"2023-01-16T16:38:32","date_gmt":"2023-01-16T19:38:32","guid":{"rendered":"https:\/\/oimpresso.com\/ajuda\/?page_id=7734"},"modified":"2023-04-03T16:04:39","modified_gmt":"2023-04-03T19:04:39","slug":"balanco-de-estoque","status":"publish","type":"page","link":"https:\/\/oimpresso.com\/ajuda\/balanco-de-estoque\/","title":{"rendered":"Balan\u00e7o de Estoque"},"content":{"rendered":"<p>[vc_row full_width=&#8221;stretch_row_content&#8221; css=&#8221;.vc_custom_1676920898231{margin-top: -70px !important;padding-bottom: 50px !important;background-position: center !important;background-repeat: no-repeat !important;background-size: cover !important;}&#8221;][vc_column css=&#8221;.vc_custom_1678904714257{background-image: url(https:\/\/oimpresso.com\/ajuda\/wp-content\/uploads\/2023\/03\/Balanco-de-estoque.png?id=9862) !important;background-position: center !important;background-repeat: no-repeat !important;background-size: cover !important;}&#8221; offset=&#8221;vc_hidden-md vc_hidden-sm vc_hidden-xs&#8221;][vc_column_text css=&#8221;.vc_custom_1680547684739{padding-left: 50px !important;}&#8221;]<\/p>\n<h1 style=\"color: #474747;\" id=\"balanco-de-estoque\" >Balan\u00e7o de estoque<\/h1>\n<p>[\/vc_column_text][vc_column_text css=&#8221;.vc_custom_1680547806135{padding-right: 600px !important;padding-left: 50px !important;}&#8221;]<\/p>\n<p style=\"color: #575757; font-size: 20px;\">Compare a quantidade em estoque com a real existente nas prateleiras de sua empresa atrav\u00e9s do balan\u00e7o de estoque e insira as quantidades conferidas, contando com o Office para atualizar as informa\u00e7\u00f5es automaticamente!<\/p>\n<p>[\/vc_column_text][vc_column_text css=&#8221;.vc_custom_1680547910544{padding-right: 630px !important;padding-left: 50px !important;}&#8221;]<\/p>\n<p style=\"color: #676767;\">Evite falhas e atrasos em futuras vendas e compras por desconhecer o saldo de seus produtos e mat\u00e9rias-primas.<\/p>\n<p>[\/vc_column_text][vc_column_text css=&#8221;.vc_custom_1680203651945{padding-left: 50px !important;}&#8221;]<a class=\"fancybox-iframe\" style=\"display: flex; align-items: center; justify-content: center; width: 100%; max-width: 200px; height: 45px; border-radius: 25px; background: #80387B; background-image: linear-gradient(to bottom, #80387B, #CF61CA); border: none; color: #ffffff; font-size: 16px; cursor: pointer; text-align: center; text-decoration: none;\" href=\"https:\/\/oimpresso.com\/ajuda\/solicitar-proposta\/\">Entramos em Contato<\/a>[\/vc_column_text][\/vc_column][\/vc_row][vc_row full_width=&#8221;stretch_row_content&#8221; css=&#8221;.vc_custom_1676921146248{margin-top: -20px !important;padding-bottom: 50px !important;background-position: center !important;background-repeat: no-repeat !important;background-size: cover !important;}&#8221;][vc_column css=&#8221;.vc_custom_1678904733881{background-image: url(https:\/\/oimpresso.com\/ajuda\/wp-content\/uploads\/2023\/03\/Balanco-de-estoque.png?id=9862) !important;background-position: center !important;background-repeat: no-repeat !important;background-size: cover !important;}&#8221; offset=&#8221;vc_hidden-lg vc_hidden-sm vc_hidden-xs&#8221;][vc_column_text css=&#8221;.vc_custom_1680547684739{padding-left: 50px !important;}&#8221;]<\/p>\n<h1 style=\"color: #474747;\" id=\"balanco-de-estoque\" >Balan\u00e7o de estoque<\/h1>\n<p>[\/vc_column_text][vc_column_text css=&#8221;.vc_custom_1680547806135{padding-right: 600px !important;padding-left: 50px !important;}&#8221;]<\/p>\n<p style=\"color: #575757; font-size: 20px;\">Compare a quantidade em estoque com a real existente nas prateleiras de sua empresa atrav\u00e9s do balan\u00e7o de estoque e insira as quantidades conferidas, contando com o Office para atualizar as informa\u00e7\u00f5es automaticamente!<\/p>\n<p>[\/vc_column_text][vc_column_text css=&#8221;.vc_custom_1680547910544{padding-right: 630px !important;padding-left: 50px !important;}&#8221;]<\/p>\n<p style=\"color: #676767;\">Evite falhas e atrasos em futuras vendas e compras por desconhecer o saldo de seus produtos e mat\u00e9rias-primas.<\/p>\n<p>[\/vc_column_text][vc_column_text css=&#8221;.vc_custom_1680203585025{padding-left: 50px !important;}&#8221;]<a class=\"fancybox-iframe\" style=\"display: flex; align-items: center; justify-content: center; width: 100%; max-width: 200px; height: 45px; border-radius: 25px; background: #80387B; background-image: linear-gradient(to bottom, #80387B, #CF61CA); border: none; color: #ffffff; font-size: 16px; cursor: pointer; text-align: center; text-decoration: none;\" href=\"https:\/\/oimpresso.com\/ajuda\/solicitar-proposta\/\">Entramos em Contato<\/a>[\/vc_column_text][\/vc_column][\/vc_row][vc_row full_width=&#8221;stretch_row_content&#8221; css=&#8221;.vc_custom_1676921326147{margin-top: -65px !important;padding-bottom: 50px !important;background-position: center !important;background-repeat: no-repeat !important;background-size: cover !important;}&#8221;][vc_column css=&#8221;.vc_custom_1676921921382{background-position: center !important;background-repeat: no-repeat !important;background-size: cover !important;}&#8221; offset=&#8221;vc_hidden-lg vc_hidden-md vc_col-xs-12&#8243;][vc_column_text css=&#8221;.vc_custom_1680548021455{padding-right: 10px !important;padding-left: 10px !important;}&#8221;]<\/p>\n<h1 style=\"color: #474747; text-align: center;\" id=\"balanco-de-estoque\" >Balan\u00e7o de estoque<\/h1>\n<p>[\/vc_column_text][vc_column_text css=&#8221;.vc_custom_1680548010583{padding-right: 10px !important;padding-left: 10px !important;}&#8221;]<\/p>\n<p style=\"color: #575757; font-size: 20px; text-align: center;\">Compare a quantidade em estoque com a real existente nas prateleiras de sua empresa atrav\u00e9s do balan\u00e7o de estoque e insira as quantidades conferidas, contando com o Office para atualizar as informa\u00e7\u00f5es automaticamente!<\/p>\n<p>[\/vc_column_text][vc_column_text css=&#8221;.vc_custom_1680547995799{padding-right: 10px !important;padding-left: 10px !important;}&#8221;]<\/p>\n<p style=\"color: #676767; text-align: center;\">Evite falhas e atrasos em futuras vendas e compras por desconhecer o saldo de seus produtos e mat\u00e9rias-primas.<\/p>\n<p>[\/vc_column_text][vc_column_text css=&#8221;.vc_custom_1680203502774{margin-top: 20px !important;}&#8221;]<a style=\"width: 190px; height: 45px; border-radius: 25px; background: #80387B; background-image: linear-gradient(to bottom, #80387B, #CF61CA); border: none; color: #FFFFFF; font-size: 16px; cursor: pointer; display: flex; justify-content: center; align-items: center; margin: 0 auto; text-decoration: none;\" href=\"https:\/\/oimpresso.com\/ajuda\/solicitar-proposta\/;\">Entramos em Contato<\/a>[\/vc_column_text][\/vc_column][vc_column offset=&#8221;vc_hidden-lg vc_hidden-md vc_col-xs-12&#8243; css=&#8221;.vc_custom_1678904536929{background-image: url(https:\/\/oimpresso.com\/ajuda\/wp-content\/uploads\/2023\/03\/Balanco-de-estoque-Mobile.png?id=9860) !important;background-position: center !important;background-repeat: no-repeat !important;background-size: cover !important;}&#8221;][vc_empty_space height=&#8221;250px&#8221;][\/vc_column][\/vc_row][vc_row full_width=&#8221;stretch_row_content&#8221; content_placement=&#8221;middle&#8221;][vc_column offset=&#8221;vc_hidden-sm vc_col-xs-12 vc_hidden-xs&#8221;][vc_column_text css=&#8221;.vc_custom_1680548065597{padding-right: 50px !important;padding-left: 50px !important;}&#8221;]<\/p>\n<h2 style=\"text-align: center; color: #474747;\" id=\"com-office-impresso-faca-balancos-de-estoque-de-forma-rapida-e-facil\" >Com Office Impresso fa\u00e7a balan\u00e7os de estoque de forma r\u00e1pida e f\u00e1cil<\/h2>\n<p>[\/vc_column_text][\/vc_column][vc_column offset=&#8221;vc_hidden-lg vc_hidden-md vc_col-xs-12&#8243;][vc_column_text css=&#8221;.vc_custom_1680548085309{padding-right: 10px !important;padding-left: 10px !important;}&#8221;]<\/p>\n<h2 style=\"text-align: center; color: #474747;\" id=\"com-office-impresso-faca-balancos-de-estoque-de-forma-rapida-e-facil\" >Com Office Impresso fa\u00e7a balan\u00e7os de estoque de forma r\u00e1pida e f\u00e1cil<\/h2>\n<p>[\/vc_column_text][vc_separator][\/vc_column][\/vc_row][vc_row full_width=&#8221;stretch_row_content&#8221; equal_height=&#8221;yes&#8221; css=&#8221;.vc_custom_1676920017047{background-color: #ffffff !important;}&#8221;][vc_column offset=&#8221;vc_hidden-lg vc_hidden-md vc_col-xs-12&#8243;][vc_single_image image=&#8221;10328&#8243; img_size=&#8221;200&#215;200&#8243; alignment=&#8221;center&#8221; css=&#8221;.vc_custom_1680013100145{margin-right: 50px !important;margin-bottom: -35px !important;margin-left: 50px !important;}&#8221;][\/vc_column][vc_column offset=&#8221;vc_hidden-lg vc_hidden-md vc_col-xs-12&#8243; css=&#8221;.vc_custom_1676920219749{background-color: #f4f4f4 !important;}&#8221;][vc_column_text css=&#8221;.vc_custom_1680548557142{padding-right: 10px !important;padding-left: 10px !important;}&#8221;]<\/p>\n<h2 style=\"text-align: center; color: #474747;\" id=\"otimize-a-gestao-do-seu-estoque\" >Otimize a gest\u00e3o do seu estoque<\/h2>\n<p style=\"text-align: center; color: #676767;\">Com o <strong>Office Impresso<\/strong>, \u00e9 poss\u00edvel realizar o balan\u00e7o de estoque de forma pr\u00e1tica e eficiente. Ao realizar a contagem f\u00edsica dos produtos, o usu\u00e1rio pode inserir as quantidades conferidas diretamente no sistema, atualizando automaticamente as informa\u00e7\u00f5es do estoque.<\/p>\n<p>[\/vc_column_text][vc_column_text css=&#8221;.vc_custom_1680548508431{padding-right: 10px !important;padding-left: 10px !important;}&#8221;]<\/p>\n<div class=\"w-full border-b border-black\/10 dark:border-gray-900\/50 text-gray-800 dark:text-gray-100 group bg-gray-50 dark:bg-[#444654]\">\n<div class=\"text-base gap-4 md:gap-6 m-auto md:max-w-2xl lg:max-w-2xl xl:max-w-3xl p-4 md:py-6 flex lg:px-0\">\n<div class=\"relative flex w-[calc(100%-50px)] flex-col gap-1 md:gap-3 lg:w-[calc(100%-115px)]\">\n<div class=\"flex flex-grow flex-col gap-3\">\n<div class=\"min-h-[20px] flex flex-col items-start gap-4 whitespace-pre-wrap\">\n<div class=\"markdown prose w-full break-words dark:prose-invert dark\">\n<ul style=\"color: #676767;\">\n<li>O balan\u00e7o de estoque \u00e9 uma ferramenta importante para a gest\u00e3o de estoque de uma empresa;<\/li>\n<li>Ele permite comparar a quantidade de produtos registrados no sistema com a quantidade real existente nas prateleiras da empresa;<\/li>\n<li>Com o balan\u00e7o de estoque, \u00e9 poss\u00edvel identificar poss\u00edveis discrep\u00e2ncias e ajustar o registro no sistema para refletir a quantidade real;<\/li>\n<li>O <strong>Office Impresso<\/strong> pode auxiliar no processo de balan\u00e7o de estoque ao permitir a inser\u00e7\u00e3o das quantidades conferidas de forma r\u00e1pida e eficiente;<\/li>\n<li>Al\u00e9m disso, o <strong>Office<\/strong> <strong>Impresso <\/strong>pode atualizar automaticamente as informa\u00e7\u00f5es, evitando falhas e atrasos em futuras vendas e compras por desconhecer o saldo de produtos e mat\u00e9rias-primas;<\/li>\n<li>Manter um balan\u00e7o de estoque atualizado \u00e9 fundamental para evitar a falta ou excesso de produtos ou mat\u00e9rias-primas;<\/li>\n<li>Com o uso do <strong>Office Impresso<\/strong> para o balan\u00e7o de estoque, a empresa pode economizar tempo e recursos, al\u00e9m de garantir uma gest\u00e3o de estoque mais eficiente e precisa.\n<div class=\"flex flex-grow flex-col gap-3\">\n<div class=\"min-h-[20px] flex flex-col items-start gap-4 whitespace-pre-wrap\">\n<div class=\"markdown prose w-full break-words dark:prose-invert dark\"><\/div>\n<\/div>\n<\/div>\n<\/li>\n<\/ul>\n<\/div>\n<\/div>\n<\/div>\n<\/div>\n<\/div>\n<\/div>\n<p>[\/vc_column_text][vc_single_image image=&#8221;9889&#8243; img_size=&#8221;200&#215;200&#8243; alignment=&#8221;center&#8221; css=&#8221;.vc_custom_1680013016064{margin-right: 50px !important;margin-bottom: -35px !important;margin-left: 50px !important;}&#8221;][vc_column_text css=&#8221;.vc_custom_1680548546784{padding-right: 10px !important;padding-left: 10px !important;}&#8221;]<\/p>\n<h2 style=\"text-align: center; color: #474747;\" id=\"evite-falhas-e-atrasos\" >Evite falhas e atrasos<\/h2>\n<p style=\"text-align: center; color: #676767;\">Ao realizar um balan\u00e7o de estoque com o <strong>Office Impresso<\/strong>, \u00e9 poss\u00edvel evitar falhas e atrasos em futuras vendas e compras, j\u00e1 que se sabe exatamente a quantidade de produtos dispon\u00edveis para serem comercializados.<\/p>\n<p>[\/vc_column_text][\/vc_column][\/vc_row][vc_row full_width=&#8221;stretch_row_content&#8221;][vc_column width=&#8221;1\/2&#8243; offset=&#8221;vc_hidden-sm vc_hidden-xs&#8221;][vc_single_image image=&#8221;10328&#8243; img_size=&#8221;200&#215;200&#8243; alignment=&#8221;center&#8221; css=&#8221;.vc_custom_1680013100145{margin-right: 50px !important;margin-bottom: -35px !important;margin-left: 50px !important;}&#8221;][vc_column_text css=&#8221;.vc_custom_1680548591752{margin-right: 50px !important;margin-left: 50px !important;}&#8221;]<\/p>\n<h2 style=\"text-align: center; color: #474747;\" id=\"otimize-a-gestao-do-seu-estoque\" >Otimize a gest\u00e3o do seu estoque<\/h2>\n<p style=\"text-align: center; color: #676767;\">Com o <strong>Office Impresso<\/strong>, \u00e9 poss\u00edvel realizar o balan\u00e7o de estoque de forma pr\u00e1tica e eficiente. Ao realizar a contagem f\u00edsica dos produtos, o usu\u00e1rio pode inserir as quantidades conferidas diretamente no sistema, atualizando automaticamente as informa\u00e7\u00f5es do estoque.<\/p>\n<p>[\/vc_column_text][\/vc_column][vc_column width=&#8221;1\/2&#8243; offset=&#8221;vc_hidden-sm vc_hidden-xs&#8221;][vc_single_image image=&#8221;9889&#8243; img_size=&#8221;200&#215;200&#8243; alignment=&#8221;center&#8221; css=&#8221;.vc_custom_1680013016064{margin-right: 50px !important;margin-bottom: -35px !important;margin-left: 50px !important;}&#8221;][vc_column_text css=&#8221;.vc_custom_1680548686045{margin-right: 50px !important;margin-left: 50px !important;}&#8221;]<\/p>\n<h2 style=\"text-align: center; color: #474747;\" id=\"evite-falhas-e-atrasos\" >Evite falhas e atrasos<\/h2>\n<p style=\"text-align: center; color: #676767;\">Ao realizar um balan\u00e7o de estoque com o <strong>Office Impresso<\/strong>, \u00e9 poss\u00edvel evitar falhas e atrasos em futuras vendas e compras, j\u00e1 que se sabe exatamente a quantidade de produtos dispon\u00edveis para serem comercializados.<\/p>\n<p>[\/vc_column_text][\/vc_column][\/vc_row][vc_row full_width=&#8221;stretch_row_content&#8221;][vc_column width=&#8221;1\/2&#8243;][vc_column_text css=&#8221;.vc_custom_1680548638551{margin-right: 50px !important;margin-left: 50px !important;}&#8221;]<\/p>\n<div class=\"w-full border-b border-black\/10 dark:border-gray-900\/50 text-gray-800 dark:text-gray-100 group bg-gray-50 dark:bg-[#444654]\">\n<div class=\"text-base gap-4 md:gap-6 m-auto md:max-w-2xl lg:max-w-2xl xl:max-w-3xl p-4 md:py-6 flex lg:px-0\">\n<div class=\"relative flex w-[calc(100%-50px)] flex-col gap-1 md:gap-3 lg:w-[calc(100%-115px)]\">\n<div class=\"flex flex-grow flex-col gap-3\">\n<div class=\"min-h-[20px] flex flex-col items-start gap-4 whitespace-pre-wrap\">\n<div class=\"markdown prose w-full break-words dark:prose-invert dark\">\n<ul style=\"color: #676767;\">\n<li>O balan\u00e7o de estoque \u00e9 uma ferramenta importante para a gest\u00e3o de estoque de uma empresa;<\/li>\n<li>Ele permite comparar a quantidade de produtos registrados no sistema com a quantidade real existente nas prateleiras da empresa;<\/li>\n<li>Com o balan\u00e7o de estoque, \u00e9 poss\u00edvel identificar poss\u00edveis discrep\u00e2ncias e ajustar o registro no sistema para refletir a quantidade real;<\/li>\n<li>O <strong>Office Impresso<\/strong> pode auxiliar no processo de balan\u00e7o de estoque ao permitir a inser\u00e7\u00e3o das quantidades conferidas de forma r\u00e1pida e eficiente;<\/li>\n<\/ul>\n<\/div>\n<\/div>\n<\/div>\n<\/div>\n<\/div>\n<\/div>\n<p>[\/vc_column_text][\/vc_column][vc_column width=&#8221;1\/2&#8243;][vc_column_text css=&#8221;.vc_custom_1680548668109{margin-right: 50px !important;margin-left: 50px !important;}&#8221;]<\/p>\n<div class=\"flex flex-grow flex-col gap-3\">\n<div class=\"min-h-[20px] flex flex-col items-start gap-4 whitespace-pre-wrap\">\n<div class=\"markdown prose w-full break-words dark:prose-invert dark\">\n<ul style=\"color: #676767;\">\n<li>Al\u00e9m disso, o <strong>Office<\/strong> <strong>Impresso <\/strong>pode atualizar automaticamente as informa\u00e7\u00f5es, evitando falhas e atrasos em futuras vendas e compras por desconhecer o saldo de produtos e mat\u00e9rias-primas;<\/li>\n<li>Manter um balan\u00e7o de estoque atualizado \u00e9 fundamental para evitar a falta ou excesso de produtos ou mat\u00e9rias-primas;<\/li>\n<li>Com o uso do <strong>Office Impresso<\/strong> para o balan\u00e7o de estoque, a empresa pode economizar tempo e recursos, al\u00e9m de garantir uma gest\u00e3o de estoque mais eficiente e precisa.<\/li>\n<\/ul>\n<\/div>\n<\/div>\n<\/div>\n<div class=\"flex justify-between\">\n<div class=\"text-gray-400 flex self-end lg:self-center justify-center mt-2 gap-3 md:gap-4 lg:gap-1 lg:absolute lg:top-0 lg:translate-x-full lg:right-0 lg:mt-0 lg:pl-2 visible\"><\/div>\n<\/div>\n<p>[\/vc_column_text][\/vc_column][\/vc_row]<\/p>\n","protected":false},"excerpt":{"rendered":"<p>[vc_row full_width=&#8221;stretch_row_content&#8221; css=&#8221;.vc_custom_1676920898231{margin-top: -70px !important;padding-bottom: 50px !important;background-position: center !important;background-repeat: no-repeat !important;background-size: cover !important;}&#8221;][vc_column css=&#8221;.vc_custom_1678904714257{background-image: url(https:\/\/oimpresso.com\/ajuda\/wp-content\/uploads\/2023\/03\/Balanco-de-estoque.png?id=9862) !important;background-position: center !important;background-repeat: no-repeat !important;background-size: cover !important;}&#8221; offset=&#8221;vc_hidden-md vc_hidden-sm vc_hidden-xs&#8221;][vc_column_text css=&#8221;.vc_custom_1680547684739{padding-left: 50px !important;}&#8221;] Balan\u00e7o de estoque [\/vc_column_text][vc_column_text css=&#8221;.vc_custom_1680547806135{padding-right: 600px !important;padding-left: 50px !important;}&#8221;] Compare a quantidade em estoque com a real existente nas prateleiras de sua empresa atrav\u00e9s do balan\u00e7o de &hellip; <a href=\"https:\/\/oimpresso.com\/ajuda\/balanco-de-estoque\/\">Continued<\/a><\/p>\n","protected":false},"author":8,"featured_media":0,"parent":0,"menu_order":0,"comment_status":"closed","ping_status":"closed","template":"","meta":{"_bbp_topic_count":0,"_bbp_reply_count":0,"_bbp_total_topic_count":0,"_bbp_total_reply_count":0,"_bbp_voice_count":0,"_bbp_anonymous_reply_count":0,"_bbp_topic_count_hidden":0,"_bbp_reply_count_hidden":0,"_bbp_forum_subforum_count":0,"om_disable_all_campaigns":false,"_mi_skip_tracking":false},"yoast_head":"<!-- This site is optimized with the Yoast SEO plugin v20.5 - https:\/\/yoast.com\/wordpress\/plugins\/seo\/ -->\n<title>Balan\u00e7o de Estoque<\/title>\n<meta name=\"robots\" content=\"index, follow, max-snippet:-1, max-image-preview:large, max-video-preview:-1\" \/>\n<link rel=\"canonical\" href=\"https:\/\/oimpresso.com\/ajuda\/balanco-de-estoque\/\" \/>\n<meta property=\"og:locale\" content=\"pt_BR\" \/>\n<meta property=\"og:type\" content=\"article\" \/>\n<meta property=\"og:title\" content=\"Balan\u00e7o de Estoque\" \/>\n<meta property=\"og:description\" content=\"[vc_row full_width=&#8221;stretch_row_content&#8221; css=&#8221;.vc_custom_1676920898231{margin-top: -70px !important;padding-bottom: 50px !important;background-position: center !important;background-repeat: no-repeat !important;background-size: cover !important;}&#8221;][vc_column css=&#8221;.vc_custom_1678904714257{background-image: url(https:\/\/oimpresso.com\/ajuda\/wp-content\/uploads\/2023\/03\/Balanco-de-estoque.png?id=9862) !important;background-position: center !important;background-repeat: no-repeat !important;background-size: cover !important;}&#8221; offset=&#8221;vc_hidden-md vc_hidden-sm vc_hidden-xs&#8221;][vc_column_text css=&#8221;.vc_custom_1680547684739{padding-left: 50px !important;}&#8221;] Balan\u00e7o de estoque [\/vc_column_text][vc_column_text css=&#8221;.vc_custom_1680547806135{padding-right: 600px !important;padding-left: 50px !important;}&#8221;] Compare a quantidade em estoque com a real existente nas prateleiras de sua empresa atrav\u00e9s do balan\u00e7o de &hellip; Continued\" \/>\n<meta property=\"og:url\" content=\"https:\/\/oimpresso.com\/ajuda\/balanco-de-estoque\/\" \/>\n<meta property=\"og:site_name\" content=\"Office Impresso\" \/>\n<meta property=\"article:modified_time\" content=\"2023-04-03T19:04:39+00:00\" \/>\n<meta name=\"twitter:card\" content=\"summary_large_image\" \/>\n<meta name=\"twitter:label1\" content=\"Est. tempo de leitura\" \/>\n\t<meta name=\"twitter:data1\" content=\"7 minutos\" \/>\n<script type=\"application\/ld+json\" class=\"yoast-schema-graph\">{\"@context\":\"https:\/\/schema.org\",\"@graph\":[{\"@type\":\"WebPage\",\"@id\":\"https:\/\/oimpresso.com\/ajuda\/balanco-de-estoque\/\",\"url\":\"https:\/\/oimpresso.com\/ajuda\/balanco-de-estoque\/\",\"name\":\"Balan\u00e7o de Estoque\",\"isPartOf\":{\"@id\":\"https:\/\/oimpresso.com\/ajuda\/#website\"},\"datePublished\":\"2023-01-16T19:38:32+00:00\",\"dateModified\":\"2023-04-03T19:04:39+00:00\",\"breadcrumb\":{\"@id\":\"https:\/\/oimpresso.com\/ajuda\/balanco-de-estoque\/#breadcrumb\"},\"inLanguage\":\"pt-BR\",\"potentialAction\":[{\"@type\":\"ReadAction\",\"target\":[\"https:\/\/oimpresso.com\/ajuda\/balanco-de-estoque\/\"]}]},{\"@type\":\"BreadcrumbList\",\"@id\":\"https:\/\/oimpresso.com\/ajuda\/balanco-de-estoque\/#breadcrumb\",\"itemListElement\":[{\"@type\":\"ListItem\",\"position\":1,\"name\":\"In\u00edcio\",\"item\":\"https:\/\/oimpresso.com\/ajuda\/\"},{\"@type\":\"ListItem\",\"position\":2,\"name\":\"Balan\u00e7o de Estoque\"}]},{\"@type\":\"WebSite\",\"@id\":\"https:\/\/oimpresso.com\/ajuda\/#website\",\"url\":\"https:\/\/oimpresso.com\/ajuda\/\",\"name\":\"Office Impresso\",\"description\":\"Portal de Ajuda\",\"publisher\":{\"@id\":\"https:\/\/oimpresso.com\/ajuda\/#organization\"},\"potentialAction\":[{\"@type\":\"SearchAction\",\"target\":{\"@type\":\"EntryPoint\",\"urlTemplate\":\"https:\/\/oimpresso.com\/ajuda\/?s={search_term_string}\"},\"query-input\":\"required name=search_term_string\"}],\"inLanguage\":\"pt-BR\"},{\"@type\":\"Organization\",\"@id\":\"https:\/\/oimpresso.com\/ajuda\/#organization\",\"name\":\"Office Impresso\",\"url\":\"https:\/\/oimpresso.com\/ajuda\/\",\"logo\":{\"@type\":\"ImageObject\",\"inLanguage\":\"pt-BR\",\"@id\":\"https:\/\/oimpresso.com\/ajuda\/#\/schema\/logo\/image\/\",\"url\":\"https:\/\/oimpresso.com\/ajuda\/wp-content\/uploads\/2023\/04\/LOGO-PRETA-Office-Impresso-e1680706829226.png\",\"contentUrl\":\"https:\/\/oimpresso.com\/ajuda\/wp-content\/uploads\/2023\/04\/LOGO-PRETA-Office-Impresso-e1680706829226.png\",\"width\":275,\"height\":77,\"caption\":\"Office Impresso\"},\"image\":{\"@id\":\"https:\/\/oimpresso.com\/ajuda\/#\/schema\/logo\/image\/\"}}]}<\/script>\n<!-- \/ Yoast SEO plugin. -->","yoast_head_json":{"title":"Balan\u00e7o de Estoque","robots":{"index":"index","follow":"follow","max-snippet":"max-snippet:-1","max-image-preview":"max-image-preview:large","max-video-preview":"max-video-preview:-1"},"canonical":"https:\/\/oimpresso.com\/ajuda\/balanco-de-estoque\/","og_locale":"pt_BR","og_type":"article","og_title":"Balan\u00e7o de Estoque","og_description":"[vc_row full_width=&#8221;stretch_row_content&#8221; css=&#8221;.vc_custom_1676920898231{margin-top: -70px !important;padding-bottom: 50px !important;background-position: center !important;background-repeat: no-repeat !important;background-size: cover !important;}&#8221;][vc_column css=&#8221;.vc_custom_1678904714257{background-image: url(https:\/\/oimpresso.com\/ajuda\/wp-content\/uploads\/2023\/03\/Balanco-de-estoque.png?id=9862) !important;background-position: center !important;background-repeat: no-repeat !important;background-size: cover !important;}&#8221; offset=&#8221;vc_hidden-md vc_hidden-sm vc_hidden-xs&#8221;][vc_column_text css=&#8221;.vc_custom_1680547684739{padding-left: 50px !important;}&#8221;] Balan\u00e7o de estoque [\/vc_column_text][vc_column_text css=&#8221;.vc_custom_1680547806135{padding-right: 600px !important;padding-left: 50px !important;}&#8221;] Compare a quantidade em estoque com a real existente nas prateleiras de sua empresa atrav\u00e9s do balan\u00e7o de &hellip; Continued","og_url":"https:\/\/oimpresso.com\/ajuda\/balanco-de-estoque\/","og_site_name":"Office Impresso","article_modified_time":"2023-04-03T19:04:39+00:00","twitter_card":"summary_large_image","twitter_misc":{"Est. tempo de leitura":"7 minutos"},"schema":{"@context":"https:\/\/schema.org","@graph":[{"@type":"WebPage","@id":"https:\/\/oimpresso.com\/ajuda\/balanco-de-estoque\/","url":"https:\/\/oimpresso.com\/ajuda\/balanco-de-estoque\/","name":"Balan\u00e7o de Estoque","isPartOf":{"@id":"https:\/\/oimpresso.com\/ajuda\/#website"},"datePublished":"2023-01-16T19:38:32+00:00","dateModified":"2023-04-03T19:04:39+00:00","breadcrumb":{"@id":"https:\/\/oimpresso.com\/ajuda\/balanco-de-estoque\/#breadcrumb"},"inLanguage":"pt-BR","potentialAction":[{"@type":"ReadAction","target":["https:\/\/oimpresso.com\/ajuda\/balanco-de-estoque\/"]}]},{"@type":"BreadcrumbList","@id":"https:\/\/oimpresso.com\/ajuda\/balanco-de-estoque\/#breadcrumb","itemListElement":[{"@type":"ListItem","position":1,"name":"In\u00edcio","item":"https:\/\/oimpresso.com\/ajuda\/"},{"@type":"ListItem","position":2,"name":"Balan\u00e7o de Estoque"}]},{"@type":"WebSite","@id":"https:\/\/oimpresso.com\/ajuda\/#website","url":"https:\/\/oimpresso.com\/ajuda\/","name":"Office Impresso","description":"Portal de Ajuda","publisher":{"@id":"https:\/\/oimpresso.com\/ajuda\/#organization"},"potentialAction":[{"@type":"SearchAction","target":{"@type":"EntryPoint","urlTemplate":"https:\/\/oimpresso.com\/ajuda\/?s={search_term_string}"},"query-input":"required name=search_term_string"}],"inLanguage":"pt-BR"},{"@type":"Organization","@id":"https:\/\/oimpresso.com\/ajuda\/#organization","name":"Office Impresso","url":"https:\/\/oimpresso.com\/ajuda\/","logo":{"@type":"ImageObject","inLanguage":"pt-BR","@id":"https:\/\/oimpresso.com\/ajuda\/#\/schema\/logo\/image\/","url":"https:\/\/oimpresso.com\/ajuda\/wp-content\/uploads\/2023\/04\/LOGO-PRETA-Office-Impresso-e1680706829226.png","contentUrl":"https:\/\/oimpresso.com\/ajuda\/wp-content\/uploads\/2023\/04\/LOGO-PRETA-Office-Impresso-e1680706829226.png","width":275,"height":77,"caption":"Office Impresso"},"image":{"@id":"https:\/\/oimpresso.com\/ajuda\/#\/schema\/logo\/image\/"}}]}},"_links":{"self":[{"href":"https:\/\/oimpresso.com\/ajuda\/wp-json\/wp\/v2\/pages\/7734"}],"collection":[{"href":"https:\/\/oimpresso.com\/ajuda\/wp-json\/wp\/v2\/pages"}],"about":[{"href":"https:\/\/oimpresso.com\/ajuda\/wp-json\/wp\/v2\/types\/page"}],"author":[{"embeddable":true,"href":"https:\/\/oimpresso.com\/ajuda\/wp-json\/wp\/v2\/users\/8"}],"replies":[{"embeddable":true,"href":"https:\/\/oimpresso.com\/ajuda\/wp-json\/wp\/v2\/comments?post=7734"}],"version-history":[{"count":14,"href":"https:\/\/oimpresso.com\/ajuda\/wp-json\/wp\/v2\/pages\/7734\/revisions"}],"predecessor-version":[{"id":10880,"href":"https:\/\/oimpresso.com\/ajuda\/wp-json\/wp\/v2\/pages\/7734\/revisions\/10880"}],"wp:attachment":[{"href":"https:\/\/oimpresso.com\/ajuda\/wp-json\/wp\/v2\/media?parent=7734"}],"curies":[{"name":"wp","href":"https:\/\/api.w.org\/{rel}","templated":true}]}}