{"id":7732,"date":"2023-01-16T16:37:57","date_gmt":"2023-01-16T19:37:57","guid":{"rendered":"https:\/\/oimpresso.com\/ajuda\/?page_id=7732"},"modified":"2023-04-03T17:01:55","modified_gmt":"2023-04-03T20:01:55","slug":"multiplos-estoques","status":"publish","type":"page","link":"https:\/\/oimpresso.com\/ajuda\/multiplos-estoques\/","title":{"rendered":"M\u00faltiplos Estoques"},"content":{"rendered":"<p>[vc_row full_width=&#8221;stretch_row_content&#8221; css=&#8221;.vc_custom_1676920898231{margin-top: -70px !important;padding-bottom: 50px !important;background-position: center !important;background-repeat: no-repeat !important;background-size: cover !important;}&#8221;][vc_column css=&#8221;.vc_custom_1678913676993{background-image: url(https:\/\/oimpresso.com\/ajuda\/wp-content\/uploads\/2023\/03\/Multiplos-Estoques.png?id=9882) !important;background-position: center !important;background-repeat: no-repeat !important;background-size: cover !important;}&#8221; offset=&#8221;vc_hidden-md vc_hidden-sm vc_hidden-xs&#8221;][vc_column_text css=&#8221;.vc_custom_1680551505965{padding-left: 50px !important;}&#8221;]<\/p>\n<h1 style=\"color: #474747;\" id=\"multiplos-estoques\" >M\u00faltiplos estoques<\/h1>\n<p>[\/vc_column_text][vc_column_text css=&#8221;.vc_custom_1680551539227{padding-right: 600px !important;padding-left: 50px !important;}&#8221;]<\/p>\n<p style=\"color: #575757; font-size: 25px;\">Para auxiliar na gest\u00e3o do seu estoque o sistema Office Impresso conta com m\u00faltiplos estoques.<\/p>\n<p>[\/vc_column_text][vc_column_text css=&#8221;.vc_custom_1680551588755{padding-right: 630px !important;padding-left: 50px !important;}&#8221;]<\/p>\n<p style=\"color: #676767;\">Atrav\u00e9s dessa fun\u00e7\u00e3o \u00e9 poss\u00edvel cadastrar todos os locais de estoque da empresa, permitindo informar no cadastro do produto onde ele estar\u00e1 armazenado, colaborando para os processos de produ\u00e7\u00e3o e balan\u00e7o de estoque.<\/p>\n<p>[\/vc_column_text][vc_column_text css=&#8221;.vc_custom_1680205475126{padding-left: 50px !important;}&#8221;]<a class=\"fancybox-iframe\" style=\"display: flex; align-items: center; justify-content: center; width: 100%; max-width: 200px; height: 45px; border-radius: 25px; background: #80387B; background-image: linear-gradient(to bottom, #80387B, #CF61CA); border: none; color: #ffffff; font-size: 16px; cursor: pointer; text-align: center; text-decoration: none;\" href=\"https:\/\/oimpresso.com\/ajuda\/solicitar-proposta\/\">Experimente Agora<\/a>[\/vc_column_text][\/vc_column][\/vc_row][vc_row full_width=&#8221;stretch_row_content&#8221; css=&#8221;.vc_custom_1676921146248{margin-top: -20px !important;padding-bottom: 50px !important;background-position: center !important;background-repeat: no-repeat !important;background-size: cover !important;}&#8221;][vc_column css=&#8221;.vc_custom_1678913743432{background-image: url(https:\/\/oimpresso.com\/ajuda\/wp-content\/uploads\/2023\/03\/Multiplos-Estoques.png?id=9882) !important;background-position: center !important;background-repeat: no-repeat !important;background-size: cover !important;}&#8221; offset=&#8221;vc_hidden-lg vc_hidden-sm vc_hidden-xs&#8221;][vc_column_text css=&#8221;.vc_custom_1680551505965{padding-left: 50px !important;}&#8221;]<\/p>\n<h1 style=\"color: #474747;\" id=\"multiplos-estoques\" >M\u00faltiplos estoques<\/h1>\n<p>[\/vc_column_text][vc_column_text css=&#8221;.vc_custom_1680551539227{padding-right: 600px !important;padding-left: 50px !important;}&#8221;]<\/p>\n<p style=\"color: #575757; font-size: 25px;\">Para auxiliar na gest\u00e3o do seu estoque o sistema Office Impresso conta com m\u00faltiplos estoques.<\/p>\n<p>[\/vc_column_text][vc_column_text css=&#8221;.vc_custom_1680551588755{padding-right: 630px !important;padding-left: 50px !important;}&#8221;]<\/p>\n<p style=\"color: #676767;\">Atrav\u00e9s dessa fun\u00e7\u00e3o \u00e9 poss\u00edvel cadastrar todos os locais de estoque da empresa, permitindo informar no cadastro do produto onde ele estar\u00e1 armazenado, colaborando para os processos de produ\u00e7\u00e3o e balan\u00e7o de estoque.<\/p>\n<p>[\/vc_column_text][vc_column_text css=&#8221;.vc_custom_1680205574503{padding-left: 50px !important;}&#8221;]<a class=\"fancybox-iframe\" style=\"display: flex; align-items: center; justify-content: center; width: 100%; max-width: 200px; height: 45px; border-radius: 25px; background: #80387B; background-image: linear-gradient(to bottom, #80387B, #CF61CA); border: none; color: #ffffff; font-size: 16px; cursor: pointer; text-align: center; text-decoration: none;\" href=\"https:\/\/oimpresso.com\/ajuda\/solicitar-proposta\/\">Experimente Agora<\/a>[\/vc_column_text][\/vc_column][\/vc_row][vc_row full_width=&#8221;stretch_row_content&#8221; css=&#8221;.vc_custom_1676921326147{margin-top: -65px !important;padding-bottom: 50px !important;background-position: center !important;background-repeat: no-repeat !important;background-size: cover !important;}&#8221;][vc_column css=&#8221;.vc_custom_1676921921382{background-position: center !important;background-repeat: no-repeat !important;background-size: cover !important;}&#8221; offset=&#8221;vc_hidden-lg vc_hidden-md vc_col-xs-12&#8243;][vc_column_text css=&#8221;.vc_custom_1680551696474{padding-right: 50px !important;padding-left: 50px !important;}&#8221;]<\/p>\n<h1 style=\"text-align: center; color: #474747;\" id=\"multiplos-estoques\" >M\u00faltiplos estoques<\/h1>\n<p>[\/vc_column_text][vc_column_text css=&#8221;.vc_custom_1680551769233{padding-right: 10px !important;padding-left: 10px !important;}&#8221;]<\/p>\n<p style=\"text-align: center; color: #575757; font-size: 25px\">Para auxiliar na gest\u00e3o do seu estoque o sistema Office Impresso conta com m\u00faltiplos estoques.<\/p>\n<p>[\/vc_column_text][vc_column_text css=&#8221;.vc_custom_1680551787376{padding-right: 10px !important;padding-left: 10px !important;}&#8221;]<\/p>\n<p style=\"text-align: center; color: #676767;\">Atrav\u00e9s dessa fun\u00e7\u00e3o \u00e9 poss\u00edvel cadastrar todos os locais de estoque da empresa, permitindo informar no cadastro do produto onde ele estar\u00e1 armazenado, colaborando para os processos de produ\u00e7\u00e3o e balan\u00e7o de estoque.<\/p>\n<p>[\/vc_column_text][vc_column_text css=&#8221;.vc_custom_1680205655300{margin-top: 20px !important;}&#8221;]<a style=\"width: 190px; height: 45px; border-radius: 25px; background: #80387B; background-image: linear-gradient(to bottom, #80387B, #CF61CA); border: none; color: #FFFFFF; font-size: 16px; cursor: pointer; display: flex; justify-content: center; align-items: center; margin: 0 auto; text-decoration: none;\" href=\"https:\/\/oimpresso.com\/ajuda\/solicitar-proposta\/;\">Experimente Agora<\/a>[\/vc_column_text][\/vc_column][vc_column offset=&#8221;vc_hidden-lg vc_hidden-md vc_col-xs-12&#8243; css=&#8221;.vc_custom_1678913842495{background-image: url(https:\/\/oimpresso.com\/ajuda\/wp-content\/uploads\/2023\/03\/Multiplos-Estoques-Mobile.png?id=9881) !important;background-position: center !important;background-repeat: no-repeat !important;background-size: cover !important;}&#8221;][vc_empty_space height=&#8221;300&#8243;][\/vc_column][\/vc_row][vc_row full_width=&#8221;stretch_row_content&#8221; content_placement=&#8221;middle&#8221;][vc_column offset=&#8221;vc_hidden-sm vc_col-xs-12 vc_hidden-xs&#8221;][vc_column_text css=&#8221;.vc_custom_1680551823063{padding-right: 50px !important;padding-left: 50px !important;}&#8221;]<\/p>\n<h2 style=\"text-align: center; color: #474747;\" id=\"com-o-office-impresso-gerenciar-multiplos-estoques-nunca-foi-tao-facil\" >Com o Office Impresso, gerenciar m\u00faltiplos estoques nunca foi t\u00e3o f\u00e1cil<\/h2>\n<p>[\/vc_column_text][\/vc_column][vc_column offset=&#8221;vc_hidden-lg vc_hidden-md vc_col-xs-12&#8243;][vc_column_text css=&#8221;.vc_custom_1680551837175{padding-right: 10px !important;padding-left: 10px !important;}&#8221;]<\/p>\n<h2 style=\"text-align: center; color: #474747;\" id=\"com-o-office-impresso-gerenciar-multiplos-estoques-nunca-foi-tao-facil\" >Com o Office Impresso, gerenciar m\u00faltiplos estoques nunca foi t\u00e3o f\u00e1cil<\/h2>\n<p>[\/vc_column_text][vc_separator][\/vc_column][\/vc_row][vc_row full_width=&#8221;stretch_row_content&#8221; equal_height=&#8221;yes&#8221; css=&#8221;.vc_custom_1676919941898{background-color: #ffffff !important;}&#8221;][vc_column width=&#8221;1\/2&#8243; offset=&#8221;vc_col-lg-6 vc_col-md-6 vc_hidden-sm vc_hidden-xs&#8221;][vc_single_image image=&#8221;9893&#8243; img_size=&#8221;200&#215;200&#8243; alignment=&#8221;center&#8221; css=&#8221;.vc_custom_1678969723120{margin-bottom: -35px !important;padding-right: 50px !important;padding-left: 50px !important;}&#8221;][vc_column_text]<\/p>\n<h1 style=\"font-size: 25px; text-align: center; line-height: 35px; color: #474747;\" id=\"controle-preciso-do-seu-estoque\" >Controle preciso do seu estoque<\/h1>\n<p style=\"text-align: center; color: #676767;\">Com o <strong>Office Impresso,<\/strong> \u00e9 poss\u00edvel ter um controle preciso de todos os seus estoques, permitindo que voc\u00ea saiba exatamente onde cada produto est\u00e1 armazenado, em qual quantidade e quando foi adicionado ou retirado do estoque.<\/p>\n<p>&nbsp;[\/vc_column_text][\/vc_column][vc_column width=&#8221;1\/2&#8243; offset=&#8221;vc_col-lg-6 vc_col-md-6 vc_hidden-sm vc_hidden-xs&#8221;][vc_single_image image=&#8221;9854&#8243; img_size=&#8221;200&#215;200&#8243; alignment=&#8221;center&#8221; css=&#8221;.vc_custom_1678969888887{margin-bottom: -35px !important;padding-right: 50px !important;padding-left: 50px !important;}&#8221;][vc_column_text]<\/p>\n<h1 style=\"font-size: 25px; text-align: center; line-height: 35px; color: #474747;\" id=\"aumente-a-eficiencia-do-seu-negocio\" >Aumente a efici\u00eancia do seu neg\u00f3cio<\/h1>\n<p style=\"text-align: center; color: #676767;\">Ao utilizar a fun\u00e7\u00e3o de m\u00faltiplos estoques, voc\u00ea pode aumentar a efici\u00eancia do seu neg\u00f3cio, otimizando a gest\u00e3o de seus recursos e melhorando os processos de produ\u00e7\u00e3o, distribui\u00e7\u00e3o e venda.<\/p>\n<p>[\/vc_column_text][\/vc_column][\/vc_row][vc_row full_width=&#8221;stretch_row_content&#8221;][vc_column width=&#8221;1\/2&#8243; offset=&#8221;vc_hidden-sm vc_hidden-xs&#8221;][vc_single_image image=&#8221;9889&#8243; img_size=&#8221;200&#215;200&#8243; alignment=&#8221;center&#8221; css=&#8221;.vc_custom_1678969785833{margin-bottom: -35px !important;padding-right: 50px !important;padding-left: 50px !important;}&#8221;][vc_column_text]<\/p>\n<h1 style=\"font-size: 25px; text-align: center; line-height: 35px; color: #474747;\" id=\"evite-erros-e-desperdicios\" >Evite erros e desperd\u00edcios<\/h1>\n<p style=\"text-align: center; color: #676767;\">Com a fun\u00e7\u00e3o de m\u00faltiplos estoques, voc\u00ea pode evitar erros e desperd\u00edcios, garantindo que cada produto seja armazenado no local correto e que haja uma quantidade suficiente em cada estoque para atender \u00e0s necessidades da empresa.<\/p>\n<p>[\/vc_column_text][\/vc_column][vc_column width=&#8221;1\/2&#8243; offset=&#8221;vc_hidden-sm vc_hidden-xs&#8221;][vc_single_image image=&#8221;9890&#8243; img_size=&#8221;200&#215;200&#8243; alignment=&#8221;center&#8221; css=&#8221;.vc_custom_1678969824158{margin-bottom: -35px !important;padding-right: 50px !important;padding-left: 50px !important;}&#8221;][vc_column_text]<\/p>\n<h1 style=\"font-size: 25px; text-align: center; line-height: 35px; color: #474747;\" id=\"melhore-a-comunicacao-entre-equipes\" >Melhore a comunica\u00e7\u00e3o entre equipes<\/h1>\n<p style=\"text-align: center; color: #676767;\">Ao utilizar a fun\u00e7\u00e3o de m\u00faltiplos estoques, \u00e9 poss\u00edvel melhorar a comunica\u00e7\u00e3o entre equipes, permitindo que cada colaborador saiba exatamente onde cada produto est\u00e1 armazenado e qual a quantidade dispon\u00edvel em cada local.<\/p>\n<p>[\/vc_column_text][\/vc_column][\/vc_row][vc_row full_width=&#8221;stretch_row_content&#8221; equal_height=&#8221;yes&#8221; css=&#8221;.vc_custom_1676920017047{background-color: #ffffff !important;}&#8221;][vc_column offset=&#8221;vc_hidden-lg vc_hidden-md vc_col-xs-12&#8243;][vc_single_image image=&#8221;9893&#8243; img_size=&#8221;200&#215;200&#8243; alignment=&#8221;center&#8221; css=&#8221;.vc_custom_1678969723120{margin-bottom: -35px !important;padding-right: 50px !important;padding-left: 50px !important;}&#8221;][vc_column_text]<\/p>\n<h1 style=\"font-size: 25px; text-align: center; line-height: 35px; color: #474747;\" id=\"controle-preciso-dos-seus-estoques\" >Controle preciso dos seus estoques<\/h1>\n<p style=\"text-align: center; color: #676767;\">Com o <strong>Office Impresso,<\/strong> \u00e9 poss\u00edvel ter um controle preciso de todos os seus estoques, permitindo que voc\u00ea saiba exatamente onde cada produto est\u00e1 armazenado, em qual quantidade e quando foi adicionado ou retirado do estoque.<\/p>\n<p>&nbsp;[\/vc_column_text][\/vc_column][vc_column offset=&#8221;vc_hidden-lg vc_hidden-md vc_col-xs-12&#8243; css=&#8221;.vc_custom_1676920219749{background-color: #f4f4f4 !important;}&#8221;][vc_single_image image=&#8221;9854&#8243; img_size=&#8221;200&#215;200&#8243; alignment=&#8221;center&#8221; css=&#8221;.vc_custom_1678969888887{margin-bottom: -35px !important;padding-right: 50px !important;padding-left: 50px !important;}&#8221;][vc_column_text]<\/p>\n<h1 style=\"font-size: 25px; text-align: center; line-height: 35px; color: #474747;\" id=\"aumente-a-eficiencia-do-seu-negocio\" >Aumente a efici\u00eancia do seu neg\u00f3cio<\/h1>\n<p style=\"text-align: center; color: #676767;\">Ao utilizar a fun\u00e7\u00e3o de m\u00faltiplos estoques, voc\u00ea pode aumentar a efici\u00eancia do seu neg\u00f3cio, otimizando a gest\u00e3o de seus recursos e melhorando os processos de produ\u00e7\u00e3o, distribui\u00e7\u00e3o e venda.<\/p>\n<p>[\/vc_column_text][\/vc_column][\/vc_row][vc_row full_width=&#8221;stretch_row_content&#8221; equal_height=&#8221;yes&#8221; css=&#8221;.vc_custom_1676920017047{background-color: #ffffff !important;}&#8221;][vc_column offset=&#8221;vc_hidden-lg vc_hidden-md vc_col-xs-12&#8243;][vc_single_image image=&#8221;9889&#8243; img_size=&#8221;200&#215;200&#8243; alignment=&#8221;center&#8221; css=&#8221;.vc_custom_1678969785833{margin-bottom: -35px !important;padding-right: 50px !important;padding-left: 50px !important;}&#8221;][vc_column_text]<\/p>\n<h1 style=\"font-size: 25px; text-align: center; line-height: 35px; color: #474747;\" id=\"evite-erros-e-desperdicios\" >Evite erros e desperd\u00edcios<\/h1>\n<p style=\"text-align: center; color: #676767;\">Com a fun\u00e7\u00e3o de m\u00faltiplos estoques, voc\u00ea pode evitar erros e desperd\u00edcios, garantindo que cada produto seja armazenado no local correto e que haja uma quantidade suficiente em cada estoque para atender \u00e0s necessidades da empresa.<\/p>\n<p>[\/vc_column_text][\/vc_column][vc_column offset=&#8221;vc_hidden-lg vc_hidden-md vc_col-xs-12&#8243; css=&#8221;.vc_custom_1676920219749{background-color: #f4f4f4 !important;}&#8221;][vc_single_image image=&#8221;9890&#8243; img_size=&#8221;200&#215;200&#8243; alignment=&#8221;center&#8221; css=&#8221;.vc_custom_1678969824158{margin-bottom: -35px !important;padding-right: 50px !important;padding-left: 50px !important;}&#8221;][vc_column_text]<\/p>\n<h1 style=\"font-size: 25px; text-align: center; line-height: 35px; color: #474747;\" id=\"melhore-a-comunicacao-entre-equipes\" >Melhore a comunica\u00e7\u00e3o entre equipes<\/h1>\n<p style=\"text-align: center; color: #676767;\">Ao utilizar a fun\u00e7\u00e3o de m\u00faltiplos estoques, \u00e9 poss\u00edvel melhorar a comunica\u00e7\u00e3o entre equipes, permitindo que cada colaborador saiba exatamente onde cada produto est\u00e1 armazenado e qual a quantidade dispon\u00edvel em cada local.<\/p>\n<p>[\/vc_column_text][\/vc_column][\/vc_row]<\/p>\n","protected":false},"excerpt":{"rendered":"<p>[vc_row full_width=&#8221;stretch_row_content&#8221; css=&#8221;.vc_custom_1676920898231{margin-top: -70px !important;padding-bottom: 50px !important;background-position: center !important;background-repeat: no-repeat !important;background-size: cover !important;}&#8221;][vc_column css=&#8221;.vc_custom_1678913676993{background-image: url(https:\/\/oimpresso.com\/ajuda\/wp-content\/uploads\/2023\/03\/Multiplos-Estoques.png?id=9882) !important;background-position: center !important;background-repeat: no-repeat !important;background-size: cover !important;}&#8221; offset=&#8221;vc_hidden-md vc_hidden-sm vc_hidden-xs&#8221;][vc_column_text css=&#8221;.vc_custom_1680551505965{padding-left: 50px !important;}&#8221;] M\u00faltiplos estoques [\/vc_column_text][vc_column_text css=&#8221;.vc_custom_1680551539227{padding-right: 600px !important;padding-left: 50px !important;}&#8221;] Para auxiliar na gest\u00e3o do seu estoque o sistema Office Impresso conta com m\u00faltiplos estoques. [\/vc_column_text][vc_column_text css=&#8221;.vc_custom_1680551588755{padding-right: 630px !important;padding-left: &hellip; <a href=\"https:\/\/oimpresso.com\/ajuda\/multiplos-estoques\/\">Continued<\/a><\/p>\n","protected":false},"author":8,"featured_media":0,"parent":0,"menu_order":0,"comment_status":"closed","ping_status":"closed","template":"","meta":{"_bbp_topic_count":0,"_bbp_reply_count":0,"_bbp_total_topic_count":0,"_bbp_total_reply_count":0,"_bbp_voice_count":0,"_bbp_anonymous_reply_count":0,"_bbp_topic_count_hidden":0,"_bbp_reply_count_hidden":0,"_bbp_forum_subforum_count":0,"om_disable_all_campaigns":false,"_mi_skip_tracking":false},"yoast_head":"<!-- This site is optimized with the Yoast SEO plugin v20.5 - https:\/\/yoast.com\/wordpress\/plugins\/seo\/ -->\n<title>M\u00faltiplos Estoques<\/title>\n<meta name=\"robots\" content=\"index, follow, max-snippet:-1, max-image-preview:large, max-video-preview:-1\" \/>\n<link rel=\"canonical\" href=\"https:\/\/oimpresso.com\/ajuda\/multiplos-estoques\/\" \/>\n<meta property=\"og:locale\" content=\"pt_BR\" \/>\n<meta property=\"og:type\" content=\"article\" \/>\n<meta property=\"og:title\" content=\"M\u00faltiplos Estoques\" \/>\n<meta property=\"og:description\" content=\"[vc_row full_width=&#8221;stretch_row_content&#8221; css=&#8221;.vc_custom_1676920898231{margin-top: -70px !important;padding-bottom: 50px !important;background-position: center !important;background-repeat: no-repeat !important;background-size: cover !important;}&#8221;][vc_column css=&#8221;.vc_custom_1678913676993{background-image: url(https:\/\/oimpresso.com\/ajuda\/wp-content\/uploads\/2023\/03\/Multiplos-Estoques.png?id=9882) !important;background-position: center !important;background-repeat: no-repeat !important;background-size: cover !important;}&#8221; offset=&#8221;vc_hidden-md vc_hidden-sm vc_hidden-xs&#8221;][vc_column_text css=&#8221;.vc_custom_1680551505965{padding-left: 50px !important;}&#8221;] M\u00faltiplos estoques [\/vc_column_text][vc_column_text css=&#8221;.vc_custom_1680551539227{padding-right: 600px !important;padding-left: 50px !important;}&#8221;] Para auxiliar na gest\u00e3o do seu estoque o sistema Office Impresso conta com m\u00faltiplos estoques. [\/vc_column_text][vc_column_text css=&#8221;.vc_custom_1680551588755{padding-right: 630px !important;padding-left: &hellip; Continued\" \/>\n<meta property=\"og:url\" content=\"https:\/\/oimpresso.com\/ajuda\/multiplos-estoques\/\" \/>\n<meta property=\"og:site_name\" content=\"Office Impresso\" \/>\n<meta property=\"article:modified_time\" content=\"2023-04-03T20:01:55+00:00\" \/>\n<meta name=\"twitter:card\" content=\"summary_large_image\" \/>\n<meta name=\"twitter:label1\" content=\"Est. tempo de leitura\" \/>\n\t<meta name=\"twitter:data1\" content=\"7 minutos\" \/>\n<script type=\"application\/ld+json\" class=\"yoast-schema-graph\">{\"@context\":\"https:\/\/schema.org\",\"@graph\":[{\"@type\":\"WebPage\",\"@id\":\"https:\/\/oimpresso.com\/ajuda\/multiplos-estoques\/\",\"url\":\"https:\/\/oimpresso.com\/ajuda\/multiplos-estoques\/\",\"name\":\"M\u00faltiplos Estoques\",\"isPartOf\":{\"@id\":\"https:\/\/oimpresso.com\/ajuda\/#website\"},\"datePublished\":\"2023-01-16T19:37:57+00:00\",\"dateModified\":\"2023-04-03T20:01:55+00:00\",\"breadcrumb\":{\"@id\":\"https:\/\/oimpresso.com\/ajuda\/multiplos-estoques\/#breadcrumb\"},\"inLanguage\":\"pt-BR\",\"potentialAction\":[{\"@type\":\"ReadAction\",\"target\":[\"https:\/\/oimpresso.com\/ajuda\/multiplos-estoques\/\"]}]},{\"@type\":\"BreadcrumbList\",\"@id\":\"https:\/\/oimpresso.com\/ajuda\/multiplos-estoques\/#breadcrumb\",\"itemListElement\":[{\"@type\":\"ListItem\",\"position\":1,\"name\":\"In\u00edcio\",\"item\":\"https:\/\/oimpresso.com\/ajuda\/\"},{\"@type\":\"ListItem\",\"position\":2,\"name\":\"M\u00faltiplos Estoques\"}]},{\"@type\":\"WebSite\",\"@id\":\"https:\/\/oimpresso.com\/ajuda\/#website\",\"url\":\"https:\/\/oimpresso.com\/ajuda\/\",\"name\":\"Office Impresso\",\"description\":\"Portal de Ajuda\",\"publisher\":{\"@id\":\"https:\/\/oimpresso.com\/ajuda\/#organization\"},\"potentialAction\":[{\"@type\":\"SearchAction\",\"target\":{\"@type\":\"EntryPoint\",\"urlTemplate\":\"https:\/\/oimpresso.com\/ajuda\/?s={search_term_string}\"},\"query-input\":\"required name=search_term_string\"}],\"inLanguage\":\"pt-BR\"},{\"@type\":\"Organization\",\"@id\":\"https:\/\/oimpresso.com\/ajuda\/#organization\",\"name\":\"Office Impresso\",\"url\":\"https:\/\/oimpresso.com\/ajuda\/\",\"logo\":{\"@type\":\"ImageObject\",\"inLanguage\":\"pt-BR\",\"@id\":\"https:\/\/oimpresso.com\/ajuda\/#\/schema\/logo\/image\/\",\"url\":\"https:\/\/oimpresso.com\/ajuda\/wp-content\/uploads\/2023\/04\/LOGO-PRETA-Office-Impresso-e1680706829226.png\",\"contentUrl\":\"https:\/\/oimpresso.com\/ajuda\/wp-content\/uploads\/2023\/04\/LOGO-PRETA-Office-Impresso-e1680706829226.png\",\"width\":275,\"height\":77,\"caption\":\"Office Impresso\"},\"image\":{\"@id\":\"https:\/\/oimpresso.com\/ajuda\/#\/schema\/logo\/image\/\"}}]}<\/script>\n<!-- \/ Yoast SEO plugin. -->","yoast_head_json":{"title":"M\u00faltiplos Estoques","robots":{"index":"index","follow":"follow","max-snippet":"max-snippet:-1","max-image-preview":"max-image-preview:large","max-video-preview":"max-video-preview:-1"},"canonical":"https:\/\/oimpresso.com\/ajuda\/multiplos-estoques\/","og_locale":"pt_BR","og_type":"article","og_title":"M\u00faltiplos Estoques","og_description":"[vc_row full_width=&#8221;stretch_row_content&#8221; css=&#8221;.vc_custom_1676920898231{margin-top: -70px !important;padding-bottom: 50px !important;background-position: center !important;background-repeat: no-repeat !important;background-size: cover !important;}&#8221;][vc_column css=&#8221;.vc_custom_1678913676993{background-image: url(https:\/\/oimpresso.com\/ajuda\/wp-content\/uploads\/2023\/03\/Multiplos-Estoques.png?id=9882) !important;background-position: center !important;background-repeat: no-repeat !important;background-size: cover !important;}&#8221; offset=&#8221;vc_hidden-md vc_hidden-sm vc_hidden-xs&#8221;][vc_column_text css=&#8221;.vc_custom_1680551505965{padding-left: 50px !important;}&#8221;] M\u00faltiplos estoques [\/vc_column_text][vc_column_text css=&#8221;.vc_custom_1680551539227{padding-right: 600px !important;padding-left: 50px !important;}&#8221;] Para auxiliar na gest\u00e3o do seu estoque o sistema Office Impresso conta com m\u00faltiplos estoques. [\/vc_column_text][vc_column_text css=&#8221;.vc_custom_1680551588755{padding-right: 630px !important;padding-left: &hellip; Continued","og_url":"https:\/\/oimpresso.com\/ajuda\/multiplos-estoques\/","og_site_name":"Office Impresso","article_modified_time":"2023-04-03T20:01:55+00:00","twitter_card":"summary_large_image","twitter_misc":{"Est. tempo de leitura":"7 minutos"},"schema":{"@context":"https:\/\/schema.org","@graph":[{"@type":"WebPage","@id":"https:\/\/oimpresso.com\/ajuda\/multiplos-estoques\/","url":"https:\/\/oimpresso.com\/ajuda\/multiplos-estoques\/","name":"M\u00faltiplos Estoques","isPartOf":{"@id":"https:\/\/oimpresso.com\/ajuda\/#website"},"datePublished":"2023-01-16T19:37:57+00:00","dateModified":"2023-04-03T20:01:55+00:00","breadcrumb":{"@id":"https:\/\/oimpresso.com\/ajuda\/multiplos-estoques\/#breadcrumb"},"inLanguage":"pt-BR","potentialAction":[{"@type":"ReadAction","target":["https:\/\/oimpresso.com\/ajuda\/multiplos-estoques\/"]}]},{"@type":"BreadcrumbList","@id":"https:\/\/oimpresso.com\/ajuda\/multiplos-estoques\/#breadcrumb","itemListElement":[{"@type":"ListItem","position":1,"name":"In\u00edcio","item":"https:\/\/oimpresso.com\/ajuda\/"},{"@type":"ListItem","position":2,"name":"M\u00faltiplos Estoques"}]},{"@type":"WebSite","@id":"https:\/\/oimpresso.com\/ajuda\/#website","url":"https:\/\/oimpresso.com\/ajuda\/","name":"Office Impresso","description":"Portal de Ajuda","publisher":{"@id":"https:\/\/oimpresso.com\/ajuda\/#organization"},"potentialAction":[{"@type":"SearchAction","target":{"@type":"EntryPoint","urlTemplate":"https:\/\/oimpresso.com\/ajuda\/?s={search_term_string}"},"query-input":"required name=search_term_string"}],"inLanguage":"pt-BR"},{"@type":"Organization","@id":"https:\/\/oimpresso.com\/ajuda\/#organization","name":"Office Impresso","url":"https:\/\/oimpresso.com\/ajuda\/","logo":{"@type":"ImageObject","inLanguage":"pt-BR","@id":"https:\/\/oimpresso.com\/ajuda\/#\/schema\/logo\/image\/","url":"https:\/\/oimpresso.com\/ajuda\/wp-content\/uploads\/2023\/04\/LOGO-PRETA-Office-Impresso-e1680706829226.png","contentUrl":"https:\/\/oimpresso.com\/ajuda\/wp-content\/uploads\/2023\/04\/LOGO-PRETA-Office-Impresso-e1680706829226.png","width":275,"height":77,"caption":"Office Impresso"},"image":{"@id":"https:\/\/oimpresso.com\/ajuda\/#\/schema\/logo\/image\/"}}]}},"_links":{"self":[{"href":"https:\/\/oimpresso.com\/ajuda\/wp-json\/wp\/v2\/pages\/7732"}],"collection":[{"href":"https:\/\/oimpresso.com\/ajuda\/wp-json\/wp\/v2\/pages"}],"about":[{"href":"https:\/\/oimpresso.com\/ajuda\/wp-json\/wp\/v2\/types\/page"}],"author":[{"embeddable":true,"href":"https:\/\/oimpresso.com\/ajuda\/wp-json\/wp\/v2\/users\/8"}],"replies":[{"embeddable":true,"href":"https:\/\/oimpresso.com\/ajuda\/wp-json\/wp\/v2\/comments?post=7732"}],"version-history":[{"count":19,"href":"https:\/\/oimpresso.com\/ajuda\/wp-json\/wp\/v2\/pages\/7732\/revisions"}],"predecessor-version":[{"id":10887,"href":"https:\/\/oimpresso.com\/ajuda\/wp-json\/wp\/v2\/pages\/7732\/revisions\/10887"}],"wp:attachment":[{"href":"https:\/\/oimpresso.com\/ajuda\/wp-json\/wp\/v2\/media?parent=7732"}],"curies":[{"name":"wp","href":"https:\/\/api.w.org\/{rel}","templated":true}]}}