{"id":7728,"date":"2023-01-16T16:37:13","date_gmt":"2023-01-16T19:37:13","guid":{"rendered":"https:\/\/oimpresso.com\/ajuda\/?page_id=7728"},"modified":"2023-04-03T16:43:22","modified_gmt":"2023-04-03T19:43:22","slug":"lote","status":"publish","type":"page","link":"https:\/\/oimpresso.com\/ajuda\/lote\/","title":{"rendered":"Lote"},"content":{"rendered":"<p>[vc_row full_width=&#8221;stretch_row_content&#8221; css=&#8221;.vc_custom_1676920898231{margin-top: -70px !important;padding-bottom: 50px !important;background-position: center !important;background-repeat: no-repeat !important;background-size: cover !important;}&#8221;][vc_column css=&#8221;.vc_custom_1679508541144{background-image: url(https:\/\/oimpresso.com\/ajuda\/wp-content\/uploads\/2023\/03\/Lote.png?id=10218) !important;background-position: center !important;background-repeat: no-repeat !important;background-size: cover !important;}&#8221; offset=&#8221;vc_hidden-md vc_hidden-sm vc_hidden-xs&#8221;][vc_column_text css=&#8221;.vc_custom_1680550408874{padding-left: 50px !important;}&#8221;]<\/p>\n<h1 style=\"text-align: left; color: #474747;\" id=\"lote\" >Lote<\/h1>\n<p>[\/vc_column_text][vc_column_text css=&#8221;.vc_custom_1680550453730{padding-right: 600px !important;padding-left: 50px !important;}&#8221;]<\/p>\n<p style=\"color: #575757; font-size: 25px;\">Facilite o controle e rastreabilidade de produtos dentro do Office Impresso!<\/p>\n<p>[\/vc_column_text][vc_column_text css=&#8221;.vc_custom_1680550543992{padding-right: 630px !important;padding-left: 50px !important;}&#8221;]<\/p>\n<p style=\"color: #676767;\">Aprenda a realizar o cadastro dos produtos localizados em estoque que ser\u00e3o utilizados em lotes, podendo estes serem artigos do estoque interno ou de terceiros.<\/p>\n<p>[\/vc_column_text][vc_column_text css=&#8221;.vc_custom_1680204603851{padding-left: 50px !important;}&#8221;]<a class=\"fancybox-iframe\" style=\"display: flex; align-items: center; justify-content: center; width: 100%; max-width: 200px; height: 45px; border-radius: 25px; background: #80387B; background-image: linear-gradient(to bottom, #80387B, #CF61CA); border: none; color: #ffffff; font-size: 16px; cursor: pointer; text-align: center; text-decoration: none;\" href=\"https:\/\/oimpresso.com\/ajuda\/solicitar-proposta\/\">Entramos em Contato<\/a>[\/vc_column_text][vc_empty_space height=&#8221;100&#8243;][\/vc_column][\/vc_row][vc_row full_width=&#8221;stretch_row_content&#8221; css=&#8221;.vc_custom_1676921146248{margin-top: -20px !important;padding-bottom: 50px !important;background-position: center !important;background-repeat: no-repeat !important;background-size: cover !important;}&#8221;][vc_column css=&#8221;.vc_custom_1679508530307{background-image: url(https:\/\/oimpresso.com\/ajuda\/wp-content\/uploads\/2023\/03\/Lote.png?id=10218) !important;background-position: center !important;background-repeat: no-repeat !important;background-size: cover !important;}&#8221; offset=&#8221;vc_hidden-lg vc_hidden-sm vc_hidden-xs&#8221;][vc_column_text css=&#8221;.vc_custom_1680550408874{padding-left: 50px !important;}&#8221;]<\/p>\n<h1 style=\"text-align: left; color: #474747;\" id=\"lote\" >Lote<\/h1>\n<p>[\/vc_column_text][vc_column_text css=&#8221;.vc_custom_1680550453730{padding-right: 600px !important;padding-left: 50px !important;}&#8221;]<\/p>\n<p style=\"color: #575757; font-size: 25px;\">Facilite o controle e rastreabilidade de produtos dentro do Office Impresso!<\/p>\n<p>[\/vc_column_text][vc_column_text css=&#8221;.vc_custom_1680550543992{padding-right: 630px !important;padding-left: 50px !important;}&#8221;]<\/p>\n<p style=\"color: #676767;\">Aprenda a realizar o cadastro dos produtos localizados em estoque que ser\u00e3o utilizados em lotes, podendo estes serem artigos do estoque interno ou de terceiros.<\/p>\n<p>[\/vc_column_text][vc_column_text css=&#8221;.vc_custom_1680204579386{padding-left: 50px !important;}&#8221;]<a class=\"fancybox-iframe\" style=\"display: flex; align-items: center; justify-content: center; width: 100%; max-width: 200px; height: 45px; border-radius: 25px; background: #80387B; background-image: linear-gradient(to bottom, #80387B, #CF61CA); border: none; color: #ffffff; font-size: 16px; cursor: pointer; text-align: center; text-decoration: none;\" href=\"https:\/\/oimpresso.com\/ajuda\/solicitar-proposta\/\">Entramos em Contato<\/a>[\/vc_column_text][vc_empty_space height=&#8221;100&#8243;][\/vc_column][\/vc_row][vc_row full_width=&#8221;stretch_row_content&#8221; css=&#8221;.vc_custom_1676921326147{margin-top: -65px !important;padding-bottom: 50px !important;background-position: center !important;background-repeat: no-repeat !important;background-size: cover !important;}&#8221;][vc_column css=&#8221;.vc_custom_1676921921382{background-position: center !important;background-repeat: no-repeat !important;background-size: cover !important;}&#8221; offset=&#8221;vc_hidden-lg vc_hidden-md vc_col-xs-12&#8243;][vc_column_text css=&#8221;.vc_custom_1680550635566{padding-right: 50px !important;padding-left: 50px !important;}&#8221;]<\/p>\n<h1 style=\"text-align: center; color: #474747;\" id=\"lote\" >Lote<\/h1>\n<p>[\/vc_column_text][vc_column_text css=&#8221;.vc_custom_1680550673621{padding-right: 10px !important;padding-left: 10px !important;}&#8221;]<\/p>\n<p style=\"text-align: center; color: #575757; font-size: 25px;\">Facilite o controle e rastreabilidade de produtos dentro do Office Impresso!<\/p>\n<p>[\/vc_column_text][vc_column_text css=&#8221;.vc_custom_1680550689541{padding-right: 10px !important;padding-left: 10px !important;}&#8221;]<\/p>\n<p style=\"text-align: center; color: #676767;\">Aprenda a realizar o cadastro dos produtos localizados em estoque que ser\u00e3o utilizados em lotes, podendo estes serem artigos do estoque interno ou de terceiros.<\/p>\n<p>[\/vc_column_text][vc_column_text css=&#8221;.vc_custom_1680204545217{margin-top: 20px !important;}&#8221;]<a style=\"width: 190px; height: 45px; border-radius: 25px; background: #80387B; background-image: linear-gradient(to bottom, #80387B, #CF61CA); border: none; color: #FFFFFF; font-size: 16px; cursor: pointer; display: flex; justify-content: center; align-items: center; margin: 0 auto; text-decoration: none;\" href=\"https:\/\/oimpresso.com\/ajuda\/solicitar-proposta\/;\">Entramos em Contato<\/a>[\/vc_column_text][\/vc_column][vc_column offset=&#8221;vc_hidden-lg vc_hidden-md vc_col-xs-12&#8243; css=&#8221;.vc_custom_1679508485993{background-image: url(https:\/\/oimpresso.com\/ajuda\/wp-content\/uploads\/2023\/03\/Lote-MOBILE.png?id=10217) !important;background-position: center !important;background-repeat: no-repeat !important;background-size: cover !important;}&#8221;][vc_empty_space height=&#8221;300&#8243;][\/vc_column][\/vc_row][vc_row full_width=&#8221;stretch_row_content&#8221; content_placement=&#8221;middle&#8221;][vc_column offset=&#8221;vc_hidden-sm vc_col-xs-12 vc_hidden-xs&#8221;][vc_column_text css=&#8221;.vc_custom_1680550715101{padding-right: 50px !important;padding-left: 50px !important;}&#8221;]<\/p>\n<h2 style=\"text-align: center; color: #474747;\" id=\"utilize-o-office-impresso-e-gerencie-seus-lotes-com-facilidade-e-eficiencia\" >Utilize o Office Impresso e gerencie seus lotes com facilidade e efici\u00eancia<\/h2>\n<p>[\/vc_column_text][\/vc_column][vc_column offset=&#8221;vc_hidden-lg vc_hidden-md vc_col-xs-12&#8243;][vc_column_text css=&#8221;.vc_custom_1680550741623{padding-right: 10px !important;padding-left: 10px !important;}&#8221;]<\/p>\n<h2 style=\"text-align: center; color: #474747;\" id=\"utilize-o-office-impresso-e-gerencie-seus-lotes-com-facilidade-e-eficiencia\" >Utilize o Office Impresso e gerencie seus lotes com facilidade e efici\u00eancia<\/h2>\n<p>[\/vc_column_text][vc_separator][\/vc_column][\/vc_row][vc_row full_width=&#8221;stretch_row_content&#8221; equal_height=&#8221;yes&#8221; css=&#8221;.vc_custom_1676919941898{background-color: #ffffff !important;}&#8221;][vc_column width=&#8221;1\/2&#8243; offset=&#8221;vc_col-lg-6 vc_col-md-6 vc_hidden-sm vc_hidden-xs&#8221;][vc_single_image image=&#8221;10219&#8243; img_size=&#8221;200&#215;200&#8243; alignment=&#8221;center&#8221; css=&#8221;.vc_custom_1679512312386{margin-bottom: -35px !important;padding-right: 50px !important;padding-left: 50px !important;}&#8221;][vc_column_text css=&#8221;.vc_custom_1680550799677{padding-top: 25px !important;padding-right: 50px !important;padding-bottom: 25px !important;padding-left: 50px !important;}&#8221;]<\/p>\n<h1 style=\"font-size: 25px; text-align: center; line-height: 35px; color: #474747;\" id=\"controle-e-confianca\" >Controle e confian\u00e7a<\/h1>\n<p style=\"text-align: center; color: #676767;\">O <strong>Office Impresso<\/strong> oferece uma solu\u00e7\u00e3o completa e eficiente para gerenciamento de estoque, garantindo que os produtos utilizados em lotes sejam rastreados e controlados de forma precisa e confi\u00e1vel<\/p>\n<p>[\/vc_column_text][\/vc_column][vc_column width=&#8221;1\/2&#8243; offset=&#8221;vc_col-lg-6 vc_col-md-6 vc_hidden-sm vc_hidden-xs&#8221;][vc_single_image image=&#8221;9744&#8243; img_size=&#8221;200&#215;200&#8243; alignment=&#8221;center&#8221; css=&#8221;.vc_custom_1679512754234{margin-bottom: -35px !important;padding-right: 50px !important;padding-left: 50px !important;}&#8221;][vc_column_text css=&#8221;.vc_custom_1680550818227{padding-top: 25px !important;padding-right: 50px !important;padding-bottom: 25px !important;padding-left: 50px !important;}&#8221;]<\/p>\n<h1 style=\"font-size: 25px; text-align: center; line-height: 35px; color: #474747;\" id=\"simplifique-a-gestao-de-lotes\" >Simplifique a gest\u00e3o de lotes<\/h1>\n<p style=\"text-align: center; color: #676767;\">Com o <strong>Office Impresso<\/strong>, voc\u00ea pode cadastrar facilmente os produtos utilizados em lotes, incluindo artigos do estoque interno ou de terceiros, permitindo um controle preciso e eficiente do seu estoque<\/p>\n<p>[\/vc_column_text][\/vc_column][\/vc_row][vc_row][vc_column][vc_column_text css=&#8221;.vc_custom_1680550840596{padding-top: 25px !important;padding-right: 50px !important;padding-bottom: 25px !important;padding-left: 50px !important;}&#8221;]<\/p>\n<ul style=\"color: #676767;\">\n<li>O Lote \u00e9 um conjunto de produtos ou mat\u00e9rias-primas que foram produzidos ou adquiridos em uma mesma ocasi\u00e3o e que possuem caracter\u00edsticas semelhantes.<\/li>\n<li>A utiliza\u00e7\u00e3o de lotes permite um controle mais eficiente sobre os produtos em estoque, garantindo que sejam utilizados na ordem correta e evitando desperd\u00edcio ou perda de produtos.<\/li>\n<li>O cadastro dos produtos em lotes no <strong>Office Impresso<\/strong> permite uma rastreabilidade completa dos produtos, desde a sua produ\u00e7\u00e3o ou aquisi\u00e7\u00e3o at\u00e9 o seu uso ou venda.<\/li>\n<li>O gerenciamento de lotes com o <strong>Office Impresso<\/strong> simplifica a gest\u00e3o do estoque, permitindo que os produtos utilizados em lotes sejam facilmente identificados e controlados.<\/li>\n<li>Usando o <strong>Office Impresso<\/strong> para o gerenciamento de lotes proporciona maior confian\u00e7a nos dados de estoque, evitando erros e permitindo uma tomada de decis\u00e3o mais assertiva.<\/li>\n<\/ul>\n<p>[\/vc_column_text][\/vc_column][\/vc_row][vc_row full_width=&#8221;stretch_row_content&#8221; equal_height=&#8221;yes&#8221; css=&#8221;.vc_custom_1676920017047{background-color: #ffffff !important;}&#8221;][vc_column offset=&#8221;vc_hidden-lg vc_hidden-md vc_col-xs-12&#8243;][vc_single_image image=&#8221;10219&#8243; img_size=&#8221;200&#215;200&#8243; alignment=&#8221;center&#8221; css=&#8221;.vc_custom_1679512312386{margin-bottom: -35px !important;padding-right: 50px !important;padding-left: 50px !important;}&#8221;][vc_column_text css=&#8221;.vc_custom_1680550921900{padding-top: 25px !important;padding-right: 10px !important;padding-bottom: 25px !important;padding-left: 10px !important;}&#8221;]<\/p>\n<h1 style=\"font-size: 25px; text-align: center; line-height: 35px; color: #474747;\" id=\"controle-e-confianca\" >Controle e confian\u00e7a<\/h1>\n<p style=\"text-align: center; color: #676767;\">O <strong>Office Impresso<\/strong> oferece uma solu\u00e7\u00e3o completa e eficiente para gerenciamento de estoque, garantindo que os produtos utilizados em lotes sejam rastreados e controlados de forma precisa e confi\u00e1vel.<\/p>\n<p>[\/vc_column_text][\/vc_column][\/vc_row][vc_row full_width=&#8221;stretch_row_content&#8221; equal_height=&#8221;yes&#8221; css=&#8221;.vc_custom_1676920017047{background-color: #ffffff !important;}&#8221;][vc_column offset=&#8221;vc_hidden-lg vc_hidden-md vc_col-xs-12&#8243;][vc_column_text css=&#8221;.vc_custom_1680550945676{padding-top: 25px !important;padding-right: 10px !important;padding-bottom: 25px !important;padding-left: 10px !important;}&#8221;]<\/p>\n<ul style=\"color: #676767;\">\n<li>O Lote \u00e9 um conjunto de produtos ou mat\u00e9rias-primas que foram produzidos ou adquiridos em uma mesma ocasi\u00e3o e que possuem caracter\u00edsticas semelhantes.<\/li>\n<li>A utiliza\u00e7\u00e3o de lotes permite um controle mais eficiente sobre os produtos em estoque, garantindo que sejam utilizados na ordem correta e evitando desperd\u00edcio ou perda de produtos.<\/li>\n<li>O cadastro dos produtos em lotes no <strong>Office Impresso<\/strong> permite uma rastreabilidade completa dos produtos, desde a sua produ\u00e7\u00e3o ou aquisi\u00e7\u00e3o at\u00e9 o seu uso ou venda.<\/li>\n<li>O gerenciamento de lotes com o <strong>Office Impresso<\/strong> simplifica a gest\u00e3o do estoque, permitindo que os produtos utilizados em lotes sejam facilmente identificados e controlados.<\/li>\n<li>Usando o <strong>Office Impresso<\/strong> para o gerenciamento de lotes proporciona maior confian\u00e7a nos dados de estoque, evitando erros e permitindo uma tomada de decis\u00e3o mais assertiva.<\/li>\n<\/ul>\n<p>[\/vc_column_text][\/vc_column][vc_column offset=&#8221;vc_hidden-lg vc_hidden-md vc_col-xs-12&#8243; css=&#8221;.vc_custom_1676920219749{background-color: #f4f4f4 !important;}&#8221;][vc_single_image image=&#8221;9744&#8243; img_size=&#8221;200&#215;200&#8243; alignment=&#8221;center&#8221; css=&#8221;.vc_custom_1679512754234{margin-bottom: -35px !important;padding-right: 50px !important;padding-left: 50px !important;}&#8221;][vc_column_text css=&#8221;.vc_custom_1680551022337{padding-top: 25px !important;padding-right: 10px !important;padding-bottom: 25px !important;padding-left: 10px !important;}&#8221;]<\/p>\n<h1 style=\"font-size: 25px; text-align: center; line-height: 35px; color: #474747;\" id=\"simplifique-a-gestao-de-lotes\" >Simplifique a gest\u00e3o de lotes<\/h1>\n<p style=\"text-align: center; color: #676767;\">Com o <strong>Office Impresso<\/strong>, voc\u00ea pode cadastrar facilmente os produtos utilizados em lotes, incluindo artigos do estoque interno ou de terceiros, permitindo um controle preciso e eficiente do seu estoque.<\/p>\n<p>[\/vc_column_text][\/vc_column][\/vc_row]<\/p>\n","protected":false},"excerpt":{"rendered":"<p>[vc_row full_width=&#8221;stretch_row_content&#8221; css=&#8221;.vc_custom_1676920898231{margin-top: -70px !important;padding-bottom: 50px !important;background-position: center !important;background-repeat: no-repeat !important;background-size: cover !important;}&#8221;][vc_column css=&#8221;.vc_custom_1679508541144{background-image: url(https:\/\/oimpresso.com\/ajuda\/wp-content\/uploads\/2023\/03\/Lote.png?id=10218) !important;background-position: center !important;background-repeat: no-repeat !important;background-size: cover !important;}&#8221; offset=&#8221;vc_hidden-md vc_hidden-sm vc_hidden-xs&#8221;][vc_column_text css=&#8221;.vc_custom_1680550408874{padding-left: 50px !important;}&#8221;] Lote [\/vc_column_text][vc_column_text css=&#8221;.vc_custom_1680550453730{padding-right: 600px !important;padding-left: 50px !important;}&#8221;] Facilite o controle e rastreabilidade de produtos dentro do Office Impresso! [\/vc_column_text][vc_column_text css=&#8221;.vc_custom_1680550543992{padding-right: 630px !important;padding-left: 50px !important;}&#8221;] Aprenda a realizar &hellip; <a href=\"https:\/\/oimpresso.com\/ajuda\/lote\/\">Continued<\/a><\/p>\n","protected":false},"author":8,"featured_media":0,"parent":0,"menu_order":0,"comment_status":"closed","ping_status":"closed","template":"","meta":{"_bbp_topic_count":0,"_bbp_reply_count":0,"_bbp_total_topic_count":0,"_bbp_total_reply_count":0,"_bbp_voice_count":0,"_bbp_anonymous_reply_count":0,"_bbp_topic_count_hidden":0,"_bbp_reply_count_hidden":0,"_bbp_forum_subforum_count":0,"om_disable_all_campaigns":false,"_mi_skip_tracking":false},"yoast_head":"<!-- This site is optimized with the Yoast SEO plugin v20.5 - https:\/\/yoast.com\/wordpress\/plugins\/seo\/ -->\n<title>Lote<\/title>\n<meta name=\"robots\" content=\"index, follow, max-snippet:-1, max-image-preview:large, max-video-preview:-1\" \/>\n<link rel=\"canonical\" href=\"https:\/\/oimpresso.com\/ajuda\/lote\/\" \/>\n<meta property=\"og:locale\" content=\"pt_BR\" \/>\n<meta property=\"og:type\" content=\"article\" \/>\n<meta property=\"og:title\" content=\"Lote\" \/>\n<meta property=\"og:description\" content=\"[vc_row full_width=&#8221;stretch_row_content&#8221; css=&#8221;.vc_custom_1676920898231{margin-top: -70px !important;padding-bottom: 50px !important;background-position: center !important;background-repeat: no-repeat !important;background-size: cover !important;}&#8221;][vc_column css=&#8221;.vc_custom_1679508541144{background-image: url(https:\/\/oimpresso.com\/ajuda\/wp-content\/uploads\/2023\/03\/Lote.png?id=10218) !important;background-position: center !important;background-repeat: no-repeat !important;background-size: cover !important;}&#8221; offset=&#8221;vc_hidden-md vc_hidden-sm vc_hidden-xs&#8221;][vc_column_text css=&#8221;.vc_custom_1680550408874{padding-left: 50px !important;}&#8221;] Lote [\/vc_column_text][vc_column_text css=&#8221;.vc_custom_1680550453730{padding-right: 600px !important;padding-left: 50px !important;}&#8221;] Facilite o controle e rastreabilidade de produtos dentro do Office Impresso! [\/vc_column_text][vc_column_text css=&#8221;.vc_custom_1680550543992{padding-right: 630px !important;padding-left: 50px !important;}&#8221;] Aprenda a realizar &hellip; Continued\" \/>\n<meta property=\"og:url\" content=\"https:\/\/oimpresso.com\/ajuda\/lote\/\" \/>\n<meta property=\"og:site_name\" content=\"Office Impresso\" \/>\n<meta property=\"article:modified_time\" content=\"2023-04-03T19:43:22+00:00\" \/>\n<meta name=\"twitter:card\" content=\"summary_large_image\" \/>\n<meta name=\"twitter:label1\" content=\"Est. tempo de leitura\" \/>\n\t<meta name=\"twitter:data1\" content=\"7 minutos\" \/>\n<script type=\"application\/ld+json\" class=\"yoast-schema-graph\">{\"@context\":\"https:\/\/schema.org\",\"@graph\":[{\"@type\":\"WebPage\",\"@id\":\"https:\/\/oimpresso.com\/ajuda\/lote\/\",\"url\":\"https:\/\/oimpresso.com\/ajuda\/lote\/\",\"name\":\"Lote\",\"isPartOf\":{\"@id\":\"https:\/\/oimpresso.com\/ajuda\/#website\"},\"datePublished\":\"2023-01-16T19:37:13+00:00\",\"dateModified\":\"2023-04-03T19:43:22+00:00\",\"breadcrumb\":{\"@id\":\"https:\/\/oimpresso.com\/ajuda\/lote\/#breadcrumb\"},\"inLanguage\":\"pt-BR\",\"potentialAction\":[{\"@type\":\"ReadAction\",\"target\":[\"https:\/\/oimpresso.com\/ajuda\/lote\/\"]}]},{\"@type\":\"BreadcrumbList\",\"@id\":\"https:\/\/oimpresso.com\/ajuda\/lote\/#breadcrumb\",\"itemListElement\":[{\"@type\":\"ListItem\",\"position\":1,\"name\":\"In\u00edcio\",\"item\":\"https:\/\/oimpresso.com\/ajuda\/\"},{\"@type\":\"ListItem\",\"position\":2,\"name\":\"Lote\"}]},{\"@type\":\"WebSite\",\"@id\":\"https:\/\/oimpresso.com\/ajuda\/#website\",\"url\":\"https:\/\/oimpresso.com\/ajuda\/\",\"name\":\"Office Impresso\",\"description\":\"Portal de Ajuda\",\"publisher\":{\"@id\":\"https:\/\/oimpresso.com\/ajuda\/#organization\"},\"potentialAction\":[{\"@type\":\"SearchAction\",\"target\":{\"@type\":\"EntryPoint\",\"urlTemplate\":\"https:\/\/oimpresso.com\/ajuda\/?s={search_term_string}\"},\"query-input\":\"required name=search_term_string\"}],\"inLanguage\":\"pt-BR\"},{\"@type\":\"Organization\",\"@id\":\"https:\/\/oimpresso.com\/ajuda\/#organization\",\"name\":\"Office Impresso\",\"url\":\"https:\/\/oimpresso.com\/ajuda\/\",\"logo\":{\"@type\":\"ImageObject\",\"inLanguage\":\"pt-BR\",\"@id\":\"https:\/\/oimpresso.com\/ajuda\/#\/schema\/logo\/image\/\",\"url\":\"https:\/\/oimpresso.com\/ajuda\/wp-content\/uploads\/2023\/04\/LOGO-PRETA-Office-Impresso-e1680706829226.png\",\"contentUrl\":\"https:\/\/oimpresso.com\/ajuda\/wp-content\/uploads\/2023\/04\/LOGO-PRETA-Office-Impresso-e1680706829226.png\",\"width\":275,\"height\":77,\"caption\":\"Office Impresso\"},\"image\":{\"@id\":\"https:\/\/oimpresso.com\/ajuda\/#\/schema\/logo\/image\/\"}}]}<\/script>\n<!-- \/ Yoast SEO plugin. -->","yoast_head_json":{"title":"Lote","robots":{"index":"index","follow":"follow","max-snippet":"max-snippet:-1","max-image-preview":"max-image-preview:large","max-video-preview":"max-video-preview:-1"},"canonical":"https:\/\/oimpresso.com\/ajuda\/lote\/","og_locale":"pt_BR","og_type":"article","og_title":"Lote","og_description":"[vc_row full_width=&#8221;stretch_row_content&#8221; css=&#8221;.vc_custom_1676920898231{margin-top: -70px !important;padding-bottom: 50px !important;background-position: center !important;background-repeat: no-repeat !important;background-size: cover !important;}&#8221;][vc_column css=&#8221;.vc_custom_1679508541144{background-image: url(https:\/\/oimpresso.com\/ajuda\/wp-content\/uploads\/2023\/03\/Lote.png?id=10218) !important;background-position: center !important;background-repeat: no-repeat !important;background-size: cover !important;}&#8221; offset=&#8221;vc_hidden-md vc_hidden-sm vc_hidden-xs&#8221;][vc_column_text css=&#8221;.vc_custom_1680550408874{padding-left: 50px !important;}&#8221;] Lote [\/vc_column_text][vc_column_text css=&#8221;.vc_custom_1680550453730{padding-right: 600px !important;padding-left: 50px !important;}&#8221;] Facilite o controle e rastreabilidade de produtos dentro do Office Impresso! [\/vc_column_text][vc_column_text css=&#8221;.vc_custom_1680550543992{padding-right: 630px !important;padding-left: 50px !important;}&#8221;] Aprenda a realizar &hellip; Continued","og_url":"https:\/\/oimpresso.com\/ajuda\/lote\/","og_site_name":"Office Impresso","article_modified_time":"2023-04-03T19:43:22+00:00","twitter_card":"summary_large_image","twitter_misc":{"Est. tempo de leitura":"7 minutos"},"schema":{"@context":"https:\/\/schema.org","@graph":[{"@type":"WebPage","@id":"https:\/\/oimpresso.com\/ajuda\/lote\/","url":"https:\/\/oimpresso.com\/ajuda\/lote\/","name":"Lote","isPartOf":{"@id":"https:\/\/oimpresso.com\/ajuda\/#website"},"datePublished":"2023-01-16T19:37:13+00:00","dateModified":"2023-04-03T19:43:22+00:00","breadcrumb":{"@id":"https:\/\/oimpresso.com\/ajuda\/lote\/#breadcrumb"},"inLanguage":"pt-BR","potentialAction":[{"@type":"ReadAction","target":["https:\/\/oimpresso.com\/ajuda\/lote\/"]}]},{"@type":"BreadcrumbList","@id":"https:\/\/oimpresso.com\/ajuda\/lote\/#breadcrumb","itemListElement":[{"@type":"ListItem","position":1,"name":"In\u00edcio","item":"https:\/\/oimpresso.com\/ajuda\/"},{"@type":"ListItem","position":2,"name":"Lote"}]},{"@type":"WebSite","@id":"https:\/\/oimpresso.com\/ajuda\/#website","url":"https:\/\/oimpresso.com\/ajuda\/","name":"Office Impresso","description":"Portal de Ajuda","publisher":{"@id":"https:\/\/oimpresso.com\/ajuda\/#organization"},"potentialAction":[{"@type":"SearchAction","target":{"@type":"EntryPoint","urlTemplate":"https:\/\/oimpresso.com\/ajuda\/?s={search_term_string}"},"query-input":"required name=search_term_string"}],"inLanguage":"pt-BR"},{"@type":"Organization","@id":"https:\/\/oimpresso.com\/ajuda\/#organization","name":"Office Impresso","url":"https:\/\/oimpresso.com\/ajuda\/","logo":{"@type":"ImageObject","inLanguage":"pt-BR","@id":"https:\/\/oimpresso.com\/ajuda\/#\/schema\/logo\/image\/","url":"https:\/\/oimpresso.com\/ajuda\/wp-content\/uploads\/2023\/04\/LOGO-PRETA-Office-Impresso-e1680706829226.png","contentUrl":"https:\/\/oimpresso.com\/ajuda\/wp-content\/uploads\/2023\/04\/LOGO-PRETA-Office-Impresso-e1680706829226.png","width":275,"height":77,"caption":"Office Impresso"},"image":{"@id":"https:\/\/oimpresso.com\/ajuda\/#\/schema\/logo\/image\/"}}]}},"_links":{"self":[{"href":"https:\/\/oimpresso.com\/ajuda\/wp-json\/wp\/v2\/pages\/7728"}],"collection":[{"href":"https:\/\/oimpresso.com\/ajuda\/wp-json\/wp\/v2\/pages"}],"about":[{"href":"https:\/\/oimpresso.com\/ajuda\/wp-json\/wp\/v2\/types\/page"}],"author":[{"embeddable":true,"href":"https:\/\/oimpresso.com\/ajuda\/wp-json\/wp\/v2\/users\/8"}],"replies":[{"embeddable":true,"href":"https:\/\/oimpresso.com\/ajuda\/wp-json\/wp\/v2\/comments?post=7728"}],"version-history":[{"count":10,"href":"https:\/\/oimpresso.com\/ajuda\/wp-json\/wp\/v2\/pages\/7728\/revisions"}],"predecessor-version":[{"id":10885,"href":"https:\/\/oimpresso.com\/ajuda\/wp-json\/wp\/v2\/pages\/7728\/revisions\/10885"}],"wp:attachment":[{"href":"https:\/\/oimpresso.com\/ajuda\/wp-json\/wp\/v2\/media?parent=7728"}],"curies":[{"name":"wp","href":"https:\/\/api.w.org\/{rel}","templated":true}]}}