{"id":7718,"date":"2023-01-16T16:35:02","date_gmt":"2023-01-16T19:35:02","guid":{"rendered":"https:\/\/oimpresso.com\/ajuda\/?page_id=7718"},"modified":"2023-03-31T17:59:01","modified_gmt":"2023-03-31T20:59:01","slug":"boletos","status":"publish","type":"page","link":"https:\/\/oimpresso.com\/ajuda\/boletos\/","title":{"rendered":"Boletos"},"content":{"rendered":"<p>[vc_row full_width=&#8221;stretch_row_content&#8221; css=&#8221;.vc_custom_1676920898231{margin-top: -70px !important;padding-bottom: 50px !important;background-position: center !important;background-repeat: no-repeat !important;background-size: cover !important;}&#8221;][vc_column css=&#8221;.vc_custom_1676920964365{background-image: url(https:\/\/oimpresso.com\/ajuda\/wp-content\/uploads\/2023\/02\/banner-site-boleto.png?id=8509) !important;background-position: center !important;background-repeat: no-repeat !important;background-size: cover !important;}&#8221; offset=&#8221;vc_hidden-md vc_hidden-sm vc_hidden-xs&#8221;][vc_column_text css=&#8221;.vc_custom_1680295945771{padding-left: 50px !important;}&#8221;]<\/p>\n<h1 style=\"color: #474747;\" id=\"boletos\" >Boletos<\/h1>\n<p>[\/vc_column_text][vc_column_text css=&#8221;.vc_custom_1680295924068{padding-right: 600px !important;padding-left: 50px !important;}&#8221;]<\/p>\n<p style=\"font-size: 25px; color: #575757;\">Agilidade e facilidade na emiss\u00e3o de boletos e<br \/>\ncontrole na baixa de boletos.<\/p>\n<p>[\/vc_column_text][vc_column_text css=&#8221;.vc_custom_1680295865509{padding-right: 630px !important;padding-left: 50px !important;}&#8221;]<\/p>\n<p style=\"font-size: 20px; color: #676767;\">Com o <strong>Office Impresso<\/strong> voc\u00ea ter\u00e1 uma ferramenta que ir\u00e1<br \/>\n aumentar a agilidade na hora de cobrar por boletos.<\/p>\n<p>[\/vc_column_text][vc_column_text css=&#8221;.vc_custom_1680121382068{padding-left: 50px !important;}&#8221;]<a class=\"fancybox-iframe\" style=\"display: flex; align-items: center; justify-content: center; width: 100%; max-width: 200px; height: 45px; border-radius: 25px; background: #80387B; background-image: linear-gradient(to bottom, #80387B, #CF61CA); border: none; color: #ffffff; font-size: 16px; cursor: pointer; text-align: center; text-decoration: none;\" href=\"https:\/\/oimpresso.com\/ajuda\/solicitar-proposta\/\">Experimente Agora<\/a>[\/vc_column_text][vc_empty_space height=&#8221;100&#8243;][\/vc_column][\/vc_row][vc_row full_width=&#8221;stretch_row_content&#8221; css=&#8221;.vc_custom_1676921146248{margin-top: -20px !important;padding-bottom: 50px !important;background-position: center !important;background-repeat: no-repeat !important;background-size: cover !important;}&#8221;][vc_column css=&#8221;.vc_custom_1676921216255{background-image: url(https:\/\/oimpresso.com\/ajuda\/wp-content\/uploads\/2023\/02\/banner-site-boleto.png?id=8509) !important;background-position: center !important;background-repeat: no-repeat !important;background-size: cover !important;}&#8221; offset=&#8221;vc_hidden-lg vc_hidden-sm vc_hidden-xs&#8221;][vc_column_text css=&#8221;.vc_custom_1680295945771{padding-left: 50px !important;}&#8221;]<\/p>\n<h1 style=\"color: #474747;\" id=\"boletos\" >Boletos<\/h1>\n<p>[\/vc_column_text][vc_column_text css=&#8221;.vc_custom_1680295924068{padding-right: 600px !important;padding-left: 50px !important;}&#8221;]<\/p>\n<p style=\"font-size: 25px; color: #575757;\">Agilidade e facilidade na emiss\u00e3o de boletos e<br \/>\ncontrole na baixa de boletos.<\/p>\n<p>[\/vc_column_text][vc_column_text css=&#8221;.vc_custom_1680295865509{padding-right: 630px !important;padding-left: 50px !important;}&#8221;]<\/p>\n<p style=\"font-size: 20px; color: #676767;\">Com o <strong>Office Impresso<\/strong> voc\u00ea ter\u00e1 uma ferramenta que ir\u00e1<br \/>\n aumentar a agilidade na hora de cobrar por boletos.<\/p>\n<p>[\/vc_column_text][vc_column_text css=&#8221;.vc_custom_1680121445988{padding-left: 50px !important;}&#8221;]<a class=\"fancybox-iframe\" style=\"display: flex; align-items: center; justify-content: center; width: 100%; max-width: 200px; height: 45px; border-radius: 25px; background: #80387B; background-image: linear-gradient(to bottom, #80387B, #CF61CA); border: none; color: #ffffff; font-size: 16px; cursor: pointer; text-align: center; text-decoration: none;\" href=\"https:\/\/oimpresso.com\/ajuda\/solicitar-proposta\/\">Experimente Agora<\/a>[\/vc_column_text][vc_empty_space height=&#8221;100&#8243;][\/vc_column][\/vc_row][vc_row full_width=&#8221;stretch_row_content&#8221; css=&#8221;.vc_custom_1678390545895{margin-top: -65px !important;padding-bottom: 50px !important;background-position: center !important;background-repeat: no-repeat !important;background-size: cover !important;}&#8221;][vc_column css=&#8221;.vc_custom_1676921921382{background-position: center !important;background-repeat: no-repeat !important;background-size: cover !important;}&#8221; offset=&#8221;vc_hidden-lg vc_hidden-md vc_col-xs-12&#8243;][vc_column_text css=&#8221;.vc_custom_1680295993699{padding-right: 10px !important;padding-left: 10px !important;}&#8221;]<\/p>\n<h1 style=\"text-align: center; color: #474747;\" id=\"boletos\" >Boletos<\/h1>\n<p>[\/vc_column_text][vc_column_text css=&#8221;.vc_custom_1680296028777{padding-right: 10px !important;padding-left: 10px !important;}&#8221;]<\/p>\n<p style=\"text-align: center; font-size: 25px; color: #575757;\">Agilidade e facilidade na emiss\u00e3o de boletos e controle na baixa de boletos.<\/p>\n<p>[\/vc_column_text][vc_column_text css=&#8221;.vc_custom_1680296095377{padding-right: 10px !important;padding-left: 10px !important;}&#8221;]<\/p>\n<p style=\"text-align: center; color: #676767; font-size: 20px;\">Com o <strong>Office Impresso<\/strong> voc\u00ea ter\u00e1 uma ferramenta que ir\u00e1 aumentar a agilidade na hora de cobrar por boletos.<\/p>\n<p>[\/vc_column_text][vc_column_text css=&#8221;.vc_custom_1680121487507{margin-top: 20px !important;}&#8221;]<a style=\"width: 190px; height: 45px; border-radius: 25px; background: #80387B; background-image: linear-gradient(to bottom, #80387B, #CF61CA); border: none; color: #ffffff; font-size: 16px; cursor: pointer; display: flex; justify-content: center; align-items: center; margin: 0 auto; text-decoration: none;\" href=\"https:\/\/oimpresso.com\/ajuda\/solicitar-proposta\/;\">Experimente Agora<\/a>[\/vc_column_text][\/vc_column][vc_column offset=&#8221;vc_hidden-lg vc_hidden-md vc_col-xs-12&#8243; css=&#8221;.vc_custom_1676922762758{background-image: url(https:\/\/oimpresso.com\/ajuda\/wp-content\/uploads\/2023\/02\/banner-site-boleto-mobile-1.png?id=8698) !important;background-position: center !important;background-repeat: no-repeat !important;background-size: cover !important;}&#8221;][vc_empty_space height=&#8221;250px&#8221;][\/vc_column][\/vc_row][vc_row full_width=&#8221;stretch_row_content&#8221; content_placement=&#8221;middle&#8221;][vc_column offset=&#8221;vc_hidden-sm vc_col-xs-12 vc_hidden-xs&#8221;][vc_column_text css=&#8221;.vc_custom_1680296134827{padding-right: 50px !important;padding-left: 50px !important;}&#8221;]<\/p>\n<p style=\"font-size: 35px; text-align: center; line-height: 45px; color: #474747;\">Com o <strong>Office Impresso <\/strong>a emiss\u00e3o de boletos fica f\u00e1cil e r\u00e1pida<\/p>\n<p>[\/vc_column_text][\/vc_column][vc_column offset=&#8221;vc_hidden-lg vc_hidden-md vc_col-xs-12&#8243;][vc_column_text css=&#8221;.vc_custom_1680296154168{padding-right: 10px !important;padding-left: 10px !important;}&#8221;]<\/p>\n<p style=\"font-size: 35px; text-align: center; line-height: 45px; color: #474747;\">Com o <strong>Office Impresso <\/strong>a emiss\u00e3o de boletos fica f\u00e1cil e r\u00e1pida<\/p>\n<p>[\/vc_column_text][vc_separator][\/vc_column][\/vc_row][vc_row full_width=&#8221;stretch_row_content&#8221; equal_height=&#8221;yes&#8221; css=&#8221;.vc_custom_1676919941898{background-color: #ffffff !important;}&#8221;][vc_column width=&#8221;1\/2&#8243; offset=&#8221;vc_col-lg-6 vc_col-md-6 vc_hidden-sm vc_hidden-xs&#8221;][vc_single_image image=&#8221;10334&#8243; img_size=&#8221;200&#215;200&#8243; alignment=&#8221;center&#8221; css=&#8221;.vc_custom_1679684438967{margin-bottom: -35px !important;padding-right: 50px !important;padding-left: 50px !important;}&#8221;][vc_column_text css=&#8221;.vc_custom_1680296177904{padding-top: 25px !important;padding-right: 50px !important;padding-bottom: 25px !important;padding-left: 50px !important;}&#8221;]<\/p>\n<p style=\"font-size: 25px; text-align: center; line-height: 35px; color: #474747;\"><strong>Agilidade na emiss\u00e3o de boleto<\/strong><\/p>\n<p style=\"text-align: center; color: #676767;\">Configure a emiss\u00e3o de boleto uma \u00fanica vez e ganhe agilidade e praticidade na hora de efetuar as cobran\u00e7as por boleto.<\/p>\n<p>[\/vc_column_text][\/vc_column][vc_column width=&#8221;1\/2&#8243; offset=&#8221;vc_col-lg-6 vc_col-md-6 vc_hidden-sm vc_hidden-xs&#8221;][vc_single_image image=&#8221;10167&#8243; img_size=&#8221;200&#215;200&#8243; alignment=&#8221;center&#8221; css=&#8221;.vc_custom_1679684836650{margin-bottom: -35px !important;padding-right: 50px !important;padding-left: 50px !important;}&#8221;][vc_column_text css=&#8221;.vc_custom_1680296200897{padding-top: 25px !important;padding-right: 50px !important;padding-bottom: 25px !important;padding-left: 50px !important;}&#8221;]<\/p>\n<p style=\"font-size: 25px; text-align: center; line-height: 35px; color: #474747;\"><strong>Fa\u00e7a a baixa dos boletos atrav\u00e9s do arquivo de retorno<\/strong><\/p>\n<p style=\"text-align: center; color: #676767;\">Atualize o status dos seus boletos de maneira segura, importando o arquivo de retorno que \u00e9 gerado pelo banco.<\/p>\n<p>&nbsp;[\/vc_column_text][\/vc_column][\/vc_row][vc_row full_width=&#8221;stretch_row_content&#8221; equal_height=&#8221;yes&#8221; css=&#8221;.vc_custom_1676920017047{background-color: #ffffff !important;}&#8221;][vc_column offset=&#8221;vc_hidden-lg vc_hidden-md vc_col-xs-12&#8243;][vc_single_image image=&#8221;10334&#8243; img_size=&#8221;200&#215;200&#8243; alignment=&#8221;center&#8221; css=&#8221;.vc_custom_1679684438967{margin-bottom: -35px !important;padding-right: 50px !important;padding-left: 50px !important;}&#8221;][vc_column_text css=&#8221;.vc_custom_1680296217503{padding-top: 25px !important;padding-right: 10px !important;padding-bottom: 25px !important;padding-left: 10px !important;}&#8221;]<\/p>\n<p style=\"font-size: 25px; text-align: center; line-height: 35px; color: #474747;\"><strong>Agilidade na emiss\u00e3o de boleto<\/strong><\/p>\n<p style=\"text-align: center; color: #676767;\">Configure a emiss\u00e3o de boleto uma \u00fanica vez e ganhe agilidade e praticidade na hora de efetuar as cobran\u00e7as por boleto.<\/p>\n<p>[\/vc_column_text][\/vc_column][vc_column offset=&#8221;vc_hidden-lg vc_hidden-md vc_col-xs-12&#8243; css=&#8221;.vc_custom_1676920219749{background-color: #f4f4f4 !important;}&#8221;][vc_single_image image=&#8221;10167&#8243; img_size=&#8221;200&#215;200&#8243; alignment=&#8221;center&#8221; css=&#8221;.vc_custom_1679684836650{margin-bottom: -35px !important;padding-right: 50px !important;padding-left: 50px !important;}&#8221;][vc_column_text css=&#8221;.vc_custom_1680296244407{padding-top: 25px !important;padding-right: 10px !important;padding-bottom: 25px !important;padding-left: 10px !important;}&#8221;]<\/p>\n<p style=\"font-size: 25px; text-align: center; line-height: 35px; color: #474747;\"><strong>Fa\u00e7a a baixa dos boletos atrav\u00e9s do arquivo de retorno<\/strong><\/p>\n<p style=\"text-align: center; color: #676767;\">Atualize o status dos seus boletos de maneira segura, importando o arquivo de retorno que \u00e9 gerado pelo banco.<\/p>\n<p>&nbsp;[\/vc_column_text][\/vc_column][\/vc_row][vc_row full_width=&#8221;stretch_row_content&#8221; css=&#8221;.vc_custom_1676061727840{background-color: #f4f4f4 !important;}&#8221;][vc_column width=&#8221;1\/2&#8243; css=&#8221;.vc_custom_1676920472882{background-color: #f4f4f4 !important;}&#8221; offset=&#8221;vc_hidden-sm vc_hidden-xs&#8221;][vc_single_image image=&#8221;10198&#8243; img_size=&#8221;200&#215;200&#8243; alignment=&#8221;center&#8221; css=&#8221;.vc_custom_1679688871098{margin-bottom: -35px !important;padding-right: 50px !important;padding-left: 50px !important;}&#8221;][vc_column_text css=&#8221;.vc_custom_1680296305168{padding-top: 25px !important;padding-right: 50px !important;padding-bottom: 25px !important;padding-left: 50px !important;}&#8221;]<\/p>\n<p style=\"font-size: 25px; text-align: center; line-height: 35px; color: #474747;\"><strong>Boletos ilimitados sem taxas extras<\/strong><\/p>\n<p style=\"text-align: center; color: #676767;\">O Office Impresso n\u00e3o cobra taxas extras pela emiss\u00e3o de boletos pelo sistema.<\/p>\n<p>[\/vc_column_text][\/vc_column][vc_column width=&#8221;1\/2&#8243; offset=&#8221;vc_hidden-sm vc_hidden-xs&#8221;][vc_single_image image=&#8221;10337&#8243; img_size=&#8221;200&#215;200&#8243; alignment=&#8221;center&#8221; css=&#8221;.vc_custom_1679686199762{margin-bottom: -35px !important;padding-right: 50px !important;padding-left: 50px !important;}&#8221;][vc_column_text css=&#8221;.vc_custom_1680296322535{padding-top: 25px !important;padding-right: 50px !important;padding-bottom: 25px !important;padding-left: 50px !important;}&#8221;]<\/p>\n<p style=\"font-size: 25px; text-align: center; line-height: 35px; color: #474747;\"><strong>Integra\u00e7\u00e3o com alguns bancos digitais<\/strong><\/p>\n<p style=\"text-align: center; color: #676767;\">Emita boletos que ficam dispon\u00edveis para pagar dentro de minutos sem a necessidade de envio do arquivo de remessa. Deixando ainda mais f\u00e1cil e r\u00e1pido.<\/p>\n<p>&nbsp;[\/vc_column_text][\/vc_column][\/vc_row][vc_row full_width=&#8221;stretch_row_content&#8221;][vc_column offset=&#8221;vc_hidden-lg vc_hidden-md vc_col-xs-12&#8243;][vc_single_image image=&#8221;10198&#8243; img_size=&#8221;200&#215;200&#8243; alignment=&#8221;center&#8221; css=&#8221;.vc_custom_1679688871098{margin-bottom: -35px !important;padding-right: 50px !important;padding-left: 50px !important;}&#8221;][vc_column_text css=&#8221;.vc_custom_1680296340294{padding-top: 25px !important;padding-right: 10px !important;padding-bottom: 25px !important;padding-left: 10px !important;}&#8221;]<\/p>\n<p style=\"font-size: 25px; text-align: center; line-height: 35px; color: #474747;\"><strong>Boletos ilimitados sem taxas extras<\/strong><\/p>\n<p style=\"text-align: center; color: #676767;\">O Office Impresso n\u00e3o cobra taxas extras pela emiss\u00e3o de boletos pelo sistema.<\/p>\n<p>[\/vc_column_text][\/vc_column][vc_column css=&#8221;.vc_custom_1676920397004{background-color: #f4f4f4 !important;}&#8221; offset=&#8221;vc_hidden-lg vc_hidden-md vc_col-xs-12&#8243;][vc_single_image image=&#8221;10337&#8243; img_size=&#8221;200&#215;200&#8243; alignment=&#8221;center&#8221; css=&#8221;.vc_custom_1679686199762{margin-bottom: -35px !important;padding-right: 50px !important;padding-left: 50px !important;}&#8221;][vc_column_text css=&#8221;.vc_custom_1680296358273{padding-top: 25px !important;padding-right: 10px !important;padding-bottom: 25px !important;padding-left: 10px !important;}&#8221;]<\/p>\n<p style=\"font-size: 25px; text-align: center; line-height: 35px; color: #474747;\"><strong>Integra\u00e7\u00e3o com alguns bancos digitais<\/strong><\/p>\n<p style=\"text-align: center; color: #676767;\">Emita boletos que ficam dispon\u00edveis para pagar dentro de minutos sem a necessidade de envio do arquivo de remessa. Deixando ainda mais f\u00e1cil e r\u00e1pido.<\/p>\n<p>&nbsp;[\/vc_column_text][\/vc_column][\/vc_row]<\/p>\n","protected":false},"excerpt":{"rendered":"<p>[vc_row full_width=&#8221;stretch_row_content&#8221; css=&#8221;.vc_custom_1676920898231{margin-top: -70px !important;padding-bottom: 50px !important;background-position: center !important;background-repeat: no-repeat !important;background-size: cover !important;}&#8221;][vc_column css=&#8221;.vc_custom_1676920964365{background-image: url(https:\/\/oimpresso.com\/ajuda\/wp-content\/uploads\/2023\/02\/banner-site-boleto.png?id=8509) !important;background-position: center !important;background-repeat: no-repeat !important;background-size: cover !important;}&#8221; offset=&#8221;vc_hidden-md vc_hidden-sm vc_hidden-xs&#8221;][vc_column_text css=&#8221;.vc_custom_1680295945771{padding-left: 50px !important;}&#8221;] Boletos [\/vc_column_text][vc_column_text css=&#8221;.vc_custom_1680295924068{padding-right: 600px !important;padding-left: 50px !important;}&#8221;] Agilidade e facilidade na emiss\u00e3o de boletos e controle na baixa de boletos. [\/vc_column_text][vc_column_text css=&#8221;.vc_custom_1680295865509{padding-right: 630px !important;padding-left: 50px !important;}&#8221;] Com &hellip; <a href=\"https:\/\/oimpresso.com\/ajuda\/boletos\/\">Continued<\/a><\/p>\n","protected":false},"author":2,"featured_media":0,"parent":0,"menu_order":0,"comment_status":"closed","ping_status":"closed","template":"","meta":{"_bbp_topic_count":0,"_bbp_reply_count":0,"_bbp_total_topic_count":0,"_bbp_total_reply_count":0,"_bbp_voice_count":0,"_bbp_anonymous_reply_count":0,"_bbp_topic_count_hidden":0,"_bbp_reply_count_hidden":0,"_bbp_forum_subforum_count":0,"om_disable_all_campaigns":false,"_mi_skip_tracking":false},"yoast_head":"<!-- This site is optimized with the Yoast SEO plugin v20.5 - https:\/\/yoast.com\/wordpress\/plugins\/seo\/ -->\n<title>Boletos<\/title>\n<meta name=\"robots\" content=\"index, follow, max-snippet:-1, max-image-preview:large, max-video-preview:-1\" \/>\n<link rel=\"canonical\" href=\"https:\/\/oimpresso.com\/ajuda\/boletos\/\" \/>\n<meta property=\"og:locale\" content=\"pt_BR\" \/>\n<meta property=\"og:type\" content=\"article\" \/>\n<meta property=\"og:title\" content=\"Boletos\" \/>\n<meta property=\"og:description\" content=\"[vc_row full_width=&#8221;stretch_row_content&#8221; css=&#8221;.vc_custom_1676920898231{margin-top: -70px !important;padding-bottom: 50px !important;background-position: center !important;background-repeat: no-repeat !important;background-size: cover !important;}&#8221;][vc_column css=&#8221;.vc_custom_1676920964365{background-image: url(https:\/\/oimpresso.com\/ajuda\/wp-content\/uploads\/2023\/02\/banner-site-boleto.png?id=8509) !important;background-position: center !important;background-repeat: no-repeat !important;background-size: cover !important;}&#8221; offset=&#8221;vc_hidden-md vc_hidden-sm vc_hidden-xs&#8221;][vc_column_text css=&#8221;.vc_custom_1680295945771{padding-left: 50px !important;}&#8221;] Boletos [\/vc_column_text][vc_column_text css=&#8221;.vc_custom_1680295924068{padding-right: 600px !important;padding-left: 50px !important;}&#8221;] Agilidade e facilidade na emiss\u00e3o de boletos e controle na baixa de boletos. [\/vc_column_text][vc_column_text css=&#8221;.vc_custom_1680295865509{padding-right: 630px !important;padding-left: 50px !important;}&#8221;] Com &hellip; Continued\" \/>\n<meta property=\"og:url\" content=\"https:\/\/oimpresso.com\/ajuda\/boletos\/\" \/>\n<meta property=\"og:site_name\" content=\"Office Impresso\" \/>\n<meta property=\"article:modified_time\" content=\"2023-03-31T20:59:01+00:00\" \/>\n<meta name=\"twitter:card\" content=\"summary_large_image\" \/>\n<meta name=\"twitter:label1\" content=\"Est. tempo de leitura\" \/>\n\t<meta name=\"twitter:data1\" content=\"7 minutos\" \/>\n<script type=\"application\/ld+json\" class=\"yoast-schema-graph\">{\"@context\":\"https:\/\/schema.org\",\"@graph\":[{\"@type\":\"WebPage\",\"@id\":\"https:\/\/oimpresso.com\/ajuda\/boletos\/\",\"url\":\"https:\/\/oimpresso.com\/ajuda\/boletos\/\",\"name\":\"Boletos\",\"isPartOf\":{\"@id\":\"https:\/\/oimpresso.com\/ajuda\/#website\"},\"datePublished\":\"2023-01-16T19:35:02+00:00\",\"dateModified\":\"2023-03-31T20:59:01+00:00\",\"breadcrumb\":{\"@id\":\"https:\/\/oimpresso.com\/ajuda\/boletos\/#breadcrumb\"},\"inLanguage\":\"pt-BR\",\"potentialAction\":[{\"@type\":\"ReadAction\",\"target\":[\"https:\/\/oimpresso.com\/ajuda\/boletos\/\"]}]},{\"@type\":\"BreadcrumbList\",\"@id\":\"https:\/\/oimpresso.com\/ajuda\/boletos\/#breadcrumb\",\"itemListElement\":[{\"@type\":\"ListItem\",\"position\":1,\"name\":\"In\u00edcio\",\"item\":\"https:\/\/oimpresso.com\/ajuda\/\"},{\"@type\":\"ListItem\",\"position\":2,\"name\":\"Boletos\"}]},{\"@type\":\"WebSite\",\"@id\":\"https:\/\/oimpresso.com\/ajuda\/#website\",\"url\":\"https:\/\/oimpresso.com\/ajuda\/\",\"name\":\"Office Impresso\",\"description\":\"Portal de Ajuda\",\"publisher\":{\"@id\":\"https:\/\/oimpresso.com\/ajuda\/#organization\"},\"potentialAction\":[{\"@type\":\"SearchAction\",\"target\":{\"@type\":\"EntryPoint\",\"urlTemplate\":\"https:\/\/oimpresso.com\/ajuda\/?s={search_term_string}\"},\"query-input\":\"required name=search_term_string\"}],\"inLanguage\":\"pt-BR\"},{\"@type\":\"Organization\",\"@id\":\"https:\/\/oimpresso.com\/ajuda\/#organization\",\"name\":\"Office Impresso\",\"url\":\"https:\/\/oimpresso.com\/ajuda\/\",\"logo\":{\"@type\":\"ImageObject\",\"inLanguage\":\"pt-BR\",\"@id\":\"https:\/\/oimpresso.com\/ajuda\/#\/schema\/logo\/image\/\",\"url\":\"https:\/\/oimpresso.com\/ajuda\/wp-content\/uploads\/2023\/04\/LOGO-PRETA-Office-Impresso-e1680706829226.png\",\"contentUrl\":\"https:\/\/oimpresso.com\/ajuda\/wp-content\/uploads\/2023\/04\/LOGO-PRETA-Office-Impresso-e1680706829226.png\",\"width\":275,\"height\":77,\"caption\":\"Office Impresso\"},\"image\":{\"@id\":\"https:\/\/oimpresso.com\/ajuda\/#\/schema\/logo\/image\/\"}}]}<\/script>\n<!-- \/ Yoast SEO plugin. -->","yoast_head_json":{"title":"Boletos","robots":{"index":"index","follow":"follow","max-snippet":"max-snippet:-1","max-image-preview":"max-image-preview:large","max-video-preview":"max-video-preview:-1"},"canonical":"https:\/\/oimpresso.com\/ajuda\/boletos\/","og_locale":"pt_BR","og_type":"article","og_title":"Boletos","og_description":"[vc_row full_width=&#8221;stretch_row_content&#8221; css=&#8221;.vc_custom_1676920898231{margin-top: -70px !important;padding-bottom: 50px !important;background-position: center !important;background-repeat: no-repeat !important;background-size: cover !important;}&#8221;][vc_column css=&#8221;.vc_custom_1676920964365{background-image: url(https:\/\/oimpresso.com\/ajuda\/wp-content\/uploads\/2023\/02\/banner-site-boleto.png?id=8509) !important;background-position: center !important;background-repeat: no-repeat !important;background-size: cover !important;}&#8221; offset=&#8221;vc_hidden-md vc_hidden-sm vc_hidden-xs&#8221;][vc_column_text css=&#8221;.vc_custom_1680295945771{padding-left: 50px !important;}&#8221;] Boletos [\/vc_column_text][vc_column_text css=&#8221;.vc_custom_1680295924068{padding-right: 600px !important;padding-left: 50px !important;}&#8221;] Agilidade e facilidade na emiss\u00e3o de boletos e controle na baixa de boletos. [\/vc_column_text][vc_column_text css=&#8221;.vc_custom_1680295865509{padding-right: 630px !important;padding-left: 50px !important;}&#8221;] Com &hellip; Continued","og_url":"https:\/\/oimpresso.com\/ajuda\/boletos\/","og_site_name":"Office Impresso","article_modified_time":"2023-03-31T20:59:01+00:00","twitter_card":"summary_large_image","twitter_misc":{"Est. tempo de leitura":"7 minutos"},"schema":{"@context":"https:\/\/schema.org","@graph":[{"@type":"WebPage","@id":"https:\/\/oimpresso.com\/ajuda\/boletos\/","url":"https:\/\/oimpresso.com\/ajuda\/boletos\/","name":"Boletos","isPartOf":{"@id":"https:\/\/oimpresso.com\/ajuda\/#website"},"datePublished":"2023-01-16T19:35:02+00:00","dateModified":"2023-03-31T20:59:01+00:00","breadcrumb":{"@id":"https:\/\/oimpresso.com\/ajuda\/boletos\/#breadcrumb"},"inLanguage":"pt-BR","potentialAction":[{"@type":"ReadAction","target":["https:\/\/oimpresso.com\/ajuda\/boletos\/"]}]},{"@type":"BreadcrumbList","@id":"https:\/\/oimpresso.com\/ajuda\/boletos\/#breadcrumb","itemListElement":[{"@type":"ListItem","position":1,"name":"In\u00edcio","item":"https:\/\/oimpresso.com\/ajuda\/"},{"@type":"ListItem","position":2,"name":"Boletos"}]},{"@type":"WebSite","@id":"https:\/\/oimpresso.com\/ajuda\/#website","url":"https:\/\/oimpresso.com\/ajuda\/","name":"Office Impresso","description":"Portal de Ajuda","publisher":{"@id":"https:\/\/oimpresso.com\/ajuda\/#organization"},"potentialAction":[{"@type":"SearchAction","target":{"@type":"EntryPoint","urlTemplate":"https:\/\/oimpresso.com\/ajuda\/?s={search_term_string}"},"query-input":"required name=search_term_string"}],"inLanguage":"pt-BR"},{"@type":"Organization","@id":"https:\/\/oimpresso.com\/ajuda\/#organization","name":"Office Impresso","url":"https:\/\/oimpresso.com\/ajuda\/","logo":{"@type":"ImageObject","inLanguage":"pt-BR","@id":"https:\/\/oimpresso.com\/ajuda\/#\/schema\/logo\/image\/","url":"https:\/\/oimpresso.com\/ajuda\/wp-content\/uploads\/2023\/04\/LOGO-PRETA-Office-Impresso-e1680706829226.png","contentUrl":"https:\/\/oimpresso.com\/ajuda\/wp-content\/uploads\/2023\/04\/LOGO-PRETA-Office-Impresso-e1680706829226.png","width":275,"height":77,"caption":"Office Impresso"},"image":{"@id":"https:\/\/oimpresso.com\/ajuda\/#\/schema\/logo\/image\/"}}]}},"_links":{"self":[{"href":"https:\/\/oimpresso.com\/ajuda\/wp-json\/wp\/v2\/pages\/7718"}],"collection":[{"href":"https:\/\/oimpresso.com\/ajuda\/wp-json\/wp\/v2\/pages"}],"about":[{"href":"https:\/\/oimpresso.com\/ajuda\/wp-json\/wp\/v2\/types\/page"}],"author":[{"embeddable":true,"href":"https:\/\/oimpresso.com\/ajuda\/wp-json\/wp\/v2\/users\/2"}],"replies":[{"embeddable":true,"href":"https:\/\/oimpresso.com\/ajuda\/wp-json\/wp\/v2\/comments?post=7718"}],"version-history":[{"count":34,"href":"https:\/\/oimpresso.com\/ajuda\/wp-json\/wp\/v2\/pages\/7718\/revisions"}],"predecessor-version":[{"id":10829,"href":"https:\/\/oimpresso.com\/ajuda\/wp-json\/wp\/v2\/pages\/7718\/revisions\/10829"}],"wp:attachment":[{"href":"https:\/\/oimpresso.com\/ajuda\/wp-json\/wp\/v2\/media?parent=7718"}],"curies":[{"name":"wp","href":"https:\/\/api.w.org\/{rel}","templated":true}]}}