{"id":7716,"date":"2023-01-16T16:34:28","date_gmt":"2023-01-16T19:34:28","guid":{"rendered":"https:\/\/oimpresso.com\/ajuda\/?page_id=7716"},"modified":"2023-03-31T17:48:42","modified_gmt":"2023-03-31T20:48:42","slug":"contratos","status":"publish","type":"page","link":"https:\/\/oimpresso.com\/ajuda\/contratos\/","title":{"rendered":"Contratos"},"content":{"rendered":"<p>[vc_row full_width=&#8221;stretch_row_content&#8221; css=&#8221;.vc_custom_1677089094705{margin-top: -70px !important;padding-bottom: 50px !important;background-position: center !important;background-repeat: no-repeat !important;background-size: cover !important;}&#8221;][vc_column css=&#8221;.vc_custom_1677089552808{background-image: url(https:\/\/oimpresso.com\/ajuda\/wp-content\/uploads\/2023\/02\/banner-site-contratos.png?id=8809) !important;background-position: center !important;background-repeat: no-repeat !important;background-size: cover !important;}&#8221; offset=&#8221;vc_hidden-md vc_hidden-sm vc_hidden-xs&#8221;][vc_column_text css=&#8221;.vc_custom_1680286809137{padding-left: 50px !important;}&#8221;]<\/p>\n<h1 style=\"color: #474747;\" id=\"contratos\" >Contratos<\/h1>\n<p>[\/vc_column_text][vc_column_text css=&#8221;.vc_custom_1680295490949{padding-right: 600px !important;padding-left: 50px !important;}&#8221;]<\/p>\n<p style=\"color: #575757; font-size: 25px; line-height: 1.3;\">Evite problemas de cobran\u00e7as gerando contratos que s\u00e3o<br \/>\ncobrados mensalmente de forma autom\u00e1tica.<\/p>\n<p>[\/vc_column_text][vc_column_text css=&#8221;.vc_custom_1680295498681{padding-right: 630px !important;padding-left: 50px !important;}&#8221;]<\/p>\n<p style=\"color: #676767; font-size: 20px;\">Com o <strong>Office Impresso<\/strong> voc\u00ea tem cobran\u00e7as autom\u00e1ticas que te<br \/>\najudar\u00e3o na cobran\u00e7a de mensalidades.<\/p>\n<p>[\/vc_column_text][vc_column_text css=&#8221;.vc_custom_1680120908940{padding-left: 50px !important;}&#8221;]<a class=\"fancybox-iframe\" style=\"display: flex; align-items: center; justify-content: center; width: 100%; max-width: 200px; height: 45px; border-radius: 25px; background: #80387B; background-image: linear-gradient(to bottom, #80387B, #CF61CA); border: none; color: #ffffff; font-size: 16px; cursor: pointer; text-align: center; text-decoration: none;\" href=\"https:\/\/oimpresso.com\/ajuda\/solicitar-proposta\/\">Entramos em Contato<\/a>[\/vc_column_text][\/vc_column][\/vc_row][vc_row full_width=&#8221;stretch_row_content&#8221; css=&#8221;.vc_custom_1680287100682{margin-top: -20px !important;padding-bottom: 50px !important;background-position: center !important;background-repeat: no-repeat !important;background-size: cover !important;}&#8221;][vc_column css=&#8221;.vc_custom_1680287112973{background-image: url(https:\/\/oimpresso.com\/ajuda\/wp-content\/uploads\/2023\/02\/banner-site-contratos.png?id=8809) !important;background-position: center !important;background-repeat: no-repeat !important;background-size: cover !important;}&#8221; offset=&#8221;vc_hidden-lg vc_hidden-sm vc_hidden-xs&#8221;][vc_column_text css=&#8221;.vc_custom_1680286809137{padding-left: 50px !important;}&#8221;]<\/p>\n<h1 style=\"color: #474747;\" id=\"contratos\" >Contratos<\/h1>\n<p>[\/vc_column_text][vc_column_text css=&#8221;.vc_custom_1680295507921{padding-right: 600px !important;padding-left: 50px !important;}&#8221;]<\/p>\n<p style=\"color: #575757; font-size: 25px; line-height: 1.3;\">Evite problemas de cobran\u00e7as gerando contratos que s\u00e3o<br \/>\ncobrados mensalmente de forma autom\u00e1tica.<\/p>\n<p>[\/vc_column_text][vc_column_text css=&#8221;.vc_custom_1680295514825{padding-right: 630px !important;padding-left: 50px !important;}&#8221;]<\/p>\n<p style=\"color: #676767; font-size: 20px;\">Com o <strong>Office Impresso<\/strong> voc\u00ea tem cobran\u00e7as autom\u00e1ticas que te<br \/>\najudar\u00e3o na cobran\u00e7a de mensalidades.<\/p>\n<p>[\/vc_column_text][vc_column_text css=&#8221;.vc_custom_1680120908940{padding-left: 50px !important;}&#8221;]<a class=\"fancybox-iframe\" style=\"display: flex; align-items: center; justify-content: center; width: 100%; max-width: 200px; height: 45px; border-radius: 25px; background: #80387B; background-image: linear-gradient(to bottom, #80387B, #CF61CA); border: none; color: #ffffff; font-size: 16px; cursor: pointer; text-align: center; text-decoration: none;\" href=\"https:\/\/oimpresso.com\/ajuda\/solicitar-proposta\/\">Entramos em Contato<\/a>[\/vc_column_text][\/vc_column][\/vc_row][vc_row full_width=&#8221;stretch_row_content&#8221; css=&#8221;.vc_custom_1677090253366{margin-top: -65px !important;padding-bottom: 50px !important;background-position: center !important;background-repeat: no-repeat !important;background-size: cover !important;}&#8221;][vc_column css=&#8221;.vc_custom_1677090049870{background-position: center !important;background-repeat: no-repeat !important;background-size: cover !important;}&#8221; offset=&#8221;vc_hidden-lg vc_hidden-md vc_col-xs-12&#8243;][vc_column_text css=&#8221;.vc_custom_1680287163836{padding-right: 10px !important;padding-left: 10px !important;}&#8221;]<\/p>\n<h1 style=\"color: #474747; text-align: center;\" id=\"contratos\" >Contratos<\/h1>\n<p>[\/vc_column_text][vc_column_text css=&#8221;.vc_custom_1680287175010{padding-right: 10px !important;padding-left: 10px !important;}&#8221;]<\/p>\n<p style=\"color: #575757; font-size: 25px; line-height: 1.3; text-align: center;\">Evite problemas de cobran\u00e7as gerando contratos que s\u00e3o cobrados mensalmente de forma autom\u00e1tica.<\/p>\n<p>[\/vc_column_text][vc_column_text css=&#8221;.vc_custom_1680287193907{padding-right: 10px !important;padding-left: 10px !important;}&#8221;]<\/p>\n<p style=\"color: #676767; font-size: 20px; text-align: center;\">Com o <strong>Office Impresso<\/strong> voc\u00ea tem cobran\u00e7as autom\u00e1ticas que te ajudar\u00e3o na cobran\u00e7a de mensalidades.<\/p>\n<p>[\/vc_column_text][vc_column_text css=&#8221;.vc_custom_1680120996154{margin-top: 20px !important;}&#8221;]<a style=\"width: 190px; height: 45px; border-radius: 25px; background: #80387B; background-image: linear-gradient(to bottom, #80387B, #CF61CA); border: none; color: #ffffff; font-size: 16px; cursor: pointer; display: flex; justify-content: center; align-items: center; margin: 0 auto; text-decoration: none;\" href=\"https:\/\/oimpresso.com\/ajuda\/solicitar-proposta\/;\">Entramos em Contato<\/a>[\/vc_column_text][\/vc_column][vc_column offset=&#8221;vc_hidden-lg vc_hidden-md vc_col-xs-12&#8243; css=&#8221;.vc_custom_1677090137218{background-image: url(https:\/\/oimpresso.com\/ajuda\/wp-content\/uploads\/2023\/02\/banner-site-contratos-mobile.png?id=8813) !important;background-position: center !important;background-repeat: no-repeat !important;background-size: cover !important;}&#8221;][vc_empty_space height=&#8221;250px&#8221;][vc_empty_space][\/vc_column][\/vc_row][vc_row full_width=&#8221;stretch_row_content&#8221; content_placement=&#8221;middle&#8221;][vc_column offset=&#8221;vc_hidden-sm vc_hidden-xs&#8221;][vc_column_text css=&#8221;.vc_custom_1680287298632{padding-right: 50px !important;padding-left: 50px !important;}&#8221;]<\/p>\n<p style=\"font-size: 35px; text-align: center; line-height: 45px; color: #474747;\">Evite problemas de esquecer o envio do <strong>boleto<\/strong> na hora de <strong>cobrar uma mensalidade<\/strong> com a <strong>cobran\u00e7a autom\u00e1tica de mensalidades<\/strong> geradas por contratos<\/p>\n<p>[\/vc_column_text][vc_separator][vc_column_text css=&#8221;.vc_custom_1680287379640{padding-top: 25px !important;padding-right: 50px !important;padding-left: 50px !important;}&#8221;]<\/p>\n<p style=\"font-size: 25px; text-align: center; line-height: 35px; color: #676767;\"><strong>Quais as vantagens de utilizar o contrato?<\/strong><\/p>\n<p>[\/vc_column_text][\/vc_column][\/vc_row][vc_row full_width=&#8221;stretch_row_content&#8221; content_placement=&#8221;middle&#8221;][vc_column offset=&#8221;vc_hidden-lg vc_hidden-md&#8221;][vc_column_text css=&#8221;.vc_custom_1680287445175{padding-right: 10px !important;padding-left: 10px !important;}&#8221;]<\/p>\n<p style=\"font-size: 35px; text-align: center; line-height: 45px; color: #474747;\">Evite problemas de esquecer o envio do <strong>boleto<\/strong> na hora de <strong>cobrar uma mensalidade<\/strong> com a <strong>cobran\u00e7a autom\u00e1tica de mensalidades<\/strong> geradas por contratos<\/p>\n<p>[\/vc_column_text][vc_separator][vc_column_text css=&#8221;.vc_custom_1680287455592{padding-top: 20px !important;padding-right: 10px !important;padding-left: 10px !important;}&#8221;]<\/p>\n<p style=\"font-size: 25px; text-align: center; line-height: 35px; color: #676767;\"><strong>Quais as vantagens de utilizar o contrato?<\/strong><\/p>\n<p>[\/vc_column_text][\/vc_column][\/vc_row][vc_row full_width=&#8221;stretch_row_content&#8221; css=&#8221;.vc_custom_1676379957246{background-color: #ffffff !important;}&#8221;][vc_column width=&#8221;1\/2&#8243; offset=&#8221;vc_hidden-sm vc_hidden-xs&#8221;][vc_single_image image=&#8221;9689&#8243; img_size=&#8221;200&#215;200&#8243; alignment=&#8221;center&#8221; css=&#8221;.vc_custom_1679429887832{margin-bottom: -20px !important;}&#8221;][vc_column_text css=&#8221;.vc_custom_1680295581934{padding-right: 50px !important;padding-bottom: 25px !important;padding-left: 50px !important;}&#8221;]<\/p>\n<p style=\"font-size: 25px; text-align: center; line-height: 35px; color: #474747;\"><strong>Cobran\u00e7a autom\u00e1tica<\/strong><\/p>\n<p style=\"text-align: center; color: #676767;\">Evite a falta do envio do boleto de cobran\u00e7a o Office Impresso faz o envio para voc\u00ea.<\/p>\n<p>[\/vc_column_text][\/vc_column][vc_column width=&#8221;1\/2&#8243; offset=&#8221;vc_hidden-sm vc_hidden-xs&#8221;][vc_single_image image=&#8221;9924&#8243; img_size=&#8221;200&#215;200&#8243; alignment=&#8221;center&#8221; css=&#8221;.vc_custom_1679429879600{margin-bottom: -20px !important;}&#8221;][vc_column_text css=&#8221;.vc_custom_1680295599230{padding-right: 50px !important;padding-bottom: 25px !important;padding-left: 50px !important;}&#8221;]<\/p>\n<p style=\"font-size: 25px; text-align: center; line-height: 35px; color: #474747;\"><strong>F\u00e1cil de usar<\/strong><\/p>\n<p style=\"text-align: center; color: #676767;\">O aplicativo de contratos tem uma configura\u00e7\u00e3o simples e r\u00e1pida de se fazer.<\/p>\n<p>[\/vc_column_text][\/vc_column][\/vc_row][vc_row full_width=&#8221;stretch_row_content&#8221; css=&#8221;.vc_custom_1676379957246{background-color: #ffffff !important;}&#8221;][vc_column offset=&#8221;vc_hidden-lg vc_hidden-md vc_col-xs-12&#8243;][vc_single_image image=&#8221;9689&#8243; img_size=&#8221;200&#215;200&#8243; alignment=&#8221;center&#8221; css=&#8221;.vc_custom_1679429887832{margin-bottom: -20px !important;}&#8221;][vc_column_text css=&#8221;.vc_custom_1680295620494{padding-right: 10px !important;padding-bottom: 25px !important;padding-left: 10px !important;}&#8221;]<\/p>\n<p style=\"font-size: 25px; text-align: center; line-height: 35px; color: #474747;\"><strong>Cobran\u00e7a autom\u00e1tica<\/strong><\/p>\n<p style=\"text-align: center; color: #676767;\">Evite a falta do envio do boleto de cobran\u00e7a o Office Impresso faz o envio para voc\u00ea.<\/p>\n<p>[\/vc_column_text][\/vc_column][vc_column offset=&#8221;vc_hidden-lg vc_hidden-md vc_col-xs-12&#8243; css=&#8221;.vc_custom_1677090558105{background-color: #f4f4f4 !important;}&#8221;][vc_single_image image=&#8221;9924&#8243; img_size=&#8221;200&#215;200&#8243; alignment=&#8221;center&#8221; css=&#8221;.vc_custom_1679429879600{margin-bottom: -20px !important;}&#8221;][vc_column_text css=&#8221;.vc_custom_1680295639542{padding-right: 10px !important;padding-bottom: 25px !important;padding-left: 10px !important;}&#8221;]<\/p>\n<p style=\"font-size: 25px; text-align: center; line-height: 35px; color: #474747;\"><strong>F\u00e1cil de usar<\/strong><\/p>\n<p style=\"text-align: center; color: #676767;\">O aplicativo de contratos tem uma configura\u00e7\u00e3o simples e r\u00e1pida de se fazer.<\/p>\n<p>[\/vc_column_text][\/vc_column][\/vc_row][vc_row full_width=&#8221;stretch_row_content&#8221; css=&#8221;.vc_custom_1676061727840{background-color: #f4f4f4 !important;}&#8221;][vc_column width=&#8221;1\/2&#8243; offset=&#8221;vc_hidden-sm vc_hidden-xs&#8221;][vc_single_image image=&#8221;9809&#8243; img_size=&#8221;200&#215;200&#8243; alignment=&#8221;center&#8221; css=&#8221;.vc_custom_1679430646646{margin-bottom: -20px !important;}&#8221;][vc_column_text css=&#8221;.vc_custom_1680295657566{padding-right: 50px !important;padding-bottom: 25px !important;padding-left: 50px !important;}&#8221;]<\/p>\n<p style=\"font-size: 25px; text-align: center; line-height: 35px; color: #474747;\"><strong>Aviso de vencimento<\/strong><\/p>\n<p style=\"text-align: center; color: #676767;\"><span data-offset-key=\"8ssn7-168-0\">O sistema avisar\u00e1 seu cliente que o boleto est\u00e1 pr\u00f3ximo de vencer<\/span><span data-offset-key=\"8ssn7-209-0\">.<\/span><\/p>\n<p>[\/vc_column_text][\/vc_column][vc_column width=&#8221;1\/2&#8243; offset=&#8221;vc_hidden-sm vc_hidden-xs&#8221;][vc_single_image image=&#8221;9924&#8243; img_size=&#8221;200&#215;200&#8243; alignment=&#8221;center&#8221; css=&#8221;.vc_custom_1679429879600{margin-bottom: -20px !important;}&#8221;][vc_column_text css=&#8221;.vc_custom_1680295696086{padding-right: 50px !important;padding-bottom: 25px !important;padding-left: 50px !important;}&#8221;]<\/p>\n<p style=\"font-size: 25px; text-align: center; line-height: 35px; color: #474747;\"><strong>Modelos diferentes de cobran\u00e7as<\/strong><\/p>\n<p style=\"text-align: center; color: #676767;\"><span data-offset-key=\"8ssn7-209-0\">Voc\u00ea poder\u00e1 configurar tipos de cobran\u00e7a diferentes para mensalidades vencidas.<\/span><\/p>\n<p>[\/vc_column_text][\/vc_column][\/vc_row][vc_row full_width=&#8221;stretch_row_content&#8221;][vc_column offset=&#8221;vc_hidden-lg vc_hidden-md vc_col-xs-12&#8243;][vc_single_image image=&#8221;9809&#8243; img_size=&#8221;200&#215;200&#8243; alignment=&#8221;center&#8221; css=&#8221;.vc_custom_1679430646646{margin-bottom: -20px !important;}&#8221;][vc_column_text css=&#8221;.vc_custom_1680295719189{padding-right: 10px !important;padding-bottom: 25px !important;padding-left: 10px !important;}&#8221;]<\/p>\n<p style=\"font-size: 25px; text-align: center; line-height: 35px; color: #474747;\"><strong>Aviso de vencimento<\/strong><\/p>\n<p style=\"text-align: center; color: #676767;\"><span data-offset-key=\"8ssn7-168-0\">O sistema avisar\u00e1 seu cliente que o boleto est\u00e1 pr\u00f3ximo de vencer<\/span><span data-offset-key=\"8ssn7-209-0\">.<\/span><\/p>\n<p>[\/vc_column_text][\/vc_column][vc_column offset=&#8221;vc_hidden-lg vc_hidden-md vc_col-xs-12&#8243; css=&#8221;.vc_custom_1677090667481{background-color: #f4f4f4 !important;}&#8221;][vc_single_image image=&#8221;9924&#8243; img_size=&#8221;200&#215;200&#8243; alignment=&#8221;center&#8221; css=&#8221;.vc_custom_1679429879600{margin-bottom: -20px !important;}&#8221;][vc_column_text css=&#8221;.vc_custom_1680295739782{padding-right: 10px !important;padding-bottom: 25px !important;padding-left: 10px !important;}&#8221;]<\/p>\n<p style=\"font-size: 25px; text-align: center; line-height: 35px; color: #474747;\"><strong>Modelos diferentes de cobran\u00e7as<\/strong><\/p>\n<p style=\"text-align: center; color: #676767;\"><span data-offset-key=\"8ssn7-209-0\">Voc\u00ea poder\u00e1 configurar tipos de cobran\u00e7a diferentes para mensalidades vencidas.<\/span><\/p>\n<p>[\/vc_column_text][\/vc_column][\/vc_row]<\/p>\n","protected":false},"excerpt":{"rendered":"<p>[vc_row full_width=&#8221;stretch_row_content&#8221; css=&#8221;.vc_custom_1677089094705{margin-top: -70px !important;padding-bottom: 50px !important;background-position: center !important;background-repeat: no-repeat !important;background-size: cover !important;}&#8221;][vc_column css=&#8221;.vc_custom_1677089552808{background-image: url(https:\/\/oimpresso.com\/ajuda\/wp-content\/uploads\/2023\/02\/banner-site-contratos.png?id=8809) !important;background-position: center !important;background-repeat: no-repeat !important;background-size: cover !important;}&#8221; offset=&#8221;vc_hidden-md vc_hidden-sm vc_hidden-xs&#8221;][vc_column_text css=&#8221;.vc_custom_1680286809137{padding-left: 50px !important;}&#8221;] Contratos [\/vc_column_text][vc_column_text css=&#8221;.vc_custom_1680295490949{padding-right: 600px !important;padding-left: 50px !important;}&#8221;] Evite problemas de cobran\u00e7as gerando contratos que s\u00e3o cobrados mensalmente de forma autom\u00e1tica. [\/vc_column_text][vc_column_text css=&#8221;.vc_custom_1680295498681{padding-right: 630px !important;padding-left: 50px !important;}&#8221;] Com &hellip; <a href=\"https:\/\/oimpresso.com\/ajuda\/contratos\/\">Continued<\/a><\/p>\n","protected":false},"author":2,"featured_media":0,"parent":0,"menu_order":0,"comment_status":"closed","ping_status":"closed","template":"","meta":{"_bbp_topic_count":0,"_bbp_reply_count":0,"_bbp_total_topic_count":0,"_bbp_total_reply_count":0,"_bbp_voice_count":0,"_bbp_anonymous_reply_count":0,"_bbp_topic_count_hidden":0,"_bbp_reply_count_hidden":0,"_bbp_forum_subforum_count":0,"om_disable_all_campaigns":false,"_mi_skip_tracking":false},"yoast_head":"<!-- This site is optimized with the Yoast SEO plugin v20.5 - https:\/\/yoast.com\/wordpress\/plugins\/seo\/ -->\n<title>Contratos<\/title>\n<meta name=\"robots\" content=\"index, follow, max-snippet:-1, max-image-preview:large, max-video-preview:-1\" \/>\n<link rel=\"canonical\" href=\"https:\/\/oimpresso.com\/ajuda\/contratos\/\" \/>\n<meta property=\"og:locale\" content=\"pt_BR\" \/>\n<meta property=\"og:type\" content=\"article\" \/>\n<meta property=\"og:title\" content=\"Contratos\" \/>\n<meta property=\"og:description\" content=\"[vc_row full_width=&#8221;stretch_row_content&#8221; css=&#8221;.vc_custom_1677089094705{margin-top: -70px !important;padding-bottom: 50px !important;background-position: center !important;background-repeat: no-repeat !important;background-size: cover !important;}&#8221;][vc_column css=&#8221;.vc_custom_1677089552808{background-image: url(https:\/\/oimpresso.com\/ajuda\/wp-content\/uploads\/2023\/02\/banner-site-contratos.png?id=8809) !important;background-position: center !important;background-repeat: no-repeat !important;background-size: cover !important;}&#8221; offset=&#8221;vc_hidden-md vc_hidden-sm vc_hidden-xs&#8221;][vc_column_text css=&#8221;.vc_custom_1680286809137{padding-left: 50px !important;}&#8221;] Contratos [\/vc_column_text][vc_column_text css=&#8221;.vc_custom_1680295490949{padding-right: 600px !important;padding-left: 50px !important;}&#8221;] Evite problemas de cobran\u00e7as gerando contratos que s\u00e3o cobrados mensalmente de forma autom\u00e1tica. [\/vc_column_text][vc_column_text css=&#8221;.vc_custom_1680295498681{padding-right: 630px !important;padding-left: 50px !important;}&#8221;] Com &hellip; Continued\" \/>\n<meta property=\"og:url\" content=\"https:\/\/oimpresso.com\/ajuda\/contratos\/\" \/>\n<meta property=\"og:site_name\" content=\"Office Impresso\" \/>\n<meta property=\"article:modified_time\" content=\"2023-03-31T20:48:42+00:00\" \/>\n<meta name=\"twitter:card\" content=\"summary_large_image\" \/>\n<meta name=\"twitter:label1\" content=\"Est. tempo de leitura\" \/>\n\t<meta name=\"twitter:data1\" content=\"6 minutos\" \/>\n<script type=\"application\/ld+json\" class=\"yoast-schema-graph\">{\"@context\":\"https:\/\/schema.org\",\"@graph\":[{\"@type\":\"WebPage\",\"@id\":\"https:\/\/oimpresso.com\/ajuda\/contratos\/\",\"url\":\"https:\/\/oimpresso.com\/ajuda\/contratos\/\",\"name\":\"Contratos\",\"isPartOf\":{\"@id\":\"https:\/\/oimpresso.com\/ajuda\/#website\"},\"datePublished\":\"2023-01-16T19:34:28+00:00\",\"dateModified\":\"2023-03-31T20:48:42+00:00\",\"breadcrumb\":{\"@id\":\"https:\/\/oimpresso.com\/ajuda\/contratos\/#breadcrumb\"},\"inLanguage\":\"pt-BR\",\"potentialAction\":[{\"@type\":\"ReadAction\",\"target\":[\"https:\/\/oimpresso.com\/ajuda\/contratos\/\"]}]},{\"@type\":\"BreadcrumbList\",\"@id\":\"https:\/\/oimpresso.com\/ajuda\/contratos\/#breadcrumb\",\"itemListElement\":[{\"@type\":\"ListItem\",\"position\":1,\"name\":\"In\u00edcio\",\"item\":\"https:\/\/oimpresso.com\/ajuda\/\"},{\"@type\":\"ListItem\",\"position\":2,\"name\":\"Contratos\"}]},{\"@type\":\"WebSite\",\"@id\":\"https:\/\/oimpresso.com\/ajuda\/#website\",\"url\":\"https:\/\/oimpresso.com\/ajuda\/\",\"name\":\"Office Impresso\",\"description\":\"Portal de Ajuda\",\"publisher\":{\"@id\":\"https:\/\/oimpresso.com\/ajuda\/#organization\"},\"potentialAction\":[{\"@type\":\"SearchAction\",\"target\":{\"@type\":\"EntryPoint\",\"urlTemplate\":\"https:\/\/oimpresso.com\/ajuda\/?s={search_term_string}\"},\"query-input\":\"required name=search_term_string\"}],\"inLanguage\":\"pt-BR\"},{\"@type\":\"Organization\",\"@id\":\"https:\/\/oimpresso.com\/ajuda\/#organization\",\"name\":\"Office Impresso\",\"url\":\"https:\/\/oimpresso.com\/ajuda\/\",\"logo\":{\"@type\":\"ImageObject\",\"inLanguage\":\"pt-BR\",\"@id\":\"https:\/\/oimpresso.com\/ajuda\/#\/schema\/logo\/image\/\",\"url\":\"https:\/\/oimpresso.com\/ajuda\/wp-content\/uploads\/2023\/04\/LOGO-PRETA-Office-Impresso-e1680706829226.png\",\"contentUrl\":\"https:\/\/oimpresso.com\/ajuda\/wp-content\/uploads\/2023\/04\/LOGO-PRETA-Office-Impresso-e1680706829226.png\",\"width\":275,\"height\":77,\"caption\":\"Office Impresso\"},\"image\":{\"@id\":\"https:\/\/oimpresso.com\/ajuda\/#\/schema\/logo\/image\/\"}}]}<\/script>\n<!-- \/ Yoast SEO plugin. -->","yoast_head_json":{"title":"Contratos","robots":{"index":"index","follow":"follow","max-snippet":"max-snippet:-1","max-image-preview":"max-image-preview:large","max-video-preview":"max-video-preview:-1"},"canonical":"https:\/\/oimpresso.com\/ajuda\/contratos\/","og_locale":"pt_BR","og_type":"article","og_title":"Contratos","og_description":"[vc_row full_width=&#8221;stretch_row_content&#8221; css=&#8221;.vc_custom_1677089094705{margin-top: -70px !important;padding-bottom: 50px !important;background-position: center !important;background-repeat: no-repeat !important;background-size: cover !important;}&#8221;][vc_column css=&#8221;.vc_custom_1677089552808{background-image: url(https:\/\/oimpresso.com\/ajuda\/wp-content\/uploads\/2023\/02\/banner-site-contratos.png?id=8809) !important;background-position: center !important;background-repeat: no-repeat !important;background-size: cover !important;}&#8221; offset=&#8221;vc_hidden-md vc_hidden-sm vc_hidden-xs&#8221;][vc_column_text css=&#8221;.vc_custom_1680286809137{padding-left: 50px !important;}&#8221;] Contratos [\/vc_column_text][vc_column_text css=&#8221;.vc_custom_1680295490949{padding-right: 600px !important;padding-left: 50px !important;}&#8221;] Evite problemas de cobran\u00e7as gerando contratos que s\u00e3o cobrados mensalmente de forma autom\u00e1tica. [\/vc_column_text][vc_column_text css=&#8221;.vc_custom_1680295498681{padding-right: 630px !important;padding-left: 50px !important;}&#8221;] Com &hellip; Continued","og_url":"https:\/\/oimpresso.com\/ajuda\/contratos\/","og_site_name":"Office Impresso","article_modified_time":"2023-03-31T20:48:42+00:00","twitter_card":"summary_large_image","twitter_misc":{"Est. tempo de leitura":"6 minutos"},"schema":{"@context":"https:\/\/schema.org","@graph":[{"@type":"WebPage","@id":"https:\/\/oimpresso.com\/ajuda\/contratos\/","url":"https:\/\/oimpresso.com\/ajuda\/contratos\/","name":"Contratos","isPartOf":{"@id":"https:\/\/oimpresso.com\/ajuda\/#website"},"datePublished":"2023-01-16T19:34:28+00:00","dateModified":"2023-03-31T20:48:42+00:00","breadcrumb":{"@id":"https:\/\/oimpresso.com\/ajuda\/contratos\/#breadcrumb"},"inLanguage":"pt-BR","potentialAction":[{"@type":"ReadAction","target":["https:\/\/oimpresso.com\/ajuda\/contratos\/"]}]},{"@type":"BreadcrumbList","@id":"https:\/\/oimpresso.com\/ajuda\/contratos\/#breadcrumb","itemListElement":[{"@type":"ListItem","position":1,"name":"In\u00edcio","item":"https:\/\/oimpresso.com\/ajuda\/"},{"@type":"ListItem","position":2,"name":"Contratos"}]},{"@type":"WebSite","@id":"https:\/\/oimpresso.com\/ajuda\/#website","url":"https:\/\/oimpresso.com\/ajuda\/","name":"Office Impresso","description":"Portal de Ajuda","publisher":{"@id":"https:\/\/oimpresso.com\/ajuda\/#organization"},"potentialAction":[{"@type":"SearchAction","target":{"@type":"EntryPoint","urlTemplate":"https:\/\/oimpresso.com\/ajuda\/?s={search_term_string}"},"query-input":"required name=search_term_string"}],"inLanguage":"pt-BR"},{"@type":"Organization","@id":"https:\/\/oimpresso.com\/ajuda\/#organization","name":"Office Impresso","url":"https:\/\/oimpresso.com\/ajuda\/","logo":{"@type":"ImageObject","inLanguage":"pt-BR","@id":"https:\/\/oimpresso.com\/ajuda\/#\/schema\/logo\/image\/","url":"https:\/\/oimpresso.com\/ajuda\/wp-content\/uploads\/2023\/04\/LOGO-PRETA-Office-Impresso-e1680706829226.png","contentUrl":"https:\/\/oimpresso.com\/ajuda\/wp-content\/uploads\/2023\/04\/LOGO-PRETA-Office-Impresso-e1680706829226.png","width":275,"height":77,"caption":"Office Impresso"},"image":{"@id":"https:\/\/oimpresso.com\/ajuda\/#\/schema\/logo\/image\/"}}]}},"_links":{"self":[{"href":"https:\/\/oimpresso.com\/ajuda\/wp-json\/wp\/v2\/pages\/7716"}],"collection":[{"href":"https:\/\/oimpresso.com\/ajuda\/wp-json\/wp\/v2\/pages"}],"about":[{"href":"https:\/\/oimpresso.com\/ajuda\/wp-json\/wp\/v2\/types\/page"}],"author":[{"embeddable":true,"href":"https:\/\/oimpresso.com\/ajuda\/wp-json\/wp\/v2\/users\/2"}],"replies":[{"embeddable":true,"href":"https:\/\/oimpresso.com\/ajuda\/wp-json\/wp\/v2\/comments?post=7716"}],"version-history":[{"count":37,"href":"https:\/\/oimpresso.com\/ajuda\/wp-json\/wp\/v2\/pages\/7716\/revisions"}],"predecessor-version":[{"id":10828,"href":"https:\/\/oimpresso.com\/ajuda\/wp-json\/wp\/v2\/pages\/7716\/revisions\/10828"}],"wp:attachment":[{"href":"https:\/\/oimpresso.com\/ajuda\/wp-json\/wp\/v2\/media?parent=7716"}],"curies":[{"name":"wp","href":"https:\/\/api.w.org\/{rel}","templated":true}]}}