{"id":7714,"date":"2023-01-16T16:34:06","date_gmt":"2023-01-16T19:34:06","guid":{"rendered":"https:\/\/oimpresso.com\/ajuda\/?page_id=7714"},"modified":"2023-04-03T08:41:16","modified_gmt":"2023-04-03T11:41:16","slug":"tef-dedicado","status":"publish","type":"page","link":"https:\/\/oimpresso.com\/ajuda\/tef-dedicado\/","title":{"rendered":"TEF dedicado"},"content":{"rendered":"<p>[vc_row full_width=&#8221;stretch_row_content&#8221; css=&#8221;.vc_custom_1676920898231{margin-top: -70px !important;padding-bottom: 50px !important;background-position: center !important;background-repeat: no-repeat !important;background-size: cover !important;}&#8221;][vc_column css=&#8221;.vc_custom_1680521956518{background-image: url(https:\/\/oimpresso.com\/ajuda\/wp-content\/uploads\/2023\/04\/TEF-Dedicado.png?id=10838) !important;background-position: center !important;background-repeat: no-repeat !important;background-size: cover !important;}&#8221; offset=&#8221;vc_hidden-md vc_hidden-sm vc_hidden-xs&#8221;][vc_column_text css=&#8221;.vc_custom_1680520104064{padding-left: 50px !important;}&#8221;]<\/p>\n<h1 style=\"text-align: left; color: #474747;\" id=\"tef-dedicado\" >TEF Dedicado<\/h1>\n<p>[\/vc_column_text][vc_column_text css=&#8221;.vc_custom_1680520612827{padding-right: 600px !important;padding-left: 50px !important;}&#8221;]<\/p>\n<p style=\"font-size: 20px; color: #676767;\">Sua empresa apresenta um alto fluxo de vendas ou precisa de um sistema que efetue transa\u00e7\u00f5es financeiras com cart\u00e3o de cr\u00e9dito de uma maneira simples, r\u00e1pida e segura?<\/p>\n<p>[\/vc_column_text][vc_column_text css=&#8221;.vc_custom_1680197100410{padding-left: 50px !important;}&#8221;]<a class=\"fancybox-iframe\" style=\"display: flex; align-items: center; justify-content: center; width: 100%; max-width: 200px; height: 45px; border-radius: 25px; background: #80387B; background-image: linear-gradient(to bottom, #80387B, #CF61CA); border: none; color: #ffffff; font-size: 16px; cursor: pointer; text-align: center; text-decoration: none;\" href=\"https:\/\/oimpresso.com\/ajuda\/solicitar-proposta\/\">Entramos em Contato<\/a>[\/vc_column_text][vc_column_text css=&#8221;.vc_custom_1677700389483{padding-right: 630px !important;padding-left: 50px !important;}&#8221;][\/vc_column_text][vc_empty_space height=&#8221;100&#8243;][\/vc_column][\/vc_row][vc_row full_width=&#8221;stretch_row_content&#8221; css=&#8221;.vc_custom_1676921146248{margin-top: -20px !important;padding-bottom: 50px !important;background-position: center !important;background-repeat: no-repeat !important;background-size: cover !important;}&#8221;][vc_column css=&#8221;.vc_custom_1680522012430{background-image: url(https:\/\/oimpresso.com\/ajuda\/wp-content\/uploads\/2023\/04\/TEF-Dedicado.png?id=10838) !important;background-position: center !important;background-repeat: no-repeat !important;background-size: cover !important;}&#8221; offset=&#8221;vc_hidden-lg vc_hidden-sm vc_hidden-xs&#8221;][vc_column_text css=&#8221;.vc_custom_1680520104064{padding-left: 50px !important;}&#8221;]<\/p>\n<h1 style=\"text-align: left; color: #474747;\" id=\"tef-dedicado\" >TEF Dedicado<\/h1>\n<p>[\/vc_column_text][vc_column_text css=&#8221;.vc_custom_1680520625338{padding-right: 600px !important;padding-left: 50px !important;}&#8221;]<\/p>\n<p style=\"font-size: 20px; color: #676767;\">Sua empresa apresenta um alto fluxo de vendas ou precisa de um sistema que efetue transa\u00e7\u00f5es financeiras com cart\u00e3o de cr\u00e9dito de uma maneira simples, r\u00e1pida e segura?<\/p>\n<p>[\/vc_column_text][vc_column_text css=&#8221;.vc_custom_1680197159399{padding-left: 50px !important;}&#8221;]<a class=\"fancybox-iframe\" style=\"display: flex; align-items: center; justify-content: center; width: 100%; max-width: 200px; height: 45px; border-radius: 25px; background: #80387B; background-image: linear-gradient(to bottom, #80387B, #CF61CA); border: none; color: #ffffff; font-size: 16px; cursor: pointer; text-align: center; text-decoration: none;\" href=\"https:\/\/oimpresso.com\/ajuda\/solicitar-proposta\/\">Entramos em Contato<\/a>[\/vc_column_text][vc_empty_space height=&#8221;100&#8243;][vc_column_text css=&#8221;.vc_custom_1677700401075{padding-right: 600px !important;padding-left: 50px !important;}&#8221;][\/vc_column_text][\/vc_column][\/vc_row][vc_row full_width=&#8221;stretch_row_content&#8221; css=&#8221;.vc_custom_1676921326147{margin-top: -65px !important;padding-bottom: 50px !important;background-position: center !important;background-repeat: no-repeat !important;background-size: cover !important;}&#8221;][vc_column css=&#8221;.vc_custom_1676921921382{background-position: center !important;background-repeat: no-repeat !important;background-size: cover !important;}&#8221; offset=&#8221;vc_hidden-lg vc_hidden-md vc_col-xs-12&#8243;][vc_column_text css=&#8221;.vc_custom_1680520160225{padding-right: 50px !important;padding-left: 50px !important;}&#8221;]<\/p>\n<h1 style=\"text-align: center; color: #474747;\" id=\"tef-dedicado\" >TEF Dedicado<\/h1>\n<p>[\/vc_column_text][vc_column_text css=&#8221;.vc_custom_1680520635946{padding-right: 10px !important;padding-left: 10px !important;}&#8221;]<\/p>\n<p style=\"text-align: center; color: #676767; font-size: 20px;\">Sua empresa apresenta um alto fluxo de vendas ou precisa de um sistema que efetue transa\u00e7\u00f5es financeiras com cart\u00e3o de cr\u00e9dito de uma maneira simples, r\u00e1pida e segura?<\/p>\n<p>[\/vc_column_text][vc_column_text css=&#8221;.vc_custom_1680196924250{margin-top: 20px !important;}&#8221;]<a style=\"width: 190px; height: 45px; border-radius: 25px; background: #80387B; background-image: linear-gradient(to bottom, #80387B, #CF61CA); border: none; color: #FFFFFF; font-size: 16px; cursor: pointer; display: flex; justify-content: center; align-items: center; margin: 0 auto; text-decoration: none;\" href=\"https:\/\/oimpresso.com\/ajuda\/solicitar-proposta\/;\">Entramos em Contato<\/a>[\/vc_column_text][vc_column_text css=&#8221;.vc_custom_1677700413497{padding-right: 10px !important;padding-left: 10px !important;}&#8221;][\/vc_column_text][\/vc_column][vc_column offset=&#8221;vc_hidden-lg vc_hidden-md vc_col-xs-12&#8243; css=&#8221;.vc_custom_1680522050242{background-image: url(https:\/\/oimpresso.com\/ajuda\/wp-content\/uploads\/2023\/04\/TEF-Dedicado-MOBILE.png?id=10839) !important;background-position: center !important;background-repeat: no-repeat !important;background-size: cover !important;}&#8221;][vc_empty_space height=&#8221;300&#8243;][\/vc_column][\/vc_row][vc_row full_width=&#8221;stretch_row_content&#8221; content_placement=&#8221;middle&#8221;][vc_column offset=&#8221;vc_hidden-sm vc_col-xs-12 vc_hidden-xs&#8221;][vc_column_text css=&#8221;.vc_custom_1680519917376{padding-right: 50px !important;padding-left: 50px !important;}&#8221;]<\/p>\n<h2 style=\"text-align: center; color: #474747;\" id=\"entao-o-office-impresso-tem-a-solucao-para-voce\" >Ent\u00e3o o Office Impresso tem a solu\u00e7\u00e3o para voc\u00ea!<\/h2>\n<p>&nbsp;[\/vc_column_text][\/vc_column][vc_column offset=&#8221;vc_hidden-lg vc_hidden-md vc_col-xs-12&#8243;][vc_column_text css=&#8221;.vc_custom_1680519917376{padding-right: 50px !important;padding-left: 50px !important;}&#8221;]<\/p>\n<h2 style=\"text-align: center; color: #474747;\" id=\"entao-o-office-impresso-tem-a-solucao-para-voce\" >Ent\u00e3o o Office Impresso tem a solu\u00e7\u00e3o para voc\u00ea!<\/h2>\n<p>&nbsp;[\/vc_column_text][vc_separator][\/vc_column][\/vc_row][vc_row full_width=&#8221;stretch_row_content&#8221; equal_height=&#8221;yes&#8221; css=&#8221;.vc_custom_1676919941898{background-color: #ffffff !important;}&#8221;][vc_column width=&#8221;1\/2&#8243; offset=&#8221;vc_col-lg-6 vc_col-md-6 vc_hidden-sm vc_hidden-xs&#8221;][vc_single_image image=&#8221;9758&#8243; img_size=&#8221;200&#215;200&#8243; alignment=&#8221;center&#8221; css=&#8221;.vc_custom_1679690987555{margin-bottom: -35px !important;padding-right: 50px !important;padding-left: 50px !important;}&#8221;][vc_column_text css=&#8221;.vc_custom_1680520373494{padding-top: 25px !important;padding-right: 50px !important;padding-bottom: 25px !important;padding-left: 50px !important;}&#8221;]<\/p>\n<h1 style=\"font-size: 25px; text-align: center; line-height: 35px; color: #474747;\" id=\"agilidade-e-praticidade\" >Agilidade e praticidade<\/h1>\n<p style=\"text-align: center; color: #676767;\">Com o <strong>Office Impresso <\/strong>\u00e9 poss\u00edvel garantir que todas as transa\u00e7\u00f5es efetuadas sejam registradas no PDV, auxiliando no controle do fluxo de caixa.<\/p>\n<p>[\/vc_column_text][\/vc_column][vc_column width=&#8221;1\/2&#8243; offset=&#8221;vc_col-lg-6 vc_col-md-6 vc_hidden-sm vc_hidden-xs&#8221;][vc_single_image image=&#8221;9783&#8243; img_size=&#8221;200&#215;200&#8243; alignment=&#8221;center&#8221; css=&#8221;.vc_custom_1679691119689{margin-bottom: -35px !important;padding-right: 50px !important;padding-left: 50px !important;}&#8221;][vc_column_text css=&#8221;.vc_custom_1680520343264{padding-top: 25px !important;padding-right: 50px !important;padding-bottom: 25px !important;padding-left: 50px !important;background-image: url(https:\/\/oimpresso.com\/ajuda\/wp-content\/uploads\/2023\/03\/Agilidade-2.png?id=9741) !important;}&#8221;]<\/p>\n<h1 style=\"font-size: 25px; line-height: 35px; text-align: center; color: #474747;\" id=\"acessibilidade\" >Acessibilidade<\/h1>\n<p style=\"text-align: center; color: #676767;\">Atrav\u00e9s da integra\u00e7\u00e3o com um TEF dedicado que utiliza uma linha especial que se mant\u00e9m conectada 24 horas por dia, \u00e9 poss\u00edvel garantir que todas as transa\u00e7\u00f5es efetuadas sejam registradas no PDV, auxiliando no controle do fluxo de caixa.<\/p>\n<p>[\/vc_column_text][\/vc_column][\/vc_row][vc_row full_width=&#8221;stretch_row_content&#8221; equal_height=&#8221;yes&#8221; css=&#8221;.vc_custom_1676920017047{background-color: #ffffff !important;}&#8221;][vc_column offset=&#8221;vc_hidden-lg vc_hidden-md vc_col-xs-12&#8243;][vc_single_image image=&#8221;9758&#8243; img_size=&#8221;200&#215;200&#8243; alignment=&#8221;center&#8221; css=&#8221;.vc_custom_1679690987555{margin-bottom: -35px !important;padding-right: 50px !important;padding-left: 50px !important;}&#8221;][vc_column_text css=&#8221;.vc_custom_1680520405222{padding-top: 25px !important;padding-right: 10px !important;padding-bottom: 25px !important;padding-left: 10px !important;}&#8221;]<\/p>\n<h1 style=\"font-size: 25px; text-align: center; line-height: 35px; color: #474747;\" id=\"agilidade-e-praticidade\" >Agilidade e praticidade<\/h1>\n<p style=\"text-align: center; color: #676767;\">Com o <strong>Office Impresso <\/strong>\u00e9 poss\u00edvel garantir que todas as transa\u00e7\u00f5es efetuadas sejam registradas no PDV, auxiliando no controle do fluxo de caixa.<\/p>\n<p>[\/vc_column_text][\/vc_column][vc_column offset=&#8221;vc_hidden-lg vc_hidden-md vc_col-xs-12&#8243; css=&#8221;.vc_custom_1676920219749{background-color: #f4f4f4 !important;}&#8221;][vc_single_image image=&#8221;9783&#8243; img_size=&#8221;200&#215;200&#8243; alignment=&#8221;center&#8221; css=&#8221;.vc_custom_1679691119689{margin-bottom: -35px !important;padding-right: 50px !important;padding-left: 50px !important;}&#8221;][vc_column_text css=&#8221;.vc_custom_1680520446950{padding-top: 25px !important;padding-right: 10px !important;padding-bottom: 25px !important;padding-left: 10px !important;}&#8221;]<\/p>\n<h1 style=\"font-size: 25px; line-height: 35px; text-align: center; color: #474747;\" id=\"acessibilidade\" >Acessibilidade<\/h1>\n<p style=\"text-align: center; color: #676767;\">Atrav\u00e9s da integra\u00e7\u00e3o com um TEF dedicado que utiliza uma linha especial que se mant\u00e9m conectada 24 horas por dia, \u00e9 poss\u00edvel garantir que todas as transa\u00e7\u00f5es efetuadas sejam registradas no PDV, auxiliando no controle do fluxo de caixa.<\/p>\n<p>[\/vc_column_text][\/vc_column][\/vc_row][vc_row full_width=&#8221;stretch_row_content&#8221; css=&#8221;.vc_custom_1676061727840{background-color: #f4f4f4 !important;}&#8221;][vc_column width=&#8221;1\/2&#8243; css=&#8221;.vc_custom_1676920472882{background-color: #f4f4f4 !important;}&#8221; offset=&#8221;vc_hidden-sm vc_hidden-xs&#8221;][vc_single_image image=&#8221;9906&#8243; img_size=&#8221;200&#215;200&#8243; alignment=&#8221;center&#8221; css=&#8221;.vc_custom_1679691229746{margin-bottom: -35px !important;padding-right: 50px !important;padding-left: 50px !important;}&#8221;][vc_column_text css=&#8221;.vc_custom_1680520495142{padding-top: 25px !important;padding-right: 50px !important;padding-bottom: 25px !important;padding-left: 50px !important;}&#8221;]<\/p>\n<h1 style=\"font-size: 25px; text-align: center; line-height: 35px; color: #474747;\" id=\"seguranca\" >Seguran\u00e7a<\/h1>\n<p style=\"text-align: center; color: #676767;\">A conex\u00e3o direta e exclusiva entre a m\u00e1quina do estabelecimento e a rede de processamento de pagamentos garante maior seguran\u00e7a nas transa\u00e7\u00f5es eletr\u00f4nicas.<\/p>\n<p>[\/vc_column_text][\/vc_column][vc_column width=&#8221;1\/2&#8243; offset=&#8221;vc_hidden-sm vc_hidden-xs&#8221;][vc_single_image image=&#8221;10088&#8243; img_size=&#8221;200&#215;200&#8243; alignment=&#8221;center&#8221; css=&#8221;.vc_custom_1679691326714{margin-bottom: -35px !important;padding-right: 50px !important;padding-left: 50px !important;}&#8221;][vc_column_text css=&#8221;.vc_custom_1680520536141{padding-top: 25px !important;padding-right: 50px !important;padding-bottom: 25px !important;padding-left: 50px !important;}&#8221;]<\/p>\n<h1 style=\"font-size: 25px; text-align: center; line-height: 35px; color: #474747;\" id=\"controle\" >Controle<\/h1>\n<p style=\"text-align: center; color: #676767;\">Com o\u00a0<strong>Office Impresso<\/strong>\u00a0os estabelecimentos podem controlar melhor as vendas realizadas e gerar relat\u00f3rios financeiros.<\/p>\n<p>[\/vc_column_text][\/vc_column][\/vc_row][vc_row full_width=&#8221;stretch_row_content&#8221;][vc_column offset=&#8221;vc_hidden-lg vc_hidden-md vc_col-xs-12&#8243;][vc_single_image image=&#8221;9906&#8243; img_size=&#8221;200&#215;200&#8243; alignment=&#8221;center&#8221; css=&#8221;.vc_custom_1679691229746{margin-bottom: -35px !important;padding-right: 50px !important;padding-left: 50px !important;}&#8221;][vc_column_text css=&#8221;.vc_custom_1680520563668{padding-top: 25px !important;padding-right: 10px !important;padding-bottom: 25px !important;padding-left: 10px !important;}&#8221;]<\/p>\n<h1 style=\"font-size: 25px; text-align: center; line-height: 35px; color: #474747;\" id=\"seguranca\" >Seguran\u00e7a<\/h1>\n<p style=\"text-align: center; color: #676767;\">A conex\u00e3o direta e exclusiva entre a m\u00e1quina do estabelecimento e a rede de processamento de pagamentos garante maior seguran\u00e7a nas transa\u00e7\u00f5es eletr\u00f4nicas.<\/p>\n<p>[\/vc_column_text][\/vc_column][vc_column css=&#8221;.vc_custom_1676920397004{background-color: #f4f4f4 !important;}&#8221; offset=&#8221;vc_hidden-lg vc_hidden-md vc_col-xs-12&#8243;][vc_single_image image=&#8221;10088&#8243; img_size=&#8221;200&#215;200&#8243; alignment=&#8221;center&#8221; css=&#8221;.vc_custom_1679691326714{margin-bottom: -35px !important;padding-right: 50px !important;padding-left: 50px !important;}&#8221;][vc_column_text css=&#8221;.vc_custom_1680520594414{padding-top: 25px !important;padding-right: 10px !important;padding-bottom: 25px !important;padding-left: 10px !important;}&#8221;]<\/p>\n<h1 style=\"font-size: 25px; text-align: center; line-height: 35px; color: #474747;\" id=\"controle\" >Controle<\/h1>\n<p style=\"text-align: center; color: #676767;\">Com o\u00a0<strong>Office Impresso<\/strong>\u00a0os estabelecimentos podem controlar melhor as vendas realizadas e gerar relat\u00f3rios financeiros.<\/p>\n<p>[\/vc_column_text][\/vc_column][\/vc_row]<\/p>\n","protected":false},"excerpt":{"rendered":"<p>[vc_row full_width=&#8221;stretch_row_content&#8221; css=&#8221;.vc_custom_1676920898231{margin-top: -70px !important;padding-bottom: 50px !important;background-position: center !important;background-repeat: no-repeat !important;background-size: cover !important;}&#8221;][vc_column css=&#8221;.vc_custom_1680521956518{background-image: url(https:\/\/oimpresso.com\/ajuda\/wp-content\/uploads\/2023\/04\/TEF-Dedicado.png?id=10838) !important;background-position: center !important;background-repeat: no-repeat !important;background-size: cover !important;}&#8221; offset=&#8221;vc_hidden-md vc_hidden-sm vc_hidden-xs&#8221;][vc_column_text css=&#8221;.vc_custom_1680520104064{padding-left: 50px !important;}&#8221;] TEF Dedicado [\/vc_column_text][vc_column_text css=&#8221;.vc_custom_1680520612827{padding-right: 600px !important;padding-left: 50px !important;}&#8221;] Sua empresa apresenta um alto fluxo de vendas ou precisa de um sistema que efetue transa\u00e7\u00f5es financeiras com cart\u00e3o &hellip; <a href=\"https:\/\/oimpresso.com\/ajuda\/tef-dedicado\/\">Continued<\/a><\/p>\n","protected":false},"author":8,"featured_media":0,"parent":0,"menu_order":0,"comment_status":"closed","ping_status":"closed","template":"","meta":{"_bbp_topic_count":0,"_bbp_reply_count":0,"_bbp_total_topic_count":0,"_bbp_total_reply_count":0,"_bbp_voice_count":0,"_bbp_anonymous_reply_count":0,"_bbp_topic_count_hidden":0,"_bbp_reply_count_hidden":0,"_bbp_forum_subforum_count":0,"om_disable_all_campaigns":false,"_mi_skip_tracking":false},"yoast_head":"<!-- This site is optimized with the Yoast SEO plugin v20.5 - https:\/\/yoast.com\/wordpress\/plugins\/seo\/ -->\n<title>TEF dedicado<\/title>\n<meta name=\"robots\" content=\"index, follow, max-snippet:-1, max-image-preview:large, max-video-preview:-1\" \/>\n<link rel=\"canonical\" href=\"https:\/\/oimpresso.com\/ajuda\/tef-dedicado\/\" \/>\n<meta property=\"og:locale\" content=\"pt_BR\" \/>\n<meta property=\"og:type\" content=\"article\" \/>\n<meta property=\"og:title\" content=\"TEF dedicado\" \/>\n<meta property=\"og:description\" content=\"[vc_row full_width=&#8221;stretch_row_content&#8221; css=&#8221;.vc_custom_1676920898231{margin-top: -70px !important;padding-bottom: 50px !important;background-position: center !important;background-repeat: no-repeat !important;background-size: cover !important;}&#8221;][vc_column css=&#8221;.vc_custom_1680521956518{background-image: url(https:\/\/oimpresso.com\/ajuda\/wp-content\/uploads\/2023\/04\/TEF-Dedicado.png?id=10838) !important;background-position: center !important;background-repeat: no-repeat !important;background-size: cover !important;}&#8221; offset=&#8221;vc_hidden-md vc_hidden-sm vc_hidden-xs&#8221;][vc_column_text css=&#8221;.vc_custom_1680520104064{padding-left: 50px !important;}&#8221;] TEF Dedicado [\/vc_column_text][vc_column_text css=&#8221;.vc_custom_1680520612827{padding-right: 600px !important;padding-left: 50px !important;}&#8221;] Sua empresa apresenta um alto fluxo de vendas ou precisa de um sistema que efetue transa\u00e7\u00f5es financeiras com cart\u00e3o &hellip; Continued\" \/>\n<meta property=\"og:url\" content=\"https:\/\/oimpresso.com\/ajuda\/tef-dedicado\/\" \/>\n<meta property=\"og:site_name\" content=\"Office Impresso\" \/>\n<meta property=\"article:modified_time\" content=\"2023-04-03T11:41:16+00:00\" \/>\n<meta name=\"twitter:card\" content=\"summary_large_image\" \/>\n<meta name=\"twitter:label1\" content=\"Est. tempo de leitura\" \/>\n\t<meta name=\"twitter:data1\" content=\"7 minutos\" \/>\n<script type=\"application\/ld+json\" class=\"yoast-schema-graph\">{\"@context\":\"https:\/\/schema.org\",\"@graph\":[{\"@type\":\"WebPage\",\"@id\":\"https:\/\/oimpresso.com\/ajuda\/tef-dedicado\/\",\"url\":\"https:\/\/oimpresso.com\/ajuda\/tef-dedicado\/\",\"name\":\"TEF dedicado\",\"isPartOf\":{\"@id\":\"https:\/\/oimpresso.com\/ajuda\/#website\"},\"datePublished\":\"2023-01-16T19:34:06+00:00\",\"dateModified\":\"2023-04-03T11:41:16+00:00\",\"breadcrumb\":{\"@id\":\"https:\/\/oimpresso.com\/ajuda\/tef-dedicado\/#breadcrumb\"},\"inLanguage\":\"pt-BR\",\"potentialAction\":[{\"@type\":\"ReadAction\",\"target\":[\"https:\/\/oimpresso.com\/ajuda\/tef-dedicado\/\"]}]},{\"@type\":\"BreadcrumbList\",\"@id\":\"https:\/\/oimpresso.com\/ajuda\/tef-dedicado\/#breadcrumb\",\"itemListElement\":[{\"@type\":\"ListItem\",\"position\":1,\"name\":\"In\u00edcio\",\"item\":\"https:\/\/oimpresso.com\/ajuda\/\"},{\"@type\":\"ListItem\",\"position\":2,\"name\":\"TEF dedicado\"}]},{\"@type\":\"WebSite\",\"@id\":\"https:\/\/oimpresso.com\/ajuda\/#website\",\"url\":\"https:\/\/oimpresso.com\/ajuda\/\",\"name\":\"Office Impresso\",\"description\":\"Portal de Ajuda\",\"publisher\":{\"@id\":\"https:\/\/oimpresso.com\/ajuda\/#organization\"},\"potentialAction\":[{\"@type\":\"SearchAction\",\"target\":{\"@type\":\"EntryPoint\",\"urlTemplate\":\"https:\/\/oimpresso.com\/ajuda\/?s={search_term_string}\"},\"query-input\":\"required name=search_term_string\"}],\"inLanguage\":\"pt-BR\"},{\"@type\":\"Organization\",\"@id\":\"https:\/\/oimpresso.com\/ajuda\/#organization\",\"name\":\"Office Impresso\",\"url\":\"https:\/\/oimpresso.com\/ajuda\/\",\"logo\":{\"@type\":\"ImageObject\",\"inLanguage\":\"pt-BR\",\"@id\":\"https:\/\/oimpresso.com\/ajuda\/#\/schema\/logo\/image\/\",\"url\":\"https:\/\/oimpresso.com\/ajuda\/wp-content\/uploads\/2023\/04\/LOGO-PRETA-Office-Impresso-e1680706829226.png\",\"contentUrl\":\"https:\/\/oimpresso.com\/ajuda\/wp-content\/uploads\/2023\/04\/LOGO-PRETA-Office-Impresso-e1680706829226.png\",\"width\":275,\"height\":77,\"caption\":\"Office Impresso\"},\"image\":{\"@id\":\"https:\/\/oimpresso.com\/ajuda\/#\/schema\/logo\/image\/\"}}]}<\/script>\n<!-- \/ Yoast SEO plugin. -->","yoast_head_json":{"title":"TEF dedicado","robots":{"index":"index","follow":"follow","max-snippet":"max-snippet:-1","max-image-preview":"max-image-preview:large","max-video-preview":"max-video-preview:-1"},"canonical":"https:\/\/oimpresso.com\/ajuda\/tef-dedicado\/","og_locale":"pt_BR","og_type":"article","og_title":"TEF dedicado","og_description":"[vc_row full_width=&#8221;stretch_row_content&#8221; css=&#8221;.vc_custom_1676920898231{margin-top: -70px !important;padding-bottom: 50px !important;background-position: center !important;background-repeat: no-repeat !important;background-size: cover !important;}&#8221;][vc_column css=&#8221;.vc_custom_1680521956518{background-image: url(https:\/\/oimpresso.com\/ajuda\/wp-content\/uploads\/2023\/04\/TEF-Dedicado.png?id=10838) !important;background-position: center !important;background-repeat: no-repeat !important;background-size: cover !important;}&#8221; offset=&#8221;vc_hidden-md vc_hidden-sm vc_hidden-xs&#8221;][vc_column_text css=&#8221;.vc_custom_1680520104064{padding-left: 50px !important;}&#8221;] TEF Dedicado [\/vc_column_text][vc_column_text css=&#8221;.vc_custom_1680520612827{padding-right: 600px !important;padding-left: 50px !important;}&#8221;] Sua empresa apresenta um alto fluxo de vendas ou precisa de um sistema que efetue transa\u00e7\u00f5es financeiras com cart\u00e3o &hellip; Continued","og_url":"https:\/\/oimpresso.com\/ajuda\/tef-dedicado\/","og_site_name":"Office Impresso","article_modified_time":"2023-04-03T11:41:16+00:00","twitter_card":"summary_large_image","twitter_misc":{"Est. tempo de leitura":"7 minutos"},"schema":{"@context":"https:\/\/schema.org","@graph":[{"@type":"WebPage","@id":"https:\/\/oimpresso.com\/ajuda\/tef-dedicado\/","url":"https:\/\/oimpresso.com\/ajuda\/tef-dedicado\/","name":"TEF dedicado","isPartOf":{"@id":"https:\/\/oimpresso.com\/ajuda\/#website"},"datePublished":"2023-01-16T19:34:06+00:00","dateModified":"2023-04-03T11:41:16+00:00","breadcrumb":{"@id":"https:\/\/oimpresso.com\/ajuda\/tef-dedicado\/#breadcrumb"},"inLanguage":"pt-BR","potentialAction":[{"@type":"ReadAction","target":["https:\/\/oimpresso.com\/ajuda\/tef-dedicado\/"]}]},{"@type":"BreadcrumbList","@id":"https:\/\/oimpresso.com\/ajuda\/tef-dedicado\/#breadcrumb","itemListElement":[{"@type":"ListItem","position":1,"name":"In\u00edcio","item":"https:\/\/oimpresso.com\/ajuda\/"},{"@type":"ListItem","position":2,"name":"TEF dedicado"}]},{"@type":"WebSite","@id":"https:\/\/oimpresso.com\/ajuda\/#website","url":"https:\/\/oimpresso.com\/ajuda\/","name":"Office Impresso","description":"Portal de Ajuda","publisher":{"@id":"https:\/\/oimpresso.com\/ajuda\/#organization"},"potentialAction":[{"@type":"SearchAction","target":{"@type":"EntryPoint","urlTemplate":"https:\/\/oimpresso.com\/ajuda\/?s={search_term_string}"},"query-input":"required name=search_term_string"}],"inLanguage":"pt-BR"},{"@type":"Organization","@id":"https:\/\/oimpresso.com\/ajuda\/#organization","name":"Office Impresso","url":"https:\/\/oimpresso.com\/ajuda\/","logo":{"@type":"ImageObject","inLanguage":"pt-BR","@id":"https:\/\/oimpresso.com\/ajuda\/#\/schema\/logo\/image\/","url":"https:\/\/oimpresso.com\/ajuda\/wp-content\/uploads\/2023\/04\/LOGO-PRETA-Office-Impresso-e1680706829226.png","contentUrl":"https:\/\/oimpresso.com\/ajuda\/wp-content\/uploads\/2023\/04\/LOGO-PRETA-Office-Impresso-e1680706829226.png","width":275,"height":77,"caption":"Office Impresso"},"image":{"@id":"https:\/\/oimpresso.com\/ajuda\/#\/schema\/logo\/image\/"}}]}},"_links":{"self":[{"href":"https:\/\/oimpresso.com\/ajuda\/wp-json\/wp\/v2\/pages\/7714"}],"collection":[{"href":"https:\/\/oimpresso.com\/ajuda\/wp-json\/wp\/v2\/pages"}],"about":[{"href":"https:\/\/oimpresso.com\/ajuda\/wp-json\/wp\/v2\/types\/page"}],"author":[{"embeddable":true,"href":"https:\/\/oimpresso.com\/ajuda\/wp-json\/wp\/v2\/users\/8"}],"replies":[{"embeddable":true,"href":"https:\/\/oimpresso.com\/ajuda\/wp-json\/wp\/v2\/comments?post=7714"}],"version-history":[{"count":17,"href":"https:\/\/oimpresso.com\/ajuda\/wp-json\/wp\/v2\/pages\/7714\/revisions"}],"predecessor-version":[{"id":10840,"href":"https:\/\/oimpresso.com\/ajuda\/wp-json\/wp\/v2\/pages\/7714\/revisions\/10840"}],"wp:attachment":[{"href":"https:\/\/oimpresso.com\/ajuda\/wp-json\/wp\/v2\/media?parent=7714"}],"curies":[{"name":"wp","href":"https:\/\/api.w.org\/{rel}","templated":true}]}}