{"id":7712,"date":"2023-01-16T16:33:47","date_gmt":"2023-01-16T19:33:47","guid":{"rendered":"https:\/\/oimpresso.com\/ajuda\/?page_id=7712"},"modified":"2023-04-04T18:01:15","modified_gmt":"2023-04-04T21:01:15","slug":"recebimento","status":"publish","type":"page","link":"https:\/\/oimpresso.com\/ajuda\/recebimento\/","title":{"rendered":"Recebimento"},"content":{"rendered":"<p>[vc_row full_width=&#8221;stretch_row_content&#8221; css=&#8221;.vc_custom_1677169945848{margin-top: -70px !important;padding-bottom: 50px !important;background-position: center !important;background-repeat: no-repeat !important;background-size: cover !important;}&#8221;][vc_column css=&#8221;.vc_custom_1679404446875{background-image: url(https:\/\/oimpresso.com\/ajuda\/wp-content\/uploads\/2023\/03\/Recebimento.jpg?id=10124) !important;background-position: center !important;background-repeat: no-repeat !important;background-size: cover !important;}&#8221;][vc_column_text css=&#8221;.vc_custom_1680285011508{padding-left: 50px !important;}&#8221;]<\/p>\n<h1 style=\"color: #474747;\" id=\"recebimento\" >Recebimento<\/h1>\n<p>[\/vc_column_text][vc_column_text css=&#8221;.vc_custom_1680285804237{padding-right: 600px !important;padding-left: 50px !important;}&#8221;]<\/p>\n<p style=\"color: #575757; font-size: 25px; line-height: 1.3;\">Receber fica f\u00e1cil quando se tem uma tela simples<br \/>\ne completa para realizar o procedimento.[\/vc_column_text][vc_column_text css=&#8221;.vc_custom_1680642024230{padding-right: 630px !important;padding-left: 50px !important;}&#8221;]<\/p>\n<p style=\"color: #676767;\">Com o <strong>Office Impresso<\/strong> voc\u00ea ter\u00e1 um recebimento<br \/>\neficiente com tudo centralizado.<\/p>\n<p>[\/vc_column_text][vc_column_text css=&#8221;.vc_custom_1680121271041{padding-left: 50px !important;}&#8221;]<a class=\"fancybox-iframe\" style=\"display: flex; align-items: center; justify-content: center; width: 100%; max-width: 200px; height: 45px; border-radius: 25px; background: #80387B; background-image: linear-gradient(to bottom, #80387B, #CF61CA); border: none; color: #ffffff; font-size: 16px; cursor: pointer; text-align: center; text-decoration: none;\" href=\"https:\/\/oimpresso.com\/ajuda\/solicitar-proposta\/\">Acesse e Conhe\u00e7a<\/a>[\/vc_column_text][vc_empty_space height=&#8221;100&#8243;][\/vc_column][\/vc_row][vc_row full_width=&#8221;stretch_row_content&#8221; css=&#8221;.vc_custom_1680285260178{margin-top: -20px !important;padding-bottom: 50px !important;background-position: center !important;background-repeat: no-repeat !important;background-size: cover !important;}&#8221;][vc_column css=&#8221;.vc_custom_1680285202353{background-image: url(https:\/\/oimpresso.com\/ajuda\/wp-content\/uploads\/2023\/03\/Recebimento.jpg?id=10124) !important;background-position: center !important;background-repeat: no-repeat !important;background-size: cover !important;}&#8221; offset=&#8221;vc_hidden-lg vc_hidden-sm vc_hidden-xs&#8221;][vc_column_text css=&#8221;.vc_custom_1680285011508{padding-left: 50px !important;}&#8221;]<\/p>\n<h1 style=\"color: #474747;\" id=\"recebimento\" >Recebimento<\/h1>\n<p>[\/vc_column_text][vc_column_text css=&#8221;.vc_custom_1680285824478{padding-right: 600px !important;padding-left: 50px !important;}&#8221;]<\/p>\n<p style=\"color: #575757; font-size: 25px; line-height: 1.3;\">Receber fica f\u00e1cil quando se tem uma tela simples<br \/>\ne completa para realizar o procedimento.[\/vc_column_text][vc_column_text css=&#8221;.vc_custom_1680642034910{padding-right: 630px !important;padding-left: 50px !important;}&#8221;]<\/p>\n<p style=\"color: #676767;\">Com o <strong>Office Impresso<\/strong> voc\u00ea ter\u00e1 um recebimento<br \/>\neficiente com tudo centralizado.<\/p>\n<p>[\/vc_column_text][vc_column_text css=&#8221;.vc_custom_1680121271041{padding-left: 50px !important;}&#8221;]<a class=\"fancybox-iframe\" style=\"display: flex; align-items: center; justify-content: center; width: 100%; max-width: 200px; height: 45px; border-radius: 25px; background: #80387B; background-image: linear-gradient(to bottom, #80387B, #CF61CA); border: none; color: #ffffff; font-size: 16px; cursor: pointer; text-align: center; text-decoration: none;\" href=\"https:\/\/oimpresso.com\/ajuda\/solicitar-proposta\/\">Acesse e Conhe\u00e7a<\/a>[\/vc_column_text][vc_empty_space height=&#8221;100&#8243;][\/vc_column][\/vc_row][vc_row full_width=&#8221;stretch_row_content&#8221; css=&#8221;.vc_custom_1680285687877{margin-top: -65px !important;padding-bottom: 50px !important;background-position: center !important;background-repeat: no-repeat !important;background-size: cover !important;}&#8221;][vc_column css=&#8221;.vc_custom_1680285566717{background-position: center !important;background-repeat: no-repeat !important;background-size: cover !important;}&#8221; offset=&#8221;vc_hidden-lg vc_hidden-sm vc_hidden-xs&#8221;][vc_column_text css=&#8221;.vc_custom_1680285283849{padding-right: 10px !important;padding-left: 10px !important;}&#8221;]<\/p>\n<h1 style=\"color: #474747; text-align: center;\" id=\"recebimento\" >Recebimento<\/h1>\n<p>[\/vc_column_text][vc_column_text css=&#8221;.vc_custom_1680285308378{padding-right: 10px !important;padding-left: 10px !important;}&#8221;]<\/p>\n<p style=\"color: #575757; font-size: 25px; line-height: 1.3; text-align: center;\">Receber fica f\u00e1cil quando se tem uma tela simples e completa para realizar o procedimento.<\/p>\n<p>[\/vc_column_text][vc_column_text css=&#8221;.vc_custom_1680642052436{padding-right: 10px !important;padding-left: 10px !important;}&#8221;]<\/p>\n<p style=\"color: #676767; text-align: center;\">Com o <strong>Office Impresso<\/strong> voc\u00ea ter\u00e1 um recebimento eficiente com tudo centralizado.<\/p>\n<p>[\/vc_column_text][vc_column_text css=&#8221;.vc_custom_1680285546756{margin-top: 20px !important;padding-right: 10px !important;padding-left: 10px !important;}&#8221;]<a style=\"width: 190px; height: 45px; border-radius: 25px; background: #80387B; background-image: linear-gradient(to bottom, #80387B, #CF61CA); border: none; color: #ffffff; font-size: 16px; cursor: pointer; display: flex; justify-content: center; align-items: center; margin: 0 auto; text-decoration: none;\" href=\"https:\/\/oimpresso.com\/ajuda\/solicitar-proposta\/;\">Acesse e Conhe\u00e7a<\/a>[\/vc_column_text][vc_row_inner css=&#8221;.vc_custom_1680285670860{margin-top: -65px !important;}&#8221;][vc_column_inner css=&#8221;.vc_custom_1680285729241{background-image: url(https:\/\/oimpresso.com\/ajuda\/wp-content\/uploads\/2023\/03\/Recebimento-MOBILE.jpg?id=10125) !important;background-position: center !important;background-repeat: no-repeat !important;background-size: cover !important;}&#8221;][vc_empty_space height=&#8221;300&#8243;][\/vc_column_inner][\/vc_row_inner][\/vc_column][\/vc_row][vc_row full_width=&#8221;stretch_row_content&#8221; content_placement=&#8221;middle&#8221;][vc_column][vc_column_text css=&#8221;.vc_custom_1680295430234{padding-right: 10px !important;padding-left: 10px !important;}&#8221;]<\/p>\n<p style=\"font-size: 35px; text-align: center; line-height: 45px; color: #474747;\"><strong>Controle e agilidade<\/strong> na hora de receber com <strong>Office Impresso<\/strong> voc\u00ea tem isso<\/p>\n<p>[\/vc_column_text][vc_separator][vc_column_text css=&#8221;.vc_custom_1680295437129{padding-top: 25px !important;padding-right: 10px !important;padding-left: 10px !important;}&#8221;]<\/p>\n<p style=\"font-size: 25px; text-align: center; line-height: 35px; color: #676767;\"><strong>Por que utilizar o recebimento do Office Impresso?<\/strong><\/p>\n<p>[\/vc_column_text][vc_column_text css=&#8221;.vc_custom_1680295446122{padding-right: 10px !important;padding-bottom: 25px !important;padding-left: 10px !important;}&#8221;]<\/p>\n<p style=\"font-size: 25px; text-align: center; line-height: 35px; color: #676767;\">A tela de recebimentos \u00e9 um m\u00e9todo muito pr\u00e1tico para receber em Caixa.<\/p>\n<p>[\/vc_column_text][\/vc_column][\/vc_row][vc_row full_width=&#8221;stretch_row_content&#8221; css=&#8221;.vc_custom_1676379957246{background-color: #ffffff !important;}&#8221;][vc_column width=&#8221;1\/2&#8243; offset=&#8221;vc_hidden-sm vc_hidden-xs&#8221;][vc_single_image image=&#8221;9903&#8243; img_size=&#8221;150&#215;150&#8243; alignment=&#8221;center&#8221; css=&#8221;.vc_custom_1679401419065{margin-bottom: -10px !important;}&#8221;][vc_column_text css=&#8221;.vc_custom_1680295044280{padding-right: 50px !important;padding-bottom: 25px !important;padding-left: 50px !important;}&#8221;]<\/p>\n<p style=\"font-size: 25px; text-align: center; line-height: 35px; color: #474747;\"><strong>Aumento de produtividade<\/strong><\/p>\n<p style=\"text-align: center; color: #676767;\">Localizando rapidamente o que precisa receber, o colaborador pode fazer mais recebimentos em um menor tempo.<\/p>\n<p>[\/vc_column_text][\/vc_column][vc_column width=&#8221;1\/2&#8243; offset=&#8221;vc_hidden-sm vc_hidden-xs&#8221;][vc_single_image image=&#8221;9847&#8243; img_size=&#8221;200&#215;200&#8243; alignment=&#8221;center&#8221; css=&#8221;.vc_custom_1679401523616{margin-top: -23px !important;margin-bottom: -35px !important;}&#8221;][vc_column_text css=&#8221;.vc_custom_1680295064955{padding-right: 50px !important;padding-bottom: 25px !important;padding-left: 50px !important;}&#8221;]<\/p>\n<p style=\"font-size: 25px; text-align: center; line-height: 35px; color: #474747;\"><strong>Experi\u00eancia do Cliente<\/strong><\/p>\n<p style=\"text-align: center; color: #676767;\">Com agilidade no atendimento seu cliente fica mais contente tendo que aguardar menos tempo em filas.<\/p>\n<p>[\/vc_column_text][\/vc_column][\/vc_row][vc_row full_width=&#8221;stretch_row_content&#8221;][vc_column width=&#8221;1\/2&#8243; offset=&#8221;vc_hidden-sm vc_hidden-xs&#8221; css=&#8221;.vc_custom_1680295236508{background-color: #f4f4f4 !important;}&#8221;][vc_single_image image=&#8221;10122&#8243; img_size=&#8221;200&#215;200&#8243; alignment=&#8221;center&#8221; css=&#8221;.vc_custom_1679402707067{margin-bottom: -20px !important;}&#8221;][vc_column_text css=&#8221;.vc_custom_1680295085101{padding-right: 50px !important;padding-bottom: 25px !important;padding-left: 50px !important;}&#8221;]<\/p>\n<p style=\"font-size: 25px; text-align: center; line-height: 35px; color: #474747;\"><strong>Controle do que foi recebido<\/strong><\/p>\n<p style=\"text-align: center; color: #676767;\"><span data-offset-key=\"8ssn7-209-0\">Junto do aplicativo de caixa o recebimento facilita no controle do que foi recebido.<\/span><\/p>\n<p>[\/vc_column_text][\/vc_column][vc_column width=&#8221;1\/2&#8243; offset=&#8221;vc_hidden-sm vc_hidden-xs&#8221; css=&#8221;.vc_custom_1680295254635{background-color: #f4f4f4 !important;}&#8221;][vc_single_image image=&#8221;9689&#8243; img_size=&#8221;200&#215;200&#8243; alignment=&#8221;center&#8221; css=&#8221;.vc_custom_1679403010939{margin-bottom: -18px !important;}&#8221;][vc_column_text css=&#8221;.vc_custom_1680295117677{padding-right: 50px !important;padding-bottom: 25px !important;padding-left: 50px !important;}&#8221;]<\/p>\n<p style=\"font-size: 25px; text-align: center; line-height: 35px; color: #474747;\"><strong>Emiss\u00e3o de Recibos<\/strong><\/p>\n<p style=\"text-align: center; color: #676767;\"><span data-offset-key=\"8ssn7-209-0\">O Office Impresso disponibiliza a impress\u00e3o do recibo para um maior controle financeiro.<\/span><\/p>\n<p>[\/vc_column_text][\/vc_column][\/vc_row][vc_row full_width=&#8221;stretch_row_content&#8221;][vc_column offset=&#8221;vc_hidden-lg vc_hidden-md&#8221;][vc_single_image image=&#8221;9903&#8243; img_size=&#8221;150&#215;150&#8243; alignment=&#8221;center&#8221; css=&#8221;.vc_custom_1679401419065{margin-bottom: -10px !important;}&#8221;][vc_column_text css=&#8221;.vc_custom_1680295313461{padding-right: 10px !important;padding-bottom: 25px !important;padding-left: 10px !important;}&#8221;]<\/p>\n<p style=\"font-size: 25px; text-align: center; line-height: 35px; color: #474747;\"><strong>Aumento de produtividade<\/strong><\/p>\n<p style=\"text-align: center; color: #676767;\">Localizando rapidamente o que precisa receber, o colaborador pode fazer mais recebimentos em um menor tempo.<\/p>\n<p>[\/vc_column_text][\/vc_column][\/vc_row][vc_row full_width=&#8221;stretch_row_content&#8221;][vc_column css=&#8221;.vc_custom_1680295348874{background-color: #f4f4f4 !important;}&#8221; offset=&#8221;vc_hidden-lg vc_hidden-md&#8221;][vc_single_image image=&#8221;9847&#8243; img_size=&#8221;200&#215;200&#8243; alignment=&#8221;center&#8221; css=&#8221;.vc_custom_1679401523616{margin-top: -23px !important;margin-bottom: -35px !important;}&#8221;][vc_column_text css=&#8221;.vc_custom_1680295341092{padding-right: 10px !important;padding-bottom: 25px !important;padding-left: 10px !important;}&#8221;]<\/p>\n<p style=\"font-size: 25px; text-align: center; line-height: 35px; color: #474747;\"><strong>Experi\u00eancia do Cliente<\/strong><\/p>\n<p style=\"text-align: center; color: #676767;\">Com agilidade no atendimento seu cliente fica mais contente tendo que aguardar menos tempo em filas.<\/p>\n<p>[\/vc_column_text][\/vc_column][\/vc_row][vc_row full_width=&#8221;stretch_row_content&#8221;][vc_column offset=&#8221;vc_hidden-lg vc_hidden-md&#8221;][vc_single_image image=&#8221;10122&#8243; img_size=&#8221;200&#215;200&#8243; alignment=&#8221;center&#8221; css=&#8221;.vc_custom_1679402707067{margin-bottom: -20px !important;}&#8221;][vc_column_text css=&#8221;.vc_custom_1680295373403{padding-right: 10px !important;padding-bottom: 25px !important;padding-left: 10px !important;}&#8221;]<\/p>\n<p style=\"font-size: 25px; text-align: center; line-height: 35px; color: #474747;\"><strong>Controle do que foi recebido<\/strong><\/p>\n<p style=\"text-align: center; color: #676767;\"><span data-offset-key=\"8ssn7-209-0\">Junto do aplicativo de caixa o recebimento facilita no controle do que foi recebido.<\/span><\/p>\n<p>[\/vc_column_text][\/vc_column][\/vc_row][vc_row full_width=&#8221;stretch_row_content&#8221;][vc_column css=&#8221;.vc_custom_1680295410921{background-color: #f4f4f4 !important;}&#8221; offset=&#8221;vc_hidden-lg vc_hidden-md&#8221;][vc_single_image image=&#8221;9689&#8243; img_size=&#8221;200&#215;200&#8243; alignment=&#8221;center&#8221; css=&#8221;.vc_custom_1679403010939{margin-bottom: -18px !important;}&#8221;][vc_column_text css=&#8221;.vc_custom_1680295401731{padding-right: 10px !important;padding-bottom: 25px !important;padding-left: 10px !important;}&#8221;]<\/p>\n<p style=\"font-size: 25px; text-align: center; line-height: 35px; color: #474747;\"><strong>Emiss\u00e3o de Recibos<\/strong><\/p>\n<p style=\"text-align: center; color: #676767;\"><span data-offset-key=\"8ssn7-209-0\">O Office Impresso disponibiliza a impress\u00e3o do recibo para um maior controle financeiro.<\/span><\/p>\n<p>[\/vc_column_text][\/vc_column][\/vc_row]<\/p>\n","protected":false},"excerpt":{"rendered":"<p>[vc_row full_width=&#8221;stretch_row_content&#8221; css=&#8221;.vc_custom_1677169945848{margin-top: -70px !important;padding-bottom: 50px !important;background-position: center !important;background-repeat: no-repeat !important;background-size: cover !important;}&#8221;][vc_column css=&#8221;.vc_custom_1679404446875{background-image: url(https:\/\/oimpresso.com\/ajuda\/wp-content\/uploads\/2023\/03\/Recebimento.jpg?id=10124) !important;background-position: center !important;background-repeat: no-repeat !important;background-size: cover !important;}&#8221;][vc_column_text css=&#8221;.vc_custom_1680285011508{padding-left: 50px !important;}&#8221;] Recebimento [\/vc_column_text][vc_column_text css=&#8221;.vc_custom_1680285804237{padding-right: 600px !important;padding-left: 50px !important;}&#8221;] Receber fica f\u00e1cil quando se tem uma tela simples e completa para realizar o procedimento.[\/vc_column_text][vc_column_text css=&#8221;.vc_custom_1680642024230{padding-right: 630px !important;padding-left: 50px !important;}&#8221;] Com o Office &hellip; <a href=\"https:\/\/oimpresso.com\/ajuda\/recebimento\/\">Continued<\/a><\/p>\n","protected":false},"author":2,"featured_media":0,"parent":0,"menu_order":0,"comment_status":"closed","ping_status":"closed","template":"","meta":{"_bbp_topic_count":0,"_bbp_reply_count":0,"_bbp_total_topic_count":0,"_bbp_total_reply_count":0,"_bbp_voice_count":0,"_bbp_anonymous_reply_count":0,"_bbp_topic_count_hidden":0,"_bbp_reply_count_hidden":0,"_bbp_forum_subforum_count":0,"om_disable_all_campaigns":false,"_mi_skip_tracking":false},"yoast_head":"<!-- This site is optimized with the Yoast SEO plugin v20.5 - https:\/\/yoast.com\/wordpress\/plugins\/seo\/ -->\n<title>Recebimento<\/title>\n<meta name=\"robots\" content=\"index, follow, max-snippet:-1, max-image-preview:large, max-video-preview:-1\" \/>\n<link rel=\"canonical\" href=\"https:\/\/oimpresso.com\/ajuda\/recebimento\/\" \/>\n<meta property=\"og:locale\" content=\"pt_BR\" \/>\n<meta property=\"og:type\" content=\"article\" \/>\n<meta property=\"og:title\" content=\"Recebimento\" \/>\n<meta property=\"og:description\" content=\"[vc_row full_width=&#8221;stretch_row_content&#8221; css=&#8221;.vc_custom_1677169945848{margin-top: -70px !important;padding-bottom: 50px !important;background-position: center !important;background-repeat: no-repeat !important;background-size: cover !important;}&#8221;][vc_column css=&#8221;.vc_custom_1679404446875{background-image: url(https:\/\/oimpresso.com\/ajuda\/wp-content\/uploads\/2023\/03\/Recebimento.jpg?id=10124) !important;background-position: center !important;background-repeat: no-repeat !important;background-size: cover !important;}&#8221;][vc_column_text css=&#8221;.vc_custom_1680285011508{padding-left: 50px !important;}&#8221;] Recebimento [\/vc_column_text][vc_column_text css=&#8221;.vc_custom_1680285804237{padding-right: 600px !important;padding-left: 50px !important;}&#8221;] Receber fica f\u00e1cil quando se tem uma tela simples e completa para realizar o procedimento.[\/vc_column_text][vc_column_text css=&#8221;.vc_custom_1680642024230{padding-right: 630px !important;padding-left: 50px !important;}&#8221;] Com o Office &hellip; Continued\" \/>\n<meta property=\"og:url\" content=\"https:\/\/oimpresso.com\/ajuda\/recebimento\/\" \/>\n<meta property=\"og:site_name\" content=\"Office Impresso\" \/>\n<meta property=\"article:modified_time\" content=\"2023-04-04T21:01:15+00:00\" \/>\n<meta name=\"twitter:card\" content=\"summary_large_image\" \/>\n<meta name=\"twitter:label1\" content=\"Est. tempo de leitura\" \/>\n\t<meta name=\"twitter:data1\" content=\"6 minutos\" \/>\n<script type=\"application\/ld+json\" class=\"yoast-schema-graph\">{\"@context\":\"https:\/\/schema.org\",\"@graph\":[{\"@type\":\"WebPage\",\"@id\":\"https:\/\/oimpresso.com\/ajuda\/recebimento\/\",\"url\":\"https:\/\/oimpresso.com\/ajuda\/recebimento\/\",\"name\":\"Recebimento\",\"isPartOf\":{\"@id\":\"https:\/\/oimpresso.com\/ajuda\/#website\"},\"datePublished\":\"2023-01-16T19:33:47+00:00\",\"dateModified\":\"2023-04-04T21:01:15+00:00\",\"breadcrumb\":{\"@id\":\"https:\/\/oimpresso.com\/ajuda\/recebimento\/#breadcrumb\"},\"inLanguage\":\"pt-BR\",\"potentialAction\":[{\"@type\":\"ReadAction\",\"target\":[\"https:\/\/oimpresso.com\/ajuda\/recebimento\/\"]}]},{\"@type\":\"BreadcrumbList\",\"@id\":\"https:\/\/oimpresso.com\/ajuda\/recebimento\/#breadcrumb\",\"itemListElement\":[{\"@type\":\"ListItem\",\"position\":1,\"name\":\"In\u00edcio\",\"item\":\"https:\/\/oimpresso.com\/ajuda\/\"},{\"@type\":\"ListItem\",\"position\":2,\"name\":\"Recebimento\"}]},{\"@type\":\"WebSite\",\"@id\":\"https:\/\/oimpresso.com\/ajuda\/#website\",\"url\":\"https:\/\/oimpresso.com\/ajuda\/\",\"name\":\"Office Impresso\",\"description\":\"Portal de Ajuda\",\"publisher\":{\"@id\":\"https:\/\/oimpresso.com\/ajuda\/#organization\"},\"potentialAction\":[{\"@type\":\"SearchAction\",\"target\":{\"@type\":\"EntryPoint\",\"urlTemplate\":\"https:\/\/oimpresso.com\/ajuda\/?s={search_term_string}\"},\"query-input\":\"required name=search_term_string\"}],\"inLanguage\":\"pt-BR\"},{\"@type\":\"Organization\",\"@id\":\"https:\/\/oimpresso.com\/ajuda\/#organization\",\"name\":\"Office Impresso\",\"url\":\"https:\/\/oimpresso.com\/ajuda\/\",\"logo\":{\"@type\":\"ImageObject\",\"inLanguage\":\"pt-BR\",\"@id\":\"https:\/\/oimpresso.com\/ajuda\/#\/schema\/logo\/image\/\",\"url\":\"https:\/\/oimpresso.com\/ajuda\/wp-content\/uploads\/2023\/04\/LOGO-PRETA-Office-Impresso-e1680706829226.png\",\"contentUrl\":\"https:\/\/oimpresso.com\/ajuda\/wp-content\/uploads\/2023\/04\/LOGO-PRETA-Office-Impresso-e1680706829226.png\",\"width\":275,\"height\":77,\"caption\":\"Office Impresso\"},\"image\":{\"@id\":\"https:\/\/oimpresso.com\/ajuda\/#\/schema\/logo\/image\/\"}}]}<\/script>\n<!-- \/ Yoast SEO plugin. -->","yoast_head_json":{"title":"Recebimento","robots":{"index":"index","follow":"follow","max-snippet":"max-snippet:-1","max-image-preview":"max-image-preview:large","max-video-preview":"max-video-preview:-1"},"canonical":"https:\/\/oimpresso.com\/ajuda\/recebimento\/","og_locale":"pt_BR","og_type":"article","og_title":"Recebimento","og_description":"[vc_row full_width=&#8221;stretch_row_content&#8221; css=&#8221;.vc_custom_1677169945848{margin-top: -70px !important;padding-bottom: 50px !important;background-position: center !important;background-repeat: no-repeat !important;background-size: cover !important;}&#8221;][vc_column css=&#8221;.vc_custom_1679404446875{background-image: url(https:\/\/oimpresso.com\/ajuda\/wp-content\/uploads\/2023\/03\/Recebimento.jpg?id=10124) !important;background-position: center !important;background-repeat: no-repeat !important;background-size: cover !important;}&#8221;][vc_column_text css=&#8221;.vc_custom_1680285011508{padding-left: 50px !important;}&#8221;] Recebimento [\/vc_column_text][vc_column_text css=&#8221;.vc_custom_1680285804237{padding-right: 600px !important;padding-left: 50px !important;}&#8221;] Receber fica f\u00e1cil quando se tem uma tela simples e completa para realizar o procedimento.[\/vc_column_text][vc_column_text css=&#8221;.vc_custom_1680642024230{padding-right: 630px !important;padding-left: 50px !important;}&#8221;] Com o Office &hellip; Continued","og_url":"https:\/\/oimpresso.com\/ajuda\/recebimento\/","og_site_name":"Office Impresso","article_modified_time":"2023-04-04T21:01:15+00:00","twitter_card":"summary_large_image","twitter_misc":{"Est. tempo de leitura":"6 minutos"},"schema":{"@context":"https:\/\/schema.org","@graph":[{"@type":"WebPage","@id":"https:\/\/oimpresso.com\/ajuda\/recebimento\/","url":"https:\/\/oimpresso.com\/ajuda\/recebimento\/","name":"Recebimento","isPartOf":{"@id":"https:\/\/oimpresso.com\/ajuda\/#website"},"datePublished":"2023-01-16T19:33:47+00:00","dateModified":"2023-04-04T21:01:15+00:00","breadcrumb":{"@id":"https:\/\/oimpresso.com\/ajuda\/recebimento\/#breadcrumb"},"inLanguage":"pt-BR","potentialAction":[{"@type":"ReadAction","target":["https:\/\/oimpresso.com\/ajuda\/recebimento\/"]}]},{"@type":"BreadcrumbList","@id":"https:\/\/oimpresso.com\/ajuda\/recebimento\/#breadcrumb","itemListElement":[{"@type":"ListItem","position":1,"name":"In\u00edcio","item":"https:\/\/oimpresso.com\/ajuda\/"},{"@type":"ListItem","position":2,"name":"Recebimento"}]},{"@type":"WebSite","@id":"https:\/\/oimpresso.com\/ajuda\/#website","url":"https:\/\/oimpresso.com\/ajuda\/","name":"Office Impresso","description":"Portal de Ajuda","publisher":{"@id":"https:\/\/oimpresso.com\/ajuda\/#organization"},"potentialAction":[{"@type":"SearchAction","target":{"@type":"EntryPoint","urlTemplate":"https:\/\/oimpresso.com\/ajuda\/?s={search_term_string}"},"query-input":"required name=search_term_string"}],"inLanguage":"pt-BR"},{"@type":"Organization","@id":"https:\/\/oimpresso.com\/ajuda\/#organization","name":"Office Impresso","url":"https:\/\/oimpresso.com\/ajuda\/","logo":{"@type":"ImageObject","inLanguage":"pt-BR","@id":"https:\/\/oimpresso.com\/ajuda\/#\/schema\/logo\/image\/","url":"https:\/\/oimpresso.com\/ajuda\/wp-content\/uploads\/2023\/04\/LOGO-PRETA-Office-Impresso-e1680706829226.png","contentUrl":"https:\/\/oimpresso.com\/ajuda\/wp-content\/uploads\/2023\/04\/LOGO-PRETA-Office-Impresso-e1680706829226.png","width":275,"height":77,"caption":"Office Impresso"},"image":{"@id":"https:\/\/oimpresso.com\/ajuda\/#\/schema\/logo\/image\/"}}]}},"_links":{"self":[{"href":"https:\/\/oimpresso.com\/ajuda\/wp-json\/wp\/v2\/pages\/7712"}],"collection":[{"href":"https:\/\/oimpresso.com\/ajuda\/wp-json\/wp\/v2\/pages"}],"about":[{"href":"https:\/\/oimpresso.com\/ajuda\/wp-json\/wp\/v2\/types\/page"}],"author":[{"embeddable":true,"href":"https:\/\/oimpresso.com\/ajuda\/wp-json\/wp\/v2\/users\/2"}],"replies":[{"embeddable":true,"href":"https:\/\/oimpresso.com\/ajuda\/wp-json\/wp\/v2\/comments?post=7712"}],"version-history":[{"count":18,"href":"https:\/\/oimpresso.com\/ajuda\/wp-json\/wp\/v2\/pages\/7712\/revisions"}],"predecessor-version":[{"id":10952,"href":"https:\/\/oimpresso.com\/ajuda\/wp-json\/wp\/v2\/pages\/7712\/revisions\/10952"}],"wp:attachment":[{"href":"https:\/\/oimpresso.com\/ajuda\/wp-json\/wp\/v2\/media?parent=7712"}],"curies":[{"name":"wp","href":"https:\/\/api.w.org\/{rel}","templated":true}]}}