{"id":7710,"date":"2023-01-16T16:33:22","date_gmt":"2023-01-16T19:33:22","guid":{"rendered":"https:\/\/oimpresso.com\/ajuda\/?page_id=7710"},"modified":"2023-04-04T08:44:28","modified_gmt":"2023-04-04T11:44:28","slug":"caixas","status":"publish","type":"page","link":"https:\/\/oimpresso.com\/ajuda\/caixas\/","title":{"rendered":"Caixas"},"content":{"rendered":"<p>[vc_row full_width=&#8221;stretch_row_content&#8221; css=&#8221;.vc_custom_1676925739079{margin-top: -70px !important;padding-bottom: 50px !important;background-position: center !important;background-repeat: no-repeat !important;background-size: cover !important;}&#8221;][vc_column css=&#8221;.vc_custom_1676925890075{background-image: url(https:\/\/oimpresso.com\/ajuda\/wp-content\/uploads\/2023\/02\/banner-site-caixa.png?id=8704) !important;background-position: center !important;background-repeat: no-repeat !important;background-size: cover !important;}&#8221; offset=&#8221;vc_hidden-md vc_hidden-sm vc_hidden-xs&#8221;][vc_column_text css=&#8221;.vc_custom_1680272215652{padding-left: 50px !important;}&#8221;]<\/p>\n<h1 style=\"color: #474747;\" id=\"caixa\" >Caixa<\/h1>\n<p>[\/vc_column_text][vc_column_text css=&#8221;.vc_custom_1680272290003{padding-right: 600px !important;padding-left: 50px !important;}&#8221;]<\/p>\n<p style=\"color: #575757; font-size: 25px; line-height: 1.3;\">Fa\u00e7a recebimentos e tenha controle de caixa di\u00e1rio da sua Comunica\u00e7\u00e3o Visual.<\/p>\n<p>[\/vc_column_text][vc_column_text css=&#8221;.vc_custom_1680272382722{padding-right: 630px !important;padding-left: 50px !important;}&#8221;]<\/p>\n<p style=\"color: #676767; font-size: 20px;\">Com o <strong>Office Impresso<\/strong> voc\u00ea tem as ferramentas que ir\u00e3o facilitar o recebimento na sua frente de caixa!<\/p>\n<p>[\/vc_column_text][vc_column_text css=&#8221;.vc_custom_1680120646087{padding-left: 50px !important;}&#8221;]<a class=\"fancybox-iframe\" style=\"display: flex; align-items: center; justify-content: center; width: 100%; max-width: 200px; height: 45px; border-radius: 25px; background: #80387B; background-image: linear-gradient(to bottom, #80387B, #CF61CA); border: none; color: #ffffff; font-size: 16px; cursor: pointer; text-align: center; text-decoration: none;\" href=\"https:\/\/oimpresso.com\/ajuda\/solicitar-proposta\/\">Conhe\u00e7a um Especialista<\/a>[\/vc_column_text][\/vc_column][\/vc_row][vc_row full_width=&#8221;stretch_row_content&#8221; css=&#8221;.vc_custom_1676925993078{margin-top: -20px !important;padding-bottom: 50px !important;background-position: center !important;background-repeat: no-repeat !important;background-size: cover !important;}&#8221;][vc_column css=&#8221;.vc_custom_1676926018386{background-image: url(https:\/\/oimpresso.com\/ajuda\/wp-content\/uploads\/2023\/02\/banner-site-caixa.png?id=8704) !important;background-position: center !important;background-repeat: no-repeat !important;background-size: cover !important;}&#8221; offset=&#8221;vc_hidden-lg vc_hidden-sm vc_hidden-xs&#8221;][vc_column_text css=&#8221;.vc_custom_1680272215652{padding-left: 50px !important;}&#8221;]<\/p>\n<h1 style=\"color: #474747;\" id=\"caixa\" >Caixa<\/h1>\n<p>[\/vc_column_text][vc_column_text css=&#8221;.vc_custom_1680272290003{padding-right: 600px !important;padding-left: 50px !important;}&#8221;]<\/p>\n<p style=\"color: #575757; font-size: 25px; line-height: 1.3;\">Fa\u00e7a recebimentos e tenha controle de caixa di\u00e1rio da sua Comunica\u00e7\u00e3o Visual.<\/p>\n<p>[\/vc_column_text][vc_column_text css=&#8221;.vc_custom_1680272382722{padding-right: 630px !important;padding-left: 50px !important;}&#8221;]<\/p>\n<p style=\"color: #676767; font-size: 20px;\">Com o <strong>Office Impresso<\/strong> voc\u00ea tem as ferramentas que ir\u00e3o facilitar o recebimento na sua frente de caixa!<\/p>\n<p>[\/vc_column_text][vc_column_text css=&#8221;.vc_custom_1680120681759{padding-left: 50px !important;}&#8221;]<a class=\"fancybox-iframe\" style=\"display: flex; align-items: center; justify-content: center; width: 100%; max-width: 200px; height: 45px; border-radius: 25px; background: #80387B; background-image: linear-gradient(to bottom, #80387B, #CF61CA); border: none; color: #ffffff; font-size: 16px; cursor: pointer; text-align: center; text-decoration: none;\" href=\"https:\/\/oimpresso.com\/ajuda\/solicitar-proposta\/\">Conhe\u00e7a um Especialista<\/a>[\/vc_column_text][\/vc_column][\/vc_row][vc_row full_width=&#8221;stretch_row_content&#8221; css=&#8221;.vc_custom_1676926411198{margin-top: -65px !important;padding-bottom: 50px !important;background-position: center !important;background-repeat: no-repeat !important;background-size: cover !important;}&#8221;][vc_column css=&#8221;.vc_custom_1676926153198{background-position: center !important;background-repeat: no-repeat !important;background-size: cover !important;}&#8221; offset=&#8221;vc_hidden-lg vc_hidden-md vc_col-xs-12&#8243;][vc_column_text css=&#8221;.vc_custom_1680272450784{padding-right: 10px !important;padding-left: 10px !important;}&#8221;]<\/p>\n<h1 style=\"text-align: center; color: #474747;\" id=\"caixa\" >Caixa<\/h1>\n<p>[\/vc_column_text][vc_column_text css=&#8221;.vc_custom_1680272509350{padding-right: 10px !important;padding-left: 10px !important;}&#8221;]<\/p>\n<p style=\"text-align: center; color: #575757; font-size: 25px; line-height: 1.3;\">Fa\u00e7a recebimentos e tenha controle de caixa di\u00e1rio da sua Comunica\u00e7\u00e3o Visual.<\/p>\n<p>[\/vc_column_text][vc_column_text css=&#8221;.vc_custom_1680272548830{padding-right: 10px !important;padding-left: 10px !important;}&#8221;]<\/p>\n<p style=\"text-align: center; color: #676767; font-size: 20px;\">Com o <strong>Office Impresso<\/strong> voc\u00ea tem as ferramentas que ir\u00e3o facilitar o recebimento na sua frente de caixa!<\/p>\n<p>[\/vc_column_text][vc_column_text css=&#8221;.vc_custom_1680120601813{margin-top: 20px !important;}&#8221;]<a style=\"width: 190px; height: 45px; border-radius: 25px; background: #80387B; background-image: linear-gradient(to bottom, #80387B, #CF61CA); border: none; color: #ffffff; font-size: 16px; cursor: pointer; display: flex; justify-content: center; align-items: center; margin: 0 auto; text-decoration: none;\" href=\"https:\/\/oimpresso.com\/ajuda\/solicitar-proposta\/;\">Conhe\u00e7a um Especialista<\/a>[\/vc_column_text][\/vc_column][vc_column offset=&#8221;vc_hidden-lg vc_hidden-md vc_col-xs-12&#8243; css=&#8221;.vc_custom_1676926354647{background-image: url(https:\/\/oimpresso.com\/ajuda\/wp-content\/uploads\/2023\/02\/banner-site-caixa-mobile.png?id=8708) !important;background-position: center !important;background-repeat: no-repeat !important;background-size: cover !important;}&#8221;][vc_empty_space height=&#8221;250px&#8221;][\/vc_column][\/vc_row][vc_row full_width=&#8221;stretch_row_content&#8221; content_placement=&#8221;middle&#8221;][vc_column offset=&#8221;vc_hidden-sm vc_hidden-xs&#8221;][vc_column_text css=&#8221;.vc_custom_1677068833032{padding-right: 50px !important;padding-left: 50px !important;}&#8221;]<\/p>\n<p style=\"font-size: 35px; text-align: center; line-height: 45px;\">Receber no balc\u00e3o de sua <strong>Comunica\u00e7\u00e3o Visual<\/strong> fica f\u00e1cil com o <strong>Office Impresso<\/strong><\/p>\n<p>[\/vc_column_text][vc_separator][\/vc_column][\/vc_row][vc_row full_width=&#8221;stretch_row_content&#8221; content_placement=&#8221;middle&#8221;][vc_column offset=&#8221;vc_hidden-lg vc_hidden-md&#8221;][vc_column_text css=&#8221;.vc_custom_1677068818847{padding-right: 10px !important;padding-left: 10px !important;}&#8221;]<\/p>\n<p style=\"font-size: 30px; text-align: center; line-height: 45px;\">Receber no balc\u00e3o de sua <strong>Comunica\u00e7\u00e3o Visual<\/strong> fica f\u00e1cil com o <strong>Office Impresso<\/strong><\/p>\n<p>[\/vc_column_text][vc_separator][\/vc_column][\/vc_row][vc_row full_width=&#8221;stretch_row_content&#8221; css=&#8221;.vc_custom_1676379957246{background-color: #ffffff !important;}&#8221;][vc_column width=&#8221;1\/2&#8243; offset=&#8221;vc_hidden-sm vc_hidden-xs&#8221;][vc_single_image image=&#8221;10898&#8243; img_size=&#8221;200&#215;200&#8243; alignment=&#8221;center&#8221; css=&#8221;.vc_custom_1680608673761{margin-bottom: -35px !important;}&#8221;][vc_column_text css=&#8221;.vc_custom_1680272614976{padding-top: 25px !important;padding-right: 50px !important;padding-bottom: 25px !important;padding-left: 50px !important;}&#8221;]<\/p>\n<p style=\"font-size: 25px; text-align: center; line-height: 35px;\"><strong>Controle de abertura e fechamento do caixa<\/strong><\/p>\n<p style=\"text-align: center;\">Gerencie a abertura e fechamento da sua frente de caixa,<br \/>\npara n\u00e3o perder tempo e dinheiro.<br \/>\nAcompanhe e controle todas as entradas de recursos e dinheiro[\/vc_column_text][\/vc_column][vc_column width=&#8221;1\/2&#8243; offset=&#8221;vc_hidden-sm vc_hidden-xs&#8221;][vc_single_image image=&#8221;10894&#8243; img_size=&#8221;200&#215;200&#8243; alignment=&#8221;center&#8221; css=&#8221;.vc_custom_1680607284675{margin-bottom: -35px !important;}&#8221;][vc_column_text css=&#8221;.vc_custom_1676374311114{padding-top: 25px !important;padding-right: 50px !important;padding-bottom: 25px !important;padding-left: 50px !important;}&#8221;]<\/p>\n<p style=\"font-size: 25px; text-align: center; line-height: 35px;\"><strong>Controle de Caixa por turno ou funcion\u00e1rio<\/strong><\/p>\n<p style=\"text-align: center;\">Fa\u00e7a o controle individualmente com sua equipe: cada funcion\u00e1rio abre e fecha o caixa do seu turno<br \/>\nConsulte o movimento total ou separadamente ao final do dia.<\/p>\n<p>&nbsp;[\/vc_column_text][\/vc_column][\/vc_row][vc_row full_width=&#8221;stretch_row_content&#8221; css=&#8221;.vc_custom_1676379957246{background-color: #ffffff !important;}&#8221;][vc_column offset=&#8221;vc_hidden-lg vc_hidden-md vc_col-xs-12&#8243;][vc_single_image image=&#8221;10898&#8243; img_size=&#8221;200&#215;200&#8243; alignment=&#8221;center&#8221; css=&#8221;.vc_custom_1680608673761{margin-bottom: -35px !important;}&#8221;][vc_column_text css=&#8221;.vc_custom_1676926922943{padding-top: 25px !important;padding-right: 10px !important;padding-bottom: 25px !important;padding-left: 10px !important;}&#8221;]<\/p>\n<p style=\"font-size: 25px; text-align: center; line-height: 35px;\"><strong>Controle de abertura e fechamento do caixa<\/strong><\/p>\n<p style=\"text-align: center;\">Gerencie a abertura e fechamento da sua frente de caixa, para n\u00e3o perder tempo e dinheiro.<br \/>\nAcompanhe e controle todas as entradas de recursos e dinheiro[\/vc_column_text][\/vc_column][vc_column offset=&#8221;vc_hidden-lg vc_hidden-md vc_col-xs-12&#8243; css=&#8221;.vc_custom_1676926715312{background-color: #f4f4f4 !important;}&#8221;][vc_single_image image=&#8221;10894&#8243; img_size=&#8221;200&#215;200&#8243; alignment=&#8221;center&#8221; css=&#8221;.vc_custom_1680607284675{margin-bottom: -35px !important;}&#8221;][vc_column_text css=&#8221;.vc_custom_1676926940563{padding-top: 25px !important;padding-right: 10px !important;padding-bottom: 25px !important;padding-left: 10px !important;}&#8221;]<\/p>\n<p style=\"font-size: 25px; text-align: center; line-height: 35px;\"><strong>Controle de Caixa por turno ou funcion\u00e1rio<\/strong><\/p>\n<p style=\"text-align: center;\">Fa\u00e7a o controle individualmente com sua equipe: cada funcion\u00e1rio abre e fecha o caixa do seu turno<br \/>\nConsulte o movimento total ou separadamente ao final do dia.<\/p>\n<p>&nbsp;[\/vc_column_text][\/vc_column][\/vc_row][vc_row full_width=&#8221;stretch_row_content&#8221; css=&#8221;.vc_custom_1676061727840{background-color: #f4f4f4 !important;}&#8221;][vc_column width=&#8221;1\/2&#8243; offset=&#8221;vc_hidden-sm vc_hidden-xs&#8221;][vc_single_image image=&#8221;10896&#8243; img_size=&#8221;200&#215;200&#8243; alignment=&#8221;center&#8221; css=&#8221;.vc_custom_1680607910435{margin-bottom: -35px !important;}&#8221;][vc_column_text css=&#8221;.vc_custom_1676374475896{padding-top: 25px !important;padding-right: 50px !important;padding-bottom: 25px !important;padding-left: 50px !important;}&#8221;]<\/p>\n<p style=\"font-size: 25px; text-align: center; line-height: 35px;\"><strong>Venda em um terminal e receba no caixa<\/strong><\/p>\n<p style=\"text-align: center;\">Abra uma venda ou pedido em qualquer terminal para ser recebido no Caixa.<\/p>\n<p>[\/vc_column_text][\/vc_column][vc_column width=&#8221;1\/2&#8243; offset=&#8221;vc_hidden-sm vc_hidden-xs&#8221;][vc_single_image image=&#8221;10219&#8243; img_size=&#8221;200&#215;200&#8243; alignment=&#8221;center&#8221; css=&#8221;.vc_custom_1680607930553{margin-bottom: -35px !important;}&#8221;][vc_column_text css=&#8221;.vc_custom_1676380657636{padding-top: 25px !important;padding-right: 50px !important;padding-bottom: 25px !important;padding-left: 50px !important;}&#8221;]<\/p>\n<p style=\"font-size: 25px; text-align: center; line-height: 35px;\"><strong>Registre e monitore as entradas e sa\u00eddas<\/strong><\/p>\n<p style=\"text-align: center;\">O Office Impresso permite voc\u00ea registrar as entradas (vendas) e sa\u00eddas(dinheiro retirado).<\/p>\n<p>&nbsp;[\/vc_column_text][\/vc_column][\/vc_row][vc_row full_width=&#8221;stretch_row_content&#8221;][vc_column offset=&#8221;vc_hidden-lg vc_hidden-md vc_col-xs-12&#8243;][vc_single_image image=&#8221;10896&#8243; img_size=&#8221;200&#215;200&#8243; alignment=&#8221;center&#8221; css=&#8221;.vc_custom_1680607910435{margin-bottom: -35px !important;}&#8221;][vc_column_text css=&#8221;.vc_custom_1676926953875{padding-top: 25px !important;padding-right: 10px !important;padding-bottom: 25px !important;padding-left: 10px !important;}&#8221;]<\/p>\n<p style=\"font-size: 25px; text-align: center; line-height: 35px;\"><strong>Venda em um terminal e receba no caixa<\/strong><\/p>\n<p style=\"text-align: center;\">Abra uma venda ou pedido em qualquer terminal para ser recebido no Caixa.<\/p>\n<p>[\/vc_column_text][\/vc_column][vc_column css=&#8221;.vc_custom_1676926789231{background-color: #f4f4f4 !important;}&#8221; offset=&#8221;vc_hidden-lg vc_hidden-md vc_col-xs-12&#8243;][vc_single_image image=&#8221;10219&#8243; img_size=&#8221;200&#215;200&#8243; alignment=&#8221;center&#8221; css=&#8221;.vc_custom_1680274161503{margin-bottom: -10px !important;}&#8221;][vc_column_text css=&#8221;.vc_custom_1676926964546{padding-top: 25px !important;padding-right: 10px !important;padding-bottom: 25px !important;padding-left: 10px !important;}&#8221;]<\/p>\n<p style=\"font-size: 25px; text-align: center; line-height: 35px;\"><strong>Registre e monitore as entradas e sa\u00eddas<\/strong><\/p>\n<p style=\"text-align: center;\">O Office Impresso permite voc\u00ea registrar as entradas (vendas) e sa\u00eddas(dinheiro retirado).<\/p>\n<p>&nbsp;[\/vc_column_text][\/vc_column][\/vc_row][vc_row full_width=&#8221;stretch_row_content&#8221; css=&#8221;.vc_custom_1676379923866{background-color: #ffffff !important;}&#8221;][vc_column offset=&#8221;vc_hidden-sm vc_hidden-xs&#8221;][vc_single_image image=&#8221;10783&#8243; img_size=&#8221;200&#215;200&#8243; alignment=&#8221;center&#8221; css=&#8221;.vc_custom_1680274488025{margin-bottom: -10px !important;}&#8221;][vc_column_text css=&#8221;.vc_custom_1676381095240{padding-top: 25px !important;padding-right: 50px !important;padding-bottom: 25px !important;padding-left: 50px !important;}&#8221;]<\/p>\n<p style=\"font-size: 25px; text-align: center; line-height: 35px;\"><strong>\u00a0Consulte relat\u00f3rios de caixa e analise desempenho de vendas<\/strong><\/p>\n<p style=\"text-align: center;\">Consulte vendas realizadas, valores recebidos, valores pagos ou retirados, saldo do per\u00edodo e por meio de pagamento. S\u00e3o alguns exemplos de relat\u00f3rios que voc\u00ea ter\u00e1 acesso.<\/p>\n<p>[\/vc_column_text][\/vc_column][\/vc_row][vc_row full_width=&#8221;stretch_row_content&#8221; css=&#8221;.vc_custom_1676379923866{background-color: #ffffff !important;}&#8221;][vc_column offset=&#8221;vc_hidden-lg vc_hidden-md&#8221;][vc_single_image image=&#8221;10783&#8243; img_size=&#8221;200&#215;200&#8243; alignment=&#8221;center&#8221; css=&#8221;.vc_custom_1680274488025{margin-bottom: -10px !important;}&#8221;][vc_column_text css=&#8221;.vc_custom_1676927009771{padding-top: 25px !important;padding-right: 10px !important;padding-bottom: 25px !important;padding-left: 10px !important;}&#8221;]<\/p>\n<p style=\"font-size: 25px; text-align: center; line-height: 35px;\"><strong>\u00a0Consulte relat\u00f3rios de caixa e analise desempenho de vendas<\/strong><\/p>\n<p style=\"text-align: center;\">Consulte vendas realizadas, valores recebidos, valores pagos ou retirados, saldo do per\u00edodo e por meio de pagamento. S\u00e3o alguns exemplos de relat\u00f3rios que voc\u00ea ter\u00e1 acesso.<\/p>\n<p>[\/vc_column_text][\/vc_column][\/vc_row]<\/p>\n","protected":false},"excerpt":{"rendered":"<p>[vc_row full_width=&#8221;stretch_row_content&#8221; css=&#8221;.vc_custom_1676925739079{margin-top: -70px !important;padding-bottom: 50px !important;background-position: center !important;background-repeat: no-repeat !important;background-size: cover !important;}&#8221;][vc_column css=&#8221;.vc_custom_1676925890075{background-image: url(https:\/\/oimpresso.com\/ajuda\/wp-content\/uploads\/2023\/02\/banner-site-caixa.png?id=8704) !important;background-position: center !important;background-repeat: no-repeat !important;background-size: cover !important;}&#8221; offset=&#8221;vc_hidden-md vc_hidden-sm vc_hidden-xs&#8221;][vc_column_text css=&#8221;.vc_custom_1680272215652{padding-left: 50px !important;}&#8221;] Caixa [\/vc_column_text][vc_column_text css=&#8221;.vc_custom_1680272290003{padding-right: 600px !important;padding-left: 50px !important;}&#8221;] Fa\u00e7a recebimentos e tenha controle de caixa di\u00e1rio da sua Comunica\u00e7\u00e3o Visual. [\/vc_column_text][vc_column_text css=&#8221;.vc_custom_1680272382722{padding-right: 630px !important;padding-left: 50px !important;}&#8221;] Com o &hellip; <a href=\"https:\/\/oimpresso.com\/ajuda\/caixas\/\">Continued<\/a><\/p>\n","protected":false},"author":2,"featured_media":0,"parent":0,"menu_order":0,"comment_status":"closed","ping_status":"closed","template":"","meta":{"_bbp_topic_count":0,"_bbp_reply_count":0,"_bbp_total_topic_count":0,"_bbp_total_reply_count":0,"_bbp_voice_count":0,"_bbp_anonymous_reply_count":0,"_bbp_topic_count_hidden":0,"_bbp_reply_count_hidden":0,"_bbp_forum_subforum_count":0,"om_disable_all_campaigns":false,"_mi_skip_tracking":false},"yoast_head":"<!-- This site is optimized with the Yoast SEO plugin v20.5 - https:\/\/yoast.com\/wordpress\/plugins\/seo\/ -->\n<title>Caixas<\/title>\n<meta name=\"robots\" content=\"index, follow, max-snippet:-1, max-image-preview:large, max-video-preview:-1\" \/>\n<link rel=\"canonical\" href=\"https:\/\/oimpresso.com\/ajuda\/caixas\/\" \/>\n<meta property=\"og:locale\" content=\"pt_BR\" \/>\n<meta property=\"og:type\" content=\"article\" \/>\n<meta property=\"og:title\" content=\"Caixas\" \/>\n<meta property=\"og:description\" content=\"[vc_row full_width=&#8221;stretch_row_content&#8221; css=&#8221;.vc_custom_1676925739079{margin-top: -70px !important;padding-bottom: 50px !important;background-position: center !important;background-repeat: no-repeat !important;background-size: cover !important;}&#8221;][vc_column css=&#8221;.vc_custom_1676925890075{background-image: url(https:\/\/oimpresso.com\/ajuda\/wp-content\/uploads\/2023\/02\/banner-site-caixa.png?id=8704) !important;background-position: center !important;background-repeat: no-repeat !important;background-size: cover !important;}&#8221; offset=&#8221;vc_hidden-md vc_hidden-sm vc_hidden-xs&#8221;][vc_column_text css=&#8221;.vc_custom_1680272215652{padding-left: 50px !important;}&#8221;] Caixa [\/vc_column_text][vc_column_text css=&#8221;.vc_custom_1680272290003{padding-right: 600px !important;padding-left: 50px !important;}&#8221;] Fa\u00e7a recebimentos e tenha controle de caixa di\u00e1rio da sua Comunica\u00e7\u00e3o Visual. [\/vc_column_text][vc_column_text css=&#8221;.vc_custom_1680272382722{padding-right: 630px !important;padding-left: 50px !important;}&#8221;] Com o &hellip; Continued\" \/>\n<meta property=\"og:url\" content=\"https:\/\/oimpresso.com\/ajuda\/caixas\/\" \/>\n<meta property=\"og:site_name\" content=\"Office Impresso\" \/>\n<meta property=\"article:modified_time\" content=\"2023-04-04T11:44:28+00:00\" \/>\n<meta name=\"twitter:card\" content=\"summary_large_image\" \/>\n<meta name=\"twitter:label1\" content=\"Est. tempo de leitura\" \/>\n\t<meta name=\"twitter:data1\" content=\"7 minutos\" \/>\n<script type=\"application\/ld+json\" class=\"yoast-schema-graph\">{\"@context\":\"https:\/\/schema.org\",\"@graph\":[{\"@type\":\"WebPage\",\"@id\":\"https:\/\/oimpresso.com\/ajuda\/caixas\/\",\"url\":\"https:\/\/oimpresso.com\/ajuda\/caixas\/\",\"name\":\"Caixas\",\"isPartOf\":{\"@id\":\"https:\/\/oimpresso.com\/ajuda\/#website\"},\"datePublished\":\"2023-01-16T19:33:22+00:00\",\"dateModified\":\"2023-04-04T11:44:28+00:00\",\"breadcrumb\":{\"@id\":\"https:\/\/oimpresso.com\/ajuda\/caixas\/#breadcrumb\"},\"inLanguage\":\"pt-BR\",\"potentialAction\":[{\"@type\":\"ReadAction\",\"target\":[\"https:\/\/oimpresso.com\/ajuda\/caixas\/\"]}]},{\"@type\":\"BreadcrumbList\",\"@id\":\"https:\/\/oimpresso.com\/ajuda\/caixas\/#breadcrumb\",\"itemListElement\":[{\"@type\":\"ListItem\",\"position\":1,\"name\":\"In\u00edcio\",\"item\":\"https:\/\/oimpresso.com\/ajuda\/\"},{\"@type\":\"ListItem\",\"position\":2,\"name\":\"Caixas\"}]},{\"@type\":\"WebSite\",\"@id\":\"https:\/\/oimpresso.com\/ajuda\/#website\",\"url\":\"https:\/\/oimpresso.com\/ajuda\/\",\"name\":\"Office Impresso\",\"description\":\"Portal de Ajuda\",\"publisher\":{\"@id\":\"https:\/\/oimpresso.com\/ajuda\/#organization\"},\"potentialAction\":[{\"@type\":\"SearchAction\",\"target\":{\"@type\":\"EntryPoint\",\"urlTemplate\":\"https:\/\/oimpresso.com\/ajuda\/?s={search_term_string}\"},\"query-input\":\"required name=search_term_string\"}],\"inLanguage\":\"pt-BR\"},{\"@type\":\"Organization\",\"@id\":\"https:\/\/oimpresso.com\/ajuda\/#organization\",\"name\":\"Office Impresso\",\"url\":\"https:\/\/oimpresso.com\/ajuda\/\",\"logo\":{\"@type\":\"ImageObject\",\"inLanguage\":\"pt-BR\",\"@id\":\"https:\/\/oimpresso.com\/ajuda\/#\/schema\/logo\/image\/\",\"url\":\"https:\/\/oimpresso.com\/ajuda\/wp-content\/uploads\/2023\/04\/LOGO-PRETA-Office-Impresso-e1680706829226.png\",\"contentUrl\":\"https:\/\/oimpresso.com\/ajuda\/wp-content\/uploads\/2023\/04\/LOGO-PRETA-Office-Impresso-e1680706829226.png\",\"width\":275,\"height\":77,\"caption\":\"Office Impresso\"},\"image\":{\"@id\":\"https:\/\/oimpresso.com\/ajuda\/#\/schema\/logo\/image\/\"}}]}<\/script>\n<!-- \/ Yoast SEO plugin. -->","yoast_head_json":{"title":"Caixas","robots":{"index":"index","follow":"follow","max-snippet":"max-snippet:-1","max-image-preview":"max-image-preview:large","max-video-preview":"max-video-preview:-1"},"canonical":"https:\/\/oimpresso.com\/ajuda\/caixas\/","og_locale":"pt_BR","og_type":"article","og_title":"Caixas","og_description":"[vc_row full_width=&#8221;stretch_row_content&#8221; css=&#8221;.vc_custom_1676925739079{margin-top: -70px !important;padding-bottom: 50px !important;background-position: center !important;background-repeat: no-repeat !important;background-size: cover !important;}&#8221;][vc_column css=&#8221;.vc_custom_1676925890075{background-image: url(https:\/\/oimpresso.com\/ajuda\/wp-content\/uploads\/2023\/02\/banner-site-caixa.png?id=8704) !important;background-position: center !important;background-repeat: no-repeat !important;background-size: cover !important;}&#8221; offset=&#8221;vc_hidden-md vc_hidden-sm vc_hidden-xs&#8221;][vc_column_text css=&#8221;.vc_custom_1680272215652{padding-left: 50px !important;}&#8221;] Caixa [\/vc_column_text][vc_column_text css=&#8221;.vc_custom_1680272290003{padding-right: 600px !important;padding-left: 50px !important;}&#8221;] Fa\u00e7a recebimentos e tenha controle de caixa di\u00e1rio da sua Comunica\u00e7\u00e3o Visual. [\/vc_column_text][vc_column_text css=&#8221;.vc_custom_1680272382722{padding-right: 630px !important;padding-left: 50px !important;}&#8221;] Com o &hellip; Continued","og_url":"https:\/\/oimpresso.com\/ajuda\/caixas\/","og_site_name":"Office Impresso","article_modified_time":"2023-04-04T11:44:28+00:00","twitter_card":"summary_large_image","twitter_misc":{"Est. tempo de leitura":"7 minutos"},"schema":{"@context":"https:\/\/schema.org","@graph":[{"@type":"WebPage","@id":"https:\/\/oimpresso.com\/ajuda\/caixas\/","url":"https:\/\/oimpresso.com\/ajuda\/caixas\/","name":"Caixas","isPartOf":{"@id":"https:\/\/oimpresso.com\/ajuda\/#website"},"datePublished":"2023-01-16T19:33:22+00:00","dateModified":"2023-04-04T11:44:28+00:00","breadcrumb":{"@id":"https:\/\/oimpresso.com\/ajuda\/caixas\/#breadcrumb"},"inLanguage":"pt-BR","potentialAction":[{"@type":"ReadAction","target":["https:\/\/oimpresso.com\/ajuda\/caixas\/"]}]},{"@type":"BreadcrumbList","@id":"https:\/\/oimpresso.com\/ajuda\/caixas\/#breadcrumb","itemListElement":[{"@type":"ListItem","position":1,"name":"In\u00edcio","item":"https:\/\/oimpresso.com\/ajuda\/"},{"@type":"ListItem","position":2,"name":"Caixas"}]},{"@type":"WebSite","@id":"https:\/\/oimpresso.com\/ajuda\/#website","url":"https:\/\/oimpresso.com\/ajuda\/","name":"Office Impresso","description":"Portal de Ajuda","publisher":{"@id":"https:\/\/oimpresso.com\/ajuda\/#organization"},"potentialAction":[{"@type":"SearchAction","target":{"@type":"EntryPoint","urlTemplate":"https:\/\/oimpresso.com\/ajuda\/?s={search_term_string}"},"query-input":"required name=search_term_string"}],"inLanguage":"pt-BR"},{"@type":"Organization","@id":"https:\/\/oimpresso.com\/ajuda\/#organization","name":"Office Impresso","url":"https:\/\/oimpresso.com\/ajuda\/","logo":{"@type":"ImageObject","inLanguage":"pt-BR","@id":"https:\/\/oimpresso.com\/ajuda\/#\/schema\/logo\/image\/","url":"https:\/\/oimpresso.com\/ajuda\/wp-content\/uploads\/2023\/04\/LOGO-PRETA-Office-Impresso-e1680706829226.png","contentUrl":"https:\/\/oimpresso.com\/ajuda\/wp-content\/uploads\/2023\/04\/LOGO-PRETA-Office-Impresso-e1680706829226.png","width":275,"height":77,"caption":"Office Impresso"},"image":{"@id":"https:\/\/oimpresso.com\/ajuda\/#\/schema\/logo\/image\/"}}]}},"_links":{"self":[{"href":"https:\/\/oimpresso.com\/ajuda\/wp-json\/wp\/v2\/pages\/7710"}],"collection":[{"href":"https:\/\/oimpresso.com\/ajuda\/wp-json\/wp\/v2\/pages"}],"about":[{"href":"https:\/\/oimpresso.com\/ajuda\/wp-json\/wp\/v2\/types\/page"}],"author":[{"embeddable":true,"href":"https:\/\/oimpresso.com\/ajuda\/wp-json\/wp\/v2\/users\/2"}],"replies":[{"embeddable":true,"href":"https:\/\/oimpresso.com\/ajuda\/wp-json\/wp\/v2\/comments?post=7710"}],"version-history":[{"count":30,"href":"https:\/\/oimpresso.com\/ajuda\/wp-json\/wp\/v2\/pages\/7710\/revisions"}],"predecessor-version":[{"id":10899,"href":"https:\/\/oimpresso.com\/ajuda\/wp-json\/wp\/v2\/pages\/7710\/revisions\/10899"}],"wp:attachment":[{"href":"https:\/\/oimpresso.com\/ajuda\/wp-json\/wp\/v2\/media?parent=7710"}],"curies":[{"name":"wp","href":"https:\/\/api.w.org\/{rel}","templated":true}]}}