{"id":7708,"date":"2023-01-16T16:32:35","date_gmt":"2023-01-16T19:32:35","guid":{"rendered":"https:\/\/oimpresso.com\/ajuda\/?page_id=7708"},"modified":"2023-03-31T16:27:29","modified_gmt":"2023-03-31T19:27:29","slug":"comissoes-de-venda","status":"publish","type":"page","link":"https:\/\/oimpresso.com\/ajuda\/comissoes-de-venda\/","title":{"rendered":"Comiss\u00f5es de venda"},"content":{"rendered":"<p>[vc_row full_width=&#8221;stretch_row_content&#8221; css=&#8221;.vc_custom_1676920898231{margin-top: -70px !important;padding-bottom: 50px !important;background-position: center !important;background-repeat: no-repeat !important;background-size: cover !important;}&#8221;][vc_column css=&#8221;.vc_custom_1678825111937{background-image: url(https:\/\/oimpresso.com\/ajuda\/wp-content\/uploads\/2023\/03\/Comissoes-de-venda.png?id=9820) !important;background-position: center !important;background-repeat: no-repeat !important;background-size: cover !important;}&#8221; offset=&#8221;vc_hidden-md vc_hidden-sm vc_hidden-xs&#8221;][vc_column_text css=&#8221;.vc_custom_1680204989055{padding-left: 50px !important;}&#8221;]<\/p>\n<h1 style=\"color: #474747;\" id=\"comissoes-de-venda\" >Comiss\u00f5es de venda<\/h1>\n<p>[\/vc_column_text][vc_column_text css=&#8221;.vc_custom_1680205271907{padding-right: 600px !important;padding-left: 50px !important;}&#8221;]<\/p>\n<p style=\"font-size: 25px; color: #575757;\">Gerencie as comiss\u00f5es de seus vendedores sem complica\u00e7\u00f5es<br \/>\ncom o Office Impresso![\/vc_column_text][vc_column_text css=&#8221;.vc_custom_1680205286003{padding-right: 630px !important;padding-left: 50px !important;}&#8221;]<\/p>\n<p style=\"font-size: 20px; color: #676767;\">Reduza a perda de lucro da empresa atrav\u00e9s deste \u00edndice utilizado na<br \/>\nelabora\u00e7\u00e3o do markup para a atualiza\u00e7\u00e3o dos pre\u00e7os de seus produtos.[\/vc_column_text][vc_column_text css=&#8221;.vc_custom_1680119517979{padding-left: 50px !important;}&#8221;]<a class=\"fancybox-iframe\" style=\"display: flex; align-items: center; justify-content: center; width: 100%; max-width: 200px; height: 45px; border-radius: 25px; background: #80387B; background-image: linear-gradient(to bottom, #80387B, #CF61CA); border: none; color: #ffffff; font-size: 16px; cursor: pointer; text-align: center; text-decoration: none;\" href=\"https:\/\/oimpresso.com\/ajuda\/solicitar-proposta\/\">Acesse e Conhe\u00e7a<\/a>[\/vc_column_text][vc_empty_space height=&#8221;100&#8243;][\/vc_column][\/vc_row][vc_row full_width=&#8221;stretch_row_content&#8221; css=&#8221;.vc_custom_1676921146248{margin-top: -20px !important;padding-bottom: 50px !important;background-position: center !important;background-repeat: no-repeat !important;background-size: cover !important;}&#8221;][vc_column css=&#8221;.vc_custom_1678825134071{background-image: url(https:\/\/oimpresso.com\/ajuda\/wp-content\/uploads\/2023\/03\/Comissoes-de-venda.png?id=9820) !important;background-position: center !important;background-repeat: no-repeat !important;background-size: cover !important;}&#8221; offset=&#8221;vc_hidden-lg vc_hidden-sm vc_hidden-xs&#8221;][vc_column_text css=&#8221;.vc_custom_1680204989055{padding-left: 50px !important;}&#8221;]<\/p>\n<h1 style=\"color: #474747;\" id=\"comissoes-de-venda\" >Comiss\u00f5es de venda<\/h1>\n<p>[\/vc_column_text][vc_column_text css=&#8221;.vc_custom_1680205271907{padding-right: 600px !important;padding-left: 50px !important;}&#8221;]<\/p>\n<p style=\"font-size: 25px; color: #575757;\">Gerencie as comiss\u00f5es de seus vendedores sem complica\u00e7\u00f5es<br \/>\ncom o Office Impresso![\/vc_column_text][vc_column_text css=&#8221;.vc_custom_1680205286003{padding-right: 630px !important;padding-left: 50px !important;}&#8221;]<\/p>\n<p style=\"font-size: 20px; color: #676767;\">Reduza a perda de lucro da empresa atrav\u00e9s deste \u00edndice utilizado na<br \/>\nelabora\u00e7\u00e3o do markup para a atualiza\u00e7\u00e3o dos pre\u00e7os de seus produtos.[\/vc_column_text][vc_column_text css=&#8221;.vc_custom_1680119543952{padding-left: 50px !important;}&#8221;]<a class=\"fancybox-iframe\" style=\"display: flex; align-items: center; justify-content: center; width: 100%; max-width: 200px; height: 45px; border-radius: 25px; background: #80387B; background-image: linear-gradient(to bottom, #80387B, #CF61CA); border: none; color: #ffffff; font-size: 16px; cursor: pointer; text-align: center; text-decoration: none;\" href=\"https:\/\/oimpresso.com\/ajuda\/solicitar-proposta\/\">Acesse e Conhe\u00e7a<\/a>[\/vc_column_text][vc_empty_space height=&#8221;100&#8243;][\/vc_column][\/vc_row][vc_row full_width=&#8221;stretch_row_content&#8221; css=&#8221;.vc_custom_1676921326147{margin-top: -65px !important;padding-bottom: 50px !important;background-position: center !important;background-repeat: no-repeat !important;background-size: cover !important;}&#8221;][vc_column css=&#8221;.vc_custom_1676921921382{background-position: center !important;background-repeat: no-repeat !important;background-size: cover !important;}&#8221; offset=&#8221;vc_hidden-lg vc_hidden-md vc_col-xs-12&#8243;][vc_column_text css=&#8221;.vc_custom_1680205195620{padding-right: 10px !important;padding-left: 10px !important;}&#8221;]<\/p>\n<h1 style=\"color: #474747; text-align: center;\" id=\"comissoes-de-venda\" >Comiss\u00f5es de venda<\/h1>\n<p>[\/vc_column_text][vc_column_text css=&#8221;.vc_custom_1680205186021{padding-right: 10px !important;padding-left: 10px !important;}&#8221;]<\/p>\n<p style=\"font-size: 25px; color: #575757; text-align: center;\">Gerencie as comiss\u00f5es de seus vendedores sem complica\u00e7\u00f5es com o Office Impresso!<\/p>\n<p>[\/vc_column_text][vc_column_text css=&#8221;.vc_custom_1680205179589{padding-right: 10px !important;padding-left: 10px !important;}&#8221;]<\/p>\n<p style=\"font-size: 20px; color: #676767; text-align: center;\">Reduza a perda de lucro da empresa atrav\u00e9s deste \u00edndice utilizado na elabora\u00e7\u00e3o do markup para a atualiza\u00e7\u00e3o dos pre\u00e7os de seus produtos.<\/p>\n<p>[\/vc_column_text][vc_column_text css=&#8221;.vc_custom_1680119577863{margin-top: 20px !important;}&#8221;]<a style=\"width: 190px; height: 45px; border-radius: 25px; background: #80387B; background-image: linear-gradient(to bottom, #80387B, #CF61CA); border: none; color: #ffffff; font-size: 16px; cursor: pointer; display: flex; justify-content: center; align-items: center; margin: 0 auto; text-decoration: none;\" href=\"https:\/\/oimpresso.com\/ajuda\/solicitar-proposta\/;\">Acesse e Conhe\u00e7a<\/a>[\/vc_column_text][\/vc_column][vc_column offset=&#8221;vc_hidden-lg vc_hidden-md vc_col-xs-12&#8243; css=&#8221;.vc_custom_1678825151307{background-image: url(https:\/\/oimpresso.com\/ajuda\/wp-content\/uploads\/2023\/03\/Comissoes-de-venda-Mobile.png?id=9821) !important;background-position: center !important;background-repeat: no-repeat !important;background-size: cover !important;}&#8221;][vc_empty_space height=&#8221;250&#8243;][\/vc_column][\/vc_row][vc_row full_width=&#8221;stretch_row_content&#8221; equal_height=&#8221;yes&#8221; css=&#8221;.vc_custom_1676920017047{background-color: #ffffff !important;}&#8221;][vc_column offset=&#8221;vc_hidden-lg vc_hidden-md vc_col-xs-12&#8243;][\/vc_column][\/vc_row][vc_row full_width=&#8221;stretch_row_content&#8221; equal_height=&#8221;yes&#8221; css=&#8221;.vc_custom_1676919941898{background-color: #ffffff !important;}&#8221;][vc_column width=&#8221;1\/2&#8243; offset=&#8221;vc_col-lg-6 vc_col-md-6 vc_hidden-sm vc_hidden-xs&#8221; css=&#8221;.vc_custom_1677876225346{background-color: #f4f4f4 !important;}&#8221;][vc_single_image image=&#8221;9644&#8243; alignment=&#8221;center&#8221; css=&#8221;.vc_custom_1678474209827{margin-bottom: 7px !important;padding-top: 25px !important;}&#8221;][vc_column_text]<\/p>\n<h2 id=\"incentive\" style=\"text-align: center; color: #474747;\" id=\"incentive\" >Incentive<\/h2>\n<p style=\"text-align: center; color: #676767;\">Aumente suas vendas incentivando seus funcion\u00e1rios com comiss\u00f5es organizadas com o\u00a0<strong>Office Impresso.<\/strong><\/p>\n<p>[\/vc_column_text][\/vc_column][vc_column width=&#8221;1\/2&#8243; offset=&#8221;vc_col-lg-6 vc_col-md-6 vc_hidden-sm vc_hidden-xs&#8221; css=&#8221;.vc_custom_1677876236561{background-color: #f4f4f4 !important;}&#8221;][vc_single_image image=&#8221;9661&#8243; img_size=&#8221;200&#215;200&#8243; alignment=&#8221;center&#8221; css=&#8221;.vc_custom_1678879678421{margin-bottom: -40px !important;padding-top: 22px !important;padding-right: 50px !important;padding-left: 50px !important;}&#8221;][vc_column_text]<\/p>\n<h2 id=\"evite-a-perda-de-lucro\" style=\"text-align: center; color: #474747;\" id=\"evite-a-perda-de-lucro\" >Evite a perda de lucro<\/h2>\n<p style=\"text-align: center; color: #676767;\">Organize as suas comiss\u00f5es com o\u00a0<strong>Office Impresso<\/strong>, facilitando a sua organiza\u00e7\u00e3o.<\/p>\n<p>[\/vc_column_text][\/vc_column][\/vc_row][vc_row full_width=&#8221;stretch_row_content&#8221;][vc_column width=&#8221;1\/2&#8243; offset=&#8221;vc_hidden-sm vc_hidden-xs&#8221;][vc_column_text]<\/p>\n<ul style=\"color: #676767;\">\n<li>Use o Office Impresso para organizar as comiss\u00f5es de venda e evitar perda de lucro desnecess\u00e1ria.<\/li>\n<li>Mantenha uma pol\u00edtica clara de comiss\u00f5es de venda e fa\u00e7a ajustes periodicamente para garantir que ela esteja alinhada com os objetivos da empresa.<\/li>\n<li>Gerencie as comiss\u00f5es de venda de forma eficiente, mantendo registros precisos de vendas e comiss\u00f5es para evitar erros e perda de informa\u00e7\u00f5es importantes.<\/li>\n<li>As comiss\u00f5es de venda podem ser uma forma eficaz de incentivar os funcion\u00e1rios a venderem mais e melhor, aumentando as vendas da empresa.<\/li>\n<\/ul>\n<p>[\/vc_column_text][\/vc_column][vc_column width=&#8221;1\/2&#8243; offset=&#8221;vc_hidden-sm vc_hidden-xs&#8221;][vc_column_text]<\/p>\n<div class=\"w-full border-b border-black\/10 dark:border-gray-900\/50 text-gray-800 dark:text-gray-100 group bg-gray-50 dark:bg-[#444654]\">\n<div class=\"text-base gap-4 md:gap-6 m-auto md:max-w-2xl lg:max-w-2xl xl:max-w-3xl p-4 md:py-6 flex lg:px-0\">\n<div class=\"relative flex w-[calc(100%-50px)] flex-col gap-1 md:gap-3 lg:w-[calc(100%-115px)]\">\n<div class=\"flex flex-grow flex-col gap-3\">\n<div class=\"min-h-[20px] flex flex-col items-start gap-4 whitespace-pre-wrap\">\n<div class=\"markdown prose w-full break-words dark:prose-invert dark\">\n<ul style=\"color: #676767;\">\n<li>Use o Office Impresso para simplificar o processo de gerenciamento das comiss\u00f5es de venda e reduzir erros e perda de informa\u00e7\u00f5es.<\/li>\n<li>Analise regularmente o desempenho das vendas e das comiss\u00f5es de venda para identificar oportunidades de melhoria e garantir que os funcion\u00e1rios estejam sendo motivados adequadamente.<\/li>\n<li>Lembre-se de que a pol\u00edtica de comiss\u00f5es de venda deve ser justa e transparente, para garantir a satisfa\u00e7\u00e3o dos funcion\u00e1rios e o sucesso da empresa a longo prazo.<\/li>\n<\/ul>\n<\/div>\n<\/div>\n<\/div>\n<div class=\"flex justify-between\">\n<div class=\"text-gray-400 flex self-end lg:self-center justify-center mt-2 gap-3 md:gap-4 lg:gap-1 lg:absolute lg:top-0 lg:translate-x-full lg:right-0 lg:mt-0 lg:pl-2 visible\"><\/div>\n<\/div>\n<\/div>\n<\/div>\n<\/div>\n<p>[\/vc_column_text][\/vc_column][\/vc_row][vc_row full_width=&#8221;stretch_row_content&#8221; equal_height=&#8221;yes&#8221; css=&#8221;.vc_custom_1676920017047{background-color: #ffffff !important;}&#8221;][vc_column offset=&#8221;vc_hidden-lg vc_hidden-md vc_col-xs-12&#8243;][vc_single_image image=&#8221;9644&#8243; alignment=&#8221;center&#8221; css=&#8221;.vc_custom_1678474209827{margin-bottom: 7px !important;padding-top: 25px !important;}&#8221;][vc_column_text css=&#8221;.vc_custom_1680290849568{padding-right: 10px !important;padding-left: 10px !important;}&#8221;]<\/p>\n<h2 id=\"incentive\" style=\"text-align: center; color: #474747;\" id=\"incentive\" >Incentive<\/h2>\n<p style=\"text-align: center; color: #676767;\">Aumente suas vendas incentivando seus funcion\u00e1rios com comiss\u00f5es organizadas com o\u00a0<strong>Office Impresso.<\/strong><\/p>\n<p>[\/vc_column_text][\/vc_column][vc_column offset=&#8221;vc_hidden-lg vc_hidden-md vc_col-xs-12&#8243; css=&#8221;.vc_custom_1676920219749{background-color: #f4f4f4 !important;}&#8221;][vc_single_image image=&#8221;9661&#8243; img_size=&#8221;200&#215;200&#8243; alignment=&#8221;center&#8221; css=&#8221;.vc_custom_1678879678421{margin-bottom: -40px !important;padding-top: 22px !important;padding-right: 50px !important;padding-left: 50px !important;}&#8221;][vc_column_text css=&#8221;.vc_custom_1680290855928{padding-right: 10px !important;padding-left: 10px !important;}&#8221;]<\/p>\n<h2 id=\"evite-a-perda-de-lucro\" style=\"text-align: center; color: #474747;\" id=\"evite-a-perda-de-lucro\" >Evite a perda de lucro<\/h2>\n<p style=\"text-align: center; color: #676767;\">Organize as suas comiss\u00f5es com o\u00a0<strong>Office Impresso<\/strong>, facilitando a sua organiza\u00e7\u00e3o.<\/p>\n<p>[\/vc_column_text][vc_column_text css=&#8221;.vc_custom_1680290838056{padding-top: 25px !important;padding-right: 10px !important;padding-bottom: 25px !important;padding-left: 10px !important;}&#8221;]<\/p>\n<div class=\"w-full border-b border-black\/10 dark:border-gray-900\/50 text-gray-800 dark:text-gray-100 group bg-gray-50 dark:bg-[#444654]\">\n<div class=\"text-base gap-4 md:gap-6 m-auto md:max-w-2xl lg:max-w-2xl xl:max-w-3xl p-4 md:py-6 flex lg:px-0\">\n<div class=\"relative flex w-[calc(100%-50px)] flex-col gap-1 md:gap-3 lg:w-[calc(100%-115px)]\">\n<div class=\"flex flex-grow flex-col gap-3\">\n<div class=\"min-h-[20px] flex flex-col items-start gap-4 whitespace-pre-wrap\">\n<div class=\"markdown prose w-full break-words dark:prose-invert dark\">\n<ul style=\"color: #676767;\">\n<li>Use o Office Impresso para organizar as comiss\u00f5es de venda e evitar perda de lucro desnecess\u00e1ria.<\/li>\n<li>Mantenha uma pol\u00edtica clara de comiss\u00f5es de venda e fa\u00e7a ajustes periodicamente para garantir que ela esteja alinhada com os objetivos da empresa.<\/li>\n<li>Gerencie as comiss\u00f5es de venda de forma eficiente, mantendo registros precisos de vendas e comiss\u00f5es para evitar erros e perda de informa\u00e7\u00f5es importantes.<\/li>\n<li>As comiss\u00f5es de venda podem ser uma forma eficaz de incentivar os funcion\u00e1rios a venderem mais e melhor, aumentando as vendas da empresa.<\/li>\n<li>Use o Office Impresso para simplificar o processo de gerenciamento das comiss\u00f5es de venda e reduzir erros e perda de informa\u00e7\u00f5es.<\/li>\n<li>Analise regularmente o desempenho das vendas e das comiss\u00f5es de venda para identificar oportunidades de melhoria e garantir que os funcion\u00e1rios estejam sendo motivados adequadamente.<\/li>\n<li>Lembre-se de que a pol\u00edtica de comiss\u00f5es de venda deve ser justa e transparente, para garantir a satisfa\u00e7\u00e3o dos funcion\u00e1rios e o sucesso da empresa a longo prazo.<\/li>\n<\/ul>\n<\/div>\n<\/div>\n<\/div>\n<div class=\"flex justify-between\">\n<div class=\"text-gray-400 flex self-end lg:self-center justify-center mt-2 gap-3 md:gap-4 lg:gap-1 lg:absolute lg:top-0 lg:translate-x-full lg:right-0 lg:mt-0 lg:pl-2 visible\"><\/div>\n<\/div>\n<\/div>\n<\/div>\n<\/div>\n<p>[\/vc_column_text][\/vc_column][\/vc_row]<\/p>\n","protected":false},"excerpt":{"rendered":"<p>[vc_row full_width=&#8221;stretch_row_content&#8221; css=&#8221;.vc_custom_1676920898231{margin-top: -70px !important;padding-bottom: 50px !important;background-position: center !important;background-repeat: no-repeat !important;background-size: cover !important;}&#8221;][vc_column css=&#8221;.vc_custom_1678825111937{background-image: url(https:\/\/oimpresso.com\/ajuda\/wp-content\/uploads\/2023\/03\/Comissoes-de-venda.png?id=9820) !important;background-position: center !important;background-repeat: no-repeat !important;background-size: cover !important;}&#8221; offset=&#8221;vc_hidden-md vc_hidden-sm vc_hidden-xs&#8221;][vc_column_text css=&#8221;.vc_custom_1680204989055{padding-left: 50px !important;}&#8221;] Comiss\u00f5es de venda [\/vc_column_text][vc_column_text css=&#8221;.vc_custom_1680205271907{padding-right: 600px !important;padding-left: 50px !important;}&#8221;] Gerencie as comiss\u00f5es de seus vendedores sem complica\u00e7\u00f5es com o Office Impresso![\/vc_column_text][vc_column_text css=&#8221;.vc_custom_1680205286003{padding-right: 630px !important;padding-left: 50px !important;}&#8221;] Reduza &hellip; <a href=\"https:\/\/oimpresso.com\/ajuda\/comissoes-de-venda\/\">Continued<\/a><\/p>\n","protected":false},"author":8,"featured_media":0,"parent":0,"menu_order":0,"comment_status":"closed","ping_status":"closed","template":"","meta":{"_bbp_topic_count":0,"_bbp_reply_count":0,"_bbp_total_topic_count":0,"_bbp_total_reply_count":0,"_bbp_voice_count":0,"_bbp_anonymous_reply_count":0,"_bbp_topic_count_hidden":0,"_bbp_reply_count_hidden":0,"_bbp_forum_subforum_count":0,"om_disable_all_campaigns":false,"_mi_skip_tracking":false},"yoast_head":"<!-- This site is optimized with the Yoast SEO plugin v20.5 - https:\/\/yoast.com\/wordpress\/plugins\/seo\/ -->\n<title>Comiss\u00f5es de venda<\/title>\n<meta name=\"robots\" content=\"index, follow, max-snippet:-1, max-image-preview:large, max-video-preview:-1\" \/>\n<link rel=\"canonical\" href=\"https:\/\/oimpresso.com\/ajuda\/comissoes-de-venda\/\" \/>\n<meta property=\"og:locale\" content=\"pt_BR\" \/>\n<meta property=\"og:type\" content=\"article\" \/>\n<meta property=\"og:title\" content=\"Comiss\u00f5es de venda\" \/>\n<meta property=\"og:description\" content=\"[vc_row full_width=&#8221;stretch_row_content&#8221; css=&#8221;.vc_custom_1676920898231{margin-top: -70px !important;padding-bottom: 50px !important;background-position: center !important;background-repeat: no-repeat !important;background-size: cover !important;}&#8221;][vc_column css=&#8221;.vc_custom_1678825111937{background-image: url(https:\/\/oimpresso.com\/ajuda\/wp-content\/uploads\/2023\/03\/Comissoes-de-venda.png?id=9820) !important;background-position: center !important;background-repeat: no-repeat !important;background-size: cover !important;}&#8221; offset=&#8221;vc_hidden-md vc_hidden-sm vc_hidden-xs&#8221;][vc_column_text css=&#8221;.vc_custom_1680204989055{padding-left: 50px !important;}&#8221;] Comiss\u00f5es de venda [\/vc_column_text][vc_column_text css=&#8221;.vc_custom_1680205271907{padding-right: 600px !important;padding-left: 50px !important;}&#8221;] Gerencie as comiss\u00f5es de seus vendedores sem complica\u00e7\u00f5es com o Office Impresso![\/vc_column_text][vc_column_text css=&#8221;.vc_custom_1680205286003{padding-right: 630px !important;padding-left: 50px !important;}&#8221;] Reduza &hellip; Continued\" \/>\n<meta property=\"og:url\" content=\"https:\/\/oimpresso.com\/ajuda\/comissoes-de-venda\/\" \/>\n<meta property=\"og:site_name\" content=\"Office Impresso\" \/>\n<meta property=\"article:modified_time\" content=\"2023-03-31T19:27:29+00:00\" \/>\n<meta name=\"twitter:card\" content=\"summary_large_image\" \/>\n<meta name=\"twitter:label1\" content=\"Est. tempo de leitura\" \/>\n\t<meta name=\"twitter:data1\" content=\"6 minutos\" \/>\n<script type=\"application\/ld+json\" class=\"yoast-schema-graph\">{\"@context\":\"https:\/\/schema.org\",\"@graph\":[{\"@type\":\"WebPage\",\"@id\":\"https:\/\/oimpresso.com\/ajuda\/comissoes-de-venda\/\",\"url\":\"https:\/\/oimpresso.com\/ajuda\/comissoes-de-venda\/\",\"name\":\"Comiss\u00f5es de venda\",\"isPartOf\":{\"@id\":\"https:\/\/oimpresso.com\/ajuda\/#website\"},\"datePublished\":\"2023-01-16T19:32:35+00:00\",\"dateModified\":\"2023-03-31T19:27:29+00:00\",\"breadcrumb\":{\"@id\":\"https:\/\/oimpresso.com\/ajuda\/comissoes-de-venda\/#breadcrumb\"},\"inLanguage\":\"pt-BR\",\"potentialAction\":[{\"@type\":\"ReadAction\",\"target\":[\"https:\/\/oimpresso.com\/ajuda\/comissoes-de-venda\/\"]}]},{\"@type\":\"BreadcrumbList\",\"@id\":\"https:\/\/oimpresso.com\/ajuda\/comissoes-de-venda\/#breadcrumb\",\"itemListElement\":[{\"@type\":\"ListItem\",\"position\":1,\"name\":\"In\u00edcio\",\"item\":\"https:\/\/oimpresso.com\/ajuda\/\"},{\"@type\":\"ListItem\",\"position\":2,\"name\":\"Comiss\u00f5es de venda\"}]},{\"@type\":\"WebSite\",\"@id\":\"https:\/\/oimpresso.com\/ajuda\/#website\",\"url\":\"https:\/\/oimpresso.com\/ajuda\/\",\"name\":\"Office Impresso\",\"description\":\"Portal de Ajuda\",\"publisher\":{\"@id\":\"https:\/\/oimpresso.com\/ajuda\/#organization\"},\"potentialAction\":[{\"@type\":\"SearchAction\",\"target\":{\"@type\":\"EntryPoint\",\"urlTemplate\":\"https:\/\/oimpresso.com\/ajuda\/?s={search_term_string}\"},\"query-input\":\"required name=search_term_string\"}],\"inLanguage\":\"pt-BR\"},{\"@type\":\"Organization\",\"@id\":\"https:\/\/oimpresso.com\/ajuda\/#organization\",\"name\":\"Office Impresso\",\"url\":\"https:\/\/oimpresso.com\/ajuda\/\",\"logo\":{\"@type\":\"ImageObject\",\"inLanguage\":\"pt-BR\",\"@id\":\"https:\/\/oimpresso.com\/ajuda\/#\/schema\/logo\/image\/\",\"url\":\"https:\/\/oimpresso.com\/ajuda\/wp-content\/uploads\/2023\/04\/LOGO-PRETA-Office-Impresso-e1680706829226.png\",\"contentUrl\":\"https:\/\/oimpresso.com\/ajuda\/wp-content\/uploads\/2023\/04\/LOGO-PRETA-Office-Impresso-e1680706829226.png\",\"width\":275,\"height\":77,\"caption\":\"Office Impresso\"},\"image\":{\"@id\":\"https:\/\/oimpresso.com\/ajuda\/#\/schema\/logo\/image\/\"}}]}<\/script>\n<!-- \/ Yoast SEO plugin. -->","yoast_head_json":{"title":"Comiss\u00f5es de venda","robots":{"index":"index","follow":"follow","max-snippet":"max-snippet:-1","max-image-preview":"max-image-preview:large","max-video-preview":"max-video-preview:-1"},"canonical":"https:\/\/oimpresso.com\/ajuda\/comissoes-de-venda\/","og_locale":"pt_BR","og_type":"article","og_title":"Comiss\u00f5es de venda","og_description":"[vc_row full_width=&#8221;stretch_row_content&#8221; css=&#8221;.vc_custom_1676920898231{margin-top: -70px !important;padding-bottom: 50px !important;background-position: center !important;background-repeat: no-repeat !important;background-size: cover !important;}&#8221;][vc_column css=&#8221;.vc_custom_1678825111937{background-image: url(https:\/\/oimpresso.com\/ajuda\/wp-content\/uploads\/2023\/03\/Comissoes-de-venda.png?id=9820) !important;background-position: center !important;background-repeat: no-repeat !important;background-size: cover !important;}&#8221; offset=&#8221;vc_hidden-md vc_hidden-sm vc_hidden-xs&#8221;][vc_column_text css=&#8221;.vc_custom_1680204989055{padding-left: 50px !important;}&#8221;] Comiss\u00f5es de venda [\/vc_column_text][vc_column_text css=&#8221;.vc_custom_1680205271907{padding-right: 600px !important;padding-left: 50px !important;}&#8221;] Gerencie as comiss\u00f5es de seus vendedores sem complica\u00e7\u00f5es com o Office Impresso![\/vc_column_text][vc_column_text css=&#8221;.vc_custom_1680205286003{padding-right: 630px !important;padding-left: 50px !important;}&#8221;] Reduza &hellip; Continued","og_url":"https:\/\/oimpresso.com\/ajuda\/comissoes-de-venda\/","og_site_name":"Office Impresso","article_modified_time":"2023-03-31T19:27:29+00:00","twitter_card":"summary_large_image","twitter_misc":{"Est. tempo de leitura":"6 minutos"},"schema":{"@context":"https:\/\/schema.org","@graph":[{"@type":"WebPage","@id":"https:\/\/oimpresso.com\/ajuda\/comissoes-de-venda\/","url":"https:\/\/oimpresso.com\/ajuda\/comissoes-de-venda\/","name":"Comiss\u00f5es de venda","isPartOf":{"@id":"https:\/\/oimpresso.com\/ajuda\/#website"},"datePublished":"2023-01-16T19:32:35+00:00","dateModified":"2023-03-31T19:27:29+00:00","breadcrumb":{"@id":"https:\/\/oimpresso.com\/ajuda\/comissoes-de-venda\/#breadcrumb"},"inLanguage":"pt-BR","potentialAction":[{"@type":"ReadAction","target":["https:\/\/oimpresso.com\/ajuda\/comissoes-de-venda\/"]}]},{"@type":"BreadcrumbList","@id":"https:\/\/oimpresso.com\/ajuda\/comissoes-de-venda\/#breadcrumb","itemListElement":[{"@type":"ListItem","position":1,"name":"In\u00edcio","item":"https:\/\/oimpresso.com\/ajuda\/"},{"@type":"ListItem","position":2,"name":"Comiss\u00f5es de venda"}]},{"@type":"WebSite","@id":"https:\/\/oimpresso.com\/ajuda\/#website","url":"https:\/\/oimpresso.com\/ajuda\/","name":"Office Impresso","description":"Portal de Ajuda","publisher":{"@id":"https:\/\/oimpresso.com\/ajuda\/#organization"},"potentialAction":[{"@type":"SearchAction","target":{"@type":"EntryPoint","urlTemplate":"https:\/\/oimpresso.com\/ajuda\/?s={search_term_string}"},"query-input":"required name=search_term_string"}],"inLanguage":"pt-BR"},{"@type":"Organization","@id":"https:\/\/oimpresso.com\/ajuda\/#organization","name":"Office Impresso","url":"https:\/\/oimpresso.com\/ajuda\/","logo":{"@type":"ImageObject","inLanguage":"pt-BR","@id":"https:\/\/oimpresso.com\/ajuda\/#\/schema\/logo\/image\/","url":"https:\/\/oimpresso.com\/ajuda\/wp-content\/uploads\/2023\/04\/LOGO-PRETA-Office-Impresso-e1680706829226.png","contentUrl":"https:\/\/oimpresso.com\/ajuda\/wp-content\/uploads\/2023\/04\/LOGO-PRETA-Office-Impresso-e1680706829226.png","width":275,"height":77,"caption":"Office Impresso"},"image":{"@id":"https:\/\/oimpresso.com\/ajuda\/#\/schema\/logo\/image\/"}}]}},"_links":{"self":[{"href":"https:\/\/oimpresso.com\/ajuda\/wp-json\/wp\/v2\/pages\/7708"}],"collection":[{"href":"https:\/\/oimpresso.com\/ajuda\/wp-json\/wp\/v2\/pages"}],"about":[{"href":"https:\/\/oimpresso.com\/ajuda\/wp-json\/wp\/v2\/types\/page"}],"author":[{"embeddable":true,"href":"https:\/\/oimpresso.com\/ajuda\/wp-json\/wp\/v2\/users\/8"}],"replies":[{"embeddable":true,"href":"https:\/\/oimpresso.com\/ajuda\/wp-json\/wp\/v2\/comments?post=7708"}],"version-history":[{"count":17,"href":"https:\/\/oimpresso.com\/ajuda\/wp-json\/wp\/v2\/pages\/7708\/revisions"}],"predecessor-version":[{"id":10814,"href":"https:\/\/oimpresso.com\/ajuda\/wp-json\/wp\/v2\/pages\/7708\/revisions\/10814"}],"wp:attachment":[{"href":"https:\/\/oimpresso.com\/ajuda\/wp-json\/wp\/v2\/media?parent=7708"}],"curies":[{"name":"wp","href":"https:\/\/api.w.org\/{rel}","templated":true}]}}