{"id":7704,"date":"2023-01-16T16:14:25","date_gmt":"2023-01-16T19:14:25","guid":{"rendered":"https:\/\/oimpresso.com\/ajuda\/?page_id=7704"},"modified":"2023-04-04T17:00:07","modified_gmt":"2023-04-04T20:00:07","slug":"mecanica","status":"publish","type":"page","link":"https:\/\/oimpresso.com\/ajuda\/mecanica\/","title":{"rendered":"Mec\u00e2nica"},"content":{"rendered":"<p>[vc_row full_width=&#8221;stretch_row_content&#8221; css=&#8221;.vc_custom_1676920898231{margin-top: -70px !important;padding-bottom: 50px !important;background-position: center !important;background-repeat: no-repeat !important;background-size: cover !important;}&#8221;][vc_column css=&#8221;.vc_custom_1680199772165{background-image: url(https:\/\/oimpresso.com\/ajuda\/wp-content\/uploads\/2023\/03\/Mecanica.png?id=10748) !important;background-position: center !important;background-repeat: no-repeat !important;background-size: cover !important;}&#8221; offset=&#8221;vc_hidden-md vc_hidden-sm vc_hidden-xs&#8221;][vc_column_text css=&#8221;.vc_custom_1680194858224{padding-left: 50px !important;}&#8221;]<\/p>\n<h1 style=\"color: #474747;\" id=\"mecanica\" >Mec\u00e2nica<\/h1>\n<p>[\/vc_column_text][vc_column_text css=&#8221;.vc_custom_1680638362299{padding-right: 600px !important;padding-left: 50px !important;}&#8221;]<\/p>\n<p style=\"color: #575757; font-size: 25px;\">Conte com a facilidade de cadastrar os ve\u00edculos de seus clientes para inform\u00e1-los em futuras vendas atrav\u00e9s de poucos cliques!<\/p>\n<p>[\/vc_column_text][vc_column_text css=&#8221;.vc_custom_1680638383383{padding-right: 630px !important;padding-left: 50px !important;}&#8221;]<\/p>\n<p style=\"color: #676767;\">Crie uma venda, selecione seu cliente e encontre todos os equipamentos que foram<br \/>\nvinculados a ele para indicar qual ser\u00e1 utilizado.<\/p>\n<p style=\"color: #676767;\">Especifique os produtos ou servi\u00e7os prestados, o caixa e a condi\u00e7\u00e3o de pagamento<br \/>\npara concluir sua venda, enviando as parcelas ao financeiro atrav\u00e9s do faturamento.<\/p>\n<p>[\/vc_column_text][vc_column_text css=&#8221;.vc_custom_1680118895967{padding-left: 50px !important;}&#8221;]<a class=\"fancybox-iframe\" style=\"display: flex; align-items: center; justify-content: center; width: 100%; max-width: 200px; height: 45px; border-radius: 25px; background: #80387B; background-image: linear-gradient(to bottom, #80387B, #CF61CA); border: none; color: #ffffff; font-size: 16px; cursor: pointer; text-align: center; text-decoration: none;\" href=\"https:\/\/oimpresso.com\/ajuda\/solicitar-proposta\/\">Entramos em Contato<\/a>[\/vc_column_text][\/vc_column][\/vc_row][vc_row full_width=&#8221;stretch_row_content&#8221; css=&#8221;.vc_custom_1676921146248{margin-top: -20px !important;padding-bottom: 50px !important;background-position: center !important;background-repeat: no-repeat !important;background-size: cover !important;}&#8221;][vc_column css=&#8221;.vc_custom_1680199789133{background-image: url(https:\/\/oimpresso.com\/ajuda\/wp-content\/uploads\/2023\/03\/Mecanica.png?id=10748) !important;background-position: center !important;background-repeat: no-repeat !important;background-size: cover !important;}&#8221; offset=&#8221;vc_hidden-lg vc_hidden-sm vc_hidden-xs&#8221;][vc_column_text css=&#8221;.vc_custom_1680194858224{padding-left: 50px !important;}&#8221;]<\/p>\n<h1 style=\"color: #474747;\" id=\"mecanica\" >Mec\u00e2nica<\/h1>\n<p>[\/vc_column_text][vc_column_text css=&#8221;.vc_custom_1680638362299{padding-right: 600px !important;padding-left: 50px !important;}&#8221;]<\/p>\n<p style=\"color: #575757; font-size: 25px;\">Conte com a facilidade de cadastrar os ve\u00edculos de seus clientes para inform\u00e1-los em futuras vendas atrav\u00e9s de poucos cliques!<\/p>\n<p>[\/vc_column_text][vc_column_text css=&#8221;.vc_custom_1680638383383{padding-right: 630px !important;padding-left: 50px !important;}&#8221;]<\/p>\n<p style=\"color: #676767;\">Crie uma venda, selecione seu cliente e encontre todos os equipamentos que foram<br \/>\nvinculados a ele para indicar qual ser\u00e1 utilizado.<\/p>\n<p style=\"color: #676767;\">Especifique os produtos ou servi\u00e7os prestados, o caixa e a condi\u00e7\u00e3o de pagamento<br \/>\npara concluir sua venda, enviando as parcelas ao financeiro atrav\u00e9s do faturamento.<\/p>\n<p>[\/vc_column_text][vc_column_text css=&#8221;.vc_custom_1680119206788{padding-left: 50px !important;}&#8221;]<a class=\"fancybox-iframe\" style=\"display: flex; align-items: center; justify-content: center; width: 100%; max-width: 200px; height: 45px; border-radius: 25px; background: #80387B; background-image: linear-gradient(to bottom, #80387B, #CF61CA); border: none; color: #ffffff; font-size: 16px; cursor: pointer; text-align: center; text-decoration: none;\" href=\"https:\/\/oimpresso.com\/ajuda\/solicitar-proposta\/\">Entramos em Contato<\/a>[\/vc_column_text][\/vc_column][\/vc_row][vc_row full_width=&#8221;stretch_row_content&#8221; css=&#8221;.vc_custom_1676921326147{margin-top: -65px !important;padding-bottom: 50px !important;background-position: center !important;background-repeat: no-repeat !important;background-size: cover !important;}&#8221;][vc_column css=&#8221;.vc_custom_1676921921382{background-position: center !important;background-repeat: no-repeat !important;background-size: cover !important;}&#8221; offset=&#8221;vc_hidden-lg vc_hidden-md vc_col-xs-12&#8243;][vc_column_text css=&#8221;.vc_custom_1680195281488{padding-right: 10px !important;padding-left: 10px !important;}&#8221;]<\/p>\n<h1 style=\"color: #474747; text-align: center;\" id=\"mecanica\" >Mec\u00e2nica<\/h1>\n<p>[\/vc_column_text][vc_column_text css=&#8221;.vc_custom_1680195268848{padding-right: 10px !important;padding-left: 10px !important;}&#8221;]<\/p>\n<p style=\"color: #575757; font-size: 25px; text-align: center;\">Conte com a facilidade de cadastrar os ve\u00edculos de seus clientes para inform\u00e1-los em futuras vendas atrav\u00e9s de poucos cliques!<\/p>\n<p>[\/vc_column_text][vc_column_text css=&#8221;.vc_custom_1680638429159{padding-right: 10px !important;padding-left: 10px !important;}&#8221;]<\/p>\n<p style=\"color: #676767; text-align: center;\">Crie uma venda, selecione seu cliente e encontre todos os equipamentos que foram vinculados a ele para indicar qual ser\u00e1 utilizado.<\/p>\n<p style=\"color: #676767; text-align: center;\">Especifique os produtos ou servi\u00e7os prestados, o caixa e a condi\u00e7\u00e3o de pagamento para concluir sua venda, enviando as parcelas ao financeiro atrav\u00e9s do faturamento.<\/p>\n<p>[\/vc_column_text][vc_column_text]<a style=\"width: 190px; height: 45px; border-radius: 25px; background: #80387B; background-image: linear-gradient(to bottom, #80387B, #CF61CA); border: none; color: #ffffff; font-size: 16px; cursor: pointer; display: flex; justify-content: center; align-items: center; margin: 0 auto; text-decoration: none;\" href=\"https:\/\/oimpresso.com\/ajuda\/solicitar-proposta\/;\">Entramos em Contato<\/a>[\/vc_column_text][\/vc_column][\/vc_row][vc_row full_width=&#8221;stretch_row_content&#8221; content_placement=&#8221;middle&#8221;][vc_column offset=&#8221;vc_hidden-lg vc_hidden-md vc_col-xs-12&#8243; css=&#8221;.vc_custom_1680199861661{background-image: url(https:\/\/oimpresso.com\/ajuda\/wp-content\/uploads\/2023\/03\/Mecanica-MOBILE.png?id=10747) !important;background-position: center !important;background-repeat: no-repeat !important;background-size: cover !important;}&#8221;][vc_empty_space height=&#8221;300&#8243;][\/vc_column][\/vc_row][vc_row full_width=&#8221;stretch_row_content&#8221; equal_height=&#8221;yes&#8221; css=&#8221;.vc_custom_1676919941898{background-color: #ffffff !important;}&#8221;][vc_column width=&#8221;1\/2&#8243; offset=&#8221;vc_col-lg-6 vc_col-md-6 vc_hidden-sm vc_hidden-xs&#8221;][vc_single_image image=&#8221;10756&#8243; img_size=&#8221;200&#215;200&#8243; alignment=&#8221;center&#8221; css=&#8221;.vc_custom_1680203268484{margin-bottom: -10px !important;}&#8221;][vc_column_text]<\/p>\n<h2 style=\"text-align: center; color: #474747;\" id=\"cadastro-de-veiculos\" >Cadastro de ve\u00edculos<\/h2>\n<p style=\"text-align: center; color: #676767;\">O\u00a0<strong>Office Impresso<\/strong> permite cadastrar os ve\u00edculos dos clientes, o que facilita o gerenciamento dos clientes e dos equipamentos utilizados em cada ve\u00edculo.<\/p>\n<p>&nbsp;<\/p>\n<ul style=\"color: #676767;\">\n<li><strong>Controle de Or\u00e7amentos:<\/strong> O <strong>Office Impresso<\/strong> permite que a empresa fa\u00e7a o controle de or\u00e7amentos enviados aos clientes, ajudando a gerenciar as negocia\u00e7\u00f5es e aumentando as chances de fechar vendas.<\/li>\n<li><strong>Gerenciamento financeiro:<\/strong> Com o <strong>Office Impresso,<\/strong> \u00e9 poss\u00edvel gerenciar as finan\u00e7as da mec\u00e2nica, controlando os pagamentos de clientes, as despesas da empresa e os lucros obtidos em cada venda.<\/li>\n<li><strong>Agendamento de servi\u00e7os:<\/strong> Atrav\u00e9s do <strong>Office Impresso,<\/strong> \u00e9 poss\u00edvel agendar servi\u00e7os para cada ve\u00edculo cadastrado, facilitando o planejamento da equipe e melhorando o atendimento ao cliente.<\/li>\n<\/ul>\n<p>[\/vc_column_text][\/vc_column][vc_column width=&#8221;1\/2&#8243; offset=&#8221;vc_col-lg-6 vc_col-md-6 vc_hidden-sm vc_hidden-xs&#8221;][vc_column_text css=&#8221;.vc_custom_1680290423380{margin-top: 20px !important;}&#8221;]<\/p>\n<ul style=\"color: #676767;\">\n<li><strong>Hist\u00f3rico<\/strong>\u00a0<strong>de servi\u00e7os:<\/strong> Com o <strong>Office<\/strong>\u00a0<strong>Impresso,<\/strong> \u00e9 poss\u00edvel manter um hist\u00f3rico detalhado dos servi\u00e7os realizados em cada ve\u00edculo, permitindo que a equipe tenha um melhor entendimento das necessidades do cliente e ofere\u00e7a servi\u00e7os mais personalizados.<\/li>\n<li><strong>Gerenciamento de Estoque:<\/strong> O <strong>Office Impresso<\/strong> permite gerenciar o estoque de pe\u00e7as e produtos utilizados na mec\u00e2nica, garantindo que a empresa tenha um controle preciso sobre o que est\u00e1 dispon\u00edvel e o que precisa ser reabastecido.<\/li>\n<\/ul>\n<p>[\/vc_column_text][vc_single_image image=&#8221;9744&#8243; img_size=&#8221;200&#215;200&#8243; alignment=&#8221;center&#8221; css=&#8221;.vc_custom_1680203752215{margin-bottom: -10px !important;}&#8221;][vc_column_text]<\/p>\n<h2 style=\"text-align: center; color: #474747;\" id=\"criacao-de-vendas\" >Cria\u00e7\u00e3o de vendas<\/h2>\n<p style=\"text-align: center; color: #676767;\">O\u00a0<strong>Office Impresso<\/strong> oferece recursos para criar vendas, selecionando o cliente e os equipamentos relacionados ao seu ve\u00edculo. Isso facilita o processo de escolha dos produtos ou servi\u00e7os que ser\u00e3o utilizados em cada venda.<\/p>\n<p>[\/vc_column_text][\/vc_column][\/vc_row][vc_row full_width=&#8221;stretch_row_content&#8221; equal_height=&#8221;yes&#8221; css=&#8221;.vc_custom_1676920017047{background-color: #ffffff !important;}&#8221;][vc_column offset=&#8221;vc_hidden-lg vc_hidden-md vc_col-xs-12&#8243;][vc_single_image image=&#8221;10756&#8243; img_size=&#8221;200&#215;200&#8243; alignment=&#8221;center&#8221; css=&#8221;.vc_custom_1680203268484{margin-bottom: -10px !important;}&#8221;][vc_column_text css=&#8221;.vc_custom_1680290606914{padding-right: 10px !important;padding-left: 10px !important;}&#8221;]<\/p>\n<h2 style=\"text-align: center; color: #474747;\" id=\"cadastro-de-veiculos\" >Cadastro de ve\u00edculos<\/h2>\n<p style=\"text-align: center; color: #676767;\">O\u00a0<strong>Office Impresso<\/strong> permite cadastrar os ve\u00edculos dos clientes, o que facilita o gerenciamento dos clientes e dos equipamentos utilizados em cada ve\u00edculo.<\/p>\n<p>[\/vc_column_text][\/vc_column][vc_column offset=&#8221;vc_hidden-lg vc_hidden-md vc_col-xs-12&#8243; css=&#8221;.vc_custom_1676920219749{background-color: #f4f4f4 !important;}&#8221;][vc_column_text css=&#8221;.vc_custom_1680290587284{padding-right: 10px !important;padding-left: 10px !important;}&#8221;]<\/p>\n<ul>\n<li><strong>Controle de Or\u00e7amentos:<\/strong> O <strong>Office Impresso<\/strong> permite que a empresa fa\u00e7a o controle de or\u00e7amentos enviados aos clientes, ajudando a gerenciar as negocia\u00e7\u00f5es e aumentando as chances de fechar vendas.<\/li>\n<li><strong>Gerenciamento financeiro:<\/strong> Com o <strong>Office Impresso,<\/strong> \u00e9 poss\u00edvel gerenciar as finan\u00e7as da mec\u00e2nica, controlando os pagamentos de clientes, as despesas da empresa e os lucros obtidos em cada venda.<\/li>\n<li><strong>Agendamento de servi\u00e7os:<\/strong> Atrav\u00e9s do <strong>Office Impresso,<\/strong> \u00e9 poss\u00edvel agendar servi\u00e7os para cada ve\u00edculo cadastrado, facilitando o planejamento da equipe e melhorando o atendimento ao cliente.<\/li>\n<li><strong>Hist\u00f3rico<\/strong>\u00a0<strong>de servi\u00e7os:<\/strong> Com o <strong>Office<\/strong>\u00a0<strong>Impresso,<\/strong> \u00e9 poss\u00edvel manter um hist\u00f3rico detalhado dos servi\u00e7os realizados em cada ve\u00edculo, permitindo que a equipe tenha um melhor entendimento das necessidades do cliente e ofere\u00e7a servi\u00e7os mais personalizados.<\/li>\n<li><strong>Gerenciamento de Estoque:<\/strong> O <strong>Office Impresso<\/strong> permite gerenciar o estoque de pe\u00e7as e produtos utilizados na mec\u00e2nica, garantindo que a empresa tenha um controle preciso sobre o que est\u00e1 dispon\u00edvel e o que precisa ser reabastecido.<\/li>\n<\/ul>\n<p>[\/vc_column_text][\/vc_column][\/vc_row][vc_row][vc_column offset=&#8221;vc_hidden-lg vc_hidden-md&#8221;][vc_single_image image=&#8221;9744&#8243; img_size=&#8221;200&#215;200&#8243; alignment=&#8221;center&#8221; css=&#8221;.vc_custom_1680203752215{margin-bottom: -10px !important;}&#8221;][vc_column_text css=&#8221;.vc_custom_1680290574987{padding-right: 10px !important;padding-left: 10px !important;}&#8221;]<\/p>\n<h2 style=\"text-align: center; color: #474747;\" id=\"criacao-de-vendas\" >Cria\u00e7\u00e3o de vendas<\/h2>\n<p style=\"text-align: center; color: #676767;\">O\u00a0<strong>Office Impresso<\/strong> oferece recursos para criar vendas, selecionando o cliente e os equipamentos relacionados ao seu ve\u00edculo. Isso facilita o processo de escolha dos produtos ou servi\u00e7os que ser\u00e3o utilizados em cada venda.<\/p>\n<p>[\/vc_column_text][\/vc_column][\/vc_row]<\/p>\n","protected":false},"excerpt":{"rendered":"<p>[vc_row full_width=&#8221;stretch_row_content&#8221; css=&#8221;.vc_custom_1676920898231{margin-top: -70px !important;padding-bottom: 50px !important;background-position: center !important;background-repeat: no-repeat !important;background-size: cover !important;}&#8221;][vc_column css=&#8221;.vc_custom_1680199772165{background-image: url(https:\/\/oimpresso.com\/ajuda\/wp-content\/uploads\/2023\/03\/Mecanica.png?id=10748) !important;background-position: center !important;background-repeat: no-repeat !important;background-size: cover !important;}&#8221; offset=&#8221;vc_hidden-md vc_hidden-sm vc_hidden-xs&#8221;][vc_column_text css=&#8221;.vc_custom_1680194858224{padding-left: 50px !important;}&#8221;] Mec\u00e2nica [\/vc_column_text][vc_column_text css=&#8221;.vc_custom_1680638362299{padding-right: 600px !important;padding-left: 50px !important;}&#8221;] Conte com a facilidade de cadastrar os ve\u00edculos de seus clientes para inform\u00e1-los em futuras vendas atrav\u00e9s de poucos cliques! &hellip; <a href=\"https:\/\/oimpresso.com\/ajuda\/mecanica\/\">Continued<\/a><\/p>\n","protected":false},"author":8,"featured_media":0,"parent":0,"menu_order":0,"comment_status":"closed","ping_status":"closed","template":"","meta":{"_bbp_topic_count":0,"_bbp_reply_count":0,"_bbp_total_topic_count":0,"_bbp_total_reply_count":0,"_bbp_voice_count":0,"_bbp_anonymous_reply_count":0,"_bbp_topic_count_hidden":0,"_bbp_reply_count_hidden":0,"_bbp_forum_subforum_count":0,"om_disable_all_campaigns":false,"_mi_skip_tracking":false},"yoast_head":"<!-- This site is optimized with the Yoast SEO plugin v20.5 - https:\/\/yoast.com\/wordpress\/plugins\/seo\/ -->\n<title>Mec\u00e2nica<\/title>\n<meta name=\"robots\" content=\"index, follow, max-snippet:-1, max-image-preview:large, max-video-preview:-1\" \/>\n<link rel=\"canonical\" href=\"https:\/\/oimpresso.com\/ajuda\/mecanica\/\" \/>\n<meta property=\"og:locale\" content=\"pt_BR\" \/>\n<meta property=\"og:type\" content=\"article\" \/>\n<meta property=\"og:title\" content=\"Mec\u00e2nica\" \/>\n<meta property=\"og:description\" content=\"[vc_row full_width=&#8221;stretch_row_content&#8221; css=&#8221;.vc_custom_1676920898231{margin-top: -70px !important;padding-bottom: 50px !important;background-position: center !important;background-repeat: no-repeat !important;background-size: cover !important;}&#8221;][vc_column css=&#8221;.vc_custom_1680199772165{background-image: url(https:\/\/oimpresso.com\/ajuda\/wp-content\/uploads\/2023\/03\/Mecanica.png?id=10748) !important;background-position: center !important;background-repeat: no-repeat !important;background-size: cover !important;}&#8221; offset=&#8221;vc_hidden-md vc_hidden-sm vc_hidden-xs&#8221;][vc_column_text css=&#8221;.vc_custom_1680194858224{padding-left: 50px !important;}&#8221;] Mec\u00e2nica [\/vc_column_text][vc_column_text css=&#8221;.vc_custom_1680638362299{padding-right: 600px !important;padding-left: 50px !important;}&#8221;] Conte com a facilidade de cadastrar os ve\u00edculos de seus clientes para inform\u00e1-los em futuras vendas atrav\u00e9s de poucos cliques! &hellip; Continued\" \/>\n<meta property=\"og:url\" content=\"https:\/\/oimpresso.com\/ajuda\/mecanica\/\" \/>\n<meta property=\"og:site_name\" content=\"Office Impresso\" \/>\n<meta property=\"article:modified_time\" content=\"2023-04-04T20:00:07+00:00\" \/>\n<meta name=\"twitter:card\" content=\"summary_large_image\" \/>\n<meta name=\"twitter:label1\" content=\"Est. tempo de leitura\" \/>\n\t<meta name=\"twitter:data1\" content=\"7 minutos\" \/>\n<script type=\"application\/ld+json\" class=\"yoast-schema-graph\">{\"@context\":\"https:\/\/schema.org\",\"@graph\":[{\"@type\":\"WebPage\",\"@id\":\"https:\/\/oimpresso.com\/ajuda\/mecanica\/\",\"url\":\"https:\/\/oimpresso.com\/ajuda\/mecanica\/\",\"name\":\"Mec\u00e2nica\",\"isPartOf\":{\"@id\":\"https:\/\/oimpresso.com\/ajuda\/#website\"},\"datePublished\":\"2023-01-16T19:14:25+00:00\",\"dateModified\":\"2023-04-04T20:00:07+00:00\",\"breadcrumb\":{\"@id\":\"https:\/\/oimpresso.com\/ajuda\/mecanica\/#breadcrumb\"},\"inLanguage\":\"pt-BR\",\"potentialAction\":[{\"@type\":\"ReadAction\",\"target\":[\"https:\/\/oimpresso.com\/ajuda\/mecanica\/\"]}]},{\"@type\":\"BreadcrumbList\",\"@id\":\"https:\/\/oimpresso.com\/ajuda\/mecanica\/#breadcrumb\",\"itemListElement\":[{\"@type\":\"ListItem\",\"position\":1,\"name\":\"In\u00edcio\",\"item\":\"https:\/\/oimpresso.com\/ajuda\/\"},{\"@type\":\"ListItem\",\"position\":2,\"name\":\"Mec\u00e2nica\"}]},{\"@type\":\"WebSite\",\"@id\":\"https:\/\/oimpresso.com\/ajuda\/#website\",\"url\":\"https:\/\/oimpresso.com\/ajuda\/\",\"name\":\"Office Impresso\",\"description\":\"Portal de Ajuda\",\"publisher\":{\"@id\":\"https:\/\/oimpresso.com\/ajuda\/#organization\"},\"potentialAction\":[{\"@type\":\"SearchAction\",\"target\":{\"@type\":\"EntryPoint\",\"urlTemplate\":\"https:\/\/oimpresso.com\/ajuda\/?s={search_term_string}\"},\"query-input\":\"required name=search_term_string\"}],\"inLanguage\":\"pt-BR\"},{\"@type\":\"Organization\",\"@id\":\"https:\/\/oimpresso.com\/ajuda\/#organization\",\"name\":\"Office Impresso\",\"url\":\"https:\/\/oimpresso.com\/ajuda\/\",\"logo\":{\"@type\":\"ImageObject\",\"inLanguage\":\"pt-BR\",\"@id\":\"https:\/\/oimpresso.com\/ajuda\/#\/schema\/logo\/image\/\",\"url\":\"https:\/\/oimpresso.com\/ajuda\/wp-content\/uploads\/2023\/04\/LOGO-PRETA-Office-Impresso-e1680706829226.png\",\"contentUrl\":\"https:\/\/oimpresso.com\/ajuda\/wp-content\/uploads\/2023\/04\/LOGO-PRETA-Office-Impresso-e1680706829226.png\",\"width\":275,\"height\":77,\"caption\":\"Office Impresso\"},\"image\":{\"@id\":\"https:\/\/oimpresso.com\/ajuda\/#\/schema\/logo\/image\/\"}}]}<\/script>\n<!-- \/ Yoast SEO plugin. -->","yoast_head_json":{"title":"Mec\u00e2nica","robots":{"index":"index","follow":"follow","max-snippet":"max-snippet:-1","max-image-preview":"max-image-preview:large","max-video-preview":"max-video-preview:-1"},"canonical":"https:\/\/oimpresso.com\/ajuda\/mecanica\/","og_locale":"pt_BR","og_type":"article","og_title":"Mec\u00e2nica","og_description":"[vc_row full_width=&#8221;stretch_row_content&#8221; css=&#8221;.vc_custom_1676920898231{margin-top: -70px !important;padding-bottom: 50px !important;background-position: center !important;background-repeat: no-repeat !important;background-size: cover !important;}&#8221;][vc_column css=&#8221;.vc_custom_1680199772165{background-image: url(https:\/\/oimpresso.com\/ajuda\/wp-content\/uploads\/2023\/03\/Mecanica.png?id=10748) !important;background-position: center !important;background-repeat: no-repeat !important;background-size: cover !important;}&#8221; offset=&#8221;vc_hidden-md vc_hidden-sm vc_hidden-xs&#8221;][vc_column_text css=&#8221;.vc_custom_1680194858224{padding-left: 50px !important;}&#8221;] Mec\u00e2nica [\/vc_column_text][vc_column_text css=&#8221;.vc_custom_1680638362299{padding-right: 600px !important;padding-left: 50px !important;}&#8221;] Conte com a facilidade de cadastrar os ve\u00edculos de seus clientes para inform\u00e1-los em futuras vendas atrav\u00e9s de poucos cliques! &hellip; Continued","og_url":"https:\/\/oimpresso.com\/ajuda\/mecanica\/","og_site_name":"Office Impresso","article_modified_time":"2023-04-04T20:00:07+00:00","twitter_card":"summary_large_image","twitter_misc":{"Est. tempo de leitura":"7 minutos"},"schema":{"@context":"https:\/\/schema.org","@graph":[{"@type":"WebPage","@id":"https:\/\/oimpresso.com\/ajuda\/mecanica\/","url":"https:\/\/oimpresso.com\/ajuda\/mecanica\/","name":"Mec\u00e2nica","isPartOf":{"@id":"https:\/\/oimpresso.com\/ajuda\/#website"},"datePublished":"2023-01-16T19:14:25+00:00","dateModified":"2023-04-04T20:00:07+00:00","breadcrumb":{"@id":"https:\/\/oimpresso.com\/ajuda\/mecanica\/#breadcrumb"},"inLanguage":"pt-BR","potentialAction":[{"@type":"ReadAction","target":["https:\/\/oimpresso.com\/ajuda\/mecanica\/"]}]},{"@type":"BreadcrumbList","@id":"https:\/\/oimpresso.com\/ajuda\/mecanica\/#breadcrumb","itemListElement":[{"@type":"ListItem","position":1,"name":"In\u00edcio","item":"https:\/\/oimpresso.com\/ajuda\/"},{"@type":"ListItem","position":2,"name":"Mec\u00e2nica"}]},{"@type":"WebSite","@id":"https:\/\/oimpresso.com\/ajuda\/#website","url":"https:\/\/oimpresso.com\/ajuda\/","name":"Office Impresso","description":"Portal de Ajuda","publisher":{"@id":"https:\/\/oimpresso.com\/ajuda\/#organization"},"potentialAction":[{"@type":"SearchAction","target":{"@type":"EntryPoint","urlTemplate":"https:\/\/oimpresso.com\/ajuda\/?s={search_term_string}"},"query-input":"required name=search_term_string"}],"inLanguage":"pt-BR"},{"@type":"Organization","@id":"https:\/\/oimpresso.com\/ajuda\/#organization","name":"Office Impresso","url":"https:\/\/oimpresso.com\/ajuda\/","logo":{"@type":"ImageObject","inLanguage":"pt-BR","@id":"https:\/\/oimpresso.com\/ajuda\/#\/schema\/logo\/image\/","url":"https:\/\/oimpresso.com\/ajuda\/wp-content\/uploads\/2023\/04\/LOGO-PRETA-Office-Impresso-e1680706829226.png","contentUrl":"https:\/\/oimpresso.com\/ajuda\/wp-content\/uploads\/2023\/04\/LOGO-PRETA-Office-Impresso-e1680706829226.png","width":275,"height":77,"caption":"Office Impresso"},"image":{"@id":"https:\/\/oimpresso.com\/ajuda\/#\/schema\/logo\/image\/"}}]}},"_links":{"self":[{"href":"https:\/\/oimpresso.com\/ajuda\/wp-json\/wp\/v2\/pages\/7704"}],"collection":[{"href":"https:\/\/oimpresso.com\/ajuda\/wp-json\/wp\/v2\/pages"}],"about":[{"href":"https:\/\/oimpresso.com\/ajuda\/wp-json\/wp\/v2\/types\/page"}],"author":[{"embeddable":true,"href":"https:\/\/oimpresso.com\/ajuda\/wp-json\/wp\/v2\/users\/8"}],"replies":[{"embeddable":true,"href":"https:\/\/oimpresso.com\/ajuda\/wp-json\/wp\/v2\/comments?post=7704"}],"version-history":[{"count":17,"href":"https:\/\/oimpresso.com\/ajuda\/wp-json\/wp\/v2\/pages\/7704\/revisions"}],"predecessor-version":[{"id":10948,"href":"https:\/\/oimpresso.com\/ajuda\/wp-json\/wp\/v2\/pages\/7704\/revisions\/10948"}],"wp:attachment":[{"href":"https:\/\/oimpresso.com\/ajuda\/wp-json\/wp\/v2\/media?parent=7704"}],"curies":[{"name":"wp","href":"https:\/\/api.w.org\/{rel}","templated":true}]}}