{"id":7696,"date":"2023-01-16T16:10:03","date_gmt":"2023-01-16T19:10:03","guid":{"rendered":"https:\/\/oimpresso.com\/ajuda\/?page_id=7696"},"modified":"2023-04-04T15:25:09","modified_gmt":"2023-04-04T18:25:09","slug":"pdv-ponto-de-venda","status":"publish","type":"page","link":"https:\/\/oimpresso.com\/ajuda\/pdv-ponto-de-venda\/","title":{"rendered":"PDV &#8211; Ponto de venda"},"content":{"rendered":"<p>[vc_row full_width=&#8221;stretch_row_content&#8221; css=&#8221;.vc_custom_1676920898231{margin-top: -70px !important;padding-bottom: 50px !important;background-position: center !important;background-repeat: no-repeat !important;background-size: cover !important;}&#8221;][vc_column css=&#8221;.vc_custom_1678189293952{background-image: url(https:\/\/oimpresso.com\/ajuda\/wp-content\/uploads\/2023\/03\/banner-site-caixa-TESTE.png?id=9238) !important;background-position: center !important;background-repeat: no-repeat !important;background-size: cover !important;}&#8221; offset=&#8221;vc_hidden-md vc_hidden-sm vc_hidden-xs&#8221;][vc_column_text css=&#8221;.vc_custom_1678710313517{padding-left: 50px !important;}&#8221;]<\/p>\n<h1 style=\"color: #474747;\" id=\"pdv-ponto-de-venda\" >PDV &#8211; Ponto de venda<\/h1>\n<p>[\/vc_column_text][vc_column_text css=&#8221;.vc_custom_1680632588491{padding-right: 675px !important;padding-left: 50px !important;}&#8221;]<\/p>\n<p style=\"color: #676767; font-size: 25px;\">Registre suas vendas de maneira r\u00e1pida atrav\u00e9s da interface simples e intuitiva!<\/p>\n<p>[\/vc_column_text][vc_column_text css=&#8221;.vc_custom_1680632602028{padding-right: 675px !important;padding-left: 50px !important;}&#8221;]<\/p>\n<p style=\"color: #676767;\">Com o PDV do <strong>Office Impresso<\/strong> registre vendas, receba e emita cupom ou nota fiscal em uma \u00fanica tela.<\/p>\n<p>[\/vc_column_text][vc_column_text css=&#8221;.vc_custom_1680114940120{padding-left: 50px !important;}&#8221;]<a class=\"fancybox-iframe\" style=\"display: flex; align-items: center; justify-content: center; width: 100%; max-width: 200px; height: 45px; border-radius: 25px; background: #80387B; background-image: linear-gradient(to bottom, #80387B, #CF61CA); border: none; color: #ffffff; font-size: 16px; cursor: pointer; text-align: center; text-decoration: none;\" href=\"https:\/\/oimpresso.com\/ajuda\/solicitar-proposta\/\">Experimente Agora<\/a>[\/vc_column_text][\/vc_column][\/vc_row][vc_row full_width=&#8221;stretch_row_content&#8221; css=&#8221;.vc_custom_1676921146248{margin-top: -20px !important;padding-bottom: 50px !important;background-position: center !important;background-repeat: no-repeat !important;background-size: cover !important;}&#8221;][vc_column css=&#8221;.vc_custom_1678122888311{background-image: url(https:\/\/oimpresso.com\/ajuda\/wp-content\/uploads\/2023\/02\/banner-site-caixa.png?id=8704) !important;background-position: center !important;background-repeat: no-repeat !important;background-size: cover !important;}&#8221; offset=&#8221;vc_hidden-lg vc_hidden-sm vc_hidden-xs&#8221;][vc_column_text css=&#8221;.vc_custom_1678710323574{padding-left: 50px !important;}&#8221;]<\/p>\n<h1 style=\"color: #474747;\" id=\"pdv-ponto-de-venda\" >PDV &#8211; Ponto de venda<\/h1>\n<p>[\/vc_column_text][vc_column_text css=&#8221;.vc_custom_1680632632036{padding-right: 675px !important;padding-left: 50px !important;}&#8221;]<\/p>\n<p style=\"color: #676767; font-size: 25px;\">Registre suas vendas de maneira r\u00e1pida atrav\u00e9s da interface simples e intuitiva!<\/p>\n<p>[\/vc_column_text][vc_column_text css=&#8221;.vc_custom_1680632645108{padding-right: 675px !important;padding-left: 50px !important;}&#8221;]<\/p>\n<p style=\"color: #676767;\">Com o PDV do <strong>Office Impresso<\/strong> registre vendas, receba e emita cupom ou nota fiscal em uma \u00fanica tela.<\/p>\n<p>[\/vc_column_text][vc_column_text css=&#8221;.vc_custom_1680115276088{padding-left: 50px !important;}&#8221;]<a class=\"fancybox-iframe\" style=\"display: flex; align-items: center; justify-content: center; width: 100%; max-width: 200px; height: 45px; border-radius: 25px; background: #80387B; background-image: linear-gradient(to bottom, #80387B, #CF61CA); border: none; color: #ffffff; font-size: 16px; cursor: pointer; text-align: center; text-decoration: none;\" href=\"https:\/\/oimpresso.com\/ajuda\/solicitar-proposta\/\">Experimente Agora<\/a>[\/vc_column_text][\/vc_column][\/vc_row][vc_row full_width=&#8221;stretch_row_content&#8221; css=&#8221;.vc_custom_1676921326147{margin-top: -65px !important;padding-bottom: 50px !important;background-position: center !important;background-repeat: no-repeat !important;background-size: cover !important;}&#8221;][vc_column css=&#8221;.vc_custom_1676921921382{background-position: center !important;background-repeat: no-repeat !important;background-size: cover !important;}&#8221; offset=&#8221;vc_hidden-lg vc_hidden-md vc_col-xs-12&#8243;][vc_column_text css=&#8221;.vc_custom_1678710344357{padding-right: 50px !important;padding-left: 50px !important;}&#8221;]<\/p>\n<h1 style=\"color: #474747; text-align: center;\" id=\"pdv-ponto-de-venda\" >PDV &#8211; Ponto de venda<\/h1>\n<p>[\/vc_column_text][vc_column_text css=&#8221;.vc_custom_1680632660187{padding-right: 10px !important;padding-left: 10px !important;}&#8221;]<\/p>\n<p style=\"color: #676767; font-size: 25px; text-align: center;\">Registre suas vendas de maneira r\u00e1pida atrav\u00e9s da interface simples e intuitiva!<\/p>\n<p>[\/vc_column_text][vc_column_text css=&#8221;.vc_custom_1678710699345{padding-right: 10px !important;padding-left: 10px !important;}&#8221;]<\/p>\n<p style=\"color: #676767; text-align: center;\">Com o PDV do <strong>Office Impresso<\/strong> registre vendas, receba e emita cupom ou nota fiscal em uma \u00fanica tela.[\/vc_column_text][vc_column_text css=&#8221;.vc_custom_1680115342313{margin-top: 20px !important;}&#8221;]<a style=\"width: 190px; height: 45px; border-radius: 25px; background: #80387B; background-image: linear-gradient(to bottom, #80387B, #CF61CA); border: none; color: #ffffff; font-size: 16px; cursor: pointer; display: flex; justify-content: center; align-items: center; margin: 0 auto; text-decoration: none;\" href=\"https:\/\/oimpresso.com\/ajuda\/solicitar-proposta\/;\">Experimente Agora<\/a>[\/vc_column_text][\/vc_column][vc_column offset=&#8221;vc_hidden-lg vc_hidden-md vc_col-xs-12&#8243; css=&#8221;.vc_custom_1678122911494{background-image: url(https:\/\/oimpresso.com\/ajuda\/wp-content\/uploads\/2023\/02\/banner-site-caixa-mobile.png?id=8708) !important;background-position: center !important;background-repeat: no-repeat !important;background-size: cover !important;}&#8221;][vc_empty_space height=&#8221;300px&#8221;][\/vc_column][\/vc_row][vc_row full_width=&#8221;stretch_row_content&#8221; content_placement=&#8221;middle&#8221;][vc_column offset=&#8221;vc_hidden-sm vc_col-xs-12 vc_hidden-xs&#8221;][vc_column_text css=&#8221;.vc_custom_1678710756449{padding-right: 50px !important;padding-left: 50px !important;}&#8221;]<\/p>\n<p style=\"font-size: 35px; text-align: center; line-height: 45px; color: #474747;\"><strong>O Office Impresso cria um ambiente atraente para estimular as suas vendas<\/strong><\/p>\n<p>[\/vc_column_text][\/vc_column][vc_column offset=&#8221;vc_hidden-lg vc_hidden-md vc_col-xs-12&#8243;][vc_column_text css=&#8221;.vc_custom_1678710765199{padding-right: 10px !important;padding-left: 10px !important;}&#8221;]<\/p>\n<p style=\"font-size: 35px; text-align: center; line-height: 45px; color: #474747;\"><strong>O Office Impresso cria um ambiente atraente para estimular as suas vendas<\/strong><\/p>\n<p>[\/vc_column_text][vc_separator][\/vc_column][\/vc_row][vc_row full_width=&#8221;stretch_row_content&#8221; equal_height=&#8221;yes&#8221; css=&#8221;.vc_custom_1676919941898{background-color: #ffffff !important;}&#8221;][vc_column width=&#8221;1\/2&#8243; offset=&#8221;vc_col-lg-6 vc_col-md-6 vc_hidden-sm vc_hidden-xs&#8221;][vc_single_image image=&#8221;9741&#8243; img_size=&#8221;200&#215;200&#8243; alignment=&#8221;center&#8221; css=&#8221;.vc_custom_1678715809869{margin-bottom: -35px !important;padding-right: 50px !important;padding-left: 50px !important;}&#8221;][vc_column_text css=&#8221;.vc_custom_1678710113776{padding-top: 25px !important;padding-right: 50px !important;padding-bottom: 25px !important;padding-left: 50px !important;}&#8221;]<\/p>\n<h1 style=\"font-size: 25px; text-align: center; line-height: 35px; color: #474747;\" id=\"agilidade-dos-processos\" >Agilidade dos processos<\/h1>\n<p style=\"text-align: center; color: #676767;\">Al\u00e9m da praticidade que \u00e9 trabalhar com o sistema de <strong>PDV,<\/strong> no <strong>Office<\/strong> voc\u00ea vai ter toda a agilidade e informa\u00e7\u00f5es que voc\u00ea busca em poucos segundos. N\u00e3o d\u00e1 para perder uma venda por falta de tempo ou pela demora na finaliza\u00e7\u00e3o, por isso com essa ferramenta voc\u00ea vai automatizar todos os procesos facilitando n\u00e3o s\u00f3 a sua vida como a do seu cliente.<\/p>\n<p>[\/vc_column_text][\/vc_column][vc_column width=&#8221;1\/2&#8243; offset=&#8221;vc_col-lg-6 vc_col-md-6 vc_hidden-sm vc_hidden-xs&#8221;][vc_single_image image=&#8221;10209&#8243; img_size=&#8221;200&#215;200&#8243; alignment=&#8221;center&#8221; css=&#8221;.vc_custom_1680288454247{margin-bottom: -25px !important;}&#8221;][vc_single_image image=&#8221;9738&#8243; img_size=&#8221;200&#215;200&#8243; alignment=&#8221;center&#8221; css=&#8221;.vc_custom_1678713715296{margin-bottom: -35px !important;padding-right: 50px !important;padding-left: 50px !important;}&#8221;][vc_column_text css=&#8221;.vc_custom_1680288483877{padding-top: 25px !important;padding-right: 50px !important;padding-bottom: 25px !important;padding-left: 50px !important;}&#8221;]<\/p>\n<h1 style=\"font-size: 25px; text-align: center; line-height: 35px; color: #474747;\" id=\"conhecimento-de-mercado\" >Conhecimento de mercado<\/h1>\n<p style=\"text-align: center; color: #676767;\">O <strong>PDV<\/strong> pode fornecer informa\u00e7\u00f5es importantes sobre o mercado e sobre os clientes, como suas prefer\u00eancias, h\u00e1bitos de compra e comportamentos. Essas informa\u00e7\u00f5es podem ser utilizadas para melhorar a estrat\u00e9gia de marketing e de vendas da empresa.<\/p>\n<p>[\/vc_column_text][\/vc_column][\/vc_row][vc_row full_width=&#8221;stretch_row_content&#8221; equal_height=&#8221;yes&#8221; css=&#8221;.vc_custom_1676920017047{background-color: #ffffff !important;}&#8221;][vc_column offset=&#8221;vc_hidden-lg vc_hidden-md vc_col-xs-12&#8243;][vc_single_image image=&#8221;9741&#8243; img_size=&#8221;200&#215;200&#8243; alignment=&#8221;center&#8221; css=&#8221;.vc_custom_1678715809869{margin-bottom: -35px !important;padding-right: 50px !important;padding-left: 50px !important;}&#8221;][vc_column_text css=&#8221;.vc_custom_1678709824235{padding-top: 25px !important;padding-right: 10px !important;padding-bottom: 25px !important;padding-left: 10px !important;}&#8221;]<\/p>\n<h1 style=\"font-size: 25px; text-align: center; line-height: 35px; color: #474747;\" id=\"agilidade-dos-processos\" >Agilidade dos processos<\/h1>\n<p style=\"text-align: center; color: #676767;\">Al\u00e9m da praticidade que \u00e9 trabalhar com o sistema de <strong>PDV,<\/strong> no <strong>Office<\/strong> voc\u00ea vai ter toda a agilidade e informa\u00e7\u00f5es que voc\u00ea busca em poucos segundos. N\u00e3o d\u00e1 para perder uma venda por falta de tempo ou pela demora na finaliza\u00e7\u00e3o, por isso com essa ferramenta voc\u00ea vai automatizar todos os procesos facilitando n\u00e3o s\u00f3 a sua vida como a do seu cliente.<\/p>\n<p>[\/vc_column_text][\/vc_column][vc_column offset=&#8221;vc_hidden-lg vc_hidden-md vc_col-xs-12&#8243; css=&#8221;.vc_custom_1676920219749{background-color: #f4f4f4 !important;}&#8221;][vc_single_image image=&#8221;10209&#8243; img_size=&#8221;200&#215;200&#8243; alignment=&#8221;center&#8221; css=&#8221;.vc_custom_1680288454247{margin-bottom: -25px !important;}&#8221;][vc_single_image image=&#8221;9738&#8243; img_size=&#8221;200&#215;200&#8243; alignment=&#8221;center&#8221; css=&#8221;.vc_custom_1678713715296{margin-bottom: -35px !important;padding-right: 50px !important;padding-left: 50px !important;}&#8221;][vc_column_text css=&#8221;.vc_custom_1678710097280{padding-top: 25px !important;padding-right: 10px !important;padding-bottom: 25px !important;padding-left: 10px !important;}&#8221;]<\/p>\n<h1 style=\"font-size: 25px; text-align: center; line-height: 35px; color: #474747;\" id=\"conhecimento-de-mercado\" >Conhecimento de mercado<\/h1>\n<p style=\"text-align: center; color: #474747;\">O <strong>PDV<\/strong> pode fornecer informa\u00e7\u00f5es importantes sobre o mercado e sobre os clientes, como suas prefer\u00eancias, h\u00e1bitos de compra e comportamentos. Essas informa\u00e7\u00f5es podem ser utilizadas para melhorar a estrat\u00e9gia de marketing e de vendas da empresa.<\/p>\n<p>[\/vc_column_text][\/vc_column][\/vc_row][vc_row full_width=&#8221;stretch_row&#8221; css=&#8221;.vc_custom_1678710852144{background-color: #f4f4f4 !important;}&#8221;][vc_column css=&#8221;.vc_custom_1676920472882{background-color: #f4f4f4 !important;}&#8221; offset=&#8221;vc_hidden-sm vc_hidden-xs&#8221;][vc_single_image image=&#8221;9744&#8243; img_size=&#8221;200&#215;200&#8243; alignment=&#8221;center&#8221; css=&#8221;.vc_custom_1678716617583{margin-bottom: -35px !important;padding-right: 50px !important;padding-left: 50px !important;}&#8221;][vc_column_text css=&#8221;.vc_custom_1678710167696{padding-top: 25px !important;padding-right: 50px !important;padding-bottom: 25px !important;padding-left: 50px !important;}&#8221;]<\/p>\n<h1 style=\"font-size: 25px; text-align: center; line-height: 35px; color: #474747;\" id=\"ganho-de-produtividade\" >Ganho de produtividade<\/h1>\n<p style=\"text-align: center; color: #676767;\">Se voc\u00ea poupou seu tempo ou da sua equipe consequentemente voc\u00ea ter\u00e1 mais tempo de sobra para aumentar a produtividade do que voc\u00ea oferece. Essa praticidade toda auxilia at\u00e9 na motiva\u00e7\u00e3o dos colaboradores que n\u00e3o ter\u00e3o estresse buscando informa\u00e7\u00f5es em locais distintos ou tendo que lan\u00e7ar tudo de forma manual.<\/p>\n<p>[\/vc_column_text][\/vc_column][\/vc_row][vc_row full_width=&#8221;stretch_row_content&#8221;][vc_column offset=&#8221;vc_hidden-lg vc_hidden-md vc_col-xs-12&#8243;][vc_single_image image=&#8221;9744&#8243; img_size=&#8221;200&#215;200&#8243; alignment=&#8221;center&#8221; css=&#8221;.vc_custom_1678716617583{margin-bottom: -35px !important;padding-right: 50px !important;padding-left: 50px !important;}&#8221;][vc_column_text css=&#8221;.vc_custom_1678710179294{padding-top: 25px !important;padding-right: 10px !important;padding-bottom: 25px !important;padding-left: 10px !important;}&#8221;]<\/p>\n<h1 style=\"font-size: 25px; text-align: center; line-height: 35px; color: #474747;\" id=\"ganho-de-produtividade\" >Ganho de produtividade<\/h1>\n<p style=\"text-align: center; color: #676767;\">Se voc\u00ea poupou seu tempo ou da sua equipe consequentemente voc\u00ea ter\u00e1 mais tempo de sobra para aumentar a produtividade do que voc\u00ea oferece. Essa praticidade toda auxilia at\u00e9 na motiva\u00e7\u00e3o dos colaboradores que n\u00e3o ter\u00e3o estresse buscando informa\u00e7\u00f5es em locais distintos ou tendo que lan\u00e7ar tudo de forma manual.<\/p>\n<p>[\/vc_column_text][\/vc_column][\/vc_row]<\/p>\n","protected":false},"excerpt":{"rendered":"<p>[vc_row full_width=&#8221;stretch_row_content&#8221; css=&#8221;.vc_custom_1676920898231{margin-top: -70px !important;padding-bottom: 50px !important;background-position: center !important;background-repeat: no-repeat !important;background-size: cover !important;}&#8221;][vc_column css=&#8221;.vc_custom_1678189293952{background-image: url(https:\/\/oimpresso.com\/ajuda\/wp-content\/uploads\/2023\/03\/banner-site-caixa-TESTE.png?id=9238) !important;background-position: center !important;background-repeat: no-repeat !important;background-size: cover !important;}&#8221; offset=&#8221;vc_hidden-md vc_hidden-sm vc_hidden-xs&#8221;][vc_column_text css=&#8221;.vc_custom_1678710313517{padding-left: 50px !important;}&#8221;] PDV &#8211; Ponto de venda [\/vc_column_text][vc_column_text css=&#8221;.vc_custom_1680632588491{padding-right: 675px !important;padding-left: 50px !important;}&#8221;] Registre suas vendas de maneira r\u00e1pida atrav\u00e9s da interface simples e intuitiva! [\/vc_column_text][vc_column_text css=&#8221;.vc_custom_1680632602028{padding-right: 675px !important;padding-left: &hellip; <a href=\"https:\/\/oimpresso.com\/ajuda\/pdv-ponto-de-venda\/\">Continued<\/a><\/p>\n","protected":false},"author":8,"featured_media":0,"parent":0,"menu_order":0,"comment_status":"closed","ping_status":"closed","template":"","meta":{"_bbp_topic_count":0,"_bbp_reply_count":0,"_bbp_total_topic_count":0,"_bbp_total_reply_count":0,"_bbp_voice_count":0,"_bbp_anonymous_reply_count":0,"_bbp_topic_count_hidden":0,"_bbp_reply_count_hidden":0,"_bbp_forum_subforum_count":0,"om_disable_all_campaigns":false,"_mi_skip_tracking":false},"yoast_head":"<!-- This site is optimized with the Yoast SEO plugin v20.5 - https:\/\/yoast.com\/wordpress\/plugins\/seo\/ -->\n<title>PDV - Ponto de venda<\/title>\n<meta name=\"robots\" content=\"index, follow, max-snippet:-1, max-image-preview:large, max-video-preview:-1\" \/>\n<link rel=\"canonical\" href=\"https:\/\/oimpresso.com\/ajuda\/pdv-ponto-de-venda\/\" \/>\n<meta property=\"og:locale\" content=\"pt_BR\" \/>\n<meta property=\"og:type\" content=\"article\" \/>\n<meta property=\"og:title\" content=\"PDV - Ponto de venda\" \/>\n<meta property=\"og:description\" content=\"[vc_row full_width=&#8221;stretch_row_content&#8221; css=&#8221;.vc_custom_1676920898231{margin-top: -70px !important;padding-bottom: 50px !important;background-position: center !important;background-repeat: no-repeat !important;background-size: cover !important;}&#8221;][vc_column css=&#8221;.vc_custom_1678189293952{background-image: url(https:\/\/oimpresso.com\/ajuda\/wp-content\/uploads\/2023\/03\/banner-site-caixa-TESTE.png?id=9238) !important;background-position: center !important;background-repeat: no-repeat !important;background-size: cover !important;}&#8221; offset=&#8221;vc_hidden-md vc_hidden-sm vc_hidden-xs&#8221;][vc_column_text css=&#8221;.vc_custom_1678710313517{padding-left: 50px !important;}&#8221;] PDV &#8211; Ponto de venda [\/vc_column_text][vc_column_text css=&#8221;.vc_custom_1680632588491{padding-right: 675px !important;padding-left: 50px !important;}&#8221;] Registre suas vendas de maneira r\u00e1pida atrav\u00e9s da interface simples e intuitiva! [\/vc_column_text][vc_column_text css=&#8221;.vc_custom_1680632602028{padding-right: 675px !important;padding-left: &hellip; Continued\" \/>\n<meta property=\"og:url\" content=\"https:\/\/oimpresso.com\/ajuda\/pdv-ponto-de-venda\/\" \/>\n<meta property=\"og:site_name\" content=\"Office Impresso\" \/>\n<meta property=\"article:modified_time\" content=\"2023-04-04T18:25:09+00:00\" \/>\n<meta name=\"twitter:card\" content=\"summary_large_image\" \/>\n<meta name=\"twitter:label1\" content=\"Est. tempo de leitura\" \/>\n\t<meta name=\"twitter:data1\" content=\"7 minutos\" \/>\n<script type=\"application\/ld+json\" class=\"yoast-schema-graph\">{\"@context\":\"https:\/\/schema.org\",\"@graph\":[{\"@type\":\"WebPage\",\"@id\":\"https:\/\/oimpresso.com\/ajuda\/pdv-ponto-de-venda\/\",\"url\":\"https:\/\/oimpresso.com\/ajuda\/pdv-ponto-de-venda\/\",\"name\":\"PDV - Ponto de venda\",\"isPartOf\":{\"@id\":\"https:\/\/oimpresso.com\/ajuda\/#website\"},\"datePublished\":\"2023-01-16T19:10:03+00:00\",\"dateModified\":\"2023-04-04T18:25:09+00:00\",\"breadcrumb\":{\"@id\":\"https:\/\/oimpresso.com\/ajuda\/pdv-ponto-de-venda\/#breadcrumb\"},\"inLanguage\":\"pt-BR\",\"potentialAction\":[{\"@type\":\"ReadAction\",\"target\":[\"https:\/\/oimpresso.com\/ajuda\/pdv-ponto-de-venda\/\"]}]},{\"@type\":\"BreadcrumbList\",\"@id\":\"https:\/\/oimpresso.com\/ajuda\/pdv-ponto-de-venda\/#breadcrumb\",\"itemListElement\":[{\"@type\":\"ListItem\",\"position\":1,\"name\":\"In\u00edcio\",\"item\":\"https:\/\/oimpresso.com\/ajuda\/\"},{\"@type\":\"ListItem\",\"position\":2,\"name\":\"PDV &#8211; Ponto de venda\"}]},{\"@type\":\"WebSite\",\"@id\":\"https:\/\/oimpresso.com\/ajuda\/#website\",\"url\":\"https:\/\/oimpresso.com\/ajuda\/\",\"name\":\"Office Impresso\",\"description\":\"Portal de Ajuda\",\"publisher\":{\"@id\":\"https:\/\/oimpresso.com\/ajuda\/#organization\"},\"potentialAction\":[{\"@type\":\"SearchAction\",\"target\":{\"@type\":\"EntryPoint\",\"urlTemplate\":\"https:\/\/oimpresso.com\/ajuda\/?s={search_term_string}\"},\"query-input\":\"required name=search_term_string\"}],\"inLanguage\":\"pt-BR\"},{\"@type\":\"Organization\",\"@id\":\"https:\/\/oimpresso.com\/ajuda\/#organization\",\"name\":\"Office Impresso\",\"url\":\"https:\/\/oimpresso.com\/ajuda\/\",\"logo\":{\"@type\":\"ImageObject\",\"inLanguage\":\"pt-BR\",\"@id\":\"https:\/\/oimpresso.com\/ajuda\/#\/schema\/logo\/image\/\",\"url\":\"https:\/\/oimpresso.com\/ajuda\/wp-content\/uploads\/2023\/04\/LOGO-PRETA-Office-Impresso-e1680706829226.png\",\"contentUrl\":\"https:\/\/oimpresso.com\/ajuda\/wp-content\/uploads\/2023\/04\/LOGO-PRETA-Office-Impresso-e1680706829226.png\",\"width\":275,\"height\":77,\"caption\":\"Office Impresso\"},\"image\":{\"@id\":\"https:\/\/oimpresso.com\/ajuda\/#\/schema\/logo\/image\/\"}}]}<\/script>\n<!-- \/ Yoast SEO plugin. -->","yoast_head_json":{"title":"PDV - Ponto de venda","robots":{"index":"index","follow":"follow","max-snippet":"max-snippet:-1","max-image-preview":"max-image-preview:large","max-video-preview":"max-video-preview:-1"},"canonical":"https:\/\/oimpresso.com\/ajuda\/pdv-ponto-de-venda\/","og_locale":"pt_BR","og_type":"article","og_title":"PDV - Ponto de venda","og_description":"[vc_row full_width=&#8221;stretch_row_content&#8221; css=&#8221;.vc_custom_1676920898231{margin-top: -70px !important;padding-bottom: 50px !important;background-position: center !important;background-repeat: no-repeat !important;background-size: cover !important;}&#8221;][vc_column css=&#8221;.vc_custom_1678189293952{background-image: url(https:\/\/oimpresso.com\/ajuda\/wp-content\/uploads\/2023\/03\/banner-site-caixa-TESTE.png?id=9238) !important;background-position: center !important;background-repeat: no-repeat !important;background-size: cover !important;}&#8221; offset=&#8221;vc_hidden-md vc_hidden-sm vc_hidden-xs&#8221;][vc_column_text css=&#8221;.vc_custom_1678710313517{padding-left: 50px !important;}&#8221;] PDV &#8211; Ponto de venda [\/vc_column_text][vc_column_text css=&#8221;.vc_custom_1680632588491{padding-right: 675px !important;padding-left: 50px !important;}&#8221;] Registre suas vendas de maneira r\u00e1pida atrav\u00e9s da interface simples e intuitiva! [\/vc_column_text][vc_column_text css=&#8221;.vc_custom_1680632602028{padding-right: 675px !important;padding-left: &hellip; Continued","og_url":"https:\/\/oimpresso.com\/ajuda\/pdv-ponto-de-venda\/","og_site_name":"Office Impresso","article_modified_time":"2023-04-04T18:25:09+00:00","twitter_card":"summary_large_image","twitter_misc":{"Est. tempo de leitura":"7 minutos"},"schema":{"@context":"https:\/\/schema.org","@graph":[{"@type":"WebPage","@id":"https:\/\/oimpresso.com\/ajuda\/pdv-ponto-de-venda\/","url":"https:\/\/oimpresso.com\/ajuda\/pdv-ponto-de-venda\/","name":"PDV - Ponto de venda","isPartOf":{"@id":"https:\/\/oimpresso.com\/ajuda\/#website"},"datePublished":"2023-01-16T19:10:03+00:00","dateModified":"2023-04-04T18:25:09+00:00","breadcrumb":{"@id":"https:\/\/oimpresso.com\/ajuda\/pdv-ponto-de-venda\/#breadcrumb"},"inLanguage":"pt-BR","potentialAction":[{"@type":"ReadAction","target":["https:\/\/oimpresso.com\/ajuda\/pdv-ponto-de-venda\/"]}]},{"@type":"BreadcrumbList","@id":"https:\/\/oimpresso.com\/ajuda\/pdv-ponto-de-venda\/#breadcrumb","itemListElement":[{"@type":"ListItem","position":1,"name":"In\u00edcio","item":"https:\/\/oimpresso.com\/ajuda\/"},{"@type":"ListItem","position":2,"name":"PDV &#8211; Ponto de venda"}]},{"@type":"WebSite","@id":"https:\/\/oimpresso.com\/ajuda\/#website","url":"https:\/\/oimpresso.com\/ajuda\/","name":"Office Impresso","description":"Portal de Ajuda","publisher":{"@id":"https:\/\/oimpresso.com\/ajuda\/#organization"},"potentialAction":[{"@type":"SearchAction","target":{"@type":"EntryPoint","urlTemplate":"https:\/\/oimpresso.com\/ajuda\/?s={search_term_string}"},"query-input":"required name=search_term_string"}],"inLanguage":"pt-BR"},{"@type":"Organization","@id":"https:\/\/oimpresso.com\/ajuda\/#organization","name":"Office Impresso","url":"https:\/\/oimpresso.com\/ajuda\/","logo":{"@type":"ImageObject","inLanguage":"pt-BR","@id":"https:\/\/oimpresso.com\/ajuda\/#\/schema\/logo\/image\/","url":"https:\/\/oimpresso.com\/ajuda\/wp-content\/uploads\/2023\/04\/LOGO-PRETA-Office-Impresso-e1680706829226.png","contentUrl":"https:\/\/oimpresso.com\/ajuda\/wp-content\/uploads\/2023\/04\/LOGO-PRETA-Office-Impresso-e1680706829226.png","width":275,"height":77,"caption":"Office Impresso"},"image":{"@id":"https:\/\/oimpresso.com\/ajuda\/#\/schema\/logo\/image\/"}}]}},"_links":{"self":[{"href":"https:\/\/oimpresso.com\/ajuda\/wp-json\/wp\/v2\/pages\/7696"}],"collection":[{"href":"https:\/\/oimpresso.com\/ajuda\/wp-json\/wp\/v2\/pages"}],"about":[{"href":"https:\/\/oimpresso.com\/ajuda\/wp-json\/wp\/v2\/types\/page"}],"author":[{"embeddable":true,"href":"https:\/\/oimpresso.com\/ajuda\/wp-json\/wp\/v2\/users\/8"}],"replies":[{"embeddable":true,"href":"https:\/\/oimpresso.com\/ajuda\/wp-json\/wp\/v2\/comments?post=7696"}],"version-history":[{"count":38,"href":"https:\/\/oimpresso.com\/ajuda\/wp-json\/wp\/v2\/pages\/7696\/revisions"}],"predecessor-version":[{"id":10941,"href":"https:\/\/oimpresso.com\/ajuda\/wp-json\/wp\/v2\/pages\/7696\/revisions\/10941"}],"wp:attachment":[{"href":"https:\/\/oimpresso.com\/ajuda\/wp-json\/wp\/v2\/media?parent=7696"}],"curies":[{"name":"wp","href":"https:\/\/api.w.org\/{rel}","templated":true}]}}