{"id":7685,"date":"2023-01-16T15:57:33","date_gmt":"2023-01-16T18:57:33","guid":{"rendered":"https:\/\/oimpresso.com\/ajuda\/?page_id=7685"},"modified":"2023-04-04T17:53:06","modified_gmt":"2023-04-04T20:53:06","slug":"venda","status":"publish","type":"page","link":"https:\/\/oimpresso.com\/ajuda\/venda\/","title":{"rendered":"Venda"},"content":{"rendered":"<p>[vc_row full_width=&#8221;stretch_row_content&#8221; css=&#8221;.vc_custom_1676920898231{margin-top: -70px !important;padding-bottom: 50px !important;background-position: center !important;background-repeat: no-repeat !important;background-size: cover !important;}&#8221;][vc_column css=&#8221;.vc_custom_1678741377747{background-image: url(https:\/\/oimpresso.com\/ajuda\/wp-content\/uploads\/2023\/03\/Vendas.png?id=9776) !important;background-position: center !important;background-repeat: no-repeat !important;background-size: cover !important;}&#8221; offset=&#8221;vc_hidden-md vc_hidden-sm vc_hidden-xs&#8221;][vc_column_text css=&#8221;.vc_custom_1678108186402{padding-left: 50px !important;}&#8221;]<\/p>\n<h1 id=\"venda\" >Venda<\/h1>\n<p>[\/vc_column_text][vc_column_text css=&#8221;.vc_custom_1680641226376{padding-right: 600px !important;padding-left: 50px !important;}&#8221;]<\/p>\n<p style=\"font-size: 25px; color: #676767;\">Detalhe e gere o financeiro<br \/>\nna pr\u00f3pria tela de venda!<\/p>\n<p>[\/vc_column_text][vc_column_text css=&#8221;.vc_custom_1680113127610{padding-left: 50px !important;}&#8221;]<a class=\"fancybox-iframe\" style=\"display: flex; align-items: center; justify-content: center; width: 100%; max-width: 200px; height: 45px; border-radius: 25px; background: #80387B; background-image: linear-gradient(to bottom, #80387B, #CF61CA); border: none; color: #ffffff; font-size: 16px; cursor: pointer; text-align: center; text-decoration: none;\" href=\"https:\/\/oimpresso.com\/ajuda\/solicitar-proposta\/\">Solicitar Proposta<\/a>[\/vc_column_text][vc_empty_space height=&#8221;200&#8243;][\/vc_column][\/vc_row][vc_row full_width=&#8221;stretch_row_content&#8221; css=&#8221;.vc_custom_1676921146248{margin-top: -20px !important;padding-bottom: 50px !important;background-position: center !important;background-repeat: no-repeat !important;background-size: cover !important;}&#8221;][vc_column css=&#8221;.vc_custom_1678741438161{background-image: url(https:\/\/oimpresso.com\/ajuda\/wp-content\/uploads\/2023\/03\/Vendas.png?id=9776) !important;background-position: center !important;background-repeat: no-repeat !important;background-size: cover !important;}&#8221; offset=&#8221;vc_hidden-lg vc_hidden-sm vc_hidden-xs&#8221;][vc_column_text css=&#8221;.vc_custom_1678108259084{padding-left: 50px !important;}&#8221;]<\/p>\n<h1 id=\"venda\" >Venda<\/h1>\n<p>[\/vc_column_text][vc_column_text css=&#8221;.vc_custom_1680641235159{padding-right: 600px !important;padding-left: 50px !important;}&#8221;]<\/p>\n<p style=\"font-size: 25px; color: #676767;\">Detalhe e gere o financeiro<br \/>\nna pr\u00f3pria tela de venda!<\/p>\n<p>[\/vc_column_text][vc_column_text css=&#8221;.vc_custom_1680113244976{padding-left: 50px !important;}&#8221;]<a class=\"fancybox-iframe\" style=\"display: flex; align-items: center; justify-content: center; width: 100%; max-width: 200px; height: 45px; border-radius: 25px; background: #80387B; background-image: linear-gradient(to bottom, #80387B, #CF61CA); border: none; color: #ffffff; font-size: 16px; cursor: pointer; text-align: center; text-decoration: none;\" href=\"https:\/\/oimpresso.com\/ajuda\/solicitar-proposta\/\">Solicitar Proposta<\/a>[\/vc_column_text][vc_empty_space height=&#8221;200&#8243;][\/vc_column][\/vc_row][vc_row full_width=&#8221;stretch_row_content&#8221; css=&#8221;.vc_custom_1676921326147{margin-top: -65px !important;padding-bottom: 50px !important;background-position: center !important;background-repeat: no-repeat !important;background-size: cover !important;}&#8221;][vc_column css=&#8221;.vc_custom_1676921921382{background-position: center !important;background-repeat: no-repeat !important;background-size: cover !important;}&#8221; offset=&#8221;vc_hidden-lg vc_hidden-md vc_col-xs-12&#8243;][vc_column_text css=&#8221;.vc_custom_1678108280518{padding-right: 50px !important;padding-left: 50px !important;}&#8221;]<\/p>\n<h1 style=\"text-align: center;\" id=\"venda\" >Venda<\/h1>\n<p>[\/vc_column_text][vc_column_text css=&#8221;.vc_custom_1680641241206{padding-right: 10px !important;padding-left: 10px !important;}&#8221;]<\/p>\n<p style=\"font-size: 25px; color: #676767; text-align: center;\">Detalhe e gere o financeiro na pr\u00f3pria tela de venda!<\/p>\n<p>[\/vc_column_text][vc_column_text css=&#8221;.vc_custom_1680198890046{margin-top: 20px !important;}&#8221;]<a style=\"width: 190px; height: 45px; border-radius: 25px; background: #80387B; background-image: linear-gradient(to bottom, #80387B, #CF61CA); border: none; color: #FFFFFF; font-size: 16px; cursor: pointer; display: flex; justify-content: center; align-items: center; margin: 0 auto; text-decoration: none;\" href=\"https:\/\/oimpresso.com\/ajuda\/solicitar-proposta\/;\">Solicitar Proposta<\/a>[\/vc_column_text][\/vc_column][vc_column offset=&#8221;vc_hidden-lg vc_hidden-md vc_col-xs-12&#8243; css=&#8221;.vc_custom_1678741424344{background-image: url(https:\/\/oimpresso.com\/ajuda\/wp-content\/uploads\/2023\/03\/Vendas-Mobile.png?id=9777) !important;background-position: center !important;background-repeat: no-repeat !important;background-size: cover !important;}&#8221;][vc_empty_space height=&#8221;250&#8243;][\/vc_column][\/vc_row][vc_row full_width=&#8221;stretch_row_content&#8221; content_placement=&#8221;middle&#8221;][vc_column offset=&#8221;vc_hidden-sm vc_col-xs-12 vc_hidden-xs&#8221;][vc_column_text css=&#8221;.vc_custom_1680641254543{padding-right: 50px !important;padding-left: 50px !important;}&#8221;]<\/p>\n<h2 style=\"text-align: center; color: #474747;\" id=\"o-office-impresso-cria-um-ambiente-atraente-para-estimular-as-suas-vendas\" >O Office Impresso cria um ambiente atraente para estimular as suas vendas<\/h2>\n<p>[\/vc_column_text][\/vc_column][vc_column offset=&#8221;vc_hidden-lg vc_hidden-md vc_col-xs-12&#8243;][vc_column_text css=&#8221;.vc_custom_1680641265988{padding-right: 10px !important;padding-left: 10px !important;}&#8221;]<\/p>\n<h2 style=\"text-align: center; color: #474747;\" id=\"o-office-impresso-cria-um-ambiente-atraente-para-estimular-as-suas-vendas\" >O Office Impresso cria um ambiente atraente para estimular as suas vendas<\/h2>\n<p>[\/vc_column_text][vc_separator][\/vc_column][\/vc_row][vc_row full_width=&#8221;stretch_row_content&#8221; equal_height=&#8221;yes&#8221; css=&#8221;.vc_custom_1676919941898{background-color: #ffffff !important;}&#8221;][vc_column width=&#8221;1\/2&#8243; offset=&#8221;vc_col-lg-6 vc_col-md-6 vc_hidden-sm vc_hidden-xs&#8221;][vc_single_image image=&#8221;9779&#8243; img_size=&#8221;200&#215;200&#8242;&#8221; alignment=&#8221;center&#8221; css=&#8221;.vc_custom_1678794052483{margin-bottom: -35px !important;padding-right: 50px !important;padding-left: 50px !important;}&#8221;][vc_column_text css=&#8221;.vc_custom_1680641288628{padding-top: 25px !important;padding-right: 50px !important;padding-bottom: 25px !important;padding-left: 50px !important;}&#8221;]<\/p>\n<h1 style=\"font-size: 25px; text-align: center; line-height: 35px; color: #474747;\" id=\"gerencie-com-facilidade\" >Gerencie com facilidade<\/h1>\n<p style=\"text-align: center; color: #676767;\">O sistema de gest\u00e3o de vendas do\u00a0<strong>Office Impresso<\/strong> tamb\u00e9m permite inserir informa\u00e7\u00f5es adicionais pertinentes \u00e0 transa\u00e7\u00e3o, como dados do cliente, hist\u00f3rico de compras, notas de entrega, entre outros. \u00c9 poss\u00edvel vincular a venda a outras vendas dentro do sistema, o que ajuda a compreender o fluxo de caixa da empresa e a identificar poss\u00edveis oportunidades de vendas adicionais.<\/p>\n<p>[\/vc_column_text][\/vc_column][vc_column width=&#8221;1\/2&#8243; offset=&#8221;vc_col-lg-6 vc_col-md-6 vc_hidden-sm vc_hidden-xs&#8221;][vc_single_image image=&#8221;9744&#8243; img_size=&#8221;200&#215;200&#8242;&#8221; alignment=&#8221;center&#8221; css=&#8221;.vc_custom_1678794115432{margin-bottom: -35px !important;padding-right: 50px !important;padding-left: 50px !important;}&#8221;][vc_column_text css=&#8221;.vc_custom_1680641307453{padding-top: 25px !important;padding-right: 50px !important;padding-bottom: 25px !important;padding-left: 50px !important;}&#8221;]<\/p>\n<h1 style=\"font-size: 25px; text-align: center; line-height: 35px; color: #474747;\" id=\"otimize-suas-vendas\" >Otimize suas vendas<\/h1>\n<p style=\"text-align: center; color: #676767;\">\u00a0Com\u00a0o\u00a0<strong>Office Impresso <\/strong>realize\u00a0vendas diretamente pela tela do sistema, o que ajuda a evitar falhas no faturamento. Na pr\u00f3pria tela de venda, o usu\u00e1rio pode selecionar o produto ou servi\u00e7o a ser vendido, informar a quantidade e o pre\u00e7o, e gerar o valor total da transa\u00e7\u00e3o.<\/p>\n<p>[\/vc_column_text][\/vc_column][\/vc_row][vc_row][vc_column][vc_single_image image=&#8221;9783&#8243; img_size=&#8221;200&#215;200&#8243; alignment=&#8221;center&#8221; css=&#8221;.vc_custom_1678797736137{margin-bottom: -35px !important;padding-right: 50px !important;padding-left: 50px !important;}&#8221;][vc_column_text css=&#8221;.vc_custom_1680641539516{padding-top: 25px !important;padding-right: 50px !important;padding-bottom: 25px !important;padding-left: 50px !important;}&#8221;]<\/p>\n<h1 style=\"color: #474747;text-align: center;\" id=\"gestao-completa-de-suas-vendas\" >Gest\u00e3o completa de suas vendas<\/h1>\n<p>&nbsp;<\/p>\n<ul style=\"font-size: 20px; color: #676767;\">\n<li>O <strong>Office Impresso<\/strong> \u00e9 um sistema de gest\u00e3o de vendas que permite realizar vendas diretamente pela tela do sistema.<\/li>\n<li>\u00c9 poss\u00edvel inserir informa\u00e7\u00f5es adicionais pertinentes \u00e0 transa\u00e7\u00e3o, como dados do cliente, hist\u00f3rico de compras, notas de entrega, entre outros.<\/li>\n<li>\u00c9 poss\u00edvel especificar a condi\u00e7\u00e3o de pagamento da venda, como a forma de pagamento, prazo, parcelas e descontos.<\/li>\n<li>Tamb\u00e9m \u00e9 poss\u00edvel atribuir comiss\u00f5es a serem pagas aos vendedores respons\u00e1veis pela venda.<\/li>\n<li>O sistema permite gerenciar todo o financeiro na mesma tela de venda, o que facilita o controle das movimenta\u00e7\u00f5es financeiras referentes \u00e0 venda.<\/li>\n<\/ul>\n<p>&nbsp;<\/p>\n<p>&nbsp;[\/vc_column_text][\/vc_column][\/vc_row][vc_row full_width=&#8221;stretch_row_content&#8221; equal_height=&#8221;yes&#8221; css=&#8221;.vc_custom_1676920017047{background-color: #ffffff !important;}&#8221;][vc_column offset=&#8221;vc_hidden-lg vc_hidden-md vc_col-xs-12&#8243; css=&#8221;.vc_custom_1678109079797{background-color: #f4f4f4 !important;}&#8221;][vc_single_image image=&#8221;9744&#8243; img_size=&#8221;200&#215;200&#8242;&#8221; alignment=&#8221;center&#8221; css=&#8221;.vc_custom_1678794115432{margin-bottom: -35px !important;padding-right: 50px !important;padding-left: 50px !important;}&#8221;][vc_column_text css=&#8221;.vc_custom_1680641560387{padding-top: 25px !important;padding-right: 10px !important;padding-bottom: 25px !important;padding-left: 10px !important;}&#8221;]<\/p>\n<h1 style=\"font-size: 25px; text-align: center; line-height: 35px; color: #474747;\" id=\"otimize-suas-vendas\" >Otimize suas vendas<\/h1>\n<p style=\"text-align: center; color: #676767;\">\u00a0Com\u00a0o\u00a0<strong>Office Impresso <\/strong>realize\u00a0vendas diretamente pela tela do sistema, o que ajuda a evitar falhas no faturamento. Na pr\u00f3pria tela de venda, o usu\u00e1rio pode selecionar o produto ou servi\u00e7o a ser vendido, informar a quantidade e o pre\u00e7o, e gerar o valor total da transa\u00e7\u00e3o.<\/p>\n<p>[\/vc_column_text][vc_row_inner][vc_column_inner][vc_single_image image=&#8221;9783&#8243; img_size=&#8221;200&#215;200&#8243; alignment=&#8221;center&#8221; css=&#8221;.vc_custom_1678797736137{margin-bottom: -35px !important;padding-right: 50px !important;padding-left: 50px !important;}&#8221;][\/vc_column_inner][\/vc_row_inner][vc_column_text]<\/p>\n<h2 style=\"color: #474747; text-align: center;\" id=\"gestao-completa-de-seus-clientes\" >Gest\u00e3o completa de seus clientes<\/h2>\n<ul style=\"color: #676767;\">\n<li>O <strong>Office Impresso<\/strong> \u00e9 um sistema de gest\u00e3o de vendas que permite realizar vendas diretamente pela tela do sistema.<\/li>\n<li>\u00c9 poss\u00edvel inserir informa\u00e7\u00f5es adicionais pertinentes \u00e0 transa\u00e7\u00e3o, como dados do cliente, hist\u00f3rico de compras, notas de entrega, entre outros.<\/li>\n<li>\u00c9 poss\u00edvel especificar a condi\u00e7\u00e3o de pagamento da venda, como a forma de pagamento, prazo, parcelas e descontos.<\/li>\n<li>Tamb\u00e9m \u00e9 poss\u00edvel atribuir comiss\u00f5es a serem pagas aos vendedores respons\u00e1veis pela venda.<\/li>\n<li>O sistema permite gerenciar todo o financeiro na mesma tela de venda, o que facilita o controle das movimenta\u00e7\u00f5es financeiras referentes \u00e0 venda.<\/li>\n<\/ul>\n<p>[\/vc_column_text][\/vc_column][vc_column offset=&#8221;vc_hidden-lg vc_hidden-md vc_col-xs-12&#8243; css=&#8221;.vc_custom_1676920219749{background-color: #f4f4f4 !important;}&#8221;][vc_single_image image=&#8221;9779&#8243; img_size=&#8221;200&#215;200&#8242;&#8221; alignment=&#8221;center&#8221; css=&#8221;.vc_custom_1678794052483{margin-bottom: -35px !important;padding-right: 50px !important;padding-left: 50px !important;}&#8221;][vc_column_text css=&#8221;.vc_custom_1680641607043{padding-top: 25px !important;padding-right: 10px !important;padding-bottom: 25px !important;padding-left: 10px !important;background-color: #ffffff !important;}&#8221;]<\/p>\n<h1 style=\"font-size: 25px; text-align: center; line-height: 35px; color: #474747;\" id=\"gerencie-com-facilidade\" >Gerencie com facilidade<\/h1>\n<p style=\"text-align: center; color: #676767;\">O sistema de gest\u00e3o de vendas do\u00a0<strong>Office Impresso<\/strong> tamb\u00e9m permite inserir informa\u00e7\u00f5es adicionais pertinentes \u00e0 transa\u00e7\u00e3o, como dados do cliente, hist\u00f3rico de compras, notas de entrega, entre outros. \u00c9 poss\u00edvel vincular a venda a outras vendas dentro do sistema, o que ajuda a compreender o fluxo de caixa da empresa e a identificar poss\u00edveis oportunidades de vendas adicionais.<\/p>\n<p>[\/vc_column_text][\/vc_column][\/vc_row]<\/p>\n","protected":false},"excerpt":{"rendered":"<p>[vc_row full_width=&#8221;stretch_row_content&#8221; css=&#8221;.vc_custom_1676920898231{margin-top: -70px !important;padding-bottom: 50px !important;background-position: center !important;background-repeat: no-repeat !important;background-size: cover !important;}&#8221;][vc_column css=&#8221;.vc_custom_1678741377747{background-image: url(https:\/\/oimpresso.com\/ajuda\/wp-content\/uploads\/2023\/03\/Vendas.png?id=9776) !important;background-position: center !important;background-repeat: no-repeat !important;background-size: cover !important;}&#8221; offset=&#8221;vc_hidden-md vc_hidden-sm vc_hidden-xs&#8221;][vc_column_text css=&#8221;.vc_custom_1678108186402{padding-left: 50px !important;}&#8221;] Venda [\/vc_column_text][vc_column_text css=&#8221;.vc_custom_1680641226376{padding-right: 600px !important;padding-left: 50px !important;}&#8221;] Detalhe e gere o financeiro na pr\u00f3pria tela de venda! [\/vc_column_text][vc_column_text css=&#8221;.vc_custom_1680113127610{padding-left: 50px !important;}&#8221;]Solicitar Proposta[\/vc_column_text][vc_empty_space height=&#8221;200&#8243;][\/vc_column][\/vc_row][vc_row full_width=&#8221;stretch_row_content&#8221; css=&#8221;.vc_custom_1676921146248{margin-top: -20px !important;padding-bottom: &hellip; <a href=\"https:\/\/oimpresso.com\/ajuda\/venda\/\">Continued<\/a><\/p>\n","protected":false},"author":1,"featured_media":0,"parent":0,"menu_order":0,"comment_status":"closed","ping_status":"closed","template":"","meta":{"_bbp_topic_count":0,"_bbp_reply_count":0,"_bbp_total_topic_count":0,"_bbp_total_reply_count":0,"_bbp_voice_count":0,"_bbp_anonymous_reply_count":0,"_bbp_topic_count_hidden":0,"_bbp_reply_count_hidden":0,"_bbp_forum_subforum_count":0,"om_disable_all_campaigns":false,"_mi_skip_tracking":false},"yoast_head":"<!-- This site is optimized with the Yoast SEO plugin v20.5 - https:\/\/yoast.com\/wordpress\/plugins\/seo\/ -->\n<title>Venda<\/title>\n<meta name=\"robots\" content=\"index, follow, max-snippet:-1, max-image-preview:large, max-video-preview:-1\" \/>\n<link rel=\"canonical\" href=\"https:\/\/oimpresso.com\/ajuda\/venda\/\" \/>\n<meta property=\"og:locale\" content=\"pt_BR\" \/>\n<meta property=\"og:type\" content=\"article\" \/>\n<meta property=\"og:title\" content=\"Venda\" \/>\n<meta property=\"og:description\" content=\"[vc_row full_width=&#8221;stretch_row_content&#8221; css=&#8221;.vc_custom_1676920898231{margin-top: -70px !important;padding-bottom: 50px !important;background-position: center !important;background-repeat: no-repeat !important;background-size: cover !important;}&#8221;][vc_column css=&#8221;.vc_custom_1678741377747{background-image: url(https:\/\/oimpresso.com\/ajuda\/wp-content\/uploads\/2023\/03\/Vendas.png?id=9776) !important;background-position: center !important;background-repeat: no-repeat !important;background-size: cover !important;}&#8221; offset=&#8221;vc_hidden-md vc_hidden-sm vc_hidden-xs&#8221;][vc_column_text css=&#8221;.vc_custom_1678108186402{padding-left: 50px !important;}&#8221;] Venda [\/vc_column_text][vc_column_text css=&#8221;.vc_custom_1680641226376{padding-right: 600px !important;padding-left: 50px !important;}&#8221;] Detalhe e gere o financeiro na pr\u00f3pria tela de venda! [\/vc_column_text][vc_column_text css=&#8221;.vc_custom_1680113127610{padding-left: 50px !important;}&#8221;]Solicitar Proposta[\/vc_column_text][vc_empty_space height=&#8221;200&#8243;][\/vc_column][\/vc_row][vc_row full_width=&#8221;stretch_row_content&#8221; css=&#8221;.vc_custom_1676921146248{margin-top: -20px !important;padding-bottom: &hellip; Continued\" \/>\n<meta property=\"og:url\" content=\"https:\/\/oimpresso.com\/ajuda\/venda\/\" \/>\n<meta property=\"og:site_name\" content=\"Office Impresso\" \/>\n<meta property=\"article:modified_time\" content=\"2023-04-04T20:53:06+00:00\" \/>\n<meta name=\"twitter:card\" content=\"summary_large_image\" \/>\n<meta name=\"twitter:label1\" content=\"Est. tempo de leitura\" \/>\n\t<meta name=\"twitter:data1\" content=\"7 minutos\" \/>\n<script type=\"application\/ld+json\" class=\"yoast-schema-graph\">{\"@context\":\"https:\/\/schema.org\",\"@graph\":[{\"@type\":\"WebPage\",\"@id\":\"https:\/\/oimpresso.com\/ajuda\/venda\/\",\"url\":\"https:\/\/oimpresso.com\/ajuda\/venda\/\",\"name\":\"Venda\",\"isPartOf\":{\"@id\":\"https:\/\/oimpresso.com\/ajuda\/#website\"},\"datePublished\":\"2023-01-16T18:57:33+00:00\",\"dateModified\":\"2023-04-04T20:53:06+00:00\",\"breadcrumb\":{\"@id\":\"https:\/\/oimpresso.com\/ajuda\/venda\/#breadcrumb\"},\"inLanguage\":\"pt-BR\",\"potentialAction\":[{\"@type\":\"ReadAction\",\"target\":[\"https:\/\/oimpresso.com\/ajuda\/venda\/\"]}]},{\"@type\":\"BreadcrumbList\",\"@id\":\"https:\/\/oimpresso.com\/ajuda\/venda\/#breadcrumb\",\"itemListElement\":[{\"@type\":\"ListItem\",\"position\":1,\"name\":\"In\u00edcio\",\"item\":\"https:\/\/oimpresso.com\/ajuda\/\"},{\"@type\":\"ListItem\",\"position\":2,\"name\":\"Venda\"}]},{\"@type\":\"WebSite\",\"@id\":\"https:\/\/oimpresso.com\/ajuda\/#website\",\"url\":\"https:\/\/oimpresso.com\/ajuda\/\",\"name\":\"Office Impresso\",\"description\":\"Portal de Ajuda\",\"publisher\":{\"@id\":\"https:\/\/oimpresso.com\/ajuda\/#organization\"},\"potentialAction\":[{\"@type\":\"SearchAction\",\"target\":{\"@type\":\"EntryPoint\",\"urlTemplate\":\"https:\/\/oimpresso.com\/ajuda\/?s={search_term_string}\"},\"query-input\":\"required name=search_term_string\"}],\"inLanguage\":\"pt-BR\"},{\"@type\":\"Organization\",\"@id\":\"https:\/\/oimpresso.com\/ajuda\/#organization\",\"name\":\"Office Impresso\",\"url\":\"https:\/\/oimpresso.com\/ajuda\/\",\"logo\":{\"@type\":\"ImageObject\",\"inLanguage\":\"pt-BR\",\"@id\":\"https:\/\/oimpresso.com\/ajuda\/#\/schema\/logo\/image\/\",\"url\":\"https:\/\/oimpresso.com\/ajuda\/wp-content\/uploads\/2023\/04\/LOGO-PRETA-Office-Impresso-e1680706829226.png\",\"contentUrl\":\"https:\/\/oimpresso.com\/ajuda\/wp-content\/uploads\/2023\/04\/LOGO-PRETA-Office-Impresso-e1680706829226.png\",\"width\":275,\"height\":77,\"caption\":\"Office Impresso\"},\"image\":{\"@id\":\"https:\/\/oimpresso.com\/ajuda\/#\/schema\/logo\/image\/\"}}]}<\/script>\n<!-- \/ Yoast SEO plugin. -->","yoast_head_json":{"title":"Venda","robots":{"index":"index","follow":"follow","max-snippet":"max-snippet:-1","max-image-preview":"max-image-preview:large","max-video-preview":"max-video-preview:-1"},"canonical":"https:\/\/oimpresso.com\/ajuda\/venda\/","og_locale":"pt_BR","og_type":"article","og_title":"Venda","og_description":"[vc_row full_width=&#8221;stretch_row_content&#8221; css=&#8221;.vc_custom_1676920898231{margin-top: -70px !important;padding-bottom: 50px !important;background-position: center !important;background-repeat: no-repeat !important;background-size: cover !important;}&#8221;][vc_column css=&#8221;.vc_custom_1678741377747{background-image: url(https:\/\/oimpresso.com\/ajuda\/wp-content\/uploads\/2023\/03\/Vendas.png?id=9776) !important;background-position: center !important;background-repeat: no-repeat !important;background-size: cover !important;}&#8221; offset=&#8221;vc_hidden-md vc_hidden-sm vc_hidden-xs&#8221;][vc_column_text css=&#8221;.vc_custom_1678108186402{padding-left: 50px !important;}&#8221;] Venda [\/vc_column_text][vc_column_text css=&#8221;.vc_custom_1680641226376{padding-right: 600px !important;padding-left: 50px !important;}&#8221;] Detalhe e gere o financeiro na pr\u00f3pria tela de venda! [\/vc_column_text][vc_column_text css=&#8221;.vc_custom_1680113127610{padding-left: 50px !important;}&#8221;]Solicitar Proposta[\/vc_column_text][vc_empty_space height=&#8221;200&#8243;][\/vc_column][\/vc_row][vc_row full_width=&#8221;stretch_row_content&#8221; css=&#8221;.vc_custom_1676921146248{margin-top: -20px !important;padding-bottom: &hellip; Continued","og_url":"https:\/\/oimpresso.com\/ajuda\/venda\/","og_site_name":"Office Impresso","article_modified_time":"2023-04-04T20:53:06+00:00","twitter_card":"summary_large_image","twitter_misc":{"Est. tempo de leitura":"7 minutos"},"schema":{"@context":"https:\/\/schema.org","@graph":[{"@type":"WebPage","@id":"https:\/\/oimpresso.com\/ajuda\/venda\/","url":"https:\/\/oimpresso.com\/ajuda\/venda\/","name":"Venda","isPartOf":{"@id":"https:\/\/oimpresso.com\/ajuda\/#website"},"datePublished":"2023-01-16T18:57:33+00:00","dateModified":"2023-04-04T20:53:06+00:00","breadcrumb":{"@id":"https:\/\/oimpresso.com\/ajuda\/venda\/#breadcrumb"},"inLanguage":"pt-BR","potentialAction":[{"@type":"ReadAction","target":["https:\/\/oimpresso.com\/ajuda\/venda\/"]}]},{"@type":"BreadcrumbList","@id":"https:\/\/oimpresso.com\/ajuda\/venda\/#breadcrumb","itemListElement":[{"@type":"ListItem","position":1,"name":"In\u00edcio","item":"https:\/\/oimpresso.com\/ajuda\/"},{"@type":"ListItem","position":2,"name":"Venda"}]},{"@type":"WebSite","@id":"https:\/\/oimpresso.com\/ajuda\/#website","url":"https:\/\/oimpresso.com\/ajuda\/","name":"Office Impresso","description":"Portal de Ajuda","publisher":{"@id":"https:\/\/oimpresso.com\/ajuda\/#organization"},"potentialAction":[{"@type":"SearchAction","target":{"@type":"EntryPoint","urlTemplate":"https:\/\/oimpresso.com\/ajuda\/?s={search_term_string}"},"query-input":"required name=search_term_string"}],"inLanguage":"pt-BR"},{"@type":"Organization","@id":"https:\/\/oimpresso.com\/ajuda\/#organization","name":"Office Impresso","url":"https:\/\/oimpresso.com\/ajuda\/","logo":{"@type":"ImageObject","inLanguage":"pt-BR","@id":"https:\/\/oimpresso.com\/ajuda\/#\/schema\/logo\/image\/","url":"https:\/\/oimpresso.com\/ajuda\/wp-content\/uploads\/2023\/04\/LOGO-PRETA-Office-Impresso-e1680706829226.png","contentUrl":"https:\/\/oimpresso.com\/ajuda\/wp-content\/uploads\/2023\/04\/LOGO-PRETA-Office-Impresso-e1680706829226.png","width":275,"height":77,"caption":"Office Impresso"},"image":{"@id":"https:\/\/oimpresso.com\/ajuda\/#\/schema\/logo\/image\/"}}]}},"_links":{"self":[{"href":"https:\/\/oimpresso.com\/ajuda\/wp-json\/wp\/v2\/pages\/7685"}],"collection":[{"href":"https:\/\/oimpresso.com\/ajuda\/wp-json\/wp\/v2\/pages"}],"about":[{"href":"https:\/\/oimpresso.com\/ajuda\/wp-json\/wp\/v2\/types\/page"}],"author":[{"embeddable":true,"href":"https:\/\/oimpresso.com\/ajuda\/wp-json\/wp\/v2\/users\/1"}],"replies":[{"embeddable":true,"href":"https:\/\/oimpresso.com\/ajuda\/wp-json\/wp\/v2\/comments?post=7685"}],"version-history":[{"count":21,"href":"https:\/\/oimpresso.com\/ajuda\/wp-json\/wp\/v2\/pages\/7685\/revisions"}],"predecessor-version":[{"id":10950,"href":"https:\/\/oimpresso.com\/ajuda\/wp-json\/wp\/v2\/pages\/7685\/revisions\/10950"}],"wp:attachment":[{"href":"https:\/\/oimpresso.com\/ajuda\/wp-json\/wp\/v2\/media?parent=7685"}],"curies":[{"name":"wp","href":"https:\/\/api.w.org\/{rel}","templated":true}]}}