{"id":6623,"date":"2022-08-18T16:09:17","date_gmt":"2022-08-18T19:09:17","guid":{"rendered":"https:\/\/oimpresso.com\/ajuda\/?page_id=6623"},"modified":"2023-04-26T14:59:37","modified_gmt":"2023-04-26T17:59:37","slug":"modulo-producao","status":"publish","type":"page","link":"https:\/\/oimpresso.com\/ajuda\/modulo-producao\/","title":{"rendered":"Produ\u00e7\u00e3o"},"content":{"rendered":"<p>[vc_row full_width=&#8221;stretch_row_content&#8221; css=&#8221;.vc_custom_1676920898231{margin-top: -70px !important;padding-bottom: 50px !important;background-position: center !important;background-repeat: no-repeat !important;background-size: cover !important;}&#8221;][vc_column css=&#8221;.vc_custom_1678882784926{background-image: url(https:\/\/oimpresso.com\/ajuda\/wp-content\/uploads\/2023\/03\/Producao.jpg?id=9827) !important;background-position: center !important;background-repeat: no-repeat !important;background-size: cover !important;}&#8221; offset=&#8221;vc_hidden-md vc_hidden-sm vc_hidden-xs&#8221;][vc_column_text css=&#8221;.vc_custom_1680631515211{padding-left: 50px !important;}&#8221;]<\/p>\n<h1 style=\"color: #474747;\" id=\"producao\" >Produ\u00e7\u00e3o<\/h1>\n<p>[\/vc_column_text][vc_column_text css=&#8221;.vc_custom_1680631592408{padding-right: 650px !important;padding-left: 50px !important;}&#8221;]<\/p>\n<p style=\"font-size: 25px; color: #575757;\">Voc\u00ea est\u00e1 cansado de se preocupar com o gerenciamento de produ\u00e7\u00e3o em sua empresa?<\/p>\n<p style=\"color: #676767;\">O <strong>Office Impresso<\/strong> veio para descomplicar essa tarefa para voc\u00ea!<\/p>\n<p>[\/vc_column_text][vc_column_text css=&#8221;.vc_custom_1680198662738{padding-left: 50px !important;}&#8221;]<a class=\"fancybox-iframe\" style=\"display: flex; align-items: center; justify-content: center; width: 100%; max-width: 200px; height: 45px; border-radius: 25px; background: #80387B; background-image: linear-gradient(to bottom, #80387B, #CF61CA); border: none; color: #ffffff; font-size: 16px; cursor: pointer; text-align: center; text-decoration: none;\" href=\"https:\/\/oimpresso.com\/ajuda\/solicitar-proposta\/\">Solicitar Proposta<\/a>[\/vc_column_text][vc_empty_space height=&#8221;100&#8243;][\/vc_column][\/vc_row][vc_row full_width=&#8221;stretch_row_content&#8221; css=&#8221;.vc_custom_1676921146248{margin-top: -20px !important;padding-bottom: 50px !important;background-position: center !important;background-repeat: no-repeat !important;background-size: cover !important;}&#8221;][vc_column css=&#8221;.vc_custom_1678882811721{background-image: url(https:\/\/oimpresso.com\/ajuda\/wp-content\/uploads\/2023\/03\/Producao.jpg?id=9827) !important;background-position: center !important;background-repeat: no-repeat !important;background-size: cover !important;}&#8221; offset=&#8221;vc_hidden-lg vc_hidden-sm vc_hidden-xs&#8221;][vc_column_text css=&#8221;.vc_custom_1680631515211{padding-left: 50px !important;}&#8221;]<\/p>\n<h1 style=\"color: #474747;\" id=\"producao\" >Produ\u00e7\u00e3o<\/h1>\n<p>[\/vc_column_text][vc_column_text css=&#8221;.vc_custom_1680631592408{padding-right: 650px !important;padding-left: 50px !important;}&#8221;]<\/p>\n<p style=\"font-size: 25px; color: #575757;\">Voc\u00ea est\u00e1 cansado de se preocupar com o gerenciamento de produ\u00e7\u00e3o em sua empresa?<\/p>\n<p style=\"color: #676767;\">O <strong>Office Impresso<\/strong> veio para descomplicar essa tarefa para voc\u00ea!<\/p>\n<p>[\/vc_column_text][vc_column_text css=&#8221;.vc_custom_1680198623351{padding-left: 50px !important;}&#8221;]<a class=\"fancybox-iframe\" style=\"display: flex; align-items: center; justify-content: center; width: 100%; max-width: 200px; height: 45px; border-radius: 25px; background: #80387B; background-image: linear-gradient(to bottom, #80387B, #CF61CA); border: none; color: #ffffff; font-size: 16px; cursor: pointer; text-align: center; text-decoration: none;\" href=\"https:\/\/oimpresso.com\/ajuda\/solicitar-proposta\/\">Solicitar Proposta<\/a>[\/vc_column_text][vc_empty_space height=&#8221;100&#8243;][\/vc_column][\/vc_row][vc_row full_width=&#8221;stretch_row_content&#8221; css=&#8221;.vc_custom_1676921326147{margin-top: -65px !important;padding-bottom: 50px !important;background-position: center !important;background-repeat: no-repeat !important;background-size: cover !important;}&#8221;][vc_column css=&#8221;.vc_custom_1676921921382{background-position: center !important;background-repeat: no-repeat !important;background-size: cover !important;}&#8221; offset=&#8221;vc_hidden-lg vc_hidden-md vc_col-xs-12&#8243;][vc_column_text css=&#8221;.vc_custom_1680631686343{padding-right: 50px !important;padding-left: 50px !important;}&#8221;]<\/p>\n<h1 style=\"text-align: center; color: #474747;\" id=\"producao\" >Produ\u00e7\u00e3o<\/h1>\n<p>[\/vc_column_text][vc_column_text css=&#8221;.vc_custom_1680631663094{padding-right: 10px !important;padding-left: 10px !important;}&#8221;]<\/p>\n<p style=\"font-size: 25px; text-align: center; color: #575757;\">Voc\u00ea est\u00e1 cansado de se preocupar com o gerenciamento de produ\u00e7\u00e3o em sua empresa?<\/p>\n<p style=\"color: #676767; text-align: center;\">O <strong>Office Impresso<\/strong> veio para descomplicar essa tarefa para voc\u00ea!<\/p>\n<p>[\/vc_column_text][vc_column_text css=&#8221;.vc_custom_1680198639917{margin-top: 20px !important;}&#8221;]<a style=\"width: 190px; height: 45px; border-radius: 25px; background: #80387B; background-image: linear-gradient(to bottom, #80387B, #CF61CA); border: none; color: #ffffff; font-size: 16px; cursor: pointer; display: flex; justify-content: center; align-items: center; margin: 0 auto; text-decoration: none;\" href=\"https:\/\/oimpresso.com\/ajuda\/solicitar-proposta\/;\">Solicitar Proposta<\/a>[\/vc_column_text][\/vc_column][vc_column offset=&#8221;vc_hidden-lg vc_hidden-md vc_col-xs-12&#8243; css=&#8221;.vc_custom_1678882828503{background-image: url(https:\/\/oimpresso.com\/ajuda\/wp-content\/uploads\/2023\/03\/Producao-Mobile.jpg?id=9828) !important;background-position: center !important;background-repeat: no-repeat !important;background-size: cover !important;}&#8221;][vc_empty_space height=&#8221;250&#8243;][\/vc_column][\/vc_row][vc_row full_width=&#8221;stretch_row_content&#8221; content_placement=&#8221;middle&#8221;][vc_column offset=&#8221;vc_hidden-sm vc_col-xs-12 vc_hidden-xs&#8221;][vc_column_text css=&#8221;.vc_custom_1680631711613{padding-right: 50px !important;padding-left: 50px !important;}&#8221;]<\/p>\n<h2 style=\"text-align: center; color: #474747;\" id=\"o-office-impresso-descomplica-o-gerenciamento-de-suas-producoes\" >O Office Impresso descomplica o gerenciamento de suas produ\u00e7\u00f5es<\/h2>\n<p>[\/vc_column_text][\/vc_column][vc_column offset=&#8221;vc_hidden-lg vc_hidden-md vc_col-xs-12&#8243;][vc_column_text css=&#8221;.vc_custom_1680631731551{padding-right: 10px !important;padding-left: 10px !important;}&#8221;]<\/p>\n<h2 style=\"text-align: center; color: #474747;\" id=\"o-office-impresso-descomplica-o-gerenciamento-de-suas-producoes\" >O Office Impresso descomplica o gerenciamento de suas produ\u00e7\u00f5es<\/h2>\n<p>[\/vc_column_text][vc_separator][\/vc_column][\/vc_row][vc_row full_width=&#8221;stretch_row_content&#8221; equal_height=&#8221;yes&#8221; css=&#8221;.vc_custom_1676920017047{background-color: #ffffff !important;}&#8221;][vc_column offset=&#8221;vc_hidden-lg vc_hidden-md vc_col-xs-12&#8243;][vc_single_image image=&#8221;9744&#8243; img_size=&#8221;200&#215;200&#8243; alignment=&#8221;center&#8221; css=&#8221;.vc_custom_1678883099682{margin-bottom: -35px !important;padding-right: 50px !important;padding-left: 50px !important;}&#8221;][vc_column_text css=&#8221;.vc_custom_1680631756901{padding-top: 25px !important;padding-right: 10px !important;padding-bottom: 25px !important;padding-left: 10px !important;}&#8221;]<\/p>\n<h1 style=\"font-size: 25px; text-align: center; line-height: 35px; color: #474747;\" id=\"aumente-a-produtividade-da-sua-empresa\" >Aumente a produtividade da sua empresa<\/h1>\n<p style=\"text-align: center; color: #676767;\">Com o <strong>Office Impresso <\/strong>crie situa\u00e7\u00f5es, setores e a\u00e7\u00f5es para auxiliar na identifica\u00e7\u00e3o e controle dos processos, desta maneira podendo detectar os causadores de atrasos em suas ordens de servi\u00e7o e tomar as a\u00e7\u00f5es necess\u00e1rias para melhorar a produtividade de sua empresa.<\/p>\n<p>[\/vc_column_text][\/vc_column][vc_column offset=&#8221;vc_hidden-lg vc_hidden-md vc_col-xs-12&#8243; css=&#8221;.vc_custom_1676920219749{background-color: #f4f4f4 !important;}&#8221;][vc_single_image image=&#8221;9779&#8243; img_size=&#8221;200&#215;200&#8243; alignment=&#8221;center&#8221; css=&#8221;.vc_custom_1678883259936{margin-bottom: -20px !important;padding-right: 50px !important;padding-left: 50px !important;}&#8221;][vc_column_text css=&#8221;.vc_custom_1680631782782{padding-top: 25px !important;padding-right: 10px !important;padding-bottom: 25px !important;padding-left: 10px !important;}&#8221;]<\/p>\n<h1 style=\"font-size: 25px; text-align: center; line-height: 35px; color: #474747;\" id=\"gerencie-seus-projetos-com-facilidade\" >Gerencie seus projetos com facilidade<\/h1>\n<p style=\"text-align: center; color: #676767;\">Com o <strong>Office Impresso <\/strong>elabore seus projetos, indique os equipamentos a serem utilizados e defina quais ser\u00e3o os est\u00e1gios de produ\u00e7\u00e3o para determinar o fluxo do projeto, montando um planejamento eficiente que cumpra o prazo estabelecido.<\/p>\n<p>[\/vc_column_text][\/vc_column][\/vc_row][vc_row full_width=&#8221;stretch_row_content&#8221;][vc_column width=&#8221;1\/3&#8243; offset=&#8221;vc_hidden-sm vc_hidden-xs&#8221;][vc_single_image image=&#8221;9744&#8243; img_size=&#8221;200&#215;200&#8243; alignment=&#8221;center&#8221; css=&#8221;.vc_custom_1678883146417{margin-bottom: -20px !important;padding-right: 50px !important;padding-left: 50px !important;}&#8221;][vc_column_text]<\/p>\n<h1 style=\"font-size: 25px; text-align: center; line-height: 35px; color: #474747;\" id=\"aumente-a-produtividade-da-sua-empresa\" >Aumente a produtividade da sua empresa<\/h1>\n<p style=\"text-align: center; color: #676767;\">Com o <strong>Office Impresso <\/strong>crie situa\u00e7\u00f5es, setores e a\u00e7\u00f5es para auxiliar na identifica\u00e7\u00e3o e controle dos processos, desta maneira podendo detectar os causadores de atrasos em suas ordens de servi\u00e7o e tomar as a\u00e7\u00f5es necess\u00e1rias para melhorar a produtividade de sua empresa.<\/p>\n<p>[\/vc_column_text][\/vc_column][vc_column width=&#8221;1\/3&#8243; offset=&#8221;vc_hidden-sm vc_hidden-xs&#8221;][vc_empty_space height=&#8221;200&#8243; css=&#8221;.vc_custom_1678883329607{margin-top: -15px !important;}&#8221;][vc_column_text]<\/p>\n<ul style=\"color: #676767;\">\n<li>Cria\u00e7\u00e3o de ordens de produ\u00e7\u00e3o<\/li>\n<li>Defini\u00e7\u00e3o de equipe respons\u00e1vel pela produ\u00e7\u00e3o<\/li>\n<li>Acompanhamento do processo produtivo<\/li>\n<li>Gest\u00e3o de estoques de produtos<\/li>\n<li>Controle de tempo de produ\u00e7\u00e3o e prazos de entrega<\/li>\n<li>Identifica\u00e7\u00e3o de poss\u00edveis gargalos na produ\u00e7\u00e3o<\/li>\n<li>Otimiza\u00e7\u00e3o do fluxo de trabalho<\/li>\n<li>Aumento da efici\u00eancia da produ\u00e7\u00e3o<\/li>\n<li>Redu\u00e7\u00e3o dos custos operacionais da empresa.<\/li>\n<\/ul>\n<p>[\/vc_column_text][\/vc_column][vc_column width=&#8221;1\/3&#8243; offset=&#8221;vc_hidden-sm vc_hidden-xs&#8221;][vc_single_image image=&#8221;9779&#8243; img_size=&#8221;200&#215;200&#8243; alignment=&#8221;center&#8221; css=&#8221;.vc_custom_1678883259936{margin-bottom: -20px !important;padding-right: 50px !important;padding-left: 50px !important;}&#8221;][vc_column_text]<\/p>\n<h1 style=\"font-size: 25px; text-align: center; line-height: 35px; color: #474747;\" id=\"gerencie-seus-projetos-com-facilidade\" >Gerencie seus projetos com facilidade<\/h1>\n<p style=\"text-align: center; color: #676767;\">Com o <strong>Office Impresso <\/strong>elabore seus projetos, indique os equipamentos a serem utilizados e defina quais ser\u00e3o os est\u00e1gios de produ\u00e7\u00e3o para determinar o fluxo do projeto, montando um planejamento eficiente que cumpra o prazo estabelecido.<\/p>\n<p>[\/vc_column_text][\/vc_column][\/vc_row][vc_row full_width=&#8221;stretch_row_content&#8221;][vc_column offset=&#8221;vc_hidden-lg vc_hidden-md&#8221;][vc_column_text]<\/p>\n<ul style=\"color: #676767;\">\n<li style=\"text-align: left;\">Cria\u00e7\u00e3o de ordens de produ\u00e7\u00e3o<\/li>\n<li style=\"text-align: left;\">Defini\u00e7\u00e3o de equipe respons\u00e1vel pela produ\u00e7\u00e3o<\/li>\n<li style=\"text-align: left;\">Acompanhamento do processo produtivo<\/li>\n<li style=\"text-align: left;\">Gest\u00e3o de estoques de produtos<\/li>\n<li style=\"text-align: left;\">Controle de tempo de produ\u00e7\u00e3o e prazos de entrega<\/li>\n<li style=\"text-align: left;\">Identifica\u00e7\u00e3o de poss\u00edveis gargalos na produ\u00e7\u00e3o<\/li>\n<li style=\"text-align: left;\">Otimiza\u00e7\u00e3o do fluxo de trabalho<\/li>\n<li style=\"text-align: left;\">Aumento da efici\u00eancia da produ\u00e7\u00e3o<\/li>\n<li style=\"text-align: left;\">Redu\u00e7\u00e3o dos custos operacionais da empresa.<\/li>\n<\/ul>\n<p>[\/vc_column_text][\/vc_column][\/vc_row]<\/p>\n","protected":false},"excerpt":{"rendered":"<p>[vc_row full_width=&#8221;stretch_row_content&#8221; css=&#8221;.vc_custom_1676920898231{margin-top: -70px !important;padding-bottom: 50px !important;background-position: center !important;background-repeat: no-repeat !important;background-size: cover !important;}&#8221;][vc_column css=&#8221;.vc_custom_1678882784926{background-image: url(https:\/\/oimpresso.com\/ajuda\/wp-content\/uploads\/2023\/03\/Producao.jpg?id=9827) !important;background-position: center !important;background-repeat: no-repeat !important;background-size: cover !important;}&#8221; offset=&#8221;vc_hidden-md vc_hidden-sm vc_hidden-xs&#8221;][vc_column_text css=&#8221;.vc_custom_1680631515211{padding-left: 50px !important;}&#8221;] Produ\u00e7\u00e3o [\/vc_column_text][vc_column_text css=&#8221;.vc_custom_1680631592408{padding-right: 650px !important;padding-left: 50px !important;}&#8221;] Voc\u00ea est\u00e1 cansado de se preocupar com o gerenciamento de produ\u00e7\u00e3o em sua empresa? O Office Impresso veio para descomplicar &hellip; <a href=\"https:\/\/oimpresso.com\/ajuda\/modulo-producao\/\">Continued<\/a><\/p>\n","protected":false},"author":8,"featured_media":0,"parent":0,"menu_order":0,"comment_status":"closed","ping_status":"closed","template":"","meta":{"_bbp_topic_count":0,"_bbp_reply_count":0,"_bbp_total_topic_count":0,"_bbp_total_reply_count":0,"_bbp_voice_count":0,"_bbp_anonymous_reply_count":0,"_bbp_topic_count_hidden":0,"_bbp_reply_count_hidden":0,"_bbp_forum_subforum_count":0,"om_disable_all_campaigns":false,"_mi_skip_tracking":false},"yoast_head":"<!-- This site is optimized with the Yoast SEO plugin v20.5 - https:\/\/yoast.com\/wordpress\/plugins\/seo\/ -->\n<title>Produ\u00e7\u00e3o<\/title>\n<meta name=\"robots\" content=\"index, follow, max-snippet:-1, max-image-preview:large, max-video-preview:-1\" \/>\n<link rel=\"canonical\" href=\"https:\/\/oimpresso.com\/ajuda\/modulo-producao\/\" \/>\n<meta property=\"og:locale\" content=\"pt_BR\" \/>\n<meta property=\"og:type\" content=\"article\" \/>\n<meta property=\"og:title\" content=\"Produ\u00e7\u00e3o\" \/>\n<meta property=\"og:description\" content=\"[vc_row full_width=&#8221;stretch_row_content&#8221; css=&#8221;.vc_custom_1676920898231{margin-top: -70px !important;padding-bottom: 50px !important;background-position: center !important;background-repeat: no-repeat !important;background-size: cover !important;}&#8221;][vc_column css=&#8221;.vc_custom_1678882784926{background-image: url(https:\/\/oimpresso.com\/ajuda\/wp-content\/uploads\/2023\/03\/Producao.jpg?id=9827) !important;background-position: center !important;background-repeat: no-repeat !important;background-size: cover !important;}&#8221; offset=&#8221;vc_hidden-md vc_hidden-sm vc_hidden-xs&#8221;][vc_column_text css=&#8221;.vc_custom_1680631515211{padding-left: 50px !important;}&#8221;] Produ\u00e7\u00e3o [\/vc_column_text][vc_column_text css=&#8221;.vc_custom_1680631592408{padding-right: 650px !important;padding-left: 50px !important;}&#8221;] Voc\u00ea est\u00e1 cansado de se preocupar com o gerenciamento de produ\u00e7\u00e3o em sua empresa? O Office Impresso veio para descomplicar &hellip; Continued\" \/>\n<meta property=\"og:url\" content=\"https:\/\/oimpresso.com\/ajuda\/modulo-producao\/\" \/>\n<meta property=\"og:site_name\" content=\"Office Impresso\" \/>\n<meta property=\"article:modified_time\" content=\"2023-04-26T17:59:37+00:00\" \/>\n<meta name=\"twitter:card\" content=\"summary_large_image\" \/>\n<meta name=\"twitter:label1\" content=\"Est. tempo de leitura\" \/>\n\t<meta name=\"twitter:data1\" content=\"6 minutos\" \/>\n<script type=\"application\/ld+json\" class=\"yoast-schema-graph\">{\"@context\":\"https:\/\/schema.org\",\"@graph\":[{\"@type\":\"WebPage\",\"@id\":\"https:\/\/oimpresso.com\/ajuda\/modulo-producao\/\",\"url\":\"https:\/\/oimpresso.com\/ajuda\/modulo-producao\/\",\"name\":\"Produ\u00e7\u00e3o\",\"isPartOf\":{\"@id\":\"https:\/\/oimpresso.com\/ajuda\/#website\"},\"datePublished\":\"2022-08-18T19:09:17+00:00\",\"dateModified\":\"2023-04-26T17:59:37+00:00\",\"breadcrumb\":{\"@id\":\"https:\/\/oimpresso.com\/ajuda\/modulo-producao\/#breadcrumb\"},\"inLanguage\":\"pt-BR\",\"potentialAction\":[{\"@type\":\"ReadAction\",\"target\":[\"https:\/\/oimpresso.com\/ajuda\/modulo-producao\/\"]}]},{\"@type\":\"BreadcrumbList\",\"@id\":\"https:\/\/oimpresso.com\/ajuda\/modulo-producao\/#breadcrumb\",\"itemListElement\":[{\"@type\":\"ListItem\",\"position\":1,\"name\":\"In\u00edcio\",\"item\":\"https:\/\/oimpresso.com\/ajuda\/\"},{\"@type\":\"ListItem\",\"position\":2,\"name\":\"Produ\u00e7\u00e3o\"}]},{\"@type\":\"WebSite\",\"@id\":\"https:\/\/oimpresso.com\/ajuda\/#website\",\"url\":\"https:\/\/oimpresso.com\/ajuda\/\",\"name\":\"Office Impresso\",\"description\":\"Portal de Ajuda\",\"publisher\":{\"@id\":\"https:\/\/oimpresso.com\/ajuda\/#organization\"},\"potentialAction\":[{\"@type\":\"SearchAction\",\"target\":{\"@type\":\"EntryPoint\",\"urlTemplate\":\"https:\/\/oimpresso.com\/ajuda\/?s={search_term_string}\"},\"query-input\":\"required name=search_term_string\"}],\"inLanguage\":\"pt-BR\"},{\"@type\":\"Organization\",\"@id\":\"https:\/\/oimpresso.com\/ajuda\/#organization\",\"name\":\"Office Impresso\",\"url\":\"https:\/\/oimpresso.com\/ajuda\/\",\"logo\":{\"@type\":\"ImageObject\",\"inLanguage\":\"pt-BR\",\"@id\":\"https:\/\/oimpresso.com\/ajuda\/#\/schema\/logo\/image\/\",\"url\":\"https:\/\/oimpresso.com\/ajuda\/wp-content\/uploads\/2023\/04\/LOGO-PRETA-Office-Impresso-e1680706829226.png\",\"contentUrl\":\"https:\/\/oimpresso.com\/ajuda\/wp-content\/uploads\/2023\/04\/LOGO-PRETA-Office-Impresso-e1680706829226.png\",\"width\":275,\"height\":77,\"caption\":\"Office Impresso\"},\"image\":{\"@id\":\"https:\/\/oimpresso.com\/ajuda\/#\/schema\/logo\/image\/\"}}]}<\/script>\n<!-- \/ Yoast SEO plugin. -->","yoast_head_json":{"title":"Produ\u00e7\u00e3o","robots":{"index":"index","follow":"follow","max-snippet":"max-snippet:-1","max-image-preview":"max-image-preview:large","max-video-preview":"max-video-preview:-1"},"canonical":"https:\/\/oimpresso.com\/ajuda\/modulo-producao\/","og_locale":"pt_BR","og_type":"article","og_title":"Produ\u00e7\u00e3o","og_description":"[vc_row full_width=&#8221;stretch_row_content&#8221; css=&#8221;.vc_custom_1676920898231{margin-top: -70px !important;padding-bottom: 50px !important;background-position: center !important;background-repeat: no-repeat !important;background-size: cover !important;}&#8221;][vc_column css=&#8221;.vc_custom_1678882784926{background-image: url(https:\/\/oimpresso.com\/ajuda\/wp-content\/uploads\/2023\/03\/Producao.jpg?id=9827) !important;background-position: center !important;background-repeat: no-repeat !important;background-size: cover !important;}&#8221; offset=&#8221;vc_hidden-md vc_hidden-sm vc_hidden-xs&#8221;][vc_column_text css=&#8221;.vc_custom_1680631515211{padding-left: 50px !important;}&#8221;] Produ\u00e7\u00e3o [\/vc_column_text][vc_column_text css=&#8221;.vc_custom_1680631592408{padding-right: 650px !important;padding-left: 50px !important;}&#8221;] Voc\u00ea est\u00e1 cansado de se preocupar com o gerenciamento de produ\u00e7\u00e3o em sua empresa? O Office Impresso veio para descomplicar &hellip; Continued","og_url":"https:\/\/oimpresso.com\/ajuda\/modulo-producao\/","og_site_name":"Office Impresso","article_modified_time":"2023-04-26T17:59:37+00:00","twitter_card":"summary_large_image","twitter_misc":{"Est. tempo de leitura":"6 minutos"},"schema":{"@context":"https:\/\/schema.org","@graph":[{"@type":"WebPage","@id":"https:\/\/oimpresso.com\/ajuda\/modulo-producao\/","url":"https:\/\/oimpresso.com\/ajuda\/modulo-producao\/","name":"Produ\u00e7\u00e3o","isPartOf":{"@id":"https:\/\/oimpresso.com\/ajuda\/#website"},"datePublished":"2022-08-18T19:09:17+00:00","dateModified":"2023-04-26T17:59:37+00:00","breadcrumb":{"@id":"https:\/\/oimpresso.com\/ajuda\/modulo-producao\/#breadcrumb"},"inLanguage":"pt-BR","potentialAction":[{"@type":"ReadAction","target":["https:\/\/oimpresso.com\/ajuda\/modulo-producao\/"]}]},{"@type":"BreadcrumbList","@id":"https:\/\/oimpresso.com\/ajuda\/modulo-producao\/#breadcrumb","itemListElement":[{"@type":"ListItem","position":1,"name":"In\u00edcio","item":"https:\/\/oimpresso.com\/ajuda\/"},{"@type":"ListItem","position":2,"name":"Produ\u00e7\u00e3o"}]},{"@type":"WebSite","@id":"https:\/\/oimpresso.com\/ajuda\/#website","url":"https:\/\/oimpresso.com\/ajuda\/","name":"Office Impresso","description":"Portal de Ajuda","publisher":{"@id":"https:\/\/oimpresso.com\/ajuda\/#organization"},"potentialAction":[{"@type":"SearchAction","target":{"@type":"EntryPoint","urlTemplate":"https:\/\/oimpresso.com\/ajuda\/?s={search_term_string}"},"query-input":"required name=search_term_string"}],"inLanguage":"pt-BR"},{"@type":"Organization","@id":"https:\/\/oimpresso.com\/ajuda\/#organization","name":"Office Impresso","url":"https:\/\/oimpresso.com\/ajuda\/","logo":{"@type":"ImageObject","inLanguage":"pt-BR","@id":"https:\/\/oimpresso.com\/ajuda\/#\/schema\/logo\/image\/","url":"https:\/\/oimpresso.com\/ajuda\/wp-content\/uploads\/2023\/04\/LOGO-PRETA-Office-Impresso-e1680706829226.png","contentUrl":"https:\/\/oimpresso.com\/ajuda\/wp-content\/uploads\/2023\/04\/LOGO-PRETA-Office-Impresso-e1680706829226.png","width":275,"height":77,"caption":"Office Impresso"},"image":{"@id":"https:\/\/oimpresso.com\/ajuda\/#\/schema\/logo\/image\/"}}]}},"_links":{"self":[{"href":"https:\/\/oimpresso.com\/ajuda\/wp-json\/wp\/v2\/pages\/6623"}],"collection":[{"href":"https:\/\/oimpresso.com\/ajuda\/wp-json\/wp\/v2\/pages"}],"about":[{"href":"https:\/\/oimpresso.com\/ajuda\/wp-json\/wp\/v2\/types\/page"}],"author":[{"embeddable":true,"href":"https:\/\/oimpresso.com\/ajuda\/wp-json\/wp\/v2\/users\/8"}],"replies":[{"embeddable":true,"href":"https:\/\/oimpresso.com\/ajuda\/wp-json\/wp\/v2\/comments?post=6623"}],"version-history":[{"count":24,"href":"https:\/\/oimpresso.com\/ajuda\/wp-json\/wp\/v2\/pages\/6623\/revisions"}],"predecessor-version":[{"id":10936,"href":"https:\/\/oimpresso.com\/ajuda\/wp-json\/wp\/v2\/pages\/6623\/revisions\/10936"}],"wp:attachment":[{"href":"https:\/\/oimpresso.com\/ajuda\/wp-json\/wp\/v2\/media?parent=6623"}],"curies":[{"name":"wp","href":"https:\/\/api.w.org\/{rel}","templated":true}]}}