{"id":6365,"date":"2022-08-17T08:09:58","date_gmt":"2022-08-17T11:09:58","guid":{"rendered":"https:\/\/oimpresso.com\/ajuda\/?page_id=6365"},"modified":"2023-04-26T15:06:36","modified_gmt":"2023-04-26T18:06:36","slug":"modulo-speed","status":"publish","type":"page","link":"https:\/\/oimpresso.com\/ajuda\/modulo-speed\/","title":{"rendered":"SPED"},"content":{"rendered":"<p>[vc_row full_width=&#8221;stretch_row_content&#8221; css=&#8221;.vc_custom_1676920898231{margin-top: -70px !important;padding-bottom: 50px !important;background-position: center !important;background-repeat: no-repeat !important;background-size: cover !important;}&#8221;][vc_column css=&#8221;.vc_custom_1680694768849{background-image: url(https:\/\/oimpresso.com\/ajuda\/wp-content\/uploads\/2023\/04\/SPED.png?id=10955) !important;background-position: center !important;background-repeat: no-repeat !important;background-size: cover !important;}&#8221; offset=&#8221;vc_hidden-md vc_hidden-sm vc_hidden-xs&#8221;][vc_column_text css=&#8221;.vc_custom_1680693151906{padding-left: 50px !important;}&#8221;]<\/p>\n<h1 style=\"color: #474747;\" id=\"sped\" >SPED<\/h1>\n<p>[\/vc_column_text][vc_column_text css=&#8221;.vc_custom_1680692780483{padding-right: 600px !important;padding-left: 50px !important;}&#8221;]<\/p>\n<p style=\"color: #575757; font-size: 25px;\">Conte com o Office Impresso para auxiliar na legaliza\u00e7\u00e3o de sua empresa!<\/p>\n<p>[\/vc_column_text][vc_column_text css=&#8221;.vc_custom_1680692827888{padding-right: 630px !important;padding-left: 50px !important;}&#8221;]<\/p>\n<p style=\"color: #676767;\">Atrav\u00e9s da integra\u00e7\u00e3o com o aplicativo SPED (Sistema Publico de Escritura\u00e7\u00e3o Digital) \u00e9 poss\u00edvel simplificar a gera\u00e7\u00e3o de relat\u00f3rios a partir de todas as notas de entrada e sa\u00edda, ou seja, abrangendo impostos federais, estaduais e municipais. A padronizando dessas informa\u00e7\u00f5es visa facilitar o processo de fiscaliza\u00e7\u00e3o para o cumprimento das obriga\u00e7\u00f5es fiscais atrav\u00e9s dos m\u00f3dulos que constituem o SPED, sendo alguns deles:<\/p>\n<p>[\/vc_column_text][vc_column_text css=&#8221;.vc_custom_1680695581344{padding-left: 50px !important;}&#8221;]<\/p>\n<p style=\"color: #676767;\">&#8211; Escritura\u00e7\u00e3o Fiscal Digital (EFD)<br \/>\n&#8211; Escritura\u00e7\u00e3o Cont\u00e1bil Digital (ECD)<br \/>\n&#8211; Escritura\u00e7\u00e3o Cont\u00e1bil Fiscal (ECF)<br \/>\n&#8211; Conhecimento de Transporte Eletr\u00f4nico (CT-e)<br \/>\n&#8211; e-Financeira<br \/>\n&#8211; eSocial<br \/>\n&#8211; Nota Fiscal Eletr\u00f4nica (NF-e)<br \/>\n&#8211; Nota Fiscal de Servi\u00e7os Eletr\u00f4nica (NFS-e)<br \/>\n&#8211; Nota Fiscal do Consumidor Eletr\u00f4nica (NFC-e).<\/p>\n<p>[\/vc_column_text][\/vc_column][\/vc_row][vc_row full_width=&#8221;stretch_row_content&#8221; css=&#8221;.vc_custom_1680694810751{padding-left: 50px !important;}&#8221;][vc_column][\/vc_column][\/vc_row][vc_row full_width=&#8221;stretch_row_content&#8221; css=&#8221;.vc_custom_1676921146248{margin-top: -20px !important;padding-bottom: 50px !important;background-position: center !important;background-repeat: no-repeat !important;background-size: cover !important;}&#8221;][vc_column css=&#8221;.vc_custom_1680694952281{background-image: url(https:\/\/oimpresso.com\/ajuda\/wp-content\/uploads\/2023\/04\/SPED.png?id=10955) !important;background-position: center !important;background-repeat: no-repeat !important;background-size: cover !important;}&#8221; offset=&#8221;vc_hidden-lg vc_hidden-sm vc_hidden-xs&#8221;][vc_column_text css=&#8221;.vc_custom_1680693151906{padding-left: 50px !important;}&#8221;]<\/p>\n<h1 style=\"color: #474747;\" id=\"sped\" >SPED<\/h1>\n<p>[\/vc_column_text][vc_column_text css=&#8221;.vc_custom_1680692780483{padding-right: 600px !important;padding-left: 50px !important;}&#8221;]<\/p>\n<p style=\"color: #575757; font-size: 25px;\">Conte com o Office Impresso para auxiliar na legaliza\u00e7\u00e3o de sua empresa!<\/p>\n<p>[\/vc_column_text][vc_column_text css=&#8221;.vc_custom_1680692875960{padding-right: 600px !important;padding-left: 50px !important;}&#8221;]<\/p>\n<p style=\"color: #676767;\">Atrav\u00e9s da integra\u00e7\u00e3o com o aplicativo SPED (Sistema Publico de Escritura\u00e7\u00e3o Digital) \u00e9 poss\u00edvel simplificar a gera\u00e7\u00e3o de relat\u00f3rios a partir de todas as notas de entrada e sa\u00edda, ou seja, abrangendo impostos federais, estaduais e municipais. A padronizando dessas informa\u00e7\u00f5es visa facilitar o processo de fiscaliza\u00e7\u00e3o para o cumprimento das obriga\u00e7\u00f5es fiscais atrav\u00e9s dos m\u00f3dulos que constituem o SPED, sendo alguns deles:<\/p>\n<p>[\/vc_column_text][vc_column_text css=&#8221;.vc_custom_1680695558544{padding-left: 50px !important;}&#8221;]<\/p>\n<p style=\"color: #676767;\">&#8211; Escritura\u00e7\u00e3o Fiscal Digital (EFD)<br \/>\n&#8211; Escritura\u00e7\u00e3o Cont\u00e1bil Digital (ECD)<br \/>\n&#8211; Escritura\u00e7\u00e3o Cont\u00e1bil Fiscal (ECF)<br \/>\n&#8211; Conhecimento de Transporte Eletr\u00f4nico (CT-e)<br \/>\n&#8211; e-Financeira<br \/>\n&#8211; eSocial<br \/>\n&#8211; Nota Fiscal Eletr\u00f4nica (NF-e)<br \/>\n&#8211; Nota Fiscal de Servi\u00e7os Eletr\u00f4nica (NFS-e)<br \/>\n&#8211; Nota Fiscal do Consumidor Eletr\u00f4nica (NFC-e).<\/p>\n<p>[\/vc_column_text][\/vc_column][\/vc_row][vc_row full_width=&#8221;stretch_row_content&#8221; css=&#8221;.vc_custom_1676921326147{margin-top: -65px !important;padding-bottom: 50px !important;background-position: center !important;background-repeat: no-repeat !important;background-size: cover !important;}&#8221;][vc_column css=&#8221;.vc_custom_1676921921382{background-position: center !important;background-repeat: no-repeat !important;background-size: cover !important;}&#8221; offset=&#8221;vc_hidden-lg vc_hidden-md vc_col-xs-12&#8243;][vc_column_text css=&#8221;.vc_custom_1680693060780{padding-right: 50px !important;padding-left: 50px !important;}&#8221;]<\/p>\n<h1 style=\"text-align: center; color: #474747;\" id=\"sped\" >SPED<\/h1>\n<p>[\/vc_column_text][vc_column_text css=&#8221;.vc_custom_1680693108636{padding-right: 10px !important;padding-left: 10px !important;}&#8221;]<\/p>\n<p style=\"text-align: center; color: #575757; font-size: 25px;\">Conte com o Office Impresso para auxiliar na legaliza\u00e7\u00e3o de sua empresa!<\/p>\n<p>[\/vc_column_text][vc_column_text css=&#8221;.vc_custom_1680692912990{padding-right: 10px !important;padding-left: 10px !important;}&#8221;]<\/p>\n<p style=\"text-align: center; color: #676767;\">Atrav\u00e9s da integra\u00e7\u00e3o com o aplicativo SPED (Sistema Publico de Escritura\u00e7\u00e3o Digital) \u00e9 poss\u00edvel simplificar a gera\u00e7\u00e3o de relat\u00f3rios a partir de todas as notas de entrada e sa\u00edda, ou seja, abrangendo impostos federais, estaduais e municipais. A padronizando dessas informa\u00e7\u00f5es visa facilitar o processo de fiscaliza\u00e7\u00e3o para o cumprimento das obriga\u00e7\u00f5es fiscais atrav\u00e9s dos m\u00f3dulos que constituem o SPED, sendo alguns deles:<\/p>\n<p>[\/vc_column_text][vc_column_text]<\/p>\n<p style=\"text-align: center; color: #676767;\">&#8211; Escritura\u00e7\u00e3o Fiscal Digital (EFD)<br \/>\n&#8211; Escritura\u00e7\u00e3o Cont\u00e1bil Digital (ECD)<br \/>\n&#8211; Escritura\u00e7\u00e3o Cont\u00e1bil Fiscal (ECF)<br \/>\n&#8211; Conhecimento de Transporte Eletr\u00f4nico (CT-e)<br \/>\n&#8211; e-Financeira<br \/>\n&#8211; eSocial<br \/>\n&#8211; Nota Fiscal Eletr\u00f4nica (NF-e)<br \/>\n&#8211; Nota Fiscal de Servi\u00e7os Eletr\u00f4nica (NFS-e)<br \/>\n&#8211; Nota Fiscal do Consumidor Eletr\u00f4nica (NFC-e).<\/p>\n<p>[\/vc_column_text][\/vc_column][\/vc_row][vc_row full_width=&#8221;stretch_row_content&#8221;][vc_column css=&#8221;.vc_custom_1680695333894{background-image: url(https:\/\/oimpresso.com\/ajuda\/wp-content\/uploads\/2023\/04\/SPED-MOBILE.png?id=10954) !important;background-position: center !important;background-repeat: no-repeat !important;background-size: cover !important;}&#8221; offset=&#8221;vc_hidden-lg vc_hidden-md&#8221;][vc_empty_space height=&#8221;300&#8243;][\/vc_column][\/vc_row]<\/p>\n","protected":false},"excerpt":{"rendered":"<p>[vc_row full_width=&#8221;stretch_row_content&#8221; css=&#8221;.vc_custom_1676920898231{margin-top: -70px !important;padding-bottom: 50px !important;background-position: center !important;background-repeat: no-repeat !important;background-size: cover !important;}&#8221;][vc_column css=&#8221;.vc_custom_1680694768849{background-image: url(https:\/\/oimpresso.com\/ajuda\/wp-content\/uploads\/2023\/04\/SPED.png?id=10955) !important;background-position: center !important;background-repeat: no-repeat !important;background-size: cover !important;}&#8221; offset=&#8221;vc_hidden-md vc_hidden-sm vc_hidden-xs&#8221;][vc_column_text css=&#8221;.vc_custom_1680693151906{padding-left: 50px !important;}&#8221;] SPED [\/vc_column_text][vc_column_text css=&#8221;.vc_custom_1680692780483{padding-right: 600px !important;padding-left: 50px !important;}&#8221;] Conte com o Office Impresso para auxiliar na legaliza\u00e7\u00e3o de sua empresa! [\/vc_column_text][vc_column_text css=&#8221;.vc_custom_1680692827888{padding-right: 630px !important;padding-left: 50px !important;}&#8221;] Atrav\u00e9s da &hellip; <a href=\"https:\/\/oimpresso.com\/ajuda\/modulo-speed\/\">Continued<\/a><\/p>\n","protected":false},"author":1,"featured_media":0,"parent":0,"menu_order":0,"comment_status":"closed","ping_status":"closed","template":"","meta":{"_bbp_topic_count":0,"_bbp_reply_count":0,"_bbp_total_topic_count":0,"_bbp_total_reply_count":0,"_bbp_voice_count":0,"_bbp_anonymous_reply_count":0,"_bbp_topic_count_hidden":0,"_bbp_reply_count_hidden":0,"_bbp_forum_subforum_count":0,"om_disable_all_campaigns":false,"_mi_skip_tracking":false},"yoast_head":"<!-- This site is optimized with the Yoast SEO plugin v20.5 - https:\/\/yoast.com\/wordpress\/plugins\/seo\/ -->\n<title>SPED<\/title>\n<meta name=\"robots\" content=\"index, follow, max-snippet:-1, max-image-preview:large, max-video-preview:-1\" \/>\n<link rel=\"canonical\" href=\"https:\/\/oimpresso.com\/ajuda\/modulo-speed\/\" \/>\n<meta property=\"og:locale\" content=\"pt_BR\" \/>\n<meta property=\"og:type\" content=\"article\" \/>\n<meta property=\"og:title\" content=\"SPED\" \/>\n<meta property=\"og:description\" content=\"[vc_row full_width=&#8221;stretch_row_content&#8221; css=&#8221;.vc_custom_1676920898231{margin-top: -70px !important;padding-bottom: 50px !important;background-position: center !important;background-repeat: no-repeat !important;background-size: cover !important;}&#8221;][vc_column css=&#8221;.vc_custom_1680694768849{background-image: url(https:\/\/oimpresso.com\/ajuda\/wp-content\/uploads\/2023\/04\/SPED.png?id=10955) !important;background-position: center !important;background-repeat: no-repeat !important;background-size: cover !important;}&#8221; offset=&#8221;vc_hidden-md vc_hidden-sm vc_hidden-xs&#8221;][vc_column_text css=&#8221;.vc_custom_1680693151906{padding-left: 50px !important;}&#8221;] SPED [\/vc_column_text][vc_column_text css=&#8221;.vc_custom_1680692780483{padding-right: 600px !important;padding-left: 50px !important;}&#8221;] Conte com o Office Impresso para auxiliar na legaliza\u00e7\u00e3o de sua empresa! [\/vc_column_text][vc_column_text css=&#8221;.vc_custom_1680692827888{padding-right: 630px !important;padding-left: 50px !important;}&#8221;] Atrav\u00e9s da &hellip; Continued\" \/>\n<meta property=\"og:url\" content=\"https:\/\/oimpresso.com\/ajuda\/modulo-speed\/\" \/>\n<meta property=\"og:site_name\" content=\"Office Impresso\" \/>\n<meta property=\"article:modified_time\" content=\"2023-04-26T18:06:36+00:00\" \/>\n<meta name=\"twitter:card\" content=\"summary_large_image\" \/>\n<meta name=\"twitter:label1\" content=\"Est. tempo de leitura\" \/>\n\t<meta name=\"twitter:data1\" content=\"4 minutos\" \/>\n<script type=\"application\/ld+json\" class=\"yoast-schema-graph\">{\"@context\":\"https:\/\/schema.org\",\"@graph\":[{\"@type\":\"WebPage\",\"@id\":\"https:\/\/oimpresso.com\/ajuda\/modulo-speed\/\",\"url\":\"https:\/\/oimpresso.com\/ajuda\/modulo-speed\/\",\"name\":\"SPED\",\"isPartOf\":{\"@id\":\"https:\/\/oimpresso.com\/ajuda\/#website\"},\"datePublished\":\"2022-08-17T11:09:58+00:00\",\"dateModified\":\"2023-04-26T18:06:36+00:00\",\"breadcrumb\":{\"@id\":\"https:\/\/oimpresso.com\/ajuda\/modulo-speed\/#breadcrumb\"},\"inLanguage\":\"pt-BR\",\"potentialAction\":[{\"@type\":\"ReadAction\",\"target\":[\"https:\/\/oimpresso.com\/ajuda\/modulo-speed\/\"]}]},{\"@type\":\"BreadcrumbList\",\"@id\":\"https:\/\/oimpresso.com\/ajuda\/modulo-speed\/#breadcrumb\",\"itemListElement\":[{\"@type\":\"ListItem\",\"position\":1,\"name\":\"In\u00edcio\",\"item\":\"https:\/\/oimpresso.com\/ajuda\/\"},{\"@type\":\"ListItem\",\"position\":2,\"name\":\"SPED\"}]},{\"@type\":\"WebSite\",\"@id\":\"https:\/\/oimpresso.com\/ajuda\/#website\",\"url\":\"https:\/\/oimpresso.com\/ajuda\/\",\"name\":\"Office Impresso\",\"description\":\"Portal de Ajuda\",\"publisher\":{\"@id\":\"https:\/\/oimpresso.com\/ajuda\/#organization\"},\"potentialAction\":[{\"@type\":\"SearchAction\",\"target\":{\"@type\":\"EntryPoint\",\"urlTemplate\":\"https:\/\/oimpresso.com\/ajuda\/?s={search_term_string}\"},\"query-input\":\"required name=search_term_string\"}],\"inLanguage\":\"pt-BR\"},{\"@type\":\"Organization\",\"@id\":\"https:\/\/oimpresso.com\/ajuda\/#organization\",\"name\":\"Office Impresso\",\"url\":\"https:\/\/oimpresso.com\/ajuda\/\",\"logo\":{\"@type\":\"ImageObject\",\"inLanguage\":\"pt-BR\",\"@id\":\"https:\/\/oimpresso.com\/ajuda\/#\/schema\/logo\/image\/\",\"url\":\"https:\/\/oimpresso.com\/ajuda\/wp-content\/uploads\/2023\/04\/LOGO-PRETA-Office-Impresso-e1680706829226.png\",\"contentUrl\":\"https:\/\/oimpresso.com\/ajuda\/wp-content\/uploads\/2023\/04\/LOGO-PRETA-Office-Impresso-e1680706829226.png\",\"width\":275,\"height\":77,\"caption\":\"Office Impresso\"},\"image\":{\"@id\":\"https:\/\/oimpresso.com\/ajuda\/#\/schema\/logo\/image\/\"}}]}<\/script>\n<!-- \/ Yoast SEO plugin. -->","yoast_head_json":{"title":"SPED","robots":{"index":"index","follow":"follow","max-snippet":"max-snippet:-1","max-image-preview":"max-image-preview:large","max-video-preview":"max-video-preview:-1"},"canonical":"https:\/\/oimpresso.com\/ajuda\/modulo-speed\/","og_locale":"pt_BR","og_type":"article","og_title":"SPED","og_description":"[vc_row full_width=&#8221;stretch_row_content&#8221; css=&#8221;.vc_custom_1676920898231{margin-top: -70px !important;padding-bottom: 50px !important;background-position: center !important;background-repeat: no-repeat !important;background-size: cover !important;}&#8221;][vc_column css=&#8221;.vc_custom_1680694768849{background-image: url(https:\/\/oimpresso.com\/ajuda\/wp-content\/uploads\/2023\/04\/SPED.png?id=10955) !important;background-position: center !important;background-repeat: no-repeat !important;background-size: cover !important;}&#8221; offset=&#8221;vc_hidden-md vc_hidden-sm vc_hidden-xs&#8221;][vc_column_text css=&#8221;.vc_custom_1680693151906{padding-left: 50px !important;}&#8221;] SPED [\/vc_column_text][vc_column_text css=&#8221;.vc_custom_1680692780483{padding-right: 600px !important;padding-left: 50px !important;}&#8221;] Conte com o Office Impresso para auxiliar na legaliza\u00e7\u00e3o de sua empresa! [\/vc_column_text][vc_column_text css=&#8221;.vc_custom_1680692827888{padding-right: 630px !important;padding-left: 50px !important;}&#8221;] Atrav\u00e9s da &hellip; Continued","og_url":"https:\/\/oimpresso.com\/ajuda\/modulo-speed\/","og_site_name":"Office Impresso","article_modified_time":"2023-04-26T18:06:36+00:00","twitter_card":"summary_large_image","twitter_misc":{"Est. tempo de leitura":"4 minutos"},"schema":{"@context":"https:\/\/schema.org","@graph":[{"@type":"WebPage","@id":"https:\/\/oimpresso.com\/ajuda\/modulo-speed\/","url":"https:\/\/oimpresso.com\/ajuda\/modulo-speed\/","name":"SPED","isPartOf":{"@id":"https:\/\/oimpresso.com\/ajuda\/#website"},"datePublished":"2022-08-17T11:09:58+00:00","dateModified":"2023-04-26T18:06:36+00:00","breadcrumb":{"@id":"https:\/\/oimpresso.com\/ajuda\/modulo-speed\/#breadcrumb"},"inLanguage":"pt-BR","potentialAction":[{"@type":"ReadAction","target":["https:\/\/oimpresso.com\/ajuda\/modulo-speed\/"]}]},{"@type":"BreadcrumbList","@id":"https:\/\/oimpresso.com\/ajuda\/modulo-speed\/#breadcrumb","itemListElement":[{"@type":"ListItem","position":1,"name":"In\u00edcio","item":"https:\/\/oimpresso.com\/ajuda\/"},{"@type":"ListItem","position":2,"name":"SPED"}]},{"@type":"WebSite","@id":"https:\/\/oimpresso.com\/ajuda\/#website","url":"https:\/\/oimpresso.com\/ajuda\/","name":"Office Impresso","description":"Portal de Ajuda","publisher":{"@id":"https:\/\/oimpresso.com\/ajuda\/#organization"},"potentialAction":[{"@type":"SearchAction","target":{"@type":"EntryPoint","urlTemplate":"https:\/\/oimpresso.com\/ajuda\/?s={search_term_string}"},"query-input":"required name=search_term_string"}],"inLanguage":"pt-BR"},{"@type":"Organization","@id":"https:\/\/oimpresso.com\/ajuda\/#organization","name":"Office Impresso","url":"https:\/\/oimpresso.com\/ajuda\/","logo":{"@type":"ImageObject","inLanguage":"pt-BR","@id":"https:\/\/oimpresso.com\/ajuda\/#\/schema\/logo\/image\/","url":"https:\/\/oimpresso.com\/ajuda\/wp-content\/uploads\/2023\/04\/LOGO-PRETA-Office-Impresso-e1680706829226.png","contentUrl":"https:\/\/oimpresso.com\/ajuda\/wp-content\/uploads\/2023\/04\/LOGO-PRETA-Office-Impresso-e1680706829226.png","width":275,"height":77,"caption":"Office Impresso"},"image":{"@id":"https:\/\/oimpresso.com\/ajuda\/#\/schema\/logo\/image\/"}}]}},"_links":{"self":[{"href":"https:\/\/oimpresso.com\/ajuda\/wp-json\/wp\/v2\/pages\/6365"}],"collection":[{"href":"https:\/\/oimpresso.com\/ajuda\/wp-json\/wp\/v2\/pages"}],"about":[{"href":"https:\/\/oimpresso.com\/ajuda\/wp-json\/wp\/v2\/types\/page"}],"author":[{"embeddable":true,"href":"https:\/\/oimpresso.com\/ajuda\/wp-json\/wp\/v2\/users\/1"}],"replies":[{"embeddable":true,"href":"https:\/\/oimpresso.com\/ajuda\/wp-json\/wp\/v2\/comments?post=6365"}],"version-history":[{"count":7,"href":"https:\/\/oimpresso.com\/ajuda\/wp-json\/wp\/v2\/pages\/6365\/revisions"}],"predecessor-version":[{"id":10957,"href":"https:\/\/oimpresso.com\/ajuda\/wp-json\/wp\/v2\/pages\/6365\/revisions\/10957"}],"wp:attachment":[{"href":"https:\/\/oimpresso.com\/ajuda\/wp-json\/wp\/v2\/media?parent=6365"}],"curies":[{"name":"wp","href":"https:\/\/api.w.org\/{rel}","templated":true}]}}