{"id":6357,"date":"2022-08-17T08:07:24","date_gmt":"2022-08-17T11:07:24","guid":{"rendered":"https:\/\/oimpresso.com\/ajuda\/?page_id=6357"},"modified":"2023-04-26T15:05:48","modified_gmt":"2023-04-26T18:05:48","slug":"modulo-integracoes","status":"publish","type":"page","link":"https:\/\/oimpresso.com\/ajuda\/modulo-integracoes\/","title":{"rendered":"Integra\u00e7\u00f5es"},"content":{"rendered":"<p>[vc_row full_width=&#8221;stretch_row_content&#8221; css=&#8221;.vc_custom_1676920898231{margin-top: -70px !important;padding-bottom: 50px !important;background-position: center !important;background-repeat: no-repeat !important;background-size: cover !important;}&#8221;][vc_column css=&#8221;.vc_custom_1680022271507{background-image: url(https:\/\/oimpresso.com\/ajuda\/wp-content\/uploads\/2023\/03\/banner-principal-5-1.jpg?id=9295) !important;background-position: center !important;background-repeat: no-repeat !important;background-size: cover !important;}&#8221; offset=&#8221;vc_hidden-md vc_hidden-sm vc_hidden-xs&#8221;][vc_column_text css=&#8221;.vc_custom_1678126859151{padding-left: 50px !important;}&#8221;]<\/p>\n<h1 id=\"integracoes\" >Integra\u00e7\u00f5es<\/h1>\n<p>[\/vc_column_text][vc_column_text css=&#8221;.vc_custom_1680281532183{padding-right: 600px !important;padding-left: 50px !important;}&#8221;]<\/p>\n<h3 id=\"buscando-por-um-software-que-integre-recursos-que-irao-auxiliar-no-cumprimento-das-obrigacoes-legais-de-sua-empresa-e-facilitar-a-rotina\" >Buscando por um software que integre recursos que ir\u00e3o auxiliar no cumprimento das obriga\u00e7\u00f5es legais de sua empresa e facilitar a rotina?<\/h3>\n<p><span style=\"color: #808080; font-size: 25px;\"> Ent\u00e3o o <strong>Office Impresso<\/strong> \u00e9 para voc\u00ea!<\/span><\/p>\n<p><a class=\"fancybox-iframe\" style=\"display: flex; align-items: center; justify-content: center; width: 100%; max-width: 200px; height: 45px; border-radius: 25px; background: #80387B; background-image: linear-gradient(to bottom, #80387B, #CF61CA); border: none; color: #ffffff; font-size: 16px; cursor: pointer; text-align: center; text-decoration: none;\" href=\"https:\/\/oimpresso.com\/ajuda\/solicitar-proposta\/\">Experimente Agora<\/a><\/p>\n<h3 id=\"precisando-gerar-o-ato-cotepe\" >Precisando gerar o Ato Cotepe?<\/h3>\n<p><span style=\"color: #808080; font-size: 25px;\">Fique tranquilo! A integra\u00e7\u00e3o com o <strong>PAF<\/strong> realiza a emiss\u00e3o do arquivo sem maiores complica\u00e7\u00f5es. E mais! As integra\u00e7\u00f5es com <strong>SPED<\/strong> e Sintegra permitem gerar os respectivos documentos em poucos minutos.<\/span><\/p>\n<h3 id=\"saindo-da-rotina-de-escritorio-para-trabalhar-em-casa\" >Saindo da rotina de escrit\u00f3rio para trabalhar em casa?<\/h3>\n<p><span style=\"color: #808080; font-size: 25px;\"> Atrav\u00e9s da integra\u00e7\u00e3o com a plataforma online \u00e9 poss\u00edvel executar todas as tarefas sem a necessidade de instala\u00e7\u00e3o do software, oferecendo a liberdade de poder acessar de onde e quando quiser.<\/span><\/p>\n<h3 id=\"precisando-de-uma-ajuda-para-executar-as-tarefas-dia-a-dia\" >Precisando de uma ajuda para executar as tarefas dia-a-dia?<\/h3>\n<p><span style=\"color: #808080; font-size: 25px;\"> Integrando o pacote de intelig\u00eancia \u00e9 poss\u00edvel efetuar a automatiza\u00e7\u00e3o e controle das tarefas atrav\u00e9s da ativa\u00e7\u00e3o de <strong>SLAs<\/strong> e dos indicadores de desempenho, garantindo que nenhum processo seja deixado para tr\u00e1s!<\/span>[\/vc_column_text][\/vc_column][\/vc_row][vc_row full_width=&#8221;stretch_row_content&#8221; css=&#8221;.vc_custom_1676921146248{margin-top: -20px !important;padding-bottom: 50px !important;background-position: center !important;background-repeat: no-repeat !important;background-size: cover !important;}&#8221;][vc_column css=&#8221;.vc_custom_1680022397744{background-image: url(https:\/\/oimpresso.com\/ajuda\/wp-content\/uploads\/2023\/03\/banner-principal-5-1.jpg?id=9295) !important;background-position: center !important;background-repeat: no-repeat !important;background-size: cover !important;}&#8221; offset=&#8221;vc_hidden-lg vc_hidden-sm vc_hidden-xs&#8221;][vc_column_text css=&#8221;.vc_custom_1678126991786{padding-left: 50px !important;}&#8221;]<\/p>\n<h1 style=\"text-align: left;\" id=\"integracoes\" >Integra\u00e7\u00f5es<\/h1>\n<p>[\/vc_column_text][vc_column_text css=&#8221;.vc_custom_1680281693279{padding-right: 600px !important;padding-left: 50px !important;}&#8221;]<\/p>\n<h3 id=\"buscando-por-um-software-que-integre-recursos-que-irao-auxiliar-no-cumprimento-das-obrigacoes-legais-de-sua-empresa-e-facilitar-a-rotina\" >Buscando por um software que integre recursos que ir\u00e3o auxiliar no cumprimento das obriga\u00e7\u00f5es legais de sua empresa e facilitar a rotina?<\/h3>\n<p><span style=\"color: #808080; font-size: 25px;\"> Ent\u00e3o o <strong>Office Impresso<\/strong> \u00e9 para voc\u00ea!<\/span><\/p>\n<p><a class=\"fancybox-iframe\" style=\"display: flex; align-items: center; justify-content: center; width: 100%; max-width: 200px; height: 45px; border-radius: 25px; background: #80387B; background-image: linear-gradient(to bottom, #80387B, #CF61CA); border: none; color: #ffffff; font-size: 16px; cursor: pointer; text-align: center; text-decoration: none;\" href=\"https:\/\/oimpresso.com\/ajuda\/solicitar-proposta\/\">Experimente Agora<\/a><\/p>\n<h3 id=\"precisando-gerar-o-ato-cotepe\" >Precisando gerar o Ato Cotepe?<\/h3>\n<p><span style=\"color: #808080; font-size: 25px;\">Fique tranquilo! A integra\u00e7\u00e3o com o <strong>PAF<\/strong> realiza a emiss\u00e3o do arquivo sem maiores complica\u00e7\u00f5es. E mais! As integra\u00e7\u00f5es com <strong>SPED<\/strong> e Sintegra permitem gerar os respectivos documentos em poucos minutos.<\/span><\/p>\n<h3 id=\"saindo-da-rotina-de-escritorio-para-trabalhar-em-casa\" >Saindo da rotina de escrit\u00f3rio para trabalhar em casa?<\/h3>\n<p><span style=\"color: #808080; font-size: 25px;\"> Atrav\u00e9s da integra\u00e7\u00e3o com a plataforma online \u00e9 poss\u00edvel executar todas as tarefas sem a necessidade de instala\u00e7\u00e3o do software, oferecendo a liberdade de poder acessar de onde e quando quiser.<\/span><\/p>\n<h3 id=\"precisando-de-uma-ajuda-para-executar-as-tarefas-dia-a-dia\" >Precisando de uma ajuda para executar as tarefas dia-a-dia?<\/h3>\n<p><span style=\"color: #808080; font-size: 25px;\"> Integrando o pacote de intelig\u00eancia \u00e9 poss\u00edvel efetuar a automatiza\u00e7\u00e3o e controle das tarefas atrav\u00e9s da ativa\u00e7\u00e3o de <strong>SLAs<\/strong> e dos indicadores de desempenho, garantindo que nenhum processo seja deixado para tr\u00e1s!<\/span>[\/vc_column_text][\/vc_column][\/vc_row][vc_row full_width=&#8221;stretch_row_content&#8221;][vc_column css=&#8221;.vc_custom_1680022831842{background-image: url(https:\/\/oimpresso.com\/ajuda\/wp-content\/uploads\/2023\/03\/Bloquinhos-Office-Impresso-2.png?id=10369) !important;background-position: center !important;background-repeat: no-repeat !important;background-size: cover !important;}&#8221; offset=&#8221;vc_hidden-lg vc_hidden-md&#8221;][vc_empty_space height=&#8221;300&#8243;][\/vc_column][\/vc_row][vc_row full_width=&#8221;stretch_row_content&#8221; css=&#8221;.vc_custom_1676921326147{margin-top: -65px !important;padding-bottom: 50px !important;background-position: center !important;background-repeat: no-repeat !important;background-size: cover !important;}&#8221;][vc_column css=&#8221;.vc_custom_1676921921382{background-position: center !important;background-repeat: no-repeat !important;background-size: cover !important;}&#8221; offset=&#8221;vc_hidden-lg vc_hidden-md vc_col-xs-12&#8243;][vc_column_text css=&#8221;.vc_custom_1678126984193{padding-right: 50px !important;padding-left: 50px !important;}&#8221;]<\/p>\n<h1 style=\"text-align: center;\" id=\"integracoes\" >Integra\u00e7\u00f5es<\/h1>\n<p>[\/vc_column_text][vc_column_text css=&#8221;.vc_custom_1680281802612{padding-right: 10px !important;padding-left: 10px !important;}&#8221;]<\/p>\n<h3 style=\"text-align: center;\" id=\"buscando-por-um-software-que-integre-recursos-que-irao-auxiliar-no-cumprimento-das-obrigacoes-legais-de-sua-empresa-e-facilitar-a-rotina\" >Buscando por um software que integre recursos que ir\u00e3o auxiliar no cumprimento das obriga\u00e7\u00f5es legais de sua empresa e facilitar a rotina?<\/h3>\n<p style=\"text-align: center;\"><span style=\"color: #808080; font-size: 25px;\"> Ent\u00e3o o <strong>Office Impresso<\/strong> \u00e9 para voc\u00ea!<\/span><\/p>\n<p><a style=\"width: 190px; height: 45px; border-radius: 25px; background: #80387B; background-image: linear-gradient(to bottom, #80387B, #CF61CA); border: none; color: #ffffff; font-size: 16px; cursor: pointer; display: flex; justify-content: center; align-items: center; margin: 0 auto; text-decoration: none;\" href=\"https:\/\/oimpresso.com\/ajuda\/solicitar-proposta\/;\">Experimente Agora<\/a><\/p>\n<h3 style=\"text-align: center;\" id=\"precisando-gerar-o-ato-cotepe\" >Precisando gerar o Ato Cotepe?<\/h3>\n<p style=\"text-align: center;\"><span style=\"color: #808080; font-size: 25px;\">Fique tranquilo! A integra\u00e7\u00e3o com o <strong>PAF<\/strong> realiza a emiss\u00e3o do arquivo sem maiores complica\u00e7\u00f5es. E mais! As integra\u00e7\u00f5es com <strong>SPED<\/strong> e Sintegra permitem gerar os respectivos documentos em poucos minutos.<\/span><\/p>\n<h3 style=\"text-align: center;\" id=\"saindo-da-rotina-de-escritorio-para-trabalhar-em-casa\" >Saindo da rotina de escrit\u00f3rio para trabalhar em casa?<\/h3>\n<p style=\"text-align: center;\"><span style=\"color: #808080; font-size: 25px;\"> Atrav\u00e9s da integra\u00e7\u00e3o com a plataforma online \u00e9 poss\u00edvel executar todas as tarefas sem a necessidade de instala\u00e7\u00e3o do software, oferecendo a liberdade de poder acessar de onde e quando quiser.<\/span><\/p>\n<h3 style=\"text-align: center;\" id=\"precisando-de-uma-ajuda-para-executar-as-tarefas-dia-a-dia\" >Precisando de uma ajuda para executar as tarefas dia-a-dia?<\/h3>\n<p style=\"text-align: center;\"><span style=\"color: #808080; font-size: 25px;\"> Integrando o pacote de intelig\u00eancia \u00e9 poss\u00edvel efetuar a automatiza\u00e7\u00e3o e controle das tarefas atrav\u00e9s da ativa\u00e7\u00e3o de <strong>SLAs<\/strong> e dos indicadores de desempenho, garantindo que nenhum processo seja deixado para tr\u00e1s!<\/span><\/p>\n<p>[\/vc_column_text][\/vc_column][\/vc_row]<\/p>\n","protected":false},"excerpt":{"rendered":"<p>[vc_row full_width=&#8221;stretch_row_content&#8221; css=&#8221;.vc_custom_1676920898231{margin-top: -70px !important;padding-bottom: 50px !important;background-position: center !important;background-repeat: no-repeat !important;background-size: cover !important;}&#8221;][vc_column css=&#8221;.vc_custom_1680022271507{background-image: url(https:\/\/oimpresso.com\/ajuda\/wp-content\/uploads\/2023\/03\/banner-principal-5-1.jpg?id=9295) !important;background-position: center !important;background-repeat: no-repeat !important;background-size: cover !important;}&#8221; offset=&#8221;vc_hidden-md vc_hidden-sm vc_hidden-xs&#8221;][vc_column_text css=&#8221;.vc_custom_1678126859151{padding-left: 50px !important;}&#8221;] Integra\u00e7\u00f5es [\/vc_column_text][vc_column_text css=&#8221;.vc_custom_1680281532183{padding-right: 600px !important;padding-left: 50px !important;}&#8221;] Buscando por um software que integre recursos que ir\u00e3o auxiliar no cumprimento das obriga\u00e7\u00f5es legais de sua empresa e facilitar &hellip; <a href=\"https:\/\/oimpresso.com\/ajuda\/modulo-integracoes\/\">Continued<\/a><\/p>\n","protected":false},"author":1,"featured_media":0,"parent":0,"menu_order":0,"comment_status":"closed","ping_status":"closed","template":"","meta":{"_bbp_topic_count":0,"_bbp_reply_count":0,"_bbp_total_topic_count":0,"_bbp_total_reply_count":0,"_bbp_voice_count":0,"_bbp_anonymous_reply_count":0,"_bbp_topic_count_hidden":0,"_bbp_reply_count_hidden":0,"_bbp_forum_subforum_count":0,"om_disable_all_campaigns":false,"_mi_skip_tracking":false},"yoast_head":"<!-- This site is optimized with the Yoast SEO plugin v20.5 - https:\/\/yoast.com\/wordpress\/plugins\/seo\/ -->\n<title>Integra\u00e7\u00f5es<\/title>\n<meta name=\"robots\" content=\"index, follow, max-snippet:-1, max-image-preview:large, max-video-preview:-1\" \/>\n<link rel=\"canonical\" href=\"https:\/\/oimpresso.com\/ajuda\/modulo-integracoes\/\" \/>\n<meta property=\"og:locale\" content=\"pt_BR\" \/>\n<meta property=\"og:type\" content=\"article\" \/>\n<meta property=\"og:title\" content=\"Integra\u00e7\u00f5es\" \/>\n<meta property=\"og:description\" content=\"[vc_row full_width=&#8221;stretch_row_content&#8221; css=&#8221;.vc_custom_1676920898231{margin-top: -70px !important;padding-bottom: 50px !important;background-position: center !important;background-repeat: no-repeat !important;background-size: cover !important;}&#8221;][vc_column css=&#8221;.vc_custom_1680022271507{background-image: url(https:\/\/oimpresso.com\/ajuda\/wp-content\/uploads\/2023\/03\/banner-principal-5-1.jpg?id=9295) !important;background-position: center !important;background-repeat: no-repeat !important;background-size: cover !important;}&#8221; offset=&#8221;vc_hidden-md vc_hidden-sm vc_hidden-xs&#8221;][vc_column_text css=&#8221;.vc_custom_1678126859151{padding-left: 50px !important;}&#8221;] Integra\u00e7\u00f5es [\/vc_column_text][vc_column_text css=&#8221;.vc_custom_1680281532183{padding-right: 600px !important;padding-left: 50px !important;}&#8221;] Buscando por um software que integre recursos que ir\u00e3o auxiliar no cumprimento das obriga\u00e7\u00f5es legais de sua empresa e facilitar &hellip; Continued\" \/>\n<meta property=\"og:url\" content=\"https:\/\/oimpresso.com\/ajuda\/modulo-integracoes\/\" \/>\n<meta property=\"og:site_name\" content=\"Office Impresso\" \/>\n<meta property=\"article:modified_time\" content=\"2023-04-26T18:05:48+00:00\" \/>\n<meta name=\"twitter:card\" content=\"summary_large_image\" \/>\n<meta name=\"twitter:label1\" content=\"Est. tempo de leitura\" \/>\n\t<meta name=\"twitter:data1\" content=\"4 minutos\" \/>\n<script type=\"application\/ld+json\" class=\"yoast-schema-graph\">{\"@context\":\"https:\/\/schema.org\",\"@graph\":[{\"@type\":\"WebPage\",\"@id\":\"https:\/\/oimpresso.com\/ajuda\/modulo-integracoes\/\",\"url\":\"https:\/\/oimpresso.com\/ajuda\/modulo-integracoes\/\",\"name\":\"Integra\u00e7\u00f5es\",\"isPartOf\":{\"@id\":\"https:\/\/oimpresso.com\/ajuda\/#website\"},\"datePublished\":\"2022-08-17T11:07:24+00:00\",\"dateModified\":\"2023-04-26T18:05:48+00:00\",\"breadcrumb\":{\"@id\":\"https:\/\/oimpresso.com\/ajuda\/modulo-integracoes\/#breadcrumb\"},\"inLanguage\":\"pt-BR\",\"potentialAction\":[{\"@type\":\"ReadAction\",\"target\":[\"https:\/\/oimpresso.com\/ajuda\/modulo-integracoes\/\"]}]},{\"@type\":\"BreadcrumbList\",\"@id\":\"https:\/\/oimpresso.com\/ajuda\/modulo-integracoes\/#breadcrumb\",\"itemListElement\":[{\"@type\":\"ListItem\",\"position\":1,\"name\":\"In\u00edcio\",\"item\":\"https:\/\/oimpresso.com\/ajuda\/\"},{\"@type\":\"ListItem\",\"position\":2,\"name\":\"Integra\u00e7\u00f5es\"}]},{\"@type\":\"WebSite\",\"@id\":\"https:\/\/oimpresso.com\/ajuda\/#website\",\"url\":\"https:\/\/oimpresso.com\/ajuda\/\",\"name\":\"Office Impresso\",\"description\":\"Portal de Ajuda\",\"publisher\":{\"@id\":\"https:\/\/oimpresso.com\/ajuda\/#organization\"},\"potentialAction\":[{\"@type\":\"SearchAction\",\"target\":{\"@type\":\"EntryPoint\",\"urlTemplate\":\"https:\/\/oimpresso.com\/ajuda\/?s={search_term_string}\"},\"query-input\":\"required name=search_term_string\"}],\"inLanguage\":\"pt-BR\"},{\"@type\":\"Organization\",\"@id\":\"https:\/\/oimpresso.com\/ajuda\/#organization\",\"name\":\"Office Impresso\",\"url\":\"https:\/\/oimpresso.com\/ajuda\/\",\"logo\":{\"@type\":\"ImageObject\",\"inLanguage\":\"pt-BR\",\"@id\":\"https:\/\/oimpresso.com\/ajuda\/#\/schema\/logo\/image\/\",\"url\":\"https:\/\/oimpresso.com\/ajuda\/wp-content\/uploads\/2023\/04\/LOGO-PRETA-Office-Impresso-e1680706829226.png\",\"contentUrl\":\"https:\/\/oimpresso.com\/ajuda\/wp-content\/uploads\/2023\/04\/LOGO-PRETA-Office-Impresso-e1680706829226.png\",\"width\":275,\"height\":77,\"caption\":\"Office Impresso\"},\"image\":{\"@id\":\"https:\/\/oimpresso.com\/ajuda\/#\/schema\/logo\/image\/\"}}]}<\/script>\n<!-- \/ Yoast SEO plugin. -->","yoast_head_json":{"title":"Integra\u00e7\u00f5es","robots":{"index":"index","follow":"follow","max-snippet":"max-snippet:-1","max-image-preview":"max-image-preview:large","max-video-preview":"max-video-preview:-1"},"canonical":"https:\/\/oimpresso.com\/ajuda\/modulo-integracoes\/","og_locale":"pt_BR","og_type":"article","og_title":"Integra\u00e7\u00f5es","og_description":"[vc_row full_width=&#8221;stretch_row_content&#8221; css=&#8221;.vc_custom_1676920898231{margin-top: -70px !important;padding-bottom: 50px !important;background-position: center !important;background-repeat: no-repeat !important;background-size: cover !important;}&#8221;][vc_column css=&#8221;.vc_custom_1680022271507{background-image: url(https:\/\/oimpresso.com\/ajuda\/wp-content\/uploads\/2023\/03\/banner-principal-5-1.jpg?id=9295) !important;background-position: center !important;background-repeat: no-repeat !important;background-size: cover !important;}&#8221; offset=&#8221;vc_hidden-md vc_hidden-sm vc_hidden-xs&#8221;][vc_column_text css=&#8221;.vc_custom_1678126859151{padding-left: 50px !important;}&#8221;] Integra\u00e7\u00f5es [\/vc_column_text][vc_column_text css=&#8221;.vc_custom_1680281532183{padding-right: 600px !important;padding-left: 50px !important;}&#8221;] Buscando por um software que integre recursos que ir\u00e3o auxiliar no cumprimento das obriga\u00e7\u00f5es legais de sua empresa e facilitar &hellip; Continued","og_url":"https:\/\/oimpresso.com\/ajuda\/modulo-integracoes\/","og_site_name":"Office Impresso","article_modified_time":"2023-04-26T18:05:48+00:00","twitter_card":"summary_large_image","twitter_misc":{"Est. tempo de leitura":"4 minutos"},"schema":{"@context":"https:\/\/schema.org","@graph":[{"@type":"WebPage","@id":"https:\/\/oimpresso.com\/ajuda\/modulo-integracoes\/","url":"https:\/\/oimpresso.com\/ajuda\/modulo-integracoes\/","name":"Integra\u00e7\u00f5es","isPartOf":{"@id":"https:\/\/oimpresso.com\/ajuda\/#website"},"datePublished":"2022-08-17T11:07:24+00:00","dateModified":"2023-04-26T18:05:48+00:00","breadcrumb":{"@id":"https:\/\/oimpresso.com\/ajuda\/modulo-integracoes\/#breadcrumb"},"inLanguage":"pt-BR","potentialAction":[{"@type":"ReadAction","target":["https:\/\/oimpresso.com\/ajuda\/modulo-integracoes\/"]}]},{"@type":"BreadcrumbList","@id":"https:\/\/oimpresso.com\/ajuda\/modulo-integracoes\/#breadcrumb","itemListElement":[{"@type":"ListItem","position":1,"name":"In\u00edcio","item":"https:\/\/oimpresso.com\/ajuda\/"},{"@type":"ListItem","position":2,"name":"Integra\u00e7\u00f5es"}]},{"@type":"WebSite","@id":"https:\/\/oimpresso.com\/ajuda\/#website","url":"https:\/\/oimpresso.com\/ajuda\/","name":"Office Impresso","description":"Portal de Ajuda","publisher":{"@id":"https:\/\/oimpresso.com\/ajuda\/#organization"},"potentialAction":[{"@type":"SearchAction","target":{"@type":"EntryPoint","urlTemplate":"https:\/\/oimpresso.com\/ajuda\/?s={search_term_string}"},"query-input":"required name=search_term_string"}],"inLanguage":"pt-BR"},{"@type":"Organization","@id":"https:\/\/oimpresso.com\/ajuda\/#organization","name":"Office Impresso","url":"https:\/\/oimpresso.com\/ajuda\/","logo":{"@type":"ImageObject","inLanguage":"pt-BR","@id":"https:\/\/oimpresso.com\/ajuda\/#\/schema\/logo\/image\/","url":"https:\/\/oimpresso.com\/ajuda\/wp-content\/uploads\/2023\/04\/LOGO-PRETA-Office-Impresso-e1680706829226.png","contentUrl":"https:\/\/oimpresso.com\/ajuda\/wp-content\/uploads\/2023\/04\/LOGO-PRETA-Office-Impresso-e1680706829226.png","width":275,"height":77,"caption":"Office Impresso"},"image":{"@id":"https:\/\/oimpresso.com\/ajuda\/#\/schema\/logo\/image\/"}}]}},"_links":{"self":[{"href":"https:\/\/oimpresso.com\/ajuda\/wp-json\/wp\/v2\/pages\/6357"}],"collection":[{"href":"https:\/\/oimpresso.com\/ajuda\/wp-json\/wp\/v2\/pages"}],"about":[{"href":"https:\/\/oimpresso.com\/ajuda\/wp-json\/wp\/v2\/types\/page"}],"author":[{"embeddable":true,"href":"https:\/\/oimpresso.com\/ajuda\/wp-json\/wp\/v2\/users\/1"}],"replies":[{"embeddable":true,"href":"https:\/\/oimpresso.com\/ajuda\/wp-json\/wp\/v2\/comments?post=6357"}],"version-history":[{"count":11,"href":"https:\/\/oimpresso.com\/ajuda\/wp-json\/wp\/v2\/pages\/6357\/revisions"}],"predecessor-version":[{"id":10793,"href":"https:\/\/oimpresso.com\/ajuda\/wp-json\/wp\/v2\/pages\/6357\/revisions\/10793"}],"wp:attachment":[{"href":"https:\/\/oimpresso.com\/ajuda\/wp-json\/wp\/v2\/media?parent=6357"}],"curies":[{"name":"wp","href":"https:\/\/api.w.org\/{rel}","templated":true}]}}