{"id":6355,"date":"2022-08-17T08:06:52","date_gmt":"2022-08-17T11:06:52","guid":{"rendered":"https:\/\/oimpresso.com\/ajuda\/?page_id=6355"},"modified":"2023-04-26T15:06:18","modified_gmt":"2023-04-26T18:06:18","slug":"modulo-relatorios","status":"publish","type":"page","link":"https:\/\/oimpresso.com\/ajuda\/modulo-relatorios\/","title":{"rendered":"Relat\u00f3rios"},"content":{"rendered":"<p>[vc_row full_width=&#8221;stretch_row_content&#8221; css=&#8221;.vc_custom_1676920898231{margin-top: -70px !important;padding-bottom: 50px !important;background-position: center !important;background-repeat: no-repeat !important;background-size: cover !important;}&#8221;][vc_column css=&#8221;.vc_custom_1679681996464{background-image: url(https:\/\/oimpresso.com\/ajuda\/wp-content\/uploads\/2023\/03\/Relatorios-2.png?id=10331) !important;background-position: center !important;background-repeat: no-repeat !important;background-size: cover !important;}&#8221; offset=&#8221;vc_hidden-md vc_hidden-sm vc_hidden-xs&#8221;][vc_column_text css=&#8221;.vc_custom_1680630639492{padding-right: 600px !important;padding-left: 50px !important;}&#8221;]<\/p>\n<h1 style=\"color: #474747;\" id=\"relatorios\" >Relat\u00f3rios<\/h1>\n<p>[\/vc_column_text][vc_column_text css=&#8221;.vc_custom_1680630663183{padding-right: 600px !important;padding-left: 50px !important;}&#8221;]<\/p>\n<p style=\"font-size: 25px; color: #575757;\">Diga adeus ao trabalho manual ao contar com os relat\u00f3rios detalhados do <strong>Office Impresso!<\/strong><\/p>\n<p>[\/vc_column_text][vc_column_text css=&#8221;.vc_custom_1680630708051{padding-right: 630px !important;padding-left: 50px !important;}&#8221;]<\/p>\n<p style=\"text-align: left; color: #676767;\">Personalize seus relat\u00f3rios para atender as necessidades de seu neg\u00f3cio, economizando tempo na elabora\u00e7\u00e3o do plano de a\u00e7\u00e3o.<\/p>\n<p>[\/vc_column_text][vc_column_text css=&#8221;.vc_custom_1680284181528{padding-left: 50px !important;}&#8221;]<a class=\"fancybox-iframe\" style=\"display: flex; align-items: center; justify-content: center; width: 100%; max-width: 200px; height: 45px; border-radius: 25px; background: #80387B; background-image: linear-gradient(to bottom, #80387B, #CF61CA); border: none; color: #ffffff; font-size: 16px; cursor: pointer; text-align: center; text-decoration: none;\" href=\"https:\/\/oimpresso.com\/ajuda\/solicitar-proposta\/\">Entramos em Contato<\/a>[\/vc_column_text][vc_empty_space height=&#8221;100&#8243;][\/vc_column][\/vc_row][vc_row full_width=&#8221;stretch_row_content&#8221; css=&#8221;.vc_custom_1676921146248{margin-top: -20px !important;padding-bottom: 50px !important;background-position: center !important;background-repeat: no-repeat !important;background-size: cover !important;}&#8221;][vc_column css=&#8221;.vc_custom_1679682010825{background-image: url(https:\/\/oimpresso.com\/ajuda\/wp-content\/uploads\/2023\/03\/Relatorios-2.png?id=10331) !important;background-position: center !important;background-repeat: no-repeat !important;background-size: cover !important;}&#8221; offset=&#8221;vc_hidden-lg vc_hidden-sm vc_hidden-xs&#8221;][vc_column_text css=&#8221;.vc_custom_1680630812625{padding-right: 600px !important;padding-left: 50px !important;}&#8221;]<\/p>\n<h1 style=\"color: #474747;\" id=\"relatorios\" >Relat\u00f3rios<\/h1>\n<p>[\/vc_column_text][vc_column_text css=&#8221;.vc_custom_1678298488120{padding-right: 600px !important;padding-left: 50px !important;}&#8221;]<\/p>\n<p style=\"font-size: 25px;\">Diga adeus ao trabalho manual ao contar com os relat\u00f3rios detalhados do <strong>Office Impresso!<\/strong><\/p>\n<p>[\/vc_column_text][vc_column_text css=&#8221;.vc_custom_1680630847784{padding-right: 600px !important;padding-left: 50px !important;}&#8221;]<\/p>\n<p style=\"text-align: left; color: #676767;\">Personalize seus relat\u00f3rios para atender as necessidades de seu neg\u00f3cio, economizando tempo na elabora\u00e7\u00e3o do plano de a\u00e7\u00e3o.<\/p>\n<p>[\/vc_column_text][vc_column_text css=&#8221;.vc_custom_1680284234095{padding-left: 50px !important;}&#8221;]<a class=\"fancybox-iframe\" style=\"display: flex; align-items: center; justify-content: center; width: 100%; max-width: 200px; height: 45px; border-radius: 25px; background: #80387B; background-image: linear-gradient(to bottom, #80387B, #CF61CA); border: none; color: #ffffff; font-size: 16px; cursor: pointer; text-align: center; text-decoration: none;\" href=\"https:\/\/oimpresso.com\/ajuda\/solicitar-proposta\/\">Entramos em Contato<\/a>[\/vc_column_text][vc_empty_space height=&#8221;100&#8243;][\/vc_column][\/vc_row][vc_row full_width=&#8221;stretch_row_content&#8221; css=&#8221;.vc_custom_1676921326147{margin-top: -65px !important;padding-bottom: 50px !important;background-position: center !important;background-repeat: no-repeat !important;background-size: cover !important;}&#8221;][vc_column css=&#8221;.vc_custom_1676921921382{background-position: center !important;background-repeat: no-repeat !important;background-size: cover !important;}&#8221; offset=&#8221;vc_hidden-lg vc_hidden-md vc_col-xs-12&#8243;][vc_column_text css=&#8221;.vc_custom_1680630963534{padding-right: 10px !important;padding-left: 10px !important;}&#8221;]<\/p>\n<h1 style=\"text-align: center; color: #474747;\" id=\"relatorios\" >Relat\u00f3rios<\/h1>\n<p>[\/vc_column_text][vc_column_text css=&#8221;.vc_custom_1680631004758{padding-right: 10px !important;padding-left: 10px !important;}&#8221;]<\/p>\n<p style=\"font-size: 25px; text-align: center; color: #575757;\">Diga adeus ao trabalho manual ao contar com os relat\u00f3rios detalhados do <strong>Office Impresso!<\/strong><\/p>\n<p>[\/vc_column_text][vc_column_text css=&#8221;.vc_custom_1680631027919{padding-right: 10px !important;padding-left: 10px !important;}&#8221;]<\/p>\n<p style=\"color: #676767; text-align: center;\">Personalize seus relat\u00f3rios para atender as necessidades de seu neg\u00f3cio, economizando tempo na elabora\u00e7\u00e3o do plano de a\u00e7\u00e3o.<\/p>\n<p>[\/vc_column_text][vc_column_text css=&#8221;.vc_custom_1680284279317{margin-top: 20px !important;}&#8221;]<a style=\"width: 190px; height: 45px; border-radius: 25px; background: #80387B; background-image: linear-gradient(to bottom, #80387B, #CF61CA); border: none; color: #FFFFFF; font-size: 16px; cursor: pointer; display: flex; justify-content: center; align-items: center; margin: 0 auto; text-decoration: none;\" href=\"https:\/\/oimpresso.com\/ajuda\/solicitar-proposta\/;\">Entramos em Contato<\/a>[\/vc_column_text][\/vc_column][vc_column offset=&#8221;vc_hidden-lg vc_hidden-md vc_col-xs-12&#8243; css=&#8221;.vc_custom_1679682026359{background-image: url(https:\/\/oimpresso.com\/ajuda\/wp-content\/uploads\/2023\/03\/Relatorios-MOBILE.png?id=10330) !important;background-position: center !important;background-repeat: no-repeat !important;background-size: cover !important;}&#8221;][vc_empty_space height=&#8221;300&#8243;][\/vc_column][\/vc_row][vc_row full_width=&#8221;stretch_row_content&#8221; content_placement=&#8221;middle&#8221;][vc_column offset=&#8221;vc_hidden-sm vc_col-xs-12 vc_hidden-xs&#8221;][vc_column_text css=&#8221;.vc_custom_1680631140860{padding-right: 50px !important;padding-left: 50px !important;}&#8221;]<\/p>\n<h2 style=\"text-align: center; color: #474747;\" id=\"com-os-relatorios-detalhados-e-personalizaveis-do-office-impresso-voce-pode-dizer-adeus-ao-trabalho-manual-e-economizar-tempo\" >Com os relat\u00f3rios detalhados e personaliz\u00e1veis do Office Impresso, voc\u00ea pode dizer adeus ao trabalho manual e economizar tempo<\/h2>\n<p>[\/vc_column_text][\/vc_column][vc_column offset=&#8221;vc_hidden-lg vc_hidden-md vc_col-xs-12&#8243;][vc_column_text css=&#8221;.vc_custom_1680631152893{padding-right: 10px !important;padding-left: 10px !important;}&#8221;]<\/p>\n<h2 style=\"text-align: center; color: #474747;\" id=\"com-os-relatorios-detalhados-e-personalizaveis-do-office-impresso-voce-pode-dizer-adeus-ao-trabalho-manual-e-economizar-tempo\" >Com os relat\u00f3rios detalhados e personaliz\u00e1veis do Office Impresso, voc\u00ea pode dizer adeus ao trabalho manual e economizar tempo<\/h2>\n<p>[\/vc_column_text][vc_separator][\/vc_column][\/vc_row][vc_row][vc_column offset=&#8221;vc_hidden-sm vc_hidden-xs&#8221;][vc_column_text]<\/p>\n<ul style=\"color: #676767;\">\n<li>O <strong>Office Impresso<\/strong> oferece relat\u00f3rios detalhados e personaliz\u00e1veis para ajudar as empresas a acompanhar o desempenho e identificar oportunidades de melhoria.<\/li>\n<li>Os relat\u00f3rios oferecem informa\u00e7\u00f5es sobre produtos, contatos, vendas, compras, produ\u00e7\u00f5es e notas fiscais.<\/li>\n<li>A personaliza\u00e7\u00e3o dos relat\u00f3rios permite que as informa\u00e7\u00f5es mais relevantes sejam apresentadas de maneira clara e objetiva.<\/li>\n<li>Os relat\u00f3rios economizam tempo na elabora\u00e7\u00e3o do plano de a\u00e7\u00e3o para o neg\u00f3cio.<\/li>\n<li>Os relat\u00f3rios permitem que as empresas tomem decis\u00f5es informadas e estrat\u00e9gicas para impulsionar o crescimento do neg\u00f3cio.<\/li>\n<\/ul>\n<p>[\/vc_column_text][vc_row_inner][vc_column_inner offset=&#8221;vc_hidden-lg vc_hidden-md&#8221;][vc_column_text css=&#8221;.vc_custom_1680631243852{padding-right: 10px !important;padding-left: 10px !important;}&#8221;]<\/p>\n<ul style=\"color: #676767;\">\n<li>O <strong>Office Impresso<\/strong> oferece relat\u00f3rios detalhados e personaliz\u00e1veis para ajudar as empresas a acompanhar o desempenho e identificar oportunidades de melhoria.<\/li>\n<li>Os relat\u00f3rios oferecem informa\u00e7\u00f5es sobre produtos, contatos, vendas, compras, produ\u00e7\u00f5es e notas fiscais.<\/li>\n<li>A personaliza\u00e7\u00e3o dos relat\u00f3rios permite que as informa\u00e7\u00f5es mais relevantes sejam apresentadas de maneira clara e objetiva.<\/li>\n<li>Os relat\u00f3rios economizam tempo na elabora\u00e7\u00e3o do plano de a\u00e7\u00e3o para o neg\u00f3cio.<\/li>\n<li>Os relat\u00f3rios permitem que as empresas tomem decis\u00f5es informadas e estrat\u00e9gicas para impulsionar o crescimento do neg\u00f3cio.<\/li>\n<\/ul>\n<p>[\/vc_column_text][\/vc_column_inner][\/vc_row_inner][\/vc_column][\/vc_row]<\/p>\n","protected":false},"excerpt":{"rendered":"<p>[vc_row full_width=&#8221;stretch_row_content&#8221; css=&#8221;.vc_custom_1676920898231{margin-top: -70px !important;padding-bottom: 50px !important;background-position: center !important;background-repeat: no-repeat !important;background-size: cover !important;}&#8221;][vc_column css=&#8221;.vc_custom_1679681996464{background-image: url(https:\/\/oimpresso.com\/ajuda\/wp-content\/uploads\/2023\/03\/Relatorios-2.png?id=10331) !important;background-position: center !important;background-repeat: no-repeat !important;background-size: cover !important;}&#8221; offset=&#8221;vc_hidden-md vc_hidden-sm vc_hidden-xs&#8221;][vc_column_text css=&#8221;.vc_custom_1680630639492{padding-right: 600px !important;padding-left: 50px !important;}&#8221;] Relat\u00f3rios [\/vc_column_text][vc_column_text css=&#8221;.vc_custom_1680630663183{padding-right: 600px !important;padding-left: 50px !important;}&#8221;] Diga adeus ao trabalho manual ao contar com os relat\u00f3rios detalhados do Office Impresso! [\/vc_column_text][vc_column_text css=&#8221;.vc_custom_1680630708051{padding-right: 630px !important;padding-left: &hellip; <a href=\"https:\/\/oimpresso.com\/ajuda\/modulo-relatorios\/\">Continued<\/a><\/p>\n","protected":false},"author":1,"featured_media":0,"parent":0,"menu_order":0,"comment_status":"closed","ping_status":"closed","template":"","meta":{"_bbp_topic_count":0,"_bbp_reply_count":0,"_bbp_total_topic_count":0,"_bbp_total_reply_count":0,"_bbp_voice_count":0,"_bbp_anonymous_reply_count":0,"_bbp_topic_count_hidden":0,"_bbp_reply_count_hidden":0,"_bbp_forum_subforum_count":0,"om_disable_all_campaigns":false,"_mi_skip_tracking":false},"yoast_head":"<!-- This site is optimized with the Yoast SEO plugin v20.5 - https:\/\/yoast.com\/wordpress\/plugins\/seo\/ -->\n<title>Relat\u00f3rios<\/title>\n<meta name=\"robots\" content=\"index, follow, max-snippet:-1, max-image-preview:large, max-video-preview:-1\" \/>\n<link rel=\"canonical\" href=\"https:\/\/oimpresso.com\/ajuda\/modulo-relatorios\/\" \/>\n<meta property=\"og:locale\" content=\"pt_BR\" \/>\n<meta property=\"og:type\" content=\"article\" \/>\n<meta property=\"og:title\" content=\"Relat\u00f3rios\" \/>\n<meta property=\"og:description\" content=\"[vc_row full_width=&#8221;stretch_row_content&#8221; css=&#8221;.vc_custom_1676920898231{margin-top: -70px !important;padding-bottom: 50px !important;background-position: center !important;background-repeat: no-repeat !important;background-size: cover !important;}&#8221;][vc_column css=&#8221;.vc_custom_1679681996464{background-image: url(https:\/\/oimpresso.com\/ajuda\/wp-content\/uploads\/2023\/03\/Relatorios-2.png?id=10331) !important;background-position: center !important;background-repeat: no-repeat !important;background-size: cover !important;}&#8221; offset=&#8221;vc_hidden-md vc_hidden-sm vc_hidden-xs&#8221;][vc_column_text css=&#8221;.vc_custom_1680630639492{padding-right: 600px !important;padding-left: 50px !important;}&#8221;] Relat\u00f3rios [\/vc_column_text][vc_column_text css=&#8221;.vc_custom_1680630663183{padding-right: 600px !important;padding-left: 50px !important;}&#8221;] Diga adeus ao trabalho manual ao contar com os relat\u00f3rios detalhados do Office Impresso! [\/vc_column_text][vc_column_text css=&#8221;.vc_custom_1680630708051{padding-right: 630px !important;padding-left: &hellip; Continued\" \/>\n<meta property=\"og:url\" content=\"https:\/\/oimpresso.com\/ajuda\/modulo-relatorios\/\" \/>\n<meta property=\"og:site_name\" content=\"Office Impresso\" \/>\n<meta property=\"article:modified_time\" content=\"2023-04-26T18:06:18+00:00\" \/>\n<meta name=\"twitter:card\" content=\"summary_large_image\" \/>\n<meta name=\"twitter:label1\" content=\"Est. tempo de leitura\" \/>\n\t<meta name=\"twitter:data1\" content=\"4 minutos\" \/>\n<script type=\"application\/ld+json\" class=\"yoast-schema-graph\">{\"@context\":\"https:\/\/schema.org\",\"@graph\":[{\"@type\":\"WebPage\",\"@id\":\"https:\/\/oimpresso.com\/ajuda\/modulo-relatorios\/\",\"url\":\"https:\/\/oimpresso.com\/ajuda\/modulo-relatorios\/\",\"name\":\"Relat\u00f3rios\",\"isPartOf\":{\"@id\":\"https:\/\/oimpresso.com\/ajuda\/#website\"},\"datePublished\":\"2022-08-17T11:06:52+00:00\",\"dateModified\":\"2023-04-26T18:06:18+00:00\",\"breadcrumb\":{\"@id\":\"https:\/\/oimpresso.com\/ajuda\/modulo-relatorios\/#breadcrumb\"},\"inLanguage\":\"pt-BR\",\"potentialAction\":[{\"@type\":\"ReadAction\",\"target\":[\"https:\/\/oimpresso.com\/ajuda\/modulo-relatorios\/\"]}]},{\"@type\":\"BreadcrumbList\",\"@id\":\"https:\/\/oimpresso.com\/ajuda\/modulo-relatorios\/#breadcrumb\",\"itemListElement\":[{\"@type\":\"ListItem\",\"position\":1,\"name\":\"In\u00edcio\",\"item\":\"https:\/\/oimpresso.com\/ajuda\/\"},{\"@type\":\"ListItem\",\"position\":2,\"name\":\"Relat\u00f3rios\"}]},{\"@type\":\"WebSite\",\"@id\":\"https:\/\/oimpresso.com\/ajuda\/#website\",\"url\":\"https:\/\/oimpresso.com\/ajuda\/\",\"name\":\"Office Impresso\",\"description\":\"Portal de Ajuda\",\"publisher\":{\"@id\":\"https:\/\/oimpresso.com\/ajuda\/#organization\"},\"potentialAction\":[{\"@type\":\"SearchAction\",\"target\":{\"@type\":\"EntryPoint\",\"urlTemplate\":\"https:\/\/oimpresso.com\/ajuda\/?s={search_term_string}\"},\"query-input\":\"required name=search_term_string\"}],\"inLanguage\":\"pt-BR\"},{\"@type\":\"Organization\",\"@id\":\"https:\/\/oimpresso.com\/ajuda\/#organization\",\"name\":\"Office Impresso\",\"url\":\"https:\/\/oimpresso.com\/ajuda\/\",\"logo\":{\"@type\":\"ImageObject\",\"inLanguage\":\"pt-BR\",\"@id\":\"https:\/\/oimpresso.com\/ajuda\/#\/schema\/logo\/image\/\",\"url\":\"https:\/\/oimpresso.com\/ajuda\/wp-content\/uploads\/2023\/04\/LOGO-PRETA-Office-Impresso-e1680706829226.png\",\"contentUrl\":\"https:\/\/oimpresso.com\/ajuda\/wp-content\/uploads\/2023\/04\/LOGO-PRETA-Office-Impresso-e1680706829226.png\",\"width\":275,\"height\":77,\"caption\":\"Office Impresso\"},\"image\":{\"@id\":\"https:\/\/oimpresso.com\/ajuda\/#\/schema\/logo\/image\/\"}}]}<\/script>\n<!-- \/ Yoast SEO plugin. -->","yoast_head_json":{"title":"Relat\u00f3rios","robots":{"index":"index","follow":"follow","max-snippet":"max-snippet:-1","max-image-preview":"max-image-preview:large","max-video-preview":"max-video-preview:-1"},"canonical":"https:\/\/oimpresso.com\/ajuda\/modulo-relatorios\/","og_locale":"pt_BR","og_type":"article","og_title":"Relat\u00f3rios","og_description":"[vc_row full_width=&#8221;stretch_row_content&#8221; css=&#8221;.vc_custom_1676920898231{margin-top: -70px !important;padding-bottom: 50px !important;background-position: center !important;background-repeat: no-repeat !important;background-size: cover !important;}&#8221;][vc_column css=&#8221;.vc_custom_1679681996464{background-image: url(https:\/\/oimpresso.com\/ajuda\/wp-content\/uploads\/2023\/03\/Relatorios-2.png?id=10331) !important;background-position: center !important;background-repeat: no-repeat !important;background-size: cover !important;}&#8221; offset=&#8221;vc_hidden-md vc_hidden-sm vc_hidden-xs&#8221;][vc_column_text css=&#8221;.vc_custom_1680630639492{padding-right: 600px !important;padding-left: 50px !important;}&#8221;] Relat\u00f3rios [\/vc_column_text][vc_column_text css=&#8221;.vc_custom_1680630663183{padding-right: 600px !important;padding-left: 50px !important;}&#8221;] Diga adeus ao trabalho manual ao contar com os relat\u00f3rios detalhados do Office Impresso! [\/vc_column_text][vc_column_text css=&#8221;.vc_custom_1680630708051{padding-right: 630px !important;padding-left: &hellip; Continued","og_url":"https:\/\/oimpresso.com\/ajuda\/modulo-relatorios\/","og_site_name":"Office Impresso","article_modified_time":"2023-04-26T18:06:18+00:00","twitter_card":"summary_large_image","twitter_misc":{"Est. tempo de leitura":"4 minutos"},"schema":{"@context":"https:\/\/schema.org","@graph":[{"@type":"WebPage","@id":"https:\/\/oimpresso.com\/ajuda\/modulo-relatorios\/","url":"https:\/\/oimpresso.com\/ajuda\/modulo-relatorios\/","name":"Relat\u00f3rios","isPartOf":{"@id":"https:\/\/oimpresso.com\/ajuda\/#website"},"datePublished":"2022-08-17T11:06:52+00:00","dateModified":"2023-04-26T18:06:18+00:00","breadcrumb":{"@id":"https:\/\/oimpresso.com\/ajuda\/modulo-relatorios\/#breadcrumb"},"inLanguage":"pt-BR","potentialAction":[{"@type":"ReadAction","target":["https:\/\/oimpresso.com\/ajuda\/modulo-relatorios\/"]}]},{"@type":"BreadcrumbList","@id":"https:\/\/oimpresso.com\/ajuda\/modulo-relatorios\/#breadcrumb","itemListElement":[{"@type":"ListItem","position":1,"name":"In\u00edcio","item":"https:\/\/oimpresso.com\/ajuda\/"},{"@type":"ListItem","position":2,"name":"Relat\u00f3rios"}]},{"@type":"WebSite","@id":"https:\/\/oimpresso.com\/ajuda\/#website","url":"https:\/\/oimpresso.com\/ajuda\/","name":"Office Impresso","description":"Portal de Ajuda","publisher":{"@id":"https:\/\/oimpresso.com\/ajuda\/#organization"},"potentialAction":[{"@type":"SearchAction","target":{"@type":"EntryPoint","urlTemplate":"https:\/\/oimpresso.com\/ajuda\/?s={search_term_string}"},"query-input":"required name=search_term_string"}],"inLanguage":"pt-BR"},{"@type":"Organization","@id":"https:\/\/oimpresso.com\/ajuda\/#organization","name":"Office Impresso","url":"https:\/\/oimpresso.com\/ajuda\/","logo":{"@type":"ImageObject","inLanguage":"pt-BR","@id":"https:\/\/oimpresso.com\/ajuda\/#\/schema\/logo\/image\/","url":"https:\/\/oimpresso.com\/ajuda\/wp-content\/uploads\/2023\/04\/LOGO-PRETA-Office-Impresso-e1680706829226.png","contentUrl":"https:\/\/oimpresso.com\/ajuda\/wp-content\/uploads\/2023\/04\/LOGO-PRETA-Office-Impresso-e1680706829226.png","width":275,"height":77,"caption":"Office Impresso"},"image":{"@id":"https:\/\/oimpresso.com\/ajuda\/#\/schema\/logo\/image\/"}}]}},"_links":{"self":[{"href":"https:\/\/oimpresso.com\/ajuda\/wp-json\/wp\/v2\/pages\/6355"}],"collection":[{"href":"https:\/\/oimpresso.com\/ajuda\/wp-json\/wp\/v2\/pages"}],"about":[{"href":"https:\/\/oimpresso.com\/ajuda\/wp-json\/wp\/v2\/types\/page"}],"author":[{"embeddable":true,"href":"https:\/\/oimpresso.com\/ajuda\/wp-json\/wp\/v2\/users\/1"}],"replies":[{"embeddable":true,"href":"https:\/\/oimpresso.com\/ajuda\/wp-json\/wp\/v2\/comments?post=6355"}],"version-history":[{"count":18,"href":"https:\/\/oimpresso.com\/ajuda\/wp-json\/wp\/v2\/pages\/6355\/revisions"}],"predecessor-version":[{"id":10935,"href":"https:\/\/oimpresso.com\/ajuda\/wp-json\/wp\/v2\/pages\/6355\/revisions\/10935"}],"wp:attachment":[{"href":"https:\/\/oimpresso.com\/ajuda\/wp-json\/wp\/v2\/media?parent=6355"}],"curies":[{"name":"wp","href":"https:\/\/api.w.org\/{rel}","templated":true}]}}