{"id":6353,"date":"2022-08-17T08:06:16","date_gmt":"2022-08-17T11:06:16","guid":{"rendered":"https:\/\/oimpresso.com\/ajuda\/?page_id=6353"},"modified":"2023-04-26T15:06:05","modified_gmt":"2023-04-26T18:06:05","slug":"modulo-de-notificacoes","status":"publish","type":"page","link":"https:\/\/oimpresso.com\/ajuda\/modulo-de-notificacoes\/","title":{"rendered":"Notifica\u00e7\u00f5es"},"content":{"rendered":"<p>[vc_row full_width=&#8221;stretch_row_content&#8221; css=&#8221;.vc_custom_1676920898231{margin-top: -70px !important;padding-bottom: 50px !important;background-position: center !important;background-repeat: no-repeat !important;background-size: cover !important;}&#8221;][vc_column css=&#8221;.vc_custom_1679591516310{background-image: url(https:\/\/oimpresso.com\/ajuda\/wp-content\/uploads\/2023\/03\/Notificacoes.png?id=10259) !important;background-position: center !important;background-repeat: no-repeat !important;background-size: cover !important;}&#8221; offset=&#8221;vc_hidden-md vc_hidden-sm vc_hidden-xs&#8221;][vc_column_text css=&#8221;.vc_custom_1680609913474{padding-left: 50px !important;}&#8221;]<\/p>\n<h1 style=\"color: #474747;\" id=\"notificacao\" >Notifica\u00e7\u00e3o<\/h1>\n<p>[\/vc_column_text][vc_column_text css=&#8221;.vc_custom_1680609893829{padding-right: 600px !important;padding-left: 50px !important;}&#8221;]<\/p>\n<p style=\"font-size: 25px;\" color: #575757;\">Conte com o <strong>Office Impresso<\/strong> para te auxiliar a executar todas as tarefas necess\u00e1rias para efetuar um bom gerenciamento de sua empresa!<\/p>\n<p>[\/vc_column_text][vc_column_text css=&#8221;.vc_custom_1680609923474{padding-right: 630px !important;padding-left: 50px !important;}&#8221;]<\/p>\n<p style=\"font-size: 20px; color: #676767;\">Ative as notifica\u00e7\u00f5es podendo selecionar as mais pertinentes para seu neg\u00f3cio e determine a condi\u00e7\u00e3o de execu\u00e7\u00e3o para cada uma, garantindo assim que nenhum processo importante fique para tr\u00e1s!<\/p>\n<p>[\/vc_column_text][vc_column_text css=&#8221;.vc_custom_1680207863032{padding-left: 50px !important;}&#8221;]<a class=\"fancybox-iframe\" style=\"display: flex; align-items: center; justify-content: center; width: 100%; max-width: 200px; height: 45px; border-radius: 25px; background: #80387B; background-image: linear-gradient(to bottom, #80387B, #CF61CA); border: none; color: #ffffff; font-size: 16px; cursor: pointer; text-align: center; text-decoration: none;\" href=\"https:\/\/oimpresso.com\/ajuda\/solicitar-proposta\/\">Acesse e Conhe\u00e7a<\/a>[\/vc_column_text][vc_empty_space height=&#8221;100&#8243;][\/vc_column][\/vc_row][vc_row full_width=&#8221;stretch_row_content&#8221; css=&#8221;.vc_custom_1676921146248{margin-top: -20px !important;padding-bottom: 50px !important;background-position: center !important;background-repeat: no-repeat !important;background-size: cover !important;}&#8221;][vc_column css=&#8221;.vc_custom_1679591569801{background-image: url(https:\/\/oimpresso.com\/ajuda\/wp-content\/uploads\/2023\/03\/Notificacoes.png?id=10259) !important;background-position: center !important;background-repeat: no-repeat !important;background-size: cover !important;}&#8221; offset=&#8221;vc_hidden-lg vc_hidden-sm vc_hidden-xs&#8221;][vc_column_text css=&#8221;.vc_custom_1680609913474{padding-left: 50px !important;}&#8221;]<\/p>\n<h1 style=\"color: #474747;\" id=\"notificacao\" >Notifica\u00e7\u00e3o<\/h1>\n<p>[\/vc_column_text][vc_column_text css=&#8221;.vc_custom_1680609893829{padding-right: 600px !important;padding-left: 50px !important;}&#8221;]<\/p>\n<p style=\"font-size: 25px;\" color: #575757;\">Conte com o <strong>Office Impresso<\/strong> para te auxiliar a executar todas as tarefas necess\u00e1rias para efetuar um bom gerenciamento de sua empresa!<\/p>\n<p>[\/vc_column_text][vc_column_text css=&#8221;.vc_custom_1680609923474{padding-right: 630px !important;padding-left: 50px !important;}&#8221;]<\/p>\n<p style=\"font-size: 20px; color: #676767;\">Ative as notifica\u00e7\u00f5es podendo selecionar as mais pertinentes para seu neg\u00f3cio e determine a condi\u00e7\u00e3o de execu\u00e7\u00e3o para cada uma, garantindo assim que nenhum processo importante fique para tr\u00e1s!<\/p>\n<p>[\/vc_column_text][vc_column_text css=&#8221;.vc_custom_1680207902675{padding-left: 50px !important;}&#8221;]<a class=\"fancybox-iframe\" style=\"display: flex; align-items: center; justify-content: center; width: 100%; max-width: 200px; height: 45px; border-radius: 25px; background: #80387B; background-image: linear-gradient(to bottom, #80387B, #CF61CA); border: none; color: #ffffff; font-size: 16px; cursor: pointer; text-align: center; text-decoration: none;\" href=\"https:\/\/oimpresso.com\/ajuda\/solicitar-proposta\/\">Acesse e Conhe\u00e7a<\/a>[\/vc_column_text][vc_empty_space height=&#8221;100&#8243;][\/vc_column][\/vc_row][vc_row full_width=&#8221;stretch_row_content&#8221; css=&#8221;.vc_custom_1676921326147{margin-top: -65px !important;padding-bottom: 50px !important;background-position: center !important;background-repeat: no-repeat !important;background-size: cover !important;}&#8221;][vc_column css=&#8221;.vc_custom_1676921921382{background-position: center !important;background-repeat: no-repeat !important;background-size: cover !important;}&#8221; offset=&#8221;vc_hidden-lg vc_hidden-md vc_col-xs-12&#8243;][vc_column_text css=&#8221;.vc_custom_1680610026570{padding-right: 10px !important;padding-left: 10px !important;}&#8221;]<\/p>\n<h1 style=\"color: #474747; text-align: center;\" id=\"notificacao\" >Notifica\u00e7\u00e3o<\/h1>\n<p>[\/vc_column_text][vc_column_text css=&#8221;.vc_custom_1680610016962{padding-right: 10px !important;padding-left: 10px !important;}&#8221;]<\/p>\n<p style=\"font-size: 25px; text-align: center;\">Conte com o <strong>Office Impresso<\/strong> para te auxiliar a executar todas as tarefas necess\u00e1rias para efetuar um bom gerenciamento de sua empresa!<\/p>\n<p>[\/vc_column_text][vc_column_text css=&#8221;.vc_custom_1680610006522{padding-right: 10px !important;padding-left: 10px !important;}&#8221;]<\/p>\n<p style=\"font-size: 20px; color: #676767; text-align: center;\">Ative as notifica\u00e7\u00f5es podendo selecionar as mais pertinentes para seu neg\u00f3cio e determine a condi\u00e7\u00e3o de execu\u00e7\u00e3o para cada uma, garantindo assim que nenhum processo importante fique para tr\u00e1s!<\/p>\n<p>[\/vc_column_text][vc_column_text css=&#8221;.vc_custom_1680207940293{margin-top: 20px !important;}&#8221;]<a style=\"width: 190px; height: 45px; border-radius: 25px; background: #80387B; background-image: linear-gradient(to bottom, #80387B, #CF61CA); border: none; color: #FFFFFF; font-size: 16px; cursor: pointer; display: flex; justify-content: center; align-items: center; margin: 0 auto; text-decoration: none;\" href=\"https:\/\/oimpresso.com\/ajuda\/solicitar-proposta\/;\">Acesse e Conhe\u00e7a<\/a>[\/vc_column_text][\/vc_column][\/vc_row][vc_row full_width=&#8221;stretch_row_content&#8221; css=&#8221;.vc_custom_1676921326147{margin-top: -65px !important;padding-bottom: 50px !important;background-position: center !important;background-repeat: no-repeat !important;background-size: cover !important;}&#8221;][vc_column offset=&#8221;vc_hidden-lg vc_hidden-md vc_col-xs-12&#8243; css=&#8221;.vc_custom_1679591595937{background-image: url(https:\/\/oimpresso.com\/ajuda\/wp-content\/uploads\/2023\/03\/Notificacoes-MOBILE.png?id=10258) !important;background-position: center !important;background-repeat: no-repeat !important;background-size: cover !important;}&#8221;][vc_empty_space height=&#8221;250&#8243;][\/vc_column][\/vc_row][vc_row full_width=&#8221;stretch_row_content&#8221; content_placement=&#8221;middle&#8221;][vc_column offset=&#8221;vc_hidden-sm vc_col-xs-12 vc_hidden-xs&#8221;][vc_column_text css=&#8221;.vc_custom_1680610048247{padding-right: 50px !important;padding-left: 50px !important;}&#8221;]<\/p>\n<h2 style=\"text-align: center; color: #474747;\" id=\"use-o-office-impresso-e-garanta-que-nenhum-processo-importante-fique-para-tras\" >Use o Office Impresso e garanta que nenhum processo importante fique para tr\u00e1s<\/h2>\n<p>[\/vc_column_text][\/vc_column][vc_column offset=&#8221;vc_hidden-lg vc_hidden-md vc_col-xs-12&#8243;][vc_column_text css=&#8221;.vc_custom_1680610059304{padding-right: 10px !important;padding-left: 10px !important;}&#8221;]<\/p>\n<h2 style=\"text-align: center; color: #474747;\" id=\"use-o-office-impresso-e-garanta-que-nenhum-processo-importante-fique-para-tras\" >Use o Office Impresso e garanta que nenhum processo importante fique para tr\u00e1s<\/h2>\n<p>[\/vc_column_text][vc_separator][\/vc_column][\/vc_row][vc_row full_width=&#8221;stretch_row_content&#8221; equal_height=&#8221;yes&#8221; css=&#8221;.vc_custom_1676919941898{background-color: #ffffff !important;}&#8221;][vc_column width=&#8221;1\/2&#8243; offset=&#8221;vc_col-lg-6 vc_col-md-6 vc_hidden-sm vc_hidden-xs&#8221; css=&#8221;.vc_custom_1678102643939{background-color: #f4f4f4 !important;}&#8221;][vc_single_image image=&#8221;9889&#8243; img_size=&#8221;200&#215;200&#8243; alignment=&#8221;center&#8221; css=&#8221;.vc_custom_1679592332821{margin-bottom: -35px !important;padding-right: 50px !important;padding-left: 50px !important;}&#8221;][vc_column_text css=&#8221;.vc_custom_1680610104815{padding-top: 25px !important;padding-right: 50px !important;padding-bottom: 25px !important;padding-left: 50px !important;}&#8221;]<\/p>\n<h1 style=\"font-size: 25px; text-align: center; line-height: 35px; color: #474747;\" id=\"fique-sempre-informado\" >Fique sempre informado<\/h1>\n<p style=\"text-align: center; color: #676767;\">O <strong>Office Impresso<\/strong> oferece uma ferramenta de notifica\u00e7\u00f5es personalizadas que permite que os usu\u00e1rios recebam alertas sobre as atividades e processos mais importantes para o seu trabalho<\/p>\n<p>[\/vc_column_text][\/vc_column][vc_column width=&#8221;1\/2&#8243; offset=&#8221;vc_col-lg-6 vc_col-md-6 vc_hidden-sm vc_hidden-xs&#8221; css=&#8221;.vc_custom_1678102656619{background-color: #f4f4f4 !important;}&#8221;][vc_single_image image=&#8221;9809&#8243; img_size=&#8221;200&#215;200&#8243; alignment=&#8221;center&#8221; css=&#8221;.vc_custom_1679592389209{margin-bottom: -35px !important;padding-right: 50px !important;padding-left: 50px !important;}&#8221;][vc_column_text css=&#8221;.vc_custom_1680610090334{padding-top: 25px !important;padding-right: 50px !important;padding-bottom: 25px !important;padding-left: 50px !important;}&#8221;]<\/p>\n<h1 style=\"font-size: 25px; text-align: center; line-height: 35px; color: #474747\" id=\"comunicacao-eficiente\" >Comunica\u00e7\u00e3o eficiente<\/h1>\n<p style=\"text-align: center; color: #676767;\">As notifica\u00e7\u00f5es personalizadas ajudam a reduzir o volume de e-mails e comunica\u00e7\u00f5es desnecess\u00e1rias, j\u00e1 que cada usu\u00e1rio recebe apenas as informa\u00e7\u00f5es pertinentes para o seu trabalho. Isso melhora a comunica\u00e7\u00e3o interna e evita a sobrecarga de informa\u00e7\u00f5es para os funcion\u00e1rios<\/p>\n<p>[\/vc_column_text][\/vc_column][\/vc_row][vc_row][vc_column][vc_column_text]<\/p>\n<ul style=\"color: #676767;\">\n<li>O <strong>Office Impresso<\/strong> pode auxiliar na execu\u00e7\u00e3o de tarefas para um bom gerenciamento da empresa.<\/li>\n<li>A ferramenta de notifica\u00e7\u00f5es personalizadas do <strong>Office Impresso<\/strong> ajuda a manter os usu\u00e1rios informados sobre as atividades e processos mais importantes para o seu trabalho.<\/li>\n<li>As notifica\u00e7\u00f5es personalizadas reduzem o volume de e-mails e comunica\u00e7\u00f5es desnecess\u00e1rias, melhorando a comunica\u00e7\u00e3o interna e evitando sobrecarga de informa\u00e7\u00f5es para os funcion\u00e1rios.<\/li>\n<li>Os usu\u00e1rios podem selecionar as notifica\u00e7\u00f5es mais pertinentes para o seu neg\u00f3cio e determinar a condi\u00e7\u00e3o de execu\u00e7\u00e3o para cada uma.<\/li>\n<li>O uso do <strong>Office Impresso<\/strong> pode garantir que nenhum processo importante fique para tr\u00e1s.<\/li>\n<\/ul>\n<p>[\/vc_column_text][\/vc_column][\/vc_row][vc_row full_width=&#8221;stretch_row_content&#8221; equal_height=&#8221;yes&#8221; css=&#8221;.vc_custom_1676920017047{background-color: #ffffff !important;}&#8221;][vc_column offset=&#8221;vc_hidden-lg vc_hidden-md vc_col-xs-12&#8243;][vc_single_image image=&#8221;9889&#8243; img_size=&#8221;200&#215;200&#8243; alignment=&#8221;center&#8221; css=&#8221;.vc_custom_1679592332821{margin-bottom: -35px !important;padding-right: 50px !important;padding-left: 50px !important;}&#8221;][vc_column_text css=&#8221;.vc_custom_1680610145904{padding-top: 25px !important;padding-right: 10px !important;padding-bottom: 25px !important;padding-left: 10px !important;}&#8221;]<\/p>\n<h1 style=\"font-size: 25px; text-align: center; line-height: 35px; color: #474747;\" id=\"fique-sempre-informado\" >Fique sempre informado<\/h1>\n<p style=\"text-align: center; color: #676767;\">O <strong>Office Impresso<\/strong> oferece uma ferramenta de notifica\u00e7\u00f5es personalizadas que permite que os usu\u00e1rios recebam alertas sobre as atividades e processos mais importantes para o seu trabalho<\/p>\n<p>[\/vc_column_text][vc_row_inner][vc_column_inner css=&#8221;.vc_custom_1679592018275{background-color: #f4f4f4 !important;}&#8221;][vc_column_text]<\/p>\n<ul style=\"color: #676767;\">\n<li>O <strong>Office Impresso<\/strong> pode auxiliar na execu\u00e7\u00e3o de tarefas para um bom gerenciamento da empresa.<\/li>\n<li>A ferramenta de notifica\u00e7\u00f5es personalizadas do <strong>Office Impresso<\/strong> ajuda a manter os usu\u00e1rios informados sobre as atividades e processos mais importantes para o seu trabalho.<\/li>\n<li>As notifica\u00e7\u00f5es personalizadas reduzem o volume de e-mails e comunica\u00e7\u00f5es desnecess\u00e1rias, melhorando a comunica\u00e7\u00e3o interna e evitando sobrecarga de informa\u00e7\u00f5es para os funcion\u00e1rios.<\/li>\n<li>Os usu\u00e1rios podem selecionar as notifica\u00e7\u00f5es mais pertinentes para o seu neg\u00f3cio e determinar a condi\u00e7\u00e3o de execu\u00e7\u00e3o para cada uma.<\/li>\n<li>O uso do <strong>Office Impresso<\/strong> pode garantir que nenhum processo importante fique para tr\u00e1s.<\/li>\n<\/ul>\n<p>[\/vc_column_text][\/vc_column_inner][\/vc_row_inner][\/vc_column][vc_column offset=&#8221;vc_hidden-lg vc_hidden-md vc_col-xs-12&#8243; css=&#8221;.vc_custom_1679591983301{background-color: #ffffff !important;}&#8221;][vc_single_image image=&#8221;9809&#8243; img_size=&#8221;200&#215;200&#8243; alignment=&#8221;center&#8221; css=&#8221;.vc_custom_1679592389209{margin-bottom: -35px !important;padding-right: 50px !important;padding-left: 50px !important;}&#8221;][vc_column_text css=&#8221;.vc_custom_1680610191182{padding-top: 25px !important;padding-right: 10px !important;padding-bottom: 25px !important;padding-left: 10px !important;}&#8221;]<\/p>\n<h1 style=\"font-size: 25px; text-align: center; line-height: 35px; color: #474747;\" id=\"comunicacao-eficiente\" >Comunica\u00e7\u00e3o eficiente<\/h1>\n<p style=\"text-align: center; color: #676767;\">As notifica\u00e7\u00f5es personalizadas ajudam a reduzir o volume de e-mails e comunica\u00e7\u00f5es desnecess\u00e1rias, j\u00e1 que cada usu\u00e1rio recebe apenas as informa\u00e7\u00f5es pertinentes para o seu trabalho. Isso melhora a comunica\u00e7\u00e3o interna e evita a sobrecarga de informa\u00e7\u00f5es para os funcion\u00e1rios.<\/p>\n<p>[\/vc_column_text][\/vc_column][\/vc_row]<\/p>\n","protected":false},"excerpt":{"rendered":"<p>[vc_row full_width=&#8221;stretch_row_content&#8221; css=&#8221;.vc_custom_1676920898231{margin-top: -70px !important;padding-bottom: 50px !important;background-position: center !important;background-repeat: no-repeat !important;background-size: cover !important;}&#8221;][vc_column css=&#8221;.vc_custom_1679591516310{background-image: url(https:\/\/oimpresso.com\/ajuda\/wp-content\/uploads\/2023\/03\/Notificacoes.png?id=10259) !important;background-position: center !important;background-repeat: no-repeat !important;background-size: cover !important;}&#8221; offset=&#8221;vc_hidden-md vc_hidden-sm vc_hidden-xs&#8221;][vc_column_text css=&#8221;.vc_custom_1680609913474{padding-left: 50px !important;}&#8221;] Notifica\u00e7\u00e3o [\/vc_column_text][vc_column_text css=&#8221;.vc_custom_1680609893829{padding-right: 600px !important;padding-left: 50px !important;}&#8221;] Conte com o Office Impresso para te auxiliar a executar todas as tarefas necess\u00e1rias para efetuar um bom gerenciamento de &hellip; <a href=\"https:\/\/oimpresso.com\/ajuda\/modulo-de-notificacoes\/\">Continued<\/a><\/p>\n","protected":false},"author":1,"featured_media":0,"parent":0,"menu_order":0,"comment_status":"closed","ping_status":"closed","template":"","meta":{"_bbp_topic_count":0,"_bbp_reply_count":0,"_bbp_total_topic_count":0,"_bbp_total_reply_count":0,"_bbp_voice_count":0,"_bbp_anonymous_reply_count":0,"_bbp_topic_count_hidden":0,"_bbp_reply_count_hidden":0,"_bbp_forum_subforum_count":0,"om_disable_all_campaigns":false,"_mi_skip_tracking":false},"yoast_head":"<!-- This site is optimized with the Yoast SEO plugin v20.5 - https:\/\/yoast.com\/wordpress\/plugins\/seo\/ -->\n<title>Notifica\u00e7\u00f5es<\/title>\n<meta name=\"robots\" content=\"index, follow, max-snippet:-1, max-image-preview:large, max-video-preview:-1\" \/>\n<link rel=\"canonical\" href=\"https:\/\/oimpresso.com\/ajuda\/modulo-de-notificacoes\/\" \/>\n<meta property=\"og:locale\" content=\"pt_BR\" \/>\n<meta property=\"og:type\" content=\"article\" \/>\n<meta property=\"og:title\" content=\"Notifica\u00e7\u00f5es\" \/>\n<meta property=\"og:description\" content=\"[vc_row full_width=&#8221;stretch_row_content&#8221; css=&#8221;.vc_custom_1676920898231{margin-top: -70px !important;padding-bottom: 50px !important;background-position: center !important;background-repeat: no-repeat !important;background-size: cover !important;}&#8221;][vc_column css=&#8221;.vc_custom_1679591516310{background-image: url(https:\/\/oimpresso.com\/ajuda\/wp-content\/uploads\/2023\/03\/Notificacoes.png?id=10259) !important;background-position: center !important;background-repeat: no-repeat !important;background-size: cover !important;}&#8221; offset=&#8221;vc_hidden-md vc_hidden-sm vc_hidden-xs&#8221;][vc_column_text css=&#8221;.vc_custom_1680609913474{padding-left: 50px !important;}&#8221;] Notifica\u00e7\u00e3o [\/vc_column_text][vc_column_text css=&#8221;.vc_custom_1680609893829{padding-right: 600px !important;padding-left: 50px !important;}&#8221;] Conte com o Office Impresso para te auxiliar a executar todas as tarefas necess\u00e1rias para efetuar um bom gerenciamento de &hellip; Continued\" \/>\n<meta property=\"og:url\" content=\"https:\/\/oimpresso.com\/ajuda\/modulo-de-notificacoes\/\" \/>\n<meta property=\"og:site_name\" content=\"Office Impresso\" \/>\n<meta property=\"article:modified_time\" content=\"2023-04-26T18:06:05+00:00\" \/>\n<meta name=\"twitter:card\" content=\"summary_large_image\" \/>\n<meta name=\"twitter:label1\" content=\"Est. tempo de leitura\" \/>\n\t<meta name=\"twitter:data1\" content=\"6 minutos\" \/>\n<script type=\"application\/ld+json\" class=\"yoast-schema-graph\">{\"@context\":\"https:\/\/schema.org\",\"@graph\":[{\"@type\":\"WebPage\",\"@id\":\"https:\/\/oimpresso.com\/ajuda\/modulo-de-notificacoes\/\",\"url\":\"https:\/\/oimpresso.com\/ajuda\/modulo-de-notificacoes\/\",\"name\":\"Notifica\u00e7\u00f5es\",\"isPartOf\":{\"@id\":\"https:\/\/oimpresso.com\/ajuda\/#website\"},\"datePublished\":\"2022-08-17T11:06:16+00:00\",\"dateModified\":\"2023-04-26T18:06:05+00:00\",\"breadcrumb\":{\"@id\":\"https:\/\/oimpresso.com\/ajuda\/modulo-de-notificacoes\/#breadcrumb\"},\"inLanguage\":\"pt-BR\",\"potentialAction\":[{\"@type\":\"ReadAction\",\"target\":[\"https:\/\/oimpresso.com\/ajuda\/modulo-de-notificacoes\/\"]}]},{\"@type\":\"BreadcrumbList\",\"@id\":\"https:\/\/oimpresso.com\/ajuda\/modulo-de-notificacoes\/#breadcrumb\",\"itemListElement\":[{\"@type\":\"ListItem\",\"position\":1,\"name\":\"In\u00edcio\",\"item\":\"https:\/\/oimpresso.com\/ajuda\/\"},{\"@type\":\"ListItem\",\"position\":2,\"name\":\"Notifica\u00e7\u00f5es\"}]},{\"@type\":\"WebSite\",\"@id\":\"https:\/\/oimpresso.com\/ajuda\/#website\",\"url\":\"https:\/\/oimpresso.com\/ajuda\/\",\"name\":\"Office Impresso\",\"description\":\"Portal de Ajuda\",\"publisher\":{\"@id\":\"https:\/\/oimpresso.com\/ajuda\/#organization\"},\"potentialAction\":[{\"@type\":\"SearchAction\",\"target\":{\"@type\":\"EntryPoint\",\"urlTemplate\":\"https:\/\/oimpresso.com\/ajuda\/?s={search_term_string}\"},\"query-input\":\"required name=search_term_string\"}],\"inLanguage\":\"pt-BR\"},{\"@type\":\"Organization\",\"@id\":\"https:\/\/oimpresso.com\/ajuda\/#organization\",\"name\":\"Office Impresso\",\"url\":\"https:\/\/oimpresso.com\/ajuda\/\",\"logo\":{\"@type\":\"ImageObject\",\"inLanguage\":\"pt-BR\",\"@id\":\"https:\/\/oimpresso.com\/ajuda\/#\/schema\/logo\/image\/\",\"url\":\"https:\/\/oimpresso.com\/ajuda\/wp-content\/uploads\/2023\/04\/LOGO-PRETA-Office-Impresso-e1680706829226.png\",\"contentUrl\":\"https:\/\/oimpresso.com\/ajuda\/wp-content\/uploads\/2023\/04\/LOGO-PRETA-Office-Impresso-e1680706829226.png\",\"width\":275,\"height\":77,\"caption\":\"Office Impresso\"},\"image\":{\"@id\":\"https:\/\/oimpresso.com\/ajuda\/#\/schema\/logo\/image\/\"}}]}<\/script>\n<!-- \/ Yoast SEO plugin. -->","yoast_head_json":{"title":"Notifica\u00e7\u00f5es","robots":{"index":"index","follow":"follow","max-snippet":"max-snippet:-1","max-image-preview":"max-image-preview:large","max-video-preview":"max-video-preview:-1"},"canonical":"https:\/\/oimpresso.com\/ajuda\/modulo-de-notificacoes\/","og_locale":"pt_BR","og_type":"article","og_title":"Notifica\u00e7\u00f5es","og_description":"[vc_row full_width=&#8221;stretch_row_content&#8221; css=&#8221;.vc_custom_1676920898231{margin-top: -70px !important;padding-bottom: 50px !important;background-position: center !important;background-repeat: no-repeat !important;background-size: cover !important;}&#8221;][vc_column css=&#8221;.vc_custom_1679591516310{background-image: url(https:\/\/oimpresso.com\/ajuda\/wp-content\/uploads\/2023\/03\/Notificacoes.png?id=10259) !important;background-position: center !important;background-repeat: no-repeat !important;background-size: cover !important;}&#8221; offset=&#8221;vc_hidden-md vc_hidden-sm vc_hidden-xs&#8221;][vc_column_text css=&#8221;.vc_custom_1680609913474{padding-left: 50px !important;}&#8221;] Notifica\u00e7\u00e3o [\/vc_column_text][vc_column_text css=&#8221;.vc_custom_1680609893829{padding-right: 600px !important;padding-left: 50px !important;}&#8221;] Conte com o Office Impresso para te auxiliar a executar todas as tarefas necess\u00e1rias para efetuar um bom gerenciamento de &hellip; Continued","og_url":"https:\/\/oimpresso.com\/ajuda\/modulo-de-notificacoes\/","og_site_name":"Office Impresso","article_modified_time":"2023-04-26T18:06:05+00:00","twitter_card":"summary_large_image","twitter_misc":{"Est. tempo de leitura":"6 minutos"},"schema":{"@context":"https:\/\/schema.org","@graph":[{"@type":"WebPage","@id":"https:\/\/oimpresso.com\/ajuda\/modulo-de-notificacoes\/","url":"https:\/\/oimpresso.com\/ajuda\/modulo-de-notificacoes\/","name":"Notifica\u00e7\u00f5es","isPartOf":{"@id":"https:\/\/oimpresso.com\/ajuda\/#website"},"datePublished":"2022-08-17T11:06:16+00:00","dateModified":"2023-04-26T18:06:05+00:00","breadcrumb":{"@id":"https:\/\/oimpresso.com\/ajuda\/modulo-de-notificacoes\/#breadcrumb"},"inLanguage":"pt-BR","potentialAction":[{"@type":"ReadAction","target":["https:\/\/oimpresso.com\/ajuda\/modulo-de-notificacoes\/"]}]},{"@type":"BreadcrumbList","@id":"https:\/\/oimpresso.com\/ajuda\/modulo-de-notificacoes\/#breadcrumb","itemListElement":[{"@type":"ListItem","position":1,"name":"In\u00edcio","item":"https:\/\/oimpresso.com\/ajuda\/"},{"@type":"ListItem","position":2,"name":"Notifica\u00e7\u00f5es"}]},{"@type":"WebSite","@id":"https:\/\/oimpresso.com\/ajuda\/#website","url":"https:\/\/oimpresso.com\/ajuda\/","name":"Office Impresso","description":"Portal de Ajuda","publisher":{"@id":"https:\/\/oimpresso.com\/ajuda\/#organization"},"potentialAction":[{"@type":"SearchAction","target":{"@type":"EntryPoint","urlTemplate":"https:\/\/oimpresso.com\/ajuda\/?s={search_term_string}"},"query-input":"required name=search_term_string"}],"inLanguage":"pt-BR"},{"@type":"Organization","@id":"https:\/\/oimpresso.com\/ajuda\/#organization","name":"Office Impresso","url":"https:\/\/oimpresso.com\/ajuda\/","logo":{"@type":"ImageObject","inLanguage":"pt-BR","@id":"https:\/\/oimpresso.com\/ajuda\/#\/schema\/logo\/image\/","url":"https:\/\/oimpresso.com\/ajuda\/wp-content\/uploads\/2023\/04\/LOGO-PRETA-Office-Impresso-e1680706829226.png","contentUrl":"https:\/\/oimpresso.com\/ajuda\/wp-content\/uploads\/2023\/04\/LOGO-PRETA-Office-Impresso-e1680706829226.png","width":275,"height":77,"caption":"Office Impresso"},"image":{"@id":"https:\/\/oimpresso.com\/ajuda\/#\/schema\/logo\/image\/"}}]}},"_links":{"self":[{"href":"https:\/\/oimpresso.com\/ajuda\/wp-json\/wp\/v2\/pages\/6353"}],"collection":[{"href":"https:\/\/oimpresso.com\/ajuda\/wp-json\/wp\/v2\/pages"}],"about":[{"href":"https:\/\/oimpresso.com\/ajuda\/wp-json\/wp\/v2\/types\/page"}],"author":[{"embeddable":true,"href":"https:\/\/oimpresso.com\/ajuda\/wp-json\/wp\/v2\/users\/1"}],"replies":[{"embeddable":true,"href":"https:\/\/oimpresso.com\/ajuda\/wp-json\/wp\/v2\/comments?post=6353"}],"version-history":[{"count":16,"href":"https:\/\/oimpresso.com\/ajuda\/wp-json\/wp\/v2\/pages\/6353\/revisions"}],"predecessor-version":[{"id":10904,"href":"https:\/\/oimpresso.com\/ajuda\/wp-json\/wp\/v2\/pages\/6353\/revisions\/10904"}],"wp:attachment":[{"href":"https:\/\/oimpresso.com\/ajuda\/wp-json\/wp\/v2\/media?parent=6353"}],"curies":[{"name":"wp","href":"https:\/\/api.w.org\/{rel}","templated":true}]}}