{"id":6351,"date":"2022-08-17T08:05:49","date_gmt":"2022-08-17T11:05:49","guid":{"rendered":"https:\/\/oimpresso.com\/ajuda\/?page_id=6351"},"modified":"2023-04-26T14:58:06","modified_gmt":"2023-04-26T17:58:06","slug":"modulo-compras","status":"publish","type":"page","link":"https:\/\/oimpresso.com\/ajuda\/modulo-compras\/","title":{"rendered":"Compras"},"content":{"rendered":"\n<p>M\u00f3dulo Compra:<\/p>\n\n\n\n<p><strong>(Funcionalidades como convers\u00e3o de produtos, notas emitidas contra o CNPJ e atualiza\u00e7\u00e3o autom\u00e1tica dos pre\u00e7os.)<\/strong><\/p>\n\n\n\n<p>Visando otimizar o processo de compra, contamos com funcionalidades importantes que diminuir\u00e3o o tempo da execu\u00e7\u00e3o da tarefa, como a atualiza\u00e7\u00e3o autom\u00e1tica dos pre\u00e7os, a convers\u00e3o de produtos, a consulta de notas emitidas contra o CNPJ.<\/p>\n\n\n\n<p>Apresentam-se as fun\u00e7\u00f5es pertinentes ao processo:<\/p>\n\n\n\n<ul><li>Consulta de compras<\/li><li>Adicionar compras<\/li><li>Devolu\u00e7\u00e3o de NE-e<\/li><li>Devolu\u00e7\u00e3o de compra<\/li><li>Importar XML &#8211; Arquivo<\/li><li>Manifesta\u00e7\u00e3o do destinat\u00e1rio<\/li><li>Painel de compras<\/li><li>Relat\u00f3rio(Relat\u00f3rio de produtos comprados)<\/li><\/ul>\n\n\n\n<p>Em consulta de compras \u2192 Exibe a janela de compras efetuadas, contendo informa\u00e7\u00f5es como<\/p>\n\n\n\n<p>data, tipo, n\u00famero, raz\u00e3o social, estoque, financeiro, total, usu\u00e1rio, data da nota, ativo, quantidade,<\/p>\n\n\n\n<p>data de faturamento e chave de acesso. No canto superior direito da tela encontram-se os filtros de busca e a op\u00e7\u00e3o Novo, enquanto no esquerdo est\u00e3o as fun\u00e7\u00f5es de Importar XML \u2013 Arquivo e Manifesta\u00e7\u00e3o do Destinat\u00e1rio.<\/p>\n\n\n\n<p>Em Importar XML \u2013 Arquivo \u2192 Abre a janela de importa\u00e7\u00e3o de arquivo, bastando apenas localizar o mesmo e clicar em abrir.<\/p>\n\n\n\n<p>Selecionando Manifesta\u00e7\u00e3o do Destinat\u00e1rio(Importar XML autom\u00e1tico)\u2192 Exibe as notas emitidas contra o CNPJ. Para iniciar o processo de dar entrada em uma nota \u00e9 preciso selecionar a fun\u00e7\u00e3o Aguardando SEFAZ, onde as notas j\u00e1 s\u00e3o baixadas automaticamente e clicar em Lan\u00e7ar para a Compra.<\/p>\n\n\n\n<p>Novo \u2192 Direciona para a janela de um novo cadastro de compra. Aqui os campos necess\u00e1rios dever\u00e3o ser preenchidos com aten\u00e7\u00e3o.<\/p>\n\n\n\n<p>Selecionando Adicionar compras \u2192 Tela de inser\u00e7\u00e3o de um novo cadastro de compra, bastando somente preencher os campos com todos os dados pertinentes. Conta com as funcionalidades Produto, Forma de Pagamento, Dados Adicionais, Atividade, Motor de c\u00e1lculo, Vinculadas. Na lateral direita se encontra o painel com funcionalidades b\u00e1sicas para edi\u00e7\u00e3o da compra e abaixo seguem as fun\u00e7\u00f5es de Consultar, Imprimir, Menu para envio de c\u00f3digo de barras e checagem de Produtos com estoque baixo, Importar NFe, Campo para inser\u00e7\u00e3o da data de finaliza\u00e7\u00e3o, Finalizar Compra e Sair.<\/p>\n\n\n\n<p><\/p>\n","protected":false},"excerpt":{"rendered":"<p>M\u00f3dulo Compra: (Funcionalidades como convers\u00e3o de produtos, notas emitidas contra o CNPJ e atualiza\u00e7\u00e3o autom\u00e1tica dos pre\u00e7os.) Visando otimizar o processo de compra, contamos com funcionalidades importantes que diminuir\u00e3o o tempo da execu\u00e7\u00e3o da tarefa, como a atualiza\u00e7\u00e3o autom\u00e1tica dos pre\u00e7os, a convers\u00e3o de produtos, a consulta de notas emitidas contra o CNPJ. Apresentam-se as &hellip; <a href=\"https:\/\/oimpresso.com\/ajuda\/modulo-compras\/\">Continued<\/a><\/p>\n","protected":false},"author":1,"featured_media":0,"parent":0,"menu_order":0,"comment_status":"closed","ping_status":"closed","template":"","meta":{"_bbp_topic_count":0,"_bbp_reply_count":0,"_bbp_total_topic_count":0,"_bbp_total_reply_count":0,"_bbp_voice_count":0,"_bbp_anonymous_reply_count":0,"_bbp_topic_count_hidden":0,"_bbp_reply_count_hidden":0,"_bbp_forum_subforum_count":0,"om_disable_all_campaigns":false,"_mi_skip_tracking":false},"yoast_head":"<!-- This site is optimized with the Yoast SEO plugin v20.5 - https:\/\/yoast.com\/wordpress\/plugins\/seo\/ -->\n<title>Compras<\/title>\n<meta name=\"robots\" content=\"index, follow, max-snippet:-1, max-image-preview:large, max-video-preview:-1\" \/>\n<link rel=\"canonical\" href=\"https:\/\/oimpresso.com\/ajuda\/modulo-compras\/\" \/>\n<meta property=\"og:locale\" content=\"pt_BR\" \/>\n<meta property=\"og:type\" content=\"article\" \/>\n<meta property=\"og:title\" content=\"Compras\" \/>\n<meta property=\"og:description\" content=\"M\u00f3dulo Compra: (Funcionalidades como convers\u00e3o de produtos, notas emitidas contra o CNPJ e atualiza\u00e7\u00e3o autom\u00e1tica dos pre\u00e7os.) Visando otimizar o processo de compra, contamos com funcionalidades importantes que diminuir\u00e3o o tempo da execu\u00e7\u00e3o da tarefa, como a atualiza\u00e7\u00e3o autom\u00e1tica dos pre\u00e7os, a convers\u00e3o de produtos, a consulta de notas emitidas contra o CNPJ. Apresentam-se as &hellip; Continued\" \/>\n<meta property=\"og:url\" content=\"https:\/\/oimpresso.com\/ajuda\/modulo-compras\/\" \/>\n<meta property=\"og:site_name\" content=\"Office Impresso\" \/>\n<meta property=\"article:modified_time\" content=\"2023-04-26T17:58:06+00:00\" \/>\n<meta name=\"twitter:card\" content=\"summary_large_image\" \/>\n<meta name=\"twitter:label1\" content=\"Est. tempo de leitura\" \/>\n\t<meta name=\"twitter:data1\" content=\"2 minutos\" \/>\n<script type=\"application\/ld+json\" class=\"yoast-schema-graph\">{\"@context\":\"https:\/\/schema.org\",\"@graph\":[{\"@type\":\"WebPage\",\"@id\":\"https:\/\/oimpresso.com\/ajuda\/modulo-compras\/\",\"url\":\"https:\/\/oimpresso.com\/ajuda\/modulo-compras\/\",\"name\":\"Compras\",\"isPartOf\":{\"@id\":\"https:\/\/oimpresso.com\/ajuda\/#website\"},\"datePublished\":\"2022-08-17T11:05:49+00:00\",\"dateModified\":\"2023-04-26T17:58:06+00:00\",\"breadcrumb\":{\"@id\":\"https:\/\/oimpresso.com\/ajuda\/modulo-compras\/#breadcrumb\"},\"inLanguage\":\"pt-BR\",\"potentialAction\":[{\"@type\":\"ReadAction\",\"target\":[\"https:\/\/oimpresso.com\/ajuda\/modulo-compras\/\"]}]},{\"@type\":\"BreadcrumbList\",\"@id\":\"https:\/\/oimpresso.com\/ajuda\/modulo-compras\/#breadcrumb\",\"itemListElement\":[{\"@type\":\"ListItem\",\"position\":1,\"name\":\"In\u00edcio\",\"item\":\"https:\/\/oimpresso.com\/ajuda\/\"},{\"@type\":\"ListItem\",\"position\":2,\"name\":\"Compras\"}]},{\"@type\":\"WebSite\",\"@id\":\"https:\/\/oimpresso.com\/ajuda\/#website\",\"url\":\"https:\/\/oimpresso.com\/ajuda\/\",\"name\":\"Office Impresso\",\"description\":\"Portal de Ajuda\",\"publisher\":{\"@id\":\"https:\/\/oimpresso.com\/ajuda\/#organization\"},\"potentialAction\":[{\"@type\":\"SearchAction\",\"target\":{\"@type\":\"EntryPoint\",\"urlTemplate\":\"https:\/\/oimpresso.com\/ajuda\/?s={search_term_string}\"},\"query-input\":\"required name=search_term_string\"}],\"inLanguage\":\"pt-BR\"},{\"@type\":\"Organization\",\"@id\":\"https:\/\/oimpresso.com\/ajuda\/#organization\",\"name\":\"Office Impresso\",\"url\":\"https:\/\/oimpresso.com\/ajuda\/\",\"logo\":{\"@type\":\"ImageObject\",\"inLanguage\":\"pt-BR\",\"@id\":\"https:\/\/oimpresso.com\/ajuda\/#\/schema\/logo\/image\/\",\"url\":\"https:\/\/oimpresso.com\/ajuda\/wp-content\/uploads\/2023\/04\/LOGO-PRETA-Office-Impresso-e1680706829226.png\",\"contentUrl\":\"https:\/\/oimpresso.com\/ajuda\/wp-content\/uploads\/2023\/04\/LOGO-PRETA-Office-Impresso-e1680706829226.png\",\"width\":275,\"height\":77,\"caption\":\"Office Impresso\"},\"image\":{\"@id\":\"https:\/\/oimpresso.com\/ajuda\/#\/schema\/logo\/image\/\"}}]}<\/script>\n<!-- \/ Yoast SEO plugin. -->","yoast_head_json":{"title":"Compras","robots":{"index":"index","follow":"follow","max-snippet":"max-snippet:-1","max-image-preview":"max-image-preview:large","max-video-preview":"max-video-preview:-1"},"canonical":"https:\/\/oimpresso.com\/ajuda\/modulo-compras\/","og_locale":"pt_BR","og_type":"article","og_title":"Compras","og_description":"M\u00f3dulo Compra: (Funcionalidades como convers\u00e3o de produtos, notas emitidas contra o CNPJ e atualiza\u00e7\u00e3o autom\u00e1tica dos pre\u00e7os.) Visando otimizar o processo de compra, contamos com funcionalidades importantes que diminuir\u00e3o o tempo da execu\u00e7\u00e3o da tarefa, como a atualiza\u00e7\u00e3o autom\u00e1tica dos pre\u00e7os, a convers\u00e3o de produtos, a consulta de notas emitidas contra o CNPJ. Apresentam-se as &hellip; Continued","og_url":"https:\/\/oimpresso.com\/ajuda\/modulo-compras\/","og_site_name":"Office Impresso","article_modified_time":"2023-04-26T17:58:06+00:00","twitter_card":"summary_large_image","twitter_misc":{"Est. tempo de leitura":"2 minutos"},"schema":{"@context":"https:\/\/schema.org","@graph":[{"@type":"WebPage","@id":"https:\/\/oimpresso.com\/ajuda\/modulo-compras\/","url":"https:\/\/oimpresso.com\/ajuda\/modulo-compras\/","name":"Compras","isPartOf":{"@id":"https:\/\/oimpresso.com\/ajuda\/#website"},"datePublished":"2022-08-17T11:05:49+00:00","dateModified":"2023-04-26T17:58:06+00:00","breadcrumb":{"@id":"https:\/\/oimpresso.com\/ajuda\/modulo-compras\/#breadcrumb"},"inLanguage":"pt-BR","potentialAction":[{"@type":"ReadAction","target":["https:\/\/oimpresso.com\/ajuda\/modulo-compras\/"]}]},{"@type":"BreadcrumbList","@id":"https:\/\/oimpresso.com\/ajuda\/modulo-compras\/#breadcrumb","itemListElement":[{"@type":"ListItem","position":1,"name":"In\u00edcio","item":"https:\/\/oimpresso.com\/ajuda\/"},{"@type":"ListItem","position":2,"name":"Compras"}]},{"@type":"WebSite","@id":"https:\/\/oimpresso.com\/ajuda\/#website","url":"https:\/\/oimpresso.com\/ajuda\/","name":"Office Impresso","description":"Portal de Ajuda","publisher":{"@id":"https:\/\/oimpresso.com\/ajuda\/#organization"},"potentialAction":[{"@type":"SearchAction","target":{"@type":"EntryPoint","urlTemplate":"https:\/\/oimpresso.com\/ajuda\/?s={search_term_string}"},"query-input":"required name=search_term_string"}],"inLanguage":"pt-BR"},{"@type":"Organization","@id":"https:\/\/oimpresso.com\/ajuda\/#organization","name":"Office Impresso","url":"https:\/\/oimpresso.com\/ajuda\/","logo":{"@type":"ImageObject","inLanguage":"pt-BR","@id":"https:\/\/oimpresso.com\/ajuda\/#\/schema\/logo\/image\/","url":"https:\/\/oimpresso.com\/ajuda\/wp-content\/uploads\/2023\/04\/LOGO-PRETA-Office-Impresso-e1680706829226.png","contentUrl":"https:\/\/oimpresso.com\/ajuda\/wp-content\/uploads\/2023\/04\/LOGO-PRETA-Office-Impresso-e1680706829226.png","width":275,"height":77,"caption":"Office Impresso"},"image":{"@id":"https:\/\/oimpresso.com\/ajuda\/#\/schema\/logo\/image\/"}}]}},"_links":{"self":[{"href":"https:\/\/oimpresso.com\/ajuda\/wp-json\/wp\/v2\/pages\/6351"}],"collection":[{"href":"https:\/\/oimpresso.com\/ajuda\/wp-json\/wp\/v2\/pages"}],"about":[{"href":"https:\/\/oimpresso.com\/ajuda\/wp-json\/wp\/v2\/types\/page"}],"author":[{"embeddable":true,"href":"https:\/\/oimpresso.com\/ajuda\/wp-json\/wp\/v2\/users\/1"}],"replies":[{"embeddable":true,"href":"https:\/\/oimpresso.com\/ajuda\/wp-json\/wp\/v2\/comments?post=6351"}],"version-history":[{"count":4,"href":"https:\/\/oimpresso.com\/ajuda\/wp-json\/wp\/v2\/pages\/6351\/revisions"}],"predecessor-version":[{"id":7679,"href":"https:\/\/oimpresso.com\/ajuda\/wp-json\/wp\/v2\/pages\/6351\/revisions\/7679"}],"wp:attachment":[{"href":"https:\/\/oimpresso.com\/ajuda\/wp-json\/wp\/v2\/media?parent=6351"}],"curies":[{"name":"wp","href":"https:\/\/api.w.org\/{rel}","templated":true}]}}