{"id":6348,"date":"2022-08-17T08:04:28","date_gmt":"2022-08-17T11:04:28","guid":{"rendered":"https:\/\/oimpresso.com\/ajuda\/?page_id=6348"},"modified":"2023-04-26T14:36:54","modified_gmt":"2023-04-26T17:36:54","slug":"modulo-estoque","status":"publish","type":"page","link":"https:\/\/oimpresso.com\/ajuda\/modulo-estoque\/","title":{"rendered":"Estoque"},"content":{"rendered":"\n<p>Descreva o m\u00f3dulo de estoque<\/p>\n\n\n\n<p><strong>(Melhora no desempenho e tempo de processo com Indicadores de estoque e Balan\u00e7o patrimonial)<\/strong><\/p>\n\n\n\n<p>Ferramenta utilizada para realizar o controle de entradas e sa\u00eddas de mercadorias. Exibe a movimenta\u00e7\u00e3o de produtos de maneira simples e completa, entregando todos os dados importantes de cada processo, como: <em>data, hora, usu\u00e1rio, produto, quantidade, c\u00f3digo de venda<\/em> e a qual <em>categoria<\/em> se encontra. Conta com <em>filtros de busca simplificados<\/em>, para se obter <em>resultados r\u00e1pidos<\/em> e <em>precisos.<\/em><\/p>\n\n\n\n<p>Ao selecionar a op\u00e7\u00e3o Estoque, \u00e9 aberta uma tela que exibe o fluxo do estoque. Na parte superior direita \u00e9 poss\u00edvel encontrar as ferramentas de filtro, sendo elas Filtro de Data, Filtros R\u00e1pidos, campo de Pesquisa e + Novo.<\/p>\n\n\n\n<p>Ao clicar sobre a ferramenta Filtro de Data \u2192 \u00c9 poss\u00edvel selecionar no campo Per\u00edodos a data da movimenta\u00e7\u00e3o que deseja buscar, sendo ela dividida em Dia, Semana, M\u00eas e Ano. As setas verdes executam as fun\u00e7\u00f5es de voltar ou avan\u00e7ar at\u00e9 o per\u00edodo desejado, bastando apenas selecionar a lupa para realizar a pesquisa.<\/p>\n\n\n\n<p>Abaixo deste campo se encontra o Personalizado \u2192 Aqui a busca ocorre dentro do per\u00edodo especificado pelo usu\u00e1rio, onde \u00e9 poss\u00edvel inserir a data inicial e final da busca no formato(Dia\/M\u00eas\/Ano) e executando a busca ao clicar na lupa.<\/p>\n\n\n\n<p>No \u00edcone do calend\u00e1rio s\u00e3o encontradas algumas op\u00e7\u00f5es de pesquisa j\u00e1 configuradas, como ontem, hoje, semana passada e entre outros, sendo necess\u00e1rio apenas clicar sobre a desejada e confirmando a procura na lupa. Na \u00faltima op\u00e7\u00e3o encontra-se a fun\u00e7\u00e3o Limpar Per\u00edodo, a qual deleta a data personalizada, bastando inserir novamente o espa\u00e7o de tempo desejado<\/p>\n\n\n\n<p>.<br>No campo Filtros R\u00e1pidos \u2192 Geralmente encontra-se a categoria de movimenta\u00e7\u00f5es que foram arquivadas pelo usu\u00e1rio.<\/p>\n\n\n\n<p>O \u00faltimo modo de pesquisa, aba F1 Pesquisar \u2192 Aqui \u00e9 poss\u00edvel encontrar a movimenta\u00e7\u00e3o do produto desejado inserindo seu c\u00f3digo, nome cadastrado, c\u00f3digo de venda ou data.<\/p>\n\n\n\n<p>Com duplo clique sobre a op\u00e7\u00e3o desejada, \u00e9 exibida a tela de Cadastro de movimenta\u00e7\u00e3o do estoque, onde constam os detalhes da opera\u00e7\u00e3o.<\/p>\n\n\n\n<p>Utilizando a op\u00e7\u00e3o Novo \u2192 \u00c9 aberta uma janela para que se realize o cadastro da movimenta\u00e7\u00e3o, aqui \u00e9 necess\u00e1rio apenas preencher os campos com as informa\u00e7\u00f5es desejadas e finalizar clicando em confirmar.<\/p>\n\n\n\n<p>Invent\u00e1rio F\u00edsico \u2013 Balan\u00e7o Patrimonial: \u2192 Relat\u00f3rio cont\u00e1bil que exibe a situa\u00e7\u00e3o financeira da empresa ao listar todos os seus bens, recursos, direitos e investimentos. ??<\/p>\n\n\n\n<p>Painel de Estoque \u2192 Abre o painel de Indicadores de Estoque, exibindo as classifica\u00e7\u00f5es dos produtos, as quais podem ser alteradas clicando no \u00edcone da seta de cada bloco.<\/p>\n\n\n\n<ul><li>Produtos e servi\u00e7os<\/li><li>Produtos especiais<\/li><li>Gest\u00e3o de estoque<\/li><li>Classifica\u00e7\u00e3o fiscal<\/li><li>Valores dos produtos<\/li><li>Tipos de produto.<\/li><\/ul>\n","protected":false},"excerpt":{"rendered":"<p>Descreva o m\u00f3dulo de estoque (Melhora no desempenho e tempo de processo com Indicadores de estoque e Balan\u00e7o patrimonial) Ferramenta utilizada para realizar o controle de entradas e sa\u00eddas de mercadorias. Exibe a movimenta\u00e7\u00e3o de produtos de maneira simples e completa, entregando todos os dados importantes de cada processo, como: data, hora, usu\u00e1rio, produto, quantidade, &hellip; <a href=\"https:\/\/oimpresso.com\/ajuda\/modulo-estoque\/\">Continued<\/a><\/p>\n","protected":false},"author":1,"featured_media":0,"parent":0,"menu_order":0,"comment_status":"closed","ping_status":"closed","template":"","meta":{"_bbp_topic_count":0,"_bbp_reply_count":0,"_bbp_total_topic_count":0,"_bbp_total_reply_count":0,"_bbp_voice_count":0,"_bbp_anonymous_reply_count":0,"_bbp_topic_count_hidden":0,"_bbp_reply_count_hidden":0,"_bbp_forum_subforum_count":0,"om_disable_all_campaigns":false,"_mi_skip_tracking":false},"yoast_head":"<!-- This site is optimized with the Yoast SEO plugin v20.5 - https:\/\/yoast.com\/wordpress\/plugins\/seo\/ -->\n<title>Estoque<\/title>\n<meta name=\"robots\" content=\"index, follow, max-snippet:-1, max-image-preview:large, max-video-preview:-1\" \/>\n<link rel=\"canonical\" href=\"https:\/\/oimpresso.com\/ajuda\/modulo-estoque\/\" \/>\n<meta property=\"og:locale\" content=\"pt_BR\" \/>\n<meta property=\"og:type\" content=\"article\" \/>\n<meta property=\"og:title\" content=\"Estoque\" \/>\n<meta property=\"og:description\" content=\"Descreva o m\u00f3dulo de estoque (Melhora no desempenho e tempo de processo com Indicadores de estoque e Balan\u00e7o patrimonial) Ferramenta utilizada para realizar o controle de entradas e sa\u00eddas de mercadorias. Exibe a movimenta\u00e7\u00e3o de produtos de maneira simples e completa, entregando todos os dados importantes de cada processo, como: data, hora, usu\u00e1rio, produto, quantidade, &hellip; Continued\" \/>\n<meta property=\"og:url\" content=\"https:\/\/oimpresso.com\/ajuda\/modulo-estoque\/\" \/>\n<meta property=\"og:site_name\" content=\"Office Impresso\" \/>\n<meta property=\"article:modified_time\" content=\"2023-04-26T17:36:54+00:00\" \/>\n<meta name=\"twitter:card\" content=\"summary_large_image\" \/>\n<meta name=\"twitter:label1\" content=\"Est. tempo de leitura\" \/>\n\t<meta name=\"twitter:data1\" content=\"2 minutos\" \/>\n<script type=\"application\/ld+json\" class=\"yoast-schema-graph\">{\"@context\":\"https:\/\/schema.org\",\"@graph\":[{\"@type\":\"WebPage\",\"@id\":\"https:\/\/oimpresso.com\/ajuda\/modulo-estoque\/\",\"url\":\"https:\/\/oimpresso.com\/ajuda\/modulo-estoque\/\",\"name\":\"Estoque\",\"isPartOf\":{\"@id\":\"https:\/\/oimpresso.com\/ajuda\/#website\"},\"datePublished\":\"2022-08-17T11:04:28+00:00\",\"dateModified\":\"2023-04-26T17:36:54+00:00\",\"breadcrumb\":{\"@id\":\"https:\/\/oimpresso.com\/ajuda\/modulo-estoque\/#breadcrumb\"},\"inLanguage\":\"pt-BR\",\"potentialAction\":[{\"@type\":\"ReadAction\",\"target\":[\"https:\/\/oimpresso.com\/ajuda\/modulo-estoque\/\"]}]},{\"@type\":\"BreadcrumbList\",\"@id\":\"https:\/\/oimpresso.com\/ajuda\/modulo-estoque\/#breadcrumb\",\"itemListElement\":[{\"@type\":\"ListItem\",\"position\":1,\"name\":\"In\u00edcio\",\"item\":\"https:\/\/oimpresso.com\/ajuda\/\"},{\"@type\":\"ListItem\",\"position\":2,\"name\":\"Estoque\"}]},{\"@type\":\"WebSite\",\"@id\":\"https:\/\/oimpresso.com\/ajuda\/#website\",\"url\":\"https:\/\/oimpresso.com\/ajuda\/\",\"name\":\"Office Impresso\",\"description\":\"Portal de Ajuda\",\"publisher\":{\"@id\":\"https:\/\/oimpresso.com\/ajuda\/#organization\"},\"potentialAction\":[{\"@type\":\"SearchAction\",\"target\":{\"@type\":\"EntryPoint\",\"urlTemplate\":\"https:\/\/oimpresso.com\/ajuda\/?s={search_term_string}\"},\"query-input\":\"required name=search_term_string\"}],\"inLanguage\":\"pt-BR\"},{\"@type\":\"Organization\",\"@id\":\"https:\/\/oimpresso.com\/ajuda\/#organization\",\"name\":\"Office Impresso\",\"url\":\"https:\/\/oimpresso.com\/ajuda\/\",\"logo\":{\"@type\":\"ImageObject\",\"inLanguage\":\"pt-BR\",\"@id\":\"https:\/\/oimpresso.com\/ajuda\/#\/schema\/logo\/image\/\",\"url\":\"https:\/\/oimpresso.com\/ajuda\/wp-content\/uploads\/2023\/04\/LOGO-PRETA-Office-Impresso-e1680706829226.png\",\"contentUrl\":\"https:\/\/oimpresso.com\/ajuda\/wp-content\/uploads\/2023\/04\/LOGO-PRETA-Office-Impresso-e1680706829226.png\",\"width\":275,\"height\":77,\"caption\":\"Office Impresso\"},\"image\":{\"@id\":\"https:\/\/oimpresso.com\/ajuda\/#\/schema\/logo\/image\/\"}}]}<\/script>\n<!-- \/ Yoast SEO plugin. -->","yoast_head_json":{"title":"Estoque","robots":{"index":"index","follow":"follow","max-snippet":"max-snippet:-1","max-image-preview":"max-image-preview:large","max-video-preview":"max-video-preview:-1"},"canonical":"https:\/\/oimpresso.com\/ajuda\/modulo-estoque\/","og_locale":"pt_BR","og_type":"article","og_title":"Estoque","og_description":"Descreva o m\u00f3dulo de estoque (Melhora no desempenho e tempo de processo com Indicadores de estoque e Balan\u00e7o patrimonial) Ferramenta utilizada para realizar o controle de entradas e sa\u00eddas de mercadorias. Exibe a movimenta\u00e7\u00e3o de produtos de maneira simples e completa, entregando todos os dados importantes de cada processo, como: data, hora, usu\u00e1rio, produto, quantidade, &hellip; Continued","og_url":"https:\/\/oimpresso.com\/ajuda\/modulo-estoque\/","og_site_name":"Office Impresso","article_modified_time":"2023-04-26T17:36:54+00:00","twitter_card":"summary_large_image","twitter_misc":{"Est. tempo de leitura":"2 minutos"},"schema":{"@context":"https:\/\/schema.org","@graph":[{"@type":"WebPage","@id":"https:\/\/oimpresso.com\/ajuda\/modulo-estoque\/","url":"https:\/\/oimpresso.com\/ajuda\/modulo-estoque\/","name":"Estoque","isPartOf":{"@id":"https:\/\/oimpresso.com\/ajuda\/#website"},"datePublished":"2022-08-17T11:04:28+00:00","dateModified":"2023-04-26T17:36:54+00:00","breadcrumb":{"@id":"https:\/\/oimpresso.com\/ajuda\/modulo-estoque\/#breadcrumb"},"inLanguage":"pt-BR","potentialAction":[{"@type":"ReadAction","target":["https:\/\/oimpresso.com\/ajuda\/modulo-estoque\/"]}]},{"@type":"BreadcrumbList","@id":"https:\/\/oimpresso.com\/ajuda\/modulo-estoque\/#breadcrumb","itemListElement":[{"@type":"ListItem","position":1,"name":"In\u00edcio","item":"https:\/\/oimpresso.com\/ajuda\/"},{"@type":"ListItem","position":2,"name":"Estoque"}]},{"@type":"WebSite","@id":"https:\/\/oimpresso.com\/ajuda\/#website","url":"https:\/\/oimpresso.com\/ajuda\/","name":"Office Impresso","description":"Portal de Ajuda","publisher":{"@id":"https:\/\/oimpresso.com\/ajuda\/#organization"},"potentialAction":[{"@type":"SearchAction","target":{"@type":"EntryPoint","urlTemplate":"https:\/\/oimpresso.com\/ajuda\/?s={search_term_string}"},"query-input":"required name=search_term_string"}],"inLanguage":"pt-BR"},{"@type":"Organization","@id":"https:\/\/oimpresso.com\/ajuda\/#organization","name":"Office Impresso","url":"https:\/\/oimpresso.com\/ajuda\/","logo":{"@type":"ImageObject","inLanguage":"pt-BR","@id":"https:\/\/oimpresso.com\/ajuda\/#\/schema\/logo\/image\/","url":"https:\/\/oimpresso.com\/ajuda\/wp-content\/uploads\/2023\/04\/LOGO-PRETA-Office-Impresso-e1680706829226.png","contentUrl":"https:\/\/oimpresso.com\/ajuda\/wp-content\/uploads\/2023\/04\/LOGO-PRETA-Office-Impresso-e1680706829226.png","width":275,"height":77,"caption":"Office Impresso"},"image":{"@id":"https:\/\/oimpresso.com\/ajuda\/#\/schema\/logo\/image\/"}}]}},"_links":{"self":[{"href":"https:\/\/oimpresso.com\/ajuda\/wp-json\/wp\/v2\/pages\/6348"}],"collection":[{"href":"https:\/\/oimpresso.com\/ajuda\/wp-json\/wp\/v2\/pages"}],"about":[{"href":"https:\/\/oimpresso.com\/ajuda\/wp-json\/wp\/v2\/types\/page"}],"author":[{"embeddable":true,"href":"https:\/\/oimpresso.com\/ajuda\/wp-json\/wp\/v2\/users\/1"}],"replies":[{"embeddable":true,"href":"https:\/\/oimpresso.com\/ajuda\/wp-json\/wp\/v2\/comments?post=6348"}],"version-history":[{"count":5,"href":"https:\/\/oimpresso.com\/ajuda\/wp-json\/wp\/v2\/pages\/6348\/revisions"}],"predecessor-version":[{"id":7681,"href":"https:\/\/oimpresso.com\/ajuda\/wp-json\/wp\/v2\/pages\/6348\/revisions\/7681"}],"wp:attachment":[{"href":"https:\/\/oimpresso.com\/ajuda\/wp-json\/wp\/v2\/media?parent=6348"}],"curies":[{"name":"wp","href":"https:\/\/api.w.org\/{rel}","templated":true}]}}