{"id":6340,"date":"2022-08-17T08:02:04","date_gmt":"2022-08-17T11:02:04","guid":{"rendered":"https:\/\/oimpresso.com\/ajuda\/?page_id=6340"},"modified":"2023-04-26T15:04:18","modified_gmt":"2023-04-26T18:04:18","slug":"modulo-associacao","status":"publish","type":"page","link":"https:\/\/oimpresso.com\/ajuda\/modulo-associacao\/","title":{"rendered":"Associa\u00e7\u00e3o"},"content":{"rendered":"<p>[vc_row full_width=&#8221;stretch_row_content&#8221; css=&#8221;.vc_custom_1676920898231{margin-top: -70px !important;padding-bottom: 50px !important;background-position: center !important;background-repeat: no-repeat !important;background-size: cover !important;}&#8221;][vc_column css=&#8221;.vc_custom_1679663510273{background-image: url(https:\/\/oimpresso.com\/ajuda\/wp-content\/uploads\/2023\/03\/Associacao.png?id=10312) !important;background-position: center !important;background-repeat: no-repeat !important;background-size: cover !important;}&#8221; offset=&#8221;vc_hidden-md vc_hidden-sm vc_hidden-xs&#8221;][vc_column_text css=&#8221;.vc_custom_1680618071796{padding-right: 600px !important;padding-left: 50px !important;}&#8221;]<\/p>\n<h1 style=\"color: #474747;\" id=\"associacao\" >Associa\u00e7\u00e3o<\/h1>\n<p>[\/vc_column_text][vc_column_text css=&#8221;.vc_custom_1680618129937{padding-right: 650px !important;padding-left: 50px !important;}&#8221;]<\/p>\n<p style=\"font-size: 25px; color: #575757;\">O <strong>Office Impresso<\/strong> te ajuda na administra\u00e7\u00e3o de sua <strong>Associa\u00e7\u00e3o<\/strong>, entregando as ferramentas necess\u00e1rias para a execu\u00e7\u00e3o de todos os processos!<\/p>\n<p>[\/vc_column_text][vc_column_text css=&#8221;.vc_custom_1680618140632{padding-right: 650px !important;padding-left: 50px !important;}&#8221;]<\/p>\n<p style=\"color: #676767;\">Registre as ocorr\u00eancias, visualize todos os equipamentos vinculados a seus associados, efetue lan\u00e7amentos financeiros e o rateio dos valores sem grandes complica\u00e7\u00f5es. E mais! Ainda \u00e9 poss\u00edvel gerar a contribui\u00e7\u00e3o de seus associados para manter as finan\u00e7as em dia.<\/p>\n<p>[\/vc_column_text][vc_empty_space height=&#8221;100&#8243;][\/vc_column][\/vc_row][vc_row full_width=&#8221;stretch_row_content&#8221; css=&#8221;.vc_custom_1676921146248{margin-top: -20px !important;padding-bottom: 50px !important;background-position: center !important;background-repeat: no-repeat !important;background-size: cover !important;}&#8221;][vc_column css=&#8221;.vc_custom_1679663529416{background-image: url(https:\/\/oimpresso.com\/ajuda\/wp-content\/uploads\/2023\/03\/Associacao.png?id=10312) !important;background-position: center !important;background-repeat: no-repeat !important;background-size: cover !important;}&#8221; offset=&#8221;vc_hidden-lg vc_hidden-sm vc_hidden-xs&#8221;][vc_column_text css=&#8221;.vc_custom_1680618071796{padding-right: 600px !important;padding-left: 50px !important;}&#8221;]<\/p>\n<h1 style=\"color: #474747;\" id=\"associacao\" >Associa\u00e7\u00e3o<\/h1>\n<p>[\/vc_column_text][vc_column_text css=&#8221;.vc_custom_1680618129937{padding-right: 650px !important;padding-left: 50px !important;}&#8221;]<\/p>\n<p style=\"font-size: 25px; color: #575757;\">O <strong>Office Impresso<\/strong> te ajuda na administra\u00e7\u00e3o de sua <strong>Associa\u00e7\u00e3o<\/strong>, entregando as ferramentas necess\u00e1rias para a execu\u00e7\u00e3o de todos os processos!<\/p>\n<p>[\/vc_column_text][vc_column_text css=&#8221;.vc_custom_1680618140632{padding-right: 650px !important;padding-left: 50px !important;}&#8221;]<\/p>\n<p style=\"color: #676767;\">Registre as ocorr\u00eancias, visualize todos os equipamentos vinculados a seus associados, efetue lan\u00e7amentos financeiros e o rateio dos valores sem grandes complica\u00e7\u00f5es. E mais! Ainda \u00e9 poss\u00edvel gerar a contribui\u00e7\u00e3o de seus associados para manter as finan\u00e7as em dia.<\/p>\n<p>[\/vc_column_text][vc_empty_space height=&#8221;100&#8243;][\/vc_column][\/vc_row][vc_row full_width=&#8221;stretch_row_content&#8221; css=&#8221;.vc_custom_1676921326147{margin-top: -65px !important;padding-bottom: 50px !important;background-position: center !important;background-repeat: no-repeat !important;background-size: cover !important;}&#8221;][vc_column css=&#8221;.vc_custom_1676921921382{background-position: center !important;background-repeat: no-repeat !important;background-size: cover !important;}&#8221; offset=&#8221;vc_hidden-lg vc_hidden-md vc_col-xs-12&#8243;][vc_column_text css=&#8221;.vc_custom_1678133405424{padding-right: 10px !important;padding-left: 10px !important;}&#8221;]<\/p>\n<h1 style=\"text-align: center;\" id=\"associacao\" >Associa\u00e7\u00e3o<\/h1>\n<p>[\/vc_column_text][vc_column_text css=&#8221;.vc_custom_1680618267240{padding-right: 10px !important;padding-left: 10px !important;}&#8221;]<\/p>\n<p style=\"font-size: 25px; text-align: center; color: #575757;\">O <strong>Office Impresso<\/strong> te ajuda na administra\u00e7\u00e3o de sua <strong>Associa\u00e7\u00e3o<\/strong>, entregando as ferramentas necess\u00e1rias para a execu\u00e7\u00e3o de todos os processos!<\/p>\n<p>[\/vc_column_text][vc_column_text css=&#8221;.vc_custom_1680618291656{padding-right: 10px !important;padding-left: 10px !important;}&#8221;]<\/p>\n<p style=\"color: #676767; text-align: center;\">Registre as ocorr\u00eancias, visualize todos os equipamentos vinculados a seus associados, efetue lan\u00e7amentos financeiros e o rateio dos valores sem grandes complica\u00e7\u00f5es. E mais! Ainda \u00e9 poss\u00edvel gerar a contribui\u00e7\u00e3o de seus associados para manter as finan\u00e7as em dia.<\/p>\n<p>[\/vc_column_text][\/vc_column][vc_column offset=&#8221;vc_hidden-lg vc_hidden-md vc_col-xs-12&#8243; css=&#8221;.vc_custom_1679663548711{background-image: url(https:\/\/oimpresso.com\/ajuda\/wp-content\/uploads\/2023\/03\/Associacao-MOBILE.png?id=10311) !important;background-position: center !important;background-repeat: no-repeat !important;background-size: cover !important;}&#8221;][vc_empty_space height=&#8221;250&#8243;][\/vc_column][\/vc_row][vc_row full_width=&#8221;stretch_row_content&#8221; content_placement=&#8221;middle&#8221;][vc_column offset=&#8221;vc_hidden-sm vc_col-xs-12 vc_hidden-xs&#8221;][vc_column_text css=&#8221;.vc_custom_1680618321807{padding-right: 50px !important;padding-left: 50px !important;}&#8221;]<\/p>\n<h2 style=\"text-align: center; color: #474747;\" id=\"use-o-office-impresso-para-uma-gestao-eficiente-e-para-manter-suas-atividades-em-pleno-funcionamento\" >Use o Office Impresso para uma gest\u00e3o eficiente e para manter suas atividades em pleno funcionamento.<\/h2>\n<p>[\/vc_column_text][\/vc_column][vc_column offset=&#8221;vc_hidden-lg vc_hidden-md vc_col-xs-12&#8243;][vc_column_text css=&#8221;.vc_custom_1680618333064{padding-right: 10px !important;padding-left: 10px !important;}&#8221;]<\/p>\n<h2 style=\"text-align: center; color: #474747;\" id=\"use-o-office-impresso-para-uma-gestao-eficiente-e-para-manter-suas-atividades-em-pleno-funcionamento\" >Use o Office Impresso para uma gest\u00e3o eficiente e para manter suas atividades em pleno funcionamento.<\/h2>\n<p>[\/vc_column_text][vc_separator][\/vc_column][\/vc_row][vc_row full_width=&#8221;stretch_row_content&#8221; equal_height=&#8221;yes&#8221; css=&#8221;.vc_custom_1676919941898{background-color: #ffffff !important;}&#8221;][vc_column width=&#8221;1\/2&#8243; offset=&#8221;vc_col-lg-6 vc_col-md-6 vc_hidden-sm vc_hidden-xs&#8221;][vc_single_image image=&#8221;10313&#8243; img_size=&#8221;200&#215;200&#8243; alignment=&#8221;center&#8221; css=&#8221;.vc_custom_1679665802485{margin-bottom: -35px !important;padding-right: 50px !important;padding-left: 50px !important;}&#8221;][vc_column_text css=&#8221;.vc_custom_1680618371711{padding-top: 25px !important;padding-right: 50px !important;padding-bottom: 25px !important;padding-left: 50px !important;}&#8221;]<\/p>\n<h1 style=\"font-size: 25px; text-align: center; line-height: 35px; color: #474747;\" id=\"o-office-impresso-oferece-as-ferramentas-certas-para-ajudar-nessa-tarefa\" >O Office Impresso oferece as ferramentas certas para ajudar nessa tarefa<\/h1>\n<p style=\"text-align: center; color: #676767;\">Com a possibilidade de registro de ocorr\u00eancias, visualiza\u00e7\u00e3o dos equipamentos vinculados aos associados, lan\u00e7amentos financeiros e rateio de valores, a gest\u00e3o de sua Associa\u00e7\u00e3o se torna muito mais f\u00e1cil e eficiente.<\/p>\n<p>[\/vc_column_text][\/vc_column][vc_column width=&#8221;1\/2&#8243; offset=&#8221;vc_col-lg-6 vc_col-md-6 vc_hidden-sm vc_hidden-xs&#8221;][vc_single_image image=&#8221;9835&#8243; img_size=&#8221;200&#215;200&#8243; alignment=&#8221;center&#8221; css=&#8221;.vc_custom_1679666314571{margin-bottom: -35px !important;padding-right: 50px !important;padding-left: 50px !important;}&#8221;][vc_column_text css=&#8221;.vc_custom_1680618390550{padding-top: 25px !important;padding-right: 50px !important;padding-bottom: 25px !important;padding-left: 50px !important;}&#8221;]<\/p>\n<h1 style=\"font-size: 25px; text-align: center; line-height: 35px; color: #474747;\" id=\"administre-sua-associacao-de-forma-simples-e-eficiente\" >Administre sua Associa\u00e7\u00e3o de forma simples e eficiente<\/h1>\n<p style=\"text-align: center; color: #676767;\">O <strong>Office Impresso<\/strong> ainda permite a gera\u00e7\u00e3o de contribui\u00e7\u00f5es para manter as finan\u00e7as da Associa\u00e7\u00e3o sempre em dia. Simplifique a gest\u00e3o de sua Associa\u00e7\u00e3o com o <strong>Office Impresso!<\/strong><\/p>\n<p>[\/vc_column_text][\/vc_column][\/vc_row][vc_row full_width=&#8221;stretch_row_content&#8221; equal_height=&#8221;yes&#8221; css=&#8221;.vc_custom_1676920017047{background-color: #ffffff !important;}&#8221;][vc_column offset=&#8221;vc_hidden-lg vc_hidden-md vc_col-xs-12&#8243;][vc_single_image image=&#8221;10313&#8243; img_size=&#8221;200&#215;200&#8243; alignment=&#8221;center&#8221; css=&#8221;.vc_custom_1679665802485{margin-bottom: -35px !important;padding-right: 50px !important;padding-left: 50px !important;}&#8221;][vc_column_text css=&#8221;.vc_custom_1680618417973{padding-top: 25px !important;padding-right: 10px !important;padding-bottom: 25px !important;padding-left: 10px !important;}&#8221;]<\/p>\n<h1 style=\"font-size: 25px; text-align: center; line-height: 35px; color: #474747;\" id=\"o-office-impresso-oferece-as-ferramentas-certas-para-ajudar-nessa-tarefa\" >O Office Impresso oferece as ferramentas certas para ajudar nessa tarefa<\/h1>\n<p style=\"text-align: center; color: #676767;\">Com a possibilidade de registro de ocorr\u00eancias, visualiza\u00e7\u00e3o dos equipamentos vinculados aos associados, lan\u00e7amentos financeiros e rateio de valores, a gest\u00e3o de sua Associa\u00e7\u00e3o se torna muito mais f\u00e1cil e eficiente.<\/p>\n<p>[\/vc_column_text][\/vc_column][vc_column offset=&#8221;vc_hidden-lg vc_hidden-md vc_col-xs-12&#8243; css=&#8221;.vc_custom_1676920219749{background-color: #f4f4f4 !important;}&#8221;][vc_single_image image=&#8221;9835&#8243; img_size=&#8221;200&#215;200&#8243; alignment=&#8221;center&#8221; css=&#8221;.vc_custom_1679666314571{margin-bottom: -35px !important;padding-right: 50px !important;padding-left: 50px !important;}&#8221;][vc_column_text css=&#8221;.vc_custom_1680618442885{padding-top: 25px !important;padding-right: 10px !important;padding-bottom: 25px !important;padding-left: 10px !important;}&#8221;]<\/p>\n<h1 style=\"font-size: 25px; text-align: center; line-height: 35px; color: #474747;\" id=\"administre-sua-associacao-de-forma-simples-e-eficiente\" >Administre sua Associa\u00e7\u00e3o de forma simples e eficiente<\/h1>\n<p style=\"text-align: center; color: #676767;\">O <strong>Office Impresso<\/strong> ainda permite a gera\u00e7\u00e3o de contribui\u00e7\u00f5es para manter as finan\u00e7as da Associa\u00e7\u00e3o sempre em dia. Simplifique a gest\u00e3o de sua Associa\u00e7\u00e3o com o <strong>Office Impresso!<\/strong><\/p>\n<p>[\/vc_column_text][\/vc_column][\/vc_row]<\/p>\n","protected":false},"excerpt":{"rendered":"<p>[vc_row full_width=&#8221;stretch_row_content&#8221; css=&#8221;.vc_custom_1676920898231{margin-top: -70px !important;padding-bottom: 50px !important;background-position: center !important;background-repeat: no-repeat !important;background-size: cover !important;}&#8221;][vc_column css=&#8221;.vc_custom_1679663510273{background-image: url(https:\/\/oimpresso.com\/ajuda\/wp-content\/uploads\/2023\/03\/Associacao.png?id=10312) !important;background-position: center !important;background-repeat: no-repeat !important;background-size: cover !important;}&#8221; offset=&#8221;vc_hidden-md vc_hidden-sm vc_hidden-xs&#8221;][vc_column_text css=&#8221;.vc_custom_1680618071796{padding-right: 600px !important;padding-left: 50px !important;}&#8221;] Associa\u00e7\u00e3o [\/vc_column_text][vc_column_text css=&#8221;.vc_custom_1680618129937{padding-right: 650px !important;padding-left: 50px !important;}&#8221;] O Office Impresso te ajuda na administra\u00e7\u00e3o de sua Associa\u00e7\u00e3o, entregando as ferramentas necess\u00e1rias para a execu\u00e7\u00e3o de &hellip; <a href=\"https:\/\/oimpresso.com\/ajuda\/modulo-associacao\/\">Continued<\/a><\/p>\n","protected":false},"author":1,"featured_media":0,"parent":0,"menu_order":0,"comment_status":"closed","ping_status":"closed","template":"","meta":{"_bbp_topic_count":0,"_bbp_reply_count":0,"_bbp_total_topic_count":0,"_bbp_total_reply_count":0,"_bbp_voice_count":0,"_bbp_anonymous_reply_count":0,"_bbp_topic_count_hidden":0,"_bbp_reply_count_hidden":0,"_bbp_forum_subforum_count":0,"om_disable_all_campaigns":false,"_mi_skip_tracking":false},"yoast_head":"<!-- This site is optimized with the Yoast SEO plugin v20.5 - https:\/\/yoast.com\/wordpress\/plugins\/seo\/ -->\n<title>Associa\u00e7\u00e3o<\/title>\n<meta name=\"robots\" content=\"index, follow, max-snippet:-1, max-image-preview:large, max-video-preview:-1\" \/>\n<link rel=\"canonical\" href=\"https:\/\/oimpresso.com\/ajuda\/modulo-associacao\/\" \/>\n<meta property=\"og:locale\" content=\"pt_BR\" \/>\n<meta property=\"og:type\" content=\"article\" \/>\n<meta property=\"og:title\" content=\"Associa\u00e7\u00e3o\" \/>\n<meta property=\"og:description\" content=\"[vc_row full_width=&#8221;stretch_row_content&#8221; css=&#8221;.vc_custom_1676920898231{margin-top: -70px !important;padding-bottom: 50px !important;background-position: center !important;background-repeat: no-repeat !important;background-size: cover !important;}&#8221;][vc_column css=&#8221;.vc_custom_1679663510273{background-image: url(https:\/\/oimpresso.com\/ajuda\/wp-content\/uploads\/2023\/03\/Associacao.png?id=10312) !important;background-position: center !important;background-repeat: no-repeat !important;background-size: cover !important;}&#8221; offset=&#8221;vc_hidden-md vc_hidden-sm vc_hidden-xs&#8221;][vc_column_text css=&#8221;.vc_custom_1680618071796{padding-right: 600px !important;padding-left: 50px !important;}&#8221;] Associa\u00e7\u00e3o [\/vc_column_text][vc_column_text css=&#8221;.vc_custom_1680618129937{padding-right: 650px !important;padding-left: 50px !important;}&#8221;] O Office Impresso te ajuda na administra\u00e7\u00e3o de sua Associa\u00e7\u00e3o, entregando as ferramentas necess\u00e1rias para a execu\u00e7\u00e3o de &hellip; Continued\" \/>\n<meta property=\"og:url\" content=\"https:\/\/oimpresso.com\/ajuda\/modulo-associacao\/\" \/>\n<meta property=\"og:site_name\" content=\"Office Impresso\" \/>\n<meta property=\"article:modified_time\" content=\"2023-04-26T18:04:18+00:00\" \/>\n<meta name=\"twitter:card\" content=\"summary_large_image\" \/>\n<meta name=\"twitter:label1\" content=\"Est. tempo de leitura\" \/>\n\t<meta name=\"twitter:data1\" content=\"6 minutos\" \/>\n<script type=\"application\/ld+json\" class=\"yoast-schema-graph\">{\"@context\":\"https:\/\/schema.org\",\"@graph\":[{\"@type\":\"WebPage\",\"@id\":\"https:\/\/oimpresso.com\/ajuda\/modulo-associacao\/\",\"url\":\"https:\/\/oimpresso.com\/ajuda\/modulo-associacao\/\",\"name\":\"Associa\u00e7\u00e3o\",\"isPartOf\":{\"@id\":\"https:\/\/oimpresso.com\/ajuda\/#website\"},\"datePublished\":\"2022-08-17T11:02:04+00:00\",\"dateModified\":\"2023-04-26T18:04:18+00:00\",\"breadcrumb\":{\"@id\":\"https:\/\/oimpresso.com\/ajuda\/modulo-associacao\/#breadcrumb\"},\"inLanguage\":\"pt-BR\",\"potentialAction\":[{\"@type\":\"ReadAction\",\"target\":[\"https:\/\/oimpresso.com\/ajuda\/modulo-associacao\/\"]}]},{\"@type\":\"BreadcrumbList\",\"@id\":\"https:\/\/oimpresso.com\/ajuda\/modulo-associacao\/#breadcrumb\",\"itemListElement\":[{\"@type\":\"ListItem\",\"position\":1,\"name\":\"In\u00edcio\",\"item\":\"https:\/\/oimpresso.com\/ajuda\/\"},{\"@type\":\"ListItem\",\"position\":2,\"name\":\"Associa\u00e7\u00e3o\"}]},{\"@type\":\"WebSite\",\"@id\":\"https:\/\/oimpresso.com\/ajuda\/#website\",\"url\":\"https:\/\/oimpresso.com\/ajuda\/\",\"name\":\"Office Impresso\",\"description\":\"Portal de Ajuda\",\"publisher\":{\"@id\":\"https:\/\/oimpresso.com\/ajuda\/#organization\"},\"potentialAction\":[{\"@type\":\"SearchAction\",\"target\":{\"@type\":\"EntryPoint\",\"urlTemplate\":\"https:\/\/oimpresso.com\/ajuda\/?s={search_term_string}\"},\"query-input\":\"required name=search_term_string\"}],\"inLanguage\":\"pt-BR\"},{\"@type\":\"Organization\",\"@id\":\"https:\/\/oimpresso.com\/ajuda\/#organization\",\"name\":\"Office Impresso\",\"url\":\"https:\/\/oimpresso.com\/ajuda\/\",\"logo\":{\"@type\":\"ImageObject\",\"inLanguage\":\"pt-BR\",\"@id\":\"https:\/\/oimpresso.com\/ajuda\/#\/schema\/logo\/image\/\",\"url\":\"https:\/\/oimpresso.com\/ajuda\/wp-content\/uploads\/2023\/04\/LOGO-PRETA-Office-Impresso-e1680706829226.png\",\"contentUrl\":\"https:\/\/oimpresso.com\/ajuda\/wp-content\/uploads\/2023\/04\/LOGO-PRETA-Office-Impresso-e1680706829226.png\",\"width\":275,\"height\":77,\"caption\":\"Office Impresso\"},\"image\":{\"@id\":\"https:\/\/oimpresso.com\/ajuda\/#\/schema\/logo\/image\/\"}}]}<\/script>\n<!-- \/ Yoast SEO plugin. -->","yoast_head_json":{"title":"Associa\u00e7\u00e3o","robots":{"index":"index","follow":"follow","max-snippet":"max-snippet:-1","max-image-preview":"max-image-preview:large","max-video-preview":"max-video-preview:-1"},"canonical":"https:\/\/oimpresso.com\/ajuda\/modulo-associacao\/","og_locale":"pt_BR","og_type":"article","og_title":"Associa\u00e7\u00e3o","og_description":"[vc_row full_width=&#8221;stretch_row_content&#8221; css=&#8221;.vc_custom_1676920898231{margin-top: -70px !important;padding-bottom: 50px !important;background-position: center !important;background-repeat: no-repeat !important;background-size: cover !important;}&#8221;][vc_column css=&#8221;.vc_custom_1679663510273{background-image: url(https:\/\/oimpresso.com\/ajuda\/wp-content\/uploads\/2023\/03\/Associacao.png?id=10312) !important;background-position: center !important;background-repeat: no-repeat !important;background-size: cover !important;}&#8221; offset=&#8221;vc_hidden-md vc_hidden-sm vc_hidden-xs&#8221;][vc_column_text css=&#8221;.vc_custom_1680618071796{padding-right: 600px !important;padding-left: 50px !important;}&#8221;] Associa\u00e7\u00e3o [\/vc_column_text][vc_column_text css=&#8221;.vc_custom_1680618129937{padding-right: 650px !important;padding-left: 50px !important;}&#8221;] O Office Impresso te ajuda na administra\u00e7\u00e3o de sua Associa\u00e7\u00e3o, entregando as ferramentas necess\u00e1rias para a execu\u00e7\u00e3o de &hellip; Continued","og_url":"https:\/\/oimpresso.com\/ajuda\/modulo-associacao\/","og_site_name":"Office Impresso","article_modified_time":"2023-04-26T18:04:18+00:00","twitter_card":"summary_large_image","twitter_misc":{"Est. tempo de leitura":"6 minutos"},"schema":{"@context":"https:\/\/schema.org","@graph":[{"@type":"WebPage","@id":"https:\/\/oimpresso.com\/ajuda\/modulo-associacao\/","url":"https:\/\/oimpresso.com\/ajuda\/modulo-associacao\/","name":"Associa\u00e7\u00e3o","isPartOf":{"@id":"https:\/\/oimpresso.com\/ajuda\/#website"},"datePublished":"2022-08-17T11:02:04+00:00","dateModified":"2023-04-26T18:04:18+00:00","breadcrumb":{"@id":"https:\/\/oimpresso.com\/ajuda\/modulo-associacao\/#breadcrumb"},"inLanguage":"pt-BR","potentialAction":[{"@type":"ReadAction","target":["https:\/\/oimpresso.com\/ajuda\/modulo-associacao\/"]}]},{"@type":"BreadcrumbList","@id":"https:\/\/oimpresso.com\/ajuda\/modulo-associacao\/#breadcrumb","itemListElement":[{"@type":"ListItem","position":1,"name":"In\u00edcio","item":"https:\/\/oimpresso.com\/ajuda\/"},{"@type":"ListItem","position":2,"name":"Associa\u00e7\u00e3o"}]},{"@type":"WebSite","@id":"https:\/\/oimpresso.com\/ajuda\/#website","url":"https:\/\/oimpresso.com\/ajuda\/","name":"Office Impresso","description":"Portal de Ajuda","publisher":{"@id":"https:\/\/oimpresso.com\/ajuda\/#organization"},"potentialAction":[{"@type":"SearchAction","target":{"@type":"EntryPoint","urlTemplate":"https:\/\/oimpresso.com\/ajuda\/?s={search_term_string}"},"query-input":"required name=search_term_string"}],"inLanguage":"pt-BR"},{"@type":"Organization","@id":"https:\/\/oimpresso.com\/ajuda\/#organization","name":"Office Impresso","url":"https:\/\/oimpresso.com\/ajuda\/","logo":{"@type":"ImageObject","inLanguage":"pt-BR","@id":"https:\/\/oimpresso.com\/ajuda\/#\/schema\/logo\/image\/","url":"https:\/\/oimpresso.com\/ajuda\/wp-content\/uploads\/2023\/04\/LOGO-PRETA-Office-Impresso-e1680706829226.png","contentUrl":"https:\/\/oimpresso.com\/ajuda\/wp-content\/uploads\/2023\/04\/LOGO-PRETA-Office-Impresso-e1680706829226.png","width":275,"height":77,"caption":"Office Impresso"},"image":{"@id":"https:\/\/oimpresso.com\/ajuda\/#\/schema\/logo\/image\/"}}]}},"_links":{"self":[{"href":"https:\/\/oimpresso.com\/ajuda\/wp-json\/wp\/v2\/pages\/6340"}],"collection":[{"href":"https:\/\/oimpresso.com\/ajuda\/wp-json\/wp\/v2\/pages"}],"about":[{"href":"https:\/\/oimpresso.com\/ajuda\/wp-json\/wp\/v2\/types\/page"}],"author":[{"embeddable":true,"href":"https:\/\/oimpresso.com\/ajuda\/wp-json\/wp\/v2\/users\/1"}],"replies":[{"embeddable":true,"href":"https:\/\/oimpresso.com\/ajuda\/wp-json\/wp\/v2\/comments?post=6340"}],"version-history":[{"count":15,"href":"https:\/\/oimpresso.com\/ajuda\/wp-json\/wp\/v2\/pages\/6340\/revisions"}],"predecessor-version":[{"id":10919,"href":"https:\/\/oimpresso.com\/ajuda\/wp-json\/wp\/v2\/pages\/6340\/revisions\/10919"}],"wp:attachment":[{"href":"https:\/\/oimpresso.com\/ajuda\/wp-json\/wp\/v2\/media?parent=6340"}],"curies":[{"name":"wp","href":"https:\/\/api.w.org\/{rel}","templated":true}]}}