{"id":6222,"date":"2022-08-15T08:15:02","date_gmt":"2022-08-15T11:15:02","guid":{"rendered":"https:\/\/oimpresso.com\/ajuda\/?page_id=6222"},"modified":"2023-04-26T14:58:27","modified_gmt":"2023-04-26T17:58:27","slug":"modulo-fabricacao","status":"publish","type":"page","link":"https:\/\/oimpresso.com\/ajuda\/modulo-fabricacao\/","title":{"rendered":"Fabrica\u00e7\u00e3o"},"content":{"rendered":"\n<p><em>A fabrica\u00e7\u00e3o \u00e9 o processo de convers\u00e3o de mat\u00e9rias-primas \u00e0 m\u00e3o ou por m\u00e1quina em produtos finais, que podem ser vendidos ao cliente.<\/em><\/p>\n\n\n\n<p>A fabrica\u00e7\u00e3o tem 2 etapas principais:<\/p>\n\n\n\n<ol><li><strong>Composi\u00e7\u00e3o<\/strong>\u00a0: A composi\u00e7\u00e3o especifica a mat\u00e9ria-prima ou as mat\u00e9rias primas nas quantidades exatas que devem ser utilizados para a fabrica\u00e7\u00e3o do produto final.\u00a0Para a fabrica\u00e7\u00e3o de um produto s\u00e3o seguidas as instru\u00e7\u00f5es padr\u00e3o onde os materiais ou mat\u00e9rias-primas s\u00e3o processados \u200b\u200bem quantidades exatas para se ter um produto final de qualidade.<\/li><li><strong>Produ\u00e7\u00e3o:<\/strong>\u00a0Com base na receita adicionada aos produtos, na produ\u00e7\u00e3o mostra a quantidade total de todas as mat\u00e9rias-primas necess\u00e1rias para a fabrica\u00e7\u00e3o N quantidade do produto.<\/li><\/ol>\n\n\n\n<p>Pode haver outras etapas, como c\u00e1lculos de custos, c\u00e1lculos de desperd\u00edcio, aloca\u00e7\u00e3o de n\u00fameros de lote e validade para o produto fabricado.<\/p>\n\n\n\n<p><strong>C\u00e1lculos de custo:<br><\/strong>O custo do produto final depende do custo da mat\u00e9ria-prima, custo de produ\u00e7\u00e3o (custo de m\u00e3o de obra, custo de maquin\u00e1rio, custo de combust\u00edvel para m\u00e1quinas como Gasolina\/GLP\/Eletricidade) e Desperd\u00edcios.&nbsp;Al\u00e9m disso, o pre\u00e7o de venda ter\u00e1 alguma porcentagem de lucro adicionada a esse custo de fabrica\u00e7\u00e3o.<\/p>\n\n\n\n<p><strong>C\u00e1lculos de Desperd\u00edcio:<br><\/strong>O desperd\u00edcio pode ser de mat\u00e9ria-prima ou produto final manufaturado.<br><em>O desperd\u00edcio de mat\u00e9ria-prima pode ser como, por exemplo, se pegarmos couve-flor, ela precisa ser limpa removendo folhas e caules, isso vai para o desperd\u00edcio porque \u00e9 jogado fora e n\u00e3o \u00e9 usado.<\/em><br>O produto fabricado \u00e0s vezes pode ser desperdi\u00e7ado por vazamento ou m\u00e1 qualidade ou algumas outras causas impar\u00e1veis.<\/p>\n\n\n\n<p><strong>N\u00famero do lote:<\/strong><br>Geralmente a maioria dos itens fabricados possui n\u00famero de lote que permite o rastreamento das partes ou ingredientes constituintes, bem como registros de m\u00e3o de obra e equipamentos envolvidos na fabrica\u00e7\u00e3o do produto.&nbsp;Isso permite que fabricantes e outras entidades realizem verifica\u00e7\u00f5es de controle de qualidade e emitam corre\u00e7\u00f5es ou recuperem informa\u00e7\u00f5es para subconjuntos de sua produ\u00e7\u00e3o.&nbsp;Tamb\u00e9m fornece aos consumidores um identificador que eles podem usar para entrar em contato com o fabricante e pesquisar a produ\u00e7\u00e3o dos bens recebidos.<\/p>\n\n\n\n<p><strong>Data de validade:<\/strong><br>Produtos aliment\u00edcios, produtos farmac\u00eauticos, cosm\u00e9ticos e muitos outros produtos manufaturados em que a idade do produto pode afetar seu uso seguro t\u00eam uma data de validade adicionada.&nbsp;Uma data de validade ou data de validade ou data de validade ou data de validade \u00e9 uma data previamente determinada ap\u00f3s a qual o produto n\u00e3o deve mais ser usado.<\/p>\n\n\n\n<p><strong>O m\u00f3dulo de fabrica\u00e7\u00e3o ajuda com todo esse gerenciamento de forma f\u00e1cil.&nbsp;<\/strong><\/p>\n\n\n\n<p><strong>Confira a\u00a0<\/strong>Documenta\u00e7\u00e3o<\/p>\n\n\n\n<p>Al\u00e9m disso, tamb\u00e9m temos Permiss\u00e3o e Fun\u00e7\u00f5es para ajud\u00e1-lo a restringir o acesso dos usu\u00e1rios a alguns recursos.<\/p>\n\n\n\n<p>Configura\u00e7\u00f5es: Configura\u00e7\u00f5es<br>adicionais s\u00e3o fornecidas para habilitar ou desabilitar a edi\u00e7\u00e3o da quantidade da composi\u00e7\u00e3o ao fazer a produ\u00e7\u00e3o.<br>Tamb\u00e9m o prefixo pode ser adicionado ao n\u00famero de refer\u00eancia de produ\u00e7\u00e3o.<\/p>\n\n\n\n<p><\/p>\n\n\n\n<h2 id=\"criando-composicao\" >Criando composi\u00e7\u00e3o:<\/h2>\n\n\n\n<ol><li>Para adicionar uma nova Composi\u00e7\u00e3o, v\u00e1 para Fabrica\u00e7\u00e3o -&gt; Composi\u00e7\u00e3o<\/li><li>Clique no bot\u00e3o Adicionar, ele abrir\u00e1 um pop-up,<\/li><li><strong>Escolher Produto:<\/strong>&nbsp;selecione o produto para o qual deseja adicionar uma composi\u00e7\u00e3o<\/li><li><strong>Copiar da composi\u00e7\u00e3o: (opcional)&nbsp;<\/strong>&nbsp;escolha o produto cuja composi\u00e7\u00e3o ser\u00e1 copiada para o produto escolhido.&nbsp;Voc\u00ea pode usar esta op\u00e7\u00e3o para copiar rapidamente uma composi\u00e7\u00e3o de outro produto e fazer pequenas altera\u00e7\u00f5es conforme necess\u00e1rio.<\/li><li>Adicione todos os ingredientes\/mat\u00e9rias-primas, porcentagem de desperd\u00edcio e quantidade final.<br>A porcentagem de desperd\u00edcio mencionada aqui \u00e9 o desperd\u00edcio para os ingredientes crus que acontece quando o ingrediente \u00e9 limpo, por exemplo, no repolho, algum % \u00e9 desperdi\u00e7ado quando as folhas e caules s\u00e3o removidos.&nbsp;Se a mat\u00e9ria-prima que voc\u00ea est\u00e1 usando n\u00e3o tiver desperd\u00edcio voc\u00ea pode manter 0%, que \u00e9 o padr\u00e3o.<br><strong>Ingredientes brutos:&nbsp;<\/strong>&nbsp;Os ingredientes brutos s\u00e3o retirados da lista de produtos.&nbsp;Voc\u00ea pode marcar um ingrediente bruto como &#8220;N\u00e3o \u00e0 venda&#8221; se n\u00e3o for usado para venda individualmente.&nbsp;Por exemplo, alguns ingredientes crus como manteiga podem ser vendidos, outros n\u00e3o.<\/li><li><strong>% Desperd\u00edcio:<\/strong>&nbsp;&nbsp;Informe o desperd\u00edcio do produto final que pode ocorrer por m\u00e1 qualidade ou outros motivos.<\/li><li><strong>Quantidade total de sa\u00edda:<\/strong>&nbsp;quantidade de sa\u00edda para a qual voc\u00ea inseriu a composi\u00e7\u00e3o.<\/li><li><strong>Custo de Produ\u00e7\u00e3o:<\/strong>&nbsp;Verifique o custo de produ\u00e7\u00e3o conforme descrito abaixo.<\/li><li><strong>Instru\u00e7\u00f5es da Composi\u00e7\u00e3o:<\/strong>&nbsp;Passos a serem seguidos para a produ\u00e7\u00e3o do produto final a partir dos ingredientes.<\/li><\/ol>\n\n\n\n<h2 id=\"custo-de-producao\" >Custo de produ\u00e7\u00e3o:<\/h2>\n\n\n\n<ol><li><strong>Fixo:&nbsp;<\/strong>&nbsp;Se o custo for fixo, um valor fixo ser\u00e1 usado como custo de produ\u00e7\u00e3o.<\/li><li><strong>Porcentagem:<\/strong>&nbsp;Se for porcentagem, a porcentagem do custo dos ingredientes \u00e9 considerada como custo de produ\u00e7\u00e3o.<\/li><li><strong>Por Unidade:<\/strong>&nbsp;Neste caso, o custo total de produ\u00e7\u00e3o \u00e9 multiplicado pela quantidade total produzida<\/li><\/ol>\n\n\n\n<h2 id=\"adicionando-producao\" >Adicionando Produ\u00e7\u00e3o:<\/h2>\n\n\n\n<ol><li>Para adicionar produ\u00e7\u00e3o v\u00e1 para Fabrica\u00e7\u00e3o -&gt; Adicionar Produ\u00e7\u00e3o<\/li><li><strong>N\u00famero de refer\u00eancia:<\/strong>&nbsp;n\u00famero de refer\u00eancia opcional, voc\u00ea pode mant\u00ea-lo em branco para ger\u00e1-lo automaticamente.<\/li><li><strong>Local Comercial:<\/strong>&nbsp;Selecione o local comercial onde a produ\u00e7\u00e3o \u00e9 feita.&nbsp;Os estoques de ingredientes brutos ser\u00e3o deduzidos deste local e o estoque final de produtos fabricados ser\u00e1 adicionado a este local.<\/li><li><strong>Produto:<\/strong>&nbsp;Selecione o produto para fabrica\u00e7\u00e3o.&nbsp;com base no produto selecionado, ele exibir\u00e1 todos os ingredientes brutos da composi\u00e7\u00e3o adicionados.<\/li><li><strong>Quantidade:<\/strong>&nbsp;Quantidade de produto final a ser fabricado.&nbsp;Com base nisso, a quantidade de ingredientes brutos ser\u00e1 calculada a partir da composi\u00e7\u00e3o.<\/li><li><strong>Quantidade de entrada:<\/strong>&nbsp;quantidade de entrada de ingredientes brutos que ser\u00e3o utilizados para a produ\u00e7\u00e3o.<\/li><li><strong>Percentual de Desperd\u00edcio: Percentual<\/strong>&nbsp;de desperd\u00edcio de ingredientes crus.&nbsp;Por exemplo, se voc\u00ea pegou 1 KG de repolho e 200 gramas \u00e9 desperd\u00edcio, ent\u00e3o a porcentagem de desperd\u00edcio \u00e9 20%, ent\u00e3o 800 gramas ser\u00e1 a quantidade final.<\/li><li><strong>Quantidade final:<\/strong>&nbsp;Quantidade de entrada &#8211; Percentual de desperd\u00edcio<\/li><li><strong>Quantidade desperdi\u00e7ada: Quantidade desperdi\u00e7ada<\/strong>&nbsp;do produto final por qualquer motivo.<\/li><li><strong>Custo de Produ\u00e7\u00e3o:<\/strong>&nbsp;Verifique o custo de produ\u00e7\u00e3o conforme descrito abaixo.<\/li><li><strong>Caixa de sele\u00e7\u00e3o Finalizar:<\/strong>&nbsp;Marque esta caixa de sele\u00e7\u00e3o para finalizar a produ\u00e7\u00e3o, isso remover\u00e1 o estoque de mat\u00e9rias-primas e adicionar\u00e1 estoques para os produtos fabricados.&nbsp;Ap\u00f3s finalizar a produ\u00e7\u00e3o n\u00e3o pode ser editada.<\/li><\/ol>\n\n\n\n<h2 id=\"definicoes\" >Defini\u00e7\u00f5es:<\/h2>\n\n\n\n<ol><li><strong>Prefixo do n\u00ba de refer\u00eancia de produ\u00e7\u00e3o :<\/strong>&nbsp;N\u00famero do prefixo quando o n\u00famero de refer\u00eancia de produ\u00e7\u00e3o \u00e9 gerado automaticamente.<\/li><li><strong>Desativar a edi\u00e7\u00e3o de quantidade de ingredientes:<\/strong>&nbsp;desative a edi\u00e7\u00e3o de ingredientes ao adicionar a produ\u00e7\u00e3o, isso pode ajudar a restringir a edi\u00e7\u00e3o de ingredientes crus pela equipe<\/li><\/ol>\n\n\n\n<h1 id=\"permissoes\" >Permiss\u00f5es:<\/h1>\n\n\n\n<p>Nova permiss\u00e3o para Visualizar\/Adicionar\/Editar para composi\u00e7\u00e3o e produ\u00e7\u00e3o estar\u00e1 dispon\u00edvel ao criar uma fun\u00e7\u00e3o.<\/p>\n","protected":false},"excerpt":{"rendered":"<p>A fabrica\u00e7\u00e3o \u00e9 o processo de convers\u00e3o de mat\u00e9rias-primas \u00e0 m\u00e3o ou por m\u00e1quina em produtos finais, que podem ser vendidos ao cliente. A fabrica\u00e7\u00e3o tem 2 etapas principais: Composi\u00e7\u00e3o\u00a0: A composi\u00e7\u00e3o especifica a mat\u00e9ria-prima ou as mat\u00e9rias primas nas quantidades exatas que devem ser utilizados para a fabrica\u00e7\u00e3o do produto final.\u00a0Para a fabrica\u00e7\u00e3o de &hellip; <a href=\"https:\/\/oimpresso.com\/ajuda\/modulo-fabricacao\/\">Continued<\/a><\/p>\n","protected":false},"author":1,"featured_media":0,"parent":0,"menu_order":0,"comment_status":"closed","ping_status":"closed","template":"","meta":{"_bbp_topic_count":0,"_bbp_reply_count":0,"_bbp_total_topic_count":0,"_bbp_total_reply_count":0,"_bbp_voice_count":0,"_bbp_anonymous_reply_count":0,"_bbp_topic_count_hidden":0,"_bbp_reply_count_hidden":0,"_bbp_forum_subforum_count":0,"om_disable_all_campaigns":false,"_mi_skip_tracking":false},"yoast_head":"<!-- This site is optimized with the Yoast SEO plugin v20.5 - https:\/\/yoast.com\/wordpress\/plugins\/seo\/ -->\n<title>Fabrica\u00e7\u00e3o<\/title>\n<meta name=\"robots\" content=\"index, follow, max-snippet:-1, max-image-preview:large, max-video-preview:-1\" \/>\n<link rel=\"canonical\" href=\"https:\/\/oimpresso.com\/ajuda\/modulo-fabricacao\/\" \/>\n<meta property=\"og:locale\" content=\"pt_BR\" \/>\n<meta property=\"og:type\" content=\"article\" \/>\n<meta property=\"og:title\" content=\"Fabrica\u00e7\u00e3o\" \/>\n<meta property=\"og:description\" content=\"A fabrica\u00e7\u00e3o \u00e9 o processo de convers\u00e3o de mat\u00e9rias-primas \u00e0 m\u00e3o ou por m\u00e1quina em produtos finais, que podem ser vendidos ao cliente. A fabrica\u00e7\u00e3o tem 2 etapas principais: Composi\u00e7\u00e3o\u00a0: A composi\u00e7\u00e3o especifica a mat\u00e9ria-prima ou as mat\u00e9rias primas nas quantidades exatas que devem ser utilizados para a fabrica\u00e7\u00e3o do produto final.\u00a0Para a fabrica\u00e7\u00e3o de &hellip; Continued\" \/>\n<meta property=\"og:url\" content=\"https:\/\/oimpresso.com\/ajuda\/modulo-fabricacao\/\" \/>\n<meta property=\"og:site_name\" content=\"Office Impresso\" \/>\n<meta property=\"article:modified_time\" content=\"2023-04-26T17:58:27+00:00\" \/>\n<meta name=\"twitter:card\" content=\"summary_large_image\" \/>\n<meta name=\"twitter:label1\" content=\"Est. tempo de leitura\" \/>\n\t<meta name=\"twitter:data1\" content=\"6 minutos\" \/>\n<script type=\"application\/ld+json\" class=\"yoast-schema-graph\">{\"@context\":\"https:\/\/schema.org\",\"@graph\":[{\"@type\":\"WebPage\",\"@id\":\"https:\/\/oimpresso.com\/ajuda\/modulo-fabricacao\/\",\"url\":\"https:\/\/oimpresso.com\/ajuda\/modulo-fabricacao\/\",\"name\":\"Fabrica\u00e7\u00e3o\",\"isPartOf\":{\"@id\":\"https:\/\/oimpresso.com\/ajuda\/#website\"},\"datePublished\":\"2022-08-15T11:15:02+00:00\",\"dateModified\":\"2023-04-26T17:58:27+00:00\",\"breadcrumb\":{\"@id\":\"https:\/\/oimpresso.com\/ajuda\/modulo-fabricacao\/#breadcrumb\"},\"inLanguage\":\"pt-BR\",\"potentialAction\":[{\"@type\":\"ReadAction\",\"target\":[\"https:\/\/oimpresso.com\/ajuda\/modulo-fabricacao\/\"]}]},{\"@type\":\"BreadcrumbList\",\"@id\":\"https:\/\/oimpresso.com\/ajuda\/modulo-fabricacao\/#breadcrumb\",\"itemListElement\":[{\"@type\":\"ListItem\",\"position\":1,\"name\":\"In\u00edcio\",\"item\":\"https:\/\/oimpresso.com\/ajuda\/\"},{\"@type\":\"ListItem\",\"position\":2,\"name\":\"Fabrica\u00e7\u00e3o\"}]},{\"@type\":\"WebSite\",\"@id\":\"https:\/\/oimpresso.com\/ajuda\/#website\",\"url\":\"https:\/\/oimpresso.com\/ajuda\/\",\"name\":\"Office Impresso\",\"description\":\"Portal de Ajuda\",\"publisher\":{\"@id\":\"https:\/\/oimpresso.com\/ajuda\/#organization\"},\"potentialAction\":[{\"@type\":\"SearchAction\",\"target\":{\"@type\":\"EntryPoint\",\"urlTemplate\":\"https:\/\/oimpresso.com\/ajuda\/?s={search_term_string}\"},\"query-input\":\"required name=search_term_string\"}],\"inLanguage\":\"pt-BR\"},{\"@type\":\"Organization\",\"@id\":\"https:\/\/oimpresso.com\/ajuda\/#organization\",\"name\":\"Office Impresso\",\"url\":\"https:\/\/oimpresso.com\/ajuda\/\",\"logo\":{\"@type\":\"ImageObject\",\"inLanguage\":\"pt-BR\",\"@id\":\"https:\/\/oimpresso.com\/ajuda\/#\/schema\/logo\/image\/\",\"url\":\"https:\/\/oimpresso.com\/ajuda\/wp-content\/uploads\/2023\/04\/LOGO-PRETA-Office-Impresso-e1680706829226.png\",\"contentUrl\":\"https:\/\/oimpresso.com\/ajuda\/wp-content\/uploads\/2023\/04\/LOGO-PRETA-Office-Impresso-e1680706829226.png\",\"width\":275,\"height\":77,\"caption\":\"Office Impresso\"},\"image\":{\"@id\":\"https:\/\/oimpresso.com\/ajuda\/#\/schema\/logo\/image\/\"}}]}<\/script>\n<!-- \/ Yoast SEO plugin. -->","yoast_head_json":{"title":"Fabrica\u00e7\u00e3o","robots":{"index":"index","follow":"follow","max-snippet":"max-snippet:-1","max-image-preview":"max-image-preview:large","max-video-preview":"max-video-preview:-1"},"canonical":"https:\/\/oimpresso.com\/ajuda\/modulo-fabricacao\/","og_locale":"pt_BR","og_type":"article","og_title":"Fabrica\u00e7\u00e3o","og_description":"A fabrica\u00e7\u00e3o \u00e9 o processo de convers\u00e3o de mat\u00e9rias-primas \u00e0 m\u00e3o ou por m\u00e1quina em produtos finais, que podem ser vendidos ao cliente. A fabrica\u00e7\u00e3o tem 2 etapas principais: Composi\u00e7\u00e3o\u00a0: A composi\u00e7\u00e3o especifica a mat\u00e9ria-prima ou as mat\u00e9rias primas nas quantidades exatas que devem ser utilizados para a fabrica\u00e7\u00e3o do produto final.\u00a0Para a fabrica\u00e7\u00e3o de &hellip; Continued","og_url":"https:\/\/oimpresso.com\/ajuda\/modulo-fabricacao\/","og_site_name":"Office Impresso","article_modified_time":"2023-04-26T17:58:27+00:00","twitter_card":"summary_large_image","twitter_misc":{"Est. tempo de leitura":"6 minutos"},"schema":{"@context":"https:\/\/schema.org","@graph":[{"@type":"WebPage","@id":"https:\/\/oimpresso.com\/ajuda\/modulo-fabricacao\/","url":"https:\/\/oimpresso.com\/ajuda\/modulo-fabricacao\/","name":"Fabrica\u00e7\u00e3o","isPartOf":{"@id":"https:\/\/oimpresso.com\/ajuda\/#website"},"datePublished":"2022-08-15T11:15:02+00:00","dateModified":"2023-04-26T17:58:27+00:00","breadcrumb":{"@id":"https:\/\/oimpresso.com\/ajuda\/modulo-fabricacao\/#breadcrumb"},"inLanguage":"pt-BR","potentialAction":[{"@type":"ReadAction","target":["https:\/\/oimpresso.com\/ajuda\/modulo-fabricacao\/"]}]},{"@type":"BreadcrumbList","@id":"https:\/\/oimpresso.com\/ajuda\/modulo-fabricacao\/#breadcrumb","itemListElement":[{"@type":"ListItem","position":1,"name":"In\u00edcio","item":"https:\/\/oimpresso.com\/ajuda\/"},{"@type":"ListItem","position":2,"name":"Fabrica\u00e7\u00e3o"}]},{"@type":"WebSite","@id":"https:\/\/oimpresso.com\/ajuda\/#website","url":"https:\/\/oimpresso.com\/ajuda\/","name":"Office Impresso","description":"Portal de Ajuda","publisher":{"@id":"https:\/\/oimpresso.com\/ajuda\/#organization"},"potentialAction":[{"@type":"SearchAction","target":{"@type":"EntryPoint","urlTemplate":"https:\/\/oimpresso.com\/ajuda\/?s={search_term_string}"},"query-input":"required name=search_term_string"}],"inLanguage":"pt-BR"},{"@type":"Organization","@id":"https:\/\/oimpresso.com\/ajuda\/#organization","name":"Office Impresso","url":"https:\/\/oimpresso.com\/ajuda\/","logo":{"@type":"ImageObject","inLanguage":"pt-BR","@id":"https:\/\/oimpresso.com\/ajuda\/#\/schema\/logo\/image\/","url":"https:\/\/oimpresso.com\/ajuda\/wp-content\/uploads\/2023\/04\/LOGO-PRETA-Office-Impresso-e1680706829226.png","contentUrl":"https:\/\/oimpresso.com\/ajuda\/wp-content\/uploads\/2023\/04\/LOGO-PRETA-Office-Impresso-e1680706829226.png","width":275,"height":77,"caption":"Office Impresso"},"image":{"@id":"https:\/\/oimpresso.com\/ajuda\/#\/schema\/logo\/image\/"}}]}},"_links":{"self":[{"href":"https:\/\/oimpresso.com\/ajuda\/wp-json\/wp\/v2\/pages\/6222"}],"collection":[{"href":"https:\/\/oimpresso.com\/ajuda\/wp-json\/wp\/v2\/pages"}],"about":[{"href":"https:\/\/oimpresso.com\/ajuda\/wp-json\/wp\/v2\/types\/page"}],"author":[{"embeddable":true,"href":"https:\/\/oimpresso.com\/ajuda\/wp-json\/wp\/v2\/users\/1"}],"replies":[{"embeddable":true,"href":"https:\/\/oimpresso.com\/ajuda\/wp-json\/wp\/v2\/comments?post=6222"}],"version-history":[{"count":5,"href":"https:\/\/oimpresso.com\/ajuda\/wp-json\/wp\/v2\/pages\/6222\/revisions"}],"predecessor-version":[{"id":7673,"href":"https:\/\/oimpresso.com\/ajuda\/wp-json\/wp\/v2\/pages\/6222\/revisions\/7673"}],"wp:attachment":[{"href":"https:\/\/oimpresso.com\/ajuda\/wp-json\/wp\/v2\/media?parent=6222"}],"curies":[{"name":"wp","href":"https:\/\/api.w.org\/{rel}","templated":true}]}}