{"id":1510,"date":"2021-11-15T21:25:09","date_gmt":"2021-11-16T00:25:09","guid":{"rendered":"https:\/\/oimpresso.com\/suporte\/about-us\/"},"modified":"2023-04-20T17:20:55","modified_gmt":"2023-04-20T20:20:55","slug":"quem-somos","status":"publish","type":"page","link":"https:\/\/oimpresso.com\/ajuda\/quem-somos\/","title":{"rendered":"Quem Somos?"},"content":{"rendered":"<p>[vc_row full_width=&#8221;stretch_row_content&#8221; css=&#8221;.vc_custom_1680026536072{margin-top: -70px !important;}&#8221;][vc_column css=&#8221;.vc_custom_1680033620861{background-image: url(https:\/\/oimpresso.com\/ajuda\/wp-content\/uploads\/2023\/03\/Bloquinhos-Office-Impresso-3.png?id=10429) !important;background-position: center !important;background-repeat: no-repeat !important;background-size: cover !important;}&#8221;][vc_empty_space height=&#8221;165&#8243;][vc_column_text css=&#8221;.vc_custom_1680023275416{margin-top: 15px !important;margin-left: 75px !important;}&#8221;]<\/p>\n<h1 style=\"font-size: 110px; color: #474747; text-align: center;\" id=\"sobre-nos\" >Sobre n\u00f3s<\/h1>\n<p style=\"font-size: 25px; color: #676767; text-align: center; line-height: 1.3;\">Precisa de um app para a gest\u00e3o de sua empresa?<br \/>\nCom nosso Office Impresso podemos ajud\u00e1-lo[\/vc_column_text][vc_empty_space height=&#8221;150&#8243;][\/vc_column][\/vc_row][vc_row full_width=&#8221;stretch_row_content&#8221; css=&#8221;.vc_custom_1680027174960{margin-bottom: 50px !important;background-color: #f4f4f4 !important;}&#8221;][vc_column width=&#8221;1\/2&#8243;][vc_empty_space height=&#8221;125&#8243;][vc_column_text css_animation=&#8221;none&#8221; css=&#8221;.vc_custom_1680292211728{margin-right: 50px !important;margin-left: 50px !important;}&#8221;]<\/p>\n<h1 style=\"font-size: 40px; color: #474747; text-align: center;\" id=\"quem-somos\" >Quem somos?<\/h1>\n<p style=\"color: #676767; font-size: 25px; line-height: 1.2; text-align: center;\">A <strong>WR2 <\/strong>traz ao mercado uma poderosa ferramenta de gest\u00e3o empresarial para o setor de comunica\u00e7\u00e3o visual com o<br \/>\nsistema <strong>Office Impresso<\/strong>. Com mais de 20 anos de experi\u00eancia sempre buscando inovar no mercado, uma equipe de profissionais treinados para garantir um servi\u00e7o de qualidade e bom atendimento, e o resultado \u00e9 a satisfa\u00e7\u00e3o de nossos cliente.<\/p>\n<p>[\/vc_column_text][\/vc_column][vc_column width=&#8221;1\/2&#8243;][vc_column_text css_animation=&#8221;none&#8221; css=&#8221;.vc_custom_1680026795277{margin-top: -50px !important;margin-right: 50px !important;margin-left: -150px !important;}&#8221;]<img decoding=\"async\" style=\"border: none; position: relative; text-align: center; max-height: 1200px; max-width: 1000px;\" src=\"https:\/\/oimpresso.com\/ajuda\/wp-content\/uploads\/2023\/03\/Gerencie-Funcionarios.png;\" \/>[\/vc_column_text][\/vc_column][\/vc_row][vc_row full_width=&#8221;stretch_row_content&#8221; css=&#8221;.vc_custom_1679940741082{margin-top: 70px !important;}&#8221;][vc_column width=&#8221;1\/2&#8243;][vc_column_text css_animation=&#8221;none&#8221; css=&#8221;.vc_custom_1680027058378{margin-top: -180px !important;margin-right: 50px !important;margin-left: -150px !important;}&#8221;]<img decoding=\"async\" style=\"border: none; position: relative; text-align: center; max-height: 1200px; max-width: 1000px;\" src=\"https:\/\/oimpresso.com\/ajuda\/wp-content\/uploads\/2023\/03\/Interface-2.png&quot;\" \/>[\/vc_column_text][\/vc_column][vc_column width=&#8221;1\/2&#8243;][vc_empty_space height=&#8221;150&#8243;][vc_column_text css_animation=&#8221;none&#8221; css=&#8221;.vc_custom_1680292226202{margin-right: 50px !important;margin-left: 50px !important;}&#8221;]<\/p>\n<h1 style=\"font-size: 40px; text-align: center; color: #474747;\" id=\"interface\" >Interface<\/h1>\n<p style=\"font-size: 25px; line-height: 1.2; text-align: center; color: #676767;\">Com o <strong>Office Impresso<\/strong>, as empresas de comunica\u00e7\u00e3o visual poder\u00e3o gerenciar de forma mais eficiente seus processos de produ\u00e7\u00e3o, controle de estoque, vendas e faturamento, entre outras \u00e1reas importantes do neg\u00f3cio. O sistema foi desenvolvido com as mais recentes tecnologias e oferece uma interface amig\u00e1vel e intuitiva, facilitando a gest\u00e3o e tomada de decis\u00f5es.<\/p>\n<p>[\/vc_column_text][\/vc_column][\/vc_row][vc_row full_width=&#8221;stretch_row_content&#8221; css=&#8221;.vc_custom_1680027019667{margin-bottom: -70px !important;background-color: #f4f4f4 !important;}&#8221;][vc_column width=&#8221;1\/2&#8243;][vc_empty_space height=&#8221;150&#8243;][vc_column_text css_animation=&#8221;none&#8221; css=&#8221;.vc_custom_1680292270496{margin-right: 50px !important;margin-left: 50px !important;}&#8221;]<\/p>\n<h1 style=\"font-size: 4opx; text-align: center; color: #474747;\" id=\"assistencia\" >Assist\u00eancia<\/h1>\n<p style=\"font-size: 25px; line-height: 1.2; text-align: center; color: #676767;\">A equipe da <strong>WR2 <\/strong>est\u00e1 sempre pronta para ajudar seus clientes a tirarem o m\u00e1ximo proveito do <strong>Office Impresso<\/strong>, oferecendo suporte t\u00e9cnico, treinamento e consultoria personalizados. A satisfa\u00e7\u00e3o dos clientes \u00e9 uma das principais prioridades da <strong>WR2<\/strong>, e a empresa se orgulha de sua reputa\u00e7\u00e3o de excel\u00eancia em qualidade de servi\u00e7o e atendimento ao cliente.<\/p>\n<p>[\/vc_column_text][\/vc_column][vc_column width=&#8221;1\/2&#8243;][vc_column_text css_animation=&#8221;none&#8221; css=&#8221;.vc_custom_1680026817205{margin-top: -50px !important;margin-right: 50px !important;margin-left: -150px !important;}&#8221;]<img decoding=\"async\" style=\"border: none; position: relative; text-align: center; max-height: 1200px; max-width: 1000px;\" src=\"https:\/\/oimpresso.com\/ajuda\/wp-content\/uploads\/2023\/03\/Suporte-Tecnico.png;\" \/>[\/vc_column_text][\/vc_column][\/vc_row]<\/p>\n","protected":false},"excerpt":{"rendered":"<p>[vc_row full_width=&#8221;stretch_row_content&#8221; css=&#8221;.vc_custom_1680026536072{margin-top: -70px !important;}&#8221;][vc_column css=&#8221;.vc_custom_1680033620861{background-image: url(https:\/\/oimpresso.com\/ajuda\/wp-content\/uploads\/2023\/03\/Bloquinhos-Office-Impresso-3.png?id=10429) !important;background-position: center !important;background-repeat: no-repeat !important;background-size: cover !important;}&#8221;][vc_empty_space height=&#8221;165&#8243;][vc_column_text css=&#8221;.vc_custom_1680023275416{margin-top: 15px !important;margin-left: 75px !important;}&#8221;] Sobre n\u00f3s Precisa de um app para a gest\u00e3o de sua empresa? Com nosso Office Impresso podemos ajud\u00e1-lo[\/vc_column_text][vc_empty_space height=&#8221;150&#8243;][\/vc_column][\/vc_row][vc_row full_width=&#8221;stretch_row_content&#8221; css=&#8221;.vc_custom_1680027174960{margin-bottom: 50px !important;background-color: #f4f4f4 !important;}&#8221;][vc_column width=&#8221;1\/2&#8243;][vc_empty_space height=&#8221;125&#8243;][vc_column_text css_animation=&#8221;none&#8221; css=&#8221;.vc_custom_1680292211728{margin-right: 50px !important;margin-left: 50px !important;}&#8221;] Quem somos? &hellip; <a href=\"https:\/\/oimpresso.com\/ajuda\/quem-somos\/\">Continued<\/a><\/p>\n","protected":false},"author":2,"featured_media":0,"parent":0,"menu_order":0,"comment_status":"closed","ping_status":"closed","template":"","meta":{"_bbp_topic_count":0,"_bbp_reply_count":0,"_bbp_total_topic_count":0,"_bbp_total_reply_count":0,"_bbp_voice_count":0,"_bbp_anonymous_reply_count":0,"_bbp_topic_count_hidden":0,"_bbp_reply_count_hidden":0,"_bbp_forum_subforum_count":0,"om_disable_all_campaigns":false,"_mi_skip_tracking":false},"yoast_head":"<!-- This site is optimized with the Yoast SEO plugin v20.5 - https:\/\/yoast.com\/wordpress\/plugins\/seo\/ -->\n<title>Quem Somos?<\/title>\n<meta name=\"robots\" content=\"index, follow, max-snippet:-1, max-image-preview:large, max-video-preview:-1\" \/>\n<link rel=\"canonical\" href=\"https:\/\/oimpresso.com\/ajuda\/quem-somos\/\" \/>\n<meta property=\"og:locale\" content=\"pt_BR\" \/>\n<meta property=\"og:type\" content=\"article\" \/>\n<meta property=\"og:title\" content=\"Quem Somos?\" \/>\n<meta property=\"og:description\" content=\"[vc_row full_width=&#8221;stretch_row_content&#8221; css=&#8221;.vc_custom_1680026536072{margin-top: -70px !important;}&#8221;][vc_column css=&#8221;.vc_custom_1680033620861{background-image: url(https:\/\/oimpresso.com\/ajuda\/wp-content\/uploads\/2023\/03\/Bloquinhos-Office-Impresso-3.png?id=10429) !important;background-position: center !important;background-repeat: no-repeat !important;background-size: cover !important;}&#8221;][vc_empty_space height=&#8221;165&#8243;][vc_column_text css=&#8221;.vc_custom_1680023275416{margin-top: 15px !important;margin-left: 75px !important;}&#8221;] Sobre n\u00f3s Precisa de um app para a gest\u00e3o de sua empresa? Com nosso Office Impresso podemos ajud\u00e1-lo[\/vc_column_text][vc_empty_space height=&#8221;150&#8243;][\/vc_column][\/vc_row][vc_row full_width=&#8221;stretch_row_content&#8221; css=&#8221;.vc_custom_1680027174960{margin-bottom: 50px !important;background-color: #f4f4f4 !important;}&#8221;][vc_column width=&#8221;1\/2&#8243;][vc_empty_space height=&#8221;125&#8243;][vc_column_text css_animation=&#8221;none&#8221; css=&#8221;.vc_custom_1680292211728{margin-right: 50px !important;margin-left: 50px !important;}&#8221;] Quem somos? &hellip; Continued\" \/>\n<meta property=\"og:url\" content=\"https:\/\/oimpresso.com\/ajuda\/quem-somos\/\" \/>\n<meta property=\"og:site_name\" content=\"Office Impresso\" \/>\n<meta property=\"article:modified_time\" content=\"2023-04-20T20:20:55+00:00\" \/>\n<meta property=\"og:image\" content=\"https:\/\/oimpresso.com\/ajuda\/wp-content\/uploads\/2023\/03\/Gerencie-Funcionarios.png;\" \/>\n<meta name=\"twitter:card\" content=\"summary_large_image\" \/>\n<meta name=\"twitter:label1\" content=\"Est. tempo de leitura\" \/>\n\t<meta name=\"twitter:data1\" content=\"2 minutos\" \/>\n<script type=\"application\/ld+json\" class=\"yoast-schema-graph\">{\"@context\":\"https:\/\/schema.org\",\"@graph\":[{\"@type\":\"WebPage\",\"@id\":\"https:\/\/oimpresso.com\/ajuda\/quem-somos\/\",\"url\":\"https:\/\/oimpresso.com\/ajuda\/quem-somos\/\",\"name\":\"Quem Somos?\",\"isPartOf\":{\"@id\":\"https:\/\/oimpresso.com\/ajuda\/#website\"},\"datePublished\":\"2021-11-16T00:25:09+00:00\",\"dateModified\":\"2023-04-20T20:20:55+00:00\",\"breadcrumb\":{\"@id\":\"https:\/\/oimpresso.com\/ajuda\/quem-somos\/#breadcrumb\"},\"inLanguage\":\"pt-BR\",\"potentialAction\":[{\"@type\":\"ReadAction\",\"target\":[\"https:\/\/oimpresso.com\/ajuda\/quem-somos\/\"]}]},{\"@type\":\"BreadcrumbList\",\"@id\":\"https:\/\/oimpresso.com\/ajuda\/quem-somos\/#breadcrumb\",\"itemListElement\":[{\"@type\":\"ListItem\",\"position\":1,\"name\":\"In\u00edcio\",\"item\":\"https:\/\/oimpresso.com\/ajuda\/\"},{\"@type\":\"ListItem\",\"position\":2,\"name\":\"Quem Somos?\"}]},{\"@type\":\"WebSite\",\"@id\":\"https:\/\/oimpresso.com\/ajuda\/#website\",\"url\":\"https:\/\/oimpresso.com\/ajuda\/\",\"name\":\"Office Impresso\",\"description\":\"Portal de Ajuda\",\"publisher\":{\"@id\":\"https:\/\/oimpresso.com\/ajuda\/#organization\"},\"potentialAction\":[{\"@type\":\"SearchAction\",\"target\":{\"@type\":\"EntryPoint\",\"urlTemplate\":\"https:\/\/oimpresso.com\/ajuda\/?s={search_term_string}\"},\"query-input\":\"required name=search_term_string\"}],\"inLanguage\":\"pt-BR\"},{\"@type\":\"Organization\",\"@id\":\"https:\/\/oimpresso.com\/ajuda\/#organization\",\"name\":\"Office Impresso\",\"url\":\"https:\/\/oimpresso.com\/ajuda\/\",\"logo\":{\"@type\":\"ImageObject\",\"inLanguage\":\"pt-BR\",\"@id\":\"https:\/\/oimpresso.com\/ajuda\/#\/schema\/logo\/image\/\",\"url\":\"https:\/\/oimpresso.com\/ajuda\/wp-content\/uploads\/2023\/04\/LOGO-PRETA-Office-Impresso-e1680706829226.png\",\"contentUrl\":\"https:\/\/oimpresso.com\/ajuda\/wp-content\/uploads\/2023\/04\/LOGO-PRETA-Office-Impresso-e1680706829226.png\",\"width\":275,\"height\":77,\"caption\":\"Office Impresso\"},\"image\":{\"@id\":\"https:\/\/oimpresso.com\/ajuda\/#\/schema\/logo\/image\/\"}}]}<\/script>\n<!-- \/ Yoast SEO plugin. -->","yoast_head_json":{"title":"Quem Somos?","robots":{"index":"index","follow":"follow","max-snippet":"max-snippet:-1","max-image-preview":"max-image-preview:large","max-video-preview":"max-video-preview:-1"},"canonical":"https:\/\/oimpresso.com\/ajuda\/quem-somos\/","og_locale":"pt_BR","og_type":"article","og_title":"Quem Somos?","og_description":"[vc_row full_width=&#8221;stretch_row_content&#8221; css=&#8221;.vc_custom_1680026536072{margin-top: -70px !important;}&#8221;][vc_column css=&#8221;.vc_custom_1680033620861{background-image: url(https:\/\/oimpresso.com\/ajuda\/wp-content\/uploads\/2023\/03\/Bloquinhos-Office-Impresso-3.png?id=10429) !important;background-position: center !important;background-repeat: no-repeat !important;background-size: cover !important;}&#8221;][vc_empty_space height=&#8221;165&#8243;][vc_column_text css=&#8221;.vc_custom_1680023275416{margin-top: 15px !important;margin-left: 75px !important;}&#8221;] Sobre n\u00f3s Precisa de um app para a gest\u00e3o de sua empresa? Com nosso Office Impresso podemos ajud\u00e1-lo[\/vc_column_text][vc_empty_space height=&#8221;150&#8243;][\/vc_column][\/vc_row][vc_row full_width=&#8221;stretch_row_content&#8221; css=&#8221;.vc_custom_1680027174960{margin-bottom: 50px !important;background-color: #f4f4f4 !important;}&#8221;][vc_column width=&#8221;1\/2&#8243;][vc_empty_space height=&#8221;125&#8243;][vc_column_text css_animation=&#8221;none&#8221; css=&#8221;.vc_custom_1680292211728{margin-right: 50px !important;margin-left: 50px !important;}&#8221;] Quem somos? &hellip; Continued","og_url":"https:\/\/oimpresso.com\/ajuda\/quem-somos\/","og_site_name":"Office Impresso","article_modified_time":"2023-04-20T20:20:55+00:00","og_image":[{"url":"https:\/\/oimpresso.com\/ajuda\/wp-content\/uploads\/2023\/03\/Gerencie-Funcionarios.png;"}],"twitter_card":"summary_large_image","twitter_misc":{"Est. tempo de leitura":"2 minutos"},"schema":{"@context":"https:\/\/schema.org","@graph":[{"@type":"WebPage","@id":"https:\/\/oimpresso.com\/ajuda\/quem-somos\/","url":"https:\/\/oimpresso.com\/ajuda\/quem-somos\/","name":"Quem Somos?","isPartOf":{"@id":"https:\/\/oimpresso.com\/ajuda\/#website"},"datePublished":"2021-11-16T00:25:09+00:00","dateModified":"2023-04-20T20:20:55+00:00","breadcrumb":{"@id":"https:\/\/oimpresso.com\/ajuda\/quem-somos\/#breadcrumb"},"inLanguage":"pt-BR","potentialAction":[{"@type":"ReadAction","target":["https:\/\/oimpresso.com\/ajuda\/quem-somos\/"]}]},{"@type":"BreadcrumbList","@id":"https:\/\/oimpresso.com\/ajuda\/quem-somos\/#breadcrumb","itemListElement":[{"@type":"ListItem","position":1,"name":"In\u00edcio","item":"https:\/\/oimpresso.com\/ajuda\/"},{"@type":"ListItem","position":2,"name":"Quem Somos?"}]},{"@type":"WebSite","@id":"https:\/\/oimpresso.com\/ajuda\/#website","url":"https:\/\/oimpresso.com\/ajuda\/","name":"Office Impresso","description":"Portal de Ajuda","publisher":{"@id":"https:\/\/oimpresso.com\/ajuda\/#organization"},"potentialAction":[{"@type":"SearchAction","target":{"@type":"EntryPoint","urlTemplate":"https:\/\/oimpresso.com\/ajuda\/?s={search_term_string}"},"query-input":"required name=search_term_string"}],"inLanguage":"pt-BR"},{"@type":"Organization","@id":"https:\/\/oimpresso.com\/ajuda\/#organization","name":"Office Impresso","url":"https:\/\/oimpresso.com\/ajuda\/","logo":{"@type":"ImageObject","inLanguage":"pt-BR","@id":"https:\/\/oimpresso.com\/ajuda\/#\/schema\/logo\/image\/","url":"https:\/\/oimpresso.com\/ajuda\/wp-content\/uploads\/2023\/04\/LOGO-PRETA-Office-Impresso-e1680706829226.png","contentUrl":"https:\/\/oimpresso.com\/ajuda\/wp-content\/uploads\/2023\/04\/LOGO-PRETA-Office-Impresso-e1680706829226.png","width":275,"height":77,"caption":"Office Impresso"},"image":{"@id":"https:\/\/oimpresso.com\/ajuda\/#\/schema\/logo\/image\/"}}]}},"_links":{"self":[{"href":"https:\/\/oimpresso.com\/ajuda\/wp-json\/wp\/v2\/pages\/1510"}],"collection":[{"href":"https:\/\/oimpresso.com\/ajuda\/wp-json\/wp\/v2\/pages"}],"about":[{"href":"https:\/\/oimpresso.com\/ajuda\/wp-json\/wp\/v2\/types\/page"}],"author":[{"embeddable":true,"href":"https:\/\/oimpresso.com\/ajuda\/wp-json\/wp\/v2\/users\/2"}],"replies":[{"embeddable":true,"href":"https:\/\/oimpresso.com\/ajuda\/wp-json\/wp\/v2\/comments?post=1510"}],"version-history":[{"count":61,"href":"https:\/\/oimpresso.com\/ajuda\/wp-json\/wp\/v2\/pages\/1510\/revisions"}],"predecessor-version":[{"id":11138,"href":"https:\/\/oimpresso.com\/ajuda\/wp-json\/wp\/v2\/pages\/1510\/revisions\/11138"}],"wp:attachment":[{"href":"https:\/\/oimpresso.com\/ajuda\/wp-json\/wp\/v2\/media?parent=1510"}],"curies":[{"name":"wp","href":"https:\/\/api.w.org\/{rel}","templated":true}]}}